{"id":17303,"date":"2025-01-02T17:51:09","date_gmt":"2025-01-02T14:51:09","guid":{"rendered":"https:\/\/akerkimya.com\/eticaret\/?post_type=product&#038;p=17303"},"modified":"2026-05-11T10:07:31","modified_gmt":"2026-05-11T07:07:31","slug":"toz-kopuk-kesici","status":"publish","type":"product","link":"https:\/\/akerkimya.com\/eticaret\/urun\/toz-kopuk-kesici\/","title":{"rendered":"TOZ K\u00d6P\u00dcK KES\u0130C\u0130"},"content":{"rendered":"<h1>TOZ K\u00d6P\u00dcK KES\u0130C\u0130<\/h1>\n<p><strong>Toz K\u00f6p\u00fck Kesiciler\u00a0(k\u00f6p\u00fck gidericiler), bir sol\u00fcsyonun veya em\u00fclsiyonun y\u00fczey gerilimini azaltarak k\u00f6p\u00fck olu\u015fturmas\u0131n\u0131 \u00f6nceden \u00f6nleyen katk\u0131 maddeleridir.Genelde kullan\u0131lan k\u00f6p\u00fck kesiciler,\u00e7\u00f6z\u00fcnmez ya\u011flar, dimetil polisiloksanlar, di\u011fer silikonlar,baz\u0131 alkoller, stearatlar ve glikollerdir. K\u00f6p\u00fck kesiciler, hem k\u00f6p\u00fck olu\u015fumunu engellemek amac\u0131yla, hem de var olan k\u00f6p\u00fc\u011f\u00fc yok etmek amac\u0131yla kullan\u0131labilirler.<\/strong><\/p>\n<p><strong>\u00a0<\/strong><\/p>\n<p><strong>TOZ K\u00d6P\u00dcK KES\u0130C\u0130 TEKN\u0130K\u00a0\u00d6ZELL\u0130KLER\u00a0<\/strong><\/p>\n<p><strong>CAS NO\u00a0 :119-53-9<\/strong><\/p>\n<p><strong>ER\u0130ME NOKTASI:133 C<\/strong><\/p>\n<p><strong>KAYNAMA NOKTASI:344 C<\/strong><\/p>\n<p><strong>G\u00d6R\u00dcN\u00dcM :Beyaz veya a\u00e7\u0131k sar\u0131 toz<\/strong><\/p>\n<p><strong>YO\u011eUNLUK\u00a0: 0,27-0,35(200 gr\/cm3)<\/strong><\/p>\n<p><strong>PH\u00a0 \u00a0 \u00a0 \u00a0 \u00a0 : (%10 \u00e7\u00f6zeltide)8-9<\/strong><\/p>\n<p><strong>\u00c7\u00d6Z\u00dcN\u00dcRL\u00dcK : Suda\u00a0 \u00e7\u00f6z\u00fcn\u00fcr<\/strong><\/p>\n<p><strong>DOZAJ: % 0,2-0,6<\/strong><\/p>\n<p><strong>\u00a0<\/strong><\/p>\n<p><strong>TOZ \u00a0K\u00d6P\u00dcK KES\u0130C\u0130 \u00d6ZELL\u0130KLER\u0130<\/strong><\/p>\n<p><strong>Toz yap\u0131 malzemeleri \u00fcretiminde kullan\u0131mda olu\u015fabilecek k\u00f6p\u00fc\u011f\u00fc kontrol etmek maksad\u0131yla kullan\u0131l\u0131r.<\/strong><\/p>\n<p><strong>Toz K\u00f6p\u00fck Kesici kullan\u0131m i\u00e7in \u00f6zel bir y\u00f6ntem gerektirmez.<\/strong><\/p>\n<p><strong>Toz halinde bulunur ve kullan\u0131m\u0131 kolayd\u0131r.<\/strong><\/p>\n<p><strong>\u00d6nerilen kullan\u0131m miktar\u0131 re\u00e7eteye ba\u011fl\u0131 olarak %0,2 -% 6 .Fakat en ideal \u00f6l\u00e7\u00fc labarovatuvar\u00a0 ortam\u0131nda yap\u0131lan \u00e7al\u0131\u015fmalar\u0131n sonucunda belirlenmelidir.<\/strong><\/p>\n<p><strong>\u00a0<\/strong><\/p>\n<p><strong>KULLANIM ALANLARI<\/strong><\/p>\n<p><strong>\u00c7imento esasl\u0131 kar\u0131\u015f\u0131mlarda, pompalama ve s\u0131vama esnas\u0131nda olu\u015fan bo\u015fluklar\u0131 doldurarak, s\u00fcr\u00fcklenen havan\u0131n ortadan kalkmas\u0131na ve k\u00f6p\u00fck olu\u015fumunun kontrol\u00fcne yard\u0131mc\u0131 olur.<\/strong><\/p>\n<p><strong>Toz K\u00f6p\u00fck Kesici, hava kabarc\u0131klar\u0131n\u0131n ve k\u00f6p\u00fck olu\u015fumunun engellenmesi sayesinde \u00e7imento veya betonda ya\u015fanan a\u015f\u0131r\u0131 daralma gibi di\u011fer dezavantajlar\u0131 engeller. Ayn\u0131 zamanda s\u0131zd\u0131rmazl\u0131\u011f\u0131n artmas\u0131na da yard\u0131mc\u0131 olur.<\/strong><\/p>\n<p><strong>Toz kaplamalarda i\u011fne deli\u011fi hava kabarc\u0131\u011f\u0131n\u0131 ortadan kald\u0131r\u0131r. Her t\u00fcrl\u00fc toz boya ve kaplamalarda kullan\u0131labilir.<\/strong><\/p>\n<p><strong>\u00a0<\/strong><\/p>\n<p><strong>AMBALAJ <\/strong><\/p>\n<p><strong>1-5-15 kg torbalar halinde <\/strong><\/p>\n<p><strong>\u00a0<\/strong><\/p>\n<p><strong>DEPOLAMA <\/strong><\/p>\n<p><strong>Serin ve nem olmayan yerde kapal\u0131 ambalajlarda muhafaza edilmelidir. <\/strong><\/p>\n<p><strong>\u00a0<\/strong><\/p>\n","protected":false},"excerpt":{"rendered":"<p>TOZ K\u00d6P\u00dcK KES\u0130C\u0130 Toz K\u00f6p\u00fck Kesiciler\u00a0(k\u00f6p\u00fck gidericiler), bir sol\u00fcsyonun veya em\u00fclsiyonun y\u00fczey gerilimini azaltarak k\u00f6p\u00fck olu\u015fturmas\u0131n\u0131 \u00f6nceden \u00f6nleyen katk\u0131 maddeleridir.Genelde<\/p>\n","protected":false},"featured_media":17304,"comment_status":"open","ping_status":"closed","template":"","meta":{"_joinchat":[]},"product_cat":[70],"product_tag":[],"class_list":{"0":"post-17303","1":"product","2":"type-product","3":"status-publish","4":"has-post-thumbnail","6":"product_cat-boya-ve-yapi-kimyasallar","8":"first","9":"instock","10":"shipping-taxable","11":"purchasable","12":"product-type-variable"},"yoast_head":"<!-- This site is optimized with the Yoast SEO Premium plugin v20.2.1 (Yoast SEO v20.2.1) - https:\/\/yoast.com\/wordpress\/plugins\/seo\/ -->\n<title>TOZ K\u00d6P\u00dcK KES\u0130C\u0130 - Akerkimya<\/title>\n<meta name=\"robots\" content=\"index, follow, max-snippet:-1, max-image-preview:large, max-video-preview:-1\" \/>\n<link rel=\"canonical\" href=\"https:\/\/akerkimya.com\/eticaret\/urun\/toz-kopuk-kesici\/\" \/>\n<meta property=\"og:locale\" content=\"tr_TR\" \/>\n<meta property=\"og:type\" content=\"article\" \/>\n<meta property=\"og:title\" content=\"TOZ K\u00d6P\u00dcK KES\u0130C\u0130\" \/>\n<meta property=\"og:description\" content=\"TOZ K\u00d6P\u00dcK KES\u0130C\u0130 Toz K\u00f6p\u00fck Kesiciler\u00a0(k\u00f6p\u00fck gidericiler), bir sol\u00fcsyonun veya em\u00fclsiyonun y\u00fczey gerilimini azaltarak k\u00f6p\u00fck olu\u015fturmas\u0131n\u0131 \u00f6nceden \u00f6nleyen katk\u0131 maddeleridir.Genelde\" \/>\n<meta property=\"og:url\" content=\"https:\/\/akerkimya.com\/eticaret\/urun\/toz-kopuk-kesici\/\" \/>\n<meta property=\"og:site_name\" content=\"Akerkimya\" \/>\n<meta property=\"article:modified_time\" content=\"2026-05-11T07:07:31+00:00\" \/>\n<meta property=\"og:image\" content=\"https:\/\/akerkimya.com\/eticaret\/wp-content\/uploads\/2025\/01\/TOZ-KOPUK-KESICI-GUNCEL-.png\" \/>\n\t<meta property=\"og:image:width\" content=\"1000\" \/>\n\t<meta property=\"og:image:height\" content=\"1000\" \/>\n\t<meta property=\"og:image:type\" content=\"image\/png\" \/>\n<meta name=\"twitter:card\" content=\"summary_large_image\" \/>\n<meta name=\"twitter:label1\" content=\"Tahmini okuma s\u00fcresi\" \/>\n\t<meta name=\"twitter:data1\" content=\"2 dakika\" \/>\n<script type=\"application\/ld+json\" class=\"yoast-schema-graph\">{\"@context\":\"https:\/\/schema.org\",\"@graph\":[{\"@type\":\"WebPage\",\"@id\":\"https:\/\/akerkimya.com\/eticaret\/urun\/toz-kopuk-kesici\/\",\"url\":\"https:\/\/akerkimya.com\/eticaret\/urun\/toz-kopuk-kesici\/\",\"name\":\"TOZ K\u00d6P\u00dcK KES\u0130C\u0130 - Akerkimya\",\"isPartOf\":{\"@id\":\"https:\/\/akerkimya.com\/eticaret\/#website\"},\"datePublished\":\"2025-01-02T14:51:09+00:00\",\"dateModified\":\"2026-05-11T07:07:31+00:00\",\"breadcrumb\":{\"@id\":\"https:\/\/akerkimya.com\/eticaret\/urun\/toz-kopuk-kesici\/#breadcrumb\"},\"inLanguage\":\"tr\",\"potentialAction\":[{\"@type\":\"ReadAction\",\"target\":[\"https:\/\/akerkimya.com\/eticaret\/urun\/toz-kopuk-kesici\/\"]}]},{\"@type\":\"BreadcrumbList\",\"@id\":\"https:\/\/akerkimya.com\/eticaret\/urun\/toz-kopuk-kesici\/#breadcrumb\",\"itemListElement\":[{\"@type\":\"ListItem\",\"position\":1,\"name\":\"Home\",\"item\":\"https:\/\/akerkimya.com\/eticaret\/\"},{\"@type\":\"ListItem\",\"position\":2,\"name\":\"Market\",\"item\":\"https:\/\/akerkimya.com\/eticaret\/market\/\"},{\"@type\":\"ListItem\",\"position\":3,\"name\":\"TOZ K\u00d6P\u00dcK KES\u0130C\u0130\"}]},{\"@type\":\"WebSite\",\"@id\":\"https:\/\/akerkimya.com\/eticaret\/#website\",\"url\":\"https:\/\/akerkimya.com\/eticaret\/\",\"name\":\"Akerkimya\",\"description\":\"\",\"potentialAction\":[{\"@type\":\"SearchAction\",\"target\":{\"@type\":\"EntryPoint\",\"urlTemplate\":\"https:\/\/akerkimya.com\/eticaret\/?s={search_term_string}\"},\"query-input\":\"required name=search_term_string\"}],\"inLanguage\":\"tr\"}]}<\/script>\n<!-- \/ Yoast SEO Premium plugin. -->","yoast_head_json":{"title":"TOZ K\u00d6P\u00dcK KES\u0130C\u0130 - Akerkimya","robots":{"index":"index","follow":"follow","max-snippet":"max-snippet:-1","max-image-preview":"max-image-preview:large","max-video-preview":"max-video-preview:-1"},"canonical":"https:\/\/akerkimya.com\/eticaret\/urun\/toz-kopuk-kesici\/","og_locale":"tr_TR","og_type":"article","og_title":"TOZ K\u00d6P\u00dcK KES\u0130C\u0130","og_description":"TOZ K\u00d6P\u00dcK KES\u0130C\u0130 Toz K\u00f6p\u00fck Kesiciler\u00a0(k\u00f6p\u00fck gidericiler), bir sol\u00fcsyonun veya em\u00fclsiyonun y\u00fczey gerilimini azaltarak k\u00f6p\u00fck olu\u015fturmas\u0131n\u0131 \u00f6nceden \u00f6nleyen katk\u0131 maddeleridir.Genelde","og_url":"https:\/\/akerkimya.com\/eticaret\/urun\/toz-kopuk-kesici\/","og_site_name":"Akerkimya","article_modified_time":"2026-05-11T07:07:31+00:00","og_image":[{"width":1000,"height":1000,"url":"https:\/\/akerkimya.com\/eticaret\/wp-content\/uploads\/2025\/01\/TOZ-KOPUK-KESICI-GUNCEL-.png","type":"image\/png"}],"twitter_card":"summary_large_image","twitter_misc":{"Tahmini okuma s\u00fcresi":"2 dakika"},"schema":{"@context":"https:\/\/schema.org","@graph":[{"@type":"WebPage","@id":"https:\/\/akerkimya.com\/eticaret\/urun\/toz-kopuk-kesici\/","url":"https:\/\/akerkimya.com\/eticaret\/urun\/toz-kopuk-kesici\/","name":"TOZ K\u00d6P\u00dcK KES\u0130C\u0130 - Akerkimya","isPartOf":{"@id":"https:\/\/akerkimya.com\/eticaret\/#website"},"datePublished":"2025-01-02T14:51:09+00:00","dateModified":"2026-05-11T07:07:31+00:00","breadcrumb":{"@id":"https:\/\/akerkimya.com\/eticaret\/urun\/toz-kopuk-kesici\/#breadcrumb"},"inLanguage":"tr","potentialAction":[{"@type":"ReadAction","target":["https:\/\/akerkimya.com\/eticaret\/urun\/toz-kopuk-kesici\/"]}]},{"@type":"BreadcrumbList","@id":"https:\/\/akerkimya.com\/eticaret\/urun\/toz-kopuk-kesici\/#breadcrumb","itemListElement":[{"@type":"ListItem","position":1,"name":"Home","item":"https:\/\/akerkimya.com\/eticaret\/"},{"@type":"ListItem","position":2,"name":"Market","item":"https:\/\/akerkimya.com\/eticaret\/market\/"},{"@type":"ListItem","position":3,"name":"TOZ K\u00d6P\u00dcK KES\u0130C\u0130"}]},{"@type":"WebSite","@id":"https:\/\/akerkimya.com\/eticaret\/#website","url":"https:\/\/akerkimya.com\/eticaret\/","name":"Akerkimya","description":"","potentialAction":[{"@type":"SearchAction","target":{"@type":"EntryPoint","urlTemplate":"https:\/\/akerkimya.com\/eticaret\/?s={search_term_string}"},"query-input":"required name=search_term_string"}],"inLanguage":"tr"}]}},"_links":{"self":[{"href":"https:\/\/akerkimya.com\/eticaret\/wp-json\/wp\/v2\/product\/17303","targetHints":{"allow":["GET"]}}],"collection":[{"href":"https:\/\/akerkimya.com\/eticaret\/wp-json\/wp\/v2\/product"}],"about":[{"href":"https:\/\/akerkimya.com\/eticaret\/wp-json\/wp\/v2\/types\/product"}],"replies":[{"embeddable":true,"href":"https:\/\/akerkimya.com\/eticaret\/wp-json\/wp\/v2\/comments?post=17303"}],"version-history":[{"count":2,"href":"https:\/\/akerkimya.com\/eticaret\/wp-json\/wp\/v2\/product\/17303\/revisions"}],"predecessor-version":[{"id":19139,"href":"https:\/\/akerkimya.com\/eticaret\/wp-json\/wp\/v2\/product\/17303\/revisions\/19139"}],"wp:featuredmedia":[{"embeddable":true,"href":"https:\/\/akerkimya.com\/eticaret\/wp-json\/wp\/v2\/media\/17304"}],"wp:attachment":[{"href":"https:\/\/akerkimya.com\/eticaret\/wp-json\/wp\/v2\/media?parent=17303"}],"wp:term":[{"taxonomy":"product_cat","embeddable":true,"href":"https:\/\/akerkimya.com\/eticaret\/wp-json\/wp\/v2\/product_cat?post=17303"},{"taxonomy":"product_tag","embeddable":true,"href":"https:\/\/akerkimya.com\/eticaret\/wp-json\/wp\/v2\/product_tag?post=17303"}],"curies":[{"name":"wp","href":"https:\/\/api.w.org\/{rel}","templated":true}]}}