{"id":17309,"date":"2025-01-02T17:53:50","date_gmt":"2025-01-02T14:53:50","guid":{"rendered":"https:\/\/akerkimya.com\/eticaret\/?post_type=product&#038;p=17309"},"modified":"2026-03-30T02:24:10","modified_gmt":"2026-03-29T23:24:10","slug":"toz-polimer","status":"publish","type":"product","link":"https:\/\/akerkimya.com\/eticaret\/urun\/toz-polimer\/","title":{"rendered":"TOZ POL\u0130MER"},"content":{"rendered":"<h1>TOZ POL\u0130MER <\/h1>\n<p><strong>Polimer zincir halinde bulunur ve ba\u011flay\u0131c\u0131 g\u00f6revi g\u00f6r\u00fcr. Hidrolik ba\u011flay\u0131c\u0131lar i\u00e7eren kar\u0131\u015f\u0131mlar\u0131 de\u011fi\u015ftirmek i\u00e7in kullan\u0131l\u0131r. \u00d6zel kimyasal fiziksel yap\u0131s\u0131 nedeniyle a\u00e7\u0131k s\u00fcreyi uzat\u0131r ve suyun i\u00e7eri\u011fini kar\u0131\u015f\u0131mlara d\u00fc\u015f\u00fcr\u00fcr. Yap\u0131lan kar\u0131\u015f\u0131mlara iyi bir i\u015flenebilirlik sa\u011flar.<\/strong><\/p>\n<p><strong>Polimer esas olarak in\u015faat malzemeleri i\u00e7in kullan\u0131l\u0131r. Is\u0131 yal\u0131t\u0131m\u0131, fayans yap\u0131\u015ft\u0131r\u0131c\u0131lar, tamir har\u00e7lar\u0131, duvar macunu vb.<\/strong><\/p>\n<p><strong>TOZ POL\u0130MER TEKN\u0130K \u00d6ZELL\u0130KLER\u00a0 \u00a0 \u00a0 \u00a0 \u00a0\u00a0<\/strong><\/p>\n<p><strong>G\u00d6R\u00dcN\u00dcM: Beyaz toz<\/strong><\/p>\n<p><strong>K\u0130MYASAL ADI\u00a0: RPP<\/strong><\/p>\n<p><strong>KATI \u0130\u00c7ER\u0130K\u00a0:%97-99<\/strong><\/p>\n<p><strong>PH\u00a0:7.0-8.0<\/strong><\/p>\n<p><strong>PAR\u00c7ACIK BOYUTU\u00a0:&gt;90<\/strong><\/p>\n<p><strong>K\u00dcTLE YO\u011eUNLUK\u00a0 :500<\/strong><\/p>\n<p><strong>K\u00dcL \u0130\u00c7ER\u0130\u011e\u0130\u00a0\u00a0: 10% \u00b1 2<\/strong><\/p>\n<p><strong>TOZ POL\u0130MER KULLANIM ALANLARI<\/strong><\/p>\n<p><strong>S\u0131va bazl\u0131 malzemeler i\u00e7in bir kaplama maddesi, yap\u0131\u015ft\u0131r\u0131c\u0131 veya doldurma maddesi olarak kullan\u0131l\u0131r.<\/strong><\/p>\n<p><strong>TOZ POL\u0130MER, d\u0131\u015f duvar s\u0131va ve dekoratif har\u00e7 i\u00e7in kullan\u0131l\u0131r.<\/strong><\/p>\n<p><strong>Y\u00fcksek esneklik istenen \u00e7imento bazl\u0131 \u00f6zel \u00fcr\u00fcnlerde kullan\u0131l\u0131r.<\/strong><\/p>\n<p><strong>Har\u00e7, yap\u0131\u015fma, k\u0131r\u0131lma mukavemeti, plastikle\u015ftirme, a\u015f\u0131nmaya dayan\u0131kl\u0131 performans ve har\u00e7 yap\u0131s\u0131n\u0131n har\u00e7 mekanik \u00f6zelliklerini art\u0131rmak ve esneklik istenen \u00fcr\u00fcnler i\u00e7in daha g\u00fc\u00e7l\u00fc bir esneklik sa\u011flar.<\/strong><\/p>\n<p><strong>TOZ POL\u0130MER, \u00f6zel performans harc\u0131 katk\u0131 maddesini elde etmek ve mekanik \u00f6zelli\u011fi ve har\u00e7 yap\u0131s\u0131n\u0131 geli\u015ftirmek i\u00e7in m\u00fckemmel uyumlulu\u011fa sahiptir.<\/strong><\/p>\n<p><strong>Tamir, s\u0131va, yap\u0131\u015ft\u0131rma ve zemin harc\u0131 vb. i\u00e7in kullan\u0131l\u0131r ve \u00e7ok fonksiyonlu em\u00fclsiyon tozu uygulamas\u0131n\u0131n bo\u015fluklar\u0131n\u0131 doldurur.<\/strong><\/p>\n<p><strong>TOZ POL\u0130MER, d\u00fc\u015f\u00fck s\u0131cakl\u0131kta iyi yap\u0131\u015ft\u0131r\u0131c\u0131 mukavemeti, m\u00fckemmel alkali direnci, hava direnci, donma \u00e7\u00f6z\u00fclme direnci ve m\u00fckemmel esnekli\u011fe sahiptir<\/strong><\/p>\n<p><strong>AMBALAJ <\/strong><\/p>\n<p><strong>1-5-25 kg torbalar halinde <\/strong><\/p>\n<p><strong>\u00a0<\/strong><\/p>\n<p><strong>DEPOLAMA <\/strong><\/p>\n<p><strong>Serin ve nem olmayan yerde kapal\u0131 ambalajlarda muhafaza edilmelidir. <\/strong><\/p>\n<p><strong>\u00a0<\/strong><\/p>\n","protected":false},"excerpt":{"rendered":"<p>TOZ POL\u0130MER Polimer zincir halinde bulunur ve ba\u011flay\u0131c\u0131 g\u00f6revi g\u00f6r\u00fcr. Hidrolik ba\u011flay\u0131c\u0131lar i\u00e7eren kar\u0131\u015f\u0131mlar\u0131 de\u011fi\u015ftirmek i\u00e7in kullan\u0131l\u0131r. \u00d6zel kimyasal fiziksel<\/p>\n","protected":false},"featured_media":17310,"comment_status":"open","ping_status":"closed","template":"","meta":{"_joinchat":[]},"product_cat":[70],"product_tag":[],"class_list":{"0":"post-17309","1":"product","2":"type-product","3":"status-publish","4":"has-post-thumbnail","6":"product_cat-boya-ve-yapi-kimyasallar","8":"first","9":"instock","10":"shipping-taxable","11":"purchasable","12":"product-type-variable"},"yoast_head":"<!-- This site is optimized with the Yoast SEO Premium plugin v20.2.1 (Yoast SEO v20.2.1) - https:\/\/yoast.com\/wordpress\/plugins\/seo\/ -->\n<title>TOZ POL\u0130MER - Akerkimya<\/title>\n<meta name=\"robots\" content=\"index, follow, max-snippet:-1, max-image-preview:large, max-video-preview:-1\" \/>\n<link rel=\"canonical\" href=\"https:\/\/akerkimya.com\/eticaret\/urun\/toz-polimer\/\" \/>\n<meta property=\"og:locale\" content=\"tr_TR\" \/>\n<meta property=\"og:type\" content=\"article\" \/>\n<meta property=\"og:title\" content=\"TOZ POL\u0130MER\" \/>\n<meta property=\"og:description\" content=\"TOZ POL\u0130MER Polimer zincir halinde bulunur ve ba\u011flay\u0131c\u0131 g\u00f6revi g\u00f6r\u00fcr. Hidrolik ba\u011flay\u0131c\u0131lar i\u00e7eren kar\u0131\u015f\u0131mlar\u0131 de\u011fi\u015ftirmek i\u00e7in kullan\u0131l\u0131r. \u00d6zel kimyasal fiziksel\" \/>\n<meta property=\"og:url\" content=\"https:\/\/akerkimya.com\/eticaret\/urun\/toz-polimer\/\" \/>\n<meta property=\"og:site_name\" content=\"Akerkimya\" \/>\n<meta property=\"article:modified_time\" content=\"2026-03-29T23:24:10+00:00\" \/>\n<meta property=\"og:image\" content=\"https:\/\/akerkimya.com\/eticaret\/wp-content\/uploads\/2025\/01\/TOZ-POLIMER-GUNCEL-.png\" \/>\n\t<meta property=\"og:image:width\" content=\"1000\" \/>\n\t<meta property=\"og:image:height\" content=\"1000\" \/>\n\t<meta property=\"og:image:type\" content=\"image\/png\" \/>\n<meta name=\"twitter:card\" content=\"summary_large_image\" \/>\n<meta name=\"twitter:label1\" content=\"Tahmini okuma s\u00fcresi\" \/>\n\t<meta name=\"twitter:data1\" content=\"2 dakika\" \/>\n<script type=\"application\/ld+json\" class=\"yoast-schema-graph\">{\"@context\":\"https:\/\/schema.org\",\"@graph\":[{\"@type\":\"WebPage\",\"@id\":\"https:\/\/akerkimya.com\/eticaret\/urun\/toz-polimer\/\",\"url\":\"https:\/\/akerkimya.com\/eticaret\/urun\/toz-polimer\/\",\"name\":\"TOZ POL\u0130MER - Akerkimya\",\"isPartOf\":{\"@id\":\"https:\/\/akerkimya.com\/eticaret\/#website\"},\"datePublished\":\"2025-01-02T14:53:50+00:00\",\"dateModified\":\"2026-03-29T23:24:10+00:00\",\"breadcrumb\":{\"@id\":\"https:\/\/akerkimya.com\/eticaret\/urun\/toz-polimer\/#breadcrumb\"},\"inLanguage\":\"tr\",\"potentialAction\":[{\"@type\":\"ReadAction\",\"target\":[\"https:\/\/akerkimya.com\/eticaret\/urun\/toz-polimer\/\"]}]},{\"@type\":\"BreadcrumbList\",\"@id\":\"https:\/\/akerkimya.com\/eticaret\/urun\/toz-polimer\/#breadcrumb\",\"itemListElement\":[{\"@type\":\"ListItem\",\"position\":1,\"name\":\"Home\",\"item\":\"https:\/\/akerkimya.com\/eticaret\/\"},{\"@type\":\"ListItem\",\"position\":2,\"name\":\"Market\",\"item\":\"https:\/\/akerkimya.com\/eticaret\/market\/\"},{\"@type\":\"ListItem\",\"position\":3,\"name\":\"TOZ POL\u0130MER\"}]},{\"@type\":\"WebSite\",\"@id\":\"https:\/\/akerkimya.com\/eticaret\/#website\",\"url\":\"https:\/\/akerkimya.com\/eticaret\/\",\"name\":\"Akerkimya\",\"description\":\"\",\"potentialAction\":[{\"@type\":\"SearchAction\",\"target\":{\"@type\":\"EntryPoint\",\"urlTemplate\":\"https:\/\/akerkimya.com\/eticaret\/?s={search_term_string}\"},\"query-input\":\"required name=search_term_string\"}],\"inLanguage\":\"tr\"}]}<\/script>\n<!-- \/ Yoast SEO Premium plugin. -->","yoast_head_json":{"title":"TOZ POL\u0130MER - Akerkimya","robots":{"index":"index","follow":"follow","max-snippet":"max-snippet:-1","max-image-preview":"max-image-preview:large","max-video-preview":"max-video-preview:-1"},"canonical":"https:\/\/akerkimya.com\/eticaret\/urun\/toz-polimer\/","og_locale":"tr_TR","og_type":"article","og_title":"TOZ POL\u0130MER","og_description":"TOZ POL\u0130MER Polimer zincir halinde bulunur ve ba\u011flay\u0131c\u0131 g\u00f6revi g\u00f6r\u00fcr. Hidrolik ba\u011flay\u0131c\u0131lar i\u00e7eren kar\u0131\u015f\u0131mlar\u0131 de\u011fi\u015ftirmek i\u00e7in kullan\u0131l\u0131r. \u00d6zel kimyasal fiziksel","og_url":"https:\/\/akerkimya.com\/eticaret\/urun\/toz-polimer\/","og_site_name":"Akerkimya","article_modified_time":"2026-03-29T23:24:10+00:00","og_image":[{"width":1000,"height":1000,"url":"https:\/\/akerkimya.com\/eticaret\/wp-content\/uploads\/2025\/01\/TOZ-POLIMER-GUNCEL-.png","type":"image\/png"}],"twitter_card":"summary_large_image","twitter_misc":{"Tahmini okuma s\u00fcresi":"2 dakika"},"schema":{"@context":"https:\/\/schema.org","@graph":[{"@type":"WebPage","@id":"https:\/\/akerkimya.com\/eticaret\/urun\/toz-polimer\/","url":"https:\/\/akerkimya.com\/eticaret\/urun\/toz-polimer\/","name":"TOZ POL\u0130MER - Akerkimya","isPartOf":{"@id":"https:\/\/akerkimya.com\/eticaret\/#website"},"datePublished":"2025-01-02T14:53:50+00:00","dateModified":"2026-03-29T23:24:10+00:00","breadcrumb":{"@id":"https:\/\/akerkimya.com\/eticaret\/urun\/toz-polimer\/#breadcrumb"},"inLanguage":"tr","potentialAction":[{"@type":"ReadAction","target":["https:\/\/akerkimya.com\/eticaret\/urun\/toz-polimer\/"]}]},{"@type":"BreadcrumbList","@id":"https:\/\/akerkimya.com\/eticaret\/urun\/toz-polimer\/#breadcrumb","itemListElement":[{"@type":"ListItem","position":1,"name":"Home","item":"https:\/\/akerkimya.com\/eticaret\/"},{"@type":"ListItem","position":2,"name":"Market","item":"https:\/\/akerkimya.com\/eticaret\/market\/"},{"@type":"ListItem","position":3,"name":"TOZ POL\u0130MER"}]},{"@type":"WebSite","@id":"https:\/\/akerkimya.com\/eticaret\/#website","url":"https:\/\/akerkimya.com\/eticaret\/","name":"Akerkimya","description":"","potentialAction":[{"@type":"SearchAction","target":{"@type":"EntryPoint","urlTemplate":"https:\/\/akerkimya.com\/eticaret\/?s={search_term_string}"},"query-input":"required name=search_term_string"}],"inLanguage":"tr"}]}},"_links":{"self":[{"href":"https:\/\/akerkimya.com\/eticaret\/wp-json\/wp\/v2\/product\/17309","targetHints":{"allow":["GET"]}}],"collection":[{"href":"https:\/\/akerkimya.com\/eticaret\/wp-json\/wp\/v2\/product"}],"about":[{"href":"https:\/\/akerkimya.com\/eticaret\/wp-json\/wp\/v2\/types\/product"}],"replies":[{"embeddable":true,"href":"https:\/\/akerkimya.com\/eticaret\/wp-json\/wp\/v2\/comments?post=17309"}],"version-history":[{"count":2,"href":"https:\/\/akerkimya.com\/eticaret\/wp-json\/wp\/v2\/product\/17309\/revisions"}],"predecessor-version":[{"id":19539,"href":"https:\/\/akerkimya.com\/eticaret\/wp-json\/wp\/v2\/product\/17309\/revisions\/19539"}],"wp:featuredmedia":[{"embeddable":true,"href":"https:\/\/akerkimya.com\/eticaret\/wp-json\/wp\/v2\/media\/17310"}],"wp:attachment":[{"href":"https:\/\/akerkimya.com\/eticaret\/wp-json\/wp\/v2\/media?parent=17309"}],"wp:term":[{"taxonomy":"product_cat","embeddable":true,"href":"https:\/\/akerkimya.com\/eticaret\/wp-json\/wp\/v2\/product_cat?post=17309"},{"taxonomy":"product_tag","embeddable":true,"href":"https:\/\/akerkimya.com\/eticaret\/wp-json\/wp\/v2\/product_tag?post=17309"}],"curies":[{"name":"wp","href":"https:\/\/api.w.org\/{rel}","templated":true}]}}