{"id":17315,"date":"2025-01-02T18:02:38","date_gmt":"2025-01-02T15:02:38","guid":{"rendered":"https:\/\/akerkimya.com\/eticaret\/?post_type=product&#038;p=17315"},"modified":"2026-03-30T02:24:33","modified_gmt":"2026-03-29T23:24:33","slug":"toz-silikonsilikon-dioksit","status":"publish","type":"product","link":"https:\/\/akerkimya.com\/eticaret\/urun\/toz-silikonsilikon-dioksit\/","title":{"rendered":"TOZ S\u0130L\u0130KON(S\u0130L\u0130KON D\u0130OKS\u0130T)"},"content":{"rendered":"<h1>TOZ S\u0130L\u0130KON(S\u0130L\u0130KON D\u0130OKS\u0130T)<\/h1>\n<p><strong>Toz Silikon, ham maddesi cam\u0131n, kumun, kuvars\u0131n da \u00f6z\u00fcn\u00fc te\u015fkil eden SiO2\u2019dir.Amorf bir yap\u0131ya sahip olan toz silikon\u00a0200 m<sup>2<\/sup>\/g spesifik bir y\u00fczeye sahip hidrofilik dumanl\u0131 kristalin ince toz olan silikon dioksit halidir. Farkl\u0131 kombinasyon ve safl\u0131ktaki de\u011ferler, filtre yard\u0131mc\u0131 maddesi olarak kullan\u0131m\u0131nda istenilen sonu\u00e7lara ula\u015f\u0131labilmektedir.<\/strong><\/p>\n<p><strong>TOZ S\u0130L\u0130KON \u00d6ZELL\u0130KLER\u0130<\/strong><\/p>\n<p><strong>Toz silikon \u00e7ok zay\u0131f bir \u0131s\u0131 iletkenidir.<\/strong><\/p>\n<p><strong>Is\u0131 iletkenli\u011fi teorik olarak s\u0131f\u0131r kabul edilmi\u015ftir.<\/strong><\/p>\n<p><strong>Yakla\u015f\u0131k olarak kendi a\u011f\u0131rl\u0131\u011f\u0131n\u0131n %120-125 ine kadar nem \u00e7ekme \u00f6zelli\u011fine sahiptir..<\/strong><\/p>\n<p><strong>Toz Silikon, \u00e7ok d\u00fc\u015f\u00fck su emme \u00f6zelli\u011fi,<\/strong><\/p>\n<p><strong>Y\u00fcksek su buhar\u0131 ge\u00e7irgenli\u011fi,<\/strong><\/p>\n<p><strong>Y\u00fczeyde m\u00fckemmel derecede boncukla\u015fma etkisi,<\/strong><\/p>\n<p><strong>D\u00fc\u015f\u00fck kirlenme \u00f6zeli\u011fi sa\u011flar.<\/strong><\/p>\n<p><strong>Toz Silikon, g\u00fcvenilirdir, dayan\u0131kl\u0131d\u0131r ve su ge\u00e7irmezlik sa\u011flar.<\/strong><\/p>\n<p><strong>\u00a0<\/strong><\/p>\n<p><strong>TOZ S\u0130L\u0130KON TEKN\u0130K\u00a0\u00d6ZELL\u0130KLER\u00a0<\/strong><\/p>\n<p><strong>K\u0130MYASAL ADI:\u00a0 \u00a0\u00a0Silicon dioxide<\/strong><\/p>\n<p><strong>FORM\u00dcL:\u00a0 S\u0130O2<\/strong><\/p>\n<p><strong>CAS NO:\u00a0 \u00a0 \u00a0 7631-86-9<\/strong><\/p>\n<p><strong>A\u011eIRLIK:\u00a0 \u00a0 \u00a0 \u00a0 \u00a060.08 gr mol<\/strong><\/p>\n<p><strong>YI\u011eIN NEM:\u00a0 \u00a0 \u00a0 50 gr\/L<\/strong><\/p>\n<p><strong>S\u0130O2 :\u00a0\u00a0\u00a0\u00a0\u00a0\u00a0\u00a0\u00a0 &gt;99<\/strong><\/p>\n<p><strong>NEM:\u00a0 \u00a0&lt;2.0%<\/strong><\/p>\n<p><strong>\u00a0<\/strong><\/p>\n<p><strong>TOZ S\u0130L\u0130KON\u00a0 KULLANIM ALANLARI<\/strong><\/p>\n<p><strong>\u00c7imento kire\u00e7 esasl\u0131 har\u00e7 ve yap\u0131\u015ft\u0131r\u0131c\u0131larda kullan\u0131l\u0131r.<\/strong><\/p>\n<p><strong>Toz Silikon, silikat bazl\u0131 har\u00e7lar ve yap\u0131\u015ft\u0131r\u0131c\u0131larda kullan\u0131l\u0131r.<\/strong><\/p>\n<p><strong>Sentetik bazl\u0131 har\u00e7 ve yap\u0131\u015ft\u0131r\u0131c\u0131larda kullan\u0131l\u0131r.<\/strong><\/p>\n<p><strong>Toz Silikon, fayans dolgular\u0131nda kullan\u0131l\u0131r.<\/strong><\/p>\n<p><strong>Toz Silikon, re\u00e7inelerde\u00a0 kullan\u0131l\u0131r.<\/strong><\/p>\n<p><strong>G\u0131da sekt\u00f6r\u00fcnde E 551 koduyla silikon dioksit, gazl\u0131 hafif i\u00e7eceklerde berrakl\u0131\u011f\u0131 artt\u0131rma ama\u00e7l\u0131 olarak tercih edilmektedir.<\/strong><\/p>\n<p><strong>\u0130la\u00e7 sanayinde ila\u00e7 tablet \u00fcretiminde kullan\u0131lmaktad\u0131r. Ayr\u0131ca antibiyotik bakteri temizli\u011fi ve enfeksiyon giderici ila\u00e7larda yard\u0131mc\u0131 etken olarak yararlan\u0131l\u0131r.<\/strong><\/p>\n<p><strong>Toz Silikon, bir\u00e7ok sekt\u00f6rde topaklanmay\u0131 \u00f6nleme ama\u00e7l\u0131 kullan\u0131lmaktad\u0131r.<\/strong><\/p>\n<p><strong>\u00a0<\/strong><\/p>\n<p><strong>AMBALAJ <\/strong><\/p>\n<p><strong>1-5-12,5 kg torbalar halinde <\/strong><\/p>\n<p><strong>\u00a0<\/strong><\/p>\n<p><strong>DEPOLAMA<\/strong><\/p>\n<p><strong>G\u00fcne\u015f \u0131\u015f\u0131\u011f\u0131na temas etmeyen kuru ve serin yerlerde muhafaza ediniz.<\/strong><\/p>\n<p><strong>\u00a0<\/strong><\/p>\n","protected":false},"excerpt":{"rendered":"<p>TOZ S\u0130L\u0130KON(S\u0130L\u0130KON D\u0130OKS\u0130T) Toz Silikon, ham maddesi cam\u0131n, kumun, kuvars\u0131n da \u00f6z\u00fcn\u00fc te\u015fkil eden SiO2\u2019dir.Amorf bir yap\u0131ya sahip olan toz<\/p>\n","protected":false},"featured_media":17316,"comment_status":"open","ping_status":"closed","template":"","meta":{"_joinchat":[]},"product_cat":[70,76,80],"product_tag":[],"class_list":{"0":"post-17315","1":"product","2":"type-product","3":"status-publish","4":"has-post-thumbnail","6":"product_cat-boya-ve-yapi-kimyasallar","7":"product_cat-gida-ve-katki-kimyasallari","8":"product_cat-veteriner-ve-ilac-kimyasallari","10":"first","11":"instock","12":"shipping-taxable","13":"purchasable","14":"product-type-variable"},"yoast_head":"<!-- This site is optimized with the Yoast SEO Premium plugin v20.2.1 (Yoast SEO v20.2.1) - https:\/\/yoast.com\/wordpress\/plugins\/seo\/ -->\n<title>TOZ S\u0130L\u0130KON(S\u0130L\u0130KON D\u0130OKS\u0130T) - Akerkimya<\/title>\n<meta name=\"robots\" content=\"index, follow, max-snippet:-1, max-image-preview:large, max-video-preview:-1\" \/>\n<link rel=\"canonical\" href=\"https:\/\/akerkimya.com\/eticaret\/urun\/toz-silikonsilikon-dioksit\/\" \/>\n<meta property=\"og:locale\" content=\"tr_TR\" \/>\n<meta property=\"og:type\" content=\"article\" \/>\n<meta property=\"og:title\" content=\"TOZ S\u0130L\u0130KON(S\u0130L\u0130KON D\u0130OKS\u0130T)\" \/>\n<meta property=\"og:description\" content=\"TOZ S\u0130L\u0130KON(S\u0130L\u0130KON D\u0130OKS\u0130T) Toz Silikon, ham maddesi cam\u0131n, kumun, kuvars\u0131n da \u00f6z\u00fcn\u00fc te\u015fkil eden SiO2\u2019dir.Amorf bir yap\u0131ya sahip olan toz\" \/>\n<meta property=\"og:url\" content=\"https:\/\/akerkimya.com\/eticaret\/urun\/toz-silikonsilikon-dioksit\/\" \/>\n<meta property=\"og:site_name\" content=\"Akerkimya\" \/>\n<meta property=\"article:modified_time\" content=\"2026-03-29T23:24:33+00:00\" \/>\n<meta property=\"og:image\" content=\"https:\/\/akerkimya.com\/eticaret\/wp-content\/uploads\/2025\/01\/TOZ-SILIKON-GUNCEL-.png\" \/>\n\t<meta property=\"og:image:width\" content=\"1000\" \/>\n\t<meta property=\"og:image:height\" content=\"1000\" \/>\n\t<meta property=\"og:image:type\" content=\"image\/png\" \/>\n<meta name=\"twitter:card\" content=\"summary_large_image\" \/>\n<meta name=\"twitter:label1\" content=\"Tahmini okuma s\u00fcresi\" \/>\n\t<meta name=\"twitter:data1\" content=\"2 dakika\" \/>\n<script type=\"application\/ld+json\" class=\"yoast-schema-graph\">{\"@context\":\"https:\/\/schema.org\",\"@graph\":[{\"@type\":\"WebPage\",\"@id\":\"https:\/\/akerkimya.com\/eticaret\/urun\/toz-silikonsilikon-dioksit\/\",\"url\":\"https:\/\/akerkimya.com\/eticaret\/urun\/toz-silikonsilikon-dioksit\/\",\"name\":\"TOZ S\u0130L\u0130KON(S\u0130L\u0130KON D\u0130OKS\u0130T) - Akerkimya\",\"isPartOf\":{\"@id\":\"https:\/\/akerkimya.com\/eticaret\/#website\"},\"datePublished\":\"2025-01-02T15:02:38+00:00\",\"dateModified\":\"2026-03-29T23:24:33+00:00\",\"breadcrumb\":{\"@id\":\"https:\/\/akerkimya.com\/eticaret\/urun\/toz-silikonsilikon-dioksit\/#breadcrumb\"},\"inLanguage\":\"tr\",\"potentialAction\":[{\"@type\":\"ReadAction\",\"target\":[\"https:\/\/akerkimya.com\/eticaret\/urun\/toz-silikonsilikon-dioksit\/\"]}]},{\"@type\":\"BreadcrumbList\",\"@id\":\"https:\/\/akerkimya.com\/eticaret\/urun\/toz-silikonsilikon-dioksit\/#breadcrumb\",\"itemListElement\":[{\"@type\":\"ListItem\",\"position\":1,\"name\":\"Home\",\"item\":\"https:\/\/akerkimya.com\/eticaret\/\"},{\"@type\":\"ListItem\",\"position\":2,\"name\":\"Market\",\"item\":\"https:\/\/akerkimya.com\/eticaret\/market\/\"},{\"@type\":\"ListItem\",\"position\":3,\"name\":\"TOZ S\u0130L\u0130KON(S\u0130L\u0130KON D\u0130OKS\u0130T)\"}]},{\"@type\":\"WebSite\",\"@id\":\"https:\/\/akerkimya.com\/eticaret\/#website\",\"url\":\"https:\/\/akerkimya.com\/eticaret\/\",\"name\":\"Akerkimya\",\"description\":\"\",\"potentialAction\":[{\"@type\":\"SearchAction\",\"target\":{\"@type\":\"EntryPoint\",\"urlTemplate\":\"https:\/\/akerkimya.com\/eticaret\/?s={search_term_string}\"},\"query-input\":\"required name=search_term_string\"}],\"inLanguage\":\"tr\"}]}<\/script>\n<!-- \/ Yoast SEO Premium plugin. -->","yoast_head_json":{"title":"TOZ S\u0130L\u0130KON(S\u0130L\u0130KON D\u0130OKS\u0130T) - Akerkimya","robots":{"index":"index","follow":"follow","max-snippet":"max-snippet:-1","max-image-preview":"max-image-preview:large","max-video-preview":"max-video-preview:-1"},"canonical":"https:\/\/akerkimya.com\/eticaret\/urun\/toz-silikonsilikon-dioksit\/","og_locale":"tr_TR","og_type":"article","og_title":"TOZ S\u0130L\u0130KON(S\u0130L\u0130KON D\u0130OKS\u0130T)","og_description":"TOZ S\u0130L\u0130KON(S\u0130L\u0130KON D\u0130OKS\u0130T) Toz Silikon, ham maddesi cam\u0131n, kumun, kuvars\u0131n da \u00f6z\u00fcn\u00fc te\u015fkil eden SiO2\u2019dir.Amorf bir yap\u0131ya sahip olan toz","og_url":"https:\/\/akerkimya.com\/eticaret\/urun\/toz-silikonsilikon-dioksit\/","og_site_name":"Akerkimya","article_modified_time":"2026-03-29T23:24:33+00:00","og_image":[{"width":1000,"height":1000,"url":"https:\/\/akerkimya.com\/eticaret\/wp-content\/uploads\/2025\/01\/TOZ-SILIKON-GUNCEL-.png","type":"image\/png"}],"twitter_card":"summary_large_image","twitter_misc":{"Tahmini okuma s\u00fcresi":"2 dakika"},"schema":{"@context":"https:\/\/schema.org","@graph":[{"@type":"WebPage","@id":"https:\/\/akerkimya.com\/eticaret\/urun\/toz-silikonsilikon-dioksit\/","url":"https:\/\/akerkimya.com\/eticaret\/urun\/toz-silikonsilikon-dioksit\/","name":"TOZ S\u0130L\u0130KON(S\u0130L\u0130KON D\u0130OKS\u0130T) - Akerkimya","isPartOf":{"@id":"https:\/\/akerkimya.com\/eticaret\/#website"},"datePublished":"2025-01-02T15:02:38+00:00","dateModified":"2026-03-29T23:24:33+00:00","breadcrumb":{"@id":"https:\/\/akerkimya.com\/eticaret\/urun\/toz-silikonsilikon-dioksit\/#breadcrumb"},"inLanguage":"tr","potentialAction":[{"@type":"ReadAction","target":["https:\/\/akerkimya.com\/eticaret\/urun\/toz-silikonsilikon-dioksit\/"]}]},{"@type":"BreadcrumbList","@id":"https:\/\/akerkimya.com\/eticaret\/urun\/toz-silikonsilikon-dioksit\/#breadcrumb","itemListElement":[{"@type":"ListItem","position":1,"name":"Home","item":"https:\/\/akerkimya.com\/eticaret\/"},{"@type":"ListItem","position":2,"name":"Market","item":"https:\/\/akerkimya.com\/eticaret\/market\/"},{"@type":"ListItem","position":3,"name":"TOZ S\u0130L\u0130KON(S\u0130L\u0130KON D\u0130OKS\u0130T)"}]},{"@type":"WebSite","@id":"https:\/\/akerkimya.com\/eticaret\/#website","url":"https:\/\/akerkimya.com\/eticaret\/","name":"Akerkimya","description":"","potentialAction":[{"@type":"SearchAction","target":{"@type":"EntryPoint","urlTemplate":"https:\/\/akerkimya.com\/eticaret\/?s={search_term_string}"},"query-input":"required name=search_term_string"}],"inLanguage":"tr"}]}},"_links":{"self":[{"href":"https:\/\/akerkimya.com\/eticaret\/wp-json\/wp\/v2\/product\/17315","targetHints":{"allow":["GET"]}}],"collection":[{"href":"https:\/\/akerkimya.com\/eticaret\/wp-json\/wp\/v2\/product"}],"about":[{"href":"https:\/\/akerkimya.com\/eticaret\/wp-json\/wp\/v2\/types\/product"}],"replies":[{"embeddable":true,"href":"https:\/\/akerkimya.com\/eticaret\/wp-json\/wp\/v2\/comments?post=17315"}],"version-history":[{"count":2,"href":"https:\/\/akerkimya.com\/eticaret\/wp-json\/wp\/v2\/product\/17315\/revisions"}],"predecessor-version":[{"id":19513,"href":"https:\/\/akerkimya.com\/eticaret\/wp-json\/wp\/v2\/product\/17315\/revisions\/19513"}],"wp:featuredmedia":[{"embeddable":true,"href":"https:\/\/akerkimya.com\/eticaret\/wp-json\/wp\/v2\/media\/17316"}],"wp:attachment":[{"href":"https:\/\/akerkimya.com\/eticaret\/wp-json\/wp\/v2\/media?parent=17315"}],"wp:term":[{"taxonomy":"product_cat","embeddable":true,"href":"https:\/\/akerkimya.com\/eticaret\/wp-json\/wp\/v2\/product_cat?post=17315"},{"taxonomy":"product_tag","embeddable":true,"href":"https:\/\/akerkimya.com\/eticaret\/wp-json\/wp\/v2\/product_tag?post=17315"}],"curies":[{"name":"wp","href":"https:\/\/api.w.org\/{rel}","templated":true}]}}