{"id":17321,"date":"2025-01-02T18:05:47","date_gmt":"2025-01-02T15:05:47","guid":{"rendered":"https:\/\/akerkimya.com\/eticaret\/?post_type=product&#038;p=17321"},"modified":"2026-03-30T02:24:10","modified_gmt":"2026-03-29T23:24:10","slug":"trietanolamin-tea","status":"publish","type":"product","link":"https:\/\/akerkimya.com\/eticaret\/urun\/trietanolamin-tea\/","title":{"rendered":"TR\u0130ETANOLAM\u0130N (TEA)"},"content":{"rendered":"<h1>TR\u0130ETANOLAM\u0130N (TEA)<\/h1>\n<p><strong>Trietanolamin, C6H15NO3 form\u00fcl\u00fcne sahip hem bir tersiyer amin hem de triol olan, yap\u0131\u015fkan bir organik bile\u015fiktir. TEA, etil oksitin sulu amonyak ile reaksiyomundan \u00fcretilir. S\u0131v\u0131 formunda bir alkali hammaddedir.<\/strong><\/p>\n<p><strong>F\u0130Z\u0130KSEL \u00d6ZELL\u0130KLER<\/strong><\/p>\n<p><strong>Renksiz ve hafif amonyak kokusuna sahip bir formdad\u0131r.<\/strong><\/p>\n<p><strong>Rengi havaya ve \u0131\u015f\u0131\u011fa maruz kald\u0131\u011f\u0131nda kahverengiye d\u00f6n\u00fc\u015f\u00fcr.<\/strong><\/p>\n<p><strong>Rengi yabanc\u0131 maddelerden dolay\u0131 sar\u0131 g\u00f6r\u00fcnebilir.<\/strong><\/p>\n<p><strong>Orta derece g\u00fc\u00e7l\u00fckte bir baziktir.<\/strong><\/p>\n<p><strong>\u00a0<\/strong><\/p>\n<p><strong>TEKN\u0130K \u00d6ZELL\u0130KLER<\/strong><\/p>\n<p><strong>CAS NUMARASI: 102-71-6<\/strong><\/p>\n<p><strong>MOLEK\u00dcLER FORM\u00dcL\u00dc: C6H15NO3<\/strong><\/p>\n<p><strong>K\u0130MYASAL \u0130S\u0130MLER\u0130: TEA, Trietanolamin, Trihydroxytriethylamine, Alkolamin 244<\/strong><\/p>\n<p><strong>MOLAR K\u00dcTLE: 149,19 g\/mol-1<\/strong><\/p>\n<p><strong>YO\u011eUNLUK: 1.124 g\/ml-1<\/strong><\/p>\n<p><strong>PARLAMA NOKTASI: 194,4\u00b0C<\/strong><\/p>\n<p><strong>ER\u0130ME NOKTASI: 22\u00b0C, 294,75 K, 71\u00b0C<\/strong><\/p>\n<p><strong>KAYNAMA NOKTASI: 335\u00b0C, 608,55 K, 636\u00b0<\/strong><\/p>\n<p><strong>SUDA \u00c7\u00d6Z\u00dcN\u00dcRL\u00dcK: 149 g\/L-1(20\u00b0C), -0,988:log P<\/strong><\/p>\n<p><strong>BUHAR BASINCI: 1 Pa (20\u00b0C)<\/strong><\/p>\n<p><strong>KIRILMA \u0130NDEKS\u0130: 1.485<\/strong><\/p>\n<p><strong>SAFLIK (%): %99-%85<\/strong><\/p>\n<p><strong>\u00a0<\/strong><\/p>\n<p><strong>KULLANIM ALANLARI<\/strong><\/p>\n<p><strong>TEA, ki\u015fisel bak\u0131m \u00fcr\u00fcnlerin imalat\u0131nda n\u00f6tralize etmek i\u00e7in kullan\u0131l\u0131r.<\/strong><\/p>\n<p><strong>Kenetleme maddesi ile kompleksometrik titrasyonlar \u00f6ncesi maskelemek i\u00e7in kullan\u0131l\u0131r.<\/strong><\/p>\n<p><strong>Baz\u0131 ara \u00fcr\u00fcn kimyasallar\u0131n imalat\u0131nda kullan\u0131l\u0131r.<\/strong><\/p>\n<p><strong>T\u0131ra\u015f k\u00f6p\u00fc\u011f\u00fc imalat\u0131nda kullan\u0131l\u0131r.<\/strong><\/p>\n<p><strong>Organik s\u0131v\u0131lar\u0131n ah\u015fap ve k\u00e2\u011f\u0131da n\u00fcfuzunu artt\u0131rmak i\u00e7in kullan\u0131l\u0131r.<\/strong><\/p>\n<p><strong>Fotokimyasal maddelerin imalat\u0131nda kullan\u0131l\u0131r.<\/strong><\/p>\n<p><strong>TEA, sulu \u00e7\u00f6zeltilerde al\u00fcminyum iyonlar\u0131 i\u00e7in kompleks olu\u015fturucu madde olarak kullan\u0131lmaktad\u0131r.<\/strong><\/p>\n<p><strong>Ultrosan jeli \u00fcretiminde Carbomer maddesini n\u00f6tralize etmek i\u00e7in kullan\u0131l\u0131r.<\/strong><\/p>\n<p><strong>Ya\u011flay\u0131c\u0131 katk\u0131 ve ya\u011flay\u0131c\u0131lar\u0131n imalat\u0131nda kullan\u0131l\u0131r.<\/strong><\/p>\n<p><strong>Petrol dem\u00fclsifiyerlerinde ve korozyon \u00f6nleyicilerde ara madde olarak kullan\u0131l\u0131r.<\/strong><\/p>\n<p><strong>Metal y\u00fczeylerin paslanmas\u0131n\u0131 \u00f6nlemek i\u00e7in s\u0131v\u0131 kostik ile beraber kullan\u0131l\u0131r.<\/strong><\/p>\n<p><strong>TEA, ila\u00e7 end\u00fcstrisinde alkalile\u015ftirici bir ajan olarak kullan\u0131l\u0131r.<\/strong><\/p>\n<p><strong>Tekstilde kullan\u0131lan y\u00fczey aktiflerin \u00fcretiminde kullan\u0131l\u0131r.<\/strong><\/p>\n<p><strong>Deri ve sa\u00e7 bak\u0131m \u00fcr\u00fcnlerinde pH ayarlay\u0131c\u0131 madde olarak kullan\u0131l\u0131r.<\/strong><\/p>\n<p><strong>Kuru temizlemede korozyon \u00f6nleyici madde ve par\u00e7alarda elektrik giderici madde olarak kullan\u0131l\u0131r.<\/strong><\/p>\n<p><strong>Antifriz ve buz \u00e7\u00f6z\u00fcc\u00fc \u00fcr\u00fcnlerin \u00fcretiminde kullan\u0131lmaktad\u0131r.<\/strong><\/p>\n<p><strong>G\u00fcne\u015f krem losyonlar\u0131, s\u0131v\u0131 \u00e7ama\u015f\u0131r deterjanlar\u0131, cilalar, boyalar ve kozmetik end\u00fcstrisinde y\u00fczey aktif madde olarak kullan\u0131l\u0131r.<\/strong><\/p>\n<p><strong>Eczac\u0131l\u0131k sekt\u00f6r\u00fcnde, darbeli kulak kirini tedavi etmek i\u00e7in kullan\u0131lan baz\u0131 kulak damlar\u0131n\u0131n aktif maddesi olarak kullan\u0131l\u0131r.<\/strong><\/p>\n<p><strong>TEA, yap\u0131\u015ft\u0131r\u0131c\u0131lar\u0131n ve dolgu macunlar\u0131n imalat\u0131nda kullan\u0131l\u0131r.<\/strong><\/p>\n<p><strong>K\u00e2\u011f\u0131t \u00fcr\u00fcnlerin imalat\u0131nda kullan\u0131l\u0131r.<\/strong><\/p>\n<p><strong>Metal kesme s\u0131v\u0131lar\u0131nda korozyon \u00f6nleyici olarak kullan\u0131l\u0131r.<\/strong><\/p>\n<p><strong>\u00c7inko s\u00fclfat ile borik asitten elde edilen zirai ila\u00e7lar\u0131n \u00e7\u00f6z\u00fcc\u00fcs\u00fc olarak kullan\u0131lmaktad\u0131r.<\/strong><\/p>\n<p><strong>\u0130\u015fleme yard\u0131mc\u0131s\u0131 kimyasallar\u0131n imalat\u0131nda kullan\u0131l\u0131r.<\/strong><\/p>\n<p><strong>Boyalarda ve sentetik re\u00e7inelerde \u00e7\u00f6z\u00fcc\u00fc olarak kullan\u0131l\u0131r.<\/strong><\/p>\n<p><strong>Bask\u0131 m\u00fcrekkeplerinin imalat\u0131nda kullan\u0131l\u0131r.<\/strong><\/p>\n<p><strong>Epoksi ve kau\u00e7uk polimerleri i\u00e7in bir k\u00fcrleme maddesi olarak kullan\u0131l\u0131r.<\/strong><\/p>\n<p><strong>Yap\u0131 ve in\u015faat malzemeleri, a\u011fa\u00e7 ve ah\u015fap \u00fcr\u00fcnlerin i\u015flemesinde kullan\u0131l\u0131r.<\/strong><\/p>\n<p><strong>TEA, tar\u0131msal herbisit farm\u00fclasyonlar\u0131nda n\u00f6trle\u015ftirici ve da\u011f\u0131t\u0131c\u0131 ajan olarak kullan\u0131lmaktad\u0131r.<\/strong><\/p>\n<p><strong>Petrol gaz\u0131 i\u00e7erisinde bulunan H2S ve COS gaz\u0131 kirleticilerin uzakla\u015ft\u0131r\u0131lmas\u0131nda kullan\u0131l\u0131r.<\/strong><\/p>\n<p><strong>Korozyon inhibit\u00f6rleri ve anti-\u00f6l\u00e7ekleme kimyasallar\u0131n imalat\u0131nda kullan\u0131l\u0131r.<\/strong><\/p>\n<p><strong>Foto\u011fraf malzemeleri, film ve foto\u011fraf kimyasallar\u0131n imalat\u0131nda kullan\u0131l\u0131r.<\/strong><\/p>\n<p><strong>TEA, \u00e7imento klinkerinin \u00f6\u011f\u00fctlenmesinde organik katk\u0131 maddesi olarak kullan\u0131l\u0131r.<\/strong><\/p>\n<p><strong>Kapal\u0131 sistemlerde kullan\u0131lan fonksiyonel ak\u0131\u015fkanlar\u0131n imalat\u0131nda farkl\u0131 kimyasallar ile modifiye edilerek metal y\u00fczeyi \u00fczerinde jel tabakas\u0131 olu\u015fturmas\u0131 amac\u0131yla kullan\u0131l\u0131r.<\/strong><\/p>\n<p><strong>\u00a0<\/strong><\/p>\n<p><strong>AMBALAJ<\/strong><\/p>\n<p><strong>1-5-10-30 kg bidonlar ve 230 Kg variller halinde<\/strong><\/p>\n<p><strong>\u00a0<\/strong><\/p>\n<p><strong>DEPOLAMA<\/strong><\/p>\n<p><strong>Serin ve kuru bir alanda muhafaza ediniz.<\/strong><\/p>\n<p><strong>\u00a0<\/strong><\/p>\n","protected":false},"excerpt":{"rendered":"<p>TR\u0130ETANOLAM\u0130N (TEA) Trietanolamin, C6H15NO3 form\u00fcl\u00fcne sahip hem bir tersiyer amin hem de triol olan, yap\u0131\u015fkan bir organik bile\u015fiktir. TEA, etil<\/p>\n","protected":false},"featured_media":17322,"comment_status":"open","ping_status":"closed","template":"","meta":{"_joinchat":[]},"product_cat":[70,73,74,78,80],"product_tag":[],"class_list":{"0":"post-17321","1":"product","2":"type-product","3":"status-publish","4":"has-post-thumbnail","6":"product_cat-boya-ve-yapi-kimyasallar","7":"product_cat-deri-ve-tekstil-kimyasallari","8":"product_cat-deterjan-ve-kozmetik-kimyasallari","9":"product_cat-metal-dokum-kaplama","10":"product_cat-veteriner-ve-ilac-kimyasallari","12":"first","13":"instock","14":"shipping-taxable","15":"purchasable","16":"product-type-variable"},"yoast_head":"<!-- This site is optimized with the Yoast SEO Premium plugin v20.2.1 (Yoast SEO v20.2.1) - https:\/\/yoast.com\/wordpress\/plugins\/seo\/ -->\n<title>TR\u0130ETANOLAM\u0130N (TEA) - Akerkimya<\/title>\n<meta name=\"robots\" content=\"index, follow, max-snippet:-1, max-image-preview:large, max-video-preview:-1\" \/>\n<link rel=\"canonical\" href=\"https:\/\/akerkimya.com\/eticaret\/urun\/trietanolamin-tea\/\" \/>\n<meta property=\"og:locale\" content=\"tr_TR\" \/>\n<meta property=\"og:type\" content=\"article\" \/>\n<meta property=\"og:title\" content=\"TR\u0130ETANOLAM\u0130N (TEA)\" \/>\n<meta property=\"og:description\" content=\"TR\u0130ETANOLAM\u0130N (TEA) Trietanolamin, C6H15NO3 form\u00fcl\u00fcne sahip hem bir tersiyer amin hem de triol olan, yap\u0131\u015fkan bir organik bile\u015fiktir. TEA, etil\" \/>\n<meta property=\"og:url\" content=\"https:\/\/akerkimya.com\/eticaret\/urun\/trietanolamin-tea\/\" \/>\n<meta property=\"og:site_name\" content=\"Akerkimya\" \/>\n<meta property=\"article:modified_time\" content=\"2026-03-29T23:24:10+00:00\" \/>\n<meta property=\"og:image\" content=\"https:\/\/akerkimya.com\/eticaret\/wp-content\/uploads\/2025\/01\/TRIETANOL-AMIN-GUNCEL.png\" \/>\n\t<meta property=\"og:image:width\" content=\"1000\" \/>\n\t<meta property=\"og:image:height\" content=\"1000\" \/>\n\t<meta property=\"og:image:type\" content=\"image\/png\" \/>\n<meta name=\"twitter:card\" content=\"summary_large_image\" \/>\n<meta name=\"twitter:label1\" content=\"Tahmini okuma s\u00fcresi\" \/>\n\t<meta name=\"twitter:data1\" content=\"3 dakika\" \/>\n<script type=\"application\/ld+json\" class=\"yoast-schema-graph\">{\"@context\":\"https:\/\/schema.org\",\"@graph\":[{\"@type\":\"WebPage\",\"@id\":\"https:\/\/akerkimya.com\/eticaret\/urun\/trietanolamin-tea\/\",\"url\":\"https:\/\/akerkimya.com\/eticaret\/urun\/trietanolamin-tea\/\",\"name\":\"TR\u0130ETANOLAM\u0130N (TEA) - Akerkimya\",\"isPartOf\":{\"@id\":\"https:\/\/akerkimya.com\/eticaret\/#website\"},\"datePublished\":\"2025-01-02T15:05:47+00:00\",\"dateModified\":\"2026-03-29T23:24:10+00:00\",\"breadcrumb\":{\"@id\":\"https:\/\/akerkimya.com\/eticaret\/urun\/trietanolamin-tea\/#breadcrumb\"},\"inLanguage\":\"tr\",\"potentialAction\":[{\"@type\":\"ReadAction\",\"target\":[\"https:\/\/akerkimya.com\/eticaret\/urun\/trietanolamin-tea\/\"]}]},{\"@type\":\"BreadcrumbList\",\"@id\":\"https:\/\/akerkimya.com\/eticaret\/urun\/trietanolamin-tea\/#breadcrumb\",\"itemListElement\":[{\"@type\":\"ListItem\",\"position\":1,\"name\":\"Home\",\"item\":\"https:\/\/akerkimya.com\/eticaret\/\"},{\"@type\":\"ListItem\",\"position\":2,\"name\":\"Market\",\"item\":\"https:\/\/akerkimya.com\/eticaret\/market\/\"},{\"@type\":\"ListItem\",\"position\":3,\"name\":\"TR\u0130ETANOLAM\u0130N (TEA)\"}]},{\"@type\":\"WebSite\",\"@id\":\"https:\/\/akerkimya.com\/eticaret\/#website\",\"url\":\"https:\/\/akerkimya.com\/eticaret\/\",\"name\":\"Akerkimya\",\"description\":\"\",\"potentialAction\":[{\"@type\":\"SearchAction\",\"target\":{\"@type\":\"EntryPoint\",\"urlTemplate\":\"https:\/\/akerkimya.com\/eticaret\/?s={search_term_string}\"},\"query-input\":\"required name=search_term_string\"}],\"inLanguage\":\"tr\"}]}<\/script>\n<!-- \/ Yoast SEO Premium plugin. -->","yoast_head_json":{"title":"TR\u0130ETANOLAM\u0130N (TEA) - Akerkimya","robots":{"index":"index","follow":"follow","max-snippet":"max-snippet:-1","max-image-preview":"max-image-preview:large","max-video-preview":"max-video-preview:-1"},"canonical":"https:\/\/akerkimya.com\/eticaret\/urun\/trietanolamin-tea\/","og_locale":"tr_TR","og_type":"article","og_title":"TR\u0130ETANOLAM\u0130N (TEA)","og_description":"TR\u0130ETANOLAM\u0130N (TEA) Trietanolamin, C6H15NO3 form\u00fcl\u00fcne sahip hem bir tersiyer amin hem de triol olan, yap\u0131\u015fkan bir organik bile\u015fiktir. TEA, etil","og_url":"https:\/\/akerkimya.com\/eticaret\/urun\/trietanolamin-tea\/","og_site_name":"Akerkimya","article_modified_time":"2026-03-29T23:24:10+00:00","og_image":[{"width":1000,"height":1000,"url":"https:\/\/akerkimya.com\/eticaret\/wp-content\/uploads\/2025\/01\/TRIETANOL-AMIN-GUNCEL.png","type":"image\/png"}],"twitter_card":"summary_large_image","twitter_misc":{"Tahmini okuma s\u00fcresi":"3 dakika"},"schema":{"@context":"https:\/\/schema.org","@graph":[{"@type":"WebPage","@id":"https:\/\/akerkimya.com\/eticaret\/urun\/trietanolamin-tea\/","url":"https:\/\/akerkimya.com\/eticaret\/urun\/trietanolamin-tea\/","name":"TR\u0130ETANOLAM\u0130N (TEA) - Akerkimya","isPartOf":{"@id":"https:\/\/akerkimya.com\/eticaret\/#website"},"datePublished":"2025-01-02T15:05:47+00:00","dateModified":"2026-03-29T23:24:10+00:00","breadcrumb":{"@id":"https:\/\/akerkimya.com\/eticaret\/urun\/trietanolamin-tea\/#breadcrumb"},"inLanguage":"tr","potentialAction":[{"@type":"ReadAction","target":["https:\/\/akerkimya.com\/eticaret\/urun\/trietanolamin-tea\/"]}]},{"@type":"BreadcrumbList","@id":"https:\/\/akerkimya.com\/eticaret\/urun\/trietanolamin-tea\/#breadcrumb","itemListElement":[{"@type":"ListItem","position":1,"name":"Home","item":"https:\/\/akerkimya.com\/eticaret\/"},{"@type":"ListItem","position":2,"name":"Market","item":"https:\/\/akerkimya.com\/eticaret\/market\/"},{"@type":"ListItem","position":3,"name":"TR\u0130ETANOLAM\u0130N (TEA)"}]},{"@type":"WebSite","@id":"https:\/\/akerkimya.com\/eticaret\/#website","url":"https:\/\/akerkimya.com\/eticaret\/","name":"Akerkimya","description":"","potentialAction":[{"@type":"SearchAction","target":{"@type":"EntryPoint","urlTemplate":"https:\/\/akerkimya.com\/eticaret\/?s={search_term_string}"},"query-input":"required name=search_term_string"}],"inLanguage":"tr"}]}},"_links":{"self":[{"href":"https:\/\/akerkimya.com\/eticaret\/wp-json\/wp\/v2\/product\/17321","targetHints":{"allow":["GET"]}}],"collection":[{"href":"https:\/\/akerkimya.com\/eticaret\/wp-json\/wp\/v2\/product"}],"about":[{"href":"https:\/\/akerkimya.com\/eticaret\/wp-json\/wp\/v2\/types\/product"}],"replies":[{"embeddable":true,"href":"https:\/\/akerkimya.com\/eticaret\/wp-json\/wp\/v2\/comments?post=17321"}],"version-history":[{"count":1,"href":"https:\/\/akerkimya.com\/eticaret\/wp-json\/wp\/v2\/product\/17321\/revisions"}],"predecessor-version":[{"id":17328,"href":"https:\/\/akerkimya.com\/eticaret\/wp-json\/wp\/v2\/product\/17321\/revisions\/17328"}],"wp:featuredmedia":[{"embeddable":true,"href":"https:\/\/akerkimya.com\/eticaret\/wp-json\/wp\/v2\/media\/17322"}],"wp:attachment":[{"href":"https:\/\/akerkimya.com\/eticaret\/wp-json\/wp\/v2\/media?parent=17321"}],"wp:term":[{"taxonomy":"product_cat","embeddable":true,"href":"https:\/\/akerkimya.com\/eticaret\/wp-json\/wp\/v2\/product_cat?post=17321"},{"taxonomy":"product_tag","embeddable":true,"href":"https:\/\/akerkimya.com\/eticaret\/wp-json\/wp\/v2\/product_tag?post=17321"}],"curies":[{"name":"wp","href":"https:\/\/api.w.org\/{rel}","templated":true}]}}