{"id":17330,"date":"2025-01-02T18:08:23","date_gmt":"2025-01-02T15:08:23","guid":{"rendered":"https:\/\/akerkimya.com\/eticaret\/?post_type=product&#038;p=17330"},"modified":"2026-03-30T02:24:11","modified_gmt":"2026-03-29T23:24:11","slug":"trisodyum-sitrat","status":"publish","type":"product","link":"https:\/\/akerkimya.com\/eticaret\/urun\/trisodyum-sitrat\/","title":{"rendered":"TR\u0130SODYUM S\u0130TRAT"},"content":{"rendered":"<p><strong>TR\u0130SODYUM S\u0130TRAT<\/strong><\/p>\n<p><strong>Na3C6H5O7 kimyasal form\u00fcll\u00fc trisodyum sitrat, sitrik asitin bir tuzu veya esteridir. \u0130ki formda bulunur. Bunlar anhidrat ve dihidratt\u0131r. Her canl\u0131 organizmada bulunan bir bile\u015fiktir. Kivi, \u00e7ilek gibi ek\u015fi meyvelerde y\u00fcksek konsantrasyonda bulunur. Hafiftir. Biyolojik olarak uyumlu tamponlar yapmak i\u00e7in sitrik asit ile birlikte kullan\u0131l\u0131r.<\/strong><\/p>\n<p><strong>\u00a0<\/strong><\/p>\n<p><strong>\u00a0<\/strong><\/p>\n<p><strong>TR\u0130SODYUM S\u0130TRAT \u00d6ZELL\u0130KLER\u0130<\/strong><\/p>\n<p><strong>Zay\u0131f bir asittir fakat g\u00fc\u00e7l\u00fc bir alkali \u00f6zelli\u011fe sahiptir.<\/strong><\/p>\n<p><strong>Sitrat ile kombine edildi\u011finde g\u00fc\u00e7l\u00fc bir \u015fekilde uyumluluk olu\u015fturan Ph tamponu olu\u015fturabilirler.<\/strong><\/p>\n<p><strong>Beyaz kristal toz olarak bulunur.<\/strong><\/p>\n<p><strong>Tuzumsu bir tada sahiptir.<\/strong><\/p>\n<p><strong>Kokusuzdur.<\/strong><\/p>\n<p><strong>Toksik olmayan ve d\u00fc\u015f\u00fck reaktiviteli n\u00f6tral bir tuzdur.<\/strong><\/p>\n<p><strong>Suda serbest\u00e7e \u00e7\u00f6z\u00fcn\u00fcp etanolde \u00e7\u00f6z\u00fcnmeyen bir maddedir.<\/strong><\/p>\n<p><strong>\u00a0<\/strong><\/p>\n<p><strong>TEKN\u0130K \u00d6ZELL\u0130KLER\u0130 <\/strong><\/p>\n<p><strong>FORM\u00dcL: Na3C6H5O7<\/strong><\/p>\n<p><strong>K\u0130MYASAL ADI: Trisodium, Hydroxypropane, tricarboxylate<\/strong><\/p>\n<p><strong>MOLAR K\u00dcTLE: 258,06 g\/mol<\/strong><\/p>\n<p><strong>ER\u0130ME NOKTASI: 300 \u00b0C<\/strong><\/p>\n<p><strong>YO\u011eUNLUK: 1,7 g\/cm\u00b3<\/strong><\/p>\n<p><strong>\u0130\u00c7\u0130NDE \u00c7\u00d6Z\u00dcND\u00dc\u011e\u00dc MADD: Su <\/strong><\/p>\n<p><strong>\u00a0<\/strong><\/p>\n<p><strong>\u00a0<\/strong><\/p>\n<p><strong>KULLANIM ALANLARI <\/strong><\/p>\n<p><strong>En \u00e7ok g\u0131da katk\u0131 maddesi olarak \u00f6rne\u011fin tatland\u0131r\u0131c\u0131, tamponlanma, em\u00fclgat\u00f6r ve dengeleyici olarak kullan\u0131l\u0131r.<\/strong><\/p>\n<p><strong>\u00a0<\/strong><\/p>\n<p><strong>T\u0131bbi alanda bir\u00e7ok ilac\u0131n \u00fcretiminde kullan\u0131l\u0131r.<\/strong><\/p>\n<p><strong>Deterjan \u00fcretiminde, bir miktar trisodyum sitrat kullan\u0131m\u0131 temizlik kabiliyetin artt\u0131r\u0131r.<\/strong><\/p>\n<p><strong>\u00a0<\/strong><\/p>\n<p><strong>Re\u00e7el, \u015fekerleme, dondurma ve j\u00f6le uygulamalar\u0131nda ph ayarlama maddesi ve em\u00fclsifiye edici ajan olarak kullan\u0131l\u0131r. <\/strong><\/p>\n<p><strong>\u00a0<\/strong><\/p>\n<p><strong>Gazl\u0131 i\u00e7ecek ve \u015farap da kullan\u0131l\u0131r.<\/strong><\/p>\n<p><strong>\u00a0<\/strong><\/p>\n<p><strong>Deniz mahsullerinin bozulmas\u0131n\u0131 \u00f6nlemek amac\u0131yla koruyucu madde olarak kullan\u0131l\u0131r.<\/strong><\/p>\n<p><strong>\u00a0<\/strong><\/p>\n<p><strong>Bebek mamas\u0131 yap\u0131m s\u00fcrecinde kullan\u0131l\u0131r.<\/strong><\/p>\n<p><strong>\u00a0<\/strong><\/p>\n<p><strong>Metal kaplamada ay\u0131r\u0131c\u0131 ajan olarak kullan\u0131l\u0131r. <\/strong><\/p>\n<p><strong>\u00a0<\/strong><\/p>\n<p><strong>Polimer ve plastik \u00fcretiminde \u00fcfleyerek \u015fekil verici ajan ve \u00e7ekirdeklendirici ajan olarak kullan\u0131l\u0131r.<\/strong><\/p>\n<p><strong>\u00a0<\/strong><\/p>\n<p><strong>Pigment \u00e7amurlar\u0131nda pigment da\u011f\u0131t\u0131c\u0131 olarak kullan\u0131l\u0131r.<\/strong><\/p>\n<p><strong>\u00a0<\/strong><\/p>\n<p><strong>Kahve makinelerinde kullan\u0131lan mini s\u00fct kaplar\u0131nda bulunur.<\/strong><\/p>\n<p><strong>\u00a0<\/strong><\/p>\n<p><strong>Otomobil radyat\u00f6rlerini temizlemek i\u00e7in kullan\u0131l\u0131r.<\/strong><\/p>\n<p><strong>\u00a0<\/strong><\/p>\n<p><strong>Fotokimyasallarda boyama plakas\u0131 em\u00fclsiyonlar\u0131n\u0131n bir komponenti olarak kullan\u0131lmaktad\u0131r.<\/strong><\/p>\n<p><strong>\u00a0<\/strong><\/p>\n<p><strong>\u00a0<\/strong><\/p>\n<p><strong>AMBALAJ<\/strong><\/p>\n<p><strong>1-5-25 KG Kraft torbalarda <\/strong><\/p>\n<p><strong>\u00a0<\/strong><\/p>\n<p><strong>\u00a0<\/strong><\/p>\n<p><strong>DEPOLAMA <\/strong><\/p>\n<p><strong>Do\u011frudan g\u00fcne\u015f g\u00f6rmeyen ve nem bulunmayan ortamda depolanmal\u0131d\u0131r.<\/strong><\/p>\n<p><strong>\u00a0<\/strong><\/p>\n<p><strong>\u00a0<\/strong><\/p>\n<p><strong>D\u0130KKAT<\/strong><\/p>\n<p><strong>G\u00f6z hasar\u0131na ve tahri\u015fe neden olabilir.<\/strong><\/p>\n<p><strong>Bu kimyasala temas etme durumunda eller bol su ile y\u0131kanmal\u0131d\u0131r.<\/strong><\/p>\n","protected":false},"excerpt":{"rendered":"<p>TR\u0130SODYUM S\u0130TRAT Na3C6H5O7 kimyasal form\u00fcll\u00fc trisodyum sitrat, sitrik asitin bir tuzu veya esteridir. \u0130ki formda bulunur. Bunlar anhidrat ve dihidratt\u0131r.<\/p>\n","protected":false},"featured_media":17331,"comment_status":"open","ping_status":"closed","template":"","meta":{"_joinchat":[]},"product_cat":[70,76,78,80],"product_tag":[],"class_list":{"0":"post-17330","1":"product","2":"type-product","3":"status-publish","4":"has-post-thumbnail","6":"product_cat-boya-ve-yapi-kimyasallar","7":"product_cat-gida-ve-katki-kimyasallari","8":"product_cat-metal-dokum-kaplama","9":"product_cat-veteriner-ve-ilac-kimyasallari","11":"first","12":"instock","13":"shipping-taxable","14":"purchasable","15":"product-type-variable"},"yoast_head":"<!-- This site is optimized with the Yoast SEO Premium plugin v20.2.1 (Yoast SEO v20.2.1) - https:\/\/yoast.com\/wordpress\/plugins\/seo\/ -->\n<title>TR\u0130SODYUM S\u0130TRAT - Akerkimya<\/title>\n<meta name=\"robots\" content=\"index, follow, max-snippet:-1, max-image-preview:large, max-video-preview:-1\" \/>\n<link rel=\"canonical\" href=\"https:\/\/akerkimya.com\/eticaret\/urun\/trisodyum-sitrat\/\" \/>\n<meta property=\"og:locale\" content=\"tr_TR\" \/>\n<meta property=\"og:type\" content=\"article\" \/>\n<meta property=\"og:title\" content=\"TR\u0130SODYUM S\u0130TRAT\" \/>\n<meta property=\"og:description\" content=\"TR\u0130SODYUM S\u0130TRAT Na3C6H5O7 kimyasal form\u00fcll\u00fc trisodyum sitrat, sitrik asitin bir tuzu veya esteridir. \u0130ki formda bulunur. Bunlar anhidrat ve dihidratt\u0131r.\" \/>\n<meta property=\"og:url\" content=\"https:\/\/akerkimya.com\/eticaret\/urun\/trisodyum-sitrat\/\" \/>\n<meta property=\"og:site_name\" content=\"Akerkimya\" \/>\n<meta property=\"article:modified_time\" content=\"2026-03-29T23:24:11+00:00\" \/>\n<meta property=\"og:image\" content=\"https:\/\/akerkimya.com\/eticaret\/wp-content\/uploads\/2025\/01\/TRISODYUM-SITRAT-GUNCEL-1.png\" \/>\n\t<meta property=\"og:image:width\" content=\"1000\" \/>\n\t<meta property=\"og:image:height\" content=\"1000\" \/>\n\t<meta property=\"og:image:type\" content=\"image\/png\" \/>\n<meta name=\"twitter:card\" content=\"summary_large_image\" \/>\n<meta name=\"twitter:label1\" content=\"Tahmini okuma s\u00fcresi\" \/>\n\t<meta name=\"twitter:data1\" content=\"2 dakika\" \/>\n<script type=\"application\/ld+json\" class=\"yoast-schema-graph\">{\"@context\":\"https:\/\/schema.org\",\"@graph\":[{\"@type\":\"WebPage\",\"@id\":\"https:\/\/akerkimya.com\/eticaret\/urun\/trisodyum-sitrat\/\",\"url\":\"https:\/\/akerkimya.com\/eticaret\/urun\/trisodyum-sitrat\/\",\"name\":\"TR\u0130SODYUM S\u0130TRAT - Akerkimya\",\"isPartOf\":{\"@id\":\"https:\/\/akerkimya.com\/eticaret\/#website\"},\"datePublished\":\"2025-01-02T15:08:23+00:00\",\"dateModified\":\"2026-03-29T23:24:11+00:00\",\"breadcrumb\":{\"@id\":\"https:\/\/akerkimya.com\/eticaret\/urun\/trisodyum-sitrat\/#breadcrumb\"},\"inLanguage\":\"tr\",\"potentialAction\":[{\"@type\":\"ReadAction\",\"target\":[\"https:\/\/akerkimya.com\/eticaret\/urun\/trisodyum-sitrat\/\"]}]},{\"@type\":\"BreadcrumbList\",\"@id\":\"https:\/\/akerkimya.com\/eticaret\/urun\/trisodyum-sitrat\/#breadcrumb\",\"itemListElement\":[{\"@type\":\"ListItem\",\"position\":1,\"name\":\"Home\",\"item\":\"https:\/\/akerkimya.com\/eticaret\/\"},{\"@type\":\"ListItem\",\"position\":2,\"name\":\"Market\",\"item\":\"https:\/\/akerkimya.com\/eticaret\/market\/\"},{\"@type\":\"ListItem\",\"position\":3,\"name\":\"TR\u0130SODYUM S\u0130TRAT\"}]},{\"@type\":\"WebSite\",\"@id\":\"https:\/\/akerkimya.com\/eticaret\/#website\",\"url\":\"https:\/\/akerkimya.com\/eticaret\/\",\"name\":\"Akerkimya\",\"description\":\"\",\"potentialAction\":[{\"@type\":\"SearchAction\",\"target\":{\"@type\":\"EntryPoint\",\"urlTemplate\":\"https:\/\/akerkimya.com\/eticaret\/?s={search_term_string}\"},\"query-input\":\"required name=search_term_string\"}],\"inLanguage\":\"tr\"}]}<\/script>\n<!-- \/ Yoast SEO Premium plugin. -->","yoast_head_json":{"title":"TR\u0130SODYUM S\u0130TRAT - Akerkimya","robots":{"index":"index","follow":"follow","max-snippet":"max-snippet:-1","max-image-preview":"max-image-preview:large","max-video-preview":"max-video-preview:-1"},"canonical":"https:\/\/akerkimya.com\/eticaret\/urun\/trisodyum-sitrat\/","og_locale":"tr_TR","og_type":"article","og_title":"TR\u0130SODYUM S\u0130TRAT","og_description":"TR\u0130SODYUM S\u0130TRAT Na3C6H5O7 kimyasal form\u00fcll\u00fc trisodyum sitrat, sitrik asitin bir tuzu veya esteridir. \u0130ki formda bulunur. Bunlar anhidrat ve dihidratt\u0131r.","og_url":"https:\/\/akerkimya.com\/eticaret\/urun\/trisodyum-sitrat\/","og_site_name":"Akerkimya","article_modified_time":"2026-03-29T23:24:11+00:00","og_image":[{"width":1000,"height":1000,"url":"https:\/\/akerkimya.com\/eticaret\/wp-content\/uploads\/2025\/01\/TRISODYUM-SITRAT-GUNCEL-1.png","type":"image\/png"}],"twitter_card":"summary_large_image","twitter_misc":{"Tahmini okuma s\u00fcresi":"2 dakika"},"schema":{"@context":"https:\/\/schema.org","@graph":[{"@type":"WebPage","@id":"https:\/\/akerkimya.com\/eticaret\/urun\/trisodyum-sitrat\/","url":"https:\/\/akerkimya.com\/eticaret\/urun\/trisodyum-sitrat\/","name":"TR\u0130SODYUM S\u0130TRAT - Akerkimya","isPartOf":{"@id":"https:\/\/akerkimya.com\/eticaret\/#website"},"datePublished":"2025-01-02T15:08:23+00:00","dateModified":"2026-03-29T23:24:11+00:00","breadcrumb":{"@id":"https:\/\/akerkimya.com\/eticaret\/urun\/trisodyum-sitrat\/#breadcrumb"},"inLanguage":"tr","potentialAction":[{"@type":"ReadAction","target":["https:\/\/akerkimya.com\/eticaret\/urun\/trisodyum-sitrat\/"]}]},{"@type":"BreadcrumbList","@id":"https:\/\/akerkimya.com\/eticaret\/urun\/trisodyum-sitrat\/#breadcrumb","itemListElement":[{"@type":"ListItem","position":1,"name":"Home","item":"https:\/\/akerkimya.com\/eticaret\/"},{"@type":"ListItem","position":2,"name":"Market","item":"https:\/\/akerkimya.com\/eticaret\/market\/"},{"@type":"ListItem","position":3,"name":"TR\u0130SODYUM S\u0130TRAT"}]},{"@type":"WebSite","@id":"https:\/\/akerkimya.com\/eticaret\/#website","url":"https:\/\/akerkimya.com\/eticaret\/","name":"Akerkimya","description":"","potentialAction":[{"@type":"SearchAction","target":{"@type":"EntryPoint","urlTemplate":"https:\/\/akerkimya.com\/eticaret\/?s={search_term_string}"},"query-input":"required name=search_term_string"}],"inLanguage":"tr"}]}},"_links":{"self":[{"href":"https:\/\/akerkimya.com\/eticaret\/wp-json\/wp\/v2\/product\/17330","targetHints":{"allow":["GET"]}}],"collection":[{"href":"https:\/\/akerkimya.com\/eticaret\/wp-json\/wp\/v2\/product"}],"about":[{"href":"https:\/\/akerkimya.com\/eticaret\/wp-json\/wp\/v2\/types\/product"}],"replies":[{"embeddable":true,"href":"https:\/\/akerkimya.com\/eticaret\/wp-json\/wp\/v2\/comments?post=17330"}],"version-history":[{"count":1,"href":"https:\/\/akerkimya.com\/eticaret\/wp-json\/wp\/v2\/product\/17330\/revisions"}],"predecessor-version":[{"id":17335,"href":"https:\/\/akerkimya.com\/eticaret\/wp-json\/wp\/v2\/product\/17330\/revisions\/17335"}],"wp:featuredmedia":[{"embeddable":true,"href":"https:\/\/akerkimya.com\/eticaret\/wp-json\/wp\/v2\/media\/17331"}],"wp:attachment":[{"href":"https:\/\/akerkimya.com\/eticaret\/wp-json\/wp\/v2\/media?parent=17330"}],"wp:term":[{"taxonomy":"product_cat","embeddable":true,"href":"https:\/\/akerkimya.com\/eticaret\/wp-json\/wp\/v2\/product_cat?post=17330"},{"taxonomy":"product_tag","embeddable":true,"href":"https:\/\/akerkimya.com\/eticaret\/wp-json\/wp\/v2\/product_tag?post=17330"}],"curies":[{"name":"wp","href":"https:\/\/api.w.org\/{rel}","templated":true}]}}