{"id":17336,"date":"2025-01-02T18:11:10","date_gmt":"2025-01-02T15:11:10","guid":{"rendered":"https:\/\/akerkimya.com\/eticaret\/?post_type=product&#038;p=17336"},"modified":"2026-03-30T02:24:11","modified_gmt":"2026-03-29T23:24:11","slug":"ucucu-kul","status":"publish","type":"product","link":"https:\/\/akerkimya.com\/eticaret\/urun\/ucucu-kul\/","title":{"rendered":"U\u00c7UCU K\u00dcL"},"content":{"rendered":"<h1>U\u00c7UCU K\u00dcL <\/h1>\n<p><strong>U\u00e7ucu k\u00fcl, k\u00f6m\u00fcrle \u00e7al\u0131\u015fan termik elektrik santrallerinda ortaya \u00e7\u0131kan bir at\u0131k \u00fcr\u00fcnd\u00fcr. Termik santrallerda \u00e7ok ince \u00f6\u011f\u00fct\u00fclen k\u00f6m\u00fcr\u00fcn y\u00fcksek s\u0131cakl\u0131kta yanmas\u0131 sonucu meydana gelen ergimi\u015f malzeme so\u011fuyarak, gaz ak\u0131\u015f\u0131 ile k\u0131smen veya tamamen k\u00fcresel \u015fekilli k\u00fcl taneciklerine d\u00f6n\u00fc\u015fmektedir. Bu k\u00fcl tanecikleri \u00e7ok ince (0.5-150 mikron) olup, baca gazlar\u0131 ile s\u00fcr\u00fcklenmeleri nedeniyle, u\u00e7ucu k\u00fcl olarak adland\u0131r\u0131lmaktad\u0131r.<\/strong><\/p>\n<p><strong>Yak\u0131lan k\u00f6m\u00fcr\u00fcn bile\u015fimine ve kayna\u011f\u0131na ba\u011fl\u0131 olarak, u\u00e7ucu k\u00fcl bile\u015fenleri \u00f6nemli \u00f6l\u00e7\u00fcde de\u011fi\u015fse de t\u00fcm u\u00e7ucu k\u00fcllerde fazlas\u0131yla silisyum dioksit (SiO2), al\u00fcminyum oksit (Al2O3) ve kalsiyum oksit (CaO) i\u00e7erir. <\/strong><\/p>\n<p><strong>\u00a0<\/strong><\/p>\n<p><strong>U\u00c7UCU K\u00dcL \u00d6ZELL\u0130KLER\u0130<\/strong><\/p>\n<p><strong>U\u00e7ucu k\u00fcller cams\u0131, k\u00fc\u00e7\u00fck, oyuk yap\u0131l\u0131, tane boyutu 0.5-150 mikron aral\u0131\u011f\u0131nda ve yo\u011funlu\u011fu 2,1 ile 2,6 g\/cm3 aras\u0131nda de\u011fi\u015fkenlik g\u00f6sterir.<\/strong><\/p>\n<p><strong>Gri renkli ve yuvarlak d\u00fczensiz tanecik \u015feklindedir.<\/strong><\/p>\n<p><strong>U\u00e7ucu k\u00fcllerin y\u00fczey alan\u0131 \u00e7ok y\u00fcksektir. <\/strong><\/p>\n<p><strong>\u00a0<\/strong><\/p>\n<p><strong>TEKN\u0130K \u00d6ZELL\u0130KLER\u0130<\/strong><\/p>\n<p><strong>CAS NUMARASI: <\/strong><\/p>\n<p><strong>EC NUMARASI: <\/strong><\/p>\n<p><strong>MOLEK\u00dcLER FORM\u00dcL: <\/strong><\/p>\n<p><strong>K\u0130MYASAL FORM\u00dcL: <\/strong><\/p>\n<p><strong>K\u0130MYASAL \u0130SM\u0130: <\/strong><\/p>\n<p><strong>MOLAR K\u00dcTLE: <\/strong><\/p>\n<p><strong>YO\u011eUNLUK: 1.9~2.9<\/strong><\/p>\n<p><strong>ER\u0130ME NOKTASI: <\/strong><\/p>\n<p><strong>KAYNAMA NOKTASI:<\/strong><\/p>\n<p><strong>PARLAMA NOKTASI: <\/strong><\/p>\n<p><strong>SUDA \u00c7\u00d6Z\u00dcN\u00dcRL\u00dcK: <\/strong><\/p>\n<p><strong>\u00a0<\/strong><\/p>\n<p><strong>KULLANIM ALANLARI <\/strong><\/p>\n<p><strong>U\u00e7ucu k\u00fcl en \u00e7ok in\u015faat malzemelerin \u00fcretiminde kullan\u0131l\u0131r.<\/strong><\/p>\n<p><strong>U\u00e7ucu k\u00fcller, yol yap\u0131m\u0131nda, zemin stabilizasyonunda, dolgu ve enjeksiyon i\u015flemlerinde yayg\u0131n olarak kullan\u0131lmaktad\u0131r. <\/strong><\/p>\n<p><strong>U\u00e7ucu k\u00fcl\u00fcn betonda kullan\u0131lmas\u0131 betonunun bir\u00e7ok \u00f6zelli\u011fini iyile\u015ftirmektedir. Bunlar;<\/strong><\/p>\n<p><strong>U\u00e7ucu k\u00fcl taneciklerinin ince ve k\u00fcresel \u015fekilde olmalar\u0131ndan dolay\u0131 betonda kusma ve segregasyonu azaltan etki yapar.<\/strong><\/p>\n<p><strong>U\u00e7ucu k\u00fcl\u00fcn beton kar\u0131\u015f\u0131m\u0131nda \u00e7imento miktar\u0131 k\u0131smi olarak azalt\u0131larak yerine kullan\u0131lmas\u0131 sonucunda betonda kullan\u0131lacak su miktar\u0131n\u0131 azaltmaktad\u0131r. Suyun azalmas\u0131nda ki en \u00f6nemli sebep u\u00e7ucu k\u00fcl\u00fcn taneciklerinin inceli\u011fidir. Normalde taneciklerin inceli\u011finin artmas\u0131 kar\u0131\u015f\u0131m\u0131n su ihtiyac\u0131n\u0131 y\u00fckseltirken, u\u00e7ucu k\u00fcllerin k\u00fcresel \u015fekillerinden dolay\u0131 i\u00e7sel s\u00fcrt\u00fcnme azalacak ve dolas\u0131yla su ihtiyac\u0131nda azalma olmaktad\u0131r.<\/strong><\/p>\n<p><strong>Ayr\u0131ca, bu \u00f6zelliklerinden dolay\u0131 betonun i\u015flenebilirli\u011fini de olumlu y\u00f6nde etkilemektedir.<\/strong><\/p>\n<p><strong>U\u00e7ucu k\u00fcl i\u00e7eren betonlar\u0131nda priz s\u00fcreleri normalden daha uzundur.<\/strong><\/p>\n<p><strong>Taze betonda terlemeyi azalt\u0131r ve i\u015flenebilmeyi art\u0131r\u0131r.<\/strong><\/p>\n<p><strong>Beton hidratasyon \u0131s\u0131s\u0131n\u0131 ve termal \u00e7atlak olu\u015fumunu azalt\u0131r.<\/strong><\/p>\n<p><strong>Sertle\u015fmi\u015f betonun su ge\u00e7irimlili\u011fini azalt\u0131r.<\/strong><\/p>\n<p><strong>\u00c7imento hidratasyon \u00fcr\u00fcn\u00fc kalsiyum hidroksit ile reaksiyona girerek \u00e7i\u00e7eklenmeyi \u00f6nler.<\/strong><\/p>\n<p><strong>Ekonomiklik sa\u011flar.<\/strong><\/p>\n<p><strong>U\u00e7ucu k\u00fcl problemli topraklar\u0131n fiziksel ve kimyasal \u00f6zelliklerini d\u00fczeltmedeki etkisi nedeniyle tar\u0131msal topraklar\u0131n verimini artt\u0131rmada kullan\u0131labilir.<\/strong><\/p>\n<p><strong>U\u00e7ucu k\u00fcl\u00fcn topra\u011fa kat\u0131lmas\u0131 toprak dokusunun d\u00fczelmesini, su tutma kapasitesinin artmas\u0131n\u0131, pH\u2019\u0131n artmas\u0131n\u0131 ve \u00e7o\u011fu makro ve mikro besinlerin deri\u015fiminin artmas\u0131n\u0131 sa\u011flar.<\/strong><\/p>\n<p><strong>U\u00e7ucu k\u00fcl maden pasalar\u0131 ve maden at\u0131klar\u0131n\u0131n asidik y\u00fczeyleri i\u00e7in bir \u0131slah edici olarak kullan\u0131lmaktad\u0131r.<\/strong><\/p>\n<p><strong>U\u00e7ucu k\u00fcl, ka\u011f\u0131t yap\u0131m\u0131 hammaddesi olarak kullan\u0131labilir: Yabanc\u0131 \u00fclkelerde, baz\u0131 \u00e7al\u0131\u015fmalar u\u00e7ucu k\u00fcl\u00fc yeni bir ka\u011f\u0131t yap\u0131m\u0131 hammaddesi olarak kullanm\u0131\u015f ve u\u00e7ucu k\u00fcl\u00fcn, elektron mikroskobu yoluyla ka\u011f\u0131d\u0131n \u00e7ekme mukavemetini ve i\u00e7 ba\u011flanma mukavemetini iyile\u015ftirme prensibini analiz etmi\u015ftir.<\/strong><\/p>\n<p><strong>Di\u011fer kullan\u0131m alanlar\u0131 kire\u00e7-kumta\u015f\u0131 bloklar\u0131, end\u00fcstriyel seramik ve refrakterlerin, boyalar\u0131n \u00fcretiminde, kat\u0131 at\u0131klar\u0131n stabilizasyonunda ve bitki yeti\u015ftirilmesinde kullan\u0131mlar\u0131 say\u0131labilir.<\/strong><\/p>\n<p><strong>\u00a0<\/strong><\/p>\n<p><strong>AMBALAj<\/strong><\/p>\n<p><strong>1-5-20 kg torbalarda<\/strong><\/p>\n<p><strong>\u00a0<\/strong><\/p>\n<p><strong>DEPOLAMA<\/strong><\/p>\n<p><strong>Serin ve kuru yerde muhafaza edilmelidir. \u00dcr\u00fcn kullan\u0131ld\u0131ktan sonra torba a\u011fz\u0131 a\u00e7\u0131k b\u0131rak\u0131lmamal\u0131d\u0131r.<\/strong><\/p>\n","protected":false},"excerpt":{"rendered":"<p>U\u00c7UCU K\u00dcL U\u00e7ucu k\u00fcl, k\u00f6m\u00fcrle \u00e7al\u0131\u015fan termik elektrik santrallerinda ortaya \u00e7\u0131kan bir at\u0131k \u00fcr\u00fcnd\u00fcr. Termik santrallerda \u00e7ok ince \u00f6\u011f\u00fct\u00fclen k\u00f6m\u00fcr\u00fcn<\/p>\n","protected":false},"featured_media":17337,"comment_status":"open","ping_status":"closed","template":"","meta":{"_joinchat":[]},"product_cat":[70],"product_tag":[],"class_list":{"0":"post-17336","1":"product","2":"type-product","3":"status-publish","4":"has-post-thumbnail","6":"product_cat-boya-ve-yapi-kimyasallar","8":"first","9":"instock","10":"shipping-taxable","11":"purchasable","12":"product-type-variable"},"yoast_head":"<!-- This site is optimized with the Yoast SEO Premium plugin v20.2.1 (Yoast SEO v20.2.1) - https:\/\/yoast.com\/wordpress\/plugins\/seo\/ -->\n<title>U\u00c7UCU K\u00dcL - Akerkimya<\/title>\n<meta name=\"robots\" content=\"index, follow, max-snippet:-1, max-image-preview:large, max-video-preview:-1\" \/>\n<link rel=\"canonical\" href=\"https:\/\/akerkimya.com\/eticaret\/urun\/ucucu-kul\/\" \/>\n<meta property=\"og:locale\" content=\"tr_TR\" \/>\n<meta property=\"og:type\" content=\"article\" \/>\n<meta property=\"og:title\" content=\"U\u00c7UCU K\u00dcL\" \/>\n<meta property=\"og:description\" content=\"U\u00c7UCU K\u00dcL U\u00e7ucu k\u00fcl, k\u00f6m\u00fcrle \u00e7al\u0131\u015fan termik elektrik santrallerinda ortaya \u00e7\u0131kan bir at\u0131k \u00fcr\u00fcnd\u00fcr. Termik santrallerda \u00e7ok ince \u00f6\u011f\u00fct\u00fclen k\u00f6m\u00fcr\u00fcn\" \/>\n<meta property=\"og:url\" content=\"https:\/\/akerkimya.com\/eticaret\/urun\/ucucu-kul\/\" \/>\n<meta property=\"og:site_name\" content=\"Akerkimya\" \/>\n<meta property=\"article:modified_time\" content=\"2026-03-29T23:24:11+00:00\" \/>\n<meta property=\"og:image\" content=\"https:\/\/akerkimya.com\/eticaret\/wp-content\/uploads\/2025\/01\/UCUCU-KUL-GUNCEL-.png\" \/>\n\t<meta property=\"og:image:width\" content=\"1000\" \/>\n\t<meta property=\"og:image:height\" content=\"1000\" \/>\n\t<meta property=\"og:image:type\" content=\"image\/png\" \/>\n<meta name=\"twitter:card\" content=\"summary_large_image\" \/>\n<meta name=\"twitter:label1\" content=\"Tahmini okuma s\u00fcresi\" \/>\n\t<meta name=\"twitter:data1\" content=\"3 dakika\" \/>\n<script type=\"application\/ld+json\" class=\"yoast-schema-graph\">{\"@context\":\"https:\/\/schema.org\",\"@graph\":[{\"@type\":\"WebPage\",\"@id\":\"https:\/\/akerkimya.com\/eticaret\/urun\/ucucu-kul\/\",\"url\":\"https:\/\/akerkimya.com\/eticaret\/urun\/ucucu-kul\/\",\"name\":\"U\u00c7UCU K\u00dcL - Akerkimya\",\"isPartOf\":{\"@id\":\"https:\/\/akerkimya.com\/eticaret\/#website\"},\"datePublished\":\"2025-01-02T15:11:10+00:00\",\"dateModified\":\"2026-03-29T23:24:11+00:00\",\"breadcrumb\":{\"@id\":\"https:\/\/akerkimya.com\/eticaret\/urun\/ucucu-kul\/#breadcrumb\"},\"inLanguage\":\"tr\",\"potentialAction\":[{\"@type\":\"ReadAction\",\"target\":[\"https:\/\/akerkimya.com\/eticaret\/urun\/ucucu-kul\/\"]}]},{\"@type\":\"BreadcrumbList\",\"@id\":\"https:\/\/akerkimya.com\/eticaret\/urun\/ucucu-kul\/#breadcrumb\",\"itemListElement\":[{\"@type\":\"ListItem\",\"position\":1,\"name\":\"Home\",\"item\":\"https:\/\/akerkimya.com\/eticaret\/\"},{\"@type\":\"ListItem\",\"position\":2,\"name\":\"Market\",\"item\":\"https:\/\/akerkimya.com\/eticaret\/market\/\"},{\"@type\":\"ListItem\",\"position\":3,\"name\":\"U\u00c7UCU K\u00dcL\"}]},{\"@type\":\"WebSite\",\"@id\":\"https:\/\/akerkimya.com\/eticaret\/#website\",\"url\":\"https:\/\/akerkimya.com\/eticaret\/\",\"name\":\"Akerkimya\",\"description\":\"\",\"potentialAction\":[{\"@type\":\"SearchAction\",\"target\":{\"@type\":\"EntryPoint\",\"urlTemplate\":\"https:\/\/akerkimya.com\/eticaret\/?s={search_term_string}\"},\"query-input\":\"required name=search_term_string\"}],\"inLanguage\":\"tr\"}]}<\/script>\n<!-- \/ Yoast SEO Premium plugin. -->","yoast_head_json":{"title":"U\u00c7UCU K\u00dcL - Akerkimya","robots":{"index":"index","follow":"follow","max-snippet":"max-snippet:-1","max-image-preview":"max-image-preview:large","max-video-preview":"max-video-preview:-1"},"canonical":"https:\/\/akerkimya.com\/eticaret\/urun\/ucucu-kul\/","og_locale":"tr_TR","og_type":"article","og_title":"U\u00c7UCU K\u00dcL","og_description":"U\u00c7UCU K\u00dcL U\u00e7ucu k\u00fcl, k\u00f6m\u00fcrle \u00e7al\u0131\u015fan termik elektrik santrallerinda ortaya \u00e7\u0131kan bir at\u0131k \u00fcr\u00fcnd\u00fcr. Termik santrallerda \u00e7ok ince \u00f6\u011f\u00fct\u00fclen k\u00f6m\u00fcr\u00fcn","og_url":"https:\/\/akerkimya.com\/eticaret\/urun\/ucucu-kul\/","og_site_name":"Akerkimya","article_modified_time":"2026-03-29T23:24:11+00:00","og_image":[{"width":1000,"height":1000,"url":"https:\/\/akerkimya.com\/eticaret\/wp-content\/uploads\/2025\/01\/UCUCU-KUL-GUNCEL-.png","type":"image\/png"}],"twitter_card":"summary_large_image","twitter_misc":{"Tahmini okuma s\u00fcresi":"3 dakika"},"schema":{"@context":"https:\/\/schema.org","@graph":[{"@type":"WebPage","@id":"https:\/\/akerkimya.com\/eticaret\/urun\/ucucu-kul\/","url":"https:\/\/akerkimya.com\/eticaret\/urun\/ucucu-kul\/","name":"U\u00c7UCU K\u00dcL - Akerkimya","isPartOf":{"@id":"https:\/\/akerkimya.com\/eticaret\/#website"},"datePublished":"2025-01-02T15:11:10+00:00","dateModified":"2026-03-29T23:24:11+00:00","breadcrumb":{"@id":"https:\/\/akerkimya.com\/eticaret\/urun\/ucucu-kul\/#breadcrumb"},"inLanguage":"tr","potentialAction":[{"@type":"ReadAction","target":["https:\/\/akerkimya.com\/eticaret\/urun\/ucucu-kul\/"]}]},{"@type":"BreadcrumbList","@id":"https:\/\/akerkimya.com\/eticaret\/urun\/ucucu-kul\/#breadcrumb","itemListElement":[{"@type":"ListItem","position":1,"name":"Home","item":"https:\/\/akerkimya.com\/eticaret\/"},{"@type":"ListItem","position":2,"name":"Market","item":"https:\/\/akerkimya.com\/eticaret\/market\/"},{"@type":"ListItem","position":3,"name":"U\u00c7UCU K\u00dcL"}]},{"@type":"WebSite","@id":"https:\/\/akerkimya.com\/eticaret\/#website","url":"https:\/\/akerkimya.com\/eticaret\/","name":"Akerkimya","description":"","potentialAction":[{"@type":"SearchAction","target":{"@type":"EntryPoint","urlTemplate":"https:\/\/akerkimya.com\/eticaret\/?s={search_term_string}"},"query-input":"required name=search_term_string"}],"inLanguage":"tr"}]}},"_links":{"self":[{"href":"https:\/\/akerkimya.com\/eticaret\/wp-json\/wp\/v2\/product\/17336","targetHints":{"allow":["GET"]}}],"collection":[{"href":"https:\/\/akerkimya.com\/eticaret\/wp-json\/wp\/v2\/product"}],"about":[{"href":"https:\/\/akerkimya.com\/eticaret\/wp-json\/wp\/v2\/types\/product"}],"replies":[{"embeddable":true,"href":"https:\/\/akerkimya.com\/eticaret\/wp-json\/wp\/v2\/comments?post=17336"}],"version-history":[{"count":2,"href":"https:\/\/akerkimya.com\/eticaret\/wp-json\/wp\/v2\/product\/17336\/revisions"}],"predecessor-version":[{"id":19482,"href":"https:\/\/akerkimya.com\/eticaret\/wp-json\/wp\/v2\/product\/17336\/revisions\/19482"}],"wp:featuredmedia":[{"embeddable":true,"href":"https:\/\/akerkimya.com\/eticaret\/wp-json\/wp\/v2\/media\/17337"}],"wp:attachment":[{"href":"https:\/\/akerkimya.com\/eticaret\/wp-json\/wp\/v2\/media?parent=17336"}],"wp:term":[{"taxonomy":"product_cat","embeddable":true,"href":"https:\/\/akerkimya.com\/eticaret\/wp-json\/wp\/v2\/product_cat?post=17336"},{"taxonomy":"product_tag","embeddable":true,"href":"https:\/\/akerkimya.com\/eticaret\/wp-json\/wp\/v2\/product_tag?post=17336"}],"curies":[{"name":"wp","href":"https:\/\/api.w.org\/{rel}","templated":true}]}}