{"id":17342,"date":"2025-01-02T18:13:38","date_gmt":"2025-01-02T15:13:38","guid":{"rendered":"https:\/\/akerkimya.com\/eticaret\/?post_type=product&#038;p=17342"},"modified":"2026-03-30T02:24:11","modified_gmt":"2026-03-29T23:24:11","slug":"17342","status":"publish","type":"product","link":"https:\/\/akerkimya.com\/eticaret\/urun\/17342\/","title":{"rendered":"\u00dcRE"},"content":{"rendered":"<h1>\u00dcRE<\/h1>\n<p><strong>\u00dcre, CH4N2O kimyasal form\u00fcl\u00fcne sahip beyaz renkli, suda kolay ve \u00e7ok eriyen ve karbonik asidin diamidi olan \u00fcre, ayn\u0131 zamanda karbamik asidin amidi oldu\u011funda karbamid ad\u0131 olarak da bilinir. Teknik olarak amonyum karbonat\u0131n 150-200 \u00b0C\u2019ye kadar \u0131s\u0131t\u0131lmas\u0131ndan \u00fcre eldesi sa\u011flan\u0131r. Tar\u0131m sekt\u00f6r\u00fcnde \u00f6ncelikle kullan\u0131m alan\u0131 bulunan \u00fcre i\u00e7eri\u011finde F N (azot) bar\u0131nd\u0131rmas\u0131yla tercih sebebi olmu\u015ftur.<\/strong><\/p>\n<p><strong>\u00a0<\/strong><\/p>\n<p><strong>\u00dcRE \u00d6ZELL\u0130KLER\u0130<\/strong><\/p>\n<p><strong>Gran\u00fcl yap\u0131l\u0131, beyaz renkli formdad\u0131r.<\/strong><\/p>\n<p><strong>Kokusuzdur.<\/strong><\/p>\n<p><strong>Sprey olarak veya sulama sistemleri vas\u0131tas\u0131yla suda \u00e7\u00f6z\u00fcl\u00fcr.<\/strong><\/p>\n<p><strong>\u00dcrenin konsantrasyonu artt\u0131k\u00e7a \u00e7\u00f6z\u00fclmesi gittik\u00e7e zorla\u015f\u0131r. <\/strong><\/p>\n<p><strong>\u00dcre suda eritilirse endotermik olur, \u00e7\u00f6zelti s\u0131cakl\u0131\u011f\u0131 \u00fcre eriyince d\u00fc\u015fer.<\/strong><\/p>\n<p><strong>\u00a0<\/strong><\/p>\n<p><strong>TEKN\u0130K \u00d6ZELL\u0130KLER\u0130<\/strong><\/p>\n<p><strong>CAS NUMARASI: 57-13-6<\/strong><\/p>\n<p><strong>MOLEK\u00dcLER FORM\u00dcL\u00dc: CH4N2O<\/strong><\/p>\n<p><strong>K\u0130MYASAL ADI: \u00dcre, Urea, Pura, Karbamid, Amino Metanamid, Diaminometanal <\/strong><\/p>\n<p><strong>MOLAR A\u011eIRLIK: 60,06 g\/mol<\/strong><\/p>\n<p><strong>YO\u011eUNLUK: 1.32 g\/cm3<\/strong><\/p>\n<p><strong>ER\u0130ME SICAKLI\u011eI: 134 \u00b0C<\/strong><\/p>\n<p><strong>PaK: 0.18<\/strong><\/p>\n<p><strong>SUDA \u00c7\u00d6Z\u00dcN\u00dcM: 107.9 g\/100 ml (20 \u00b0C), 167 g\/100 ml(40\u00b0C), 251 g\/100 ml(60\u00b0C)<\/strong><\/p>\n<p><strong>\u00c7\u00d6Z\u00dcN\u00dcM: 50 g\/L etanol \u2013 500 g\/L gliserin<\/strong><\/p>\n<p><strong>\u00a0<\/strong><\/p>\n<p><strong>KULLANIM ALANLARI<\/strong><\/p>\n<p><strong>D\u00fcnyadaki end\u00fcstriyel \u00fcre \u00fcreterinin %90\u2019n\u0131ndan fazlas\u0131, azot sal\u0131ml\u0131 g\u00fcbreler olarak kullan\u0131lmak \u00fczere g\u00f6nderilir.<\/strong><\/p>\n<p><strong>Patlay\u0131c\u0131 cihazlar\u0131n bir par\u00e7as\u0131 olarak kullan\u0131lan y\u00fcksek bir patlay\u0131c\u0131 olan \u00fcre nitrat olu\u015fturmak i\u00e7in kullan\u0131l\u0131r.<\/strong><\/p>\n<p><strong>\u00dcre, ortak kullan\u0131lan azotlu g\u00fcbrelerin en y\u00fcksek azot i\u00e7eri\u011fine sahiptir.<\/strong><\/p>\n<p><strong>Sulanan bitkilerde \u00fcre topra\u011fa kuru olarak uygulanabilir veya \u00e7\u00f6z\u00fcnm\u00fc\u015f ve sulama suyu vas\u0131tas\u0131yla uygulanabilir. <\/strong><\/p>\n<p><strong>\u00dcrenin nem emebilme \u00f6zelli\u011finden faydalan\u0131larak boya sekt\u00f6r\u00fcnde kullan\u0131l\u0131r.<\/strong><\/p>\n<p><strong>Tah\u0131l ve pamuk ekinlerinde, \u00fcre ekimden \u00f6nce ve son ekim s\u0131ras\u0131nda s\u0131kl\u0131kla uygulan\u0131r.<\/strong><\/p>\n<p><strong>\u00dcst s\u00fcsleme, mera ve yem bitkileri i\u00e7in de pop\u00fclerdir.<\/strong><\/p>\n<p><strong>Sulama hatlar\u0131n\u0131n i\u00e7erisine maksimum 3 g\/L olacak \u015fekilde fergitasyon olarak kullan\u0131lmaktad\u0131r.<\/strong><\/p>\n<p><strong>\u015eeker kam\u0131\u015f\u0131 yeti\u015ftiricili\u011finde, \u00fcre ekildikten sonra yan giyinir ve her tahin bitkisine uygulan\u0131r.<\/strong><\/p>\n<p><strong>Nitrosel\u00fclozl\u00fc patlay\u0131c\u0131larda stabilizat\u00f6rd\u00fcr.<\/strong><\/p>\n<p><strong>\u00a0<\/strong><\/p>\n<p><strong>AMBALAJ<\/strong><\/p>\n<p><strong>1-5-10-25-50 kg torbalar halinde <\/strong><\/p>\n<p><strong>\u00a0<\/strong><\/p>\n<p><strong>DEPOLAMA <\/strong><\/p>\n<p><strong>Serin ve nem olmayan yerde ve kapal\u0131 ambalajlarda muhafaza edilmelidir.<\/strong><\/p>\n","protected":false},"excerpt":{"rendered":"<p>\u00dcRE \u00dcre, CH4N2O kimyasal form\u00fcl\u00fcne sahip beyaz renkli, suda kolay ve \u00e7ok eriyen ve karbonik asidin diamidi olan \u00fcre, ayn\u0131<\/p>\n","protected":false},"featured_media":17343,"comment_status":"open","ping_status":"closed","template":"","meta":{"_joinchat":[]},"product_cat":[70,79],"product_tag":[],"class_list":{"0":"post-17342","1":"product","2":"type-product","3":"status-publish","4":"has-post-thumbnail","6":"product_cat-boya-ve-yapi-kimyasallar","7":"product_cat-tarim-kimyasallari","9":"first","10":"instock","11":"shipping-taxable","12":"purchasable","13":"product-type-variable"},"yoast_head":"<!-- This site is optimized with the Yoast SEO Premium plugin v20.2.1 (Yoast SEO v20.2.1) - https:\/\/yoast.com\/wordpress\/plugins\/seo\/ -->\n<title>\u00dcRE - Akerkimya<\/title>\n<meta name=\"robots\" content=\"index, follow, max-snippet:-1, max-image-preview:large, max-video-preview:-1\" \/>\n<link rel=\"canonical\" href=\"https:\/\/akerkimya.com\/eticaret\/urun\/17342\/\" \/>\n<meta property=\"og:locale\" content=\"tr_TR\" \/>\n<meta property=\"og:type\" content=\"article\" \/>\n<meta property=\"og:title\" content=\"\u00dcRE\" \/>\n<meta property=\"og:description\" content=\"\u00dcRE \u00dcre, CH4N2O kimyasal form\u00fcl\u00fcne sahip beyaz renkli, suda kolay ve \u00e7ok eriyen ve karbonik asidin diamidi olan \u00fcre, ayn\u0131\" \/>\n<meta property=\"og:url\" content=\"https:\/\/akerkimya.com\/eticaret\/urun\/17342\/\" \/>\n<meta property=\"og:site_name\" content=\"Akerkimya\" \/>\n<meta property=\"article:modified_time\" content=\"2026-03-29T23:24:11+00:00\" \/>\n<meta property=\"og:image\" content=\"https:\/\/akerkimya.com\/eticaret\/wp-content\/uploads\/2025\/01\/URE-GUNCEL.png\" \/>\n\t<meta property=\"og:image:width\" content=\"1000\" \/>\n\t<meta property=\"og:image:height\" content=\"1000\" \/>\n\t<meta property=\"og:image:type\" content=\"image\/png\" \/>\n<meta name=\"twitter:card\" content=\"summary_large_image\" \/>\n<meta name=\"twitter:label1\" content=\"Tahmini okuma s\u00fcresi\" \/>\n\t<meta name=\"twitter:data1\" content=\"2 dakika\" \/>\n<script type=\"application\/ld+json\" class=\"yoast-schema-graph\">{\"@context\":\"https:\/\/schema.org\",\"@graph\":[{\"@type\":\"WebPage\",\"@id\":\"https:\/\/akerkimya.com\/eticaret\/urun\/17342\/\",\"url\":\"https:\/\/akerkimya.com\/eticaret\/urun\/17342\/\",\"name\":\"\u00dcRE - Akerkimya\",\"isPartOf\":{\"@id\":\"https:\/\/akerkimya.com\/eticaret\/#website\"},\"datePublished\":\"2025-01-02T15:13:38+00:00\",\"dateModified\":\"2026-03-29T23:24:11+00:00\",\"breadcrumb\":{\"@id\":\"https:\/\/akerkimya.com\/eticaret\/urun\/17342\/#breadcrumb\"},\"inLanguage\":\"tr\",\"potentialAction\":[{\"@type\":\"ReadAction\",\"target\":[\"https:\/\/akerkimya.com\/eticaret\/urun\/17342\/\"]}]},{\"@type\":\"BreadcrumbList\",\"@id\":\"https:\/\/akerkimya.com\/eticaret\/urun\/17342\/#breadcrumb\",\"itemListElement\":[{\"@type\":\"ListItem\",\"position\":1,\"name\":\"Home\",\"item\":\"https:\/\/akerkimya.com\/eticaret\/\"},{\"@type\":\"ListItem\",\"position\":2,\"name\":\"Market\",\"item\":\"https:\/\/akerkimya.com\/eticaret\/market\/\"},{\"@type\":\"ListItem\",\"position\":3,\"name\":\"\u00dcRE\"}]},{\"@type\":\"WebSite\",\"@id\":\"https:\/\/akerkimya.com\/eticaret\/#website\",\"url\":\"https:\/\/akerkimya.com\/eticaret\/\",\"name\":\"Akerkimya\",\"description\":\"\",\"potentialAction\":[{\"@type\":\"SearchAction\",\"target\":{\"@type\":\"EntryPoint\",\"urlTemplate\":\"https:\/\/akerkimya.com\/eticaret\/?s={search_term_string}\"},\"query-input\":\"required name=search_term_string\"}],\"inLanguage\":\"tr\"}]}<\/script>\n<!-- \/ Yoast SEO Premium plugin. -->","yoast_head_json":{"title":"\u00dcRE - Akerkimya","robots":{"index":"index","follow":"follow","max-snippet":"max-snippet:-1","max-image-preview":"max-image-preview:large","max-video-preview":"max-video-preview:-1"},"canonical":"https:\/\/akerkimya.com\/eticaret\/urun\/17342\/","og_locale":"tr_TR","og_type":"article","og_title":"\u00dcRE","og_description":"\u00dcRE \u00dcre, CH4N2O kimyasal form\u00fcl\u00fcne sahip beyaz renkli, suda kolay ve \u00e7ok eriyen ve karbonik asidin diamidi olan \u00fcre, ayn\u0131","og_url":"https:\/\/akerkimya.com\/eticaret\/urun\/17342\/","og_site_name":"Akerkimya","article_modified_time":"2026-03-29T23:24:11+00:00","og_image":[{"width":1000,"height":1000,"url":"https:\/\/akerkimya.com\/eticaret\/wp-content\/uploads\/2025\/01\/URE-GUNCEL.png","type":"image\/png"}],"twitter_card":"summary_large_image","twitter_misc":{"Tahmini okuma s\u00fcresi":"2 dakika"},"schema":{"@context":"https:\/\/schema.org","@graph":[{"@type":"WebPage","@id":"https:\/\/akerkimya.com\/eticaret\/urun\/17342\/","url":"https:\/\/akerkimya.com\/eticaret\/urun\/17342\/","name":"\u00dcRE - Akerkimya","isPartOf":{"@id":"https:\/\/akerkimya.com\/eticaret\/#website"},"datePublished":"2025-01-02T15:13:38+00:00","dateModified":"2026-03-29T23:24:11+00:00","breadcrumb":{"@id":"https:\/\/akerkimya.com\/eticaret\/urun\/17342\/#breadcrumb"},"inLanguage":"tr","potentialAction":[{"@type":"ReadAction","target":["https:\/\/akerkimya.com\/eticaret\/urun\/17342\/"]}]},{"@type":"BreadcrumbList","@id":"https:\/\/akerkimya.com\/eticaret\/urun\/17342\/#breadcrumb","itemListElement":[{"@type":"ListItem","position":1,"name":"Home","item":"https:\/\/akerkimya.com\/eticaret\/"},{"@type":"ListItem","position":2,"name":"Market","item":"https:\/\/akerkimya.com\/eticaret\/market\/"},{"@type":"ListItem","position":3,"name":"\u00dcRE"}]},{"@type":"WebSite","@id":"https:\/\/akerkimya.com\/eticaret\/#website","url":"https:\/\/akerkimya.com\/eticaret\/","name":"Akerkimya","description":"","potentialAction":[{"@type":"SearchAction","target":{"@type":"EntryPoint","urlTemplate":"https:\/\/akerkimya.com\/eticaret\/?s={search_term_string}"},"query-input":"required name=search_term_string"}],"inLanguage":"tr"}]}},"_links":{"self":[{"href":"https:\/\/akerkimya.com\/eticaret\/wp-json\/wp\/v2\/product\/17342","targetHints":{"allow":["GET"]}}],"collection":[{"href":"https:\/\/akerkimya.com\/eticaret\/wp-json\/wp\/v2\/product"}],"about":[{"href":"https:\/\/akerkimya.com\/eticaret\/wp-json\/wp\/v2\/types\/product"}],"replies":[{"embeddable":true,"href":"https:\/\/akerkimya.com\/eticaret\/wp-json\/wp\/v2\/comments?post=17342"}],"version-history":[{"count":2,"href":"https:\/\/akerkimya.com\/eticaret\/wp-json\/wp\/v2\/product\/17342\/revisions"}],"predecessor-version":[{"id":17375,"href":"https:\/\/akerkimya.com\/eticaret\/wp-json\/wp\/v2\/product\/17342\/revisions\/17375"}],"wp:featuredmedia":[{"embeddable":true,"href":"https:\/\/akerkimya.com\/eticaret\/wp-json\/wp\/v2\/media\/17343"}],"wp:attachment":[{"href":"https:\/\/akerkimya.com\/eticaret\/wp-json\/wp\/v2\/media?parent=17342"}],"wp:term":[{"taxonomy":"product_cat","embeddable":true,"href":"https:\/\/akerkimya.com\/eticaret\/wp-json\/wp\/v2\/product_cat?post=17342"},{"taxonomy":"product_tag","embeddable":true,"href":"https:\/\/akerkimya.com\/eticaret\/wp-json\/wp\/v2\/product_tag?post=17342"}],"curies":[{"name":"wp","href":"https:\/\/api.w.org\/{rel}","templated":true}]}}