{"id":17350,"date":"2025-01-02T18:16:29","date_gmt":"2025-01-02T15:16:29","guid":{"rendered":"https:\/\/akerkimya.com\/eticaret\/?post_type=product&#038;p=17350"},"modified":"2026-03-30T02:24:12","modified_gmt":"2026-03-29T23:24:12","slug":"wollastonite","status":"publish","type":"product","link":"https:\/\/akerkimya.com\/eticaret\/urun\/wollastonite\/","title":{"rendered":"WOLLASTON\u0130TE (KALS\u0130YUM S\u0130L\u0130KAT)"},"content":{"rendered":"<h2>WOLLASTON\u0130TE (KALS\u0130YUM S\u0130L\u0130KAT)<\/h2>\n<p><strong>End\u00fcstriyel bir mineral olan wollastonite, do\u011fal kalsiyum meta silikat olarak tan\u0131mlan\u0131r Wollastonitin teorik bile\u015fimi % 48,3 CaO ve % 51,7 SiO2\u2019den olu\u015fur. Saf halde beyaz lifsi g\u00f6r\u00fcn\u00fcmde olan mineral, imp\u00fcr\u00fcteler (\u00e7e\u015fitli safs\u0131zl\u0131klar) nedeni ile gri ya da kahverengi renk kazanabilir.<\/strong><\/p>\n<h3><strong>\u00d6zellikler ve Avantajlar\u0131<\/strong><\/h3>\n<p><strong>Wollastonite, silicate gibi bir \u00e7e\u015fit zincire ve lifli ve i\u011fne benzeri bir \u015fekli vard\u0131r. Wollastonite iyi \u00a0bir termal yal\u0131t\u0131m, y\u00fcksek beyazl\u0131k, iyi dielektrik \u00f6zellikleri ve y\u00fcksek \u0131s\u0131ya dayan\u0131kl\u0131 ve hava ko\u015fullar\u0131na dayan\u0131kl\u0131l\u0131k \u00f6zelli\u011fine sahiptir. Wollastonite, seramik, kimya sanayi, metal\u00fcrji, k\u00e2\u011f\u0131t yap\u0131m\u0131, plastik, kaplama ve di\u011fer alanlarda kullan\u0131lmaktad\u0131r.<\/strong><\/p>\n<p><em><strong>\u00a0<\/strong><\/em><\/p>\n<h3><strong>Teknik \u00d6zellikleri<\/strong><\/h3>\n<p><strong>Form\u00fcl: Ca3<\/strong><\/p>\n<p><strong>Renk: Beyaz, krem ve gri<\/strong><\/p>\n<p><strong>\u00d6zg\u00fcl a\u011f\u0131rl\u0131k:2,8-3,9 gr\/cm<\/strong><\/p>\n<p><strong>Molek\u00fcl a\u011f\u0131rl\u0131\u011f\u0131:116<\/strong><\/p>\n<p><strong>Erime noktas\u0131:1540C<\/strong><\/p>\n<p><strong>Is\u0131sal genle\u015fme kat say\u0131s\u0131:6,5\u00d710 6 mm\/oC<\/strong><\/p>\n<p><strong>Nem:%4<\/strong><\/p>\n<p><em><strong>\u00a0<\/strong><\/em><\/p>\n<h3><strong>Kullan\u0131m Alanlar\u0131<\/strong><\/h3>\n<p><strong>Seramik sanayinde \u00fcretimde feldspat, kalsit, kuvars, dolomit, talk gibi hammaddeler yerine veya seramik \u00fcr\u00fcn\u00fcn belirli \u00f6zelliklerinin d\u00fczenlenebilmesinde wollastonite kullan\u0131lmaktad\u0131r.<\/strong><\/p>\n<p><strong>Boya Sanayinde\u00a0parlak beyazl\u0131\u011f\u0131 dolay\u0131s\u0131yla beyaz ve renkli boyalar\u0131n elde edilmesinde kullan\u0131l\u0131r.<\/strong><\/p>\n<p><strong>Plastik Sanayinde\u00a0genellikle sak\u0131z, lastik, suni k\u00f6sele (poli\u00fcretan) ve ayr\u0131ca siyah olmayan de\u011fi\u015fik lastiklerin (kau\u00e7uklar\u0131n) elde edilmesinde kullan\u0131l\u0131r.<\/strong><\/p>\n<p><strong>Mineral y\u00fcn\u00fc elde edilmesinde a\u015f\u0131nd\u0131r\u0131c\u0131 olarak kullan\u0131l\u0131r.<\/strong><\/p>\n<p><strong>Wollastonite ayr\u0131ca kaplama ve k\u00e2\u011f\u0131t end\u00fcstrisinde katk\u0131 maddesi olarak kullan\u0131l\u0131r. Sentetik kalsiyum silikat, toprak d\u00fczenleyici ve\u00a0Verim artt\u0131r\u0131c\u0131 olarak kire\u00e7ta\u015f\u0131 yerine tar\u0131mda kullan\u0131lmaktad\u0131r.<\/strong><\/p>\n<p><strong>Wollastonit mineral \u00f6zelli\u011fi nedeniyle cam sanayinde, parlakl\u0131\u011f\u0131 ve sa\u011flaml\u0131\u011f\u0131 ile naylon sanayinde kal\u0131plama i\u015flerinde kullan\u0131labilir.<\/strong><\/p>\n<p><strong>Wollastonite ayr\u0131ca yer ve duvar karolar\u0131nda,<\/strong><\/p>\n<p><strong>Elektrik izolat\u00f6rleri ile abrasif disk imalinde<\/strong><\/p>\n<p><strong>Ate\u015fe dayan\u0131kl\u0131 (refrakter) mamul \u00fcretiminde<\/strong><\/p>\n<p><strong>Yap\u0131\u015fkanlarda ve yal\u0131t\u0131m malzemeleri \u00fcretiminde kullan\u0131lmaktad\u0131r.<\/strong><\/p>\n<p><em><strong>\u00a0<\/strong><\/em><\/p>\n<p><strong>AMBALAJ <\/strong><\/p>\n<p><strong>1-5-25 kg torbalar halinde <\/strong><\/p>\n<p><strong>\u00a0<\/strong><\/p>\n<p><strong>DEPOLAMA<\/strong><\/p>\n<p><strong>G\u00fcne\u015f \u0131\u015f\u0131\u011f\u0131na temas etmeyen kuru ve serin yerlerde muhafaza ediniz.<\/strong><\/p>\n<p><em><strong>\u00a0<\/strong><\/em><\/p>\n","protected":false},"excerpt":{"rendered":"<p>WOLLASTON\u0130TE (KALS\u0130YUM S\u0130L\u0130KAT) End\u00fcstriyel bir mineral olan wollastonite, do\u011fal kalsiyum meta silikat olarak tan\u0131mlan\u0131r Wollastonitin teorik bile\u015fimi % 48,3 CaO<\/p>\n","protected":false},"featured_media":17351,"comment_status":"open","ping_status":"closed","template":"","meta":{"_joinchat":[]},"product_cat":[70,72,78,79],"product_tag":[],"class_list":{"0":"post-17350","1":"product","2":"type-product","3":"status-publish","4":"has-post-thumbnail","6":"product_cat-boya-ve-yapi-kimyasallar","7":"product_cat-cam-ve-seramik-kimyasallari","8":"product_cat-metal-dokum-kaplama","9":"product_cat-tarim-kimyasallari","11":"first","12":"instock","13":"shipping-taxable","14":"purchasable","15":"product-type-variable"},"yoast_head":"<!-- This site is optimized with the Yoast SEO Premium plugin v20.2.1 (Yoast SEO v20.2.1) - https:\/\/yoast.com\/wordpress\/plugins\/seo\/ -->\n<title>WOLLASTON\u0130TE (KALS\u0130YUM S\u0130L\u0130KAT) - Akerkimya<\/title>\n<meta name=\"robots\" content=\"index, follow, max-snippet:-1, max-image-preview:large, max-video-preview:-1\" \/>\n<link rel=\"canonical\" href=\"https:\/\/akerkimya.com\/eticaret\/urun\/wollastonite\/\" \/>\n<meta property=\"og:locale\" content=\"tr_TR\" \/>\n<meta property=\"og:type\" content=\"article\" \/>\n<meta property=\"og:title\" content=\"WOLLASTON\u0130TE (KALS\u0130YUM S\u0130L\u0130KAT)\" \/>\n<meta property=\"og:description\" content=\"WOLLASTON\u0130TE (KALS\u0130YUM S\u0130L\u0130KAT) End\u00fcstriyel bir mineral olan wollastonite, do\u011fal kalsiyum meta silikat olarak tan\u0131mlan\u0131r Wollastonitin teorik bile\u015fimi % 48,3 CaO\" \/>\n<meta property=\"og:url\" content=\"https:\/\/akerkimya.com\/eticaret\/urun\/wollastonite\/\" \/>\n<meta property=\"og:site_name\" content=\"Akerkimya\" \/>\n<meta property=\"article:modified_time\" content=\"2026-03-29T23:24:12+00:00\" \/>\n<meta property=\"og:image\" content=\"https:\/\/akerkimya.com\/eticaret\/wp-content\/uploads\/2025\/01\/WOLLASTONITE-GUNCEL-.png\" \/>\n\t<meta property=\"og:image:width\" content=\"1000\" \/>\n\t<meta property=\"og:image:height\" content=\"1000\" \/>\n\t<meta property=\"og:image:type\" content=\"image\/png\" \/>\n<meta name=\"twitter:card\" content=\"summary_large_image\" \/>\n<meta name=\"twitter:label1\" content=\"Tahmini okuma s\u00fcresi\" \/>\n\t<meta name=\"twitter:data1\" content=\"2 dakika\" \/>\n<script type=\"application\/ld+json\" class=\"yoast-schema-graph\">{\"@context\":\"https:\/\/schema.org\",\"@graph\":[{\"@type\":\"WebPage\",\"@id\":\"https:\/\/akerkimya.com\/eticaret\/urun\/wollastonite\/\",\"url\":\"https:\/\/akerkimya.com\/eticaret\/urun\/wollastonite\/\",\"name\":\"WOLLASTON\u0130TE (KALS\u0130YUM S\u0130L\u0130KAT) - Akerkimya\",\"isPartOf\":{\"@id\":\"https:\/\/akerkimya.com\/eticaret\/#website\"},\"datePublished\":\"2025-01-02T15:16:29+00:00\",\"dateModified\":\"2026-03-29T23:24:12+00:00\",\"breadcrumb\":{\"@id\":\"https:\/\/akerkimya.com\/eticaret\/urun\/wollastonite\/#breadcrumb\"},\"inLanguage\":\"tr\",\"potentialAction\":[{\"@type\":\"ReadAction\",\"target\":[\"https:\/\/akerkimya.com\/eticaret\/urun\/wollastonite\/\"]}]},{\"@type\":\"BreadcrumbList\",\"@id\":\"https:\/\/akerkimya.com\/eticaret\/urun\/wollastonite\/#breadcrumb\",\"itemListElement\":[{\"@type\":\"ListItem\",\"position\":1,\"name\":\"Home\",\"item\":\"https:\/\/akerkimya.com\/eticaret\/\"},{\"@type\":\"ListItem\",\"position\":2,\"name\":\"Market\",\"item\":\"https:\/\/akerkimya.com\/eticaret\/market\/\"},{\"@type\":\"ListItem\",\"position\":3,\"name\":\"WOLLASTON\u0130TE (KALS\u0130YUM S\u0130L\u0130KAT)\"}]},{\"@type\":\"WebSite\",\"@id\":\"https:\/\/akerkimya.com\/eticaret\/#website\",\"url\":\"https:\/\/akerkimya.com\/eticaret\/\",\"name\":\"Akerkimya\",\"description\":\"\",\"potentialAction\":[{\"@type\":\"SearchAction\",\"target\":{\"@type\":\"EntryPoint\",\"urlTemplate\":\"https:\/\/akerkimya.com\/eticaret\/?s={search_term_string}\"},\"query-input\":\"required name=search_term_string\"}],\"inLanguage\":\"tr\"}]}<\/script>\n<!-- \/ Yoast SEO Premium plugin. -->","yoast_head_json":{"title":"WOLLASTON\u0130TE (KALS\u0130YUM S\u0130L\u0130KAT) - Akerkimya","robots":{"index":"index","follow":"follow","max-snippet":"max-snippet:-1","max-image-preview":"max-image-preview:large","max-video-preview":"max-video-preview:-1"},"canonical":"https:\/\/akerkimya.com\/eticaret\/urun\/wollastonite\/","og_locale":"tr_TR","og_type":"article","og_title":"WOLLASTON\u0130TE (KALS\u0130YUM S\u0130L\u0130KAT)","og_description":"WOLLASTON\u0130TE (KALS\u0130YUM S\u0130L\u0130KAT) End\u00fcstriyel bir mineral olan wollastonite, do\u011fal kalsiyum meta silikat olarak tan\u0131mlan\u0131r Wollastonitin teorik bile\u015fimi % 48,3 CaO","og_url":"https:\/\/akerkimya.com\/eticaret\/urun\/wollastonite\/","og_site_name":"Akerkimya","article_modified_time":"2026-03-29T23:24:12+00:00","og_image":[{"width":1000,"height":1000,"url":"https:\/\/akerkimya.com\/eticaret\/wp-content\/uploads\/2025\/01\/WOLLASTONITE-GUNCEL-.png","type":"image\/png"}],"twitter_card":"summary_large_image","twitter_misc":{"Tahmini okuma s\u00fcresi":"2 dakika"},"schema":{"@context":"https:\/\/schema.org","@graph":[{"@type":"WebPage","@id":"https:\/\/akerkimya.com\/eticaret\/urun\/wollastonite\/","url":"https:\/\/akerkimya.com\/eticaret\/urun\/wollastonite\/","name":"WOLLASTON\u0130TE (KALS\u0130YUM S\u0130L\u0130KAT) - Akerkimya","isPartOf":{"@id":"https:\/\/akerkimya.com\/eticaret\/#website"},"datePublished":"2025-01-02T15:16:29+00:00","dateModified":"2026-03-29T23:24:12+00:00","breadcrumb":{"@id":"https:\/\/akerkimya.com\/eticaret\/urun\/wollastonite\/#breadcrumb"},"inLanguage":"tr","potentialAction":[{"@type":"ReadAction","target":["https:\/\/akerkimya.com\/eticaret\/urun\/wollastonite\/"]}]},{"@type":"BreadcrumbList","@id":"https:\/\/akerkimya.com\/eticaret\/urun\/wollastonite\/#breadcrumb","itemListElement":[{"@type":"ListItem","position":1,"name":"Home","item":"https:\/\/akerkimya.com\/eticaret\/"},{"@type":"ListItem","position":2,"name":"Market","item":"https:\/\/akerkimya.com\/eticaret\/market\/"},{"@type":"ListItem","position":3,"name":"WOLLASTON\u0130TE (KALS\u0130YUM S\u0130L\u0130KAT)"}]},{"@type":"WebSite","@id":"https:\/\/akerkimya.com\/eticaret\/#website","url":"https:\/\/akerkimya.com\/eticaret\/","name":"Akerkimya","description":"","potentialAction":[{"@type":"SearchAction","target":{"@type":"EntryPoint","urlTemplate":"https:\/\/akerkimya.com\/eticaret\/?s={search_term_string}"},"query-input":"required name=search_term_string"}],"inLanguage":"tr"}]}},"_links":{"self":[{"href":"https:\/\/akerkimya.com\/eticaret\/wp-json\/wp\/v2\/product\/17350","targetHints":{"allow":["GET"]}}],"collection":[{"href":"https:\/\/akerkimya.com\/eticaret\/wp-json\/wp\/v2\/product"}],"about":[{"href":"https:\/\/akerkimya.com\/eticaret\/wp-json\/wp\/v2\/types\/product"}],"replies":[{"embeddable":true,"href":"https:\/\/akerkimya.com\/eticaret\/wp-json\/wp\/v2\/comments?post=17350"}],"version-history":[{"count":5,"href":"https:\/\/akerkimya.com\/eticaret\/wp-json\/wp\/v2\/product\/17350\/revisions"}],"predecessor-version":[{"id":19149,"href":"https:\/\/akerkimya.com\/eticaret\/wp-json\/wp\/v2\/product\/17350\/revisions\/19149"}],"wp:featuredmedia":[{"embeddable":true,"href":"https:\/\/akerkimya.com\/eticaret\/wp-json\/wp\/v2\/media\/17351"}],"wp:attachment":[{"href":"https:\/\/akerkimya.com\/eticaret\/wp-json\/wp\/v2\/media?parent=17350"}],"wp:term":[{"taxonomy":"product_cat","embeddable":true,"href":"https:\/\/akerkimya.com\/eticaret\/wp-json\/wp\/v2\/product_cat?post=17350"},{"taxonomy":"product_tag","embeddable":true,"href":"https:\/\/akerkimya.com\/eticaret\/wp-json\/wp\/v2\/product_tag?post=17350"}],"curies":[{"name":"wp","href":"https:\/\/api.w.org\/{rel}","templated":true}]}}