{"id":17356,"date":"2025-01-02T18:18:51","date_gmt":"2025-01-02T15:18:51","guid":{"rendered":"https:\/\/akerkimya.com\/eticaret\/?post_type=product&#038;p=17356"},"modified":"2026-03-30T02:24:12","modified_gmt":"2026-03-29T23:24:12","slug":"yuksek-firin-curuf","status":"publish","type":"product","link":"https:\/\/akerkimya.com\/eticaret\/urun\/yuksek-firin-curuf\/","title":{"rendered":"Y\u00fcksek F\u0131r\u0131n C\u00fcruf"},"content":{"rendered":"<h1>Y\u00fcksek F\u0131r\u0131n C\u00fcruf<\/h1>\n<p><strong>Y\u00fcksek f\u0131r\u0131nlarda demir \u00fcretilirken elde edilen silis, kalsiyum, al\u00fcmin silis ve bazik k\u00f6kenli bile\u015fikleri i\u00e7eren ve ergimi\u015f halde elde edilen at\u0131k bir malzemedir. YFC nun G ve H \u015feklinde iki tipi vard\u0131r. Demir, \u00e7elik \u00fcretiminden yan \u00fcr\u00fcn olarak ortaya \u00e7\u0131kan c\u00fcruflar, kristalize yap\u0131lar\u0131 sebebi ile ham durumda puzolanik \u00f6zelli\u011fe sahip olmayan G tipi beton ve \u00e7imento sekt\u00f6r\u00fc yerine \u00f6nem arz etmeyen yol yap\u0131m\u0131ndaki betonlarda kullan\u0131l\u0131r. Modern end\u00fcstriyel demir \u00e7elik \u00fcretiminde ortaya \u00e7\u0131kan H tipi c\u00fcruflar, cams\u0131 (amorf) yap\u0131da olduklar\u0131 i\u00e7in \u00e7imento ve beton \u00fcretiminde kullan\u0131l\u0131r.<\/strong><\/p>\n<h3><strong>\u00d6zellikler ve Avantajlar\u0131<\/strong><\/h3>\n<p><strong>Tek ba\u015f\u0131na ba\u011flay\u0131c\u0131l\u0131k \u00f6zelli\u011fi yoktur ancak Portland \u00e7imentosu ile birlikte ba\u011flay\u0131c\u0131l\u0131k kazan\u0131r.<\/strong><\/p>\n<p><strong>Y\u00fcksek f\u0131r\u0131n c\u00fcrufu i\u00e7eren betonlar\u0131n erken ya\u015f dayan\u0131mlar\u0131 d\u00fc\u015f\u00fck ileriki ya\u015f dayan\u0131mlar\u0131 y\u00fcksektir.<\/strong><\/p>\n<p><strong>Priz s\u00fcresini uzat\u0131r<\/strong><\/p>\n<p><strong>\u00a0<\/strong><\/p>\n<p><strong>Kimyasal etkilere kar\u015f\u0131 y\u00fcksek diren\u00e7<\/strong><\/p>\n<p><strong>Y\u00fcksek s\u00fclfat direnci<\/strong><\/p>\n<p><strong>Y\u00fcksek d\u00fcrabilite<\/strong><\/p>\n<p><strong>Y\u00fcksek nihai dayan\u0131m<\/strong><\/p>\n<p><strong>Y\u00fcksek i\u015flenebilirlik<\/strong><\/p>\n<p><strong>D\u00fc\u015f\u00fck hidratasyon \u0131s\u0131s\u0131<\/strong><\/p>\n<p><strong>D\u00fc\u015f\u00fck r\u00f6tre<\/strong><\/p>\n<p><strong>D\u00fc\u015f\u00fck ge\u00e7irimlilik<\/strong><\/p>\n<p><strong>D\u00fc\u015f\u00fck karbon sal\u0131n\u0131m\u0131<\/strong><\/p>\n<p><strong>\u00a0<\/strong><\/p>\n<h3><strong>Kullan\u0131m Alanlar\u0131<\/strong><\/h3>\n<p><strong>K\u0131y\u0131 ve liman in\u015faatlar\u0131, a\u00e7\u0131k deniz yap\u0131lar\u0131, at\u0131k su tesisleri, temel kaz\u0131klar\u0131 ve baraj betonlar\u0131n\u0131n imalat\u0131nda \u00e7imento ile birlikte kullan\u0131l\u0131r.<\/strong><\/p>\n<p><strong>Termal \u00e7atlak \u00f6nlemesi nedeni ile d\u00fc\u015f\u00fck hidratasyon \u0131s\u0131s\u0131na ihtiya\u00e7 duyulan k\u00fctle betonlar\u0131nda kullan\u0131l\u0131r.<\/strong><\/p>\n<p><strong>End\u00fcstriyel zemin betonlar\u0131n\u0131n \u00fcretiminde kullan\u0131l\u0131r.<\/strong><\/p>\n<p><strong>\u00a0<\/strong><\/p>\n<p><strong>AMBALAJ<\/strong><\/p>\n<p><strong>1-5-25 kg torbalar \u015feklinde<\/strong><\/p>\n<p><strong>\u00a0<\/strong><\/p>\n<p><strong>DEPOLAMA<\/strong><\/p>\n<p><strong>Serin ve kuru bir alanda muhafaza edilmelidir.<\/strong><\/p>\n<p><strong>\u00a0<\/strong><\/p>\n","protected":false},"excerpt":{"rendered":"<p>Y\u00fcksek F\u0131r\u0131n C\u00fcruf Y\u00fcksek f\u0131r\u0131nlarda demir \u00fcretilirken elde edilen silis, kalsiyum, al\u00fcmin silis ve bazik k\u00f6kenli bile\u015fikleri i\u00e7eren ve ergimi\u015f<\/p>\n","protected":false},"featured_media":17357,"comment_status":"open","ping_status":"closed","template":"","meta":{"_joinchat":[]},"product_cat":[70],"product_tag":[],"class_list":{"0":"post-17356","1":"product","2":"type-product","3":"status-publish","4":"has-post-thumbnail","6":"product_cat-boya-ve-yapi-kimyasallar","8":"first","9":"instock","10":"shipping-taxable","11":"purchasable","12":"product-type-variable"},"yoast_head":"<!-- This site is optimized with the Yoast SEO Premium plugin v20.2.1 (Yoast SEO v20.2.1) - https:\/\/yoast.com\/wordpress\/plugins\/seo\/ -->\n<title>Y\u00fcksek F\u0131r\u0131n C\u00fcruf - Akerkimya<\/title>\n<meta name=\"robots\" content=\"index, follow, max-snippet:-1, max-image-preview:large, max-video-preview:-1\" \/>\n<link rel=\"canonical\" href=\"https:\/\/akerkimya.com\/eticaret\/urun\/yuksek-firin-curuf\/\" \/>\n<meta property=\"og:locale\" content=\"tr_TR\" \/>\n<meta property=\"og:type\" content=\"article\" \/>\n<meta property=\"og:title\" content=\"Y\u00fcksek F\u0131r\u0131n C\u00fcruf\" \/>\n<meta property=\"og:description\" content=\"Y\u00fcksek F\u0131r\u0131n C\u00fcruf Y\u00fcksek f\u0131r\u0131nlarda demir \u00fcretilirken elde edilen silis, kalsiyum, al\u00fcmin silis ve bazik k\u00f6kenli bile\u015fikleri i\u00e7eren ve ergimi\u015f\" \/>\n<meta property=\"og:url\" content=\"https:\/\/akerkimya.com\/eticaret\/urun\/yuksek-firin-curuf\/\" \/>\n<meta property=\"og:site_name\" content=\"Akerkimya\" \/>\n<meta property=\"article:modified_time\" content=\"2026-03-29T23:24:12+00:00\" \/>\n<meta property=\"og:image\" content=\"https:\/\/akerkimya.com\/eticaret\/wp-content\/uploads\/2025\/01\/YUKSEK-FIRIN-CURUFU-GUNCEL-.png\" \/>\n\t<meta property=\"og:image:width\" content=\"1000\" \/>\n\t<meta property=\"og:image:height\" content=\"1000\" \/>\n\t<meta property=\"og:image:type\" content=\"image\/png\" \/>\n<meta name=\"twitter:card\" content=\"summary_large_image\" \/>\n<meta name=\"twitter:label1\" content=\"Tahmini okuma s\u00fcresi\" \/>\n\t<meta name=\"twitter:data1\" content=\"1 dakika\" \/>\n<script type=\"application\/ld+json\" class=\"yoast-schema-graph\">{\"@context\":\"https:\/\/schema.org\",\"@graph\":[{\"@type\":\"WebPage\",\"@id\":\"https:\/\/akerkimya.com\/eticaret\/urun\/yuksek-firin-curuf\/\",\"url\":\"https:\/\/akerkimya.com\/eticaret\/urun\/yuksek-firin-curuf\/\",\"name\":\"Y\u00fcksek F\u0131r\u0131n C\u00fcruf - Akerkimya\",\"isPartOf\":{\"@id\":\"https:\/\/akerkimya.com\/eticaret\/#website\"},\"datePublished\":\"2025-01-02T15:18:51+00:00\",\"dateModified\":\"2026-03-29T23:24:12+00:00\",\"breadcrumb\":{\"@id\":\"https:\/\/akerkimya.com\/eticaret\/urun\/yuksek-firin-curuf\/#breadcrumb\"},\"inLanguage\":\"tr\",\"potentialAction\":[{\"@type\":\"ReadAction\",\"target\":[\"https:\/\/akerkimya.com\/eticaret\/urun\/yuksek-firin-curuf\/\"]}]},{\"@type\":\"BreadcrumbList\",\"@id\":\"https:\/\/akerkimya.com\/eticaret\/urun\/yuksek-firin-curuf\/#breadcrumb\",\"itemListElement\":[{\"@type\":\"ListItem\",\"position\":1,\"name\":\"Home\",\"item\":\"https:\/\/akerkimya.com\/eticaret\/\"},{\"@type\":\"ListItem\",\"position\":2,\"name\":\"Market\",\"item\":\"https:\/\/akerkimya.com\/eticaret\/market\/\"},{\"@type\":\"ListItem\",\"position\":3,\"name\":\"Y\u00fcksek F\u0131r\u0131n C\u00fcruf\"}]},{\"@type\":\"WebSite\",\"@id\":\"https:\/\/akerkimya.com\/eticaret\/#website\",\"url\":\"https:\/\/akerkimya.com\/eticaret\/\",\"name\":\"Akerkimya\",\"description\":\"\",\"potentialAction\":[{\"@type\":\"SearchAction\",\"target\":{\"@type\":\"EntryPoint\",\"urlTemplate\":\"https:\/\/akerkimya.com\/eticaret\/?s={search_term_string}\"},\"query-input\":\"required name=search_term_string\"}],\"inLanguage\":\"tr\"}]}<\/script>\n<!-- \/ Yoast SEO Premium plugin. -->","yoast_head_json":{"title":"Y\u00fcksek F\u0131r\u0131n C\u00fcruf - Akerkimya","robots":{"index":"index","follow":"follow","max-snippet":"max-snippet:-1","max-image-preview":"max-image-preview:large","max-video-preview":"max-video-preview:-1"},"canonical":"https:\/\/akerkimya.com\/eticaret\/urun\/yuksek-firin-curuf\/","og_locale":"tr_TR","og_type":"article","og_title":"Y\u00fcksek F\u0131r\u0131n C\u00fcruf","og_description":"Y\u00fcksek F\u0131r\u0131n C\u00fcruf Y\u00fcksek f\u0131r\u0131nlarda demir \u00fcretilirken elde edilen silis, kalsiyum, al\u00fcmin silis ve bazik k\u00f6kenli bile\u015fikleri i\u00e7eren ve ergimi\u015f","og_url":"https:\/\/akerkimya.com\/eticaret\/urun\/yuksek-firin-curuf\/","og_site_name":"Akerkimya","article_modified_time":"2026-03-29T23:24:12+00:00","og_image":[{"width":1000,"height":1000,"url":"https:\/\/akerkimya.com\/eticaret\/wp-content\/uploads\/2025\/01\/YUKSEK-FIRIN-CURUFU-GUNCEL-.png","type":"image\/png"}],"twitter_card":"summary_large_image","twitter_misc":{"Tahmini okuma s\u00fcresi":"1 dakika"},"schema":{"@context":"https:\/\/schema.org","@graph":[{"@type":"WebPage","@id":"https:\/\/akerkimya.com\/eticaret\/urun\/yuksek-firin-curuf\/","url":"https:\/\/akerkimya.com\/eticaret\/urun\/yuksek-firin-curuf\/","name":"Y\u00fcksek F\u0131r\u0131n C\u00fcruf - Akerkimya","isPartOf":{"@id":"https:\/\/akerkimya.com\/eticaret\/#website"},"datePublished":"2025-01-02T15:18:51+00:00","dateModified":"2026-03-29T23:24:12+00:00","breadcrumb":{"@id":"https:\/\/akerkimya.com\/eticaret\/urun\/yuksek-firin-curuf\/#breadcrumb"},"inLanguage":"tr","potentialAction":[{"@type":"ReadAction","target":["https:\/\/akerkimya.com\/eticaret\/urun\/yuksek-firin-curuf\/"]}]},{"@type":"BreadcrumbList","@id":"https:\/\/akerkimya.com\/eticaret\/urun\/yuksek-firin-curuf\/#breadcrumb","itemListElement":[{"@type":"ListItem","position":1,"name":"Home","item":"https:\/\/akerkimya.com\/eticaret\/"},{"@type":"ListItem","position":2,"name":"Market","item":"https:\/\/akerkimya.com\/eticaret\/market\/"},{"@type":"ListItem","position":3,"name":"Y\u00fcksek F\u0131r\u0131n C\u00fcruf"}]},{"@type":"WebSite","@id":"https:\/\/akerkimya.com\/eticaret\/#website","url":"https:\/\/akerkimya.com\/eticaret\/","name":"Akerkimya","description":"","potentialAction":[{"@type":"SearchAction","target":{"@type":"EntryPoint","urlTemplate":"https:\/\/akerkimya.com\/eticaret\/?s={search_term_string}"},"query-input":"required name=search_term_string"}],"inLanguage":"tr"}]}},"_links":{"self":[{"href":"https:\/\/akerkimya.com\/eticaret\/wp-json\/wp\/v2\/product\/17356","targetHints":{"allow":["GET"]}}],"collection":[{"href":"https:\/\/akerkimya.com\/eticaret\/wp-json\/wp\/v2\/product"}],"about":[{"href":"https:\/\/akerkimya.com\/eticaret\/wp-json\/wp\/v2\/types\/product"}],"replies":[{"embeddable":true,"href":"https:\/\/akerkimya.com\/eticaret\/wp-json\/wp\/v2\/comments?post=17356"}],"version-history":[{"count":2,"href":"https:\/\/akerkimya.com\/eticaret\/wp-json\/wp\/v2\/product\/17356\/revisions"}],"predecessor-version":[{"id":18972,"href":"https:\/\/akerkimya.com\/eticaret\/wp-json\/wp\/v2\/product\/17356\/revisions\/18972"}],"wp:featuredmedia":[{"embeddable":true,"href":"https:\/\/akerkimya.com\/eticaret\/wp-json\/wp\/v2\/media\/17357"}],"wp:attachment":[{"href":"https:\/\/akerkimya.com\/eticaret\/wp-json\/wp\/v2\/media?parent=17356"}],"wp:term":[{"taxonomy":"product_cat","embeddable":true,"href":"https:\/\/akerkimya.com\/eticaret\/wp-json\/wp\/v2\/product_cat?post=17356"},{"taxonomy":"product_tag","embeddable":true,"href":"https:\/\/akerkimya.com\/eticaret\/wp-json\/wp\/v2\/product_tag?post=17356"}],"curies":[{"name":"wp","href":"https:\/\/api.w.org\/{rel}","templated":true}]}}