{"id":17362,"date":"2025-01-02T18:22:00","date_gmt":"2025-01-02T15:22:00","guid":{"rendered":"https:\/\/akerkimya.com\/eticaret\/?post_type=product&#038;p=17362"},"modified":"2026-05-06T16:53:35","modified_gmt":"2026-05-06T13:53:35","slug":"zehir-biocide","status":"publish","type":"product","link":"https:\/\/akerkimya.com\/eticaret\/urun\/zehir-biocide\/","title":{"rendered":"Zehir (Biocide)"},"content":{"rendered":"<h1>Zehir (Biocide)<\/h1>\n<p><strong>Biocide, CMIT \/ MIT ve formaldehitin su bazl\u0131 kombinasyonuna dayanan geni\u015f bir spektrum biyosittir. \u00c7ok \u00e7e\u015fitli su bazl\u0131 \u00fcr\u00fcnlerin korunmas\u0131 i\u00e7in uygundur. Aktif bile\u015fenlerin dengesi alerjik temas riskini azalt\u0131r.<\/strong><\/p>\n<p><strong>\u00a0<\/strong><\/p>\n<h3><strong>\u00d6zellikler ve Avantajlar\u0131<\/strong><\/h3>\n<p><strong>CMIT \/ MIT ve formaldehitin su bazl\u0131 kombinasyonuna dayanan geni\u015f bir spektrum biyosittir.<\/strong><\/p>\n<p><strong>\u00c7ok \u00e7e\u015fitli su bazl\u0131 \u00fcr\u00fcnlerin korunmas\u0131 i\u00e7in uygundur.<\/strong><\/p>\n<p><strong>Aktif bile\u015fenlerin dengesi alerjik temas riskini azalt\u0131r.<\/strong><\/p>\n<p><strong>\u00a0<\/strong><\/p>\n<h3><strong>Kullan\u0131m Alanlar\u0131<\/strong><\/h3>\n<p><strong>Dispersiyon boyalar\u0131nda,<\/strong><\/p>\n<p><strong>Dispersiyon s\u0131valar\u0131nda,<\/strong><\/p>\n<p><strong>Polimer dispersiyonlar\u0131nda,<\/strong><\/p>\n<p><strong>Yap\u0131\u015ft\u0131r\u0131c\u0131larda ve s\u0131zd\u0131rmazl\u0131k maddelerinde kullan\u0131l\u0131r.<\/strong><\/p>\n<p><strong>Koruyucu olarak optimum Ecoc\u0131de dozu, laboratuarlar\u0131m\u0131zdaki zorluk testleri ile belirlenmelidir, ancak uygulamaya ba\u011fl\u0131 olarak% 0,05 ila% 0,30 aras\u0131nda bir doz \u00f6nerebiliriz.<\/strong><\/p>\n<p><strong>\u00a0<\/strong><\/p>\n<p><strong>Ambalaj <\/strong><\/p>\n<p><strong>1-5-30 kg bidonlar ve 200 kg variller halindedir. <\/strong><\/p>\n<p><strong>\u00a0<\/strong><\/p>\n<p><strong>Depolama <\/strong><\/p>\n<p><strong>Serin ve kuru bir alanda muhafaza ediniz. <\/strong><\/p>\n<p><strong>\u00a0<\/strong><\/p>\n<p><strong>\u00a0<\/strong><\/p>\n","protected":false},"excerpt":{"rendered":"<p>Zehir (Biocide) Biocide, CMIT \/ MIT ve formaldehitin su bazl\u0131 kombinasyonuna dayanan geni\u015f bir spektrum biyosittir. \u00c7ok \u00e7e\u015fitli su bazl\u0131<\/p>\n","protected":false},"featured_media":17363,"comment_status":"open","ping_status":"closed","template":"","meta":{"_joinchat":[]},"product_cat":[70],"product_tag":[],"class_list":{"0":"post-17362","1":"product","2":"type-product","3":"status-publish","4":"has-post-thumbnail","6":"product_cat-boya-ve-yapi-kimyasallar","8":"first","9":"instock","10":"shipping-taxable","11":"purchasable","12":"product-type-variable"},"yoast_head":"<!-- This site is optimized with the Yoast SEO Premium plugin v20.2.1 (Yoast SEO v20.2.1) - https:\/\/yoast.com\/wordpress\/plugins\/seo\/ -->\n<title>Zehir (Biocide) - Akerkimya<\/title>\n<meta name=\"robots\" content=\"index, follow, max-snippet:-1, max-image-preview:large, max-video-preview:-1\" \/>\n<link rel=\"canonical\" href=\"https:\/\/akerkimya.com\/eticaret\/urun\/zehir-biocide\/\" \/>\n<meta property=\"og:locale\" content=\"tr_TR\" \/>\n<meta property=\"og:type\" content=\"article\" \/>\n<meta property=\"og:title\" content=\"Zehir (Biocide)\" \/>\n<meta property=\"og:description\" content=\"Zehir (Biocide) Biocide, CMIT \/ MIT ve formaldehitin su bazl\u0131 kombinasyonuna dayanan geni\u015f bir spektrum biyosittir. \u00c7ok \u00e7e\u015fitli su bazl\u0131\" \/>\n<meta property=\"og:url\" content=\"https:\/\/akerkimya.com\/eticaret\/urun\/zehir-biocide\/\" \/>\n<meta property=\"og:site_name\" content=\"Akerkimya\" \/>\n<meta property=\"article:modified_time\" content=\"2026-05-06T13:53:35+00:00\" \/>\n<meta property=\"og:image\" content=\"https:\/\/akerkimya.com\/eticaret\/wp-content\/uploads\/2025\/01\/ZEHIR-GUNCEL-1.png\" \/>\n\t<meta property=\"og:image:width\" content=\"1000\" \/>\n\t<meta property=\"og:image:height\" content=\"1000\" \/>\n\t<meta property=\"og:image:type\" content=\"image\/png\" \/>\n<meta name=\"twitter:card\" content=\"summary_large_image\" \/>\n<meta name=\"twitter:label1\" content=\"Tahmini okuma s\u00fcresi\" \/>\n\t<meta name=\"twitter:data1\" content=\"1 dakika\" \/>\n<script type=\"application\/ld+json\" class=\"yoast-schema-graph\">{\"@context\":\"https:\/\/schema.org\",\"@graph\":[{\"@type\":\"WebPage\",\"@id\":\"https:\/\/akerkimya.com\/eticaret\/urun\/zehir-biocide\/\",\"url\":\"https:\/\/akerkimya.com\/eticaret\/urun\/zehir-biocide\/\",\"name\":\"Zehir (Biocide) - Akerkimya\",\"isPartOf\":{\"@id\":\"https:\/\/akerkimya.com\/eticaret\/#website\"},\"datePublished\":\"2025-01-02T15:22:00+00:00\",\"dateModified\":\"2026-05-06T13:53:35+00:00\",\"breadcrumb\":{\"@id\":\"https:\/\/akerkimya.com\/eticaret\/urun\/zehir-biocide\/#breadcrumb\"},\"inLanguage\":\"tr\",\"potentialAction\":[{\"@type\":\"ReadAction\",\"target\":[\"https:\/\/akerkimya.com\/eticaret\/urun\/zehir-biocide\/\"]}]},{\"@type\":\"BreadcrumbList\",\"@id\":\"https:\/\/akerkimya.com\/eticaret\/urun\/zehir-biocide\/#breadcrumb\",\"itemListElement\":[{\"@type\":\"ListItem\",\"position\":1,\"name\":\"Home\",\"item\":\"https:\/\/akerkimya.com\/eticaret\/\"},{\"@type\":\"ListItem\",\"position\":2,\"name\":\"Market\",\"item\":\"https:\/\/akerkimya.com\/eticaret\/market\/\"},{\"@type\":\"ListItem\",\"position\":3,\"name\":\"Zehir (Biocide)\"}]},{\"@type\":\"WebSite\",\"@id\":\"https:\/\/akerkimya.com\/eticaret\/#website\",\"url\":\"https:\/\/akerkimya.com\/eticaret\/\",\"name\":\"Akerkimya\",\"description\":\"\",\"potentialAction\":[{\"@type\":\"SearchAction\",\"target\":{\"@type\":\"EntryPoint\",\"urlTemplate\":\"https:\/\/akerkimya.com\/eticaret\/?s={search_term_string}\"},\"query-input\":\"required name=search_term_string\"}],\"inLanguage\":\"tr\"}]}<\/script>\n<!-- \/ Yoast SEO Premium plugin. -->","yoast_head_json":{"title":"Zehir (Biocide) - Akerkimya","robots":{"index":"index","follow":"follow","max-snippet":"max-snippet:-1","max-image-preview":"max-image-preview:large","max-video-preview":"max-video-preview:-1"},"canonical":"https:\/\/akerkimya.com\/eticaret\/urun\/zehir-biocide\/","og_locale":"tr_TR","og_type":"article","og_title":"Zehir (Biocide)","og_description":"Zehir (Biocide) Biocide, CMIT \/ MIT ve formaldehitin su bazl\u0131 kombinasyonuna dayanan geni\u015f bir spektrum biyosittir. \u00c7ok \u00e7e\u015fitli su bazl\u0131","og_url":"https:\/\/akerkimya.com\/eticaret\/urun\/zehir-biocide\/","og_site_name":"Akerkimya","article_modified_time":"2026-05-06T13:53:35+00:00","og_image":[{"width":1000,"height":1000,"url":"https:\/\/akerkimya.com\/eticaret\/wp-content\/uploads\/2025\/01\/ZEHIR-GUNCEL-1.png","type":"image\/png"}],"twitter_card":"summary_large_image","twitter_misc":{"Tahmini okuma s\u00fcresi":"1 dakika"},"schema":{"@context":"https:\/\/schema.org","@graph":[{"@type":"WebPage","@id":"https:\/\/akerkimya.com\/eticaret\/urun\/zehir-biocide\/","url":"https:\/\/akerkimya.com\/eticaret\/urun\/zehir-biocide\/","name":"Zehir (Biocide) - Akerkimya","isPartOf":{"@id":"https:\/\/akerkimya.com\/eticaret\/#website"},"datePublished":"2025-01-02T15:22:00+00:00","dateModified":"2026-05-06T13:53:35+00:00","breadcrumb":{"@id":"https:\/\/akerkimya.com\/eticaret\/urun\/zehir-biocide\/#breadcrumb"},"inLanguage":"tr","potentialAction":[{"@type":"ReadAction","target":["https:\/\/akerkimya.com\/eticaret\/urun\/zehir-biocide\/"]}]},{"@type":"BreadcrumbList","@id":"https:\/\/akerkimya.com\/eticaret\/urun\/zehir-biocide\/#breadcrumb","itemListElement":[{"@type":"ListItem","position":1,"name":"Home","item":"https:\/\/akerkimya.com\/eticaret\/"},{"@type":"ListItem","position":2,"name":"Market","item":"https:\/\/akerkimya.com\/eticaret\/market\/"},{"@type":"ListItem","position":3,"name":"Zehir (Biocide)"}]},{"@type":"WebSite","@id":"https:\/\/akerkimya.com\/eticaret\/#website","url":"https:\/\/akerkimya.com\/eticaret\/","name":"Akerkimya","description":"","potentialAction":[{"@type":"SearchAction","target":{"@type":"EntryPoint","urlTemplate":"https:\/\/akerkimya.com\/eticaret\/?s={search_term_string}"},"query-input":"required name=search_term_string"}],"inLanguage":"tr"}]}},"_links":{"self":[{"href":"https:\/\/akerkimya.com\/eticaret\/wp-json\/wp\/v2\/product\/17362","targetHints":{"allow":["GET"]}}],"collection":[{"href":"https:\/\/akerkimya.com\/eticaret\/wp-json\/wp\/v2\/product"}],"about":[{"href":"https:\/\/akerkimya.com\/eticaret\/wp-json\/wp\/v2\/types\/product"}],"replies":[{"embeddable":true,"href":"https:\/\/akerkimya.com\/eticaret\/wp-json\/wp\/v2\/comments?post=17362"}],"version-history":[{"count":2,"href":"https:\/\/akerkimya.com\/eticaret\/wp-json\/wp\/v2\/product\/17362\/revisions"}],"predecessor-version":[{"id":18179,"href":"https:\/\/akerkimya.com\/eticaret\/wp-json\/wp\/v2\/product\/17362\/revisions\/18179"}],"wp:featuredmedia":[{"embeddable":true,"href":"https:\/\/akerkimya.com\/eticaret\/wp-json\/wp\/v2\/media\/17363"}],"wp:attachment":[{"href":"https:\/\/akerkimya.com\/eticaret\/wp-json\/wp\/v2\/media?parent=17362"}],"wp:term":[{"taxonomy":"product_cat","embeddable":true,"href":"https:\/\/akerkimya.com\/eticaret\/wp-json\/wp\/v2\/product_cat?post=17362"},{"taxonomy":"product_tag","embeddable":true,"href":"https:\/\/akerkimya.com\/eticaret\/wp-json\/wp\/v2\/product_tag?post=17362"}],"curies":[{"name":"wp","href":"https:\/\/api.w.org\/{rel}","templated":true}]}}