{"id":17369,"date":"2025-01-02T18:24:53","date_gmt":"2025-01-02T15:24:53","guid":{"rendered":"https:\/\/akerkimya.com\/eticaret\/?post_type=product&#038;p=17369"},"modified":"2026-03-30T02:24:12","modified_gmt":"2026-03-29T23:24:12","slug":"zirkonyum-oksit","status":"publish","type":"product","link":"https:\/\/akerkimya.com\/eticaret\/urun\/zirkonyum-oksit\/","title":{"rendered":"Zirkonyum Oksit"},"content":{"rendered":"<h1>Zirkonyum Oksit<\/h1>\n<p><strong>Zirkonyum Oksit, Zr02 form\u00fcl\u00fcne sahip Zirkonya olarak da\u00a0 bilinen bir kimyasald\u0131r. Do\u011fal cevher zirkon kumunda ve baddeleyitte bulunur. Zirkonyum oda s\u0131cakl\u0131\u011f\u0131nda monoklinik kristalde bulunur ce s\u0131cakl\u0131k 1170 \u00b0C ye y\u00fckseldi\u011finde kare kristal faza d\u00f6n\u00fc\u015ft\u00fcr\u00fcl\u00fcr. S\u0131cakl\u0131\u011f\u0131 2.370 \u00b0C ye y\u00fckseldik\u00e7e k\u00fcbik kristal faza d\u00f6n\u00fc\u015f\u00fcr. Seramik end\u00fcstrisine girmi\u015f kristalin bir metal oksittir. Y\u00fcksek termal direnci, mekanik direnci ve a\u015f\u0131nd\u0131r\u0131c\u0131 \u00f6zellikleri ile karakterizedir.<\/strong><\/p>\n<p><strong>\u00a0<\/strong><\/p>\n<h3><strong>\u00d6zellikler ve Avantajlar\u0131<\/strong><\/h3>\n<p><strong>Toz formunda, fildi\u015fi rengindedir.<\/strong><\/p>\n<p><strong>Asit ve alkaliye dayan\u0131m\u0131 g\u00fc\u00e7l\u00fcd\u00fcr.<\/strong><\/p>\n<p><strong>Tepkisiz bir kimyasald\u0131r.<\/strong><\/p>\n<p><strong>\u00c7atlak ilerlemesine kar\u015f\u0131 y\u00fcksek dirence sahiptir.<\/strong><\/p>\n<p><strong>\u00a0<\/strong><\/p>\n<h3><strong>Teknik \u00d6zellikleri<\/strong><\/h3>\n<p><strong>CAS NUMARASI: 1314-23-4<\/strong><\/p>\n<p><strong>EC NUMARASI: 215-227-2<\/strong><\/p>\n<p><strong>MOLEK\u00dcLER FORM\u00dcL: ZrO2<\/strong><\/p>\n<p><strong>YO\u011eUNLUK: 5,68 g\/cm\u00b3<\/strong><\/p>\n<p><strong>ER\u0130ME NOKTASI: 2.715 \u00b0C<\/strong><\/p>\n<p><strong>MOLAR K\u00dcTLE: 123,128 g\/mol<\/strong><\/p>\n<p><strong>KIRILMA \u0130NDEKS\u0130: 2.176<\/strong><\/p>\n<p><strong>D\u0130SPERS\u0130YON: 0.044 den daha y\u00fcksektir.<\/strong><\/p>\n<p><strong>Y\u00dcKSEK SICAKLIK DAYANIMI: 550 \u00b0C \/ 1700 \u00b0C<\/strong><\/p>\n<p><strong>ISIL GENLE\u015eME KATSAYISI: 1.08 x 10-5 K-1<\/strong><\/p>\n<p><strong>D\u00dc\u015e\u00dcK ISI \u0130LETKENL\u0130\u011e\u0130: 2 W\/ (m.K)<\/strong><\/p>\n<p><strong>IUPAC NUMARASI: Zirconium dipxide, Zirconium (IV) oxide, Zirkonya,<\/strong><\/p>\n<p><strong>\u00c7\u00d6Z\u00dcN\u00dcRL\u00dcK: S\u00fclf\u00fcrik asit, Hidroflorik asit<\/strong><\/p>\n<p><strong>\u00a0<\/strong><\/p>\n<h3><strong>Kullan\u0131m Alanlar\u0131<\/strong><\/h3>\n<p><strong>Di\u015f hekimli\u011finde, di\u015f restorasyonlar\u0131n\u0131n yap\u0131m\u0131 i\u00e7in alt \u00e7er\u00e7evelerin veya g\u00fc\u00e7l\u00fc, son derece dayan\u0131kl\u0131 di\u015f protezlerinin imalat\u0131nda ve y\u00fcksek mekanik \u00f6zelli\u011finden dolay\u0131 k\u00f6pr\u00fcler, kronlar ve feldspat porselen kaplamalarda kullan\u0131l\u0131r.<\/strong><\/p>\n<p><strong>Kalay oksit gibi beyaz renk veren \u00f6rt\u00fcc\u00fc madde olarak kullan\u0131l\u0131r. \u0130nce \u00f6\u011f\u00fct\u00fclmesi \u00f6rt\u00fcc\u00fcl\u00fc\u011f\u00fc \u00fczerinde olumu etki yapar.<\/strong><\/p>\n<p><strong>Seramik boyalar\u0131n yap\u0131m\u0131nda renklerin yap\u0131lar\u0131n\u0131 a\u00e7mak veya koyultmak i\u00e7in zirkonyum oksit kullan\u0131l\u0131r.<\/strong><\/p>\n<p><strong>Zirkonyum oksitin d\u00fc\u015f\u00fck \u0131s\u0131l iletkenli\u011fi ve y\u00fcksek dayan\u0131kl\u0131l\u0131k \u00f6zelli\u011fi, serami\u011fin kolay k\u0131r\u0131lmas\u0131 dezavantaj\u0131n\u0131 kolayl\u0131kla dengeleyebilmesi nedeni ile kullan\u0131l\u0131r.<\/strong><\/p>\n<p><strong>Titanyum dioksit pigment partik\u00fclleri \u00fczerinde koruyucu kaplama, refrakter malzeme, yal\u0131t\u0131m, a\u015f\u0131nd\u0131r\u0131c\u0131lar ve emayelerde kullan\u0131l\u0131r.<\/strong><\/p>\n<p><strong>Kuyumculukta baz\u0131 saat k\u0131l\u0131flar\u0131 i\u00e7in kullan\u0131l\u0131r.<\/strong><\/p>\n<p><strong>Zirkonyumun k\u00fcbik faz\u0131n\u0131n \u00e7ok d\u00fc\u015f\u00fck \u0131s\u0131 iletkenli\u011fi, jet ve dizel motorlarda daha y\u00fcksek s\u0131cakl\u0131klarda \u00e7al\u0131\u015fmaya izin vermek i\u00e7in termal bariyer kaplama veya TCB olarak kullan\u0131l\u0131r.<\/strong><\/p>\n<p><strong>Kristal b\u00fcy\u00fctme f\u0131r\u0131nlar\u0131, yak\u0131t h\u00fccresi y\u0131\u011f\u0131n\u0131 yal\u0131t\u0131m\u0131 ve k\u0131z\u0131l\u00f6tesi \u0131s\u0131tma sistemleri i\u00e7in seramik elyaf yal\u0131t\u0131m\u0131d\u0131r.<\/strong><\/p>\n<p><strong>Optik kaplamalar\u0131n biriktirilmesinde kullan\u0131l\u0131r.<\/strong><\/p>\n<p><strong>Y\u00fcksek mekanik stabilitesi ve a\u015f\u0131nma direnci ile zirkonya, a\u015f\u0131nd\u0131r\u0131c\u0131 bir malzeme olarak kullan\u0131l\u0131r.<\/strong><\/p>\n<p><strong>\u00a0<\/strong><\/p>\n<p><strong>AMBALAJ<\/strong><\/p>\n<p><strong>1-5-25 kg torbalar halinde<\/strong><\/p>\n<p><strong>\u00a0<\/strong><\/p>\n<p><strong>DEPOLAMA<\/strong><\/p>\n<p><strong>Serin ve kuru bir alanda torba i\u00e7erisi hava almayacak bir \u015fekilde muhafaza ediniz.<\/strong><\/p>\n<p><strong>\u00a0<\/strong><\/p>\n","protected":false},"excerpt":{"rendered":"<p>Zirkonyum Oksit Zirkonyum Oksit, Zr02 form\u00fcl\u00fcne sahip Zirkonya olarak da\u00a0 bilinen bir kimyasald\u0131r. Do\u011fal cevher zirkon kumunda ve baddeleyitte bulunur.<\/p>\n","protected":false},"featured_media":17370,"comment_status":"open","ping_status":"closed","template":"","meta":{"_joinchat":[]},"product_cat":[70,80],"product_tag":[],"class_list":{"0":"post-17369","1":"product","2":"type-product","3":"status-publish","4":"has-post-thumbnail","6":"product_cat-boya-ve-yapi-kimyasallar","7":"product_cat-veteriner-ve-ilac-kimyasallari","9":"first","10":"outofstock","11":"shipping-taxable","12":"purchasable","13":"product-type-variable"},"yoast_head":"<!-- This site is optimized with the Yoast SEO Premium plugin v20.2.1 (Yoast SEO v20.2.1) - https:\/\/yoast.com\/wordpress\/plugins\/seo\/ -->\n<title>Zirkonyum Oksit - Akerkimya<\/title>\n<meta name=\"robots\" content=\"index, follow, max-snippet:-1, max-image-preview:large, max-video-preview:-1\" \/>\n<link rel=\"canonical\" href=\"https:\/\/akerkimya.com\/eticaret\/urun\/zirkonyum-oksit\/\" \/>\n<meta property=\"og:locale\" content=\"tr_TR\" \/>\n<meta property=\"og:type\" content=\"article\" \/>\n<meta property=\"og:title\" content=\"Zirkonyum Oksit\" \/>\n<meta property=\"og:description\" content=\"Zirkonyum Oksit Zirkonyum Oksit, Zr02 form\u00fcl\u00fcne sahip Zirkonya olarak da\u00a0 bilinen bir kimyasald\u0131r. Do\u011fal cevher zirkon kumunda ve baddeleyitte bulunur.\" \/>\n<meta property=\"og:url\" content=\"https:\/\/akerkimya.com\/eticaret\/urun\/zirkonyum-oksit\/\" \/>\n<meta property=\"og:site_name\" content=\"Akerkimya\" \/>\n<meta property=\"article:modified_time\" content=\"2026-03-29T23:24:12+00:00\" \/>\n<meta property=\"og:image\" content=\"https:\/\/akerkimya.com\/eticaret\/wp-content\/uploads\/2025\/01\/ZIRKONYUM-OKSIT-GUNCEL-.png\" \/>\n\t<meta property=\"og:image:width\" content=\"1000\" \/>\n\t<meta property=\"og:image:height\" content=\"1000\" \/>\n\t<meta property=\"og:image:type\" content=\"image\/png\" \/>\n<meta name=\"twitter:card\" content=\"summary_large_image\" \/>\n<meta name=\"twitter:label1\" content=\"Tahmini okuma s\u00fcresi\" \/>\n\t<meta name=\"twitter:data1\" content=\"2 dakika\" \/>\n<script type=\"application\/ld+json\" class=\"yoast-schema-graph\">{\"@context\":\"https:\/\/schema.org\",\"@graph\":[{\"@type\":\"WebPage\",\"@id\":\"https:\/\/akerkimya.com\/eticaret\/urun\/zirkonyum-oksit\/\",\"url\":\"https:\/\/akerkimya.com\/eticaret\/urun\/zirkonyum-oksit\/\",\"name\":\"Zirkonyum Oksit - Akerkimya\",\"isPartOf\":{\"@id\":\"https:\/\/akerkimya.com\/eticaret\/#website\"},\"datePublished\":\"2025-01-02T15:24:53+00:00\",\"dateModified\":\"2026-03-29T23:24:12+00:00\",\"breadcrumb\":{\"@id\":\"https:\/\/akerkimya.com\/eticaret\/urun\/zirkonyum-oksit\/#breadcrumb\"},\"inLanguage\":\"tr\",\"potentialAction\":[{\"@type\":\"ReadAction\",\"target\":[\"https:\/\/akerkimya.com\/eticaret\/urun\/zirkonyum-oksit\/\"]}]},{\"@type\":\"BreadcrumbList\",\"@id\":\"https:\/\/akerkimya.com\/eticaret\/urun\/zirkonyum-oksit\/#breadcrumb\",\"itemListElement\":[{\"@type\":\"ListItem\",\"position\":1,\"name\":\"Home\",\"item\":\"https:\/\/akerkimya.com\/eticaret\/\"},{\"@type\":\"ListItem\",\"position\":2,\"name\":\"Market\",\"item\":\"https:\/\/akerkimya.com\/eticaret\/market\/\"},{\"@type\":\"ListItem\",\"position\":3,\"name\":\"Zirkonyum Oksit\"}]},{\"@type\":\"WebSite\",\"@id\":\"https:\/\/akerkimya.com\/eticaret\/#website\",\"url\":\"https:\/\/akerkimya.com\/eticaret\/\",\"name\":\"Akerkimya\",\"description\":\"\",\"potentialAction\":[{\"@type\":\"SearchAction\",\"target\":{\"@type\":\"EntryPoint\",\"urlTemplate\":\"https:\/\/akerkimya.com\/eticaret\/?s={search_term_string}\"},\"query-input\":\"required name=search_term_string\"}],\"inLanguage\":\"tr\"}]}<\/script>\n<!-- \/ Yoast SEO Premium plugin. -->","yoast_head_json":{"title":"Zirkonyum Oksit - Akerkimya","robots":{"index":"index","follow":"follow","max-snippet":"max-snippet:-1","max-image-preview":"max-image-preview:large","max-video-preview":"max-video-preview:-1"},"canonical":"https:\/\/akerkimya.com\/eticaret\/urun\/zirkonyum-oksit\/","og_locale":"tr_TR","og_type":"article","og_title":"Zirkonyum Oksit","og_description":"Zirkonyum Oksit Zirkonyum Oksit, Zr02 form\u00fcl\u00fcne sahip Zirkonya olarak da\u00a0 bilinen bir kimyasald\u0131r. Do\u011fal cevher zirkon kumunda ve baddeleyitte bulunur.","og_url":"https:\/\/akerkimya.com\/eticaret\/urun\/zirkonyum-oksit\/","og_site_name":"Akerkimya","article_modified_time":"2026-03-29T23:24:12+00:00","og_image":[{"width":1000,"height":1000,"url":"https:\/\/akerkimya.com\/eticaret\/wp-content\/uploads\/2025\/01\/ZIRKONYUM-OKSIT-GUNCEL-.png","type":"image\/png"}],"twitter_card":"summary_large_image","twitter_misc":{"Tahmini okuma s\u00fcresi":"2 dakika"},"schema":{"@context":"https:\/\/schema.org","@graph":[{"@type":"WebPage","@id":"https:\/\/akerkimya.com\/eticaret\/urun\/zirkonyum-oksit\/","url":"https:\/\/akerkimya.com\/eticaret\/urun\/zirkonyum-oksit\/","name":"Zirkonyum Oksit - Akerkimya","isPartOf":{"@id":"https:\/\/akerkimya.com\/eticaret\/#website"},"datePublished":"2025-01-02T15:24:53+00:00","dateModified":"2026-03-29T23:24:12+00:00","breadcrumb":{"@id":"https:\/\/akerkimya.com\/eticaret\/urun\/zirkonyum-oksit\/#breadcrumb"},"inLanguage":"tr","potentialAction":[{"@type":"ReadAction","target":["https:\/\/akerkimya.com\/eticaret\/urun\/zirkonyum-oksit\/"]}]},{"@type":"BreadcrumbList","@id":"https:\/\/akerkimya.com\/eticaret\/urun\/zirkonyum-oksit\/#breadcrumb","itemListElement":[{"@type":"ListItem","position":1,"name":"Home","item":"https:\/\/akerkimya.com\/eticaret\/"},{"@type":"ListItem","position":2,"name":"Market","item":"https:\/\/akerkimya.com\/eticaret\/market\/"},{"@type":"ListItem","position":3,"name":"Zirkonyum Oksit"}]},{"@type":"WebSite","@id":"https:\/\/akerkimya.com\/eticaret\/#website","url":"https:\/\/akerkimya.com\/eticaret\/","name":"Akerkimya","description":"","potentialAction":[{"@type":"SearchAction","target":{"@type":"EntryPoint","urlTemplate":"https:\/\/akerkimya.com\/eticaret\/?s={search_term_string}"},"query-input":"required name=search_term_string"}],"inLanguage":"tr"}]}},"_links":{"self":[{"href":"https:\/\/akerkimya.com\/eticaret\/wp-json\/wp\/v2\/product\/17369","targetHints":{"allow":["GET"]}}],"collection":[{"href":"https:\/\/akerkimya.com\/eticaret\/wp-json\/wp\/v2\/product"}],"about":[{"href":"https:\/\/akerkimya.com\/eticaret\/wp-json\/wp\/v2\/types\/product"}],"replies":[{"embeddable":true,"href":"https:\/\/akerkimya.com\/eticaret\/wp-json\/wp\/v2\/comments?post=17369"}],"version-history":[{"count":2,"href":"https:\/\/akerkimya.com\/eticaret\/wp-json\/wp\/v2\/product\/17369\/revisions"}],"predecessor-version":[{"id":18484,"href":"https:\/\/akerkimya.com\/eticaret\/wp-json\/wp\/v2\/product\/17369\/revisions\/18484"}],"wp:featuredmedia":[{"embeddable":true,"href":"https:\/\/akerkimya.com\/eticaret\/wp-json\/wp\/v2\/media\/17370"}],"wp:attachment":[{"href":"https:\/\/akerkimya.com\/eticaret\/wp-json\/wp\/v2\/media?parent=17369"}],"wp:term":[{"taxonomy":"product_cat","embeddable":true,"href":"https:\/\/akerkimya.com\/eticaret\/wp-json\/wp\/v2\/product_cat?post=17369"},{"taxonomy":"product_tag","embeddable":true,"href":"https:\/\/akerkimya.com\/eticaret\/wp-json\/wp\/v2\/product_tag?post=17369"}],"curies":[{"name":"wp","href":"https:\/\/api.w.org\/{rel}","templated":true}]}}