{"id":17376,"date":"2025-01-03T15:18:49","date_gmt":"2025-01-03T12:18:49","guid":{"rendered":"https:\/\/akerkimya.com\/eticaret\/?post_type=product&#038;p=17376"},"modified":"2026-03-30T02:24:12","modified_gmt":"2026-03-29T23:24:12","slug":"adipik-asit","status":"publish","type":"product","link":"https:\/\/akerkimya.com\/eticaret\/urun\/adipik-asit\/","title":{"rendered":"AD\u0130P\u0130K AS\u0130T"},"content":{"rendered":"<h1>AD\u0130P\u0130K AS\u0130T<\/h1>\n<p><strong>Adipik asit, (CH2)4(COOH)2 form\u00fcl\u00fcne sahip dikarboksilik asittir. Siklohekzan\u0131n y\u00fckseltgenmesiyle elde edilir. Do\u011fada nispeten az olarak bulunurken, idrar ve kanda tipik bir bi\u00e7imde eksojen olarak bulunmaktad\u0131r. Adipik asitin tarta benzeyen bir tad\u0131 vard\u0131r.<\/strong><\/p>\n<p><strong>AD\u0130P\u0130K AS\u0130T \u00d6ZELL\u0130KLER\u0130<\/strong><\/p>\n<p><strong>Beyaz renkte kristal formdad\u0131r. Kokusuzdur.<\/strong><\/p>\n<p><strong>Suda, asetik asit ve linroin i\u00e7erisinde \u00e7\u00f6z\u00fcnmez. Etanol i\u00e7inde \u00e7\u00f6z\u00fcn\u00fcr.<\/strong><\/p>\n<p><strong>Kararl\u0131 bir kimyasald\u0131r.<\/strong><\/p>\n<p><strong>Oksitleyici maddeler ile reaksiyona girer.<\/strong><\/p>\n<p><strong>\u00a0<\/strong><\/p>\n<p><strong>TEKN\u0130K \u00d6ZELL\u0130KLER\u0130<\/strong><\/p>\n<p><strong>CAS NUMARASI: 124-04-9<\/strong><\/p>\n<p><strong>MOLEK\u00dcLER FORM\u00dcL: (CH2)4(COOH)2<\/strong><\/p>\n<p><strong>K\u0130MYASAL \u0130SM\u0130: Adipik Asit, Heksandioik Asit, Adipinik Asit, Adipinate<\/strong><\/p>\n<p><strong>MOLEK\u00dcLER A\u011eIRLI\u011eI: 146,142 g\/mol<\/strong><\/p>\n<p><strong>YO\u011eUNLUK: 1.360 g\/cm\u00b3<\/strong><\/p>\n<p><strong>KAYNAMA NOKTASI: 337,5 \u00b0C<\/strong><\/p>\n<p><strong>ER\u0130ME NOKTASI: 152,1 \u00b0C<\/strong><\/p>\n<p><strong>PARLAMA NOKTASI: 196 \u00b0C<\/strong><\/p>\n<p><strong>BUHAR BASINCI: 0,0073 mmHg (18,5 \u00b0C)<\/strong><\/p>\n<p><strong>SUDA \u00c7\u00d6Z\u00dcN\u00dcRL\u00dcK: 14 g\/L (10 \u00b0C), 1600 g\/L (100 \u00b0C)<\/strong><\/p>\n<p><strong>\u00a0<\/strong><\/p>\n<p><strong>KULLANIM ALANLARI<\/strong><\/p>\n<p><strong>Poli\u00fcretan sistemler i\u00e7in poliester poliollerin \u00fcretiminde kullan\u0131l\u0131r.<\/strong><\/p>\n<p><strong>Korozyon inhibit\u00f6r\u00fc ve \u00f6l\u00e7ekleme maddesi olarak kullan\u0131lmaktad\u0131r.<\/strong><\/p>\n<p><strong>Plastikle\u015ftirici \u00fcretmede esneklik katmak ve doymam\u0131\u015f poliesterlere esneklik vermek i\u00e7in kullan\u0131l\u0131r.<\/strong><\/p>\n<p><strong>Kablolar\u0131n erken y\u0131pranmas\u0131na \u00f6nlemek amac\u0131yla i\u00e7erisinde adipik asit bulunan maddeler kullan\u0131lmaktad\u0131r.<\/strong><\/p>\n<p><strong>Konserveli g\u0131dalarda, \u015fekerleme imalat\u0131nda ve aroma ekstraktlar\u0131nda asitlendirici olarak kullan\u0131lmaktad\u0131r.<\/strong><\/p>\n<p><strong>Kire\u00e7 ve pas \u00e7\u00f6zmede kullan\u0131lmaktad\u0131r<\/strong><\/p>\n<p><strong>Kabartma tozlar\u0131nda kabart\u0131c\u0131, meyve suyu tozlar\u0131nda asitlendirici, peynirlerinde erime karakteristi\u011fini olu\u015fturucu tekst\u00fcr\u00fc geli\u015ftirici ve d\u00fczeltici olarak kullan\u0131lmaktad\u0131r.<\/strong><\/p>\n<p><strong>G\u0131da sekt\u00f6r\u00fcnde, jelatinlerinlerde h\u0131zl\u0131 yerle\u015fmeyi y\u00fckseltmek, ek\u015filik sa\u011flamak ve kalitesini korumak i\u00e7in kullan\u0131lmaktad\u0131r.<\/strong><\/p>\n<p><strong>Rigit ve esnek k\u00f6p\u00fcklerin \u00fcretiminde kullan\u0131l\u0131r.<\/strong><\/p>\n<p><strong>Demir ve demir d\u0131\u015f\u0131ndaki metallerin \u00fczerindeki boyalar\u0131n kald\u0131r\u0131lmas\u0131 i\u015fleminde \u00e7e\u015fitli hammaddeler ile birlikte kullan\u0131l\u0131r.<\/strong><\/p>\n<p><strong>Naylon 6,6 \u00fcretiminde s\u0131k s\u0131k kullan\u0131lmaktad\u0131r.<\/strong><\/p>\n<p><strong>K\u00e2\u011f\u0131t kimyasallar\u0131 end\u00fcstrisi i\u00e7in yap\u0131lan re\u00e7inelerin \u00fcretiminde kullan\u0131l\u0131r.<\/strong><\/p>\n<p><strong>Sentetik ya\u011flay\u0131c\u0131 ve ya\u011flar\u0131n \u00fcretiminde kullan\u0131lmaktad\u0131r.<\/strong><\/p>\n<p><strong>Elyaflar\u0131n \u00fcretiminde, ya\u011flay\u0131c\u0131 komponentlerin \u00fcretiminde kullan\u0131l\u0131r.<\/strong><\/p>\n<p><strong>\u0130la\u00e7 sekt\u00f6r\u00fcnde, kontroll\u00fc sal\u0131n\u0131m gereken ila\u00e7lar\u0131n yap\u0131m\u0131nda bu \u00f6zelli\u011fin kazand\u0131r\u0131lmas\u0131 i\u00e7in adipik asitten elde edilmi\u015f kaplamalar kullan\u0131l\u0131r.<\/strong><\/p>\n<p><strong>\u00a0<\/strong><\/p>\n<p><strong>AMBALAJ<\/strong><\/p>\n<p><strong>1-5-25 kg torbalar halinde<\/strong><\/p>\n<p><strong>\u00a0<\/strong><\/p>\n<p><strong>DEPOLAMA<\/strong><\/p>\n<p><strong>Serin ve kuru bir alanda muhafaza edilmelidir.<\/strong><\/p>\n<p><strong><u>\u00a0<\/u><\/strong><\/p>\n","protected":false},"excerpt":{"rendered":"<p>AD\u0130P\u0130K AS\u0130T Adipik asit, (CH2)4(COOH)2 form\u00fcl\u00fcne sahip dikarboksilik asittir. Siklohekzan\u0131n y\u00fckseltgenmesiyle elde edilir. Do\u011fada nispeten az olarak bulunurken, idrar ve<\/p>\n","protected":false},"featured_media":17377,"comment_status":"open","ping_status":"closed","template":"","meta":{"_joinchat":[]},"product_cat":[75],"product_tag":[],"class_list":{"0":"post-17376","1":"product","2":"type-product","3":"status-publish","4":"has-post-thumbnail","6":"product_cat-genel-kimyasallar","8":"first","9":"instock","10":"shipping-taxable","11":"purchasable","12":"product-type-variable"},"yoast_head":"<!-- This site is optimized with the Yoast SEO Premium plugin v20.2.1 (Yoast SEO v20.2.1) - https:\/\/yoast.com\/wordpress\/plugins\/seo\/ -->\n<title>AD\u0130P\u0130K AS\u0130T - Akerkimya<\/title>\n<meta name=\"robots\" content=\"index, follow, max-snippet:-1, max-image-preview:large, max-video-preview:-1\" \/>\n<link rel=\"canonical\" href=\"https:\/\/akerkimya.com\/eticaret\/urun\/adipik-asit\/\" \/>\n<meta property=\"og:locale\" content=\"tr_TR\" \/>\n<meta property=\"og:type\" content=\"article\" \/>\n<meta property=\"og:title\" content=\"AD\u0130P\u0130K AS\u0130T\" \/>\n<meta property=\"og:description\" content=\"AD\u0130P\u0130K AS\u0130T Adipik asit, (CH2)4(COOH)2 form\u00fcl\u00fcne sahip dikarboksilik asittir. Siklohekzan\u0131n y\u00fckseltgenmesiyle elde edilir. Do\u011fada nispeten az olarak bulunurken, idrar ve\" \/>\n<meta property=\"og:url\" content=\"https:\/\/akerkimya.com\/eticaret\/urun\/adipik-asit\/\" \/>\n<meta property=\"og:site_name\" content=\"Akerkimya\" \/>\n<meta property=\"article:modified_time\" content=\"2026-03-29T23:24:12+00:00\" \/>\n<meta property=\"og:image\" content=\"https:\/\/akerkimya.com\/eticaret\/wp-content\/uploads\/2025\/01\/ADIPIK-ASIT-GUNCEL.png\" \/>\n\t<meta property=\"og:image:width\" content=\"1000\" \/>\n\t<meta property=\"og:image:height\" content=\"1000\" \/>\n\t<meta property=\"og:image:type\" content=\"image\/png\" \/>\n<meta name=\"twitter:card\" content=\"summary_large_image\" \/>\n<meta name=\"twitter:label1\" content=\"Tahmini okuma s\u00fcresi\" \/>\n\t<meta name=\"twitter:data1\" content=\"2 dakika\" \/>\n<script type=\"application\/ld+json\" class=\"yoast-schema-graph\">{\"@context\":\"https:\/\/schema.org\",\"@graph\":[{\"@type\":\"WebPage\",\"@id\":\"https:\/\/akerkimya.com\/eticaret\/urun\/adipik-asit\/\",\"url\":\"https:\/\/akerkimya.com\/eticaret\/urun\/adipik-asit\/\",\"name\":\"AD\u0130P\u0130K AS\u0130T - Akerkimya\",\"isPartOf\":{\"@id\":\"https:\/\/akerkimya.com\/eticaret\/#website\"},\"datePublished\":\"2025-01-03T12:18:49+00:00\",\"dateModified\":\"2026-03-29T23:24:12+00:00\",\"breadcrumb\":{\"@id\":\"https:\/\/akerkimya.com\/eticaret\/urun\/adipik-asit\/#breadcrumb\"},\"inLanguage\":\"tr\",\"potentialAction\":[{\"@type\":\"ReadAction\",\"target\":[\"https:\/\/akerkimya.com\/eticaret\/urun\/adipik-asit\/\"]}]},{\"@type\":\"BreadcrumbList\",\"@id\":\"https:\/\/akerkimya.com\/eticaret\/urun\/adipik-asit\/#breadcrumb\",\"itemListElement\":[{\"@type\":\"ListItem\",\"position\":1,\"name\":\"Home\",\"item\":\"https:\/\/akerkimya.com\/eticaret\/\"},{\"@type\":\"ListItem\",\"position\":2,\"name\":\"Market\",\"item\":\"https:\/\/akerkimya.com\/eticaret\/market\/\"},{\"@type\":\"ListItem\",\"position\":3,\"name\":\"AD\u0130P\u0130K AS\u0130T\"}]},{\"@type\":\"WebSite\",\"@id\":\"https:\/\/akerkimya.com\/eticaret\/#website\",\"url\":\"https:\/\/akerkimya.com\/eticaret\/\",\"name\":\"Akerkimya\",\"description\":\"\",\"potentialAction\":[{\"@type\":\"SearchAction\",\"target\":{\"@type\":\"EntryPoint\",\"urlTemplate\":\"https:\/\/akerkimya.com\/eticaret\/?s={search_term_string}\"},\"query-input\":\"required name=search_term_string\"}],\"inLanguage\":\"tr\"}]}<\/script>\n<!-- \/ Yoast SEO Premium plugin. -->","yoast_head_json":{"title":"AD\u0130P\u0130K AS\u0130T - Akerkimya","robots":{"index":"index","follow":"follow","max-snippet":"max-snippet:-1","max-image-preview":"max-image-preview:large","max-video-preview":"max-video-preview:-1"},"canonical":"https:\/\/akerkimya.com\/eticaret\/urun\/adipik-asit\/","og_locale":"tr_TR","og_type":"article","og_title":"AD\u0130P\u0130K AS\u0130T","og_description":"AD\u0130P\u0130K AS\u0130T Adipik asit, (CH2)4(COOH)2 form\u00fcl\u00fcne sahip dikarboksilik asittir. Siklohekzan\u0131n y\u00fckseltgenmesiyle elde edilir. Do\u011fada nispeten az olarak bulunurken, idrar ve","og_url":"https:\/\/akerkimya.com\/eticaret\/urun\/adipik-asit\/","og_site_name":"Akerkimya","article_modified_time":"2026-03-29T23:24:12+00:00","og_image":[{"width":1000,"height":1000,"url":"https:\/\/akerkimya.com\/eticaret\/wp-content\/uploads\/2025\/01\/ADIPIK-ASIT-GUNCEL.png","type":"image\/png"}],"twitter_card":"summary_large_image","twitter_misc":{"Tahmini okuma s\u00fcresi":"2 dakika"},"schema":{"@context":"https:\/\/schema.org","@graph":[{"@type":"WebPage","@id":"https:\/\/akerkimya.com\/eticaret\/urun\/adipik-asit\/","url":"https:\/\/akerkimya.com\/eticaret\/urun\/adipik-asit\/","name":"AD\u0130P\u0130K AS\u0130T - Akerkimya","isPartOf":{"@id":"https:\/\/akerkimya.com\/eticaret\/#website"},"datePublished":"2025-01-03T12:18:49+00:00","dateModified":"2026-03-29T23:24:12+00:00","breadcrumb":{"@id":"https:\/\/akerkimya.com\/eticaret\/urun\/adipik-asit\/#breadcrumb"},"inLanguage":"tr","potentialAction":[{"@type":"ReadAction","target":["https:\/\/akerkimya.com\/eticaret\/urun\/adipik-asit\/"]}]},{"@type":"BreadcrumbList","@id":"https:\/\/akerkimya.com\/eticaret\/urun\/adipik-asit\/#breadcrumb","itemListElement":[{"@type":"ListItem","position":1,"name":"Home","item":"https:\/\/akerkimya.com\/eticaret\/"},{"@type":"ListItem","position":2,"name":"Market","item":"https:\/\/akerkimya.com\/eticaret\/market\/"},{"@type":"ListItem","position":3,"name":"AD\u0130P\u0130K AS\u0130T"}]},{"@type":"WebSite","@id":"https:\/\/akerkimya.com\/eticaret\/#website","url":"https:\/\/akerkimya.com\/eticaret\/","name":"Akerkimya","description":"","potentialAction":[{"@type":"SearchAction","target":{"@type":"EntryPoint","urlTemplate":"https:\/\/akerkimya.com\/eticaret\/?s={search_term_string}"},"query-input":"required name=search_term_string"}],"inLanguage":"tr"}]}},"_links":{"self":[{"href":"https:\/\/akerkimya.com\/eticaret\/wp-json\/wp\/v2\/product\/17376","targetHints":{"allow":["GET"]}}],"collection":[{"href":"https:\/\/akerkimya.com\/eticaret\/wp-json\/wp\/v2\/product"}],"about":[{"href":"https:\/\/akerkimya.com\/eticaret\/wp-json\/wp\/v2\/types\/product"}],"replies":[{"embeddable":true,"href":"https:\/\/akerkimya.com\/eticaret\/wp-json\/wp\/v2\/comments?post=17376"}],"version-history":[{"count":1,"href":"https:\/\/akerkimya.com\/eticaret\/wp-json\/wp\/v2\/product\/17376\/revisions"}],"predecessor-version":[{"id":17381,"href":"https:\/\/akerkimya.com\/eticaret\/wp-json\/wp\/v2\/product\/17376\/revisions\/17381"}],"wp:featuredmedia":[{"embeddable":true,"href":"https:\/\/akerkimya.com\/eticaret\/wp-json\/wp\/v2\/media\/17377"}],"wp:attachment":[{"href":"https:\/\/akerkimya.com\/eticaret\/wp-json\/wp\/v2\/media?parent=17376"}],"wp:term":[{"taxonomy":"product_cat","embeddable":true,"href":"https:\/\/akerkimya.com\/eticaret\/wp-json\/wp\/v2\/product_cat?post=17376"},{"taxonomy":"product_tag","embeddable":true,"href":"https:\/\/akerkimya.com\/eticaret\/wp-json\/wp\/v2\/product_tag?post=17376"}],"curies":[{"name":"wp","href":"https:\/\/api.w.org\/{rel}","templated":true}]}}