{"id":17382,"date":"2025-01-03T15:38:14","date_gmt":"2025-01-03T12:38:14","guid":{"rendered":"https:\/\/akerkimya.com\/eticaret\/?post_type=product&#038;p=17382"},"modified":"2026-03-30T02:24:12","modified_gmt":"2026-03-29T23:24:12","slug":"aluminyum-oksit","status":"publish","type":"product","link":"https:\/\/akerkimya.com\/eticaret\/urun\/aluminyum-oksit\/","title":{"rendered":"AL\u00dcM\u0130NYUM OKS\u0130T"},"content":{"rendered":"<h1>AL\u00dcM\u0130NYUM OKS\u0130T<\/h1>\n<p><strong>Al\u00fcminyum Oksit, al\u00fcminyum metalinin oksijene kar\u015f\u0131 y\u00fcksek duyarl\u0131l\u0131kta olmas\u0131ndan meydana gelmektedir. Bir\u00e7ok sekt\u00f6rde kullan\u0131lan \u00f6nemli bir hammaddedir.<\/p>\n<p>AL\u00dcM\u0130NYUM OKS\u0130T \u00d6ZELL\u0130KLER\u0130<br \/>\nY\u00fcksek sertliktedir ve dayan\u0131mlar\u0131 uzun \u00f6m\u00fcrl\u00fcd\u00fcr.<br \/>\nAl\u00fcminyum Oksit demir i\u00e7ermez.<br \/>\nRadyoaktif de\u011fildir a\u011f\u0131r metaller i\u00e7ermez.<br \/>\nKansorejen madde i\u00e7ermez.<br \/>\n\u00dcst d\u00fczey safl\u0131kta bir abrasivdir.<br \/>\nK\u00f6\u015feli bir tane yap\u0131s\u0131na sahiptir.<br \/>\nK\u00f6\u015feli yap\u0131s\u0131ndan dolay\u0131 a\u015f\u0131nd\u0131rma \u00f6zelli\u011fi y\u00fcksektir.<br \/>\nK\u0131r\u0131lmaya kar\u015f\u0131 olduk\u00e7a diren\u00e7lidir.<br \/>\nAl\u00fcminyumdan daha yo\u011fun ve iletkenli\u011fi daha d\u00fc\u015f\u00fckt\u00fcr.<br \/>\nIslak ve kuru kumlamaya uygundur.<br \/>\nKahverengi Al\u00fcminyum Oksit\u2019e g\u00f6re kumlama esnas\u0131nda daha az toz \u00e7\u0131kararak daha temiz bir y\u00fczey sunar.<\/p>\n<p>TEKN\u0130K \u00d6ZELL\u0130KLER\u0130<br \/>\nK\u0130MYASAL FORM\u00dcL\u00dc: AI203<br \/>\nD\u0130\u011eER \u0130S\u0130MLER\u0130: Al\u00fcmina, Al\u00fcminyum Trioksit<br \/>\nCAS NUMARASI: 1344-28-1<br \/>\nMOLAR K\u00dcTLES\u0130: 101.960 g\/mol<br \/>\nG\u00d6R\u00dcN\u00dcM\u00dc: Beyaz kat\u0131 toz<br \/>\nKOKUSU: Kokusuz<br \/>\nYO\u011eUNLU\u011eU:3.987 g\/cm3<br \/>\nER\u0130ME NOKTASI: 2071 C<br \/>\nKAYNAMA NOKTASI: 2977 C<br \/>\n\u00c7\u00d6Z\u00dcN\u00dcRL\u00dcK: Suda ve Dietil eter i\u00e7inde \u00e7\u00f6z\u00fcnmez. Heksan i\u00e7inde \u00e7\u00f6z\u00fcn\u00fcr.<\/p>\n<p>KULLANIM ALANLARI<br \/>\nAl\u00fcminyum \u00fcretimi, \u0131s\u0131ya dayan\u0131kl\u0131 lifler ve ampul \u00fcretiminde kullan\u0131l\u0131r.<br \/>\nKramatografi ve suyu gaz ak\u0131\u015flar\u0131ndan uzakla\u015ft\u0131rmak i\u00e7in su ar\u0131t\u0131m\u0131nda kullan\u0131l\u0131r.<br \/>\nY\u00fcksek sertlik ve dayan\u0131mlar\u0131 uzun \u00f6m\u00fcrl\u00fc oldu\u011fundan y\u00fczey i\u015flemlerinde kullan\u0131l\u0131r.<br \/>\nY\u00fcksek sertlik ve k\u00f6\u015feli yap\u0131lar\u0131ndan dolay\u0131 kaplama \u00f6ncesi p\u00fcr\u00fczlendirme i\u015flemlerinde kullan\u0131l\u0131r. Kaplama malzemesinin a\u00e7\u0131lan yar\u0131klara daha iyi tutunarak uzun \u00f6m\u00fcrl\u00fc olmas\u0131n\u0131 sa\u011flarlar.<br \/>\nH\u0131zl\u0131 bir y\u00fczey temizleyici olarak da kullan\u0131lmaktad\u0131r.<br \/>\nSafl\u0131k \u00f6zelli\u011fi sayesinde paslanmazl\u0131k \u00f6zelli\u011fi ta\u015f\u0131yan malzemelerin kumlanmas\u0131nda kullan\u0131l\u0131r.<br \/>\nSeramik sekt\u00f6r\u00fcnde z\u0131mpara ve cilalama malzemesi olarak kullan\u0131l\u0131r.<br \/>\nYap\u0131 kimyasal malzemelerin \u00fcretiminde kullan\u0131l\u0131r.<br \/>\nOtomotiv sekt\u00f6r\u00fcnde valfler, pistonlar ve silindir kapaklar\u0131n\u0131n temizli\u011finde kullan\u0131l\u0131r.<br \/>\nHavac\u0131l\u0131k sekt\u00f6r\u00fcnde t\u00fcrbin kanatlar\u0131n\u0131n temizleme i\u015fleminde kullan\u0131l\u0131r.<br \/>\nCam dekorasyonunda kullan\u0131l\u0131r.<br \/>\nMetal ve metal d\u0131\u015f\u0131 malzemelerin matla\u015ft\u0131r\u0131lmas\u0131nda kullan\u0131l\u0131r.<br \/>\nTa\u015f, mermer ve granit kesimi ve refrakt\u00f6r sanayiinde kullan\u0131l\u0131r.<br \/>\nA\u015f\u0131nd\u0131r\u0131c\u0131 ta\u015f ve de z\u0131mpara \u00fcretiminde kullan\u0131l\u0131r.<br \/>\nG\u00fcne\u015ften koruyucu etkisi nedeniyle kozmetik \u00fcr\u00fcnlerinde kullan\u0131l\u0131r.<br \/>\nPlastikler i\u00e7in dolgu maddesi olarak kullan\u0131l\u0131r.<br \/>\nY\u00fcksek s\u0131cakl\u0131k f\u0131r\u0131nlar\u0131nda yal\u0131t\u0131m malzemesi olarak kullan\u0131l\u0131r.<\/p>\n<p>AMBALAJ<br \/>\n1-5-25 kg torbalar halinde <\/p>\n<p>DEPOLAMA<br \/>\nNeme duyarl\u0131 bir \u00fcr\u00fcnd\u00fcr. Bu nedenle kesinlikle neme maruz kalmamal\u0131d\u0131r.<\/strong><\/p>\n","protected":false},"excerpt":{"rendered":"<p>AL\u00dcM\u0130NYUM OKS\u0130T Al\u00fcminyum Oksit, al\u00fcminyum metalinin oksijene kar\u015f\u0131 y\u00fcksek duyarl\u0131l\u0131kta olmas\u0131ndan meydana gelmektedir. Bir\u00e7ok sekt\u00f6rde kullan\u0131lan \u00f6nemli bir hammaddedir. AL\u00dcM\u0130NYUM<\/p>\n","protected":false},"featured_media":17383,"comment_status":"open","ping_status":"closed","template":"","meta":{"_joinchat":[]},"product_cat":[75],"product_tag":[],"class_list":{"0":"post-17382","1":"product","2":"type-product","3":"status-publish","4":"has-post-thumbnail","6":"product_cat-genel-kimyasallar","8":"first","9":"instock","10":"shipping-taxable","11":"purchasable","12":"product-type-variable"},"yoast_head":"<!-- This site is optimized with the Yoast SEO Premium plugin v20.2.1 (Yoast SEO v20.2.1) - https:\/\/yoast.com\/wordpress\/plugins\/seo\/ -->\n<title>AL\u00dcM\u0130NYUM OKS\u0130T - Akerkimya<\/title>\n<meta name=\"robots\" content=\"index, follow, max-snippet:-1, max-image-preview:large, max-video-preview:-1\" \/>\n<link rel=\"canonical\" href=\"https:\/\/akerkimya.com\/eticaret\/urun\/aluminyum-oksit\/\" \/>\n<meta property=\"og:locale\" content=\"tr_TR\" \/>\n<meta property=\"og:type\" content=\"article\" \/>\n<meta property=\"og:title\" content=\"AL\u00dcM\u0130NYUM OKS\u0130T\" \/>\n<meta property=\"og:description\" content=\"AL\u00dcM\u0130NYUM OKS\u0130T Al\u00fcminyum Oksit, al\u00fcminyum metalinin oksijene kar\u015f\u0131 y\u00fcksek duyarl\u0131l\u0131kta olmas\u0131ndan meydana gelmektedir. Bir\u00e7ok sekt\u00f6rde kullan\u0131lan \u00f6nemli bir hammaddedir. AL\u00dcM\u0130NYUM\" \/>\n<meta property=\"og:url\" content=\"https:\/\/akerkimya.com\/eticaret\/urun\/aluminyum-oksit\/\" \/>\n<meta property=\"og:site_name\" content=\"Akerkimya\" \/>\n<meta property=\"article:modified_time\" content=\"2026-03-29T23:24:12+00:00\" \/>\n<meta property=\"og:image\" content=\"https:\/\/akerkimya.com\/eticaret\/wp-content\/uploads\/2025\/01\/ALUMINYUM-OKSIT-GUNCEL-.png\" \/>\n\t<meta property=\"og:image:width\" content=\"1000\" \/>\n\t<meta property=\"og:image:height\" content=\"1000\" \/>\n\t<meta property=\"og:image:type\" content=\"image\/png\" \/>\n<meta name=\"twitter:card\" content=\"summary_large_image\" \/>\n<meta name=\"twitter:label1\" content=\"Tahmini okuma s\u00fcresi\" \/>\n\t<meta name=\"twitter:data1\" content=\"2 dakika\" \/>\n<script type=\"application\/ld+json\" class=\"yoast-schema-graph\">{\"@context\":\"https:\/\/schema.org\",\"@graph\":[{\"@type\":\"WebPage\",\"@id\":\"https:\/\/akerkimya.com\/eticaret\/urun\/aluminyum-oksit\/\",\"url\":\"https:\/\/akerkimya.com\/eticaret\/urun\/aluminyum-oksit\/\",\"name\":\"AL\u00dcM\u0130NYUM OKS\u0130T - Akerkimya\",\"isPartOf\":{\"@id\":\"https:\/\/akerkimya.com\/eticaret\/#website\"},\"datePublished\":\"2025-01-03T12:38:14+00:00\",\"dateModified\":\"2026-03-29T23:24:12+00:00\",\"breadcrumb\":{\"@id\":\"https:\/\/akerkimya.com\/eticaret\/urun\/aluminyum-oksit\/#breadcrumb\"},\"inLanguage\":\"tr\",\"potentialAction\":[{\"@type\":\"ReadAction\",\"target\":[\"https:\/\/akerkimya.com\/eticaret\/urun\/aluminyum-oksit\/\"]}]},{\"@type\":\"BreadcrumbList\",\"@id\":\"https:\/\/akerkimya.com\/eticaret\/urun\/aluminyum-oksit\/#breadcrumb\",\"itemListElement\":[{\"@type\":\"ListItem\",\"position\":1,\"name\":\"Home\",\"item\":\"https:\/\/akerkimya.com\/eticaret\/\"},{\"@type\":\"ListItem\",\"position\":2,\"name\":\"Market\",\"item\":\"https:\/\/akerkimya.com\/eticaret\/market\/\"},{\"@type\":\"ListItem\",\"position\":3,\"name\":\"AL\u00dcM\u0130NYUM OKS\u0130T\"}]},{\"@type\":\"WebSite\",\"@id\":\"https:\/\/akerkimya.com\/eticaret\/#website\",\"url\":\"https:\/\/akerkimya.com\/eticaret\/\",\"name\":\"Akerkimya\",\"description\":\"\",\"potentialAction\":[{\"@type\":\"SearchAction\",\"target\":{\"@type\":\"EntryPoint\",\"urlTemplate\":\"https:\/\/akerkimya.com\/eticaret\/?s={search_term_string}\"},\"query-input\":\"required name=search_term_string\"}],\"inLanguage\":\"tr\"}]}<\/script>\n<!-- \/ Yoast SEO Premium plugin. -->","yoast_head_json":{"title":"AL\u00dcM\u0130NYUM OKS\u0130T - Akerkimya","robots":{"index":"index","follow":"follow","max-snippet":"max-snippet:-1","max-image-preview":"max-image-preview:large","max-video-preview":"max-video-preview:-1"},"canonical":"https:\/\/akerkimya.com\/eticaret\/urun\/aluminyum-oksit\/","og_locale":"tr_TR","og_type":"article","og_title":"AL\u00dcM\u0130NYUM OKS\u0130T","og_description":"AL\u00dcM\u0130NYUM OKS\u0130T Al\u00fcminyum Oksit, al\u00fcminyum metalinin oksijene kar\u015f\u0131 y\u00fcksek duyarl\u0131l\u0131kta olmas\u0131ndan meydana gelmektedir. Bir\u00e7ok sekt\u00f6rde kullan\u0131lan \u00f6nemli bir hammaddedir. AL\u00dcM\u0130NYUM","og_url":"https:\/\/akerkimya.com\/eticaret\/urun\/aluminyum-oksit\/","og_site_name":"Akerkimya","article_modified_time":"2026-03-29T23:24:12+00:00","og_image":[{"width":1000,"height":1000,"url":"https:\/\/akerkimya.com\/eticaret\/wp-content\/uploads\/2025\/01\/ALUMINYUM-OKSIT-GUNCEL-.png","type":"image\/png"}],"twitter_card":"summary_large_image","twitter_misc":{"Tahmini okuma s\u00fcresi":"2 dakika"},"schema":{"@context":"https:\/\/schema.org","@graph":[{"@type":"WebPage","@id":"https:\/\/akerkimya.com\/eticaret\/urun\/aluminyum-oksit\/","url":"https:\/\/akerkimya.com\/eticaret\/urun\/aluminyum-oksit\/","name":"AL\u00dcM\u0130NYUM OKS\u0130T - Akerkimya","isPartOf":{"@id":"https:\/\/akerkimya.com\/eticaret\/#website"},"datePublished":"2025-01-03T12:38:14+00:00","dateModified":"2026-03-29T23:24:12+00:00","breadcrumb":{"@id":"https:\/\/akerkimya.com\/eticaret\/urun\/aluminyum-oksit\/#breadcrumb"},"inLanguage":"tr","potentialAction":[{"@type":"ReadAction","target":["https:\/\/akerkimya.com\/eticaret\/urun\/aluminyum-oksit\/"]}]},{"@type":"BreadcrumbList","@id":"https:\/\/akerkimya.com\/eticaret\/urun\/aluminyum-oksit\/#breadcrumb","itemListElement":[{"@type":"ListItem","position":1,"name":"Home","item":"https:\/\/akerkimya.com\/eticaret\/"},{"@type":"ListItem","position":2,"name":"Market","item":"https:\/\/akerkimya.com\/eticaret\/market\/"},{"@type":"ListItem","position":3,"name":"AL\u00dcM\u0130NYUM OKS\u0130T"}]},{"@type":"WebSite","@id":"https:\/\/akerkimya.com\/eticaret\/#website","url":"https:\/\/akerkimya.com\/eticaret\/","name":"Akerkimya","description":"","potentialAction":[{"@type":"SearchAction","target":{"@type":"EntryPoint","urlTemplate":"https:\/\/akerkimya.com\/eticaret\/?s={search_term_string}"},"query-input":"required name=search_term_string"}],"inLanguage":"tr"}]}},"_links":{"self":[{"href":"https:\/\/akerkimya.com\/eticaret\/wp-json\/wp\/v2\/product\/17382","targetHints":{"allow":["GET"]}}],"collection":[{"href":"https:\/\/akerkimya.com\/eticaret\/wp-json\/wp\/v2\/product"}],"about":[{"href":"https:\/\/akerkimya.com\/eticaret\/wp-json\/wp\/v2\/types\/product"}],"replies":[{"embeddable":true,"href":"https:\/\/akerkimya.com\/eticaret\/wp-json\/wp\/v2\/comments?post=17382"}],"version-history":[{"count":1,"href":"https:\/\/akerkimya.com\/eticaret\/wp-json\/wp\/v2\/product\/17382\/revisions"}],"predecessor-version":[{"id":17387,"href":"https:\/\/akerkimya.com\/eticaret\/wp-json\/wp\/v2\/product\/17382\/revisions\/17387"}],"wp:featuredmedia":[{"embeddable":true,"href":"https:\/\/akerkimya.com\/eticaret\/wp-json\/wp\/v2\/media\/17383"}],"wp:attachment":[{"href":"https:\/\/akerkimya.com\/eticaret\/wp-json\/wp\/v2\/media?parent=17382"}],"wp:term":[{"taxonomy":"product_cat","embeddable":true,"href":"https:\/\/akerkimya.com\/eticaret\/wp-json\/wp\/v2\/product_cat?post=17382"},{"taxonomy":"product_tag","embeddable":true,"href":"https:\/\/akerkimya.com\/eticaret\/wp-json\/wp\/v2\/product_tag?post=17382"}],"curies":[{"name":"wp","href":"https:\/\/api.w.org\/{rel}","templated":true}]}}