{"id":17388,"date":"2025-01-03T16:03:32","date_gmt":"2025-01-03T13:03:32","guid":{"rendered":"https:\/\/akerkimya.com\/eticaret\/?post_type=product&#038;p=17388"},"modified":"2026-04-09T11:13:41","modified_gmt":"2026-04-09T08:13:41","slug":"azodikarbonamid-adc-profor","status":"publish","type":"product","link":"https:\/\/akerkimya.com\/eticaret\/urun\/azodikarbonamid-adc-profor\/","title":{"rendered":"AZOD\u0130KARBONAM\u0130D (ADC\/PROFOR)"},"content":{"rendered":"<h1>AZOD\u0130KARBONAM\u0130D (ADC\/PROFOR)<\/h1>\n<p><strong>Azodikarbonamid (ADC\/PROFOR), C2H4N4O2 molek\u00fcler form\u00fcl\u00fcne sahip kimyasal bir bile\u015fiktir. K\u00f6p\u00fcrtme maddesi AC veya k\u00f6p\u00fcrme maddesi ADC olarak bilinir. Azodikarbonamid, y\u00fcksek s\u0131cakl\u0131k ve bas\u0131n\u00e7 alt\u0131nda hidrazin s\u00fclfat ve \u00fcre aras\u0131ndaki yo\u011funla\u015ft\u0131rma reaksiyonu ve ard\u0131ndan NaOCL ile oksidasyon yoluyla end\u00fcstriyel olarak yap\u0131l\u0131r. K\u00f6p\u00fckl\u00fc plastiklerde yayg\u0131n olarak kullan\u0131ld\u0131\u011f\u0131 i\u00e7in yoga mat\u0131 kimyasal\u0131 olarak kullan\u0131l\u0131r.<\/strong><\/p>\n<p><strong>F\u0130Z\u0130KSEL \u00d6ZELL\u0130KLER\u0130<\/strong><\/p>\n<p><strong>Sar\u0131, turuncu kristal toz<\/strong><\/p>\n<p><strong>Toksik de\u011fildir ve kokusuzdur.<\/strong><\/p>\n<p><strong>Termal ayr\u0131\u015fma ile esas olarak nitrojen, karbon monoksit ve karbon dioksit ve di\u011fer gazlar \u00fcretir.<\/strong><\/p>\n<p><strong>\u00a0<\/strong><\/p>\n<p><strong>TEKN\u0130K \u00d6ZELL\u0130KLER\u0130<\/strong><\/p>\n<p><strong>CAS NUMARASI: 123-77-3<\/strong><\/p>\n<p><strong>EC NUMARASI: 204-650-8<\/strong><\/p>\n<p><strong>K\u0130MYASAL FORM\u00dcL\u00dc: C2H4N4O2<\/strong><\/p>\n<p><strong>K\u0130MYASAL \u0130SM\u0130: Azodikarbonamid, Azobisformamid, Diazenedikarboksamid<\/strong><\/p>\n<p><strong>SAFLIK: %98<\/strong><\/p>\n<p><strong>MOLAR K\u00dcTLE: 116.08 g\/mol<\/strong><\/p>\n<p><strong>ER\u0130ME NOKTASI: 220-225 \u00b0C (ayr\u0131\u015fma)<\/strong><\/p>\n<p><strong>YO\u011eUNLUK: 1.65 g\/cm\u00b3<\/strong><\/p>\n<p><strong>KIRILMA \u0130NDEKS\u0130: 1.762<\/strong><\/p>\n<p><strong>\u00c7\u00d6Z\u00dcN\u00dcRL\u00dcK: S\u0131cak suda ve alkalide \u00e7\u00f6z\u00fcn\u00fcr. Benzin, alkol, benzen, piridin \u00e7\u00f6z\u00fcnmez.<\/strong><\/p>\n<p><strong>\u00a0<\/strong><\/p>\n<p><strong>MOLEK\u00dcLER YAPI VER\u0130LER\u0130<\/strong><\/p>\n<p><strong>MOLAR KIRILMA \u0130NDEKS\u0130: 23.39<\/strong><\/p>\n<p><strong>MOLAR HAC\u0130M (cm\u00b3 \u2018mol): 61.9<\/strong><\/p>\n<p><strong>\u0130ZOTON\u0130K \u00d6ZG\u00dcL HAC\u0130M (90. 2K): 196.7<\/strong><\/p>\n<p><strong>Y\u00dcZEY GER\u0130L\u0130M\u0130 (dyne\/cm): 101,7<\/strong><\/p>\n<p><strong>POLOR\u0130ZE ED\u0130LEB\u0130L\u0130RL\u0130K (10\u00b2\u2074 cm\u00b3): 9,27<\/strong><\/p>\n<p><strong>\u00a0<\/strong><\/p>\n<p><strong>\u00a0<\/strong><\/p>\n<p><strong>KULLANIM ALANLARI<\/strong><\/p>\n<p><strong>Azodikarbonamid yoga mat\u0131, kau\u00e7uk taban, EVA, PE, PVC \u00fcretiminde \u00fcr\u00fcn\u00fcn elastikiyetini artt\u0131rmak ve s\u00fcngerimsi yap\u0131 elde etmek i\u00e7in kullan\u0131l\u0131r.<\/strong><\/p>\n<p><strong>Motor ya\u011f\u0131 katk\u0131 maddesi olarak kullan\u0131l\u0131r.<\/strong><\/p>\n<p><strong>Hamurun mukavemetini ve esnekli\u011fini artt\u0131rmak i\u00e7in g\u0131da end\u00fcstrisinde kullan\u0131l\u0131r. Ancak solunum hastal\u0131klar\u0131, alerjik ast\u0131ma sebebiyet verir.<\/strong><\/p>\n<p><strong>Epoksi sertle\u015ftirici olarak kullan\u0131m\u0131 mevcuttur.<\/strong><\/p>\n<p><strong>Polivinil klor\u00fcr, polietilen, polistiren, polipropilen, ABS re\u00e7inesi vb. i\u00e7in g\u00f6zenek olu\u015fturucu olarak yayg\u0131n bir \u015fekilde kullan\u0131l\u0131r.<\/strong><\/p>\n<p><strong>Azodikarbonamid, bu\u011fday ununda un i\u015fleme maddesi olarak kullan\u0131l\u0131r.<\/strong><\/p>\n<p><strong>Plastiklerde \u015fi\u015firme maddesi olarak kullan\u0131l\u0131r.<\/strong><\/p>\n<p><strong>Sentetik deri alan\u0131nda kullan\u0131l\u0131r ve saf veya modifiye edilebilir.<\/strong><\/p>\n<p><strong>Pencere contalar\u0131, yer paspaslar\u0131, oyuncaklar gibi \u00fcr\u00fcnlerin \u00fcretiminde \u015fi\u015firme maddesi olarak kullan\u0131l\u0131r.<\/strong><\/p>\n<p><strong>Enjeksiyonlu kal\u0131plama, perdahlama, kaplamalar, sulu \u00e7amur ve d\u00f6ner kal\u0131plama gibi geleneksel plastik \u00fcretim i\u015flerimde kullan\u0131l\u0131r.<\/strong><\/p>\n<p><strong>\u00a0<\/strong><\/p>\n<p><strong>G\u00dcVENL\u0130K<\/strong><\/p>\n<p><strong>Solunmas\u0131 halinde hassasiyete neden olabilir.<\/strong><\/p>\n<p><strong>Kapal\u0131 ortamda \u0131s\u0131t\u0131ld\u0131\u011f\u0131nda patlama tehlikesi vard\u0131r.<\/strong><\/p>\n<p><strong>\u00c7evreye zararl\u0131d\u0131r. Su k\u00fctlelerinde kirlili\u011fe neden olur.<\/strong><\/p>\n<p><strong>AMBALAJ<\/strong><\/p>\n<p><strong>1-5-25 kg torbalar halinde<\/strong><\/p>\n<p><strong>\u00a0<\/strong><\/p>\n<p><strong>DEPOLAMA<\/strong><\/p>\n<p><strong>Serin ve nem olmayan yerde ve kapal\u0131 ambalajlarda muhafaza edilmelidir.<\/strong><\/p>\n<p><strong>\u00a0<\/strong><\/p>\n","protected":false},"excerpt":{"rendered":"<p>AZOD\u0130KARBONAM\u0130D (ADC\/PROFOR) Azodikarbonamid (ADC\/PROFOR), C2H4N4O2 molek\u00fcler form\u00fcl\u00fcne sahip kimyasal bir bile\u015fiktir. K\u00f6p\u00fcrtme maddesi AC veya k\u00f6p\u00fcrme maddesi ADC olarak bilinir.<\/p>\n","protected":false},"featured_media":17389,"comment_status":"open","ping_status":"closed","template":"","meta":{"_joinchat":[]},"product_cat":[75],"product_tag":[],"class_list":{"0":"post-17388","1":"product","2":"type-product","3":"status-publish","4":"has-post-thumbnail","6":"product_cat-genel-kimyasallar","8":"first","9":"instock","10":"shipping-taxable","11":"purchasable","12":"product-type-variable"},"yoast_head":"<!-- This site is optimized with the Yoast SEO Premium plugin v20.2.1 (Yoast SEO v20.2.1) - https:\/\/yoast.com\/wordpress\/plugins\/seo\/ -->\n<title>AZOD\u0130KARBONAM\u0130D (ADC\/PROFOR) - Akerkimya<\/title>\n<meta name=\"robots\" content=\"index, follow, max-snippet:-1, max-image-preview:large, max-video-preview:-1\" \/>\n<link rel=\"canonical\" href=\"https:\/\/akerkimya.com\/eticaret\/urun\/azodikarbonamid-adc-profor\/\" \/>\n<meta property=\"og:locale\" content=\"tr_TR\" \/>\n<meta property=\"og:type\" content=\"article\" \/>\n<meta property=\"og:title\" content=\"AZOD\u0130KARBONAM\u0130D (ADC\/PROFOR)\" \/>\n<meta property=\"og:description\" content=\"AZOD\u0130KARBONAM\u0130D (ADC\/PROFOR) Azodikarbonamid (ADC\/PROFOR), C2H4N4O2 molek\u00fcler form\u00fcl\u00fcne sahip kimyasal bir bile\u015fiktir. K\u00f6p\u00fcrtme maddesi AC veya k\u00f6p\u00fcrme maddesi ADC olarak bilinir.\" \/>\n<meta property=\"og:url\" content=\"https:\/\/akerkimya.com\/eticaret\/urun\/azodikarbonamid-adc-profor\/\" \/>\n<meta property=\"og:site_name\" content=\"Akerkimya\" \/>\n<meta property=\"article:modified_time\" content=\"2026-04-09T08:13:41+00:00\" \/>\n<meta property=\"og:image\" content=\"https:\/\/akerkimya.com\/eticaret\/wp-content\/uploads\/2025\/01\/AZODIBIKARBONAMID-GUNCEL.png\" \/>\n\t<meta property=\"og:image:width\" content=\"1000\" \/>\n\t<meta property=\"og:image:height\" content=\"1000\" \/>\n\t<meta property=\"og:image:type\" content=\"image\/png\" \/>\n<meta name=\"twitter:card\" content=\"summary_large_image\" \/>\n<meta name=\"twitter:label1\" content=\"Tahmini okuma s\u00fcresi\" \/>\n\t<meta name=\"twitter:data1\" content=\"2 dakika\" \/>\n<script type=\"application\/ld+json\" class=\"yoast-schema-graph\">{\"@context\":\"https:\/\/schema.org\",\"@graph\":[{\"@type\":\"WebPage\",\"@id\":\"https:\/\/akerkimya.com\/eticaret\/urun\/azodikarbonamid-adc-profor\/\",\"url\":\"https:\/\/akerkimya.com\/eticaret\/urun\/azodikarbonamid-adc-profor\/\",\"name\":\"AZOD\u0130KARBONAM\u0130D (ADC\/PROFOR) - Akerkimya\",\"isPartOf\":{\"@id\":\"https:\/\/akerkimya.com\/eticaret\/#website\"},\"datePublished\":\"2025-01-03T13:03:32+00:00\",\"dateModified\":\"2026-04-09T08:13:41+00:00\",\"breadcrumb\":{\"@id\":\"https:\/\/akerkimya.com\/eticaret\/urun\/azodikarbonamid-adc-profor\/#breadcrumb\"},\"inLanguage\":\"tr\",\"potentialAction\":[{\"@type\":\"ReadAction\",\"target\":[\"https:\/\/akerkimya.com\/eticaret\/urun\/azodikarbonamid-adc-profor\/\"]}]},{\"@type\":\"BreadcrumbList\",\"@id\":\"https:\/\/akerkimya.com\/eticaret\/urun\/azodikarbonamid-adc-profor\/#breadcrumb\",\"itemListElement\":[{\"@type\":\"ListItem\",\"position\":1,\"name\":\"Home\",\"item\":\"https:\/\/akerkimya.com\/eticaret\/\"},{\"@type\":\"ListItem\",\"position\":2,\"name\":\"Market\",\"item\":\"https:\/\/akerkimya.com\/eticaret\/market\/\"},{\"@type\":\"ListItem\",\"position\":3,\"name\":\"AZOD\u0130KARBONAM\u0130D (ADC\/PROFOR)\"}]},{\"@type\":\"WebSite\",\"@id\":\"https:\/\/akerkimya.com\/eticaret\/#website\",\"url\":\"https:\/\/akerkimya.com\/eticaret\/\",\"name\":\"Akerkimya\",\"description\":\"\",\"potentialAction\":[{\"@type\":\"SearchAction\",\"target\":{\"@type\":\"EntryPoint\",\"urlTemplate\":\"https:\/\/akerkimya.com\/eticaret\/?s={search_term_string}\"},\"query-input\":\"required name=search_term_string\"}],\"inLanguage\":\"tr\"}]}<\/script>\n<!-- \/ Yoast SEO Premium plugin. -->","yoast_head_json":{"title":"AZOD\u0130KARBONAM\u0130D (ADC\/PROFOR) - Akerkimya","robots":{"index":"index","follow":"follow","max-snippet":"max-snippet:-1","max-image-preview":"max-image-preview:large","max-video-preview":"max-video-preview:-1"},"canonical":"https:\/\/akerkimya.com\/eticaret\/urun\/azodikarbonamid-adc-profor\/","og_locale":"tr_TR","og_type":"article","og_title":"AZOD\u0130KARBONAM\u0130D (ADC\/PROFOR)","og_description":"AZOD\u0130KARBONAM\u0130D (ADC\/PROFOR) Azodikarbonamid (ADC\/PROFOR), C2H4N4O2 molek\u00fcler form\u00fcl\u00fcne sahip kimyasal bir bile\u015fiktir. K\u00f6p\u00fcrtme maddesi AC veya k\u00f6p\u00fcrme maddesi ADC olarak bilinir.","og_url":"https:\/\/akerkimya.com\/eticaret\/urun\/azodikarbonamid-adc-profor\/","og_site_name":"Akerkimya","article_modified_time":"2026-04-09T08:13:41+00:00","og_image":[{"width":1000,"height":1000,"url":"https:\/\/akerkimya.com\/eticaret\/wp-content\/uploads\/2025\/01\/AZODIBIKARBONAMID-GUNCEL.png","type":"image\/png"}],"twitter_card":"summary_large_image","twitter_misc":{"Tahmini okuma s\u00fcresi":"2 dakika"},"schema":{"@context":"https:\/\/schema.org","@graph":[{"@type":"WebPage","@id":"https:\/\/akerkimya.com\/eticaret\/urun\/azodikarbonamid-adc-profor\/","url":"https:\/\/akerkimya.com\/eticaret\/urun\/azodikarbonamid-adc-profor\/","name":"AZOD\u0130KARBONAM\u0130D (ADC\/PROFOR) - Akerkimya","isPartOf":{"@id":"https:\/\/akerkimya.com\/eticaret\/#website"},"datePublished":"2025-01-03T13:03:32+00:00","dateModified":"2026-04-09T08:13:41+00:00","breadcrumb":{"@id":"https:\/\/akerkimya.com\/eticaret\/urun\/azodikarbonamid-adc-profor\/#breadcrumb"},"inLanguage":"tr","potentialAction":[{"@type":"ReadAction","target":["https:\/\/akerkimya.com\/eticaret\/urun\/azodikarbonamid-adc-profor\/"]}]},{"@type":"BreadcrumbList","@id":"https:\/\/akerkimya.com\/eticaret\/urun\/azodikarbonamid-adc-profor\/#breadcrumb","itemListElement":[{"@type":"ListItem","position":1,"name":"Home","item":"https:\/\/akerkimya.com\/eticaret\/"},{"@type":"ListItem","position":2,"name":"Market","item":"https:\/\/akerkimya.com\/eticaret\/market\/"},{"@type":"ListItem","position":3,"name":"AZOD\u0130KARBONAM\u0130D (ADC\/PROFOR)"}]},{"@type":"WebSite","@id":"https:\/\/akerkimya.com\/eticaret\/#website","url":"https:\/\/akerkimya.com\/eticaret\/","name":"Akerkimya","description":"","potentialAction":[{"@type":"SearchAction","target":{"@type":"EntryPoint","urlTemplate":"https:\/\/akerkimya.com\/eticaret\/?s={search_term_string}"},"query-input":"required name=search_term_string"}],"inLanguage":"tr"}]}},"_links":{"self":[{"href":"https:\/\/akerkimya.com\/eticaret\/wp-json\/wp\/v2\/product\/17388","targetHints":{"allow":["GET"]}}],"collection":[{"href":"https:\/\/akerkimya.com\/eticaret\/wp-json\/wp\/v2\/product"}],"about":[{"href":"https:\/\/akerkimya.com\/eticaret\/wp-json\/wp\/v2\/types\/product"}],"replies":[{"embeddable":true,"href":"https:\/\/akerkimya.com\/eticaret\/wp-json\/wp\/v2\/comments?post=17388"}],"version-history":[{"count":2,"href":"https:\/\/akerkimya.com\/eticaret\/wp-json\/wp\/v2\/product\/17388\/revisions"}],"predecessor-version":[{"id":18178,"href":"https:\/\/akerkimya.com\/eticaret\/wp-json\/wp\/v2\/product\/17388\/revisions\/18178"}],"wp:featuredmedia":[{"embeddable":true,"href":"https:\/\/akerkimya.com\/eticaret\/wp-json\/wp\/v2\/media\/17389"}],"wp:attachment":[{"href":"https:\/\/akerkimya.com\/eticaret\/wp-json\/wp\/v2\/media?parent=17388"}],"wp:term":[{"taxonomy":"product_cat","embeddable":true,"href":"https:\/\/akerkimya.com\/eticaret\/wp-json\/wp\/v2\/product_cat?post=17388"},{"taxonomy":"product_tag","embeddable":true,"href":"https:\/\/akerkimya.com\/eticaret\/wp-json\/wp\/v2\/product_tag?post=17388"}],"curies":[{"name":"wp","href":"https:\/\/api.w.org\/{rel}","templated":true}]}}