{"id":17394,"date":"2025-01-03T16:07:08","date_gmt":"2025-01-03T13:07:08","guid":{"rendered":"https:\/\/akerkimya.com\/eticaret\/?post_type=product&#038;p=17394"},"modified":"2026-05-08T16:14:29","modified_gmt":"2026-05-08T13:14:29","slug":"baryum-klorur","status":"publish","type":"product","link":"https:\/\/akerkimya.com\/eticaret\/urun\/baryum-klorur\/","title":{"rendered":"BARYUM KLOR\u00dcR"},"content":{"rendered":"<h1>BARYUM KLOR\u00dcR<\/h1>\n<p><strong>BaC12 kimyasal form\u00fcl\u00fcne sahip inorganik bir bile\u015fiktir ve higroskopiktir. En \u00f6nemli baryum tuzlar\u0131ndand\u0131r ve \u201cTuzlama Bariyeri\u201d olarak da bilinir. Baryum elementinin suda \u00e7\u00f6z\u00fcnen en yayg\u0131n t\u00fcr\u00fcd\u00fcr. Metalik halde muhafaza edilmesi zordur. Aktif bir yap\u0131ya sahip oldu\u011fundan su, hava ve \u00e7e\u015fitli asitlerle reaksiyona girme e\u011filimine sahiptir.<\/strong><\/p>\n<p><strong>\u00a0<\/strong><\/p>\n<p><strong>BARYUM KLOR\u00dcR \u00d6ZELL\u0130KLER\u0130<\/strong><\/p>\n<p><strong>Monoklinik ve k\u00fcbik kristal formdad\u0131r.<\/strong><\/p>\n<p><strong>Kokusu yoktur ac\u0131 ve tuzlu bir tada sahiptir.<\/strong><\/p>\n<p><strong>Toksik \u00f6zelliklere sahiptir.<\/strong><\/p>\n<p><strong>Zehirlidir.<\/strong><\/p>\n<p><strong>Higroskopik yani nem \u00e7ekici \u00f6zelliktedir.<\/strong><\/p>\n<p><strong>Aleve ye\u015fil sar\u0131 renk verir.<\/strong><\/p>\n<p><strong>Ucuzdur ancak laboratuvar ve end\u00fcstri alan\u0131nda kullan\u0131m\u0131 s\u0131n\u0131rl\u0131d\u0131r.<\/strong><\/p>\n<p><strong>\u00a0<\/strong><\/p>\n<p><strong>TEKN\u0130K \u00d6ZELL\u0130KLER\u0130<\/strong><\/p>\n<p><strong>K\u0130MYASAL FORM\u00dcL\u00dc: BaC12<\/strong><\/p>\n<p><strong>G\u00d6R\u00dcN\u00dcM\u00dc: Toz ve beyaz<\/strong><\/p>\n<p><strong>MOLEK\u00dcLER K\u00dcTLE: 208. 23 g\/mol<\/strong><\/p>\n<p><strong>ER\u0130ME NOKTASI: 962 C<\/strong><\/p>\n<p><strong>KAYNAMA NOKTASI: 1560<\/strong><\/p>\n<p><strong>YO\u011eUNLUK: 3.856 g\/cm3<\/strong><\/p>\n<p><strong>D\u0130\u011eER \u0130S\u0130MLER\u0130: Baryum Diklor\u00fcr, \u00c7\u00f6zelti Formu, Susuz Formu<\/strong><\/p>\n<p><strong>\u00c7\u00d6Z\u00dcN\u00dcRL\u00dcK: Suda \u00e7\u00f6z\u00fcn\u00fcr. Hidroklorik asit, nitrik asit ve alkol i\u00e7erisinde az \u00e7\u00f6z\u00fcn\u00fcr.<\/strong><\/p>\n<p><strong>\u00a0<\/strong><\/p>\n<p><strong>KULLANIM ALANLARI<\/strong><\/p>\n<p><strong>Sanayide kau\u00e7uk, kuma\u015f, foto\u011fraf k\u00e2\u011f\u0131d\u0131 ve deri \u00fcretiminde sodyum s\u00fclfatla birlikte beyaz pigment ve dolgu maddesi olarak kullan\u0131l\u0131r.<\/strong><\/p>\n<p><strong>Is\u0131l i\u015flem banyolar\u0131nda kullan\u0131l\u0131r.<\/strong><\/p>\n<p><strong>Laboratuvarlarda s\u00fclfat iyonunun testi i\u00e7in kullan\u0131l\u0131r.<\/strong><\/p>\n<p><strong>Kemirgenler i\u00e7in toksin \u00fcretiminde kullan\u0131l\u0131r.<\/strong><\/p>\n<p><strong>Baryum tuzlar\u0131n\u0131n \u00fcretimi i\u00e7in kullan\u0131l\u0131r.<\/strong><\/p>\n<p><strong>Kur\u015fun, g\u00fcm\u00fc\u015f ve \u00e7inko \u00fcretiminde kullan\u0131l\u0131r.<\/strong><\/p>\n<p><strong>Magnezyum metalinin haz\u0131rlanmas\u0131nda kullan\u0131l\u0131r.<\/strong><\/p>\n<p><strong>\u00c7eli\u011fin sertle\u015ftirilmesinde kullan\u0131l\u0131r.<\/strong><\/p>\n<p><strong>Boya \u00fcretiminde pigment i\u00e7in kullan\u0131l\u0131r.<\/strong><\/p>\n<p><strong>Parlak ye\u015fil renk elde edebilmek i\u00e7in baz\u0131 havai fi\u015feklerde kullan\u0131l\u0131r.<\/strong><\/p>\n<p><strong>At\u0131k su ar\u0131tma tesislerinde kullan\u0131l\u0131r.<\/strong><\/p>\n<p><strong>Su yumu\u015fat\u0131c\u0131s\u0131 olarak kullan\u0131l\u0131r. Suyun i\u00e7erisindeki metal iyonlar\u0131n\u0131n ba\u011flanarak suyun sertlik derecesinin d\u00fc\u015f\u00fcr\u00fclmesini sa\u011flar.<\/strong><\/p>\n<p><strong>Baz\u0131 optik lenslerde kullan\u0131l\u0131r.<\/strong><\/p>\n<p><strong>End\u00fcstride kostik klorun fabrikalar\u0131nda tuzlu su \u00e7\u00f6zeltilerinin safla\u015ft\u0131r\u0131lmas\u0131 i\u00e7in kullan\u0131l\u0131r.<\/strong><\/p>\n<p><strong>Stabilizat\u00f6r olarak ya\u011flay\u0131c\u0131larda ve pvc haz\u0131rlanmas\u0131nda kullan\u0131l\u0131r.<\/strong><\/p>\n<p><strong>Yataklarda bulunan y\u00fcnlerin i\u015flenmesinde kullan\u0131l\u0131r.<\/strong><\/p>\n<p><strong>Uranyum ve Pl\u00fctonyum yang\u0131nlar\u0131n\u0131n bast\u0131r\u0131lmas\u0131nda i\u015flem g\u00f6rmektedir.<\/strong><\/p>\n<p><strong>Fren balatalar\u0131nda altl\u0131k malzemesi olarak kullan\u0131l\u0131r.<\/strong><\/p>\n<p><strong>\u00a0<\/strong><\/p>\n<p><strong>AMBALAJ <\/strong><\/p>\n<p><strong>1-5-25 kg ambalajlar halinde <\/strong><\/p>\n<p><strong>\u00a0<\/strong><\/p>\n<p><strong>DEPOLAMA <\/strong><\/p>\n<p><strong>Serin ve nem olmayan yerde kapal\u0131 ambalajlarda muhafaza edilmelidir. <\/strong><\/p>\n<p><strong>\u00a0<\/strong><\/p>\n","protected":false},"excerpt":{"rendered":"<p>BARYUM KLOR\u00dcR BaC12 kimyasal form\u00fcl\u00fcne sahip inorganik bir bile\u015fiktir ve higroskopiktir. En \u00f6nemli baryum tuzlar\u0131ndand\u0131r ve \u201cTuzlama Bariyeri\u201d olarak da<\/p>\n","protected":false},"featured_media":17395,"comment_status":"open","ping_status":"closed","template":"","meta":{"_joinchat":[]},"product_cat":[75],"product_tag":[],"class_list":{"0":"post-17394","1":"product","2":"type-product","3":"status-publish","4":"has-post-thumbnail","6":"product_cat-genel-kimyasallar","8":"first","9":"instock","10":"shipping-taxable","11":"purchasable","12":"product-type-variable"},"yoast_head":"<!-- This site is optimized with the Yoast SEO Premium plugin v20.2.1 (Yoast SEO v20.2.1) - https:\/\/yoast.com\/wordpress\/plugins\/seo\/ -->\n<title>BARYUM KLOR\u00dcR - Akerkimya<\/title>\n<meta name=\"robots\" content=\"index, follow, max-snippet:-1, max-image-preview:large, max-video-preview:-1\" \/>\n<link rel=\"canonical\" href=\"https:\/\/akerkimya.com\/eticaret\/urun\/baryum-klorur\/\" \/>\n<meta property=\"og:locale\" content=\"tr_TR\" \/>\n<meta property=\"og:type\" content=\"article\" \/>\n<meta property=\"og:title\" content=\"BARYUM KLOR\u00dcR\" \/>\n<meta property=\"og:description\" content=\"BARYUM KLOR\u00dcR BaC12 kimyasal form\u00fcl\u00fcne sahip inorganik bir bile\u015fiktir ve higroskopiktir. En \u00f6nemli baryum tuzlar\u0131ndand\u0131r ve \u201cTuzlama Bariyeri\u201d olarak da\" \/>\n<meta property=\"og:url\" content=\"https:\/\/akerkimya.com\/eticaret\/urun\/baryum-klorur\/\" \/>\n<meta property=\"og:site_name\" content=\"Akerkimya\" \/>\n<meta property=\"article:modified_time\" content=\"2026-05-08T13:14:29+00:00\" \/>\n<meta property=\"og:image\" content=\"https:\/\/akerkimya.com\/eticaret\/wp-content\/uploads\/2025\/01\/baryum-klorur-guncel-.png\" \/>\n\t<meta property=\"og:image:width\" content=\"1000\" \/>\n\t<meta property=\"og:image:height\" content=\"1000\" \/>\n\t<meta property=\"og:image:type\" content=\"image\/png\" \/>\n<meta name=\"twitter:card\" content=\"summary_large_image\" \/>\n<meta name=\"twitter:label1\" content=\"Tahmini okuma s\u00fcresi\" \/>\n\t<meta name=\"twitter:data1\" content=\"2 dakika\" \/>\n<script type=\"application\/ld+json\" class=\"yoast-schema-graph\">{\"@context\":\"https:\/\/schema.org\",\"@graph\":[{\"@type\":\"WebPage\",\"@id\":\"https:\/\/akerkimya.com\/eticaret\/urun\/baryum-klorur\/\",\"url\":\"https:\/\/akerkimya.com\/eticaret\/urun\/baryum-klorur\/\",\"name\":\"BARYUM KLOR\u00dcR - Akerkimya\",\"isPartOf\":{\"@id\":\"https:\/\/akerkimya.com\/eticaret\/#website\"},\"datePublished\":\"2025-01-03T13:07:08+00:00\",\"dateModified\":\"2026-05-08T13:14:29+00:00\",\"breadcrumb\":{\"@id\":\"https:\/\/akerkimya.com\/eticaret\/urun\/baryum-klorur\/#breadcrumb\"},\"inLanguage\":\"tr\",\"potentialAction\":[{\"@type\":\"ReadAction\",\"target\":[\"https:\/\/akerkimya.com\/eticaret\/urun\/baryum-klorur\/\"]}]},{\"@type\":\"BreadcrumbList\",\"@id\":\"https:\/\/akerkimya.com\/eticaret\/urun\/baryum-klorur\/#breadcrumb\",\"itemListElement\":[{\"@type\":\"ListItem\",\"position\":1,\"name\":\"Home\",\"item\":\"https:\/\/akerkimya.com\/eticaret\/\"},{\"@type\":\"ListItem\",\"position\":2,\"name\":\"Market\",\"item\":\"https:\/\/akerkimya.com\/eticaret\/market\/\"},{\"@type\":\"ListItem\",\"position\":3,\"name\":\"BARYUM KLOR\u00dcR\"}]},{\"@type\":\"WebSite\",\"@id\":\"https:\/\/akerkimya.com\/eticaret\/#website\",\"url\":\"https:\/\/akerkimya.com\/eticaret\/\",\"name\":\"Akerkimya\",\"description\":\"\",\"potentialAction\":[{\"@type\":\"SearchAction\",\"target\":{\"@type\":\"EntryPoint\",\"urlTemplate\":\"https:\/\/akerkimya.com\/eticaret\/?s={search_term_string}\"},\"query-input\":\"required name=search_term_string\"}],\"inLanguage\":\"tr\"}]}<\/script>\n<!-- \/ Yoast SEO Premium plugin. -->","yoast_head_json":{"title":"BARYUM KLOR\u00dcR - Akerkimya","robots":{"index":"index","follow":"follow","max-snippet":"max-snippet:-1","max-image-preview":"max-image-preview:large","max-video-preview":"max-video-preview:-1"},"canonical":"https:\/\/akerkimya.com\/eticaret\/urun\/baryum-klorur\/","og_locale":"tr_TR","og_type":"article","og_title":"BARYUM KLOR\u00dcR","og_description":"BARYUM KLOR\u00dcR BaC12 kimyasal form\u00fcl\u00fcne sahip inorganik bir bile\u015fiktir ve higroskopiktir. En \u00f6nemli baryum tuzlar\u0131ndand\u0131r ve \u201cTuzlama Bariyeri\u201d olarak da","og_url":"https:\/\/akerkimya.com\/eticaret\/urun\/baryum-klorur\/","og_site_name":"Akerkimya","article_modified_time":"2026-05-08T13:14:29+00:00","og_image":[{"width":1000,"height":1000,"url":"https:\/\/akerkimya.com\/eticaret\/wp-content\/uploads\/2025\/01\/baryum-klorur-guncel-.png","type":"image\/png"}],"twitter_card":"summary_large_image","twitter_misc":{"Tahmini okuma s\u00fcresi":"2 dakika"},"schema":{"@context":"https:\/\/schema.org","@graph":[{"@type":"WebPage","@id":"https:\/\/akerkimya.com\/eticaret\/urun\/baryum-klorur\/","url":"https:\/\/akerkimya.com\/eticaret\/urun\/baryum-klorur\/","name":"BARYUM KLOR\u00dcR - Akerkimya","isPartOf":{"@id":"https:\/\/akerkimya.com\/eticaret\/#website"},"datePublished":"2025-01-03T13:07:08+00:00","dateModified":"2026-05-08T13:14:29+00:00","breadcrumb":{"@id":"https:\/\/akerkimya.com\/eticaret\/urun\/baryum-klorur\/#breadcrumb"},"inLanguage":"tr","potentialAction":[{"@type":"ReadAction","target":["https:\/\/akerkimya.com\/eticaret\/urun\/baryum-klorur\/"]}]},{"@type":"BreadcrumbList","@id":"https:\/\/akerkimya.com\/eticaret\/urun\/baryum-klorur\/#breadcrumb","itemListElement":[{"@type":"ListItem","position":1,"name":"Home","item":"https:\/\/akerkimya.com\/eticaret\/"},{"@type":"ListItem","position":2,"name":"Market","item":"https:\/\/akerkimya.com\/eticaret\/market\/"},{"@type":"ListItem","position":3,"name":"BARYUM KLOR\u00dcR"}]},{"@type":"WebSite","@id":"https:\/\/akerkimya.com\/eticaret\/#website","url":"https:\/\/akerkimya.com\/eticaret\/","name":"Akerkimya","description":"","potentialAction":[{"@type":"SearchAction","target":{"@type":"EntryPoint","urlTemplate":"https:\/\/akerkimya.com\/eticaret\/?s={search_term_string}"},"query-input":"required name=search_term_string"}],"inLanguage":"tr"}]}},"_links":{"self":[{"href":"https:\/\/akerkimya.com\/eticaret\/wp-json\/wp\/v2\/product\/17394","targetHints":{"allow":["GET"]}}],"collection":[{"href":"https:\/\/akerkimya.com\/eticaret\/wp-json\/wp\/v2\/product"}],"about":[{"href":"https:\/\/akerkimya.com\/eticaret\/wp-json\/wp\/v2\/types\/product"}],"replies":[{"embeddable":true,"href":"https:\/\/akerkimya.com\/eticaret\/wp-json\/wp\/v2\/comments?post=17394"}],"version-history":[{"count":2,"href":"https:\/\/akerkimya.com\/eticaret\/wp-json\/wp\/v2\/product\/17394\/revisions"}],"predecessor-version":[{"id":21154,"href":"https:\/\/akerkimya.com\/eticaret\/wp-json\/wp\/v2\/product\/17394\/revisions\/21154"}],"wp:featuredmedia":[{"embeddable":true,"href":"https:\/\/akerkimya.com\/eticaret\/wp-json\/wp\/v2\/media\/17395"}],"wp:attachment":[{"href":"https:\/\/akerkimya.com\/eticaret\/wp-json\/wp\/v2\/media?parent=17394"}],"wp:term":[{"taxonomy":"product_cat","embeddable":true,"href":"https:\/\/akerkimya.com\/eticaret\/wp-json\/wp\/v2\/product_cat?post=17394"},{"taxonomy":"product_tag","embeddable":true,"href":"https:\/\/akerkimya.com\/eticaret\/wp-json\/wp\/v2\/product_tag?post=17394"}],"curies":[{"name":"wp","href":"https:\/\/api.w.org\/{rel}","templated":true}]}}