{"id":17400,"date":"2025-01-03T16:09:30","date_gmt":"2025-01-03T13:09:30","guid":{"rendered":"https:\/\/akerkimya.com\/eticaret\/?post_type=product&#038;p=17400"},"modified":"2026-03-30T02:24:13","modified_gmt":"2026-03-29T23:24:13","slug":"baryum-nitrat","status":"publish","type":"product","link":"https:\/\/akerkimya.com\/eticaret\/urun\/baryum-nitrat\/","title":{"rendered":"BARYUM N\u0130TRAT"},"content":{"rendered":"<h1>BARYUM N\u0130TRAT<\/h1>\n<p><strong>Baryum nitrat, Ba(NO3)2 form\u00fcl\u00fcne sahip baryum ve nitrat tuzundan meydana gelmi\u015f ve \u00e7o\u011fu baryum tuzu gibi renksiz, toksik ve suda \u00e7\u00f6z\u00fcnebilen inorganik bir bile\u015fiktir. Do\u011fada nirobarit minerali olarak da bulunur. Baryum nitrat bir oksidand\u0131r ve indirgeyici ajanlarla iyi reaksiyon verir.<\/strong><\/p>\n<p><strong>BARYUM N\u0130TRAT \u00d6ZELL\u0130KLER\u0130<\/strong><\/p>\n<p><strong>Higroskopik ve kokusuz bir kat\u0131 olarak g\u00f6r\u00fcn\u00fcr.<\/strong><\/p>\n<p><strong>Kararl\u0131 kabul edilir, ancak g\u00fc\u00e7l\u00fc bir oksitleyici ajand\u0131r ve yang\u0131nlar\u0131 \u00f6nlemek i\u00e7in yan\u0131c\u0131 maddelerden uzak tutulmal\u0131d\u0131r.<\/strong><\/p>\n<p><strong>Suya duyarl\u0131d\u0131r ve asitlerle veya susuzlarla kar\u0131\u015ft\u0131r\u0131lmamal\u0131d\u0131r.<\/strong><\/p>\n<p><strong>\u00a0<\/strong><\/p>\n<p><strong>TEKN\u0130K \u00d6ZELL\u0130KLER\u0130<\/strong><\/p>\n<p><strong>CAS NUMARASI: 10022-31-8<\/strong><\/p>\n<p><strong>MOLEK\u00dcLER FORM\u00dcL: Ba(No3)2<\/strong><\/p>\n<p><strong>K\u0130MYASAL ADI: Baryum Nitrat, Baryum Dinitrat<\/strong><\/p>\n<p><strong>MOLAR K\u00dcTLE: 261.337 g\/mol<\/strong><\/p>\n<p><strong>YO\u011eUNLUK: 3.24 g\/cm\u00b3<\/strong><\/p>\n<p><strong>ER\u0130ME NOKTASI: 592 \u00b0C (ayr\u0131\u015fma)<\/strong><\/p>\n<p><strong>SUDA \u00c7\u00d6Z\u00dcN\u00dcRL\u00dcK: 4.95 g\/100 Ml (0 \u00b0C), 10.5 g\/100mL (25 \u00b0C), 34.4 g\/100 mL (100 \u00b0C)<\/strong><\/p>\n<p><strong>\u00c7\u00d6Z\u00dcN\u00dcRL\u00dcK: alkolde \u00e7\u00f6z\u00fcnmez.<\/strong><\/p>\n<p><strong>KIRILMA \u0130NDEKS\u0130 (Nd): 1,5659<\/strong><\/p>\n<p><strong>\u00a0<\/strong><\/p>\n<p><strong>KULLANIM ALANLARI<\/strong><\/p>\n<p><strong>Kimya sekt\u00f6r\u00fcnde oksidan olarak kullan\u0131l\u0131r.<\/strong><\/p>\n<p><strong>Savunma sanayiinde maytap, patlay\u0131c\u0131, askeri m\u00fchimmat ve optik cam gibi malzemelerin yap\u0131m\u0131nda kullan\u0131l\u0131r.<\/strong><\/p>\n<p><strong>Sersemletici el bombalar\u0131nda kullan\u0131l\u0131r.<\/strong><\/p>\n<p><strong>Baryum nitrat, k\u00fc\u00e7\u00fck alanlarda k\u0131sa bir s\u00fcre i\u00e7in \u00e7ok y\u00fcksek s\u0131cakl\u0131klarda k\u0131sa ve g\u00fc\u00e7l\u00fc fla\u015flar \u00fcreten termat ad\u0131 verilen bir varyasyonu olu\u015fturmak i\u00e7in termit ile kar\u0131\u015ft\u0131r\u0131larak kullan\u0131l\u0131r.<\/strong><\/p>\n<p><strong>Baryum nitrat, baryum oksit \u00fcretimi s\u00fcrecinde, termiyonik valf end\u00fcstrisinde, ye\u015fil renkli olan pirotekniklerin olu\u015fturulmas\u0131nda kullan\u0131m\u0131 vard\u0131r.<\/strong><\/p>\n<p><strong>BaO i\u00e7eren malzemelerin \u00fcretiminde baryum nitrat kullan\u0131l\u0131r.<\/strong><\/p>\n<p><strong>Bir\u00e7ok alanda baryum tuzlar\u0131 olarak kullan\u0131l\u0131r.<\/strong><\/p>\n<p><strong>\u00a0<\/strong><\/p>\n<p><strong>AMBALAJ<\/strong><\/p>\n<p><strong>1-5-25 kg torbalarda<\/strong><\/p>\n<p><strong>\u00a0<\/strong><\/p>\n<p><strong>DEPOLAMA<\/strong><\/p>\n<p><strong>Y\u00fcksek konsantrasyonlarda (\u00f6rne\u011fin kaplar), \u015fiddetli bir \u015fekilde patlayabilece\u011finden reaksiyona girebilecek maddelerden izole edilecek \u015fekilde depolanmal\u0131d\u0131r.<\/strong><\/p>\n<p><strong>\u00a0<\/strong><\/p>\n<p><strong>\u00a0<\/strong><\/p>\n","protected":false},"excerpt":{"rendered":"<p>BARYUM N\u0130TRAT Baryum nitrat, Ba(NO3)2 form\u00fcl\u00fcne sahip baryum ve nitrat tuzundan meydana gelmi\u015f ve \u00e7o\u011fu baryum tuzu gibi renksiz, toksik<\/p>\n","protected":false},"featured_media":17401,"comment_status":"open","ping_status":"closed","template":"","meta":{"_joinchat":[]},"product_cat":[75],"product_tag":[],"class_list":{"0":"post-17400","1":"product","2":"type-product","3":"status-publish","4":"has-post-thumbnail","6":"product_cat-genel-kimyasallar","8":"first","9":"instock","10":"shipping-taxable","11":"purchasable","12":"product-type-variable"},"yoast_head":"<!-- This site is optimized with the Yoast SEO Premium plugin v20.2.1 (Yoast SEO v20.2.1) - https:\/\/yoast.com\/wordpress\/plugins\/seo\/ -->\n<title>BARYUM N\u0130TRAT - Akerkimya<\/title>\n<meta name=\"robots\" content=\"index, follow, max-snippet:-1, max-image-preview:large, max-video-preview:-1\" \/>\n<link rel=\"canonical\" href=\"https:\/\/akerkimya.com\/eticaret\/urun\/baryum-nitrat\/\" \/>\n<meta property=\"og:locale\" content=\"tr_TR\" \/>\n<meta property=\"og:type\" content=\"article\" \/>\n<meta property=\"og:title\" content=\"BARYUM N\u0130TRAT\" \/>\n<meta property=\"og:description\" content=\"BARYUM N\u0130TRAT Baryum nitrat, Ba(NO3)2 form\u00fcl\u00fcne sahip baryum ve nitrat tuzundan meydana gelmi\u015f ve \u00e7o\u011fu baryum tuzu gibi renksiz, toksik\" \/>\n<meta property=\"og:url\" content=\"https:\/\/akerkimya.com\/eticaret\/urun\/baryum-nitrat\/\" \/>\n<meta property=\"og:site_name\" content=\"Akerkimya\" \/>\n<meta property=\"article:modified_time\" content=\"2026-03-29T23:24:13+00:00\" \/>\n<meta property=\"og:image\" content=\"https:\/\/akerkimya.com\/eticaret\/wp-content\/uploads\/2025\/01\/BARYUM-NITRAT-GUNCEL-.png\" \/>\n\t<meta property=\"og:image:width\" content=\"1000\" \/>\n\t<meta property=\"og:image:height\" content=\"1000\" \/>\n\t<meta property=\"og:image:type\" content=\"image\/png\" \/>\n<meta name=\"twitter:card\" content=\"summary_large_image\" \/>\n<meta name=\"twitter:label1\" content=\"Tahmini okuma s\u00fcresi\" \/>\n\t<meta name=\"twitter:data1\" content=\"2 dakika\" \/>\n<script type=\"application\/ld+json\" class=\"yoast-schema-graph\">{\"@context\":\"https:\/\/schema.org\",\"@graph\":[{\"@type\":\"WebPage\",\"@id\":\"https:\/\/akerkimya.com\/eticaret\/urun\/baryum-nitrat\/\",\"url\":\"https:\/\/akerkimya.com\/eticaret\/urun\/baryum-nitrat\/\",\"name\":\"BARYUM N\u0130TRAT - Akerkimya\",\"isPartOf\":{\"@id\":\"https:\/\/akerkimya.com\/eticaret\/#website\"},\"datePublished\":\"2025-01-03T13:09:30+00:00\",\"dateModified\":\"2026-03-29T23:24:13+00:00\",\"breadcrumb\":{\"@id\":\"https:\/\/akerkimya.com\/eticaret\/urun\/baryum-nitrat\/#breadcrumb\"},\"inLanguage\":\"tr\",\"potentialAction\":[{\"@type\":\"ReadAction\",\"target\":[\"https:\/\/akerkimya.com\/eticaret\/urun\/baryum-nitrat\/\"]}]},{\"@type\":\"BreadcrumbList\",\"@id\":\"https:\/\/akerkimya.com\/eticaret\/urun\/baryum-nitrat\/#breadcrumb\",\"itemListElement\":[{\"@type\":\"ListItem\",\"position\":1,\"name\":\"Home\",\"item\":\"https:\/\/akerkimya.com\/eticaret\/\"},{\"@type\":\"ListItem\",\"position\":2,\"name\":\"Market\",\"item\":\"https:\/\/akerkimya.com\/eticaret\/market\/\"},{\"@type\":\"ListItem\",\"position\":3,\"name\":\"BARYUM N\u0130TRAT\"}]},{\"@type\":\"WebSite\",\"@id\":\"https:\/\/akerkimya.com\/eticaret\/#website\",\"url\":\"https:\/\/akerkimya.com\/eticaret\/\",\"name\":\"Akerkimya\",\"description\":\"\",\"potentialAction\":[{\"@type\":\"SearchAction\",\"target\":{\"@type\":\"EntryPoint\",\"urlTemplate\":\"https:\/\/akerkimya.com\/eticaret\/?s={search_term_string}\"},\"query-input\":\"required name=search_term_string\"}],\"inLanguage\":\"tr\"}]}<\/script>\n<!-- \/ Yoast SEO Premium plugin. -->","yoast_head_json":{"title":"BARYUM N\u0130TRAT - Akerkimya","robots":{"index":"index","follow":"follow","max-snippet":"max-snippet:-1","max-image-preview":"max-image-preview:large","max-video-preview":"max-video-preview:-1"},"canonical":"https:\/\/akerkimya.com\/eticaret\/urun\/baryum-nitrat\/","og_locale":"tr_TR","og_type":"article","og_title":"BARYUM N\u0130TRAT","og_description":"BARYUM N\u0130TRAT Baryum nitrat, Ba(NO3)2 form\u00fcl\u00fcne sahip baryum ve nitrat tuzundan meydana gelmi\u015f ve \u00e7o\u011fu baryum tuzu gibi renksiz, toksik","og_url":"https:\/\/akerkimya.com\/eticaret\/urun\/baryum-nitrat\/","og_site_name":"Akerkimya","article_modified_time":"2026-03-29T23:24:13+00:00","og_image":[{"width":1000,"height":1000,"url":"https:\/\/akerkimya.com\/eticaret\/wp-content\/uploads\/2025\/01\/BARYUM-NITRAT-GUNCEL-.png","type":"image\/png"}],"twitter_card":"summary_large_image","twitter_misc":{"Tahmini okuma s\u00fcresi":"2 dakika"},"schema":{"@context":"https:\/\/schema.org","@graph":[{"@type":"WebPage","@id":"https:\/\/akerkimya.com\/eticaret\/urun\/baryum-nitrat\/","url":"https:\/\/akerkimya.com\/eticaret\/urun\/baryum-nitrat\/","name":"BARYUM N\u0130TRAT - Akerkimya","isPartOf":{"@id":"https:\/\/akerkimya.com\/eticaret\/#website"},"datePublished":"2025-01-03T13:09:30+00:00","dateModified":"2026-03-29T23:24:13+00:00","breadcrumb":{"@id":"https:\/\/akerkimya.com\/eticaret\/urun\/baryum-nitrat\/#breadcrumb"},"inLanguage":"tr","potentialAction":[{"@type":"ReadAction","target":["https:\/\/akerkimya.com\/eticaret\/urun\/baryum-nitrat\/"]}]},{"@type":"BreadcrumbList","@id":"https:\/\/akerkimya.com\/eticaret\/urun\/baryum-nitrat\/#breadcrumb","itemListElement":[{"@type":"ListItem","position":1,"name":"Home","item":"https:\/\/akerkimya.com\/eticaret\/"},{"@type":"ListItem","position":2,"name":"Market","item":"https:\/\/akerkimya.com\/eticaret\/market\/"},{"@type":"ListItem","position":3,"name":"BARYUM N\u0130TRAT"}]},{"@type":"WebSite","@id":"https:\/\/akerkimya.com\/eticaret\/#website","url":"https:\/\/akerkimya.com\/eticaret\/","name":"Akerkimya","description":"","potentialAction":[{"@type":"SearchAction","target":{"@type":"EntryPoint","urlTemplate":"https:\/\/akerkimya.com\/eticaret\/?s={search_term_string}"},"query-input":"required name=search_term_string"}],"inLanguage":"tr"}]}},"_links":{"self":[{"href":"https:\/\/akerkimya.com\/eticaret\/wp-json\/wp\/v2\/product\/17400","targetHints":{"allow":["GET"]}}],"collection":[{"href":"https:\/\/akerkimya.com\/eticaret\/wp-json\/wp\/v2\/product"}],"about":[{"href":"https:\/\/akerkimya.com\/eticaret\/wp-json\/wp\/v2\/types\/product"}],"replies":[{"embeddable":true,"href":"https:\/\/akerkimya.com\/eticaret\/wp-json\/wp\/v2\/comments?post=17400"}],"version-history":[{"count":1,"href":"https:\/\/akerkimya.com\/eticaret\/wp-json\/wp\/v2\/product\/17400\/revisions"}],"predecessor-version":[{"id":17405,"href":"https:\/\/akerkimya.com\/eticaret\/wp-json\/wp\/v2\/product\/17400\/revisions\/17405"}],"wp:featuredmedia":[{"embeddable":true,"href":"https:\/\/akerkimya.com\/eticaret\/wp-json\/wp\/v2\/media\/17401"}],"wp:attachment":[{"href":"https:\/\/akerkimya.com\/eticaret\/wp-json\/wp\/v2\/media?parent=17400"}],"wp:term":[{"taxonomy":"product_cat","embeddable":true,"href":"https:\/\/akerkimya.com\/eticaret\/wp-json\/wp\/v2\/product_cat?post=17400"},{"taxonomy":"product_tag","embeddable":true,"href":"https:\/\/akerkimya.com\/eticaret\/wp-json\/wp\/v2\/product_tag?post=17400"}],"curies":[{"name":"wp","href":"https:\/\/api.w.org\/{rel}","templated":true}]}}