{"id":17406,"date":"2025-01-03T16:14:18","date_gmt":"2025-01-03T13:14:18","guid":{"rendered":"https:\/\/akerkimya.com\/eticaret\/?post_type=product&#038;p=17406"},"modified":"2026-03-30T02:24:13","modified_gmt":"2026-03-29T23:24:13","slug":"etilen-vinil-asetat-eva","status":"publish","type":"product","link":"https:\/\/akerkimya.com\/eticaret\/urun\/etilen-vinil-asetat-eva\/","title":{"rendered":"ET\u0130LEN V\u0130N\u0130L ASETAT (EVA)"},"content":{"rendered":"<h1>ET\u0130LEN V\u0130N\u0130L ASETAT (EVA)<\/h1>\n<p><strong>Poli olarak da bilinen etilen vinil asetat, %2 ile %40 aras\u0131nda \u00e7\u0131kan VAM\u2019\u0131n (vinil asetat monomer) PE (polietilen) ile otoklav ya da AYPE tubular prosesi ile birle\u015fmesi sonucu \u00fcretilen bir kopolimerdir. Yumu\u015fakl\u0131\u011f\u0131 ve esnekli\u011finden dolay\u0131 kau\u00e7uk gibi g\u00f6r\u00fcnen malzemelerin \u00fcretimi i\u00e7in kullan\u0131lan elastomeridir. Gerilim \u00e7atlamalar\u0131 ve UV radyasyonuna kar\u015f\u0131 iyi bir \u015feffafl\u0131\u011fa, parlakl\u0131\u011fa ve dirence sahip bir kimyasald\u0131r.<\/strong><\/p>\n<p><strong>\u00a0<\/strong><\/p>\n<p><strong>ET\u0130LEN V\u0130N\u0130L ASETAT (EVA) \u00d6ZELL\u0130KLER\u0130<\/strong><\/p>\n<p><strong>\u015eeffaf renkte, pelet g\u00f6r\u00fcn\u00fcm\u00fcndedir. Kokusuzdur.<\/strong><\/p>\n<p><strong>Aromatik \u00e7\u00f6z\u00fcc\u00fclerde \u00e7\u00f6z\u00fcn\u00fcr.<\/strong><\/p>\n<p><strong>EVA, hem \u0131s\u0131 hem de so\u011fuk ge\u00e7irmeme \u00f6zelli\u011fine sahiptir.<\/strong><\/p>\n<p><strong>Normal ortam s\u0131cakl\u0131klar\u0131nda kararl\u0131 bir kimyasald\u0131r.<\/strong><\/p>\n<p><strong>Oksitleyici maddeler ve hidrokarbonlar \u00fcr\u00fcn\u00fc reaksiyona sokabilir.<\/strong><\/p>\n<p><strong>Termal bozunma ve yanma halinde karbon oksitler ve di\u011fer toksik gazlar \u00e7\u0131kabilir.<\/strong><\/p>\n<p><strong>\u00a0<\/strong><\/p>\n<p><strong>TEKN\u0130K \u00d6ZELL\u0130KLER\u0130<\/strong><\/p>\n<p><strong>CAS NUMARASI: 108-05-4<\/strong><\/p>\n<p><strong>EC NUMARASI: 203-545-4<\/strong><\/p>\n<p><strong>K\u0130MYASAL ADI: Ethylene V\u0131nyl Acetate Copolymer, EVA, Etilen Vinil Asetat\u00a0 <\/strong><\/p>\n<p><strong>VA \u0130\u00c7ER\u0130\u011e\u0130: %28<\/strong><\/p>\n<p><strong>YO\u011eUNLUK: 0,945 g\/cm\u00b3<\/strong><\/p>\n<p><strong>MFR (190 \u00b0C, 2.16 kg): 400 g\/10min<\/strong><\/p>\n<p><strong>KOPMADA \u00c7EKME DAYANIMI: 3 Mpa <\/strong><\/p>\n<p><strong>ER\u0130ME NOKTASI: 68 \u00b0C<\/strong><\/p>\n<p><strong>SERTL\u0130K: 68<\/strong><\/p>\n<p><strong>\u00c7\u00d6Z\u00dcN\u00dcRL\u00dcK: Su i\u00e7erisinde \u00e7\u00f6z\u00fcnmez.<\/strong><\/p>\n<p><strong>\u00a0<\/strong><\/p>\n<p><strong>KULLANIM ALANLARI<\/strong><\/p>\n<p><strong>Y\u00fcr\u00fcy\u00fc\u015f ayakkab\u0131lar\u0131n\u0131n, terliklerin ve sandaletlerin tabanlar\u0131nda ve i\u00e7 malzemelerinde yayg\u0131n olarak kullan\u0131lmaktad\u0131r.<\/strong><\/p>\n<p><strong>Ses koruyucu levhalarda, spor salonu matlar\u0131 gibi alan\u0131nda da kullan\u0131l\u0131r.<\/strong><\/p>\n<p><strong>A\u011f\u0131r y\u00fck ta\u015f\u0131mak i\u00e7in uygun torba imalat\u0131nda kullan\u0131l\u0131r.<\/strong><\/p>\n<p><strong>Sera film \u00fcretiminde, ambalaj filmleri, medikal filmler, lamine filmlerde ve d\u00f6k\u00fcm filmlerinde de kullan\u0131lmaktad\u0131r.<\/strong><\/p>\n<p><strong>Hot-melt d\u0131\u015f kaplamalarda kullan\u0131l\u0131r.<\/strong><\/p>\n<p><strong>Silan \u00e7apraz ba\u011fl\u0131 kablolarda %12 ila %24 aras\u0131nda vinil asetat i\u00e7eren EVA kullan\u0131l\u0131r.<\/strong><\/p>\n<p><strong>Park bah\u00e7e oyun zeminlerinde kullan\u0131l\u0131r.<\/strong><\/p>\n<p><strong>Bebek arabas\u0131 tekerleklerinde, koltuk minderlerinde ve \u00e7e\u015fitli oyuncaklarda yayg\u0131n olarak kullan\u0131lmaktad\u0131r.<\/strong><\/p>\n<p><strong>Ortez- s\u00f6rf tahtas\u0131 ve skimboard \u00e7eki\u015f pedlerinde kullan\u0131lmaktad\u0131r.<\/strong><\/p>\n<p><strong>Solvent i\u00e7ermedi\u011fi ve y\u00fcksek g\u00fcvenli\u011fe sahip olmas\u0131ndan dolay\u0131 kitap ciltleme, mobilyalarda kullan\u0131lmaktad\u0131r.<\/strong><\/p>\n<p><strong>Bina koruma k\u00f6p\u00fcklerinde kullan\u0131l\u0131r.<\/strong><\/p>\n<p><strong>End\u00fcstriyel tar\u0131m ve g\u0131da \u015fi\u015firme film uygulamalar\u0131nda kullan\u0131l\u0131r.<\/strong><\/p>\n<p><strong>Dizel yak\u0131t i\u00e7in so\u011fuk ak\u0131\u015f iyile\u015ftirici ve HEPA filtrelerde ay\u0131r\u0131c\u0131 olarak kullan\u0131l\u0131r.<\/strong><\/p>\n<p><strong>Temoplastik a\u011f\u0131z koruyucular\u0131 yap\u0131m\u0131nda kullan\u0131l\u0131r.<\/strong><\/p>\n<p><strong>Araba paspaslar\u0131 ve baz\u0131 yapay \u00e7i\u00e7eklerin imalat\u0131nda kullan\u0131l\u0131r.<\/strong><\/p>\n<p><strong>\u00a0<\/strong><\/p>\n<p><strong>\u00a0<\/strong><\/p>\n<p><strong>AMBALAJ<\/strong><\/p>\n<p><strong>1-2-5-25 kg torbalar halinde<\/strong><\/p>\n<p><strong>\u00a0<\/strong><\/p>\n<p><strong>DEPOLAMA<\/strong><\/p>\n<p><strong>Kuru, serin ve iyi havaland\u0131r\u0131lm\u0131\u015f bir alanda orijinal ambalaj\u0131nda s\u0131k\u0131ca kapal\u0131 \u015fekilde muhafaza edilmelidir.<\/strong><\/p>\n","protected":false},"excerpt":{"rendered":"<p>ET\u0130LEN V\u0130N\u0130L ASETAT (EVA) Poli olarak da bilinen etilen vinil asetat, %2 ile %40 aras\u0131nda \u00e7\u0131kan VAM\u2019\u0131n (vinil asetat monomer)<\/p>\n","protected":false},"featured_media":17407,"comment_status":"open","ping_status":"closed","template":"","meta":{"_joinchat":[]},"product_cat":[75],"product_tag":[],"class_list":{"0":"post-17406","1":"product","2":"type-product","3":"status-publish","4":"has-post-thumbnail","6":"product_cat-genel-kimyasallar","8":"first","9":"instock","10":"shipping-taxable","11":"purchasable","12":"product-type-variable"},"yoast_head":"<!-- This site is optimized with the Yoast SEO Premium plugin v20.2.1 (Yoast SEO v20.2.1) - https:\/\/yoast.com\/wordpress\/plugins\/seo\/ -->\n<title>ET\u0130LEN V\u0130N\u0130L ASETAT (EVA) - Akerkimya<\/title>\n<meta name=\"robots\" content=\"index, follow, max-snippet:-1, max-image-preview:large, max-video-preview:-1\" \/>\n<link rel=\"canonical\" href=\"https:\/\/akerkimya.com\/eticaret\/urun\/etilen-vinil-asetat-eva\/\" \/>\n<meta property=\"og:locale\" content=\"tr_TR\" \/>\n<meta property=\"og:type\" content=\"article\" \/>\n<meta property=\"og:title\" content=\"ET\u0130LEN V\u0130N\u0130L ASETAT (EVA)\" \/>\n<meta property=\"og:description\" content=\"ET\u0130LEN V\u0130N\u0130L ASETAT (EVA) Poli olarak da bilinen etilen vinil asetat, %2 ile %40 aras\u0131nda \u00e7\u0131kan VAM\u2019\u0131n (vinil asetat monomer)\" \/>\n<meta property=\"og:url\" content=\"https:\/\/akerkimya.com\/eticaret\/urun\/etilen-vinil-asetat-eva\/\" \/>\n<meta property=\"og:site_name\" content=\"Akerkimya\" \/>\n<meta property=\"article:modified_time\" content=\"2026-03-29T23:24:13+00:00\" \/>\n<meta property=\"og:image\" content=\"https:\/\/akerkimya.com\/eticaret\/wp-content\/uploads\/2025\/01\/ETILEN-VINIL-ASETAT-EVA-GUNCEL-.png\" \/>\n\t<meta property=\"og:image:width\" content=\"1000\" \/>\n\t<meta property=\"og:image:height\" content=\"1000\" \/>\n\t<meta property=\"og:image:type\" content=\"image\/png\" \/>\n<meta name=\"twitter:card\" content=\"summary_large_image\" \/>\n<meta name=\"twitter:label1\" content=\"Tahmini okuma s\u00fcresi\" \/>\n\t<meta name=\"twitter:data1\" content=\"2 dakika\" \/>\n<script type=\"application\/ld+json\" class=\"yoast-schema-graph\">{\"@context\":\"https:\/\/schema.org\",\"@graph\":[{\"@type\":\"WebPage\",\"@id\":\"https:\/\/akerkimya.com\/eticaret\/urun\/etilen-vinil-asetat-eva\/\",\"url\":\"https:\/\/akerkimya.com\/eticaret\/urun\/etilen-vinil-asetat-eva\/\",\"name\":\"ET\u0130LEN V\u0130N\u0130L ASETAT (EVA) - Akerkimya\",\"isPartOf\":{\"@id\":\"https:\/\/akerkimya.com\/eticaret\/#website\"},\"datePublished\":\"2025-01-03T13:14:18+00:00\",\"dateModified\":\"2026-03-29T23:24:13+00:00\",\"breadcrumb\":{\"@id\":\"https:\/\/akerkimya.com\/eticaret\/urun\/etilen-vinil-asetat-eva\/#breadcrumb\"},\"inLanguage\":\"tr\",\"potentialAction\":[{\"@type\":\"ReadAction\",\"target\":[\"https:\/\/akerkimya.com\/eticaret\/urun\/etilen-vinil-asetat-eva\/\"]}]},{\"@type\":\"BreadcrumbList\",\"@id\":\"https:\/\/akerkimya.com\/eticaret\/urun\/etilen-vinil-asetat-eva\/#breadcrumb\",\"itemListElement\":[{\"@type\":\"ListItem\",\"position\":1,\"name\":\"Home\",\"item\":\"https:\/\/akerkimya.com\/eticaret\/\"},{\"@type\":\"ListItem\",\"position\":2,\"name\":\"Market\",\"item\":\"https:\/\/akerkimya.com\/eticaret\/market\/\"},{\"@type\":\"ListItem\",\"position\":3,\"name\":\"ET\u0130LEN V\u0130N\u0130L ASETAT (EVA)\"}]},{\"@type\":\"WebSite\",\"@id\":\"https:\/\/akerkimya.com\/eticaret\/#website\",\"url\":\"https:\/\/akerkimya.com\/eticaret\/\",\"name\":\"Akerkimya\",\"description\":\"\",\"potentialAction\":[{\"@type\":\"SearchAction\",\"target\":{\"@type\":\"EntryPoint\",\"urlTemplate\":\"https:\/\/akerkimya.com\/eticaret\/?s={search_term_string}\"},\"query-input\":\"required name=search_term_string\"}],\"inLanguage\":\"tr\"}]}<\/script>\n<!-- \/ Yoast SEO Premium plugin. -->","yoast_head_json":{"title":"ET\u0130LEN V\u0130N\u0130L ASETAT (EVA) - Akerkimya","robots":{"index":"index","follow":"follow","max-snippet":"max-snippet:-1","max-image-preview":"max-image-preview:large","max-video-preview":"max-video-preview:-1"},"canonical":"https:\/\/akerkimya.com\/eticaret\/urun\/etilen-vinil-asetat-eva\/","og_locale":"tr_TR","og_type":"article","og_title":"ET\u0130LEN V\u0130N\u0130L ASETAT (EVA)","og_description":"ET\u0130LEN V\u0130N\u0130L ASETAT (EVA) Poli olarak da bilinen etilen vinil asetat, %2 ile %40 aras\u0131nda \u00e7\u0131kan VAM\u2019\u0131n (vinil asetat monomer)","og_url":"https:\/\/akerkimya.com\/eticaret\/urun\/etilen-vinil-asetat-eva\/","og_site_name":"Akerkimya","article_modified_time":"2026-03-29T23:24:13+00:00","og_image":[{"width":1000,"height":1000,"url":"https:\/\/akerkimya.com\/eticaret\/wp-content\/uploads\/2025\/01\/ETILEN-VINIL-ASETAT-EVA-GUNCEL-.png","type":"image\/png"}],"twitter_card":"summary_large_image","twitter_misc":{"Tahmini okuma s\u00fcresi":"2 dakika"},"schema":{"@context":"https:\/\/schema.org","@graph":[{"@type":"WebPage","@id":"https:\/\/akerkimya.com\/eticaret\/urun\/etilen-vinil-asetat-eva\/","url":"https:\/\/akerkimya.com\/eticaret\/urun\/etilen-vinil-asetat-eva\/","name":"ET\u0130LEN V\u0130N\u0130L ASETAT (EVA) - Akerkimya","isPartOf":{"@id":"https:\/\/akerkimya.com\/eticaret\/#website"},"datePublished":"2025-01-03T13:14:18+00:00","dateModified":"2026-03-29T23:24:13+00:00","breadcrumb":{"@id":"https:\/\/akerkimya.com\/eticaret\/urun\/etilen-vinil-asetat-eva\/#breadcrumb"},"inLanguage":"tr","potentialAction":[{"@type":"ReadAction","target":["https:\/\/akerkimya.com\/eticaret\/urun\/etilen-vinil-asetat-eva\/"]}]},{"@type":"BreadcrumbList","@id":"https:\/\/akerkimya.com\/eticaret\/urun\/etilen-vinil-asetat-eva\/#breadcrumb","itemListElement":[{"@type":"ListItem","position":1,"name":"Home","item":"https:\/\/akerkimya.com\/eticaret\/"},{"@type":"ListItem","position":2,"name":"Market","item":"https:\/\/akerkimya.com\/eticaret\/market\/"},{"@type":"ListItem","position":3,"name":"ET\u0130LEN V\u0130N\u0130L ASETAT (EVA)"}]},{"@type":"WebSite","@id":"https:\/\/akerkimya.com\/eticaret\/#website","url":"https:\/\/akerkimya.com\/eticaret\/","name":"Akerkimya","description":"","potentialAction":[{"@type":"SearchAction","target":{"@type":"EntryPoint","urlTemplate":"https:\/\/akerkimya.com\/eticaret\/?s={search_term_string}"},"query-input":"required name=search_term_string"}],"inLanguage":"tr"}]}},"_links":{"self":[{"href":"https:\/\/akerkimya.com\/eticaret\/wp-json\/wp\/v2\/product\/17406","targetHints":{"allow":["GET"]}}],"collection":[{"href":"https:\/\/akerkimya.com\/eticaret\/wp-json\/wp\/v2\/product"}],"about":[{"href":"https:\/\/akerkimya.com\/eticaret\/wp-json\/wp\/v2\/types\/product"}],"replies":[{"embeddable":true,"href":"https:\/\/akerkimya.com\/eticaret\/wp-json\/wp\/v2\/comments?post=17406"}],"version-history":[{"count":2,"href":"https:\/\/akerkimya.com\/eticaret\/wp-json\/wp\/v2\/product\/17406\/revisions"}],"predecessor-version":[{"id":19142,"href":"https:\/\/akerkimya.com\/eticaret\/wp-json\/wp\/v2\/product\/17406\/revisions\/19142"}],"wp:featuredmedia":[{"embeddable":true,"href":"https:\/\/akerkimya.com\/eticaret\/wp-json\/wp\/v2\/media\/17407"}],"wp:attachment":[{"href":"https:\/\/akerkimya.com\/eticaret\/wp-json\/wp\/v2\/media?parent=17406"}],"wp:term":[{"taxonomy":"product_cat","embeddable":true,"href":"https:\/\/akerkimya.com\/eticaret\/wp-json\/wp\/v2\/product_cat?post=17406"},{"taxonomy":"product_tag","embeddable":true,"href":"https:\/\/akerkimya.com\/eticaret\/wp-json\/wp\/v2\/product_tag?post=17406"}],"curies":[{"name":"wp","href":"https:\/\/api.w.org\/{rel}","templated":true}]}}