{"id":17441,"date":"2025-01-03T23:59:28","date_gmt":"2025-01-03T20:59:28","guid":{"rendered":"https:\/\/akerkimya.com\/eticaret\/?post_type=product&#038;p=17441"},"modified":"2026-03-30T02:24:14","modified_gmt":"2026-03-29T23:24:14","slug":"carrageenan-karragenan","status":"publish","type":"product","link":"https:\/\/akerkimya.com\/eticaret\/urun\/carrageenan-karragenan\/","title":{"rendered":"CARRAGEENAN (KARRAGENAN)"},"content":{"rendered":"<h1>CARRAGEENAN (KARRAGENAN)<\/h1>\n<p><strong>Carrageenan, C23H23FN407Zn form\u00fcl\u00fcne sahip \u0130rlanda yosunu sak\u0131z\u0131 olarak da bilinen k\u0131rm\u0131z\u0131 deniz yosunundan ekstrakte edilen yayg\u0131n bir katk\u0131 maddesidir. Hidrokolloid s\u0131n\u0131f\u0131nda yer al\u0131r. Carrageenan, bitkisel bir \u00fcr\u00fcn oldu\u011fu i\u00e7in veganlar i\u00e7in uygun bir g\u0131da maddesidir.<\/strong><\/p>\n<p><strong>\u00a0<\/strong><\/p>\n<p><strong>CARRAGEENAN \u00d6ZELL\u0130KLER\u0130<\/strong><\/p>\n<p><strong>K\u0131r\u0131k beyaz formundad\u0131r. Kokusuz veya hafif kokulu yap\u0131\u015fkan bir tada sahiptir.<\/strong><\/p>\n<p><strong>So\u011fuk suda \u00e7\u00f6z\u00fcnmez. S\u0131cak suda \u00e7\u00f6z\u00fcnerek yar\u0131m saydam bir kolloidal \u00e7\u00f6kelme olu\u015fur.<\/strong><\/p>\n<p><strong>Potasyum iyonlar\u0131n\u0131n s\u0131cakl\u0131klar\u0131yla geri d\u00f6n\u00fc\u015f\u00fcml\u00fc jel \u00fcretebilir.<\/strong><\/p>\n<p><strong>\u00a0<\/strong><\/p>\n<p><strong>TEKN\u0130K \u00d6ZELL\u0130KLER\u0130<\/strong><\/p>\n<p><strong>CAS NUMARASI: 9000-07-1<\/strong><\/p>\n<p><strong>MOLEK\u00dcLER FORM\u00dcL: C23H23FN4O7Zn<\/strong><\/p>\n<p><strong>K\u0130MYASAL ADI: Carregeenan, Karragenan, \u0130rlanda yosunu<\/strong><\/p>\n<p><strong>MOLEK\u00dcL A\u011eIRLI\u011eI: 551.8 g\/mol<\/strong><\/p>\n<p><strong>NEM (105 \u00b0C) : &lt;12.0<\/strong><\/p>\n<p><strong>TOPLAM K\u00dcL (550 \u00b0C): 28-34<\/strong><\/p>\n<p><strong>V\u0130SKOZ\u0130TE (1.5%, 75 \u00b0C): 40-160<\/strong><\/p>\n<p><strong>PH (1.5%): 5.5-7.5<\/strong><\/p>\n<p><strong>JEL MUKAVEMET\u0130: 1500-2500<\/strong><\/p>\n<p><strong>KUR\u015eUN (Pb): Max 2<\/strong><\/p>\n<p><strong>ARSEN\u0130K (As): Max 2<\/strong><\/p>\n<p><strong>\u00a0<\/strong><\/p>\n<p><strong>KULLANIM ALANLARI<\/strong><\/p>\n<p><strong>Bira \u00fcretiminde \u00fcr\u00fcn\u00fc berrakla\u015ft\u0131rmak amac\u0131 ile kullan\u0131l\u0131r.<\/strong><\/p>\n<p><strong>Elastik bir madde olan carrageenan j\u00f6le \u00fcretiminde yayg\u0131n olarak kullan\u0131l\u0131r.<\/strong><\/p>\n<p><strong>\u015eekerleme \u00fcretiminde, talep edilen \u00fcr\u00fcn\u00fcn tad\u0131n\u0131 vermek, daha p\u00fcr\u00fczs\u00fcz, daha elastik, daha az viskoz sa\u011flamas\u0131 nedeni ile kullan\u0131l\u0131r.<\/strong><\/p>\n<p><strong>S\u00fct \u00fcr\u00fcnlerinde kal\u0131nla\u015ft\u0131rma ajan\u0131 ve stabilizat\u00f6r olarak kullan\u0131l\u0131r.<\/strong><\/p>\n<p><strong>Diyet lifinin geli\u015ftirilmesi ve uygulanmas\u0131nda yayg\u0131n olarak kullan\u0131lmaktad\u0131r.<\/strong><\/p>\n<p><strong>Laboratuvarda g\u00fc\u00e7l\u00fc bir inflamatuar ajan olarak kullan\u0131l\u0131r.<\/strong><\/p>\n<p><strong>Eti yumu\u015fatmak ve daha uzun s\u00fcre sulu tutmak i\u00e7in kullan\u0131l\u0131r.<\/strong><\/p>\n<p><strong>\u0130\u015flenmi\u015f \u015fark\u00fcteri eti i\u00e7in ba\u011flay\u0131c\u0131 olarak kullan\u0131l\u0131r.<\/strong><\/p>\n<p><strong>\u015eampuan \u00fcretiminde kaygan ve yumu\u015fak hale getirmek i\u00e7in em\u00fclgat\u00f6r olarak kullan\u0131l\u0131r ve em\u00fclsiyon stabilitesini de geli\u015ftirir.<\/strong><\/p>\n<p><strong>Dondurma \u00fcretiminde stabilizat\u00f6r olarak kullan\u0131l\u0131r.<\/strong><\/p>\n<p><strong>Asidik g\u0131dalarda, polimerin par\u00e7alanmas\u0131n\u0131 \u00f6nlemek i\u00e7in \u00fcretimin sonunda kullan\u0131l\u0131r.<\/strong><\/p>\n<p><strong>Di\u015f macunu \u00fcretiminde, bile\u015fenlerin ayr\u0131lmas\u0131n\u0131 \u00f6nleyen stabilizat\u00f6r olarak kullan\u0131l\u0131r.<\/strong><\/p>\n<p><strong>Oda spreylerinde jelle\u015ftirici ajan olarak kullan\u0131lmaktad\u0131r.<\/strong><\/p>\n<p><strong>Ayakkab\u0131 cilas\u0131 \u00fcretiminde viskoziteyi artt\u0131rmak ve jelle\u015ftirici bir madde olarak kullan\u0131l\u0131r.<\/strong><\/p>\n<p><strong>Soslarda viskozite artt\u0131r\u0131c\u0131, soya s\u00fct\u00fcnde koyula\u015ft\u0131r\u0131c\u0131 olarak kullan\u0131l\u0131r.<\/strong><\/p>\n<p><strong>Evcil hayvan mama imalatlar\u0131nda kullan\u0131l\u0131r.<\/strong><\/p>\n<p><strong>\u00a0<\/strong><\/p>\n<p><strong>AMBALAJ<\/strong><\/p>\n<p><strong>1-5-25 kg torbalar halinde<\/strong><\/p>\n<p><strong>\u00a0<\/strong><\/p>\n<p><strong>DEPOLAMA<\/strong><\/p>\n<p><strong>Serin ve kuru bir alanda muhafaza ediniz.<\/strong><\/p>\n<p><strong>\u00a0<\/strong><\/p>\n","protected":false},"excerpt":{"rendered":"<p>CARRAGEENAN (KARRAGENAN) Carrageenan, C23H23FN407Zn form\u00fcl\u00fcne sahip \u0130rlanda yosunu sak\u0131z\u0131 olarak da bilinen k\u0131rm\u0131z\u0131 deniz yosunundan ekstrakte edilen yayg\u0131n bir katk\u0131<\/p>\n","protected":false},"featured_media":17442,"comment_status":"open","ping_status":"closed","template":"","meta":{"_joinchat":[]},"product_cat":[74,76,81],"product_tag":[],"class_list":{"0":"post-17441","1":"product","2":"type-product","3":"status-publish","4":"has-post-thumbnail","6":"product_cat-deterjan-ve-kozmetik-kimyasallari","7":"product_cat-gida-ve-katki-kimyasallari","8":"product_cat-yem-katki-kimyasallari","10":"first","11":"instock","12":"shipping-taxable","13":"purchasable","14":"product-type-variable"},"yoast_head":"<!-- This site is optimized with the Yoast SEO Premium plugin v20.2.1 (Yoast SEO v20.2.1) - https:\/\/yoast.com\/wordpress\/plugins\/seo\/ -->\n<title>CARRAGEENAN (KARRAGENAN) - Akerkimya<\/title>\n<meta name=\"robots\" content=\"index, follow, max-snippet:-1, max-image-preview:large, max-video-preview:-1\" \/>\n<link rel=\"canonical\" href=\"https:\/\/akerkimya.com\/eticaret\/urun\/carrageenan-karragenan\/\" \/>\n<meta property=\"og:locale\" content=\"tr_TR\" \/>\n<meta property=\"og:type\" content=\"article\" \/>\n<meta property=\"og:title\" content=\"CARRAGEENAN (KARRAGENAN)\" \/>\n<meta property=\"og:description\" content=\"CARRAGEENAN (KARRAGENAN) Carrageenan, C23H23FN407Zn form\u00fcl\u00fcne sahip \u0130rlanda yosunu sak\u0131z\u0131 olarak da bilinen k\u0131rm\u0131z\u0131 deniz yosunundan ekstrakte edilen yayg\u0131n bir katk\u0131\" \/>\n<meta property=\"og:url\" content=\"https:\/\/akerkimya.com\/eticaret\/urun\/carrageenan-karragenan\/\" \/>\n<meta property=\"og:site_name\" content=\"Akerkimya\" \/>\n<meta property=\"article:modified_time\" content=\"2026-03-29T23:24:14+00:00\" \/>\n<meta property=\"og:image\" content=\"https:\/\/akerkimya.com\/eticaret\/wp-content\/uploads\/2025\/01\/CARRAGEENAN-GUNCEL-1.png\" \/>\n\t<meta property=\"og:image:width\" content=\"1000\" \/>\n\t<meta property=\"og:image:height\" content=\"1000\" \/>\n\t<meta property=\"og:image:type\" content=\"image\/png\" \/>\n<meta name=\"twitter:card\" content=\"summary_large_image\" \/>\n<meta name=\"twitter:label1\" content=\"Tahmini okuma s\u00fcresi\" \/>\n\t<meta name=\"twitter:data1\" content=\"2 dakika\" \/>\n<script type=\"application\/ld+json\" class=\"yoast-schema-graph\">{\"@context\":\"https:\/\/schema.org\",\"@graph\":[{\"@type\":\"WebPage\",\"@id\":\"https:\/\/akerkimya.com\/eticaret\/urun\/carrageenan-karragenan\/\",\"url\":\"https:\/\/akerkimya.com\/eticaret\/urun\/carrageenan-karragenan\/\",\"name\":\"CARRAGEENAN (KARRAGENAN) - Akerkimya\",\"isPartOf\":{\"@id\":\"https:\/\/akerkimya.com\/eticaret\/#website\"},\"datePublished\":\"2025-01-03T20:59:28+00:00\",\"dateModified\":\"2026-03-29T23:24:14+00:00\",\"breadcrumb\":{\"@id\":\"https:\/\/akerkimya.com\/eticaret\/urun\/carrageenan-karragenan\/#breadcrumb\"},\"inLanguage\":\"tr\",\"potentialAction\":[{\"@type\":\"ReadAction\",\"target\":[\"https:\/\/akerkimya.com\/eticaret\/urun\/carrageenan-karragenan\/\"]}]},{\"@type\":\"BreadcrumbList\",\"@id\":\"https:\/\/akerkimya.com\/eticaret\/urun\/carrageenan-karragenan\/#breadcrumb\",\"itemListElement\":[{\"@type\":\"ListItem\",\"position\":1,\"name\":\"Home\",\"item\":\"https:\/\/akerkimya.com\/eticaret\/\"},{\"@type\":\"ListItem\",\"position\":2,\"name\":\"Market\",\"item\":\"https:\/\/akerkimya.com\/eticaret\/market\/\"},{\"@type\":\"ListItem\",\"position\":3,\"name\":\"CARRAGEENAN (KARRAGENAN)\"}]},{\"@type\":\"WebSite\",\"@id\":\"https:\/\/akerkimya.com\/eticaret\/#website\",\"url\":\"https:\/\/akerkimya.com\/eticaret\/\",\"name\":\"Akerkimya\",\"description\":\"\",\"potentialAction\":[{\"@type\":\"SearchAction\",\"target\":{\"@type\":\"EntryPoint\",\"urlTemplate\":\"https:\/\/akerkimya.com\/eticaret\/?s={search_term_string}\"},\"query-input\":\"required name=search_term_string\"}],\"inLanguage\":\"tr\"}]}<\/script>\n<!-- \/ Yoast SEO Premium plugin. -->","yoast_head_json":{"title":"CARRAGEENAN (KARRAGENAN) - Akerkimya","robots":{"index":"index","follow":"follow","max-snippet":"max-snippet:-1","max-image-preview":"max-image-preview:large","max-video-preview":"max-video-preview:-1"},"canonical":"https:\/\/akerkimya.com\/eticaret\/urun\/carrageenan-karragenan\/","og_locale":"tr_TR","og_type":"article","og_title":"CARRAGEENAN (KARRAGENAN)","og_description":"CARRAGEENAN (KARRAGENAN) Carrageenan, C23H23FN407Zn form\u00fcl\u00fcne sahip \u0130rlanda yosunu sak\u0131z\u0131 olarak da bilinen k\u0131rm\u0131z\u0131 deniz yosunundan ekstrakte edilen yayg\u0131n bir katk\u0131","og_url":"https:\/\/akerkimya.com\/eticaret\/urun\/carrageenan-karragenan\/","og_site_name":"Akerkimya","article_modified_time":"2026-03-29T23:24:14+00:00","og_image":[{"width":1000,"height":1000,"url":"https:\/\/akerkimya.com\/eticaret\/wp-content\/uploads\/2025\/01\/CARRAGEENAN-GUNCEL-1.png","type":"image\/png"}],"twitter_card":"summary_large_image","twitter_misc":{"Tahmini okuma s\u00fcresi":"2 dakika"},"schema":{"@context":"https:\/\/schema.org","@graph":[{"@type":"WebPage","@id":"https:\/\/akerkimya.com\/eticaret\/urun\/carrageenan-karragenan\/","url":"https:\/\/akerkimya.com\/eticaret\/urun\/carrageenan-karragenan\/","name":"CARRAGEENAN (KARRAGENAN) - Akerkimya","isPartOf":{"@id":"https:\/\/akerkimya.com\/eticaret\/#website"},"datePublished":"2025-01-03T20:59:28+00:00","dateModified":"2026-03-29T23:24:14+00:00","breadcrumb":{"@id":"https:\/\/akerkimya.com\/eticaret\/urun\/carrageenan-karragenan\/#breadcrumb"},"inLanguage":"tr","potentialAction":[{"@type":"ReadAction","target":["https:\/\/akerkimya.com\/eticaret\/urun\/carrageenan-karragenan\/"]}]},{"@type":"BreadcrumbList","@id":"https:\/\/akerkimya.com\/eticaret\/urun\/carrageenan-karragenan\/#breadcrumb","itemListElement":[{"@type":"ListItem","position":1,"name":"Home","item":"https:\/\/akerkimya.com\/eticaret\/"},{"@type":"ListItem","position":2,"name":"Market","item":"https:\/\/akerkimya.com\/eticaret\/market\/"},{"@type":"ListItem","position":3,"name":"CARRAGEENAN (KARRAGENAN)"}]},{"@type":"WebSite","@id":"https:\/\/akerkimya.com\/eticaret\/#website","url":"https:\/\/akerkimya.com\/eticaret\/","name":"Akerkimya","description":"","potentialAction":[{"@type":"SearchAction","target":{"@type":"EntryPoint","urlTemplate":"https:\/\/akerkimya.com\/eticaret\/?s={search_term_string}"},"query-input":"required name=search_term_string"}],"inLanguage":"tr"}]}},"_links":{"self":[{"href":"https:\/\/akerkimya.com\/eticaret\/wp-json\/wp\/v2\/product\/17441","targetHints":{"allow":["GET"]}}],"collection":[{"href":"https:\/\/akerkimya.com\/eticaret\/wp-json\/wp\/v2\/product"}],"about":[{"href":"https:\/\/akerkimya.com\/eticaret\/wp-json\/wp\/v2\/types\/product"}],"replies":[{"embeddable":true,"href":"https:\/\/akerkimya.com\/eticaret\/wp-json\/wp\/v2\/comments?post=17441"}],"version-history":[{"count":2,"href":"https:\/\/akerkimya.com\/eticaret\/wp-json\/wp\/v2\/product\/17441\/revisions"}],"predecessor-version":[{"id":19547,"href":"https:\/\/akerkimya.com\/eticaret\/wp-json\/wp\/v2\/product\/17441\/revisions\/19547"}],"wp:featuredmedia":[{"embeddable":true,"href":"https:\/\/akerkimya.com\/eticaret\/wp-json\/wp\/v2\/media\/17442"}],"wp:attachment":[{"href":"https:\/\/akerkimya.com\/eticaret\/wp-json\/wp\/v2\/media?parent=17441"}],"wp:term":[{"taxonomy":"product_cat","embeddable":true,"href":"https:\/\/akerkimya.com\/eticaret\/wp-json\/wp\/v2\/product_cat?post=17441"},{"taxonomy":"product_tag","embeddable":true,"href":"https:\/\/akerkimya.com\/eticaret\/wp-json\/wp\/v2\/product_tag?post=17441"}],"curies":[{"name":"wp","href":"https:\/\/api.w.org\/{rel}","templated":true}]}}