{"id":17457,"date":"2025-01-04T00:14:17","date_gmt":"2025-01-03T21:14:17","guid":{"rendered":"https:\/\/akerkimya.com\/eticaret\/?post_type=product&#038;p=17457"},"modified":"2026-03-30T02:24:16","modified_gmt":"2026-03-29T23:24:16","slug":"climbazole","status":"publish","type":"product","link":"https:\/\/akerkimya.com\/eticaret\/urun\/climbazole\/","title":{"rendered":"CL\u0130MBAZOLE"},"content":{"rendered":"<h1>CL\u0130MBAZOLE<\/h1>\n<p><strong>Climbazole, C15H17CIN2O2 form\u00fcl\u00fcne sahip topikal bir antifungal bir ajand\u0131r. Uygulama y\u00f6ntemi basittir ve deleminasyon endi\u015fesi yoktur. Metal iyonlara kar\u015f\u0131 kararl\u0131d\u0131r, sararma ve renk solmas\u0131 yapmaz.<\/strong><\/p>\n<p><strong>\u00a0<\/strong><\/p>\n<p><strong>CL\u0130MBAZOLE \u00d6ZELL\u0130KLER\u0130<\/strong><\/p>\n<p><strong>Beyaz veya renksiz kristal g\u00f6r\u00fcn\u00fcm\u00fcndedir.<\/strong><\/p>\n<p><strong>Kokusuzdur.<\/strong><\/p>\n<p><strong>Suda \u00e7ok az \u00e7\u00f6z\u00fcn\u00fcr. Esans ya\u011flar\u0131 i\u00e7erisinde ve y\u00fczey aktif maddelerde iyi bir \u00e7\u00f6z\u00fcn\u00fcrl\u00fc\u011fe sahiptir.<\/strong><\/p>\n<p><strong>Ketokonazol ve mikonazol gibi di\u011fer fungisitlere benzer.<\/strong><\/p>\n<p><strong>Pozitif iyon, negatif iyon ve iyonik olmayan y\u00fczey aktif maddeler ile uyumludur.<\/strong><\/p>\n<p><strong>\u00a0<\/strong><\/p>\n<p><strong>TEKN\u0130K \u00d6ZELL\u0130KLER\u0130<\/strong><\/p>\n<p><strong>CAS NUMARASI: 38083-17-9<\/strong><\/p>\n<p><strong>MOLEK\u00dcLER FORM\u00dcL: C15H17CIN2O2<\/strong><\/p>\n<p><strong>K\u0130MYASAL ADI: Climbazole, 1-(4-chlorophenoxy)-1-(1H-imidazol-1-yl)-3,3-di\u00f6ethylbutane-2-one<\/strong><\/p>\n<p><strong>MOLEK\u00dcL A\u011eIRLI\u011eI: 292.76 g\/mol<\/strong><\/p>\n<p><strong>YO\u011eUNLUK: 1.17 g\/cm\u00b3<\/strong><\/p>\n<p><strong>ER\u0130ME NOKTASI: 96 \u00b0C-100 \u00b0C<\/strong><\/p>\n<p><strong>KAYNAMA NOKTASI: 447.5 \u00b0C \u2013 487.5 \u00b0C<\/strong><\/p>\n<p><strong>\u00a0<\/strong><\/p>\n<p><strong>KULLANIM ALANLARI<\/strong><\/p>\n<p><strong>Geni\u015f spektrumlu bakterisidal \u00f6zelli\u011fi nedeniyle ka\u015f\u0131nt\u0131 \u00f6nleyici bak\u0131m \u015fampuanlar\u0131nda kullan\u0131l\u0131r.<\/strong><\/p>\n<p><strong>Ciltte olu\u015fan seboraik dermatit ve egzama gibi fungal enfeksiyonlar\u0131n tedavisinde yayg\u0131n olarak kullan\u0131l\u0131r.<\/strong><\/p>\n<p><strong>Kepek \u00fcreten mantar \u00fczerinde g\u00fc\u00e7l\u00fc bir inhibisyona sahiptir. Bu nedenle kepek \u00f6nleyici \u015fampuanlarda kullan\u0131l\u0131r.<\/strong><\/p>\n<p><strong>Kozmetik sekt\u00f6r\u00fcnde, daha p\u00fcr\u00fczs\u00fcz bir cilt i\u00e7in g\u00fczellik kremlerinde kullan\u0131l\u0131r.<\/strong><\/p>\n<p><strong>Banyo jeli ve gargaralarda da kullan\u0131m\u0131 mevcuttur.<\/strong><\/p>\n<p><strong>\u00a0<\/strong><\/p>\n<p><strong>AMBALAJ<\/strong><\/p>\n<p><strong>1-5-10-50\u00a0 kg torbalar halinde<\/strong><\/p>\n<p><strong>\u00a0<\/strong><\/p>\n<p><strong>DEPOLAMA<\/strong><\/p>\n<p><strong>Serin ve kuru bir alanda muhafaza ediniz.<\/strong><\/p>\n<p><strong>\u00a0<\/strong><\/p>\n","protected":false},"excerpt":{"rendered":"<p>CL\u0130MBAZOLE Climbazole, C15H17CIN2O2 form\u00fcl\u00fcne sahip topikal bir antifungal bir ajand\u0131r. Uygulama y\u00f6ntemi basittir ve deleminasyon endi\u015fesi yoktur. Metal iyonlara kar\u015f\u0131<\/p>\n","protected":false},"featured_media":17458,"comment_status":"open","ping_status":"closed","template":"","meta":{"_joinchat":[]},"product_cat":[74,80],"product_tag":[],"class_list":{"0":"post-17457","1":"product","2":"type-product","3":"status-publish","4":"has-post-thumbnail","6":"product_cat-deterjan-ve-kozmetik-kimyasallari","7":"product_cat-veteriner-ve-ilac-kimyasallari","9":"first","10":"instock","11":"shipping-taxable","12":"purchasable","13":"product-type-variable"},"yoast_head":"<!-- This site is optimized with the Yoast SEO Premium plugin v20.2.1 (Yoast SEO v20.2.1) - https:\/\/yoast.com\/wordpress\/plugins\/seo\/ -->\n<title>CL\u0130MBAZOLE - Akerkimya<\/title>\n<meta name=\"robots\" content=\"index, follow, max-snippet:-1, max-image-preview:large, max-video-preview:-1\" \/>\n<link rel=\"canonical\" href=\"https:\/\/akerkimya.com\/eticaret\/urun\/climbazole\/\" \/>\n<meta property=\"og:locale\" content=\"tr_TR\" \/>\n<meta property=\"og:type\" content=\"article\" \/>\n<meta property=\"og:title\" content=\"CL\u0130MBAZOLE\" \/>\n<meta property=\"og:description\" content=\"CL\u0130MBAZOLE Climbazole, C15H17CIN2O2 form\u00fcl\u00fcne sahip topikal bir antifungal bir ajand\u0131r. Uygulama y\u00f6ntemi basittir ve deleminasyon endi\u015fesi yoktur. Metal iyonlara kar\u015f\u0131\" \/>\n<meta property=\"og:url\" content=\"https:\/\/akerkimya.com\/eticaret\/urun\/climbazole\/\" \/>\n<meta property=\"og:site_name\" content=\"Akerkimya\" \/>\n<meta property=\"article:modified_time\" content=\"2026-03-29T23:24:16+00:00\" \/>\n<meta property=\"og:image\" content=\"https:\/\/akerkimya.com\/eticaret\/wp-content\/uploads\/2025\/01\/CLIMBAZOLE-GUNCEL-.png\" \/>\n\t<meta property=\"og:image:width\" content=\"1000\" \/>\n\t<meta property=\"og:image:height\" content=\"1000\" \/>\n\t<meta property=\"og:image:type\" content=\"image\/png\" \/>\n<meta name=\"twitter:card\" content=\"summary_large_image\" \/>\n<meta name=\"twitter:label1\" content=\"Tahmini okuma s\u00fcresi\" \/>\n\t<meta name=\"twitter:data1\" content=\"1 dakika\" \/>\n<script type=\"application\/ld+json\" class=\"yoast-schema-graph\">{\"@context\":\"https:\/\/schema.org\",\"@graph\":[{\"@type\":\"WebPage\",\"@id\":\"https:\/\/akerkimya.com\/eticaret\/urun\/climbazole\/\",\"url\":\"https:\/\/akerkimya.com\/eticaret\/urun\/climbazole\/\",\"name\":\"CL\u0130MBAZOLE - Akerkimya\",\"isPartOf\":{\"@id\":\"https:\/\/akerkimya.com\/eticaret\/#website\"},\"datePublished\":\"2025-01-03T21:14:17+00:00\",\"dateModified\":\"2026-03-29T23:24:16+00:00\",\"breadcrumb\":{\"@id\":\"https:\/\/akerkimya.com\/eticaret\/urun\/climbazole\/#breadcrumb\"},\"inLanguage\":\"tr\",\"potentialAction\":[{\"@type\":\"ReadAction\",\"target\":[\"https:\/\/akerkimya.com\/eticaret\/urun\/climbazole\/\"]}]},{\"@type\":\"BreadcrumbList\",\"@id\":\"https:\/\/akerkimya.com\/eticaret\/urun\/climbazole\/#breadcrumb\",\"itemListElement\":[{\"@type\":\"ListItem\",\"position\":1,\"name\":\"Home\",\"item\":\"https:\/\/akerkimya.com\/eticaret\/\"},{\"@type\":\"ListItem\",\"position\":2,\"name\":\"Market\",\"item\":\"https:\/\/akerkimya.com\/eticaret\/market\/\"},{\"@type\":\"ListItem\",\"position\":3,\"name\":\"CL\u0130MBAZOLE\"}]},{\"@type\":\"WebSite\",\"@id\":\"https:\/\/akerkimya.com\/eticaret\/#website\",\"url\":\"https:\/\/akerkimya.com\/eticaret\/\",\"name\":\"Akerkimya\",\"description\":\"\",\"potentialAction\":[{\"@type\":\"SearchAction\",\"target\":{\"@type\":\"EntryPoint\",\"urlTemplate\":\"https:\/\/akerkimya.com\/eticaret\/?s={search_term_string}\"},\"query-input\":\"required name=search_term_string\"}],\"inLanguage\":\"tr\"}]}<\/script>\n<!-- \/ Yoast SEO Premium plugin. -->","yoast_head_json":{"title":"CL\u0130MBAZOLE - Akerkimya","robots":{"index":"index","follow":"follow","max-snippet":"max-snippet:-1","max-image-preview":"max-image-preview:large","max-video-preview":"max-video-preview:-1"},"canonical":"https:\/\/akerkimya.com\/eticaret\/urun\/climbazole\/","og_locale":"tr_TR","og_type":"article","og_title":"CL\u0130MBAZOLE","og_description":"CL\u0130MBAZOLE Climbazole, C15H17CIN2O2 form\u00fcl\u00fcne sahip topikal bir antifungal bir ajand\u0131r. Uygulama y\u00f6ntemi basittir ve deleminasyon endi\u015fesi yoktur. Metal iyonlara kar\u015f\u0131","og_url":"https:\/\/akerkimya.com\/eticaret\/urun\/climbazole\/","og_site_name":"Akerkimya","article_modified_time":"2026-03-29T23:24:16+00:00","og_image":[{"width":1000,"height":1000,"url":"https:\/\/akerkimya.com\/eticaret\/wp-content\/uploads\/2025\/01\/CLIMBAZOLE-GUNCEL-.png","type":"image\/png"}],"twitter_card":"summary_large_image","twitter_misc":{"Tahmini okuma s\u00fcresi":"1 dakika"},"schema":{"@context":"https:\/\/schema.org","@graph":[{"@type":"WebPage","@id":"https:\/\/akerkimya.com\/eticaret\/urun\/climbazole\/","url":"https:\/\/akerkimya.com\/eticaret\/urun\/climbazole\/","name":"CL\u0130MBAZOLE - Akerkimya","isPartOf":{"@id":"https:\/\/akerkimya.com\/eticaret\/#website"},"datePublished":"2025-01-03T21:14:17+00:00","dateModified":"2026-03-29T23:24:16+00:00","breadcrumb":{"@id":"https:\/\/akerkimya.com\/eticaret\/urun\/climbazole\/#breadcrumb"},"inLanguage":"tr","potentialAction":[{"@type":"ReadAction","target":["https:\/\/akerkimya.com\/eticaret\/urun\/climbazole\/"]}]},{"@type":"BreadcrumbList","@id":"https:\/\/akerkimya.com\/eticaret\/urun\/climbazole\/#breadcrumb","itemListElement":[{"@type":"ListItem","position":1,"name":"Home","item":"https:\/\/akerkimya.com\/eticaret\/"},{"@type":"ListItem","position":2,"name":"Market","item":"https:\/\/akerkimya.com\/eticaret\/market\/"},{"@type":"ListItem","position":3,"name":"CL\u0130MBAZOLE"}]},{"@type":"WebSite","@id":"https:\/\/akerkimya.com\/eticaret\/#website","url":"https:\/\/akerkimya.com\/eticaret\/","name":"Akerkimya","description":"","potentialAction":[{"@type":"SearchAction","target":{"@type":"EntryPoint","urlTemplate":"https:\/\/akerkimya.com\/eticaret\/?s={search_term_string}"},"query-input":"required name=search_term_string"}],"inLanguage":"tr"}]}},"_links":{"self":[{"href":"https:\/\/akerkimya.com\/eticaret\/wp-json\/wp\/v2\/product\/17457","targetHints":{"allow":["GET"]}}],"collection":[{"href":"https:\/\/akerkimya.com\/eticaret\/wp-json\/wp\/v2\/product"}],"about":[{"href":"https:\/\/akerkimya.com\/eticaret\/wp-json\/wp\/v2\/types\/product"}],"replies":[{"embeddable":true,"href":"https:\/\/akerkimya.com\/eticaret\/wp-json\/wp\/v2\/comments?post=17457"}],"version-history":[{"count":1,"href":"https:\/\/akerkimya.com\/eticaret\/wp-json\/wp\/v2\/product\/17457\/revisions"}],"predecessor-version":[{"id":17463,"href":"https:\/\/akerkimya.com\/eticaret\/wp-json\/wp\/v2\/product\/17457\/revisions\/17463"}],"wp:featuredmedia":[{"embeddable":true,"href":"https:\/\/akerkimya.com\/eticaret\/wp-json\/wp\/v2\/media\/17458"}],"wp:attachment":[{"href":"https:\/\/akerkimya.com\/eticaret\/wp-json\/wp\/v2\/media?parent=17457"}],"wp:term":[{"taxonomy":"product_cat","embeddable":true,"href":"https:\/\/akerkimya.com\/eticaret\/wp-json\/wp\/v2\/product_cat?post=17457"},{"taxonomy":"product_tag","embeddable":true,"href":"https:\/\/akerkimya.com\/eticaret\/wp-json\/wp\/v2\/product_tag?post=17457"}],"curies":[{"name":"wp","href":"https:\/\/api.w.org\/{rel}","templated":true}]}}