{"id":17485,"date":"2025-01-04T00:40:38","date_gmt":"2025-01-03T21:40:38","guid":{"rendered":"https:\/\/akerkimya.com\/eticaret\/?post_type=product&#038;p=17485"},"modified":"2026-03-30T02:23:04","modified_gmt":"2026-03-29T23:23:04","slug":"esterquat","status":"publish","type":"product","link":"https:\/\/akerkimya.com\/eticaret\/urun\/esterquat\/","title":{"rendered":"ESTERQUAT"},"content":{"rendered":"<h1>ESTERQUAT<\/h1>\n<p><strong>Esterquard, kimyasal bir bile\u015fiktir. Bu bile\u015fik, su ile ya\u011f gibi kar\u0131\u015fmayan maddeleri bir arada tutabilme yetene\u011fine sahiptir. Kremsi yap\u0131daki malzemelerin homojen bir \u015fekilde kar\u0131\u015fmas\u0131na, dokular \u00fczerinde \u00e7ok iyi bir yumu\u015fatma \u00f6zelli\u011fi gibi bir\u00e7ok farkl\u0131 end\u00fcstrilerde de kullan\u0131m alan\u0131 mevcuttur.<\/strong><\/p>\n<p><strong>\u00a0<\/strong><\/p>\n<p><strong>ESTERQUAT \u00d6ZELL\u0130KLER\u0130<\/strong><\/p>\n<p><strong>Rengi beyaz-sar\u0131ms\u0131, k\u0131vam\u0131 hamur gibi (kat\u0131) yap\u0131dad\u0131r.<\/strong><\/p>\n<p><strong>Sararma \u00f6nleyici \u00f6zelli\u011fe sahiptir.<\/strong><\/p>\n<p><strong>\u0130yi bir yumu\u015fakl\u0131\u011fa ve p\u00fcr\u00fczs\u00fczl\u00fc\u011fe, bakteri yok edici \u00f6zelliklere sahiptir.<\/strong><\/p>\n<p><strong>S\u0131cak suda da\u011f\u0131labilir.<\/strong><\/p>\n<p><strong>Tekrar \u0131slat\u0131labilirdik \u00f6zelli\u011findedir.<\/strong><\/p>\n<p><strong>% 5 \u2013 20 aras\u0131 konsantrasyonlarda kullan\u0131labilir.<\/strong><\/p>\n<p><strong>Aktivitesinin y\u00fcksek olmas\u0131ndan dolay\u0131 maliyet avantaj\u0131 sa\u011flar.<\/strong><\/p>\n<p><strong>\u00a0<\/strong><\/p>\n<p><strong>TEKN\u0130K \u00d6ZELL\u0130KLER\u0130<\/strong><\/p>\n<p><strong>CAS NUMARASI: 91995-81-2<\/strong><\/p>\n<p><strong>K\u0130MYASAL \u0130SM\u0130: Dialkyl ammonium metha sulphate, esterquat<\/strong><\/p>\n<p><strong>YO\u011eUNLUK: 1 g\/cm\u00b3<\/strong><\/p>\n<p><strong>Ph DE\u011eER\u0130: 6-8 aras\u0131ndad\u0131r.<\/strong><\/p>\n<p><strong>SUDA \u00c7\u00d6Z\u00dcN\u00dcRL\u00dcK: \u00c7\u00f6z\u00fcn\u00fcr<\/strong><\/p>\n<p><strong>\u00a0<\/strong><\/p>\n<p><strong>KULLANIM ALANLARI <\/strong><\/p>\n<p><strong>Ki\u015fisel bak\u0131m ve kozmetik \u00fcr\u00fcnlerinde, \u00f6zellikle cilt bak\u0131m\u0131 gibi \u00fcr\u00fcnlerde \u00fcr\u00fcne nemlendirici ve antistatik gibi \u00f6zellikler kazand\u0131r\u0131lmak i\u00e7in kullan\u0131l\u0131r.<\/strong><\/p>\n<p><strong>Y\u00fczey temizleyici, yumu\u015fat\u0131c\u0131 gibi ev temizlik \u00fcr\u00fcnlerinde kullan\u0131larak dokular\u0131n yumu\u015fatma \u00f6zelli\u011fini kazand\u0131rmak i\u00e7in kullan\u0131l\u0131r.<\/strong><\/p>\n<p><strong>\u015eampuan ve sa\u00e7 kremleri gibi \u00fcr\u00fcnlerde kullan\u0131larak sa\u00e7\u0131 yumu\u015fatarak daha kolay taranmas\u0131n\u0131 sa\u011flar.<\/strong><\/p>\n<p><strong>AMBALAJ<\/strong><\/p>\n<p><strong>\u00a0<\/strong><\/p>\n<p><strong>\u00a0<\/strong><\/p>\n<p><strong>DEPOLAMA<\/strong><\/p>\n<p><strong>Serin ve kuru yerde muhafaza edilmelidir. \u00dcr\u00fcn kullan\u0131ld\u0131ktan sonra torba a\u011fz\u0131 a\u00e7\u0131k b\u0131rak\u0131lmamal\u0131d\u0131r.<\/strong><\/p>\n","protected":false},"excerpt":{"rendered":"<p>ESTERQUAT Esterquard, kimyasal bir bile\u015fiktir. Bu bile\u015fik, su ile ya\u011f gibi kar\u0131\u015fmayan maddeleri bir arada tutabilme yetene\u011fine sahiptir. Kremsi yap\u0131daki<\/p>\n","protected":false},"featured_media":17486,"comment_status":"open","ping_status":"closed","template":"","meta":{"_joinchat":[]},"product_cat":[74],"product_tag":[],"class_list":{"0":"post-17485","1":"product","2":"type-product","3":"status-publish","4":"has-post-thumbnail","6":"product_cat-deterjan-ve-kozmetik-kimyasallari","8":"first","9":"outofstock","10":"shipping-taxable","11":"product-type-variable"},"yoast_head":"<!-- This site is optimized with the Yoast SEO Premium plugin v20.2.1 (Yoast SEO v20.2.1) - https:\/\/yoast.com\/wordpress\/plugins\/seo\/ -->\n<title>ESTERQUAT - Akerkimya<\/title>\n<meta name=\"robots\" content=\"index, follow, max-snippet:-1, max-image-preview:large, max-video-preview:-1\" \/>\n<link rel=\"canonical\" href=\"https:\/\/akerkimya.com\/eticaret\/urun\/esterquat\/\" \/>\n<meta property=\"og:locale\" content=\"tr_TR\" \/>\n<meta property=\"og:type\" content=\"article\" \/>\n<meta property=\"og:title\" content=\"ESTERQUAT\" \/>\n<meta property=\"og:description\" content=\"ESTERQUAT Esterquard, kimyasal bir bile\u015fiktir. Bu bile\u015fik, su ile ya\u011f gibi kar\u0131\u015fmayan maddeleri bir arada tutabilme yetene\u011fine sahiptir. Kremsi yap\u0131daki\" \/>\n<meta property=\"og:url\" content=\"https:\/\/akerkimya.com\/eticaret\/urun\/esterquat\/\" \/>\n<meta property=\"og:site_name\" content=\"Akerkimya\" \/>\n<meta property=\"article:modified_time\" content=\"2026-03-29T23:23:04+00:00\" \/>\n<meta property=\"og:image\" content=\"https:\/\/akerkimya.com\/eticaret\/wp-content\/uploads\/2025\/01\/ESTERQUAT-GUNCEL.png\" \/>\n\t<meta property=\"og:image:width\" content=\"1000\" \/>\n\t<meta property=\"og:image:height\" content=\"1000\" \/>\n\t<meta property=\"og:image:type\" content=\"image\/png\" \/>\n<meta name=\"twitter:card\" content=\"summary_large_image\" \/>\n<meta name=\"twitter:label1\" content=\"Tahmini okuma s\u00fcresi\" \/>\n\t<meta name=\"twitter:data1\" content=\"1 dakika\" \/>\n<script type=\"application\/ld+json\" class=\"yoast-schema-graph\">{\"@context\":\"https:\/\/schema.org\",\"@graph\":[{\"@type\":\"WebPage\",\"@id\":\"https:\/\/akerkimya.com\/eticaret\/urun\/esterquat\/\",\"url\":\"https:\/\/akerkimya.com\/eticaret\/urun\/esterquat\/\",\"name\":\"ESTERQUAT - Akerkimya\",\"isPartOf\":{\"@id\":\"https:\/\/akerkimya.com\/eticaret\/#website\"},\"datePublished\":\"2025-01-03T21:40:38+00:00\",\"dateModified\":\"2026-03-29T23:23:04+00:00\",\"breadcrumb\":{\"@id\":\"https:\/\/akerkimya.com\/eticaret\/urun\/esterquat\/#breadcrumb\"},\"inLanguage\":\"tr\",\"potentialAction\":[{\"@type\":\"ReadAction\",\"target\":[\"https:\/\/akerkimya.com\/eticaret\/urun\/esterquat\/\"]}]},{\"@type\":\"BreadcrumbList\",\"@id\":\"https:\/\/akerkimya.com\/eticaret\/urun\/esterquat\/#breadcrumb\",\"itemListElement\":[{\"@type\":\"ListItem\",\"position\":1,\"name\":\"Home\",\"item\":\"https:\/\/akerkimya.com\/eticaret\/\"},{\"@type\":\"ListItem\",\"position\":2,\"name\":\"Market\",\"item\":\"https:\/\/akerkimya.com\/eticaret\/market\/\"},{\"@type\":\"ListItem\",\"position\":3,\"name\":\"ESTERQUAT\"}]},{\"@type\":\"WebSite\",\"@id\":\"https:\/\/akerkimya.com\/eticaret\/#website\",\"url\":\"https:\/\/akerkimya.com\/eticaret\/\",\"name\":\"Akerkimya\",\"description\":\"\",\"potentialAction\":[{\"@type\":\"SearchAction\",\"target\":{\"@type\":\"EntryPoint\",\"urlTemplate\":\"https:\/\/akerkimya.com\/eticaret\/?s={search_term_string}\"},\"query-input\":\"required name=search_term_string\"}],\"inLanguage\":\"tr\"}]}<\/script>\n<!-- \/ Yoast SEO Premium plugin. -->","yoast_head_json":{"title":"ESTERQUAT - Akerkimya","robots":{"index":"index","follow":"follow","max-snippet":"max-snippet:-1","max-image-preview":"max-image-preview:large","max-video-preview":"max-video-preview:-1"},"canonical":"https:\/\/akerkimya.com\/eticaret\/urun\/esterquat\/","og_locale":"tr_TR","og_type":"article","og_title":"ESTERQUAT","og_description":"ESTERQUAT Esterquard, kimyasal bir bile\u015fiktir. Bu bile\u015fik, su ile ya\u011f gibi kar\u0131\u015fmayan maddeleri bir arada tutabilme yetene\u011fine sahiptir. Kremsi yap\u0131daki","og_url":"https:\/\/akerkimya.com\/eticaret\/urun\/esterquat\/","og_site_name":"Akerkimya","article_modified_time":"2026-03-29T23:23:04+00:00","og_image":[{"width":1000,"height":1000,"url":"https:\/\/akerkimya.com\/eticaret\/wp-content\/uploads\/2025\/01\/ESTERQUAT-GUNCEL.png","type":"image\/png"}],"twitter_card":"summary_large_image","twitter_misc":{"Tahmini okuma s\u00fcresi":"1 dakika"},"schema":{"@context":"https:\/\/schema.org","@graph":[{"@type":"WebPage","@id":"https:\/\/akerkimya.com\/eticaret\/urun\/esterquat\/","url":"https:\/\/akerkimya.com\/eticaret\/urun\/esterquat\/","name":"ESTERQUAT - Akerkimya","isPartOf":{"@id":"https:\/\/akerkimya.com\/eticaret\/#website"},"datePublished":"2025-01-03T21:40:38+00:00","dateModified":"2026-03-29T23:23:04+00:00","breadcrumb":{"@id":"https:\/\/akerkimya.com\/eticaret\/urun\/esterquat\/#breadcrumb"},"inLanguage":"tr","potentialAction":[{"@type":"ReadAction","target":["https:\/\/akerkimya.com\/eticaret\/urun\/esterquat\/"]}]},{"@type":"BreadcrumbList","@id":"https:\/\/akerkimya.com\/eticaret\/urun\/esterquat\/#breadcrumb","itemListElement":[{"@type":"ListItem","position":1,"name":"Home","item":"https:\/\/akerkimya.com\/eticaret\/"},{"@type":"ListItem","position":2,"name":"Market","item":"https:\/\/akerkimya.com\/eticaret\/market\/"},{"@type":"ListItem","position":3,"name":"ESTERQUAT"}]},{"@type":"WebSite","@id":"https:\/\/akerkimya.com\/eticaret\/#website","url":"https:\/\/akerkimya.com\/eticaret\/","name":"Akerkimya","description":"","potentialAction":[{"@type":"SearchAction","target":{"@type":"EntryPoint","urlTemplate":"https:\/\/akerkimya.com\/eticaret\/?s={search_term_string}"},"query-input":"required name=search_term_string"}],"inLanguage":"tr"}]}},"_links":{"self":[{"href":"https:\/\/akerkimya.com\/eticaret\/wp-json\/wp\/v2\/product\/17485","targetHints":{"allow":["GET"]}}],"collection":[{"href":"https:\/\/akerkimya.com\/eticaret\/wp-json\/wp\/v2\/product"}],"about":[{"href":"https:\/\/akerkimya.com\/eticaret\/wp-json\/wp\/v2\/types\/product"}],"replies":[{"embeddable":true,"href":"https:\/\/akerkimya.com\/eticaret\/wp-json\/wp\/v2\/comments?post=17485"}],"version-history":[{"count":1,"href":"https:\/\/akerkimya.com\/eticaret\/wp-json\/wp\/v2\/product\/17485\/revisions"}],"predecessor-version":[{"id":17487,"href":"https:\/\/akerkimya.com\/eticaret\/wp-json\/wp\/v2\/product\/17485\/revisions\/17487"}],"wp:featuredmedia":[{"embeddable":true,"href":"https:\/\/akerkimya.com\/eticaret\/wp-json\/wp\/v2\/media\/17486"}],"wp:attachment":[{"href":"https:\/\/akerkimya.com\/eticaret\/wp-json\/wp\/v2\/media?parent=17485"}],"wp:term":[{"taxonomy":"product_cat","embeddable":true,"href":"https:\/\/akerkimya.com\/eticaret\/wp-json\/wp\/v2\/product_cat?post=17485"},{"taxonomy":"product_tag","embeddable":true,"href":"https:\/\/akerkimya.com\/eticaret\/wp-json\/wp\/v2\/product_tag?post=17485"}],"curies":[{"name":"wp","href":"https:\/\/api.w.org\/{rel}","templated":true}]}}