{"id":17497,"date":"2025-01-04T00:47:08","date_gmt":"2025-01-03T21:47:08","guid":{"rendered":"https:\/\/akerkimya.com\/eticaret\/?post_type=product&#038;p=17497"},"modified":"2026-03-30T02:23:04","modified_gmt":"2026-03-29T23:23:04","slug":"fenol","status":"publish","type":"product","link":"https:\/\/akerkimya.com\/eticaret\/urun\/fenol\/","title":{"rendered":"FENOL"},"content":{"rendered":"<h1>FENOL<\/h1>\n<p><strong>Fenol, C6H5OH form\u00fcl\u00fcne sahip asit veya baz\u0131n katalizi yo\u011funla\u015ft\u0131r\u0131larak olu\u015fan organik bir bile\u015fiktir. Do\u011fal kaynak olarak k\u00f6m\u00fcr katran\u0131ndan ve petrol t\u00fcrevi hammddelerden elde edilir. Suda sit \u00f6zelli\u011fi g\u00f6sterirken ayn\u0131 zamanda triklorofenol(TKF) antiseptik \u00f6zellik ta\u015f\u0131r. \u00c7e\u015fitli malzeme ve faydal\u0131 bile\u015fiklerin \u00f6nc\u00fcs\u00fc olarak \u00e7ok gerekli bir end\u00fcstriyel hammaddedir.<\/strong><\/p>\n<p><strong>\u00a0<\/strong><\/p>\n<p><strong>FENOL \u00d6ZELL\u0130KLER\u0130<\/strong><\/p>\n<p><strong>Renksiz veya beyazdan hafif\u00e7e pembeye \u00e7alan renkte kristal kat\u0131 \u015feklindedir.<\/strong><\/p>\n<p><strong>Tatl\u0131ms\u0131, buruk bir kokuya sahiptir.<\/strong><\/p>\n<p><strong>Yan\u0131c\u0131 bir maddedir.<\/strong><\/p>\n<p><strong>Zay\u0131f asidik \u00f6zelli\u011fe sahiptir.<\/strong><\/p>\n<p><strong>Fenol, formaldehit ile polimerle\u015ftirerek plastik olu\u015fturabilir.<\/strong><\/p>\n<p><strong>Havadaki nemi emme \u00f6zelli\u011fi vard\u0131r.<\/strong><\/p>\n<p><strong>Alkalilerle reaksiyona girebilen fenolik bir maddedir.<\/strong><\/p>\n<p><strong>\u00a0<\/strong><\/p>\n<p><strong>TEKN\u0130K \u00d6ZELL\u0130KLER<\/strong><\/p>\n<p><strong>CAS NUMARASI: 108-95-2<\/strong><\/p>\n<p><strong>EC NUMARASI: 604-001-00-2<\/strong><\/p>\n<p><strong>K\u0130MYASAL \u0130SM\u0130: Fenol, Karboksilik Asit, Hidroksibenzen <\/strong><\/p>\n<p><strong>MOLEK\u00dcLER FORM\u00dcL\u00dc: C6H6O<\/strong><\/p>\n<p><strong>MOLAR K\u00dcTLE 94,11 g\/mol <\/strong><\/p>\n<p><strong>ER\u0130ME NOKTASI: 40,5 \u00b0C<\/strong><\/p>\n<p><strong>KAYNAMA NOKTASI: 182 \u00b0C<\/strong><\/p>\n<p><strong>PARLAMA NOKTASI: 81 \u00b0C\u2026\u2019 da 1.013 hPa <\/strong><\/p>\n<p><strong>SAFLIK: %99 min<\/strong><\/p>\n<p><strong>KIRILMA \u0130NDEKS\u0130: 1.5425<\/strong><\/p>\n<p><strong>YO\u011eUNLUK: 1,07 g\/cm\u00b3<\/strong><\/p>\n<p><strong>\u00c7\u00d6Z\u00dcN\u00dcRL\u00dcK: Suda \u00e7\u00f6z\u00fcn\u00fcrl\u00fc\u011fe sahiptir. Etanol, eter, kloroform, gliserin i\u00e7inde kar\u0131\u015fabilir.<\/strong><\/p>\n<p><strong>\u00a0<\/strong><\/p>\n<p><strong>PATLAYICI L\u0130M\u0130TLER\u0130<\/strong><\/p>\n<p><strong>ALT PATLAYICI L\u0130M\u0130T\u0130 (LEL): 1,3 ha.(%)<\/strong><\/p>\n<p><strong>\u00dcST PATLAYICI L\u0130M\u0130T\u0130(UEL): 9 ha. (%)<\/strong><\/p>\n<p><strong>BUHAR BASINCI: 0,2 hPa\u2026 \u2018da 20 \u00b0C<\/strong><\/p>\n<p><strong>BUHAR YO\u011eUNLU\u011eU: 3,2 (hava=1)<\/strong><\/p>\n<p><strong>\u00a0<\/strong><\/p>\n<p><strong>\u00c7\u00d6Z\u00dcN\u00dcRL\u00dcK\/ \u00c7\u00d6Z\u00dcN\u00dcRL\u00dcKLER<\/strong><\/p>\n<p><strong>SUDA \u00c7\u00d6Z\u00dcN\u00dcRL\u00dcK: 84 g\/l \u2018da 20 \u00b0C<\/strong><\/p>\n<p><strong>DA\u011eILIM KATSAYISI N-OKTANOL\/SU (log KOW): 1,47 (30 \u00b0C) (ECHA)<\/strong><\/p>\n<p><strong>TOPRAK ORGAN\u0130K KARBON\/SU (log KOC): &gt;1,147-&lt;1,864 (ECHA)<\/strong><\/p>\n<p><strong>ALEV ALMA SICAKLI\u011eI: 715 \u00b0C-ECHA<\/strong><\/p>\n<p><strong>D\u0130NAM\u0130K V\u0130SKOZ\u0130TE: 3,437 mPa s\u2026\u2019da 50 \u00b0C<\/strong><\/p>\n<p><strong>\u00a0<\/strong><\/p>\n<p><strong>KULLANIM ALANLARI<\/strong><\/p>\n<p><strong>Sterilizasyon uygulamalar\u0131nda; tuvalet, ah\u0131r, zemin, ev temizleyicilerde ve kanalizasyon dezenfektan\u0131 yapmak i\u00e7in reaktanlarla birlikte kullan\u0131l\u0131r.<\/strong><\/p>\n<p><strong>Gargaralarda anti-inflamatuar \u00f6zellik kazand\u0131rd\u0131\u011f\u0131 i\u00e7in kullan\u0131l\u0131r.<\/strong><\/p>\n<p><strong>Kontrplak ve y\u00f6nlendirilmi\u015f yonga levha (OSB) gibi ah\u015fap \u00fcr\u00fcnlerde kullan\u0131lan yap\u0131\u015ft\u0131r\u0131c\u0131lar ve ah\u015fap koruyucular da kullan\u0131l\u0131r.<\/strong><\/p>\n<p><strong>Polikarbonatlar ve epoksi re\u00e7inelern yap\u0131m\u0131nda kullan\u0131l\u0131r.<\/strong><\/p>\n<p><strong>Foto\u011fraf geli\u015ftiricilerinde indirgeyici ajan olarak yayg\u0131n bir \u015fekilde kullan\u0131l\u0131r.<\/strong><\/p>\n<p><strong>Re\u00e7ellerin imalat\u0131nda kullan\u0131l\u0131r.<\/strong><\/p>\n<p><strong>Ayak t\u0131rnaklar\u0131n\u0131n tekrar b\u00fcy\u00fcmeyesini \u00f6nlemeye yard\u0131mc\u0131 olmak i\u00e7in \u015fiddetli bat\u0131k ayak t\u0131rna\u011f\u0131 cerrahisinde kullan\u0131m\u0131 mevcuttur.<\/strong><\/p>\n<p><strong>A\u015f\u0131 yap\u0131m\u0131nda, a\u015f\u0131 \u00e7\u00f6zeltilerinin kirletilmesini \u00f6nlemek i\u00e7in a\u015f\u0131 koruyucu olarak kullan\u0131l\u0131r.<\/strong><\/p>\n<p><strong>Hastane ara\u00e7 gere\u00e7lerini sterilize etmek i\u00e7in kullan\u0131l\u0131r.<\/strong><\/p>\n<p><strong>Cilt sterilizasyonu, antipruritik ve otitis media i\u00e7in kullan\u0131l\u0131r.<\/strong><\/p>\n<p><strong>Is\u0131 direnci ve elektri\u011fi iyi yal\u0131tmas\u0131 sebebiyle ampul duylar\u0131, bobin yap\u0131m\u0131nda kullan\u0131l\u0131r.<\/strong><\/p>\n<p><strong>K\u00fcll\u00fck, tencere, \u00e7aydanl\u0131k saplar\u0131n\u0131n boyama i\u015fleminde hammadde olarak kullan\u0131l\u0131r.<\/strong><\/p>\n<p><strong>Bask\u0131 tozu uygulamas\u0131nda, p\u00fcr\u00fczs\u00fczl\u00fck ve parlak y\u00fczey sa\u011flar. Kolay i\u015flene bilirlik, mukavemet artt\u0131r\u0131c\u0131, d\u00fc\u015f\u00fck s\u0131cakl\u0131k iletkenli\u011fi gibi \u00f6zelliklerden dolay\u0131 kullan\u0131m\u0131 mevcuttur.<\/strong><\/p>\n<p><strong>Fenol, may\u0131n yap\u0131m\u0131nda sert olu\u015fu ve may\u0131n tarama ayg\u0131tlar\u0131na yakalanmamas\u0131 nedeni ile kullan\u0131lmaktad\u0131r.<\/strong><\/p>\n<p><strong>G\u0131da, kozmetik gibi alanlarda antioksidan olarak kullan\u0131l\u0131r.<\/strong><\/p>\n<p><strong>G\u00fcbre, tekstil ve k\u00e2\u011f\u0131t gibi alanlarda ara madde olarak kullan\u0131m\u0131 mevcuttur. <\/strong><\/p>\n<p><strong>\u00a0<\/strong><\/p>\n<p><strong>AMBALAJ <\/strong><\/p>\n<p><strong>225 Kg variller halinde<\/strong><\/p>\n<p><strong>\u00a0<\/strong><\/p>\n<p><strong>DEPOLAMA<\/strong><\/p>\n<p><strong>Serin ve havaland\u0131r\u0131lm\u0131\u015f bir depoda, ate\u015f ve \u0131s\u0131 kaynaklar\u0131n\u0131n uza\u011f\u0131nda muhafaza edilmelidir.<\/strong><\/p>\n<p><strong>\u00a0<\/strong><\/p>\n","protected":false},"excerpt":{"rendered":"<p>FENOL Fenol, C6H5OH form\u00fcl\u00fcne sahip asit veya baz\u0131n katalizi yo\u011funla\u015ft\u0131r\u0131larak olu\u015fan organik bir bile\u015fiktir. Do\u011fal kaynak olarak k\u00f6m\u00fcr katran\u0131ndan ve<\/p>\n","protected":false},"featured_media":17498,"comment_status":"open","ping_status":"closed","template":"","meta":{"_joinchat":[]},"product_cat":[74,76,80],"product_tag":[],"class_list":{"0":"post-17497","1":"product","2":"type-product","3":"status-publish","4":"has-post-thumbnail","6":"product_cat-deterjan-ve-kozmetik-kimyasallari","7":"product_cat-gida-ve-katki-kimyasallari","8":"product_cat-veteriner-ve-ilac-kimyasallari","10":"first","11":"outofstock","12":"shipping-taxable","13":"product-type-variable"},"yoast_head":"<!-- This site is optimized with the Yoast SEO Premium plugin v20.2.1 (Yoast SEO v20.2.1) - https:\/\/yoast.com\/wordpress\/plugins\/seo\/ -->\n<title>FENOL - Akerkimya<\/title>\n<meta name=\"robots\" content=\"index, follow, max-snippet:-1, max-image-preview:large, max-video-preview:-1\" \/>\n<link rel=\"canonical\" href=\"https:\/\/akerkimya.com\/eticaret\/urun\/fenol\/\" \/>\n<meta property=\"og:locale\" content=\"tr_TR\" \/>\n<meta property=\"og:type\" content=\"article\" \/>\n<meta property=\"og:title\" content=\"FENOL\" \/>\n<meta property=\"og:description\" content=\"FENOL Fenol, C6H5OH form\u00fcl\u00fcne sahip asit veya baz\u0131n katalizi yo\u011funla\u015ft\u0131r\u0131larak olu\u015fan organik bir bile\u015fiktir. Do\u011fal kaynak olarak k\u00f6m\u00fcr katran\u0131ndan ve\" \/>\n<meta property=\"og:url\" content=\"https:\/\/akerkimya.com\/eticaret\/urun\/fenol\/\" \/>\n<meta property=\"og:site_name\" content=\"Akerkimya\" \/>\n<meta property=\"article:modified_time\" content=\"2026-03-29T23:23:04+00:00\" \/>\n<meta property=\"og:image\" content=\"https:\/\/akerkimya.com\/eticaret\/wp-content\/uploads\/2025\/01\/FENOL-GUNCEL.png\" \/>\n\t<meta property=\"og:image:width\" content=\"1000\" \/>\n\t<meta property=\"og:image:height\" content=\"1000\" \/>\n\t<meta property=\"og:image:type\" content=\"image\/png\" \/>\n<meta name=\"twitter:card\" content=\"summary_large_image\" \/>\n<meta name=\"twitter:label1\" content=\"Tahmini okuma s\u00fcresi\" \/>\n\t<meta name=\"twitter:data1\" content=\"3 dakika\" \/>\n<script type=\"application\/ld+json\" class=\"yoast-schema-graph\">{\"@context\":\"https:\/\/schema.org\",\"@graph\":[{\"@type\":\"WebPage\",\"@id\":\"https:\/\/akerkimya.com\/eticaret\/urun\/fenol\/\",\"url\":\"https:\/\/akerkimya.com\/eticaret\/urun\/fenol\/\",\"name\":\"FENOL - Akerkimya\",\"isPartOf\":{\"@id\":\"https:\/\/akerkimya.com\/eticaret\/#website\"},\"datePublished\":\"2025-01-03T21:47:08+00:00\",\"dateModified\":\"2026-03-29T23:23:04+00:00\",\"breadcrumb\":{\"@id\":\"https:\/\/akerkimya.com\/eticaret\/urun\/fenol\/#breadcrumb\"},\"inLanguage\":\"tr\",\"potentialAction\":[{\"@type\":\"ReadAction\",\"target\":[\"https:\/\/akerkimya.com\/eticaret\/urun\/fenol\/\"]}]},{\"@type\":\"BreadcrumbList\",\"@id\":\"https:\/\/akerkimya.com\/eticaret\/urun\/fenol\/#breadcrumb\",\"itemListElement\":[{\"@type\":\"ListItem\",\"position\":1,\"name\":\"Home\",\"item\":\"https:\/\/akerkimya.com\/eticaret\/\"},{\"@type\":\"ListItem\",\"position\":2,\"name\":\"Market\",\"item\":\"https:\/\/akerkimya.com\/eticaret\/market\/\"},{\"@type\":\"ListItem\",\"position\":3,\"name\":\"FENOL\"}]},{\"@type\":\"WebSite\",\"@id\":\"https:\/\/akerkimya.com\/eticaret\/#website\",\"url\":\"https:\/\/akerkimya.com\/eticaret\/\",\"name\":\"Akerkimya\",\"description\":\"\",\"potentialAction\":[{\"@type\":\"SearchAction\",\"target\":{\"@type\":\"EntryPoint\",\"urlTemplate\":\"https:\/\/akerkimya.com\/eticaret\/?s={search_term_string}\"},\"query-input\":\"required name=search_term_string\"}],\"inLanguage\":\"tr\"}]}<\/script>\n<!-- \/ Yoast SEO Premium plugin. -->","yoast_head_json":{"title":"FENOL - Akerkimya","robots":{"index":"index","follow":"follow","max-snippet":"max-snippet:-1","max-image-preview":"max-image-preview:large","max-video-preview":"max-video-preview:-1"},"canonical":"https:\/\/akerkimya.com\/eticaret\/urun\/fenol\/","og_locale":"tr_TR","og_type":"article","og_title":"FENOL","og_description":"FENOL Fenol, C6H5OH form\u00fcl\u00fcne sahip asit veya baz\u0131n katalizi yo\u011funla\u015ft\u0131r\u0131larak olu\u015fan organik bir bile\u015fiktir. Do\u011fal kaynak olarak k\u00f6m\u00fcr katran\u0131ndan ve","og_url":"https:\/\/akerkimya.com\/eticaret\/urun\/fenol\/","og_site_name":"Akerkimya","article_modified_time":"2026-03-29T23:23:04+00:00","og_image":[{"width":1000,"height":1000,"url":"https:\/\/akerkimya.com\/eticaret\/wp-content\/uploads\/2025\/01\/FENOL-GUNCEL.png","type":"image\/png"}],"twitter_card":"summary_large_image","twitter_misc":{"Tahmini okuma s\u00fcresi":"3 dakika"},"schema":{"@context":"https:\/\/schema.org","@graph":[{"@type":"WebPage","@id":"https:\/\/akerkimya.com\/eticaret\/urun\/fenol\/","url":"https:\/\/akerkimya.com\/eticaret\/urun\/fenol\/","name":"FENOL - Akerkimya","isPartOf":{"@id":"https:\/\/akerkimya.com\/eticaret\/#website"},"datePublished":"2025-01-03T21:47:08+00:00","dateModified":"2026-03-29T23:23:04+00:00","breadcrumb":{"@id":"https:\/\/akerkimya.com\/eticaret\/urun\/fenol\/#breadcrumb"},"inLanguage":"tr","potentialAction":[{"@type":"ReadAction","target":["https:\/\/akerkimya.com\/eticaret\/urun\/fenol\/"]}]},{"@type":"BreadcrumbList","@id":"https:\/\/akerkimya.com\/eticaret\/urun\/fenol\/#breadcrumb","itemListElement":[{"@type":"ListItem","position":1,"name":"Home","item":"https:\/\/akerkimya.com\/eticaret\/"},{"@type":"ListItem","position":2,"name":"Market","item":"https:\/\/akerkimya.com\/eticaret\/market\/"},{"@type":"ListItem","position":3,"name":"FENOL"}]},{"@type":"WebSite","@id":"https:\/\/akerkimya.com\/eticaret\/#website","url":"https:\/\/akerkimya.com\/eticaret\/","name":"Akerkimya","description":"","potentialAction":[{"@type":"SearchAction","target":{"@type":"EntryPoint","urlTemplate":"https:\/\/akerkimya.com\/eticaret\/?s={search_term_string}"},"query-input":"required name=search_term_string"}],"inLanguage":"tr"}]}},"_links":{"self":[{"href":"https:\/\/akerkimya.com\/eticaret\/wp-json\/wp\/v2\/product\/17497","targetHints":{"allow":["GET"]}}],"collection":[{"href":"https:\/\/akerkimya.com\/eticaret\/wp-json\/wp\/v2\/product"}],"about":[{"href":"https:\/\/akerkimya.com\/eticaret\/wp-json\/wp\/v2\/types\/product"}],"replies":[{"embeddable":true,"href":"https:\/\/akerkimya.com\/eticaret\/wp-json\/wp\/v2\/comments?post=17497"}],"version-history":[{"count":1,"href":"https:\/\/akerkimya.com\/eticaret\/wp-json\/wp\/v2\/product\/17497\/revisions"}],"predecessor-version":[{"id":17499,"href":"https:\/\/akerkimya.com\/eticaret\/wp-json\/wp\/v2\/product\/17497\/revisions\/17499"}],"wp:featuredmedia":[{"embeddable":true,"href":"https:\/\/akerkimya.com\/eticaret\/wp-json\/wp\/v2\/media\/17498"}],"wp:attachment":[{"href":"https:\/\/akerkimya.com\/eticaret\/wp-json\/wp\/v2\/media?parent=17497"}],"wp:term":[{"taxonomy":"product_cat","embeddable":true,"href":"https:\/\/akerkimya.com\/eticaret\/wp-json\/wp\/v2\/product_cat?post=17497"},{"taxonomy":"product_tag","embeddable":true,"href":"https:\/\/akerkimya.com\/eticaret\/wp-json\/wp\/v2\/product_tag?post=17497"}],"curies":[{"name":"wp","href":"https:\/\/api.w.org\/{rel}","templated":true}]}}