{"id":17500,"date":"2025-01-04T00:50:26","date_gmt":"2025-01-03T21:50:26","guid":{"rendered":"https:\/\/akerkimya.com\/eticaret\/?post_type=product&#038;p=17500"},"modified":"2026-05-08T15:56:11","modified_gmt":"2026-05-08T12:56:11","slug":"finasteride","status":"publish","type":"product","link":"https:\/\/akerkimya.com\/eticaret\/urun\/finasteride\/","title":{"rendered":"F\u0130NASTER\u0130DE"},"content":{"rendered":"<h1>F\u0130NASTER\u0130DE<\/h1>\n<p><strong>Finasteride, C23H36O2N2 form\u00fcl\u00fcne sahip bir antiandrojendir. Proscar veya Propecia olarak da bilinir. 4- azadteroid bir bile\u015fiktir.<\/strong><\/p>\n<p><strong>\u00a0<\/strong><\/p>\n<p><strong>F\u0130NASTER\u0130DE \u00d6ZELL\u0130KLER\u0130<\/strong><\/p>\n<p><strong>Beyaz veya k\u0131r\u0131k beyaz renginde toz formundad\u0131r.<\/strong><\/p>\n<p><strong>Suda \u00e7\u00f6z\u00fcnmez, etanol, metanol ve kloroform i\u00e7erisinde \u00e7\u00f6z\u00fcn\u00fcr.<\/strong><\/p>\n<p><strong>\u00a0<\/strong><\/p>\n<p><strong>TEKN\u0130K \u00d6ZELL\u0130KLER\u0130<\/strong><\/p>\n<p><strong>CAS NUMARASI: 98319-25-7<\/strong><\/p>\n<p><strong>MOLEK\u00dcLER FORM\u00dcL: C23H36O2N2<\/strong><\/p>\n<p><strong>K\u0130MYASAL ADI: Finasteride, N-(1,1-dimtiletil)-3-okso-, Finastid, MK-906<\/strong><\/p>\n<p><strong>MOLEK\u00dcLER A\u011eIRLIK: 372.549 g\/mol<\/strong><\/p>\n<p><strong>ER\u0130ME NOKTASI: 252-254 \u00b0C<\/strong><\/p>\n<p><strong>KAYNAMA NOKTASI: 576 \u00b1 50,0 \u00b0C<\/strong><\/p>\n<p><strong>SAFLIK:%98<\/strong><\/p>\n<p><strong>\u00a0<\/strong><\/p>\n<p><strong>KULLANIM ALANLARI<\/strong><\/p>\n<p><strong>\u0130yi huylu prostat heperplazisinin tedavisinde geni\u015flemi\u015f prostat k\u00fc\u00e7\u00fcl\u00fcr, idrar ak\u0131\u015f\u0131n\u0131 iyile\u015ftirir ve iyi huylu prostat hiperplazisinin iyile\u015fmesi semtomlara neden olur. <\/strong><\/p>\n<p><strong>androgenetik alopesi tedavisinde kullan\u0131l\u0131r. <\/strong><\/p>\n<p><strong>Finasterid, 5a-red\u00fcktaz\u0131\u2019\u0131 se\u00e7ici olarak inhibe edebilen diren\u00e7li bir hormon ilac\u0131d\u0131r. <\/strong><\/p>\n<p><strong>Erkek tip sa\u00e7 b\u00fcy\u00fcmesinin artmas\u0131na ve ba\u015ftaki sa\u00e7 d\u00f6k\u00fclmenin azalmas\u0131 i\u00e7in kullan\u0131l\u0131r.<\/strong><\/p>\n<p><strong>Transseks\u00fceller i\u00e7in hormon tedavisinde kullan\u0131l\u0131r.<\/strong><\/p>\n<p><strong>\u00a0<\/strong><\/p>\n<p><strong>\u00a0<\/strong><\/p>\n<p><strong>AMBALAJ<\/strong><\/p>\n<p><strong>50-100-250-500 gram ve 1 kg torbalar halinde<\/strong><\/p>\n<p><strong>\u00a0<\/strong><\/p>\n<p><strong>\u00a0<\/strong><\/p>\n<p><strong>DEPOLAMA <\/strong><\/p>\n<p><strong>\u0130yi kapat\u0131lm\u0131\u015f bir kapta d\u00fc\u015f\u00fck s\u0131cakl\u0131kta, nemden, \u0131s\u0131dan ve \u0131\u015f\u0131ktan uzak bir alanda muhafaza ediniz.<\/strong><\/p>\n<p><strong>\u00a0<\/strong><\/p>\n","protected":false},"excerpt":{"rendered":"<p>F\u0130NASTER\u0130DE Finasteride, C23H36O2N2 form\u00fcl\u00fcne sahip bir antiandrojendir. Proscar veya Propecia olarak da bilinir. 4- azadteroid bir bile\u015fiktir. \u00a0 F\u0130NASTER\u0130DE \u00d6ZELL\u0130KLER\u0130<\/p>\n","protected":false},"featured_media":17501,"comment_status":"open","ping_status":"closed","template":"","meta":{"_joinchat":[]},"product_cat":[74,80],"product_tag":[],"class_list":{"0":"post-17500","1":"product","2":"type-product","3":"status-publish","4":"has-post-thumbnail","6":"product_cat-deterjan-ve-kozmetik-kimyasallari","7":"product_cat-veteriner-ve-ilac-kimyasallari","9":"first","10":"instock","11":"shipping-taxable","12":"purchasable","13":"product-type-variable"},"yoast_head":"<!-- This site is optimized with the Yoast SEO Premium plugin v20.2.1 (Yoast SEO v20.2.1) - https:\/\/yoast.com\/wordpress\/plugins\/seo\/ -->\n<title>F\u0130NASTER\u0130DE - Akerkimya<\/title>\n<meta name=\"robots\" content=\"index, follow, max-snippet:-1, max-image-preview:large, max-video-preview:-1\" \/>\n<link rel=\"canonical\" href=\"https:\/\/akerkimya.com\/eticaret\/urun\/finasteride\/\" \/>\n<meta property=\"og:locale\" content=\"tr_TR\" \/>\n<meta property=\"og:type\" content=\"article\" \/>\n<meta property=\"og:title\" content=\"F\u0130NASTER\u0130DE\" \/>\n<meta property=\"og:description\" content=\"F\u0130NASTER\u0130DE Finasteride, C23H36O2N2 form\u00fcl\u00fcne sahip bir antiandrojendir. Proscar veya Propecia olarak da bilinir. 4- azadteroid bir bile\u015fiktir. \u00a0 F\u0130NASTER\u0130DE \u00d6ZELL\u0130KLER\u0130\" \/>\n<meta property=\"og:url\" content=\"https:\/\/akerkimya.com\/eticaret\/urun\/finasteride\/\" \/>\n<meta property=\"og:site_name\" content=\"Akerkimya\" \/>\n<meta property=\"article:modified_time\" content=\"2026-05-08T12:56:11+00:00\" \/>\n<meta property=\"og:image\" content=\"https:\/\/akerkimya.com\/eticaret\/wp-content\/uploads\/2025\/01\/FINASTERID-GUNCEL.png\" \/>\n\t<meta property=\"og:image:width\" content=\"1000\" \/>\n\t<meta property=\"og:image:height\" content=\"1000\" \/>\n\t<meta property=\"og:image:type\" content=\"image\/png\" \/>\n<meta name=\"twitter:card\" content=\"summary_large_image\" \/>\n<meta name=\"twitter:label1\" content=\"Tahmini okuma s\u00fcresi\" \/>\n\t<meta name=\"twitter:data1\" content=\"1 dakika\" \/>\n<script type=\"application\/ld+json\" class=\"yoast-schema-graph\">{\"@context\":\"https:\/\/schema.org\",\"@graph\":[{\"@type\":\"WebPage\",\"@id\":\"https:\/\/akerkimya.com\/eticaret\/urun\/finasteride\/\",\"url\":\"https:\/\/akerkimya.com\/eticaret\/urun\/finasteride\/\",\"name\":\"F\u0130NASTER\u0130DE - Akerkimya\",\"isPartOf\":{\"@id\":\"https:\/\/akerkimya.com\/eticaret\/#website\"},\"datePublished\":\"2025-01-03T21:50:26+00:00\",\"dateModified\":\"2026-05-08T12:56:11+00:00\",\"breadcrumb\":{\"@id\":\"https:\/\/akerkimya.com\/eticaret\/urun\/finasteride\/#breadcrumb\"},\"inLanguage\":\"tr\",\"potentialAction\":[{\"@type\":\"ReadAction\",\"target\":[\"https:\/\/akerkimya.com\/eticaret\/urun\/finasteride\/\"]}]},{\"@type\":\"BreadcrumbList\",\"@id\":\"https:\/\/akerkimya.com\/eticaret\/urun\/finasteride\/#breadcrumb\",\"itemListElement\":[{\"@type\":\"ListItem\",\"position\":1,\"name\":\"Home\",\"item\":\"https:\/\/akerkimya.com\/eticaret\/\"},{\"@type\":\"ListItem\",\"position\":2,\"name\":\"Market\",\"item\":\"https:\/\/akerkimya.com\/eticaret\/market\/\"},{\"@type\":\"ListItem\",\"position\":3,\"name\":\"F\u0130NASTER\u0130DE\"}]},{\"@type\":\"WebSite\",\"@id\":\"https:\/\/akerkimya.com\/eticaret\/#website\",\"url\":\"https:\/\/akerkimya.com\/eticaret\/\",\"name\":\"Akerkimya\",\"description\":\"\",\"potentialAction\":[{\"@type\":\"SearchAction\",\"target\":{\"@type\":\"EntryPoint\",\"urlTemplate\":\"https:\/\/akerkimya.com\/eticaret\/?s={search_term_string}\"},\"query-input\":\"required name=search_term_string\"}],\"inLanguage\":\"tr\"}]}<\/script>\n<!-- \/ Yoast SEO Premium plugin. -->","yoast_head_json":{"title":"F\u0130NASTER\u0130DE - Akerkimya","robots":{"index":"index","follow":"follow","max-snippet":"max-snippet:-1","max-image-preview":"max-image-preview:large","max-video-preview":"max-video-preview:-1"},"canonical":"https:\/\/akerkimya.com\/eticaret\/urun\/finasteride\/","og_locale":"tr_TR","og_type":"article","og_title":"F\u0130NASTER\u0130DE","og_description":"F\u0130NASTER\u0130DE Finasteride, C23H36O2N2 form\u00fcl\u00fcne sahip bir antiandrojendir. Proscar veya Propecia olarak da bilinir. 4- azadteroid bir bile\u015fiktir. \u00a0 F\u0130NASTER\u0130DE \u00d6ZELL\u0130KLER\u0130","og_url":"https:\/\/akerkimya.com\/eticaret\/urun\/finasteride\/","og_site_name":"Akerkimya","article_modified_time":"2026-05-08T12:56:11+00:00","og_image":[{"width":1000,"height":1000,"url":"https:\/\/akerkimya.com\/eticaret\/wp-content\/uploads\/2025\/01\/FINASTERID-GUNCEL.png","type":"image\/png"}],"twitter_card":"summary_large_image","twitter_misc":{"Tahmini okuma s\u00fcresi":"1 dakika"},"schema":{"@context":"https:\/\/schema.org","@graph":[{"@type":"WebPage","@id":"https:\/\/akerkimya.com\/eticaret\/urun\/finasteride\/","url":"https:\/\/akerkimya.com\/eticaret\/urun\/finasteride\/","name":"F\u0130NASTER\u0130DE - Akerkimya","isPartOf":{"@id":"https:\/\/akerkimya.com\/eticaret\/#website"},"datePublished":"2025-01-03T21:50:26+00:00","dateModified":"2026-05-08T12:56:11+00:00","breadcrumb":{"@id":"https:\/\/akerkimya.com\/eticaret\/urun\/finasteride\/#breadcrumb"},"inLanguage":"tr","potentialAction":[{"@type":"ReadAction","target":["https:\/\/akerkimya.com\/eticaret\/urun\/finasteride\/"]}]},{"@type":"BreadcrumbList","@id":"https:\/\/akerkimya.com\/eticaret\/urun\/finasteride\/#breadcrumb","itemListElement":[{"@type":"ListItem","position":1,"name":"Home","item":"https:\/\/akerkimya.com\/eticaret\/"},{"@type":"ListItem","position":2,"name":"Market","item":"https:\/\/akerkimya.com\/eticaret\/market\/"},{"@type":"ListItem","position":3,"name":"F\u0130NASTER\u0130DE"}]},{"@type":"WebSite","@id":"https:\/\/akerkimya.com\/eticaret\/#website","url":"https:\/\/akerkimya.com\/eticaret\/","name":"Akerkimya","description":"","potentialAction":[{"@type":"SearchAction","target":{"@type":"EntryPoint","urlTemplate":"https:\/\/akerkimya.com\/eticaret\/?s={search_term_string}"},"query-input":"required name=search_term_string"}],"inLanguage":"tr"}]}},"_links":{"self":[{"href":"https:\/\/akerkimya.com\/eticaret\/wp-json\/wp\/v2\/product\/17500","targetHints":{"allow":["GET"]}}],"collection":[{"href":"https:\/\/akerkimya.com\/eticaret\/wp-json\/wp\/v2\/product"}],"about":[{"href":"https:\/\/akerkimya.com\/eticaret\/wp-json\/wp\/v2\/types\/product"}],"replies":[{"embeddable":true,"href":"https:\/\/akerkimya.com\/eticaret\/wp-json\/wp\/v2\/comments?post=17500"}],"version-history":[{"count":2,"href":"https:\/\/akerkimya.com\/eticaret\/wp-json\/wp\/v2\/product\/17500\/revisions"}],"predecessor-version":[{"id":18487,"href":"https:\/\/akerkimya.com\/eticaret\/wp-json\/wp\/v2\/product\/17500\/revisions\/18487"}],"wp:featuredmedia":[{"embeddable":true,"href":"https:\/\/akerkimya.com\/eticaret\/wp-json\/wp\/v2\/media\/17501"}],"wp:attachment":[{"href":"https:\/\/akerkimya.com\/eticaret\/wp-json\/wp\/v2\/media?parent=17500"}],"wp:term":[{"taxonomy":"product_cat","embeddable":true,"href":"https:\/\/akerkimya.com\/eticaret\/wp-json\/wp\/v2\/product_cat?post=17500"},{"taxonomy":"product_tag","embeddable":true,"href":"https:\/\/akerkimya.com\/eticaret\/wp-json\/wp\/v2\/product_tag?post=17500"}],"curies":[{"name":"wp","href":"https:\/\/api.w.org\/{rel}","templated":true}]}}