{"id":17508,"date":"2025-01-04T00:53:19","date_gmt":"2025-01-03T21:53:19","guid":{"rendered":"https:\/\/akerkimya.com\/eticaret\/?post_type=product&#038;p=17508"},"modified":"2026-05-04T15:26:01","modified_gmt":"2026-05-04T12:26:01","slug":"formaldehit","status":"publish","type":"product","link":"https:\/\/akerkimya.com\/eticaret\/urun\/formaldehit\/","title":{"rendered":"FORMALDEH\u0130T"},"content":{"rendered":"<h1>FORMALDEH\u0130T<\/h1>\n<p><strong>Formaldehit, CH2O form\u00fcl\u00fcne sahip do\u011fal olarak ortaya \u00e7\u0131kan bir organik bile\u015fiktir. Metanol olarak da bilinir. End\u00fcstriyel sentezi, metil alkol\u00fcn katalik olarak y\u00fckseltgenmesi sonucu olu\u015fur. Genellikle %37 lik sulu \u00e7\u00f6zelti \u015feklinde ticareti yap\u0131l\u0131r. Genellikle dezenfektan ama\u00e7l\u0131 kullan\u0131l\u0131r.<\/strong><\/p>\n<p><strong>\u00a0<\/strong><\/p>\n<p><strong>FORMALDEH\u0130T \u00d6ZEL\u0130KLER\u0130<\/strong><\/p>\n<p><strong>Renksiz s\u0131v\u0131-gaz formda ve Kokuludur.<\/strong><\/p>\n<p><strong>Aldehitler aras\u0131nda en basit yap\u0131l\u0131 kimyasald\u0131r.<\/strong><\/p>\n<p><strong>Oksitleyici maddelerle \u00e7ok h\u0131zl\u0131 tepkime verir.<\/strong><\/p>\n<p><strong>Y\u00fcksek deri\u015fimlerde yan\u0131c\u0131 bir s\u0131v\u0131d\u0131r.<\/strong><\/p>\n<p><strong>Zehirli bir kimyasald\u0131r.<\/strong><\/p>\n<p><strong>\u00a0<\/strong><\/p>\n<p><strong>TEKN\u0130K \u00d6ZELL\u0130KLER\u0130<\/strong><\/p>\n<p><strong>CAS NUMARASI: 50-00-0<\/strong><\/p>\n<p><strong>EC NUMARASI: 200-001-8<\/strong><\/p>\n<p><strong>MOLEK\u00dcLER FORM\u00dcL: CH2O<\/strong><\/p>\n<p><strong>K\u0130MYASAL \u0130SM\u0130: Formaldehit, Metanal, Metilen Oksit, Formalin <\/strong><\/p>\n<p><strong>YO\u011eUNLUK: 0.8153 g\/cm\u00b3 (?20 \u00b0C)<\/strong><\/p>\n<p><strong>ER\u0130ME NOKTASI: -92<\/strong><\/p>\n<p><strong>KAYNAMA NOKTASI: -19<\/strong><\/p>\n<p><strong>AS\u0130TL\u0130K(pKa): 13.3<\/strong><\/p>\n<p><strong>BAZ\u0130KL\u0130K (pKb): 0.7<\/strong><\/p>\n<p><strong>\u00c7\u00d6Z\u00dcN\u00dcRL\u00dcK (su i\u00e7inde): 400 g dm?3<\/strong><\/p>\n<p><strong>\u00a0<\/strong><\/p>\n<p><strong>KULLANIM ALANLARI<\/strong><\/p>\n<p><strong>T\u0131bbi laboratuvarda koruyucu ve sterilize edici madde olarak kullan\u0131l\u0131r.<\/strong><\/p>\n<p><strong>Re\u00e7ine imalat\u0131nda ve kimyasal \u00fcretim ara maddesi olarak kullan\u0131r.<\/strong><\/p>\n<p><strong>Baz\u0131 ila\u00e7, bula\u015f\u0131k y\u0131kama s\u0131v\u0131lar\u0131 ve kuma\u015f yumu\u015fat\u0131c\u0131lar\u0131n \u00fcretiminde koruyucu olarak kullan\u0131l\u0131r.<\/strong><\/p>\n<p><strong>\u00dcreformaldehit ve fenol fermoldaheit re\u00e7ineler k\u00f6p\u00fck yal\u0131t\u0131m\u0131 malzemelerinde kullan\u0131l\u0131r.<\/strong><\/p>\n<p><strong>A\u015f\u0131 yap\u0131m\u0131nda \u00f6l\u00fc h\u00fccreleri korumak i\u00e7in kullan\u0131lr.<\/strong><\/p>\n<p><strong>Hayvanc\u0131l\u0131kta dezenfektan ama\u00e7l\u0131 kullan\u0131l\u0131r.<\/strong><\/p>\n<p><strong>Mantar yeti\u015ftiricili\u011finde dezenfektan ama\u00e7l\u0131 kullan\u0131l\u0131r.<\/strong><\/p>\n<p><strong>Mobilya sekt\u00f6r\u00fcnde, sunta, mdf, suntalam, mdflam, kontraplak imalat\u0131nda kullan\u0131l\u0131r.<\/strong><\/p>\n<p><strong>G\u00fcbre ve b\u00f6cek ila\u00e7lar\u0131n\u0131n \u00fcretiminde kullan\u0131l\u0131r.<\/strong><\/p>\n<p><strong>Tutkallar gibi household \u00fcr\u00fcnleri sabit pres kuma\u015flar, boyalar ve kaplamalar, ka\u011f\u0131t \u00fcr\u00fcnlerinde kullan\u0131l\u0131r.<\/strong><\/p>\n<p><strong>Fenol ve melamin re\u00e7inelerinin yap\u0131m\u0131nda kullan\u0131lmaktad\u0131r.<\/strong><\/p>\n<p><strong>Ki\u015fisel bak\u0131m \u00fcr\u00fcnlerinde mikroplar\u0131n \u00fcremesini engellemek i\u00e7in koyucu ama\u00e7la kullan\u0131l\u0131r.<\/strong><\/p>\n<p><strong>Kimya end\u00fcstrisinde en yayg\u0131n olarak kullan\u0131lan ve \u00fcretilen maddedir.<\/strong><\/p>\n<p><strong>Kompozit ah\u015fap \u00fcr\u00fcnlerinin \u00fcretiminde kullan\u0131l\u0131r.<\/strong><\/p>\n<p><strong>Anatomik ve mikroskobik preparatlar\u0131 korumada olduk\u00e7a yayg\u0131n bir \u015fekilde kullan\u0131l\u0131r.<\/strong><\/p>\n<p><strong>Proteinleri sertle\u015ftirip \u00e7\u00fcr\u00fcmeleri \u00f6nledi\u011finden biyolojik \u00f6rneklerin saklanmas\u0131nda ve mumyac\u0131l\u0131kta kullan\u0131l\u0131r.<\/strong><\/p>\n<p><strong>Di\u015f hekimli\u011finde kaplamalar\u0131n yap\u0131s\u0131nda kullan\u0131l\u0131r.<\/strong><\/p>\n<p><strong>\u00a0<\/strong><\/p>\n<p><strong>AMBALAJ <\/strong><\/p>\n<p><strong>1-5-25-65 kg bidonlar halinde<\/strong><\/p>\n<p><strong>\u00a0<\/strong><\/p>\n<p><strong>DEPOLAMA<\/strong><\/p>\n<p><strong>Serin ve kuru bir alanda muhafaza ediniz.<\/strong><\/p>\n","protected":false},"excerpt":{"rendered":"<p>FORMALDEH\u0130T Formaldehit, CH2O form\u00fcl\u00fcne sahip do\u011fal olarak ortaya \u00e7\u0131kan bir organik bile\u015fiktir. Metanol olarak da bilinir. End\u00fcstriyel sentezi, metil alkol\u00fcn<\/p>\n","protected":false},"featured_media":17509,"comment_status":"open","ping_status":"closed","template":"","meta":{"_joinchat":[]},"product_cat":[74,79,80],"product_tag":[],"class_list":{"0":"post-17508","1":"product","2":"type-product","3":"status-publish","4":"has-post-thumbnail","6":"product_cat-deterjan-ve-kozmetik-kimyasallari","7":"product_cat-tarim-kimyasallari","8":"product_cat-veteriner-ve-ilac-kimyasallari","10":"first","11":"instock","12":"shipping-taxable","13":"purchasable","14":"product-type-variable"},"yoast_head":"<!-- This site is optimized with the Yoast SEO Premium plugin v20.2.1 (Yoast SEO v20.2.1) - https:\/\/yoast.com\/wordpress\/plugins\/seo\/ -->\n<title>FORMALDEH\u0130T - Akerkimya<\/title>\n<meta name=\"robots\" content=\"index, follow, max-snippet:-1, max-image-preview:large, max-video-preview:-1\" \/>\n<link rel=\"canonical\" href=\"https:\/\/akerkimya.com\/eticaret\/urun\/formaldehit\/\" \/>\n<meta property=\"og:locale\" content=\"tr_TR\" \/>\n<meta property=\"og:type\" content=\"article\" \/>\n<meta property=\"og:title\" content=\"FORMALDEH\u0130T\" \/>\n<meta property=\"og:description\" content=\"FORMALDEH\u0130T Formaldehit, CH2O form\u00fcl\u00fcne sahip do\u011fal olarak ortaya \u00e7\u0131kan bir organik bile\u015fiktir. Metanol olarak da bilinir. End\u00fcstriyel sentezi, metil alkol\u00fcn\" \/>\n<meta property=\"og:url\" content=\"https:\/\/akerkimya.com\/eticaret\/urun\/formaldehit\/\" \/>\n<meta property=\"og:site_name\" content=\"Akerkimya\" \/>\n<meta property=\"article:modified_time\" content=\"2026-05-04T12:26:01+00:00\" \/>\n<meta property=\"og:image\" content=\"https:\/\/akerkimya.com\/eticaret\/wp-content\/uploads\/2025\/01\/FORMALDEHIT-GUNCEL.png\" \/>\n\t<meta property=\"og:image:width\" content=\"1000\" \/>\n\t<meta property=\"og:image:height\" content=\"1000\" \/>\n\t<meta property=\"og:image:type\" content=\"image\/png\" \/>\n<meta name=\"twitter:card\" content=\"summary_large_image\" \/>\n<meta name=\"twitter:label1\" content=\"Tahmini okuma s\u00fcresi\" \/>\n\t<meta name=\"twitter:data1\" content=\"2 dakika\" \/>\n<script type=\"application\/ld+json\" class=\"yoast-schema-graph\">{\"@context\":\"https:\/\/schema.org\",\"@graph\":[{\"@type\":\"WebPage\",\"@id\":\"https:\/\/akerkimya.com\/eticaret\/urun\/formaldehit\/\",\"url\":\"https:\/\/akerkimya.com\/eticaret\/urun\/formaldehit\/\",\"name\":\"FORMALDEH\u0130T - Akerkimya\",\"isPartOf\":{\"@id\":\"https:\/\/akerkimya.com\/eticaret\/#website\"},\"datePublished\":\"2025-01-03T21:53:19+00:00\",\"dateModified\":\"2026-05-04T12:26:01+00:00\",\"breadcrumb\":{\"@id\":\"https:\/\/akerkimya.com\/eticaret\/urun\/formaldehit\/#breadcrumb\"},\"inLanguage\":\"tr\",\"potentialAction\":[{\"@type\":\"ReadAction\",\"target\":[\"https:\/\/akerkimya.com\/eticaret\/urun\/formaldehit\/\"]}]},{\"@type\":\"BreadcrumbList\",\"@id\":\"https:\/\/akerkimya.com\/eticaret\/urun\/formaldehit\/#breadcrumb\",\"itemListElement\":[{\"@type\":\"ListItem\",\"position\":1,\"name\":\"Home\",\"item\":\"https:\/\/akerkimya.com\/eticaret\/\"},{\"@type\":\"ListItem\",\"position\":2,\"name\":\"Market\",\"item\":\"https:\/\/akerkimya.com\/eticaret\/market\/\"},{\"@type\":\"ListItem\",\"position\":3,\"name\":\"FORMALDEH\u0130T\"}]},{\"@type\":\"WebSite\",\"@id\":\"https:\/\/akerkimya.com\/eticaret\/#website\",\"url\":\"https:\/\/akerkimya.com\/eticaret\/\",\"name\":\"Akerkimya\",\"description\":\"\",\"potentialAction\":[{\"@type\":\"SearchAction\",\"target\":{\"@type\":\"EntryPoint\",\"urlTemplate\":\"https:\/\/akerkimya.com\/eticaret\/?s={search_term_string}\"},\"query-input\":\"required name=search_term_string\"}],\"inLanguage\":\"tr\"}]}<\/script>\n<!-- \/ Yoast SEO Premium plugin. -->","yoast_head_json":{"title":"FORMALDEH\u0130T - Akerkimya","robots":{"index":"index","follow":"follow","max-snippet":"max-snippet:-1","max-image-preview":"max-image-preview:large","max-video-preview":"max-video-preview:-1"},"canonical":"https:\/\/akerkimya.com\/eticaret\/urun\/formaldehit\/","og_locale":"tr_TR","og_type":"article","og_title":"FORMALDEH\u0130T","og_description":"FORMALDEH\u0130T Formaldehit, CH2O form\u00fcl\u00fcne sahip do\u011fal olarak ortaya \u00e7\u0131kan bir organik bile\u015fiktir. Metanol olarak da bilinir. End\u00fcstriyel sentezi, metil alkol\u00fcn","og_url":"https:\/\/akerkimya.com\/eticaret\/urun\/formaldehit\/","og_site_name":"Akerkimya","article_modified_time":"2026-05-04T12:26:01+00:00","og_image":[{"width":1000,"height":1000,"url":"https:\/\/akerkimya.com\/eticaret\/wp-content\/uploads\/2025\/01\/FORMALDEHIT-GUNCEL.png","type":"image\/png"}],"twitter_card":"summary_large_image","twitter_misc":{"Tahmini okuma s\u00fcresi":"2 dakika"},"schema":{"@context":"https:\/\/schema.org","@graph":[{"@type":"WebPage","@id":"https:\/\/akerkimya.com\/eticaret\/urun\/formaldehit\/","url":"https:\/\/akerkimya.com\/eticaret\/urun\/formaldehit\/","name":"FORMALDEH\u0130T - Akerkimya","isPartOf":{"@id":"https:\/\/akerkimya.com\/eticaret\/#website"},"datePublished":"2025-01-03T21:53:19+00:00","dateModified":"2026-05-04T12:26:01+00:00","breadcrumb":{"@id":"https:\/\/akerkimya.com\/eticaret\/urun\/formaldehit\/#breadcrumb"},"inLanguage":"tr","potentialAction":[{"@type":"ReadAction","target":["https:\/\/akerkimya.com\/eticaret\/urun\/formaldehit\/"]}]},{"@type":"BreadcrumbList","@id":"https:\/\/akerkimya.com\/eticaret\/urun\/formaldehit\/#breadcrumb","itemListElement":[{"@type":"ListItem","position":1,"name":"Home","item":"https:\/\/akerkimya.com\/eticaret\/"},{"@type":"ListItem","position":2,"name":"Market","item":"https:\/\/akerkimya.com\/eticaret\/market\/"},{"@type":"ListItem","position":3,"name":"FORMALDEH\u0130T"}]},{"@type":"WebSite","@id":"https:\/\/akerkimya.com\/eticaret\/#website","url":"https:\/\/akerkimya.com\/eticaret\/","name":"Akerkimya","description":"","potentialAction":[{"@type":"SearchAction","target":{"@type":"EntryPoint","urlTemplate":"https:\/\/akerkimya.com\/eticaret\/?s={search_term_string}"},"query-input":"required name=search_term_string"}],"inLanguage":"tr"}]}},"_links":{"self":[{"href":"https:\/\/akerkimya.com\/eticaret\/wp-json\/wp\/v2\/product\/17508","targetHints":{"allow":["GET"]}}],"collection":[{"href":"https:\/\/akerkimya.com\/eticaret\/wp-json\/wp\/v2\/product"}],"about":[{"href":"https:\/\/akerkimya.com\/eticaret\/wp-json\/wp\/v2\/types\/product"}],"replies":[{"embeddable":true,"href":"https:\/\/akerkimya.com\/eticaret\/wp-json\/wp\/v2\/comments?post=17508"}],"version-history":[{"count":1,"href":"https:\/\/akerkimya.com\/eticaret\/wp-json\/wp\/v2\/product\/17508\/revisions"}],"predecessor-version":[{"id":17514,"href":"https:\/\/akerkimya.com\/eticaret\/wp-json\/wp\/v2\/product\/17508\/revisions\/17514"}],"wp:featuredmedia":[{"embeddable":true,"href":"https:\/\/akerkimya.com\/eticaret\/wp-json\/wp\/v2\/media\/17509"}],"wp:attachment":[{"href":"https:\/\/akerkimya.com\/eticaret\/wp-json\/wp\/v2\/media?parent=17508"}],"wp:term":[{"taxonomy":"product_cat","embeddable":true,"href":"https:\/\/akerkimya.com\/eticaret\/wp-json\/wp\/v2\/product_cat?post=17508"},{"taxonomy":"product_tag","embeddable":true,"href":"https:\/\/akerkimya.com\/eticaret\/wp-json\/wp\/v2\/product_tag?post=17508"}],"curies":[{"name":"wp","href":"https:\/\/api.w.org\/{rel}","templated":true}]}}