{"id":17515,"date":"2025-01-04T00:56:35","date_gmt":"2025-01-03T21:56:35","guid":{"rendered":"https:\/\/akerkimya.com\/eticaret\/?post_type=product&#038;p=17515"},"modified":"2026-05-06T10:30:29","modified_gmt":"2026-05-06T07:30:29","slug":"gliserin","status":"publish","type":"product","link":"https:\/\/akerkimya.com\/eticaret\/urun\/gliserin\/","title":{"rendered":"GL\u0130SER\u0130N"},"content":{"rendered":"<h1>GL\u0130SER\u0130N<\/h1>\n<p><strong>Gliserol olarak da bilinen Gliserin y\u00fcksek oranda su tutma \u00f6zelli\u011fi ile bilinen iyi bir nemlendirici maddesidir. Hayvan ve bitki ya\u011flar\u0131ndan elde edilmektedir. El ve sa\u00e7 kremlerinden deterjanlara kadar \u00e7ok geni\u015f bir kullan\u0131m alan\u0131na sahiptir.<\/strong><\/p>\n<p><strong>GL\u0130SER\u0130N \u00d6ZELL\u0130KLER\u0130<\/strong><\/p>\n<p><strong>Hafif\u00e7e tatl\u0131, zehirli olmayan bir s\u0131v\u0131d\u0131r.<\/strong><\/p>\n<p><strong>Donmay\u0131 geciktirici \u00f6zelli\u011fi vard\u0131r.<\/strong><\/p>\n<p><strong>A\u011f\u0131rl\u0131\u011f\u0131n\u0131n birka\u00e7 kat\u0131 su tutma \u00f6zelli\u011fine sahiptir. Bu nedenle iyi bir nemlendiricidir.<\/strong><\/p>\n<p><strong>Ciltte iyile\u015ftirici ve yenileyici \u00f6zelli\u011fi vard\u0131r.<\/strong><\/p>\n<p><strong>Cilt tonunu e\u015fitlemeye yard\u0131mc\u0131 olur.<\/strong><\/p>\n<p><strong>\u00a0<\/strong><\/p>\n<p><strong>GL\u0130SER\u0130N TEKN\u0130K \u00d6ZELL\u0130KLER\u0130<\/strong><\/p>\n<p><strong>D\u0130\u011eER \u0130S\u0130MLER\u0130: Gliserol<\/strong><\/p>\n<p><strong>G\u00d6R\u00dcN\u00dcM\u00dc: Renksiz yo\u011fun bir s\u0131v\u0131<\/strong><\/p>\n<p><strong>KOKUSU: Kokusuz<\/strong><\/p>\n<p><strong>K\u0130MYASAL ADI: E 442, Gliserol<\/strong><\/p>\n<p><strong>K\u0130MYASAL FORM\u00dcL\u00dc: C3H8O3<\/strong><\/p>\n<p><strong>\u00a0<\/strong><\/p>\n<p><strong>GL\u0130SER\u0130N KULLANIM ALANLARI<\/strong><\/p>\n<p><strong>Dinamit yap\u0131m\u0131nda kullan\u0131l\u0131r.<\/strong><\/p>\n<p><strong>G\u0131dalarda koruyucu olarak kullan\u0131l\u0131r.<\/strong><\/p>\n<p><strong>G\u0131da ve i\u00e7eceklerde \u00e7\u00f6z\u00fcc\u00fc, tatland\u0131r\u0131c\u0131 ve nem tutucu olarak kullan\u0131l\u0131r.<\/strong><\/p>\n<p><strong>Dondurmalarda yap\u0131y\u0131 d\u00fczeltmede kullan\u0131l\u0131r.<\/strong><\/p>\n<p><strong>G\u0131dalarda \u015feker yerine de kullan\u0131lmaktad\u0131r.<\/strong><\/p>\n<p><strong>\u00d6ks\u00fcr\u00fck \u015furuplar\u0131nda kullan\u0131l\u0131r.<\/strong><\/p>\n<p><strong>\u015eeker hastal\u0131\u011f\u0131 tedavisinde d\u0131\u015ftan deriye uygulanan merhemlerde kullan\u0131l\u0131r.<\/strong><\/p>\n<p><strong>Egzama, sedef ve a\u011f\u0131z i\u00e7i yaralar\u0131n\u0131n tedavisinde kullan\u0131l\u0131yor.<\/strong><\/p>\n<p><strong>Kab\u0131zl\u0131kta fitil olarak kullan\u0131lmaktad\u0131r.<\/strong><\/p>\n<p><strong>G\u00f6z damlalar\u0131nda yard\u0131mc\u0131 madde olarak kullan\u0131l\u0131r.<\/strong><\/p>\n<p><strong>Mum yap\u0131m\u0131nda kullan\u0131l\u0131r.<\/strong><\/p>\n<p><strong>Nargile t\u00fct\u00fcnlerinde nem tutucu olarak kullan\u0131l\u0131r.<\/strong><\/p>\n<p><strong>M\u00fcrekkep gibi lekelerin \u00e7\u0131kar\u0131lmas\u0131nda kullan\u0131l\u0131r.<\/strong><\/p>\n<p><strong>Leke \u00e7\u0131kar\u0131c\u0131l\u0131\u011f\u0131 sayesinde deterjan \u00fcr\u00fcnlerinde kullan\u0131l\u0131yor.<\/strong><\/p>\n<p><strong>Haz\u0131r keklerde nem tutucu ve parlakl\u0131k vermesi \u00f6zelli\u011fiyle kullan\u0131l\u0131r.<\/strong><\/p>\n<p><strong>Kat\u0131 ve s\u0131v\u0131 t\u00fcm sabunlarda kullan\u0131l\u0131r.<\/strong><\/p>\n<p><strong>Elektronik sigara likitlerinde baz olarak kullan\u0131l\u0131r.<\/strong><\/p>\n<p><strong>Kozmetikte dudak balmlar\u0131nda, krem ve losyonlarda kullan\u0131l\u0131r.<\/strong><\/p>\n<p><strong>\u00a0<\/strong><\/p>\n<p><strong>AMBALAJ <\/strong><\/p>\n<p><strong>1-5-25-250 kg bidonlar hanlinde<\/strong><\/p>\n<p><strong>\u00a0<\/strong><\/p>\n<p><strong>DEPOLAMA <\/strong><\/p>\n<p><strong>Serin ve kuru yerde muhafaza ediniz.<\/strong><\/p>\n","protected":false},"excerpt":{"rendered":"<p>GL\u0130SER\u0130N Gliserol olarak da bilinen Gliserin y\u00fcksek oranda su tutma \u00f6zelli\u011fi ile bilinen iyi bir nemlendirici maddesidir. Hayvan ve bitki<\/p>\n","protected":false},"featured_media":17516,"comment_status":"open","ping_status":"closed","template":"","meta":{"_joinchat":[]},"product_cat":[74,76,80],"product_tag":[],"class_list":{"0":"post-17515","1":"product","2":"type-product","3":"status-publish","4":"has-post-thumbnail","6":"product_cat-deterjan-ve-kozmetik-kimyasallari","7":"product_cat-gida-ve-katki-kimyasallari","8":"product_cat-veteriner-ve-ilac-kimyasallari","10":"first","11":"instock","12":"shipping-taxable","13":"purchasable","14":"product-type-variable"},"yoast_head":"<!-- This site is optimized with the Yoast SEO Premium plugin v20.2.1 (Yoast SEO v20.2.1) - https:\/\/yoast.com\/wordpress\/plugins\/seo\/ -->\n<title>GL\u0130SER\u0130N - Akerkimya<\/title>\n<meta name=\"robots\" content=\"index, follow, max-snippet:-1, max-image-preview:large, max-video-preview:-1\" \/>\n<link rel=\"canonical\" href=\"https:\/\/akerkimya.com\/eticaret\/urun\/gliserin\/\" \/>\n<meta property=\"og:locale\" content=\"tr_TR\" \/>\n<meta property=\"og:type\" content=\"article\" \/>\n<meta property=\"og:title\" content=\"GL\u0130SER\u0130N\" \/>\n<meta property=\"og:description\" content=\"GL\u0130SER\u0130N Gliserol olarak da bilinen Gliserin y\u00fcksek oranda su tutma \u00f6zelli\u011fi ile bilinen iyi bir nemlendirici maddesidir. Hayvan ve bitki\" \/>\n<meta property=\"og:url\" content=\"https:\/\/akerkimya.com\/eticaret\/urun\/gliserin\/\" \/>\n<meta property=\"og:site_name\" content=\"Akerkimya\" \/>\n<meta property=\"article:modified_time\" content=\"2026-05-06T07:30:29+00:00\" \/>\n<meta property=\"og:image\" content=\"https:\/\/akerkimya.com\/eticaret\/wp-content\/uploads\/2025\/01\/GLISERIN-LIKIT-GUNCEL-.png\" \/>\n\t<meta property=\"og:image:width\" content=\"1000\" \/>\n\t<meta property=\"og:image:height\" content=\"1000\" \/>\n\t<meta property=\"og:image:type\" content=\"image\/png\" \/>\n<meta name=\"twitter:card\" content=\"summary_large_image\" \/>\n<meta name=\"twitter:label1\" content=\"Tahmini okuma s\u00fcresi\" \/>\n\t<meta name=\"twitter:data1\" content=\"2 dakika\" \/>\n<script type=\"application\/ld+json\" class=\"yoast-schema-graph\">{\"@context\":\"https:\/\/schema.org\",\"@graph\":[{\"@type\":\"WebPage\",\"@id\":\"https:\/\/akerkimya.com\/eticaret\/urun\/gliserin\/\",\"url\":\"https:\/\/akerkimya.com\/eticaret\/urun\/gliserin\/\",\"name\":\"GL\u0130SER\u0130N - Akerkimya\",\"isPartOf\":{\"@id\":\"https:\/\/akerkimya.com\/eticaret\/#website\"},\"datePublished\":\"2025-01-03T21:56:35+00:00\",\"dateModified\":\"2026-05-06T07:30:29+00:00\",\"breadcrumb\":{\"@id\":\"https:\/\/akerkimya.com\/eticaret\/urun\/gliserin\/#breadcrumb\"},\"inLanguage\":\"tr\",\"potentialAction\":[{\"@type\":\"ReadAction\",\"target\":[\"https:\/\/akerkimya.com\/eticaret\/urun\/gliserin\/\"]}]},{\"@type\":\"BreadcrumbList\",\"@id\":\"https:\/\/akerkimya.com\/eticaret\/urun\/gliserin\/#breadcrumb\",\"itemListElement\":[{\"@type\":\"ListItem\",\"position\":1,\"name\":\"Home\",\"item\":\"https:\/\/akerkimya.com\/eticaret\/\"},{\"@type\":\"ListItem\",\"position\":2,\"name\":\"Market\",\"item\":\"https:\/\/akerkimya.com\/eticaret\/market\/\"},{\"@type\":\"ListItem\",\"position\":3,\"name\":\"GL\u0130SER\u0130N\"}]},{\"@type\":\"WebSite\",\"@id\":\"https:\/\/akerkimya.com\/eticaret\/#website\",\"url\":\"https:\/\/akerkimya.com\/eticaret\/\",\"name\":\"Akerkimya\",\"description\":\"\",\"potentialAction\":[{\"@type\":\"SearchAction\",\"target\":{\"@type\":\"EntryPoint\",\"urlTemplate\":\"https:\/\/akerkimya.com\/eticaret\/?s={search_term_string}\"},\"query-input\":\"required name=search_term_string\"}],\"inLanguage\":\"tr\"}]}<\/script>\n<!-- \/ Yoast SEO Premium plugin. -->","yoast_head_json":{"title":"GL\u0130SER\u0130N - Akerkimya","robots":{"index":"index","follow":"follow","max-snippet":"max-snippet:-1","max-image-preview":"max-image-preview:large","max-video-preview":"max-video-preview:-1"},"canonical":"https:\/\/akerkimya.com\/eticaret\/urun\/gliserin\/","og_locale":"tr_TR","og_type":"article","og_title":"GL\u0130SER\u0130N","og_description":"GL\u0130SER\u0130N Gliserol olarak da bilinen Gliserin y\u00fcksek oranda su tutma \u00f6zelli\u011fi ile bilinen iyi bir nemlendirici maddesidir. Hayvan ve bitki","og_url":"https:\/\/akerkimya.com\/eticaret\/urun\/gliserin\/","og_site_name":"Akerkimya","article_modified_time":"2026-05-06T07:30:29+00:00","og_image":[{"width":1000,"height":1000,"url":"https:\/\/akerkimya.com\/eticaret\/wp-content\/uploads\/2025\/01\/GLISERIN-LIKIT-GUNCEL-.png","type":"image\/png"}],"twitter_card":"summary_large_image","twitter_misc":{"Tahmini okuma s\u00fcresi":"2 dakika"},"schema":{"@context":"https:\/\/schema.org","@graph":[{"@type":"WebPage","@id":"https:\/\/akerkimya.com\/eticaret\/urun\/gliserin\/","url":"https:\/\/akerkimya.com\/eticaret\/urun\/gliserin\/","name":"GL\u0130SER\u0130N - Akerkimya","isPartOf":{"@id":"https:\/\/akerkimya.com\/eticaret\/#website"},"datePublished":"2025-01-03T21:56:35+00:00","dateModified":"2026-05-06T07:30:29+00:00","breadcrumb":{"@id":"https:\/\/akerkimya.com\/eticaret\/urun\/gliserin\/#breadcrumb"},"inLanguage":"tr","potentialAction":[{"@type":"ReadAction","target":["https:\/\/akerkimya.com\/eticaret\/urun\/gliserin\/"]}]},{"@type":"BreadcrumbList","@id":"https:\/\/akerkimya.com\/eticaret\/urun\/gliserin\/#breadcrumb","itemListElement":[{"@type":"ListItem","position":1,"name":"Home","item":"https:\/\/akerkimya.com\/eticaret\/"},{"@type":"ListItem","position":2,"name":"Market","item":"https:\/\/akerkimya.com\/eticaret\/market\/"},{"@type":"ListItem","position":3,"name":"GL\u0130SER\u0130N"}]},{"@type":"WebSite","@id":"https:\/\/akerkimya.com\/eticaret\/#website","url":"https:\/\/akerkimya.com\/eticaret\/","name":"Akerkimya","description":"","potentialAction":[{"@type":"SearchAction","target":{"@type":"EntryPoint","urlTemplate":"https:\/\/akerkimya.com\/eticaret\/?s={search_term_string}"},"query-input":"required name=search_term_string"}],"inLanguage":"tr"}]}},"_links":{"self":[{"href":"https:\/\/akerkimya.com\/eticaret\/wp-json\/wp\/v2\/product\/17515","targetHints":{"allow":["GET"]}}],"collection":[{"href":"https:\/\/akerkimya.com\/eticaret\/wp-json\/wp\/v2\/product"}],"about":[{"href":"https:\/\/akerkimya.com\/eticaret\/wp-json\/wp\/v2\/types\/product"}],"replies":[{"embeddable":true,"href":"https:\/\/akerkimya.com\/eticaret\/wp-json\/wp\/v2\/comments?post=17515"}],"version-history":[{"count":2,"href":"https:\/\/akerkimya.com\/eticaret\/wp-json\/wp\/v2\/product\/17515\/revisions"}],"predecessor-version":[{"id":18176,"href":"https:\/\/akerkimya.com\/eticaret\/wp-json\/wp\/v2\/product\/17515\/revisions\/18176"}],"wp:featuredmedia":[{"embeddable":true,"href":"https:\/\/akerkimya.com\/eticaret\/wp-json\/wp\/v2\/media\/17516"}],"wp:attachment":[{"href":"https:\/\/akerkimya.com\/eticaret\/wp-json\/wp\/v2\/media?parent=17515"}],"wp:term":[{"taxonomy":"product_cat","embeddable":true,"href":"https:\/\/akerkimya.com\/eticaret\/wp-json\/wp\/v2\/product_cat?post=17515"},{"taxonomy":"product_tag","embeddable":true,"href":"https:\/\/akerkimya.com\/eticaret\/wp-json\/wp\/v2\/product_tag?post=17515"}],"curies":[{"name":"wp","href":"https:\/\/api.w.org\/{rel}","templated":true}]}}