{"id":17522,"date":"2025-01-04T00:59:45","date_gmt":"2025-01-03T21:59:45","guid":{"rendered":"https:\/\/akerkimya.com\/eticaret\/?post_type=product&#038;p=17522"},"modified":"2026-03-30T02:23:05","modified_gmt":"2026-03-29T23:23:05","slug":"gluten-wheat-bugday","status":"publish","type":"product","link":"https:\/\/akerkimya.com\/eticaret\/urun\/gluten-wheat-bugday\/","title":{"rendered":"GLUTEN (WHEAT BU\u011eDAY)"},"content":{"rendered":"<h1>GLUTEN (WHEAT BU\u011eDAY)<\/h1>\n<p><strong>Wheat gluten, bu\u011fday\u0131n gluten veya protein b\u00f6l\u00fcm\u00fcnden yap\u0131l\u0131r. Gluten, tah\u0131l bazl\u0131 g\u0131dalar\u0131n t\u00fcm\u00fcn\u00fcn kalitesi \u00fczerinde b\u00fcy\u00fck etkiye sahiptir.<\/strong><\/p>\n<p><strong>\u00a0<\/strong><\/p>\n<p><strong>GLUTEN \u00d6ZELL\u0130KLER\u0130<\/strong><\/p>\n<p><strong>Hafif sar\u0131 renkte toz formdad\u0131r. <\/strong><\/p>\n<p><strong>Suda \u00e7\u00f6z\u00fcnmez.<\/strong><\/p>\n<p><strong>Ayr\u0131\u015f\u0131ncaya kadar \u0131s\u0131t\u0131ld\u0131\u011f\u0131nda keskin duman ve tahri\u015f edici dumanlar yayar.<\/strong><\/p>\n<p><strong>\u00a0<\/strong><\/p>\n<p><strong>TEKN\u0130K \u00d6ZELL\u0130KLER\u0130<\/strong><\/p>\n<p><strong>CAS NUMARASI: 8002-80-0<\/strong><\/p>\n<p><strong>EC NUMARASI: 232-317-7<\/strong><\/p>\n<p><strong>MOLEK\u00dcLER FORM\u00dcL: C6h12O6<\/strong><\/p>\n<p><strong>K\u0130MYASAL \u0130SM\u0130: Gluten, Wheat Bu\u011fday Gluten<\/strong><\/p>\n<p><strong>PROTE\u0130N: Min. %80<\/strong><\/p>\n<p><strong>PH: 5.8-7.5<\/strong><\/p>\n<p><strong>NEM: Max. %10 <\/strong><\/p>\n<p><strong>SU EMME ORANI: Min. 1.3<\/strong><\/p>\n<p><strong>L\u0130F: Max. 1.5<\/strong><\/p>\n<p><strong>PAR\u00c7ACIK BOYUTU: Min. %95<\/strong><\/p>\n<p><strong>\u00a0<\/strong><\/p>\n<p><strong>KULLANIM ALANLARI<\/strong><\/p>\n<p><strong>Do\u011fal peynirlerin dokusuna ve yeme kalitesine sahip sentetik peynirlerin haz\u0131rlanmas\u0131nda kullan\u0131l\u0131r.<\/strong><\/p>\n<p><strong>D\u00fc\u015f\u00fck proteinli ekmek unlar\u0131n\u0131n g\u00fc\u00e7lendirilmesinde kullan\u0131l\u0131r.<\/strong><\/p>\n<p><strong>Deniz \u00fcr\u00fcnlerinde kullan\u0131l\u0131r.<\/strong><\/p>\n<p><strong>Hamurun mukavemetini artt\u0131rmak, kar\u0131\u015ft\u0131rma tolerans\u0131n\u0131 ve i\u015fleme \u00f6zelliklerini artt\u0131rmada kullan\u0131l\u0131r.<\/strong><\/p>\n<p><strong>\u00d6rdek tad\u0131 ve et dokusunu yakalamak i\u00e7in kullan\u0131l\u0131r.<\/strong><\/p>\n<p><strong>Yemeklerin taze tutulmas\u0131n\u0131 sa\u011flamak i\u00e7in kullan\u0131l\u0131r.<\/strong><\/p>\n<p><strong>Deterjan \u00fcretiminde kullan\u0131l\u0131r.<\/strong><\/p>\n<p><strong>\u00a0<\/strong><\/p>\n<p><strong>AMBALAJ <\/strong><\/p>\n<p><strong>1-5-25 kg torbalar halinde <\/strong><\/p>\n<p><strong>\u00a0<\/strong><\/p>\n<p><strong>DEPOLAMA <\/strong><\/p>\n<p><strong>Serin ve kuru bir alanda muhafaza ediniz.<\/strong><\/p>\n","protected":false},"excerpt":{"rendered":"<p>GLUTEN (WHEAT BU\u011eDAY) Wheat gluten, bu\u011fday\u0131n gluten veya protein b\u00f6l\u00fcm\u00fcnden yap\u0131l\u0131r. Gluten, tah\u0131l bazl\u0131 g\u0131dalar\u0131n t\u00fcm\u00fcn\u00fcn kalitesi \u00fczerinde b\u00fcy\u00fck etkiye<\/p>\n","protected":false},"featured_media":17523,"comment_status":"open","ping_status":"closed","template":"","meta":{"_joinchat":[]},"product_cat":[74,76],"product_tag":[],"class_list":{"0":"post-17522","1":"product","2":"type-product","3":"status-publish","4":"has-post-thumbnail","6":"product_cat-deterjan-ve-kozmetik-kimyasallari","7":"product_cat-gida-ve-katki-kimyasallari","9":"first","10":"instock","11":"shipping-taxable","12":"purchasable","13":"product-type-variable"},"yoast_head":"<!-- This site is optimized with the Yoast SEO Premium plugin v20.2.1 (Yoast SEO v20.2.1) - https:\/\/yoast.com\/wordpress\/plugins\/seo\/ -->\n<title>GLUTEN (WHEAT BU\u011eDAY) - Akerkimya<\/title>\n<meta name=\"robots\" content=\"index, follow, max-snippet:-1, max-image-preview:large, max-video-preview:-1\" \/>\n<link rel=\"canonical\" href=\"https:\/\/akerkimya.com\/eticaret\/urun\/gluten-wheat-bugday\/\" \/>\n<meta property=\"og:locale\" content=\"tr_TR\" \/>\n<meta property=\"og:type\" content=\"article\" \/>\n<meta property=\"og:title\" content=\"GLUTEN (WHEAT BU\u011eDAY)\" \/>\n<meta property=\"og:description\" content=\"GLUTEN (WHEAT BU\u011eDAY) Wheat gluten, bu\u011fday\u0131n gluten veya protein b\u00f6l\u00fcm\u00fcnden yap\u0131l\u0131r. Gluten, tah\u0131l bazl\u0131 g\u0131dalar\u0131n t\u00fcm\u00fcn\u00fcn kalitesi \u00fczerinde b\u00fcy\u00fck etkiye\" \/>\n<meta property=\"og:url\" content=\"https:\/\/akerkimya.com\/eticaret\/urun\/gluten-wheat-bugday\/\" \/>\n<meta property=\"og:site_name\" content=\"Akerkimya\" \/>\n<meta property=\"article:modified_time\" content=\"2026-03-29T23:23:05+00:00\" \/>\n<meta property=\"og:image\" content=\"https:\/\/akerkimya.com\/eticaret\/wp-content\/uploads\/2025\/01\/Gluten-Wheat-Bugday-GUNCEL.png\" \/>\n\t<meta property=\"og:image:width\" content=\"1000\" \/>\n\t<meta property=\"og:image:height\" content=\"1000\" \/>\n\t<meta property=\"og:image:type\" content=\"image\/png\" \/>\n<meta name=\"twitter:card\" content=\"summary_large_image\" \/>\n<meta name=\"twitter:label1\" content=\"Tahmini okuma s\u00fcresi\" \/>\n\t<meta name=\"twitter:data1\" content=\"1 dakika\" \/>\n<script type=\"application\/ld+json\" class=\"yoast-schema-graph\">{\"@context\":\"https:\/\/schema.org\",\"@graph\":[{\"@type\":\"WebPage\",\"@id\":\"https:\/\/akerkimya.com\/eticaret\/urun\/gluten-wheat-bugday\/\",\"url\":\"https:\/\/akerkimya.com\/eticaret\/urun\/gluten-wheat-bugday\/\",\"name\":\"GLUTEN (WHEAT BU\u011eDAY) - Akerkimya\",\"isPartOf\":{\"@id\":\"https:\/\/akerkimya.com\/eticaret\/#website\"},\"datePublished\":\"2025-01-03T21:59:45+00:00\",\"dateModified\":\"2026-03-29T23:23:05+00:00\",\"breadcrumb\":{\"@id\":\"https:\/\/akerkimya.com\/eticaret\/urun\/gluten-wheat-bugday\/#breadcrumb\"},\"inLanguage\":\"tr\",\"potentialAction\":[{\"@type\":\"ReadAction\",\"target\":[\"https:\/\/akerkimya.com\/eticaret\/urun\/gluten-wheat-bugday\/\"]}]},{\"@type\":\"BreadcrumbList\",\"@id\":\"https:\/\/akerkimya.com\/eticaret\/urun\/gluten-wheat-bugday\/#breadcrumb\",\"itemListElement\":[{\"@type\":\"ListItem\",\"position\":1,\"name\":\"Home\",\"item\":\"https:\/\/akerkimya.com\/eticaret\/\"},{\"@type\":\"ListItem\",\"position\":2,\"name\":\"Market\",\"item\":\"https:\/\/akerkimya.com\/eticaret\/market\/\"},{\"@type\":\"ListItem\",\"position\":3,\"name\":\"GLUTEN (WHEAT BU\u011eDAY)\"}]},{\"@type\":\"WebSite\",\"@id\":\"https:\/\/akerkimya.com\/eticaret\/#website\",\"url\":\"https:\/\/akerkimya.com\/eticaret\/\",\"name\":\"Akerkimya\",\"description\":\"\",\"potentialAction\":[{\"@type\":\"SearchAction\",\"target\":{\"@type\":\"EntryPoint\",\"urlTemplate\":\"https:\/\/akerkimya.com\/eticaret\/?s={search_term_string}\"},\"query-input\":\"required name=search_term_string\"}],\"inLanguage\":\"tr\"}]}<\/script>\n<!-- \/ Yoast SEO Premium plugin. -->","yoast_head_json":{"title":"GLUTEN (WHEAT BU\u011eDAY) - Akerkimya","robots":{"index":"index","follow":"follow","max-snippet":"max-snippet:-1","max-image-preview":"max-image-preview:large","max-video-preview":"max-video-preview:-1"},"canonical":"https:\/\/akerkimya.com\/eticaret\/urun\/gluten-wheat-bugday\/","og_locale":"tr_TR","og_type":"article","og_title":"GLUTEN (WHEAT BU\u011eDAY)","og_description":"GLUTEN (WHEAT BU\u011eDAY) Wheat gluten, bu\u011fday\u0131n gluten veya protein b\u00f6l\u00fcm\u00fcnden yap\u0131l\u0131r. Gluten, tah\u0131l bazl\u0131 g\u0131dalar\u0131n t\u00fcm\u00fcn\u00fcn kalitesi \u00fczerinde b\u00fcy\u00fck etkiye","og_url":"https:\/\/akerkimya.com\/eticaret\/urun\/gluten-wheat-bugday\/","og_site_name":"Akerkimya","article_modified_time":"2026-03-29T23:23:05+00:00","og_image":[{"width":1000,"height":1000,"url":"https:\/\/akerkimya.com\/eticaret\/wp-content\/uploads\/2025\/01\/Gluten-Wheat-Bugday-GUNCEL.png","type":"image\/png"}],"twitter_card":"summary_large_image","twitter_misc":{"Tahmini okuma s\u00fcresi":"1 dakika"},"schema":{"@context":"https:\/\/schema.org","@graph":[{"@type":"WebPage","@id":"https:\/\/akerkimya.com\/eticaret\/urun\/gluten-wheat-bugday\/","url":"https:\/\/akerkimya.com\/eticaret\/urun\/gluten-wheat-bugday\/","name":"GLUTEN (WHEAT BU\u011eDAY) - Akerkimya","isPartOf":{"@id":"https:\/\/akerkimya.com\/eticaret\/#website"},"datePublished":"2025-01-03T21:59:45+00:00","dateModified":"2026-03-29T23:23:05+00:00","breadcrumb":{"@id":"https:\/\/akerkimya.com\/eticaret\/urun\/gluten-wheat-bugday\/#breadcrumb"},"inLanguage":"tr","potentialAction":[{"@type":"ReadAction","target":["https:\/\/akerkimya.com\/eticaret\/urun\/gluten-wheat-bugday\/"]}]},{"@type":"BreadcrumbList","@id":"https:\/\/akerkimya.com\/eticaret\/urun\/gluten-wheat-bugday\/#breadcrumb","itemListElement":[{"@type":"ListItem","position":1,"name":"Home","item":"https:\/\/akerkimya.com\/eticaret\/"},{"@type":"ListItem","position":2,"name":"Market","item":"https:\/\/akerkimya.com\/eticaret\/market\/"},{"@type":"ListItem","position":3,"name":"GLUTEN (WHEAT BU\u011eDAY)"}]},{"@type":"WebSite","@id":"https:\/\/akerkimya.com\/eticaret\/#website","url":"https:\/\/akerkimya.com\/eticaret\/","name":"Akerkimya","description":"","potentialAction":[{"@type":"SearchAction","target":{"@type":"EntryPoint","urlTemplate":"https:\/\/akerkimya.com\/eticaret\/?s={search_term_string}"},"query-input":"required name=search_term_string"}],"inLanguage":"tr"}]}},"_links":{"self":[{"href":"https:\/\/akerkimya.com\/eticaret\/wp-json\/wp\/v2\/product\/17522","targetHints":{"allow":["GET"]}}],"collection":[{"href":"https:\/\/akerkimya.com\/eticaret\/wp-json\/wp\/v2\/product"}],"about":[{"href":"https:\/\/akerkimya.com\/eticaret\/wp-json\/wp\/v2\/types\/product"}],"replies":[{"embeddable":true,"href":"https:\/\/akerkimya.com\/eticaret\/wp-json\/wp\/v2\/comments?post=17522"}],"version-history":[{"count":1,"href":"https:\/\/akerkimya.com\/eticaret\/wp-json\/wp\/v2\/product\/17522\/revisions"}],"predecessor-version":[{"id":17527,"href":"https:\/\/akerkimya.com\/eticaret\/wp-json\/wp\/v2\/product\/17522\/revisions\/17527"}],"wp:featuredmedia":[{"embeddable":true,"href":"https:\/\/akerkimya.com\/eticaret\/wp-json\/wp\/v2\/media\/17523"}],"wp:attachment":[{"href":"https:\/\/akerkimya.com\/eticaret\/wp-json\/wp\/v2\/media?parent=17522"}],"wp:term":[{"taxonomy":"product_cat","embeddable":true,"href":"https:\/\/akerkimya.com\/eticaret\/wp-json\/wp\/v2\/product_cat?post=17522"},{"taxonomy":"product_tag","embeddable":true,"href":"https:\/\/akerkimya.com\/eticaret\/wp-json\/wp\/v2\/product_tag?post=17522"}],"curies":[{"name":"wp","href":"https:\/\/api.w.org\/{rel}","templated":true}]}}