{"id":17534,"date":"2025-01-04T01:07:23","date_gmt":"2025-01-03T22:07:23","guid":{"rendered":"https:\/\/akerkimya.com\/eticaret\/?post_type=product&#038;p=17534"},"modified":"2026-05-04T15:36:41","modified_gmt":"2026-05-04T12:36:41","slug":"hidrokinon","status":"publish","type":"product","link":"https:\/\/akerkimya.com\/eticaret\/urun\/hidrokinon\/","title":{"rendered":"H\u0130DROK\u0130NON"},"content":{"rendered":"<h1>H\u0130DROK\u0130NON<\/h1>\n<p><strong>Benzen-l, 4-diol yada kinol olarak da adland\u0131r\u0131lan hidrokinon, C6H4(OH)2 kimyasal form\u00fcl\u00fcne sahiptir. Kimyasal yap\u0131s\u0131 bir benzen halkas\u0131na para konumunda ba\u011fl\u0131 iki hidroksil grubundan olu\u015fur. Benzen t\u00fcrevi olan ayn\u0131 zamanda bir fenol t\u00fcr\u00fc olan aromatik bir organik bile\u015fiktir. Bu ana bile\u015fi\u011fin yerle\u015fmi\u015f t\u00fcrevlerine hidrokinonlar da denir. <\/strong><\/p>\n<p><strong>\u00a0<\/strong><\/p>\n<p><strong>H\u0130DROK\u0130NON \u00d6ZELL\u0130KLER\u0130<\/strong><\/p>\n<p><strong>Beyaz renkli i\u011fnemsi kristal veya kristal toz \u015feklindedir.<\/strong><\/p>\n<p><strong>Suda iyi \u00e7\u00f6z\u00fcn\u00fcr.<\/strong><\/p>\n<p><strong>Yutulmas\u0131 veya cilt emilimi ile hafif toksiktir.<\/strong><\/p>\n<p><strong>\u00a0<\/strong><\/p>\n<p><strong>TEKN\u0130K \u00d6ZELL\u0130KLER\u0130<\/strong><\/p>\n<p><strong>CAS NUMARASI: 123-31-9<\/strong><\/p>\n<p><strong>K\u0130MYASAL \u0130SM\u0130: BENZENE-1,4-D\u0130OL, KU\u0130NOL<\/strong><\/p>\n<p><strong>MOLEK\u00dcLER FORM\u00dcL: C6H6O2<\/strong><\/p>\n<p><strong>MOLAR K\u00dcTLE: 110.11 g mol-1<\/strong><\/p>\n<p><strong>YO\u011eUNLUK: 1.3 g cm -3, kat\u0131<\/strong><\/p>\n<p><strong>ER\u0130ME NOKTASI: 172 \u00b0 C, 445 K, 342 \u00b0 C <\/strong><\/p>\n<p><strong>PARLAMA NOKTASI: 165 \u00b0 C<\/strong><\/p>\n<p><strong>KAYNAMA NOKTASI: 287 \u00b0 C, 560 K, 549 \u00b0 F<\/strong><\/p>\n<p><strong>SUDA \u00c7\u00d6Z\u00dcN\u00dcRL\u00dcK: 5,9 g\/100 Ml (15 \u00b0 C)<\/strong><\/p>\n<p><strong>\u00a0<\/strong><\/p>\n<p><strong>KULLANIM ALANLARI <\/strong><\/p>\n<p><strong>Film ve ka\u011f\u0131t end\u00fcstrisi i\u00e7in \u00e7o\u011fu siyah beyaz foto\u011fraf geli\u015ftiricili\u011finde \u00f6nemli bir komponenttir ki bu bile\u015fik metal ile g\u00fcm\u00fc\u015f halojenleri elementel g\u00fcm\u00fc\u015fe indirger.<\/strong><\/p>\n<p><strong>Bir polimerizasyon inhibit\u00f6r\u00fc olarak, antioksidan \u00f6zelliklerinden faydalanan hidrokinon, akrilik asit, metil metakrilat, siyanoakrilat ve radikalle ba\u015flat\u0131lan polimerizasyona duyarl\u0131 di\u011fer monomerlerin polimerizasyonunu engeller.<\/strong><\/p>\n<p><strong>Serbest radikal temizleyici olarak g\u00f6rev alan hidrokinon, seramik polimerler gibi \u0131\u015f\u0131\u011fa duyarl\u0131 re\u00e7inelerin raf \u00f6mr\u00fcn\u00fc artt\u0131rmakta kullan\u0131l\u0131r.<\/strong><\/p>\n<p><strong>Hidrokinon esas olarak foto\u011frafta geli\u015fmekte olan madde olarak kullan\u0131l\u0131r.<\/strong><\/p>\n<p><strong>Kau\u00e7uk ve benzin i\u00e7in antioksidan, boya ara maddesi olarak kullan\u0131l\u0131r.<\/strong><\/p>\n<p><strong>Hidrokinon, bir difenolat iyonu eldesi i\u00e7in her iki \u2013OH grubundan bir proton kaybedebilir. Hidrokinonun disodyum difenolat tuzu, polieter eterketon (PEEK) polimerinin sentezinde alternatif bir komonomer birimi olarak kullan\u0131l\u0131r.<\/strong><\/p>\n<p><strong>Dietil eter, \u0131\u015f\u0131\u011fa duyarl\u0131 pigmentlerin ve boyalar\u0131n bir ara maddesidir.<\/strong><\/p>\n<p><strong>Hem foto\u011frafik hem de USP derecelerinde sunulmaktad\u0131r.<\/strong><\/p>\n<p><strong>Cilt hiperpigmentasyonu i\u00e7in tropikal bir tedavi i\u00e7in farkl\u0131 kozmetik \u00fcr\u00fcnlerde kullan\u0131lmaktad\u0131r.<\/strong><\/p>\n<p><strong>Proses, ta\u015f\u0131ma ve depolamada kullan\u0131lan bir polimerizasyon inhibit\u00f6r\u00fcd\u00fcr. <\/strong><\/p>\n<p><strong>Su ar\u0131tma end\u00fcstrisinde sulu bir ortamda oksijen tutucu olarak kullan\u0131l\u0131r. <\/strong><\/p>\n<p><strong>Cilt rengini azaltmak i\u00e7in cilt beyazlatmada tropikal bir uygulama olarak kullan\u0131l\u0131r.<\/strong><\/p>\n<p><strong>\u00a0<\/strong><\/p>\n<p><strong>AMBALAJ<\/strong><\/p>\n<p><strong>1-5-25 kg torbalar halinde<\/strong><\/p>\n<p><strong>\u00a0<\/strong><\/p>\n<p><strong>DEPOLAMA<\/strong><\/p>\n<p><strong>Serin ve kuru alanlarda muhafaza ediniz.<\/strong><\/p>\n<p><strong>\u00a0<\/strong><\/p>\n","protected":false},"excerpt":{"rendered":"<p>H\u0130DROK\u0130NON Benzen-l, 4-diol yada kinol olarak da adland\u0131r\u0131lan hidrokinon, C6H4(OH)2 kimyasal form\u00fcl\u00fcne sahiptir. Kimyasal yap\u0131s\u0131 bir benzen halkas\u0131na para konumunda<\/p>\n","protected":false},"featured_media":17536,"comment_status":"open","ping_status":"closed","template":"","meta":{"_joinchat":[]},"product_cat":[74],"product_tag":[],"class_list":{"0":"post-17534","1":"product","2":"type-product","3":"status-publish","4":"has-post-thumbnail","6":"product_cat-deterjan-ve-kozmetik-kimyasallari","8":"first","9":"instock","10":"shipping-taxable","11":"purchasable","12":"product-type-variable"},"yoast_head":"<!-- This site is optimized with the Yoast SEO Premium plugin v20.2.1 (Yoast SEO v20.2.1) - https:\/\/yoast.com\/wordpress\/plugins\/seo\/ -->\n<title>H\u0130DROK\u0130NON - Akerkimya<\/title>\n<meta name=\"robots\" content=\"index, follow, max-snippet:-1, max-image-preview:large, max-video-preview:-1\" \/>\n<link rel=\"canonical\" href=\"https:\/\/akerkimya.com\/eticaret\/urun\/hidrokinon\/\" \/>\n<meta property=\"og:locale\" content=\"tr_TR\" \/>\n<meta property=\"og:type\" content=\"article\" \/>\n<meta property=\"og:title\" content=\"H\u0130DROK\u0130NON\" \/>\n<meta property=\"og:description\" content=\"H\u0130DROK\u0130NON Benzen-l, 4-diol yada kinol olarak da adland\u0131r\u0131lan hidrokinon, C6H4(OH)2 kimyasal form\u00fcl\u00fcne sahiptir. Kimyasal yap\u0131s\u0131 bir benzen halkas\u0131na para konumunda\" \/>\n<meta property=\"og:url\" content=\"https:\/\/akerkimya.com\/eticaret\/urun\/hidrokinon\/\" \/>\n<meta property=\"og:site_name\" content=\"Akerkimya\" \/>\n<meta property=\"article:modified_time\" content=\"2026-05-04T12:36:41+00:00\" \/>\n<meta property=\"og:image\" content=\"https:\/\/akerkimya.com\/eticaret\/wp-content\/uploads\/2025\/01\/HIDROKINON-GUNCEL-.png\" \/>\n\t<meta property=\"og:image:width\" content=\"1000\" \/>\n\t<meta property=\"og:image:height\" content=\"1000\" \/>\n\t<meta property=\"og:image:type\" content=\"image\/png\" \/>\n<meta name=\"twitter:card\" content=\"summary_large_image\" \/>\n<meta name=\"twitter:label1\" content=\"Tahmini okuma s\u00fcresi\" \/>\n\t<meta name=\"twitter:data1\" content=\"2 dakika\" \/>\n<script type=\"application\/ld+json\" class=\"yoast-schema-graph\">{\"@context\":\"https:\/\/schema.org\",\"@graph\":[{\"@type\":\"WebPage\",\"@id\":\"https:\/\/akerkimya.com\/eticaret\/urun\/hidrokinon\/\",\"url\":\"https:\/\/akerkimya.com\/eticaret\/urun\/hidrokinon\/\",\"name\":\"H\u0130DROK\u0130NON - Akerkimya\",\"isPartOf\":{\"@id\":\"https:\/\/akerkimya.com\/eticaret\/#website\"},\"datePublished\":\"2025-01-03T22:07:23+00:00\",\"dateModified\":\"2026-05-04T12:36:41+00:00\",\"breadcrumb\":{\"@id\":\"https:\/\/akerkimya.com\/eticaret\/urun\/hidrokinon\/#breadcrumb\"},\"inLanguage\":\"tr\",\"potentialAction\":[{\"@type\":\"ReadAction\",\"target\":[\"https:\/\/akerkimya.com\/eticaret\/urun\/hidrokinon\/\"]}]},{\"@type\":\"BreadcrumbList\",\"@id\":\"https:\/\/akerkimya.com\/eticaret\/urun\/hidrokinon\/#breadcrumb\",\"itemListElement\":[{\"@type\":\"ListItem\",\"position\":1,\"name\":\"Home\",\"item\":\"https:\/\/akerkimya.com\/eticaret\/\"},{\"@type\":\"ListItem\",\"position\":2,\"name\":\"Market\",\"item\":\"https:\/\/akerkimya.com\/eticaret\/market\/\"},{\"@type\":\"ListItem\",\"position\":3,\"name\":\"H\u0130DROK\u0130NON\"}]},{\"@type\":\"WebSite\",\"@id\":\"https:\/\/akerkimya.com\/eticaret\/#website\",\"url\":\"https:\/\/akerkimya.com\/eticaret\/\",\"name\":\"Akerkimya\",\"description\":\"\",\"potentialAction\":[{\"@type\":\"SearchAction\",\"target\":{\"@type\":\"EntryPoint\",\"urlTemplate\":\"https:\/\/akerkimya.com\/eticaret\/?s={search_term_string}\"},\"query-input\":\"required name=search_term_string\"}],\"inLanguage\":\"tr\"}]}<\/script>\n<!-- \/ Yoast SEO Premium plugin. -->","yoast_head_json":{"title":"H\u0130DROK\u0130NON - Akerkimya","robots":{"index":"index","follow":"follow","max-snippet":"max-snippet:-1","max-image-preview":"max-image-preview:large","max-video-preview":"max-video-preview:-1"},"canonical":"https:\/\/akerkimya.com\/eticaret\/urun\/hidrokinon\/","og_locale":"tr_TR","og_type":"article","og_title":"H\u0130DROK\u0130NON","og_description":"H\u0130DROK\u0130NON Benzen-l, 4-diol yada kinol olarak da adland\u0131r\u0131lan hidrokinon, C6H4(OH)2 kimyasal form\u00fcl\u00fcne sahiptir. Kimyasal yap\u0131s\u0131 bir benzen halkas\u0131na para konumunda","og_url":"https:\/\/akerkimya.com\/eticaret\/urun\/hidrokinon\/","og_site_name":"Akerkimya","article_modified_time":"2026-05-04T12:36:41+00:00","og_image":[{"width":1000,"height":1000,"url":"https:\/\/akerkimya.com\/eticaret\/wp-content\/uploads\/2025\/01\/HIDROKINON-GUNCEL-.png","type":"image\/png"}],"twitter_card":"summary_large_image","twitter_misc":{"Tahmini okuma s\u00fcresi":"2 dakika"},"schema":{"@context":"https:\/\/schema.org","@graph":[{"@type":"WebPage","@id":"https:\/\/akerkimya.com\/eticaret\/urun\/hidrokinon\/","url":"https:\/\/akerkimya.com\/eticaret\/urun\/hidrokinon\/","name":"H\u0130DROK\u0130NON - Akerkimya","isPartOf":{"@id":"https:\/\/akerkimya.com\/eticaret\/#website"},"datePublished":"2025-01-03T22:07:23+00:00","dateModified":"2026-05-04T12:36:41+00:00","breadcrumb":{"@id":"https:\/\/akerkimya.com\/eticaret\/urun\/hidrokinon\/#breadcrumb"},"inLanguage":"tr","potentialAction":[{"@type":"ReadAction","target":["https:\/\/akerkimya.com\/eticaret\/urun\/hidrokinon\/"]}]},{"@type":"BreadcrumbList","@id":"https:\/\/akerkimya.com\/eticaret\/urun\/hidrokinon\/#breadcrumb","itemListElement":[{"@type":"ListItem","position":1,"name":"Home","item":"https:\/\/akerkimya.com\/eticaret\/"},{"@type":"ListItem","position":2,"name":"Market","item":"https:\/\/akerkimya.com\/eticaret\/market\/"},{"@type":"ListItem","position":3,"name":"H\u0130DROK\u0130NON"}]},{"@type":"WebSite","@id":"https:\/\/akerkimya.com\/eticaret\/#website","url":"https:\/\/akerkimya.com\/eticaret\/","name":"Akerkimya","description":"","potentialAction":[{"@type":"SearchAction","target":{"@type":"EntryPoint","urlTemplate":"https:\/\/akerkimya.com\/eticaret\/?s={search_term_string}"},"query-input":"required name=search_term_string"}],"inLanguage":"tr"}]}},"_links":{"self":[{"href":"https:\/\/akerkimya.com\/eticaret\/wp-json\/wp\/v2\/product\/17534","targetHints":{"allow":["GET"]}}],"collection":[{"href":"https:\/\/akerkimya.com\/eticaret\/wp-json\/wp\/v2\/product"}],"about":[{"href":"https:\/\/akerkimya.com\/eticaret\/wp-json\/wp\/v2\/types\/product"}],"replies":[{"embeddable":true,"href":"https:\/\/akerkimya.com\/eticaret\/wp-json\/wp\/v2\/comments?post=17534"}],"version-history":[{"count":1,"href":"https:\/\/akerkimya.com\/eticaret\/wp-json\/wp\/v2\/product\/17534\/revisions"}],"predecessor-version":[{"id":17540,"href":"https:\/\/akerkimya.com\/eticaret\/wp-json\/wp\/v2\/product\/17534\/revisions\/17540"}],"wp:featuredmedia":[{"embeddable":true,"href":"https:\/\/akerkimya.com\/eticaret\/wp-json\/wp\/v2\/media\/17536"}],"wp:attachment":[{"href":"https:\/\/akerkimya.com\/eticaret\/wp-json\/wp\/v2\/media?parent=17534"}],"wp:term":[{"taxonomy":"product_cat","embeddable":true,"href":"https:\/\/akerkimya.com\/eticaret\/wp-json\/wp\/v2\/product_cat?post=17534"},{"taxonomy":"product_tag","embeddable":true,"href":"https:\/\/akerkimya.com\/eticaret\/wp-json\/wp\/v2\/product_tag?post=17534"}],"curies":[{"name":"wp","href":"https:\/\/api.w.org\/{rel}","templated":true}]}}