{"id":17541,"date":"2025-01-04T01:31:51","date_gmt":"2025-01-03T22:31:51","guid":{"rendered":"https:\/\/akerkimya.com\/eticaret\/?post_type=product&#038;p=17541"},"modified":"2026-05-16T12:03:22","modified_gmt":"2026-05-16T09:03:22","slug":"hint-yagi","status":"publish","type":"product","link":"https:\/\/akerkimya.com\/eticaret\/urun\/hint-yagi\/","title":{"rendered":"H\u0130ND\u0130STAN CEV\u0130Z\u0130 YA\u011eI"},"content":{"rendered":"<h1>H\u0130ND\u0130STAN CEV\u0130Z\u0130 YA\u011eI<\/h1>\n<p><strong>Hint ya\u011f\u0131, C57H104O9 molek\u00fcler form\u00fcl\u00fcne sahip, end\u00fcstriyel olarak hint fasulyesi tohumlar\u0131n\u0131n preslenip sonras\u0131nda \u00e7\u00f6z\u00fcc\u00fclerle ayr\u0131\u015ft\u0131r\u0131lmas\u0131yla elde edilir. <\/strong><\/p>\n<p><strong>Bu i\u015flemler, ya\u011f\u0131n safl\u0131\u011f\u0131n\u0131 korur ve biyolojik aktif bile\u015fenlerini muhafaza eder.<\/strong><\/p>\n<p><strong>Tohumlar\u0131ndan elde edilen ya\u011f\u0131n bile\u015fimini \u00f6zellikle Ricinoleik asit olu\u015fturur. <\/strong><\/p>\n<p><strong>Anavatan\u0131 Hindistan olup, Akdeniz ikliminin g\u00f6r\u00fcld\u00fc\u011f\u00fc b\u00f6lgelerde yeti\u015fir.<\/strong><\/p>\n<p><strong>\u00a0<\/strong><\/p>\n<p><strong>HH\u0130ND\u0130STAN CEV\u0130Z\u0130 YA\u011eI \u00d6ZELL\u0130KLER\u0130<\/strong><\/p>\n<p><strong>Hafif kokulu veya hi\u00e7 kokusu olmayan bir maddedir.<\/strong><\/p>\n<p><strong>Soluk sar\u0131 renkte ya da neredeyse \u015feffaf viskoz bir s\u0131v\u0131d\u0131r. <\/strong><\/p>\n<p><strong>Yumu\u015fak bir tada sahip, u\u00e7ucu olmayan ve kurumayan bir ya\u011fd\u0131r.<\/strong><\/p>\n<p><strong>Y\u00fcksek derecede kayganl\u0131k sa\u011flamaktad\u0131r. <\/strong><\/p>\n<p><strong>Ayn\u0131 zamanda y\u00fcksek viskoziteye sahiptir.<\/strong><\/p>\n<p><strong>\u00a0<\/strong><\/p>\n<p><strong>TEKN\u0130K \u00d6ZELL\u0130KLER\u0130<\/strong><\/p>\n<p><strong>CAS NUMARASI: 8001-79-4<\/strong><\/p>\n<p><strong>EC NUMARASI: 232-293-8<\/strong><\/p>\n<p><strong>MOLEK\u00dcLER FORM\u00dcL: C57H104O9<\/strong><\/p>\n<p><strong>K\u0130MYASAL \u0130SM\u0130: Hint ya\u011f\u0131, Ricinus communis, Tohum ya\u011f\u0131, Tokoferol<\/strong><\/p>\n<p><strong>BOTAN\u0130K \u0130SM\u0130:\u00a0 Ricinus Communis<\/strong><\/p>\n<p><strong>MOLAR K\u00dcTLE: 933,61<\/strong><\/p>\n<p><strong>YO\u011eUNLUK: 0.961 g \/ cm3<\/strong><\/p>\n<p><strong>KAYNAMA NOKTASI: 313 \u00b0 C<\/strong><\/p>\n<p><strong>SUDA \u00c7\u00d6Z\u00dcN\u00dcRL\u00dcK: Tamamen kar\u0131\u015fabilir<\/strong><\/p>\n<p><strong>\u00a0<\/strong><\/p>\n<p><strong>\u00a0<\/strong><\/p>\n<p><strong>KULLANIM ALANLARI <\/strong><\/p>\n<p><strong>Kozmetik, \u0130la\u00e7 ve sa\u011fl\u0131k sekt\u00f6r\u00fcnde \u00e7ok\u00e7a kullan\u0131lan bir maddedir. <\/strong><\/p>\n<p><strong>Ciltte olu\u015fan kuruluk, k\u0131r\u0131\u015f\u0131kl\u0131l\u0131k gibi sorunlar\u0131 \u00e7\u00f6z\u00fcm\u00fcnde kullan\u0131lmaktad\u0131r.<\/strong><\/p>\n<p><strong>Ciltte Kollajen \u00fcretimini artt\u0131r\u0131r<\/strong><\/p>\n<p><strong>Sivilce, akne, siyah nokta ve yara izlerini yok etmek i\u00e7in kullan\u0131l\u0131r. <\/strong><\/p>\n<p><strong>Cans\u0131z, sa\u011fl\u0131ks\u0131z ve k\u0131r\u0131lan t\u0131rnaklar\u0131n canl\u0131l\u0131\u011f\u0131n\u0131 sa\u011flar.<\/strong><\/p>\n<p><strong>Sa\u00e7 ve kirpik d\u00f6k\u00fclmesini \u00f6nler ve sa\u00e7k\u0131ran tedavisinde faydal\u0131d\u0131r. <\/strong><\/p>\n<p><strong>Ciltteki yaralar\u0131n ve iltihaplanmalar\u0131n iyile\u015fmesini destekler. <\/strong><\/p>\n<p><strong>Sa\u00e7lar\u0131n uzamas\u0131n\u0131 ve g\u00fc\u00e7lenmesini destekler. Ayr\u0131ca, sa\u00e7lar\u0131n daha parlak ve sa\u011fl\u0131kl\u0131 g\u00f6r\u00fcnmesini sa\u011flar.<\/strong><\/p>\n<p><strong>Rujlar, ojeler ve \u015fampuanlarda dolgu maddesi hint ya\u011f\u0131&#8217;d\u0131r.<\/strong><\/p>\n<p><strong>Parf\u00fcmlerin imalat\u0131nda em\u00fclgat\u00f6r olarak hint ya\u011f\u0131 kullan\u0131lmaktad\u0131r.<\/strong><\/p>\n<p><strong>Bebekler i\u00e7in pi\u015fik \u00f6nleyici kremlerde de katk\u0131 maddesi olarak bulunur<\/strong><\/p>\n<p><strong>M\u00fcshil olarak kullan\u0131l\u0131r. \u0130nce ba\u011f\u0131rsaklara etki ederek kab\u0131zl\u0131\u011f\u0131 giderir.<\/strong><\/p>\n<p><strong>Ayr\u0131ca do\u011fru \u015fartlarda kullan\u0131ld\u0131\u011f\u0131nda karaci\u011fere iyi geldi\u011fi d\u00fc\u015f\u00fcn\u00fcl\u00fcr.<\/strong><\/p>\n<p><strong>Bakteri ve mantarlar\u0131n olu\u015fumunu engellemek i\u00e7in merhem olarak kullan\u0131labilir. <\/strong><\/p>\n<p><strong>Aids ve kanser gibi hastal\u0131k tedavisinde kullan\u0131lan ila\u00e7larda kullan\u0131l\u0131r.<\/strong><\/p>\n<p><strong>T\u00fcmor olu\u015fumunu engelleyici etkisi bulunmaktad\u0131r.<\/strong><\/p>\n<p><strong>Vitamin ve Mineral tabletlerde kullan\u0131lan koruyucu kimyasallar\u0131n imalat\u0131nda bir bile\u015fen olarak hint ya\u011f\u0131 kullan\u0131l\u0131r.<\/strong><\/p>\n<p><strong>Yaralara hint ya\u011f\u0131 uygulamak, iyile\u015fmeyi destekleyen ve yaralar\u0131n kurumas\u0131n\u0131 \u00f6nleyen nemli bir ortam yarat\u0131r.<\/strong><\/p>\n<p><strong>G\u0131da ve sanayi end\u00fcstrisinde de kullan\u0131m alanlar\u0131 mevcuttur. <\/strong><\/p>\n<p><strong>G\u0131daya uygun hint ya\u011f\u0131, g\u0131da katk\u0131 maddelerinde, tatland\u0131r\u0131c\u0131larda, \u015fekerlemede, paketlemede kullan\u0131l\u0131r.<\/strong><\/p>\n<p><strong>Pirin\u00e7, bu\u011fday ve bakliyatlar\u0131n \u00e7\u00fcr\u00fcmesini durdurur.<\/strong><\/p>\n<p><strong>\u015eeker kal\u0131plar\u0131nda yap\u0131\u015fmay\u0131 \u00f6nlemek i\u00e7in kullan\u0131l\u0131r.<\/strong><\/p>\n<p><strong>Elektrik yal\u0131t\u0131m malzemelerinde kullan\u0131lmaktad\u0131r.<\/strong><\/p>\n<p><strong>Zor \u0131s\u0131nd\u0131\u011f\u0131ndan motor ya\u011f\u0131 olarak da kullan\u0131l\u0131r. <\/strong><\/p>\n<p><strong>Sanayide sabun yap\u0131m\u0131nda ve dericilikte, kullan\u0131lan bir maddedir. <\/strong><\/p>\n<p><strong>Hint ya\u011f\u0131n\u0131n di\u011fer bitkisel ya\u011flara g\u00f6re y\u00fcksek s\u0131cakl\u0131klarda \u00e7ok daha az bozunur. Bu \u00f6zelli\u011finden dolay\u0131 biyodizel olarak da kullan\u0131m i\u00e7in olduk\u00e7a uygundur.<\/strong><\/p>\n<p><strong>Hint ya\u011f\u0131 i\u00e7erdi\u011fi \u00f6zel hidroksi grubu dolay\u0131s\u0131yla poli\u00fcretan end\u00fcstrisinde poliol \u00fcretiminde kullan\u0131l\u0131r. <\/strong><\/p>\n<p><strong>Ayr\u0131ca epoksi, lityum sabunu gibi bir\u00e7ok kimyasal\u0131n \u00fcretiminde hammadde durumundad\u0131r.<\/strong><\/p>\n<p><strong>Hint ya\u011f\u0131 baz\u0131 g\u0131da \u00fcr\u00fcnlerinin imalat\u0131nda yap\u0131\u015fmay\u0131 \u00f6nleyici olarak ya\u011flay\u0131c\u0131lar ve ya\u011flay\u0131c\u0131 katk\u0131 maddelerinin imalat\u0131nda kullan\u0131lmaktad\u0131r.<\/strong><\/p>\n<p><strong>Boya katk\u0131lar\u0131 ve kaplama katk\u0131 kimyasallar\u0131n\u0131n imalat\u0131nda kullan\u0131lmaktad\u0131r.<\/strong><\/p>\n<p><strong>\u00a0<\/strong><\/p>\n<p><strong>\u00a0<\/strong><\/p>\n<p><strong>AMBALAJ<\/strong><\/p>\n<p><strong>250-500 gram, 30 kg bidonlar halinde <\/strong><\/p>\n<p><strong>\u00a0<\/strong><\/p>\n<p><strong>DEPOLAMA<\/strong><\/p>\n<p><strong>Serin ve kuru yerde muhafaza edilmelidir. \u00dcr\u00fcn kullan\u0131ld\u0131ktan sonra torba a\u011fz\u0131 a\u00e7\u0131k b\u0131rak\u0131lmamal\u0131d\u0131r.<\/strong><\/p>\n","protected":false},"excerpt":{"rendered":"<p>H\u0130ND\u0130STAN CEV\u0130Z\u0130 YA\u011eI Hint ya\u011f\u0131, C57H104O9 molek\u00fcler form\u00fcl\u00fcne sahip, end\u00fcstriyel olarak hint fasulyesi tohumlar\u0131n\u0131n preslenip sonras\u0131nda \u00e7\u00f6z\u00fcc\u00fclerle ayr\u0131\u015ft\u0131r\u0131lmas\u0131yla elde edilir.<\/p>\n","protected":false},"featured_media":17542,"comment_status":"open","ping_status":"closed","template":"","meta":{"_joinchat":[]},"product_cat":[74,76,80],"product_tag":[],"class_list":{"0":"post-17541","1":"product","2":"type-product","3":"status-publish","4":"has-post-thumbnail","6":"product_cat-deterjan-ve-kozmetik-kimyasallari","7":"product_cat-gida-ve-katki-kimyasallari","8":"product_cat-veteriner-ve-ilac-kimyasallari","10":"first","11":"instock","12":"shipping-taxable","13":"purchasable","14":"product-type-variable"},"yoast_head":"<!-- This site is optimized with the Yoast SEO Premium plugin v20.2.1 (Yoast SEO v20.2.1) - https:\/\/yoast.com\/wordpress\/plugins\/seo\/ -->\n<title>H\u0130ND\u0130STAN CEV\u0130Z\u0130 YA\u011eI - Akerkimya<\/title>\n<meta name=\"robots\" content=\"index, follow, max-snippet:-1, max-image-preview:large, max-video-preview:-1\" \/>\n<link rel=\"canonical\" href=\"https:\/\/akerkimya.com\/eticaret\/urun\/hint-yagi\/\" \/>\n<meta property=\"og:locale\" content=\"tr_TR\" \/>\n<meta property=\"og:type\" content=\"article\" \/>\n<meta property=\"og:title\" content=\"H\u0130ND\u0130STAN CEV\u0130Z\u0130 YA\u011eI\" \/>\n<meta property=\"og:description\" content=\"H\u0130ND\u0130STAN CEV\u0130Z\u0130 YA\u011eI Hint ya\u011f\u0131, C57H104O9 molek\u00fcler form\u00fcl\u00fcne sahip, end\u00fcstriyel olarak hint fasulyesi tohumlar\u0131n\u0131n preslenip sonras\u0131nda \u00e7\u00f6z\u00fcc\u00fclerle ayr\u0131\u015ft\u0131r\u0131lmas\u0131yla elde edilir.\" \/>\n<meta property=\"og:url\" content=\"https:\/\/akerkimya.com\/eticaret\/urun\/hint-yagi\/\" \/>\n<meta property=\"og:site_name\" content=\"Akerkimya\" \/>\n<meta property=\"article:modified_time\" content=\"2026-05-16T09:03:22+00:00\" \/>\n<meta property=\"og:image\" content=\"https:\/\/akerkimya.com\/eticaret\/wp-content\/uploads\/2025\/01\/HINT-YAGI-GUNCEL.png\" \/>\n\t<meta property=\"og:image:width\" content=\"1000\" \/>\n\t<meta property=\"og:image:height\" content=\"1000\" \/>\n\t<meta property=\"og:image:type\" content=\"image\/png\" \/>\n<meta name=\"twitter:card\" content=\"summary_large_image\" \/>\n<meta name=\"twitter:label1\" content=\"Tahmini okuma s\u00fcresi\" \/>\n\t<meta name=\"twitter:data1\" content=\"3 dakika\" \/>\n<script type=\"application\/ld+json\" class=\"yoast-schema-graph\">{\"@context\":\"https:\/\/schema.org\",\"@graph\":[{\"@type\":\"WebPage\",\"@id\":\"https:\/\/akerkimya.com\/eticaret\/urun\/hint-yagi\/\",\"url\":\"https:\/\/akerkimya.com\/eticaret\/urun\/hint-yagi\/\",\"name\":\"H\u0130ND\u0130STAN CEV\u0130Z\u0130 YA\u011eI - Akerkimya\",\"isPartOf\":{\"@id\":\"https:\/\/akerkimya.com\/eticaret\/#website\"},\"datePublished\":\"2025-01-03T22:31:51+00:00\",\"dateModified\":\"2026-05-16T09:03:22+00:00\",\"breadcrumb\":{\"@id\":\"https:\/\/akerkimya.com\/eticaret\/urun\/hint-yagi\/#breadcrumb\"},\"inLanguage\":\"tr\",\"potentialAction\":[{\"@type\":\"ReadAction\",\"target\":[\"https:\/\/akerkimya.com\/eticaret\/urun\/hint-yagi\/\"]}]},{\"@type\":\"BreadcrumbList\",\"@id\":\"https:\/\/akerkimya.com\/eticaret\/urun\/hint-yagi\/#breadcrumb\",\"itemListElement\":[{\"@type\":\"ListItem\",\"position\":1,\"name\":\"Home\",\"item\":\"https:\/\/akerkimya.com\/eticaret\/\"},{\"@type\":\"ListItem\",\"position\":2,\"name\":\"Market\",\"item\":\"https:\/\/akerkimya.com\/eticaret\/market\/\"},{\"@type\":\"ListItem\",\"position\":3,\"name\":\"H\u0130ND\u0130STAN CEV\u0130Z\u0130 YA\u011eI\"}]},{\"@type\":\"WebSite\",\"@id\":\"https:\/\/akerkimya.com\/eticaret\/#website\",\"url\":\"https:\/\/akerkimya.com\/eticaret\/\",\"name\":\"Akerkimya\",\"description\":\"\",\"potentialAction\":[{\"@type\":\"SearchAction\",\"target\":{\"@type\":\"EntryPoint\",\"urlTemplate\":\"https:\/\/akerkimya.com\/eticaret\/?s={search_term_string}\"},\"query-input\":\"required name=search_term_string\"}],\"inLanguage\":\"tr\"}]}<\/script>\n<!-- \/ Yoast SEO Premium plugin. -->","yoast_head_json":{"title":"H\u0130ND\u0130STAN CEV\u0130Z\u0130 YA\u011eI - Akerkimya","robots":{"index":"index","follow":"follow","max-snippet":"max-snippet:-1","max-image-preview":"max-image-preview:large","max-video-preview":"max-video-preview:-1"},"canonical":"https:\/\/akerkimya.com\/eticaret\/urun\/hint-yagi\/","og_locale":"tr_TR","og_type":"article","og_title":"H\u0130ND\u0130STAN CEV\u0130Z\u0130 YA\u011eI","og_description":"H\u0130ND\u0130STAN CEV\u0130Z\u0130 YA\u011eI Hint ya\u011f\u0131, C57H104O9 molek\u00fcler form\u00fcl\u00fcne sahip, end\u00fcstriyel olarak hint fasulyesi tohumlar\u0131n\u0131n preslenip sonras\u0131nda \u00e7\u00f6z\u00fcc\u00fclerle ayr\u0131\u015ft\u0131r\u0131lmas\u0131yla elde edilir.","og_url":"https:\/\/akerkimya.com\/eticaret\/urun\/hint-yagi\/","og_site_name":"Akerkimya","article_modified_time":"2026-05-16T09:03:22+00:00","og_image":[{"width":1000,"height":1000,"url":"https:\/\/akerkimya.com\/eticaret\/wp-content\/uploads\/2025\/01\/HINT-YAGI-GUNCEL.png","type":"image\/png"}],"twitter_card":"summary_large_image","twitter_misc":{"Tahmini okuma s\u00fcresi":"3 dakika"},"schema":{"@context":"https:\/\/schema.org","@graph":[{"@type":"WebPage","@id":"https:\/\/akerkimya.com\/eticaret\/urun\/hint-yagi\/","url":"https:\/\/akerkimya.com\/eticaret\/urun\/hint-yagi\/","name":"H\u0130ND\u0130STAN CEV\u0130Z\u0130 YA\u011eI - Akerkimya","isPartOf":{"@id":"https:\/\/akerkimya.com\/eticaret\/#website"},"datePublished":"2025-01-03T22:31:51+00:00","dateModified":"2026-05-16T09:03:22+00:00","breadcrumb":{"@id":"https:\/\/akerkimya.com\/eticaret\/urun\/hint-yagi\/#breadcrumb"},"inLanguage":"tr","potentialAction":[{"@type":"ReadAction","target":["https:\/\/akerkimya.com\/eticaret\/urun\/hint-yagi\/"]}]},{"@type":"BreadcrumbList","@id":"https:\/\/akerkimya.com\/eticaret\/urun\/hint-yagi\/#breadcrumb","itemListElement":[{"@type":"ListItem","position":1,"name":"Home","item":"https:\/\/akerkimya.com\/eticaret\/"},{"@type":"ListItem","position":2,"name":"Market","item":"https:\/\/akerkimya.com\/eticaret\/market\/"},{"@type":"ListItem","position":3,"name":"H\u0130ND\u0130STAN CEV\u0130Z\u0130 YA\u011eI"}]},{"@type":"WebSite","@id":"https:\/\/akerkimya.com\/eticaret\/#website","url":"https:\/\/akerkimya.com\/eticaret\/","name":"Akerkimya","description":"","potentialAction":[{"@type":"SearchAction","target":{"@type":"EntryPoint","urlTemplate":"https:\/\/akerkimya.com\/eticaret\/?s={search_term_string}"},"query-input":"required name=search_term_string"}],"inLanguage":"tr"}]}},"_links":{"self":[{"href":"https:\/\/akerkimya.com\/eticaret\/wp-json\/wp\/v2\/product\/17541","targetHints":{"allow":["GET"]}}],"collection":[{"href":"https:\/\/akerkimya.com\/eticaret\/wp-json\/wp\/v2\/product"}],"about":[{"href":"https:\/\/akerkimya.com\/eticaret\/wp-json\/wp\/v2\/types\/product"}],"replies":[{"embeddable":true,"href":"https:\/\/akerkimya.com\/eticaret\/wp-json\/wp\/v2\/comments?post=17541"}],"version-history":[{"count":3,"href":"https:\/\/akerkimya.com\/eticaret\/wp-json\/wp\/v2\/product\/17541\/revisions"}],"predecessor-version":[{"id":18512,"href":"https:\/\/akerkimya.com\/eticaret\/wp-json\/wp\/v2\/product\/17541\/revisions\/18512"}],"wp:featuredmedia":[{"embeddable":true,"href":"https:\/\/akerkimya.com\/eticaret\/wp-json\/wp\/v2\/media\/17542"}],"wp:attachment":[{"href":"https:\/\/akerkimya.com\/eticaret\/wp-json\/wp\/v2\/media?parent=17541"}],"wp:term":[{"taxonomy":"product_cat","embeddable":true,"href":"https:\/\/akerkimya.com\/eticaret\/wp-json\/wp\/v2\/product_cat?post=17541"},{"taxonomy":"product_tag","embeddable":true,"href":"https:\/\/akerkimya.com\/eticaret\/wp-json\/wp\/v2\/product_tag?post=17541"}],"curies":[{"name":"wp","href":"https:\/\/api.w.org\/{rel}","templated":true}]}}