{"id":17549,"date":"2025-01-04T01:35:43","date_gmt":"2025-01-03T22:35:43","guid":{"rendered":"https:\/\/akerkimya.com\/eticaret\/?post_type=product&#038;p=17549"},"modified":"2026-03-30T02:23:07","modified_gmt":"2026-03-29T23:23:07","slug":"indigo-carmine-gida-boyasi","status":"publish","type":"product","link":"https:\/\/akerkimya.com\/eticaret\/urun\/indigo-carmine-gida-boyasi\/","title":{"rendered":"\u0130ND\u0130GO CARM\u0130NE (GIDA BOYASI)"},"content":{"rendered":"<h1>\u0130ND\u0130GO CARM\u0130NE (GIDA BOYASI)<\/h1>\n<p><strong>\u0130ndigo carmin, C16H8N2Na2O8S2 kimyasal form\u00fcl\u00fcne sahip sentetik g\u0131da boyas\u0131d\u0131r. \u0130ndigo meyvesinden elde edilir. G\u0131da end\u00fcstrisinde renklendirme amac\u0131yla kullan\u0131l\u0131r.<\/strong><\/p>\n<p><strong>\u00a0<\/strong><\/p>\n<p><strong>\u0130ND\u0130GO CARM\u0130NE \u00d6ZELL\u0130KLER\u0130<\/strong><\/p>\n<p><strong>Toz formunda mavi renktedir. Kokusuzdur. <\/strong><\/p>\n<p><strong>Suda \u00e7\u00f6z\u00fcn\u00fcr.<\/strong><\/p>\n<p><strong>I\u015f\u0131\u011fa ve oksitleyicilere kar\u015f\u0131 hassast\u0131r.<\/strong><\/p>\n<p><strong>\u00a0<\/strong><\/p>\n<p><strong>TEKN\u0130K \u00d6ZELL\u0130KLER\u0130<\/strong><\/p>\n<p><strong>CASNUMARASI: 860-22-0<\/strong><\/p>\n<p><strong>MOLEK\u00dcLER FORM\u00dcL: C16H8N2Na2O8S2<\/strong><\/p>\n<p><strong>E GIDA KODU: E132<\/strong><\/p>\n<p><strong>K\u0130MYASAL \u0130SM\u0130: \u0130ndigo Carmine <\/strong><\/p>\n<p><strong>T\u0130CAR\u0130 \u0130SM\u0130: Mavi g\u0131da boyas\u0131 <\/strong><\/p>\n<p><strong>MOLEK\u00dcL A\u011eIRLI\u011eI: 466.36 gr\/mol<\/strong><\/p>\n<p><strong>PH ARALI\u011eI: 8-9<\/strong><\/p>\n<p><strong>YO\u011eUNLU\u011eU: 0.80 gr\/cm\u00b3<\/strong><\/p>\n<p><strong>\u00a0<\/strong><\/p>\n<p><strong>KULLANIM ALANLARI<\/strong><\/p>\n<p><strong>G\u0131da sekt\u00f6r\u00fcnde, \u015fekerlemeler, dondurmalar, j\u00f6leler, marmelatlar, baz\u0131 meyve sular\u0131, pastalar, bisk\u00fcviler gibi bir\u00e7ok \u00fcr\u00fcnde kullan\u0131l\u0131r.<\/strong><\/p>\n<p><strong>Kaps\u00fcl \u00fcretiminde boya olarak kullan\u0131l\u0131r.<\/strong><\/p>\n<p><strong>Katyonik pamuklu kuma\u015flarda boya olarak kullan\u0131l\u0131r.<\/strong><\/p>\n<p><strong>Kozmetik sekt\u00f6r\u00fcnde, oje, far, \u015fampuan vb. \u00fcr\u00fcnlerin renklendirilmesinde kullan\u0131l\u0131r.<\/strong><\/p>\n<p><strong>\u00a0<\/strong><\/p>\n<p><strong>AMBALAJ<\/strong><\/p>\n<p><strong>100-250-500 gram ve 1 kg torbalar halinde<\/strong><\/p>\n<p><strong>\u00a0<\/strong><\/p>\n<p><strong>DEPOLAMA <\/strong><\/p>\n<p><strong>Serin ve nem olmayan bir alanda muhafaza edilmelidir.<\/strong><\/p>\n","protected":false},"excerpt":{"rendered":"<p>\u0130ND\u0130GO CARM\u0130NE (GIDA BOYASI) \u0130ndigo carmin, C16H8N2Na2O8S2 kimyasal form\u00fcl\u00fcne sahip sentetik g\u0131da boyas\u0131d\u0131r. \u0130ndigo meyvesinden elde edilir. G\u0131da end\u00fcstrisinde renklendirme<\/p>\n","protected":false},"featured_media":17550,"comment_status":"open","ping_status":"closed","template":"","meta":{"_joinchat":[]},"product_cat":[74,76],"product_tag":[],"class_list":{"0":"post-17549","1":"product","2":"type-product","3":"status-publish","4":"has-post-thumbnail","6":"product_cat-deterjan-ve-kozmetik-kimyasallari","7":"product_cat-gida-ve-katki-kimyasallari","9":"first","10":"instock","11":"shipping-taxable","12":"purchasable","13":"product-type-variable"},"yoast_head":"<!-- This site is optimized with the Yoast SEO Premium plugin v20.2.1 (Yoast SEO v20.2.1) - https:\/\/yoast.com\/wordpress\/plugins\/seo\/ -->\n<title>\u0130ND\u0130GO CARM\u0130NE (GIDA BOYASI) - Akerkimya<\/title>\n<meta name=\"robots\" content=\"index, follow, max-snippet:-1, max-image-preview:large, max-video-preview:-1\" \/>\n<link rel=\"canonical\" href=\"https:\/\/akerkimya.com\/eticaret\/urun\/indigo-carmine-gida-boyasi\/\" \/>\n<meta property=\"og:locale\" content=\"tr_TR\" \/>\n<meta property=\"og:type\" content=\"article\" \/>\n<meta property=\"og:title\" content=\"\u0130ND\u0130GO CARM\u0130NE (GIDA BOYASI)\" \/>\n<meta property=\"og:description\" content=\"\u0130ND\u0130GO CARM\u0130NE (GIDA BOYASI) \u0130ndigo carmin, C16H8N2Na2O8S2 kimyasal form\u00fcl\u00fcne sahip sentetik g\u0131da boyas\u0131d\u0131r. \u0130ndigo meyvesinden elde edilir. G\u0131da end\u00fcstrisinde renklendirme\" \/>\n<meta property=\"og:url\" content=\"https:\/\/akerkimya.com\/eticaret\/urun\/indigo-carmine-gida-boyasi\/\" \/>\n<meta property=\"og:site_name\" content=\"Akerkimya\" \/>\n<meta property=\"article:modified_time\" content=\"2026-03-29T23:23:07+00:00\" \/>\n<meta property=\"og:image\" content=\"https:\/\/akerkimya.com\/eticaret\/wp-content\/uploads\/2025\/01\/INDIGO-CARMINE-GIDA-BOYASI-GUNCEL-.png\" \/>\n\t<meta property=\"og:image:width\" content=\"1000\" \/>\n\t<meta property=\"og:image:height\" content=\"1000\" \/>\n\t<meta property=\"og:image:type\" content=\"image\/png\" \/>\n<meta name=\"twitter:card\" content=\"summary_large_image\" \/>\n<meta name=\"twitter:label1\" content=\"Tahmini okuma s\u00fcresi\" \/>\n\t<meta name=\"twitter:data1\" content=\"1 dakika\" \/>\n<script type=\"application\/ld+json\" class=\"yoast-schema-graph\">{\"@context\":\"https:\/\/schema.org\",\"@graph\":[{\"@type\":\"WebPage\",\"@id\":\"https:\/\/akerkimya.com\/eticaret\/urun\/indigo-carmine-gida-boyasi\/\",\"url\":\"https:\/\/akerkimya.com\/eticaret\/urun\/indigo-carmine-gida-boyasi\/\",\"name\":\"\u0130ND\u0130GO CARM\u0130NE (GIDA BOYASI) - Akerkimya\",\"isPartOf\":{\"@id\":\"https:\/\/akerkimya.com\/eticaret\/#website\"},\"datePublished\":\"2025-01-03T22:35:43+00:00\",\"dateModified\":\"2026-03-29T23:23:07+00:00\",\"breadcrumb\":{\"@id\":\"https:\/\/akerkimya.com\/eticaret\/urun\/indigo-carmine-gida-boyasi\/#breadcrumb\"},\"inLanguage\":\"tr\",\"potentialAction\":[{\"@type\":\"ReadAction\",\"target\":[\"https:\/\/akerkimya.com\/eticaret\/urun\/indigo-carmine-gida-boyasi\/\"]}]},{\"@type\":\"BreadcrumbList\",\"@id\":\"https:\/\/akerkimya.com\/eticaret\/urun\/indigo-carmine-gida-boyasi\/#breadcrumb\",\"itemListElement\":[{\"@type\":\"ListItem\",\"position\":1,\"name\":\"Home\",\"item\":\"https:\/\/akerkimya.com\/eticaret\/\"},{\"@type\":\"ListItem\",\"position\":2,\"name\":\"Market\",\"item\":\"https:\/\/akerkimya.com\/eticaret\/market\/\"},{\"@type\":\"ListItem\",\"position\":3,\"name\":\"\u0130ND\u0130GO CARM\u0130NE (GIDA BOYASI)\"}]},{\"@type\":\"WebSite\",\"@id\":\"https:\/\/akerkimya.com\/eticaret\/#website\",\"url\":\"https:\/\/akerkimya.com\/eticaret\/\",\"name\":\"Akerkimya\",\"description\":\"\",\"potentialAction\":[{\"@type\":\"SearchAction\",\"target\":{\"@type\":\"EntryPoint\",\"urlTemplate\":\"https:\/\/akerkimya.com\/eticaret\/?s={search_term_string}\"},\"query-input\":\"required name=search_term_string\"}],\"inLanguage\":\"tr\"}]}<\/script>\n<!-- \/ Yoast SEO Premium plugin. -->","yoast_head_json":{"title":"\u0130ND\u0130GO CARM\u0130NE (GIDA BOYASI) - Akerkimya","robots":{"index":"index","follow":"follow","max-snippet":"max-snippet:-1","max-image-preview":"max-image-preview:large","max-video-preview":"max-video-preview:-1"},"canonical":"https:\/\/akerkimya.com\/eticaret\/urun\/indigo-carmine-gida-boyasi\/","og_locale":"tr_TR","og_type":"article","og_title":"\u0130ND\u0130GO CARM\u0130NE (GIDA BOYASI)","og_description":"\u0130ND\u0130GO CARM\u0130NE (GIDA BOYASI) \u0130ndigo carmin, C16H8N2Na2O8S2 kimyasal form\u00fcl\u00fcne sahip sentetik g\u0131da boyas\u0131d\u0131r. \u0130ndigo meyvesinden elde edilir. G\u0131da end\u00fcstrisinde renklendirme","og_url":"https:\/\/akerkimya.com\/eticaret\/urun\/indigo-carmine-gida-boyasi\/","og_site_name":"Akerkimya","article_modified_time":"2026-03-29T23:23:07+00:00","og_image":[{"width":1000,"height":1000,"url":"https:\/\/akerkimya.com\/eticaret\/wp-content\/uploads\/2025\/01\/INDIGO-CARMINE-GIDA-BOYASI-GUNCEL-.png","type":"image\/png"}],"twitter_card":"summary_large_image","twitter_misc":{"Tahmini okuma s\u00fcresi":"1 dakika"},"schema":{"@context":"https:\/\/schema.org","@graph":[{"@type":"WebPage","@id":"https:\/\/akerkimya.com\/eticaret\/urun\/indigo-carmine-gida-boyasi\/","url":"https:\/\/akerkimya.com\/eticaret\/urun\/indigo-carmine-gida-boyasi\/","name":"\u0130ND\u0130GO CARM\u0130NE (GIDA BOYASI) - Akerkimya","isPartOf":{"@id":"https:\/\/akerkimya.com\/eticaret\/#website"},"datePublished":"2025-01-03T22:35:43+00:00","dateModified":"2026-03-29T23:23:07+00:00","breadcrumb":{"@id":"https:\/\/akerkimya.com\/eticaret\/urun\/indigo-carmine-gida-boyasi\/#breadcrumb"},"inLanguage":"tr","potentialAction":[{"@type":"ReadAction","target":["https:\/\/akerkimya.com\/eticaret\/urun\/indigo-carmine-gida-boyasi\/"]}]},{"@type":"BreadcrumbList","@id":"https:\/\/akerkimya.com\/eticaret\/urun\/indigo-carmine-gida-boyasi\/#breadcrumb","itemListElement":[{"@type":"ListItem","position":1,"name":"Home","item":"https:\/\/akerkimya.com\/eticaret\/"},{"@type":"ListItem","position":2,"name":"Market","item":"https:\/\/akerkimya.com\/eticaret\/market\/"},{"@type":"ListItem","position":3,"name":"\u0130ND\u0130GO CARM\u0130NE (GIDA BOYASI)"}]},{"@type":"WebSite","@id":"https:\/\/akerkimya.com\/eticaret\/#website","url":"https:\/\/akerkimya.com\/eticaret\/","name":"Akerkimya","description":"","potentialAction":[{"@type":"SearchAction","target":{"@type":"EntryPoint","urlTemplate":"https:\/\/akerkimya.com\/eticaret\/?s={search_term_string}"},"query-input":"required name=search_term_string"}],"inLanguage":"tr"}]}},"_links":{"self":[{"href":"https:\/\/akerkimya.com\/eticaret\/wp-json\/wp\/v2\/product\/17549","targetHints":{"allow":["GET"]}}],"collection":[{"href":"https:\/\/akerkimya.com\/eticaret\/wp-json\/wp\/v2\/product"}],"about":[{"href":"https:\/\/akerkimya.com\/eticaret\/wp-json\/wp\/v2\/types\/product"}],"replies":[{"embeddable":true,"href":"https:\/\/akerkimya.com\/eticaret\/wp-json\/wp\/v2\/comments?post=17549"}],"version-history":[{"count":1,"href":"https:\/\/akerkimya.com\/eticaret\/wp-json\/wp\/v2\/product\/17549\/revisions"}],"predecessor-version":[{"id":17555,"href":"https:\/\/akerkimya.com\/eticaret\/wp-json\/wp\/v2\/product\/17549\/revisions\/17555"}],"wp:featuredmedia":[{"embeddable":true,"href":"https:\/\/akerkimya.com\/eticaret\/wp-json\/wp\/v2\/media\/17550"}],"wp:attachment":[{"href":"https:\/\/akerkimya.com\/eticaret\/wp-json\/wp\/v2\/media?parent=17549"}],"wp:term":[{"taxonomy":"product_cat","embeddable":true,"href":"https:\/\/akerkimya.com\/eticaret\/wp-json\/wp\/v2\/product_cat?post=17549"},{"taxonomy":"product_tag","embeddable":true,"href":"https:\/\/akerkimya.com\/eticaret\/wp-json\/wp\/v2\/product_tag?post=17549"}],"curies":[{"name":"wp","href":"https:\/\/api.w.org\/{rel}","templated":true}]}}