{"id":17556,"date":"2025-01-04T02:17:29","date_gmt":"2025-01-03T23:17:29","guid":{"rendered":"https:\/\/akerkimya.com\/eticaret\/?post_type=product&#038;p=17556"},"modified":"2026-05-05T16:15:12","modified_gmt":"2026-05-05T13:15:12","slug":"inulin","status":"publish","type":"product","link":"https:\/\/akerkimya.com\/eticaret\/urun\/inulin\/","title":{"rendered":"\u0130N\u00dcL\u0130N"},"content":{"rendered":"<h1>\u0130N\u00dcL\u0130N<\/h1>\n<p><strong>\u0130n\u00fclin C6nH10n+2O5n+1 molek\u00fcler form\u00fcle sahip do\u011fal ve aktif bile\u015fendir. Bu bile\u015fen molek\u00fcl\u00fcn\u00fcn bir ucunda bir ve zincirin i\u00e7erisinde birka\u00e7 D-glukoz birimi i\u00e7erir.<\/strong><\/p>\n<p><strong>\u0130n\u00fclin, bir\u00e7ok bitki t\u00fcr\u00fc taraf\u0131ndan \u00fcretilen, \u00e7o\u011funlukla da hindibadan ayr\u0131\u015ft\u0131r\u0131lan bir polisakkarit grubudur.<\/strong><\/p>\n<p><strong>Genellikle bitkilerin k\u00f6k ve saplar\u0131nda bulunur.<\/strong><\/p>\n<p><strong>\u00a0<\/strong><\/p>\n<p><strong>\u0130NUL\u0130N \u00d6ZELL\u0130KLER\u0130<\/strong><\/p>\n<p><strong>\u00a0<\/strong><\/p>\n<p><strong>Beyaz kristalimsi renkte, toz \u015feklindedir.<\/strong><\/p>\n<p><strong>Hafit tatl\u0131 bir tada sahip kokusuzdur.<\/strong><\/p>\n<p><strong>\u0130n\u00fclin, s\u0131v\u0131 ile iyice kar\u0131\u015ft\u0131r\u0131ld\u0131\u011f\u0131nda jel veya ya\u011fa benzer beyaz kremsi bir yap\u0131 olu\u015fturur.<\/strong><\/p>\n<p><strong>\u00a0<\/strong><\/p>\n<p><strong>TEKN\u0130K \u00d6ZELL\u0130KLER\u0130<\/strong><\/p>\n<p><strong>\u00a0<\/strong><\/p>\n<p><strong>CAS NUMARASI: 9005-80-5<\/strong><\/p>\n<p><strong>EC NUMARASI: 232-684-3<\/strong><\/p>\n<p><strong>MOLEK\u00dcLER FORM\u00dcL: C6nH10n+2O5n+1<\/strong><\/p>\n<p><strong>K\u0130MYASAL \u0130SM\u0130: \u0130n\u00fclin<\/strong><\/p>\n<p><strong>SUDA \u00c7\u00d6Z\u00dcN\u00dcRL\u00dcK: \u00e7\u00f6z\u00fcn\u00fcr<\/strong><\/p>\n<p><strong>\u00a0<\/strong><\/p>\n<p><strong>KULLANIM ALANLARI <\/strong><\/p>\n<p><strong>Hayvan yemlerinde d\u0131\u015fk\u0131daki kokular\u0131 azaltmak ve sindirimi kolayla\u015ft\u0131rmak i\u00e7in kullan\u0131l\u0131r.<\/strong><\/p>\n<p><strong>Tav\u015fan ve tavuklarda antibiyotik kullan\u0131m\u0131n de\u011fi\u015ftirilmesi halinde kullan\u0131l\u0131r.<\/strong><\/p>\n<p><strong>Alkoll\u00fc i\u00e7eceklerde hammadde olarak kullan\u0131l\u0131r.<\/strong><\/p>\n<p><strong>Tad\u0131 iyile\u015ftirmek i\u00e7in bir g\u0131da katk\u0131 maddesi olarak kullan\u0131l\u0131r.<\/strong><\/p>\n<p><strong>\u015eeker, ya\u011f ve un yerine kullan\u0131l\u0131r.<\/strong><\/p>\n<p><strong>Unlu mamullerde ve pasta \u00fcr\u00fcnlerinde, k\u0131vam verici ve tatland\u0131r\u0131c\u0131 \u00f6zelliklerinden dolay\u0131 kullan\u0131l\u0131r. \u00a0<\/strong><\/p>\n<p><strong>Kolesterol, y\u00fcksek kan ya\u011flar\u0131 tedavisinde kullan\u0131lmaktad\u0131r. <\/strong><strong>\u015eeker hastal\u0131\u011f\u0131, kalp hastal\u0131klar\u0131, kanser ve osteoporoz riskini azalt\u0131r. <\/strong><\/p>\n<p><strong>K\u00f6t\u00fc huylu t\u00fcm\u00f6r\u00fcn olu\u015fmas\u0131n\u0131 azaltarak ve engelleyerek kal\u0131n ba\u011f\u0131rsak kanseri olma olas\u0131l\u0131\u011f\u0131n\u0131 d\u00fc\u015f\u00fcr\u00fcr.<\/strong><\/p>\n<p><strong>Ba\u011f\u0131\u015f\u0131kl\u0131k sistemini uyar\u0131r.<\/strong><\/p>\n<p><strong>Kalsiyum olmak \u00fczere bir\u00e7ok mineralin emilimini etkileyerek, kemik mineral yo\u011funlu\u011funu artt\u0131r\u0131r. <\/strong><\/p>\n<p><strong>Ayr\u0131ca kilo kayb\u0131 ve kab\u0131zl\u0131k i\u00e7in kullan\u0131l\u0131r. <\/strong><\/p>\n<p><strong>\u0130n\u00fclin ayr\u0131ca glomer\u00fcler filtrasyon h\u0131z\u0131n\u0131 (GFR) belirleyerek b\u00f6brek fonksiyonunu \u00f6l\u00e7mek i\u00e7in kullan\u0131l\u0131r.<\/strong><\/p>\n<p><strong>\u00c7\u00f6z\u00fcnebilir depolama yoluyla a\u015f\u0131 ve ila\u00e7 da\u011f\u0131t\u0131m\u0131 i\u00e7in de kullan\u0131l\u0131rlar.<\/strong><\/p>\n<p><strong>Sa\u00e7 kremlerinde kullan\u0131larak dolanm\u0131\u015f sa\u00e7\u0131 a\u00e7ar ve sa\u00e7\u0131 kuvvetlendirir.<\/strong><\/p>\n<p><strong>\u00a0<\/strong><\/p>\n<p><strong>AMBALAJ<\/strong><\/p>\n<p><strong>\u00a0<\/strong><\/p>\n<p><strong>1-5-20 kg torbalar halinde <\/strong><\/p>\n<p><strong>\u00a0<\/strong><\/p>\n<p><strong>DEPOLAMA<\/strong><\/p>\n<p><strong>\u00a0<\/strong><\/p>\n<p><strong>Serin ve kuru yerde muhafaza edilmelidir. \u00dcr\u00fcn kullan\u0131ld\u0131ktan sonra torba a\u011fz\u0131 a\u00e7\u0131k b\u0131rak\u0131lmamal\u0131d\u0131r.<\/strong><\/p>\n<p><strong>\u00a0<\/strong><\/p>\n<p><strong>\u00a0<\/strong><\/p>\n","protected":false},"excerpt":{"rendered":"<p>\u0130N\u00dcL\u0130N \u0130n\u00fclin C6nH10n+2O5n+1 molek\u00fcler form\u00fcle sahip do\u011fal ve aktif bile\u015fendir. Bu bile\u015fen molek\u00fcl\u00fcn\u00fcn bir ucunda bir ve zincirin i\u00e7erisinde birka\u00e7<\/p>\n","protected":false},"featured_media":17557,"comment_status":"open","ping_status":"closed","template":"","meta":{"_joinchat":[]},"product_cat":[74,76,80,81],"product_tag":[],"class_list":{"0":"post-17556","1":"product","2":"type-product","3":"status-publish","4":"has-post-thumbnail","6":"product_cat-deterjan-ve-kozmetik-kimyasallari","7":"product_cat-gida-ve-katki-kimyasallari","8":"product_cat-veteriner-ve-ilac-kimyasallari","9":"product_cat-yem-katki-kimyasallari","11":"first","12":"instock","13":"shipping-taxable","14":"purchasable","15":"product-type-variable"},"yoast_head":"<!-- This site is optimized with the Yoast SEO Premium plugin v20.2.1 (Yoast SEO v20.2.1) - https:\/\/yoast.com\/wordpress\/plugins\/seo\/ -->\n<title>\u0130N\u00dcL\u0130N - Akerkimya<\/title>\n<meta name=\"robots\" content=\"index, follow, max-snippet:-1, max-image-preview:large, max-video-preview:-1\" \/>\n<link rel=\"canonical\" href=\"https:\/\/akerkimya.com\/eticaret\/urun\/inulin\/\" \/>\n<meta property=\"og:locale\" content=\"tr_TR\" \/>\n<meta property=\"og:type\" content=\"article\" \/>\n<meta property=\"og:title\" content=\"\u0130N\u00dcL\u0130N\" \/>\n<meta property=\"og:description\" content=\"\u0130N\u00dcL\u0130N \u0130n\u00fclin C6nH10n+2O5n+1 molek\u00fcler form\u00fcle sahip do\u011fal ve aktif bile\u015fendir. Bu bile\u015fen molek\u00fcl\u00fcn\u00fcn bir ucunda bir ve zincirin i\u00e7erisinde birka\u00e7\" \/>\n<meta property=\"og:url\" content=\"https:\/\/akerkimya.com\/eticaret\/urun\/inulin\/\" \/>\n<meta property=\"og:site_name\" content=\"Akerkimya\" \/>\n<meta property=\"article:modified_time\" content=\"2026-05-05T13:15:12+00:00\" \/>\n<meta property=\"og:image\" content=\"https:\/\/akerkimya.com\/eticaret\/wp-content\/uploads\/2025\/01\/INULIN-GUNCEL-.png\" \/>\n\t<meta property=\"og:image:width\" content=\"1000\" \/>\n\t<meta property=\"og:image:height\" content=\"1000\" \/>\n\t<meta property=\"og:image:type\" content=\"image\/png\" \/>\n<meta name=\"twitter:card\" content=\"summary_large_image\" \/>\n<meta name=\"twitter:label1\" content=\"Tahmini okuma s\u00fcresi\" \/>\n\t<meta name=\"twitter:data1\" content=\"2 dakika\" \/>\n<script type=\"application\/ld+json\" class=\"yoast-schema-graph\">{\"@context\":\"https:\/\/schema.org\",\"@graph\":[{\"@type\":\"WebPage\",\"@id\":\"https:\/\/akerkimya.com\/eticaret\/urun\/inulin\/\",\"url\":\"https:\/\/akerkimya.com\/eticaret\/urun\/inulin\/\",\"name\":\"\u0130N\u00dcL\u0130N - Akerkimya\",\"isPartOf\":{\"@id\":\"https:\/\/akerkimya.com\/eticaret\/#website\"},\"datePublished\":\"2025-01-03T23:17:29+00:00\",\"dateModified\":\"2026-05-05T13:15:12+00:00\",\"breadcrumb\":{\"@id\":\"https:\/\/akerkimya.com\/eticaret\/urun\/inulin\/#breadcrumb\"},\"inLanguage\":\"tr\",\"potentialAction\":[{\"@type\":\"ReadAction\",\"target\":[\"https:\/\/akerkimya.com\/eticaret\/urun\/inulin\/\"]}]},{\"@type\":\"BreadcrumbList\",\"@id\":\"https:\/\/akerkimya.com\/eticaret\/urun\/inulin\/#breadcrumb\",\"itemListElement\":[{\"@type\":\"ListItem\",\"position\":1,\"name\":\"Home\",\"item\":\"https:\/\/akerkimya.com\/eticaret\/\"},{\"@type\":\"ListItem\",\"position\":2,\"name\":\"Market\",\"item\":\"https:\/\/akerkimya.com\/eticaret\/market\/\"},{\"@type\":\"ListItem\",\"position\":3,\"name\":\"\u0130N\u00dcL\u0130N\"}]},{\"@type\":\"WebSite\",\"@id\":\"https:\/\/akerkimya.com\/eticaret\/#website\",\"url\":\"https:\/\/akerkimya.com\/eticaret\/\",\"name\":\"Akerkimya\",\"description\":\"\",\"potentialAction\":[{\"@type\":\"SearchAction\",\"target\":{\"@type\":\"EntryPoint\",\"urlTemplate\":\"https:\/\/akerkimya.com\/eticaret\/?s={search_term_string}\"},\"query-input\":\"required name=search_term_string\"}],\"inLanguage\":\"tr\"}]}<\/script>\n<!-- \/ Yoast SEO Premium plugin. -->","yoast_head_json":{"title":"\u0130N\u00dcL\u0130N - Akerkimya","robots":{"index":"index","follow":"follow","max-snippet":"max-snippet:-1","max-image-preview":"max-image-preview:large","max-video-preview":"max-video-preview:-1"},"canonical":"https:\/\/akerkimya.com\/eticaret\/urun\/inulin\/","og_locale":"tr_TR","og_type":"article","og_title":"\u0130N\u00dcL\u0130N","og_description":"\u0130N\u00dcL\u0130N \u0130n\u00fclin C6nH10n+2O5n+1 molek\u00fcler form\u00fcle sahip do\u011fal ve aktif bile\u015fendir. Bu bile\u015fen molek\u00fcl\u00fcn\u00fcn bir ucunda bir ve zincirin i\u00e7erisinde birka\u00e7","og_url":"https:\/\/akerkimya.com\/eticaret\/urun\/inulin\/","og_site_name":"Akerkimya","article_modified_time":"2026-05-05T13:15:12+00:00","og_image":[{"width":1000,"height":1000,"url":"https:\/\/akerkimya.com\/eticaret\/wp-content\/uploads\/2025\/01\/INULIN-GUNCEL-.png","type":"image\/png"}],"twitter_card":"summary_large_image","twitter_misc":{"Tahmini okuma s\u00fcresi":"2 dakika"},"schema":{"@context":"https:\/\/schema.org","@graph":[{"@type":"WebPage","@id":"https:\/\/akerkimya.com\/eticaret\/urun\/inulin\/","url":"https:\/\/akerkimya.com\/eticaret\/urun\/inulin\/","name":"\u0130N\u00dcL\u0130N - Akerkimya","isPartOf":{"@id":"https:\/\/akerkimya.com\/eticaret\/#website"},"datePublished":"2025-01-03T23:17:29+00:00","dateModified":"2026-05-05T13:15:12+00:00","breadcrumb":{"@id":"https:\/\/akerkimya.com\/eticaret\/urun\/inulin\/#breadcrumb"},"inLanguage":"tr","potentialAction":[{"@type":"ReadAction","target":["https:\/\/akerkimya.com\/eticaret\/urun\/inulin\/"]}]},{"@type":"BreadcrumbList","@id":"https:\/\/akerkimya.com\/eticaret\/urun\/inulin\/#breadcrumb","itemListElement":[{"@type":"ListItem","position":1,"name":"Home","item":"https:\/\/akerkimya.com\/eticaret\/"},{"@type":"ListItem","position":2,"name":"Market","item":"https:\/\/akerkimya.com\/eticaret\/market\/"},{"@type":"ListItem","position":3,"name":"\u0130N\u00dcL\u0130N"}]},{"@type":"WebSite","@id":"https:\/\/akerkimya.com\/eticaret\/#website","url":"https:\/\/akerkimya.com\/eticaret\/","name":"Akerkimya","description":"","potentialAction":[{"@type":"SearchAction","target":{"@type":"EntryPoint","urlTemplate":"https:\/\/akerkimya.com\/eticaret\/?s={search_term_string}"},"query-input":"required name=search_term_string"}],"inLanguage":"tr"}]}},"_links":{"self":[{"href":"https:\/\/akerkimya.com\/eticaret\/wp-json\/wp\/v2\/product\/17556","targetHints":{"allow":["GET"]}}],"collection":[{"href":"https:\/\/akerkimya.com\/eticaret\/wp-json\/wp\/v2\/product"}],"about":[{"href":"https:\/\/akerkimya.com\/eticaret\/wp-json\/wp\/v2\/types\/product"}],"replies":[{"embeddable":true,"href":"https:\/\/akerkimya.com\/eticaret\/wp-json\/wp\/v2\/comments?post=17556"}],"version-history":[{"count":2,"href":"https:\/\/akerkimya.com\/eticaret\/wp-json\/wp\/v2\/product\/17556\/revisions"}],"predecessor-version":[{"id":18175,"href":"https:\/\/akerkimya.com\/eticaret\/wp-json\/wp\/v2\/product\/17556\/revisions\/18175"}],"wp:featuredmedia":[{"embeddable":true,"href":"https:\/\/akerkimya.com\/eticaret\/wp-json\/wp\/v2\/media\/17557"}],"wp:attachment":[{"href":"https:\/\/akerkimya.com\/eticaret\/wp-json\/wp\/v2\/media?parent=17556"}],"wp:term":[{"taxonomy":"product_cat","embeddable":true,"href":"https:\/\/akerkimya.com\/eticaret\/wp-json\/wp\/v2\/product_cat?post=17556"},{"taxonomy":"product_tag","embeddable":true,"href":"https:\/\/akerkimya.com\/eticaret\/wp-json\/wp\/v2\/product_tag?post=17556"}],"curies":[{"name":"wp","href":"https:\/\/api.w.org\/{rel}","templated":true}]}}