{"id":17571,"date":"2025-01-04T02:24:27","date_gmt":"2025-01-03T23:24:27","guid":{"rendered":"https:\/\/akerkimya.com\/eticaret\/?post_type=product&#038;p=17571"},"modified":"2026-05-06T12:19:24","modified_gmt":"2026-05-06T09:19:24","slug":"kalsiyum-propiyonat","status":"publish","type":"product","link":"https:\/\/akerkimya.com\/eticaret\/urun\/kalsiyum-propiyonat\/","title":{"rendered":"KALS\u0130YUM PROP\u0130YONAT"},"content":{"rendered":"<h1>KALS\u0130YUM PROP\u0130YONAT<\/h1>\n<p><strong>Kalsiyum propiyonat, C6H10CaO4 form\u00fcl\u00fcne sahip asit tipi bir g\u0131da koruyucudur. Kalsiyum hidroksit veya kalsiyum karbonat\u0131n reaksiyonu ile \u00fcretilir. Baz\u0131 g\u0131dalarda do\u011fal olarak bulunur ve bu g\u0131dalarda koruyucu olarak \u00e7al\u0131\u015f\u0131r.<\/strong><\/p>\n<p><strong>\u00a0<\/strong><\/p>\n<p><strong>KALS\u0130YUM PROP\u0130YONAT \u00d6ZELL\u0130KLER\u0130<\/strong><\/p>\n<p><strong>Beyaz kristal yap\u0131da, kokusuzdur.<\/strong><\/p>\n<p><strong>Su ve \u0131s\u0131 kar\u015f\u0131 kararl\u0131, higroskopik bir kimyasald\u0131r.<\/strong><\/p>\n<p><strong>Suda kolay \u00e7\u00f6z\u00fcn\u00fcr. Etanol ve eterde \u00e7\u00f6z\u00fcnmez.<\/strong><\/p>\n<p><strong>\u00a0<\/strong><\/p>\n<p><strong>TEKN\u0130K \u00d6ZELL\u0130KLER<\/strong><\/p>\n<p><strong>CAS NUMARASI: 4075-81-4<\/strong><\/p>\n<p><strong>MOLEK\u00dcL FORM\u00dcL: C6H10CaO4<\/strong><\/p>\n<p><strong>K\u0130MYASAL \u0130SM\u0130: Kalsiyum propiyonat, Propiyonik asit, Kalsiyum tuzu, Kalsiyum dipropiyonat <\/strong><\/p>\n<p><strong>MOLEK\u00dcLER FORM\u00dcL: 186,22 gr\/ml <\/strong><\/p>\n<p><strong>ER\u0130ME NOKTASI: 300 \u00b0C<\/strong><\/p>\n<p><strong>PH: 6.0-9.0<\/strong><\/p>\n<p><strong>SUDA \u00c7\u00d6Z\u00dcN\u00dcRL\u00dcK: 1 gr\/10 mlt<\/strong><\/p>\n<p><strong>\u00a0<\/strong><\/p>\n<p><strong>KULANIM ALANLARI <\/strong><\/p>\n<p><strong>Unlu mam\u00fcllerde k\u00fcf \u00f6nleyici ve koruyucu olarak kullan\u0131lmaktad\u0131r. Ayn\u0131 zamanda ekmekte sodyum seviyesini d\u00fc\u015f\u00fcrmeye yard\u0131mc\u0131 olmak i\u00e7in kullan\u0131l\u0131r.<\/strong><\/p>\n<p><strong>\u0130\u015flenmi\u015f peynirlerde, \u00e7ikolatalarda ve meyvelerde g\u0131da koruyucu olarak kullan\u0131lmaktad\u0131r.<\/strong><\/p>\n<p><strong>Tar\u0131m sekt\u00f6r\u00fcnde, ineklerde s\u00fct ya\u011f\u0131 ve yem katk\u0131s\u0131 olarak kullan\u0131l\u0131r.<\/strong><\/p>\n<p><strong>\u0130\u015flenmi\u015f sebze ve meyvelerde esmerle\u015ftirme ajan\u0131 olarak kullan\u0131l\u0131r.<\/strong><\/p>\n<p><strong>\u0130\u00e7ecek sekt\u00f6r\u00fcnde, mikroorganizmalar\u0131n \u00e7o\u011falmas\u0131n\u0131 ve b\u00fcy\u00fcmesini \u00f6nlemek i\u00e7in kullan\u0131l\u0131r.<\/strong><\/p>\n<p><strong>Farmas\u00f6tik alan\u0131nda antimikrobiyal \u00f6zelliklerinden dolay\u0131 kullan\u0131l\u0131r.<\/strong><\/p>\n<p><strong>Kozmetik sekt\u00f6r\u00fcnde, bakteri \u00fcremesini \u00f6nlemek amac\u0131yla kullan\u0131l\u0131r.<\/strong><\/p>\n<p><strong>Foto\u011fraf kimyasallar\u0131n\u0131n \u00fcretiminde kullan\u0131l\u0131r.<\/strong><\/p>\n<p><strong>\u00a0<\/strong><\/p>\n<p><strong>\u00a0<\/strong><\/p>\n<p><strong>AMBALAJ<\/strong><\/p>\n<p><strong>1-5-25 torbalar halinde <\/strong><\/p>\n<p><strong>\u00a0<\/strong><\/p>\n<p><strong>DEPOLAMA <\/strong><\/p>\n<p><strong>Serin ve kuru bir alanda muhafaza ediniz.<\/strong><\/p>\n<p><strong>\u00a0<\/strong><\/p>\n","protected":false},"excerpt":{"rendered":"<p>KALS\u0130YUM PROP\u0130YONAT Kalsiyum propiyonat, C6H10CaO4 form\u00fcl\u00fcne sahip asit tipi bir g\u0131da koruyucudur. Kalsiyum hidroksit veya kalsiyum karbonat\u0131n reaksiyonu ile \u00fcretilir.<\/p>\n","protected":false},"featured_media":17572,"comment_status":"open","ping_status":"closed","template":"","meta":{"_joinchat":[]},"product_cat":[74,76,79,81],"product_tag":[],"class_list":{"0":"post-17571","1":"product","2":"type-product","3":"status-publish","4":"has-post-thumbnail","6":"product_cat-deterjan-ve-kozmetik-kimyasallari","7":"product_cat-gida-ve-katki-kimyasallari","8":"product_cat-tarim-kimyasallari","9":"product_cat-yem-katki-kimyasallari","11":"first","12":"instock","13":"shipping-taxable","14":"purchasable","15":"product-type-variable"},"yoast_head":"<!-- This site is optimized with the Yoast SEO Premium plugin v20.2.1 (Yoast SEO v20.2.1) - https:\/\/yoast.com\/wordpress\/plugins\/seo\/ -->\n<title>KALS\u0130YUM PROP\u0130YONAT - Akerkimya<\/title>\n<meta name=\"robots\" content=\"index, follow, max-snippet:-1, max-image-preview:large, max-video-preview:-1\" \/>\n<link rel=\"canonical\" href=\"https:\/\/akerkimya.com\/eticaret\/urun\/kalsiyum-propiyonat\/\" \/>\n<meta property=\"og:locale\" content=\"tr_TR\" \/>\n<meta property=\"og:type\" content=\"article\" \/>\n<meta property=\"og:title\" content=\"KALS\u0130YUM PROP\u0130YONAT\" \/>\n<meta property=\"og:description\" content=\"KALS\u0130YUM PROP\u0130YONAT Kalsiyum propiyonat, C6H10CaO4 form\u00fcl\u00fcne sahip asit tipi bir g\u0131da koruyucudur. Kalsiyum hidroksit veya kalsiyum karbonat\u0131n reaksiyonu ile \u00fcretilir.\" \/>\n<meta property=\"og:url\" content=\"https:\/\/akerkimya.com\/eticaret\/urun\/kalsiyum-propiyonat\/\" \/>\n<meta property=\"og:site_name\" content=\"Akerkimya\" \/>\n<meta property=\"article:modified_time\" content=\"2026-05-06T09:19:24+00:00\" \/>\n<meta property=\"og:image\" content=\"https:\/\/akerkimya.com\/eticaret\/wp-content\/uploads\/2025\/01\/KALSIYUM-PROPIYONAT-GUNCEL.jpeg\" \/>\n\t<meta property=\"og:image:width\" content=\"1000\" \/>\n\t<meta property=\"og:image:height\" content=\"1000\" \/>\n\t<meta property=\"og:image:type\" content=\"image\/jpeg\" \/>\n<meta name=\"twitter:card\" content=\"summary_large_image\" \/>\n<meta name=\"twitter:label1\" content=\"Tahmini okuma s\u00fcresi\" \/>\n\t<meta name=\"twitter:data1\" content=\"1 dakika\" \/>\n<script type=\"application\/ld+json\" class=\"yoast-schema-graph\">{\"@context\":\"https:\/\/schema.org\",\"@graph\":[{\"@type\":\"WebPage\",\"@id\":\"https:\/\/akerkimya.com\/eticaret\/urun\/kalsiyum-propiyonat\/\",\"url\":\"https:\/\/akerkimya.com\/eticaret\/urun\/kalsiyum-propiyonat\/\",\"name\":\"KALS\u0130YUM PROP\u0130YONAT - Akerkimya\",\"isPartOf\":{\"@id\":\"https:\/\/akerkimya.com\/eticaret\/#website\"},\"datePublished\":\"2025-01-03T23:24:27+00:00\",\"dateModified\":\"2026-05-06T09:19:24+00:00\",\"breadcrumb\":{\"@id\":\"https:\/\/akerkimya.com\/eticaret\/urun\/kalsiyum-propiyonat\/#breadcrumb\"},\"inLanguage\":\"tr\",\"potentialAction\":[{\"@type\":\"ReadAction\",\"target\":[\"https:\/\/akerkimya.com\/eticaret\/urun\/kalsiyum-propiyonat\/\"]}]},{\"@type\":\"BreadcrumbList\",\"@id\":\"https:\/\/akerkimya.com\/eticaret\/urun\/kalsiyum-propiyonat\/#breadcrumb\",\"itemListElement\":[{\"@type\":\"ListItem\",\"position\":1,\"name\":\"Home\",\"item\":\"https:\/\/akerkimya.com\/eticaret\/\"},{\"@type\":\"ListItem\",\"position\":2,\"name\":\"Market\",\"item\":\"https:\/\/akerkimya.com\/eticaret\/market\/\"},{\"@type\":\"ListItem\",\"position\":3,\"name\":\"KALS\u0130YUM PROP\u0130YONAT\"}]},{\"@type\":\"WebSite\",\"@id\":\"https:\/\/akerkimya.com\/eticaret\/#website\",\"url\":\"https:\/\/akerkimya.com\/eticaret\/\",\"name\":\"Akerkimya\",\"description\":\"\",\"potentialAction\":[{\"@type\":\"SearchAction\",\"target\":{\"@type\":\"EntryPoint\",\"urlTemplate\":\"https:\/\/akerkimya.com\/eticaret\/?s={search_term_string}\"},\"query-input\":\"required name=search_term_string\"}],\"inLanguage\":\"tr\"}]}<\/script>\n<!-- \/ Yoast SEO Premium plugin. -->","yoast_head_json":{"title":"KALS\u0130YUM PROP\u0130YONAT - Akerkimya","robots":{"index":"index","follow":"follow","max-snippet":"max-snippet:-1","max-image-preview":"max-image-preview:large","max-video-preview":"max-video-preview:-1"},"canonical":"https:\/\/akerkimya.com\/eticaret\/urun\/kalsiyum-propiyonat\/","og_locale":"tr_TR","og_type":"article","og_title":"KALS\u0130YUM PROP\u0130YONAT","og_description":"KALS\u0130YUM PROP\u0130YONAT Kalsiyum propiyonat, C6H10CaO4 form\u00fcl\u00fcne sahip asit tipi bir g\u0131da koruyucudur. Kalsiyum hidroksit veya kalsiyum karbonat\u0131n reaksiyonu ile \u00fcretilir.","og_url":"https:\/\/akerkimya.com\/eticaret\/urun\/kalsiyum-propiyonat\/","og_site_name":"Akerkimya","article_modified_time":"2026-05-06T09:19:24+00:00","og_image":[{"width":1000,"height":1000,"url":"https:\/\/akerkimya.com\/eticaret\/wp-content\/uploads\/2025\/01\/KALSIYUM-PROPIYONAT-GUNCEL.jpeg","type":"image\/jpeg"}],"twitter_card":"summary_large_image","twitter_misc":{"Tahmini okuma s\u00fcresi":"1 dakika"},"schema":{"@context":"https:\/\/schema.org","@graph":[{"@type":"WebPage","@id":"https:\/\/akerkimya.com\/eticaret\/urun\/kalsiyum-propiyonat\/","url":"https:\/\/akerkimya.com\/eticaret\/urun\/kalsiyum-propiyonat\/","name":"KALS\u0130YUM PROP\u0130YONAT - Akerkimya","isPartOf":{"@id":"https:\/\/akerkimya.com\/eticaret\/#website"},"datePublished":"2025-01-03T23:24:27+00:00","dateModified":"2026-05-06T09:19:24+00:00","breadcrumb":{"@id":"https:\/\/akerkimya.com\/eticaret\/urun\/kalsiyum-propiyonat\/#breadcrumb"},"inLanguage":"tr","potentialAction":[{"@type":"ReadAction","target":["https:\/\/akerkimya.com\/eticaret\/urun\/kalsiyum-propiyonat\/"]}]},{"@type":"BreadcrumbList","@id":"https:\/\/akerkimya.com\/eticaret\/urun\/kalsiyum-propiyonat\/#breadcrumb","itemListElement":[{"@type":"ListItem","position":1,"name":"Home","item":"https:\/\/akerkimya.com\/eticaret\/"},{"@type":"ListItem","position":2,"name":"Market","item":"https:\/\/akerkimya.com\/eticaret\/market\/"},{"@type":"ListItem","position":3,"name":"KALS\u0130YUM PROP\u0130YONAT"}]},{"@type":"WebSite","@id":"https:\/\/akerkimya.com\/eticaret\/#website","url":"https:\/\/akerkimya.com\/eticaret\/","name":"Akerkimya","description":"","potentialAction":[{"@type":"SearchAction","target":{"@type":"EntryPoint","urlTemplate":"https:\/\/akerkimya.com\/eticaret\/?s={search_term_string}"},"query-input":"required name=search_term_string"}],"inLanguage":"tr"}]}},"_links":{"self":[{"href":"https:\/\/akerkimya.com\/eticaret\/wp-json\/wp\/v2\/product\/17571","targetHints":{"allow":["GET"]}}],"collection":[{"href":"https:\/\/akerkimya.com\/eticaret\/wp-json\/wp\/v2\/product"}],"about":[{"href":"https:\/\/akerkimya.com\/eticaret\/wp-json\/wp\/v2\/types\/product"}],"replies":[{"embeddable":true,"href":"https:\/\/akerkimya.com\/eticaret\/wp-json\/wp\/v2\/comments?post=17571"}],"version-history":[{"count":2,"href":"https:\/\/akerkimya.com\/eticaret\/wp-json\/wp\/v2\/product\/17571\/revisions"}],"predecessor-version":[{"id":21136,"href":"https:\/\/akerkimya.com\/eticaret\/wp-json\/wp\/v2\/product\/17571\/revisions\/21136"}],"wp:featuredmedia":[{"embeddable":true,"href":"https:\/\/akerkimya.com\/eticaret\/wp-json\/wp\/v2\/media\/17572"}],"wp:attachment":[{"href":"https:\/\/akerkimya.com\/eticaret\/wp-json\/wp\/v2\/media?parent=17571"}],"wp:term":[{"taxonomy":"product_cat","embeddable":true,"href":"https:\/\/akerkimya.com\/eticaret\/wp-json\/wp\/v2\/product_cat?post=17571"},{"taxonomy":"product_tag","embeddable":true,"href":"https:\/\/akerkimya.com\/eticaret\/wp-json\/wp\/v2\/product_tag?post=17571"}],"curies":[{"name":"wp","href":"https:\/\/api.w.org\/{rel}","templated":true}]}}