{"id":17577,"date":"2025-01-04T17:00:52","date_gmt":"2025-01-04T14:00:52","guid":{"rendered":"https:\/\/akerkimya.com\/eticaret\/?post_type=product&#038;p=17577"},"modified":"2026-03-30T02:24:19","modified_gmt":"2026-03-29T23:24:19","slug":"kekik-yagi","status":"publish","type":"product","link":"https:\/\/akerkimya.com\/eticaret\/urun\/kekik-yagi\/","title":{"rendered":"KEK\u0130K YA\u011eI"},"content":{"rendered":"<h1>KEK\u0130K YA\u011eI<\/h1>\n<p><strong>Kekik ya\u011f\u0131, kekik bitkisinin yapraklar\u0131n\u0131n ve \u00e7i\u00e7eklerinin distile edilmesi ile elde edilmektedir. <\/strong><\/p>\n<p><strong>Bitkilerin \u00f6z\u00fcn\u00fc \u00e7\u0131karmak i\u00e7in b\u00fcy\u00fck bas\u0131n\u00e7l\u0131 kazanlar\u0131n kullan\u0131ld\u0131\u011f\u0131 ve buhar distilasyon y\u00f6ntemi yap\u0131larak ya\u011f, en verimli ve sa\u011fl\u0131kl\u0131 \u015fekilde elde edilir. <\/strong><\/p>\n<p><strong>Kekik ya\u011f\u0131, insan sa\u011fl\u0131\u011f\u0131 i\u00e7in yararl\u0131 oldu\u011fu kan\u0131tlanan t\u0131bbi \u00f6zellikleri ile esansiyel bir ya\u011f olarak bilinir. <\/strong><\/p>\n<p><strong>\u00dclkemizin neredeyse her k\u00f6\u015fesinde \u00e7e\u015fitli t\u00fcrlerde kekik bitkisi yeti\u015fmesi bizim i\u00e7in \u00e7ok b\u00fcy\u00fck bir \u015fanst\u0131r.\u00a0 <\/strong><\/p>\n<p><strong>Kekik ya\u011f\u0131 monoterpen fenoller, timol ve karvokrol i\u00e7ermektedir.<\/strong><\/p>\n<p><strong>Kekik esansiyel ya\u011f\u0131, bir\u00e7ok sekt\u00f6rde kullan\u0131ld\u0131\u011f\u0131 i\u00e7in d\u00fcnya \u00e7ap\u0131nda yayg\u0131n bir \u00fcr\u00fcnd\u00fcr.<\/strong><\/p>\n<p><strong>\u00a0<\/strong><\/p>\n<p><strong>KEK\u0130K YA\u011eI \u00d6ZELL\u0130KLER\u0130<\/strong><\/p>\n<p><strong>K\u0131rm\u0131z\u0131 renkli, ince k\u0131vaml\u0131 s\u0131v\u0131 bir maddedir.<\/strong><\/p>\n<p><strong>Deriye nufus ettirilerek kokland\u0131\u011f\u0131nda yo\u011fun kekik kokusu verir.<\/strong><\/p>\n<p><strong>K\u0131r\u0131lma indeksleri y\u00fcksektir.<\/strong><\/p>\n<p><strong>\u00c7o\u011funlukla optik\u00e7e aktiftirler.<\/strong><\/p>\n<p><strong>Kokular\u0131n\u0131n suya ge\u00e7mesine yetecek kadar suda \u00e7\u00f6z\u00fcn\u00fcrler.<\/strong><\/p>\n<p><strong>Petrol eteri, benzen, hekzan, eter, etanol \u00e7o\u011funda \u00e7\u00f6z\u00fcn\u00fcrler. <\/strong><\/p>\n<p><strong>\u00c7o\u011funlukla sudan hafiftirler.<\/strong><\/p>\n<p><strong>\u00a0<\/strong><\/p>\n<p><strong>TEKN\u0130K \u00d6ZELL\u0130KLER\u0130<\/strong><\/p>\n<p><strong>CAS NUMARASI: 8007-46-3<\/strong><\/p>\n<p><strong>EC NUMARASI: 284-535-7<\/strong><\/p>\n<p><strong>K\u0130MYASAL \u0130SM\u0130: Kekik Ya\u011f\u0131\/Thyme Oil<\/strong><\/p>\n<p><strong>BOTAN\u0130K \u0130SM\u0130: Origanum Onites<\/strong><\/p>\n<p><strong>\u00a0<\/strong><\/p>\n<p><strong>KULLANIM ALANLARI <\/strong><\/p>\n<p><strong>Kekik ya\u011f\u0131, \u0130la\u00e7 ve Eczac\u0131l\u0131k, Ki\u015fisel Bak\u0131m, Deterjan, B\u00f6cek ila\u00e7lar\u0131 vb. pek \u00e7ok farkl\u0131 sekt\u00f6rde kullan\u0131lan yayg\u0131n bir \u00fcr\u00fcnd\u00fcr.<\/strong><\/p>\n<p><strong>Vir\u00fcs kaynakl\u0131 hastal\u0131klardan koruma ve hastal\u0131\u011f\u0131n etkisini azaltmaya yard\u0131mc\u0131 olur.<\/strong><\/p>\n<p><strong>Antiseptik \u00f6zellik g\u00f6sterir ve bu \u00f6zellik sayesinde mikroplar\u0131 kolayca yok eder, v\u00fccutta bakteri olu\u015fumunu \u00f6nler.<\/strong><\/p>\n<p><strong>Ba\u011f\u0131\u015f\u0131kl\u0131k sistemini g\u00fc\u00e7lendirici etkisi vard\u0131r.<\/strong><\/p>\n<p><strong>So\u011fuk alg\u0131nl\u0131\u011f\u0131n\u0131 atlatmaya yard\u0131mc\u0131 olur.<\/strong><\/p>\n<p><strong>Mantar ve benzeri cilt hastal\u0131klar\u0131n\u0131n ortadan kalkmas\u0131na, ka\u015f\u0131nt\u0131y\u0131 ge\u00e7irme ve yara izlerini yok etmeye ciddi anlamda yard\u0131mc\u0131d\u0131r.<\/strong><\/p>\n<p><strong>Kan ak\u0131\u015f\u0131n\u0131 h\u0131zland\u0131r\u0131p kan\u0131n p\u0131ht\u0131la\u015fmas\u0131n\u0131 azalt\u0131r.<\/strong><\/p>\n<p><strong>\u00d6ks\u00fcr\u00fc\u011fe iyi gelir.<\/strong><\/p>\n<p><strong>Romatizmal a\u011fr\u0131lar\u0131 yok eder.<\/strong><\/p>\n<p><strong>Kalp sa\u011fl\u0131\u011f\u0131n\u0131 korur.<\/strong><\/p>\n<p><strong>Gaz olu\u015fumunu engeller.<\/strong><\/p>\n<p><strong>Kilo vermeye, kan bas\u0131nc\u0131n\u0131 d\u00fc\u015f\u00fcrmeye, ya\u011f\u0131 azaltmaya ve sindirimi art\u0131rmaya yard\u0131mc\u0131 olur.<\/strong><\/p>\n<p><strong>Balgam s\u00f6kt\u00fcr\u00fcc\u00fc \u00f6zelli\u011fi vard\u0131r.<\/strong><\/p>\n<p><strong>Depresyonu hafifletir ve sakinle\u015ftirici \u00f6zelli\u011fi vard\u0131r.<\/strong><\/p>\n<p><strong>Sa\u00e7lar\u0131 besler, kal\u0131nla\u015ft\u0131r\u0131r ve d\u00f6k\u00fclmesini \u00f6nler.<\/strong><\/p>\n<p><strong>Cildi nemlendirir, gen\u00e7le\u015ftirir ve akne g\u00f6r\u00fcn\u00fcm\u00fcn\u00fc en aza indirmeye yard\u0131mc\u0131 olur.<\/strong><\/p>\n<p><strong>Antibakteriyel ve antioksidan \u00f6zelli\u011fi vard\u0131r.<\/strong><\/p>\n<p><strong>Aromatiktir.<\/strong><\/p>\n<p><strong>\u00a0<\/strong><\/p>\n<p><strong>AMBALAJ<\/strong><\/p>\n<p><strong>250-500 gram ve 1000 kg bidonlarda<\/strong><\/p>\n<p><strong>\u00a0<\/strong><\/p>\n<p><strong>DEPOLAMA<\/strong><\/p>\n<p><strong>Oda s\u0131cakl\u0131\u011f\u0131nda; a\u011fz\u0131 kapal\u0131, serin, kuru ve \u0131\u015f\u0131k almayan yerde muhafaza edilmelidir. <\/strong><\/p>\n<p><strong>\u00a0<\/strong><\/p>\n<p><strong>\u00a0<\/strong><\/p>\n","protected":false},"excerpt":{"rendered":"<p>KEK\u0130K YA\u011eI Kekik ya\u011f\u0131, kekik bitkisinin yapraklar\u0131n\u0131n ve \u00e7i\u00e7eklerinin distile edilmesi ile elde edilmektedir. Bitkilerin \u00f6z\u00fcn\u00fc \u00e7\u0131karmak i\u00e7in b\u00fcy\u00fck bas\u0131n\u00e7l\u0131<\/p>\n","protected":false},"featured_media":17578,"comment_status":"open","ping_status":"closed","template":"","meta":{"_joinchat":[]},"product_cat":[74,76,80,81],"product_tag":[],"class_list":{"0":"post-17577","1":"product","2":"type-product","3":"status-publish","4":"has-post-thumbnail","6":"product_cat-deterjan-ve-kozmetik-kimyasallari","7":"product_cat-gida-ve-katki-kimyasallari","8":"product_cat-veteriner-ve-ilac-kimyasallari","9":"product_cat-yem-katki-kimyasallari","11":"first","12":"instock","13":"shipping-taxable","14":"purchasable","15":"product-type-variable"},"yoast_head":"<!-- This site is optimized with the Yoast SEO Premium plugin v20.2.1 (Yoast SEO v20.2.1) - https:\/\/yoast.com\/wordpress\/plugins\/seo\/ -->\n<title>KEK\u0130K YA\u011eI - Akerkimya<\/title>\n<meta name=\"robots\" content=\"index, follow, max-snippet:-1, max-image-preview:large, max-video-preview:-1\" \/>\n<link rel=\"canonical\" href=\"https:\/\/akerkimya.com\/eticaret\/urun\/kekik-yagi\/\" \/>\n<meta property=\"og:locale\" content=\"tr_TR\" \/>\n<meta property=\"og:type\" content=\"article\" \/>\n<meta property=\"og:title\" content=\"KEK\u0130K YA\u011eI\" \/>\n<meta property=\"og:description\" content=\"KEK\u0130K YA\u011eI Kekik ya\u011f\u0131, kekik bitkisinin yapraklar\u0131n\u0131n ve \u00e7i\u00e7eklerinin distile edilmesi ile elde edilmektedir. Bitkilerin \u00f6z\u00fcn\u00fc \u00e7\u0131karmak i\u00e7in b\u00fcy\u00fck bas\u0131n\u00e7l\u0131\" \/>\n<meta property=\"og:url\" content=\"https:\/\/akerkimya.com\/eticaret\/urun\/kekik-yagi\/\" \/>\n<meta property=\"og:site_name\" content=\"Akerkimya\" \/>\n<meta property=\"article:modified_time\" content=\"2026-03-29T23:24:19+00:00\" \/>\n<meta property=\"og:image\" content=\"https:\/\/akerkimya.com\/eticaret\/wp-content\/uploads\/2025\/01\/KEKIK-YAGI-GUNCEL.png\" \/>\n\t<meta property=\"og:image:width\" content=\"1000\" \/>\n\t<meta property=\"og:image:height\" content=\"1000\" \/>\n\t<meta property=\"og:image:type\" content=\"image\/png\" \/>\n<meta name=\"twitter:card\" content=\"summary_large_image\" \/>\n<meta name=\"twitter:label1\" content=\"Tahmini okuma s\u00fcresi\" \/>\n\t<meta name=\"twitter:data1\" content=\"2 dakika\" \/>\n<script type=\"application\/ld+json\" class=\"yoast-schema-graph\">{\"@context\":\"https:\/\/schema.org\",\"@graph\":[{\"@type\":\"WebPage\",\"@id\":\"https:\/\/akerkimya.com\/eticaret\/urun\/kekik-yagi\/\",\"url\":\"https:\/\/akerkimya.com\/eticaret\/urun\/kekik-yagi\/\",\"name\":\"KEK\u0130K YA\u011eI - Akerkimya\",\"isPartOf\":{\"@id\":\"https:\/\/akerkimya.com\/eticaret\/#website\"},\"datePublished\":\"2025-01-04T14:00:52+00:00\",\"dateModified\":\"2026-03-29T23:24:19+00:00\",\"breadcrumb\":{\"@id\":\"https:\/\/akerkimya.com\/eticaret\/urun\/kekik-yagi\/#breadcrumb\"},\"inLanguage\":\"tr\",\"potentialAction\":[{\"@type\":\"ReadAction\",\"target\":[\"https:\/\/akerkimya.com\/eticaret\/urun\/kekik-yagi\/\"]}]},{\"@type\":\"BreadcrumbList\",\"@id\":\"https:\/\/akerkimya.com\/eticaret\/urun\/kekik-yagi\/#breadcrumb\",\"itemListElement\":[{\"@type\":\"ListItem\",\"position\":1,\"name\":\"Home\",\"item\":\"https:\/\/akerkimya.com\/eticaret\/\"},{\"@type\":\"ListItem\",\"position\":2,\"name\":\"Market\",\"item\":\"https:\/\/akerkimya.com\/eticaret\/market\/\"},{\"@type\":\"ListItem\",\"position\":3,\"name\":\"KEK\u0130K YA\u011eI\"}]},{\"@type\":\"WebSite\",\"@id\":\"https:\/\/akerkimya.com\/eticaret\/#website\",\"url\":\"https:\/\/akerkimya.com\/eticaret\/\",\"name\":\"Akerkimya\",\"description\":\"\",\"potentialAction\":[{\"@type\":\"SearchAction\",\"target\":{\"@type\":\"EntryPoint\",\"urlTemplate\":\"https:\/\/akerkimya.com\/eticaret\/?s={search_term_string}\"},\"query-input\":\"required name=search_term_string\"}],\"inLanguage\":\"tr\"}]}<\/script>\n<!-- \/ Yoast SEO Premium plugin. -->","yoast_head_json":{"title":"KEK\u0130K YA\u011eI - Akerkimya","robots":{"index":"index","follow":"follow","max-snippet":"max-snippet:-1","max-image-preview":"max-image-preview:large","max-video-preview":"max-video-preview:-1"},"canonical":"https:\/\/akerkimya.com\/eticaret\/urun\/kekik-yagi\/","og_locale":"tr_TR","og_type":"article","og_title":"KEK\u0130K YA\u011eI","og_description":"KEK\u0130K YA\u011eI Kekik ya\u011f\u0131, kekik bitkisinin yapraklar\u0131n\u0131n ve \u00e7i\u00e7eklerinin distile edilmesi ile elde edilmektedir. Bitkilerin \u00f6z\u00fcn\u00fc \u00e7\u0131karmak i\u00e7in b\u00fcy\u00fck bas\u0131n\u00e7l\u0131","og_url":"https:\/\/akerkimya.com\/eticaret\/urun\/kekik-yagi\/","og_site_name":"Akerkimya","article_modified_time":"2026-03-29T23:24:19+00:00","og_image":[{"width":1000,"height":1000,"url":"https:\/\/akerkimya.com\/eticaret\/wp-content\/uploads\/2025\/01\/KEKIK-YAGI-GUNCEL.png","type":"image\/png"}],"twitter_card":"summary_large_image","twitter_misc":{"Tahmini okuma s\u00fcresi":"2 dakika"},"schema":{"@context":"https:\/\/schema.org","@graph":[{"@type":"WebPage","@id":"https:\/\/akerkimya.com\/eticaret\/urun\/kekik-yagi\/","url":"https:\/\/akerkimya.com\/eticaret\/urun\/kekik-yagi\/","name":"KEK\u0130K YA\u011eI - Akerkimya","isPartOf":{"@id":"https:\/\/akerkimya.com\/eticaret\/#website"},"datePublished":"2025-01-04T14:00:52+00:00","dateModified":"2026-03-29T23:24:19+00:00","breadcrumb":{"@id":"https:\/\/akerkimya.com\/eticaret\/urun\/kekik-yagi\/#breadcrumb"},"inLanguage":"tr","potentialAction":[{"@type":"ReadAction","target":["https:\/\/akerkimya.com\/eticaret\/urun\/kekik-yagi\/"]}]},{"@type":"BreadcrumbList","@id":"https:\/\/akerkimya.com\/eticaret\/urun\/kekik-yagi\/#breadcrumb","itemListElement":[{"@type":"ListItem","position":1,"name":"Home","item":"https:\/\/akerkimya.com\/eticaret\/"},{"@type":"ListItem","position":2,"name":"Market","item":"https:\/\/akerkimya.com\/eticaret\/market\/"},{"@type":"ListItem","position":3,"name":"KEK\u0130K YA\u011eI"}]},{"@type":"WebSite","@id":"https:\/\/akerkimya.com\/eticaret\/#website","url":"https:\/\/akerkimya.com\/eticaret\/","name":"Akerkimya","description":"","potentialAction":[{"@type":"SearchAction","target":{"@type":"EntryPoint","urlTemplate":"https:\/\/akerkimya.com\/eticaret\/?s={search_term_string}"},"query-input":"required name=search_term_string"}],"inLanguage":"tr"}]}},"_links":{"self":[{"href":"https:\/\/akerkimya.com\/eticaret\/wp-json\/wp\/v2\/product\/17577","targetHints":{"allow":["GET"]}}],"collection":[{"href":"https:\/\/akerkimya.com\/eticaret\/wp-json\/wp\/v2\/product"}],"about":[{"href":"https:\/\/akerkimya.com\/eticaret\/wp-json\/wp\/v2\/types\/product"}],"replies":[{"embeddable":true,"href":"https:\/\/akerkimya.com\/eticaret\/wp-json\/wp\/v2\/comments?post=17577"}],"version-history":[{"count":1,"href":"https:\/\/akerkimya.com\/eticaret\/wp-json\/wp\/v2\/product\/17577\/revisions"}],"predecessor-version":[{"id":17581,"href":"https:\/\/akerkimya.com\/eticaret\/wp-json\/wp\/v2\/product\/17577\/revisions\/17581"}],"wp:featuredmedia":[{"embeddable":true,"href":"https:\/\/akerkimya.com\/eticaret\/wp-json\/wp\/v2\/media\/17578"}],"wp:attachment":[{"href":"https:\/\/akerkimya.com\/eticaret\/wp-json\/wp\/v2\/media?parent=17577"}],"wp:term":[{"taxonomy":"product_cat","embeddable":true,"href":"https:\/\/akerkimya.com\/eticaret\/wp-json\/wp\/v2\/product_cat?post=17577"},{"taxonomy":"product_tag","embeddable":true,"href":"https:\/\/akerkimya.com\/eticaret\/wp-json\/wp\/v2\/product_tag?post=17577"}],"curies":[{"name":"wp","href":"https:\/\/api.w.org\/{rel}","templated":true}]}}