{"id":17585,"date":"2025-01-04T17:07:24","date_gmt":"2025-01-04T14:07:24","guid":{"rendered":"https:\/\/akerkimya.com\/eticaret\/?post_type=product&#038;p=17585"},"modified":"2026-03-30T02:24:19","modified_gmt":"2026-03-29T23:24:19","slug":"kolin-klorur","status":"publish","type":"product","link":"https:\/\/akerkimya.com\/eticaret\/urun\/kolin-klorur\/","title":{"rendered":"KOL\u0130N KLOR\u00dcR"},"content":{"rendered":"<h1>KOL\u0130N KLOR\u00dcR<\/h1>\n<p><strong>Kolin klor\u00fcr, C5H14ClNO molek\u00fcler form\u00fcl\u00fcne sahip olan bir kuaterner amonyum tuzudur. Do\u011fal olarak canl\u0131 organizmalarda bulunan bir bile\u015fiktir ve \u00e7e\u015fitli biyolojik s\u00fcre\u00e7lerde \u00f6nemli bir rol oynar.<\/strong><\/p>\n<p><strong>Bu tuz, hem kuaterner amonyum i\u015flevsel grubunu hem de bir hidroksil i\u015flevsel grubunu i\u00e7eren iki i\u015flevli bir bile\u015fiktir. Bu \u00f6zellikler, \u00e7e\u015fitli biyokimyasal reaksiyonlara kat\u0131lmas\u0131n\u0131 sa\u011flar.<\/strong><\/p>\n<p><strong>\u00a0<\/strong><\/p>\n<p><strong>\u00a0<\/strong><\/p>\n<p><strong>KOL\u0130N KLOR\u00dcR \u00d6ZELL\u0130KLER\u0130<\/strong><\/p>\n<p><strong>Kolin klor\u00fcr beyaz kristaller olarak g\u00f6r\u00fcn\u00fcr.<\/strong><\/p>\n<p><strong>Kokusuz bazense bal\u0131k kokuludur.<\/strong><\/p>\n<p><strong>Bu \u00fcr\u00fcn su ve etanolde kolayca \u00e7\u00f6z\u00fcn\u00fcr, ancak eter, petrol eteri, benzen ve karbon dis\u00fclf\u00fcrde \u00e7\u00f6z\u00fcnmez.<\/strong><\/p>\n<p><strong>\u00a0<\/strong><\/p>\n<p><strong>\u00a0<\/strong><\/p>\n<p><strong>TEKN\u0130K \u00d6ZELL\u0130KLER\u0130<\/strong><\/p>\n<p><strong>CAS NUMARASI: 67-48-1<\/strong><\/p>\n<p><strong>EC NUMARASI: 200-655-4<\/strong><\/p>\n<p><strong>MOLEK\u00dcLER FORM\u00dcL: C5H14ClNO<\/strong><\/p>\n<p><strong>K\u0130MYASAL \u0130SM\u0130: Kolin klor\u00fcr, hepakolin, biocolina ve lipotrildir.<\/strong><\/p>\n<p><strong>MOLAR K\u00dcTLE: <\/strong><strong>139,62 g\u00b7mol-1 <\/strong><\/p>\n<p><strong>YO\u011eUNLUK: 430 kg\/m3<\/strong><\/p>\n<p><strong>ER\u0130ME NOKTASI: 302 \u00b0C<\/strong><\/p>\n<p><strong>pH DE\u011eER\u0130: \u00a05-6<\/strong><\/p>\n<p><strong>SUDA \u00c7\u00d6Z\u00dcN\u00dcRL\u00dcK: \u00c7\u00f6z\u00fcn\u00fcr<\/strong><\/p>\n<p><strong>\u00a0<\/strong><\/p>\n<p><strong>\u00a0<\/strong><\/p>\n<p><strong>KULLANIM ALANLARI <\/strong><\/p>\n<p><strong>Kolin klor\u00fcr, bir yem katk\u0131 maddesi olarak kullan\u0131ld\u0131\u011f\u0131nda, karaci\u011fer ve b\u00f6brekte ya\u011f birikimini ve doku dejenerasyonunu engelleyebilir. Ayn\u0131 zamanda, amino asitlerin bir araya gelmesini destekleyerek metabolizman\u0131n d\u00fczenlenmesine yard\u0131mc\u0131 olabilir. \u00d6zellikle, v\u00fccuttaki esansiyel amino asitlerden biri olan metioninin kullan\u0131m oran\u0131n\u0131 art\u0131rarak besinlerin daha etkili bir \u015fekilde kullan\u0131lmas\u0131na katk\u0131da bulunabilir.<\/strong><\/p>\n<p><strong>Farmas\u00f6tik \u00fcr\u00fcnlerin imalat\u0131nda kullan\u0131lan bir katk\u0131 madde olan Kolin klor\u00fcr, \u00f6zellikle s\u0131v\u0131 ila\u00e7lar\u0131n haz\u0131rlanmas\u0131nda \u00f6nemli bir rol oynar. \u00d6zel olarak, bu bile\u015fik, s\u0131v\u0131 form\u00fclasyonlar\u0131n stabilitesini art\u0131rmak ve etkinli\u011fini korumak i\u00e7in tercih edilir.<\/strong><\/p>\n<p><strong>Kolin klor\u00fcr, cilt bak\u0131m \u00fcr\u00fcnleri, \u015fampuanlar, sa\u00e7 kremleri ve di\u011fer ki\u015fisel bak\u0131m \u00fcr\u00fcnlerinde nemlendirici ve yumu\u015fat\u0131c\u0131 bir bile\u015fen olarak tercih edilir. <\/strong><\/p>\n<p><strong>Kolin klor\u00fcr, g\u0131da end\u00fcstrisinde \u00fcr\u00fcnlere \u00f6zel bir lezzet veya besleyici \u00f6zellikler sa\u011flamak amac\u0131yla katk\u0131 maddesi olarak kullan\u0131l\u0131r.<\/strong><\/p>\n<p><strong>Kolin klor\u00fcr, Veterinerlik uygulamalar\u0131nda hayvanlar\u0131n b\u00fcy\u00fcmesini destekleyen B vitamini olarak kullan\u0131l\u0131r.<\/strong><\/p>\n<p><strong>Hayvan yemi yap\u0131m\u0131nda h\u00fccre zar\u0131 yap\u0131s\u0131n\u0131 korudu\u011fu i\u00e7in eksojen olarak kullan\u0131l\u0131r.<\/strong><\/p>\n<p><strong>Kolin klor\u00fcr, tar\u0131m \u00fcr\u00fcnlerinin b\u00fcy\u00fcmesini ve geli\u015fimini te\u015fvik etmek amac\u0131yla bitki takviyesi olarak kullan\u0131labilir. \u00d6zellikle bitki sa\u011fl\u0131\u011f\u0131n\u0131 iyile\u015ftirmek ve verimlili\u011fi art\u0131rmak i\u00e7in bu takviyeler tercih edilebilir.<\/strong><\/p>\n<p><strong>Laboratuvar ortamlar\u0131nda, \u00f6zellikle h\u00fccre k\u00fclt\u00fcr\u00fc deneylerinde Kolin klor\u00fcr s\u0131k\u00e7a kullan\u0131lan bir bile\u015fendir. Bu bile\u015fik, h\u00fccre b\u00fcy\u00fcmesi ve metabolizmas\u0131yla ilgili ara\u015ft\u0131rmalarda \u00f6nemli bir rol oynar.<\/strong><\/p>\n<p><strong>Kolin klor\u00fcr, ya\u011f ta\u015f\u0131nmas\u0131nda, metabolizmada \u00f6nemli bir rol oynad\u0131\u011f\u0131 ve h\u00fccre zar\u0131 yap\u0131s\u0131n\u0131 korudu\u011fu i\u00e7in yem stoklar\u0131na eksojen olarak kolin klor\u00fcr eklenir.<\/strong><\/p>\n<p><strong>\u00a0<\/strong><\/p>\n<p><strong>AMBALAJ<\/strong><\/p>\n<p><strong>1-5-25 kg torbalarda<\/strong><\/p>\n<p><strong>\u00a0<\/strong><\/p>\n<p><strong>DEPOLAMA<\/strong><\/p>\n<p><strong>Serin ve kuru yerde muhafaza edilmelidir. \u00dcr\u00fcn kullan\u0131ld\u0131ktan sonra torba a\u011fz\u0131 a\u00e7\u0131k b\u0131rak\u0131lmamal\u0131d\u0131r.<\/strong><\/p>\n","protected":false},"excerpt":{"rendered":"<p>KOL\u0130N KLOR\u00dcR Kolin klor\u00fcr, C5H14ClNO molek\u00fcler form\u00fcl\u00fcne sahip olan bir kuaterner amonyum tuzudur. Do\u011fal olarak canl\u0131 organizmalarda bulunan bir bile\u015fiktir<\/p>\n","protected":false},"featured_media":17586,"comment_status":"open","ping_status":"closed","template":"","meta":{"_joinchat":[]},"product_cat":[74,76,81],"product_tag":[],"class_list":{"0":"post-17585","1":"product","2":"type-product","3":"status-publish","4":"has-post-thumbnail","6":"product_cat-deterjan-ve-kozmetik-kimyasallari","7":"product_cat-gida-ve-katki-kimyasallari","8":"product_cat-yem-katki-kimyasallari","10":"first","11":"instock","12":"shipping-taxable","13":"purchasable","14":"product-type-variable"},"yoast_head":"<!-- This site is optimized with the Yoast SEO Premium plugin v20.2.1 (Yoast SEO v20.2.1) - https:\/\/yoast.com\/wordpress\/plugins\/seo\/ -->\n<title>KOL\u0130N KLOR\u00dcR - Akerkimya<\/title>\n<meta name=\"robots\" content=\"index, follow, max-snippet:-1, max-image-preview:large, max-video-preview:-1\" \/>\n<link rel=\"canonical\" href=\"https:\/\/akerkimya.com\/eticaret\/urun\/kolin-klorur\/\" \/>\n<meta property=\"og:locale\" content=\"tr_TR\" \/>\n<meta property=\"og:type\" content=\"article\" \/>\n<meta property=\"og:title\" content=\"KOL\u0130N KLOR\u00dcR\" \/>\n<meta property=\"og:description\" content=\"KOL\u0130N KLOR\u00dcR Kolin klor\u00fcr, C5H14ClNO molek\u00fcler form\u00fcl\u00fcne sahip olan bir kuaterner amonyum tuzudur. Do\u011fal olarak canl\u0131 organizmalarda bulunan bir bile\u015fiktir\" \/>\n<meta property=\"og:url\" content=\"https:\/\/akerkimya.com\/eticaret\/urun\/kolin-klorur\/\" \/>\n<meta property=\"og:site_name\" content=\"Akerkimya\" \/>\n<meta property=\"article:modified_time\" content=\"2026-03-29T23:24:19+00:00\" \/>\n<meta property=\"og:image\" content=\"https:\/\/akerkimya.com\/eticaret\/wp-content\/uploads\/2025\/01\/KOLIN-KLORUR-GUNCEL.png\" \/>\n\t<meta property=\"og:image:width\" content=\"1000\" \/>\n\t<meta property=\"og:image:height\" content=\"1000\" \/>\n\t<meta property=\"og:image:type\" content=\"image\/png\" \/>\n<meta name=\"twitter:card\" content=\"summary_large_image\" \/>\n<meta name=\"twitter:label1\" content=\"Tahmini okuma s\u00fcresi\" \/>\n\t<meta name=\"twitter:data1\" content=\"3 dakika\" \/>\n<script type=\"application\/ld+json\" class=\"yoast-schema-graph\">{\"@context\":\"https:\/\/schema.org\",\"@graph\":[{\"@type\":\"WebPage\",\"@id\":\"https:\/\/akerkimya.com\/eticaret\/urun\/kolin-klorur\/\",\"url\":\"https:\/\/akerkimya.com\/eticaret\/urun\/kolin-klorur\/\",\"name\":\"KOL\u0130N KLOR\u00dcR - Akerkimya\",\"isPartOf\":{\"@id\":\"https:\/\/akerkimya.com\/eticaret\/#website\"},\"datePublished\":\"2025-01-04T14:07:24+00:00\",\"dateModified\":\"2026-03-29T23:24:19+00:00\",\"breadcrumb\":{\"@id\":\"https:\/\/akerkimya.com\/eticaret\/urun\/kolin-klorur\/#breadcrumb\"},\"inLanguage\":\"tr\",\"potentialAction\":[{\"@type\":\"ReadAction\",\"target\":[\"https:\/\/akerkimya.com\/eticaret\/urun\/kolin-klorur\/\"]}]},{\"@type\":\"BreadcrumbList\",\"@id\":\"https:\/\/akerkimya.com\/eticaret\/urun\/kolin-klorur\/#breadcrumb\",\"itemListElement\":[{\"@type\":\"ListItem\",\"position\":1,\"name\":\"Home\",\"item\":\"https:\/\/akerkimya.com\/eticaret\/\"},{\"@type\":\"ListItem\",\"position\":2,\"name\":\"Market\",\"item\":\"https:\/\/akerkimya.com\/eticaret\/market\/\"},{\"@type\":\"ListItem\",\"position\":3,\"name\":\"KOL\u0130N KLOR\u00dcR\"}]},{\"@type\":\"WebSite\",\"@id\":\"https:\/\/akerkimya.com\/eticaret\/#website\",\"url\":\"https:\/\/akerkimya.com\/eticaret\/\",\"name\":\"Akerkimya\",\"description\":\"\",\"potentialAction\":[{\"@type\":\"SearchAction\",\"target\":{\"@type\":\"EntryPoint\",\"urlTemplate\":\"https:\/\/akerkimya.com\/eticaret\/?s={search_term_string}\"},\"query-input\":\"required name=search_term_string\"}],\"inLanguage\":\"tr\"}]}<\/script>\n<!-- \/ Yoast SEO Premium plugin. -->","yoast_head_json":{"title":"KOL\u0130N KLOR\u00dcR - Akerkimya","robots":{"index":"index","follow":"follow","max-snippet":"max-snippet:-1","max-image-preview":"max-image-preview:large","max-video-preview":"max-video-preview:-1"},"canonical":"https:\/\/akerkimya.com\/eticaret\/urun\/kolin-klorur\/","og_locale":"tr_TR","og_type":"article","og_title":"KOL\u0130N KLOR\u00dcR","og_description":"KOL\u0130N KLOR\u00dcR Kolin klor\u00fcr, C5H14ClNO molek\u00fcler form\u00fcl\u00fcne sahip olan bir kuaterner amonyum tuzudur. Do\u011fal olarak canl\u0131 organizmalarda bulunan bir bile\u015fiktir","og_url":"https:\/\/akerkimya.com\/eticaret\/urun\/kolin-klorur\/","og_site_name":"Akerkimya","article_modified_time":"2026-03-29T23:24:19+00:00","og_image":[{"width":1000,"height":1000,"url":"https:\/\/akerkimya.com\/eticaret\/wp-content\/uploads\/2025\/01\/KOLIN-KLORUR-GUNCEL.png","type":"image\/png"}],"twitter_card":"summary_large_image","twitter_misc":{"Tahmini okuma s\u00fcresi":"3 dakika"},"schema":{"@context":"https:\/\/schema.org","@graph":[{"@type":"WebPage","@id":"https:\/\/akerkimya.com\/eticaret\/urun\/kolin-klorur\/","url":"https:\/\/akerkimya.com\/eticaret\/urun\/kolin-klorur\/","name":"KOL\u0130N KLOR\u00dcR - Akerkimya","isPartOf":{"@id":"https:\/\/akerkimya.com\/eticaret\/#website"},"datePublished":"2025-01-04T14:07:24+00:00","dateModified":"2026-03-29T23:24:19+00:00","breadcrumb":{"@id":"https:\/\/akerkimya.com\/eticaret\/urun\/kolin-klorur\/#breadcrumb"},"inLanguage":"tr","potentialAction":[{"@type":"ReadAction","target":["https:\/\/akerkimya.com\/eticaret\/urun\/kolin-klorur\/"]}]},{"@type":"BreadcrumbList","@id":"https:\/\/akerkimya.com\/eticaret\/urun\/kolin-klorur\/#breadcrumb","itemListElement":[{"@type":"ListItem","position":1,"name":"Home","item":"https:\/\/akerkimya.com\/eticaret\/"},{"@type":"ListItem","position":2,"name":"Market","item":"https:\/\/akerkimya.com\/eticaret\/market\/"},{"@type":"ListItem","position":3,"name":"KOL\u0130N KLOR\u00dcR"}]},{"@type":"WebSite","@id":"https:\/\/akerkimya.com\/eticaret\/#website","url":"https:\/\/akerkimya.com\/eticaret\/","name":"Akerkimya","description":"","potentialAction":[{"@type":"SearchAction","target":{"@type":"EntryPoint","urlTemplate":"https:\/\/akerkimya.com\/eticaret\/?s={search_term_string}"},"query-input":"required name=search_term_string"}],"inLanguage":"tr"}]}},"_links":{"self":[{"href":"https:\/\/akerkimya.com\/eticaret\/wp-json\/wp\/v2\/product\/17585","targetHints":{"allow":["GET"]}}],"collection":[{"href":"https:\/\/akerkimya.com\/eticaret\/wp-json\/wp\/v2\/product"}],"about":[{"href":"https:\/\/akerkimya.com\/eticaret\/wp-json\/wp\/v2\/types\/product"}],"replies":[{"embeddable":true,"href":"https:\/\/akerkimya.com\/eticaret\/wp-json\/wp\/v2\/comments?post=17585"}],"version-history":[{"count":1,"href":"https:\/\/akerkimya.com\/eticaret\/wp-json\/wp\/v2\/product\/17585\/revisions"}],"predecessor-version":[{"id":17590,"href":"https:\/\/akerkimya.com\/eticaret\/wp-json\/wp\/v2\/product\/17585\/revisions\/17590"}],"wp:featuredmedia":[{"embeddable":true,"href":"https:\/\/akerkimya.com\/eticaret\/wp-json\/wp\/v2\/media\/17586"}],"wp:attachment":[{"href":"https:\/\/akerkimya.com\/eticaret\/wp-json\/wp\/v2\/media?parent=17585"}],"wp:term":[{"taxonomy":"product_cat","embeddable":true,"href":"https:\/\/akerkimya.com\/eticaret\/wp-json\/wp\/v2\/product_cat?post=17585"},{"taxonomy":"product_tag","embeddable":true,"href":"https:\/\/akerkimya.com\/eticaret\/wp-json\/wp\/v2\/product_tag?post=17585"}],"curies":[{"name":"wp","href":"https:\/\/api.w.org\/{rel}","templated":true}]}}