{"id":17598,"date":"2025-01-04T17:16:20","date_gmt":"2025-01-04T14:16:20","guid":{"rendered":"https:\/\/akerkimya.com\/eticaret\/?post_type=product&#038;p=17598"},"modified":"2026-03-30T02:24:19","modified_gmt":"2026-03-29T23:24:19","slug":"kristal-mentol","status":"publish","type":"product","link":"https:\/\/akerkimya.com\/eticaret\/urun\/kristal-mentol\/","title":{"rendered":"KR\u0130STAL MENTOL"},"content":{"rendered":"<h1>KR\u0130STAL MENTOL<\/h1>\n<p><strong>Kristal Mentol, beyaz kristal kat\u0131 formda, keskin bir kokuya sahip nanegiller familyas\u0131n\u0131n bir \u00fcyesidir. Do\u011fal olarak yabani nane ve nane yapraklar\u0131ndan elde edilir. Mentha arvensis bitkisinin yapraklar\u0131ndan elde edilen bu ya\u011f, buhar dam\u0131tma y\u00f6ntemi ile ayr\u0131\u015ft\u0131r\u0131larak i\u00e7inden mentol etkeni elde edilir. <\/strong><\/p>\n<p><strong>\u00a0<\/strong><\/p>\n<p><strong>KULLANIM ALANLARI<\/strong><\/p>\n<p><strong>\u0130la\u00e7 sekt\u00f6r\u00fcnde, nezle, grip ve so\u011fuk alg\u0131nl\u0131\u011f\u0131 ile ilgili \u015furuplar\u0131n i\u00e7erisinde kullan\u0131l\u0131r. Pastil gibi tabletlerin i\u00e7erisinde de mentol kullan\u0131l\u0131r.<\/strong><\/p>\n<p><strong>Ba\u015f a\u011fr\u0131s\u0131 i\u00e7in \u00e7e\u015fitli losyonlar i\u00e7erisinde analjezik etkisi ile kullan\u0131l\u0131r. Ayn\u0131 zamanda ishal ve bulant\u0131 ge\u00e7iren ki\u015filere mentol verilmektedir.<\/strong><\/p>\n<p><strong>After shave ve g\u00fcne\u015f yan\u0131\u011f\u0131 i\u00e7in olan losyonlar gibi cilt ferahlat\u0131c\u0131larda kullan\u0131l\u0131r.<\/strong><\/p>\n<p><strong>G\u0131da sekt\u00f6r\u00fcnde, dondurma ve sak\u0131z gibi \u00fcr\u00fcnlerin i\u00e7erisinde kullan\u0131l\u0131r.<\/strong><\/p>\n<p><strong>Kozmetik sekt\u00f6r\u00fcnde, cilt maskeleri, parf\u00fcm ve k\u00f6t\u00fc koku maskeleyici olarak kullan\u0131l\u0131r. <\/strong><\/p>\n<p><strong>Di\u015f macunu \u00fcretiminde nane tad\u0131 verici olarak kullan\u0131l\u0131r.<\/strong><\/p>\n<p><strong>Kas a\u011fr\u0131lar\u0131, burkulma ve benzer durumlara tedavi olarak uygulanan \u00fcr\u00fcnlerin i\u00e7inde bulunur.<\/strong><\/p>\n<p><strong>Yan\u0131klarda, yanm\u0131\u015f olan b\u00f6lgeye s\u00fcr\u00fclen krem ve merhemlerde kullan\u0131l\u0131r. <\/strong><\/p>\n<p><strong>\u015eampuanda kullan\u0131lan mentol kristalleri, ya\u011f \u00fcretimini d\u00fczenlemek i\u00e7in kepek birikimini gidermek ve bit tedavisi gibi g\u00f6revleri nedeni ile kullan\u0131l\u0131r.<\/strong><\/p>\n<p><strong>\u00a0<\/strong><\/p>\n<p><strong>AMBALAJ<\/strong><\/p>\n<p><strong>1-5-25 kg torbalar halinde<\/strong><\/p>\n<p><strong>DEPOLAMA <\/strong><\/p>\n<p><strong>Serin ve kuru bir alanda muhafaza ediniz.<\/strong><\/p>\n","protected":false},"excerpt":{"rendered":"<p>KR\u0130STAL MENTOL Kristal Mentol, beyaz kristal kat\u0131 formda, keskin bir kokuya sahip nanegiller familyas\u0131n\u0131n bir \u00fcyesidir. Do\u011fal olarak yabani nane<\/p>\n","protected":false},"featured_media":17599,"comment_status":"open","ping_status":"closed","template":"","meta":{"_joinchat":[]},"product_cat":[74,76,80,81],"product_tag":[],"class_list":{"0":"post-17598","1":"product","2":"type-product","3":"status-publish","4":"has-post-thumbnail","6":"product_cat-deterjan-ve-kozmetik-kimyasallari","7":"product_cat-gida-ve-katki-kimyasallari","8":"product_cat-veteriner-ve-ilac-kimyasallari","9":"product_cat-yem-katki-kimyasallari","11":"first","12":"instock","13":"shipping-taxable","14":"purchasable","15":"product-type-variable"},"yoast_head":"<!-- This site is optimized with the Yoast SEO Premium plugin v20.2.1 (Yoast SEO v20.2.1) - https:\/\/yoast.com\/wordpress\/plugins\/seo\/ -->\n<title>KR\u0130STAL MENTOL - Akerkimya<\/title>\n<meta name=\"robots\" content=\"index, follow, max-snippet:-1, max-image-preview:large, max-video-preview:-1\" \/>\n<link rel=\"canonical\" href=\"https:\/\/akerkimya.com\/eticaret\/urun\/kristal-mentol\/\" \/>\n<meta property=\"og:locale\" content=\"tr_TR\" \/>\n<meta property=\"og:type\" content=\"article\" \/>\n<meta property=\"og:title\" content=\"KR\u0130STAL MENTOL\" \/>\n<meta property=\"og:description\" content=\"KR\u0130STAL MENTOL Kristal Mentol, beyaz kristal kat\u0131 formda, keskin bir kokuya sahip nanegiller familyas\u0131n\u0131n bir \u00fcyesidir. Do\u011fal olarak yabani nane\" \/>\n<meta property=\"og:url\" content=\"https:\/\/akerkimya.com\/eticaret\/urun\/kristal-mentol\/\" \/>\n<meta property=\"og:site_name\" content=\"Akerkimya\" \/>\n<meta property=\"article:modified_time\" content=\"2026-03-29T23:24:19+00:00\" \/>\n<meta property=\"og:image\" content=\"https:\/\/akerkimya.com\/eticaret\/wp-content\/uploads\/2025\/01\/KRISTAL-MENTOL-GUNCEL.png\" \/>\n\t<meta property=\"og:image:width\" content=\"1000\" \/>\n\t<meta property=\"og:image:height\" content=\"1000\" \/>\n\t<meta property=\"og:image:type\" content=\"image\/png\" \/>\n<meta name=\"twitter:card\" content=\"summary_large_image\" \/>\n<meta name=\"twitter:label1\" content=\"Tahmini okuma s\u00fcresi\" \/>\n\t<meta name=\"twitter:data1\" content=\"1 dakika\" \/>\n<script type=\"application\/ld+json\" class=\"yoast-schema-graph\">{\"@context\":\"https:\/\/schema.org\",\"@graph\":[{\"@type\":\"WebPage\",\"@id\":\"https:\/\/akerkimya.com\/eticaret\/urun\/kristal-mentol\/\",\"url\":\"https:\/\/akerkimya.com\/eticaret\/urun\/kristal-mentol\/\",\"name\":\"KR\u0130STAL MENTOL - Akerkimya\",\"isPartOf\":{\"@id\":\"https:\/\/akerkimya.com\/eticaret\/#website\"},\"datePublished\":\"2025-01-04T14:16:20+00:00\",\"dateModified\":\"2026-03-29T23:24:19+00:00\",\"breadcrumb\":{\"@id\":\"https:\/\/akerkimya.com\/eticaret\/urun\/kristal-mentol\/#breadcrumb\"},\"inLanguage\":\"tr\",\"potentialAction\":[{\"@type\":\"ReadAction\",\"target\":[\"https:\/\/akerkimya.com\/eticaret\/urun\/kristal-mentol\/\"]}]},{\"@type\":\"BreadcrumbList\",\"@id\":\"https:\/\/akerkimya.com\/eticaret\/urun\/kristal-mentol\/#breadcrumb\",\"itemListElement\":[{\"@type\":\"ListItem\",\"position\":1,\"name\":\"Home\",\"item\":\"https:\/\/akerkimya.com\/eticaret\/\"},{\"@type\":\"ListItem\",\"position\":2,\"name\":\"Market\",\"item\":\"https:\/\/akerkimya.com\/eticaret\/market\/\"},{\"@type\":\"ListItem\",\"position\":3,\"name\":\"KR\u0130STAL MENTOL\"}]},{\"@type\":\"WebSite\",\"@id\":\"https:\/\/akerkimya.com\/eticaret\/#website\",\"url\":\"https:\/\/akerkimya.com\/eticaret\/\",\"name\":\"Akerkimya\",\"description\":\"\",\"potentialAction\":[{\"@type\":\"SearchAction\",\"target\":{\"@type\":\"EntryPoint\",\"urlTemplate\":\"https:\/\/akerkimya.com\/eticaret\/?s={search_term_string}\"},\"query-input\":\"required name=search_term_string\"}],\"inLanguage\":\"tr\"}]}<\/script>\n<!-- \/ Yoast SEO Premium plugin. -->","yoast_head_json":{"title":"KR\u0130STAL MENTOL - Akerkimya","robots":{"index":"index","follow":"follow","max-snippet":"max-snippet:-1","max-image-preview":"max-image-preview:large","max-video-preview":"max-video-preview:-1"},"canonical":"https:\/\/akerkimya.com\/eticaret\/urun\/kristal-mentol\/","og_locale":"tr_TR","og_type":"article","og_title":"KR\u0130STAL MENTOL","og_description":"KR\u0130STAL MENTOL Kristal Mentol, beyaz kristal kat\u0131 formda, keskin bir kokuya sahip nanegiller familyas\u0131n\u0131n bir \u00fcyesidir. Do\u011fal olarak yabani nane","og_url":"https:\/\/akerkimya.com\/eticaret\/urun\/kristal-mentol\/","og_site_name":"Akerkimya","article_modified_time":"2026-03-29T23:24:19+00:00","og_image":[{"width":1000,"height":1000,"url":"https:\/\/akerkimya.com\/eticaret\/wp-content\/uploads\/2025\/01\/KRISTAL-MENTOL-GUNCEL.png","type":"image\/png"}],"twitter_card":"summary_large_image","twitter_misc":{"Tahmini okuma s\u00fcresi":"1 dakika"},"schema":{"@context":"https:\/\/schema.org","@graph":[{"@type":"WebPage","@id":"https:\/\/akerkimya.com\/eticaret\/urun\/kristal-mentol\/","url":"https:\/\/akerkimya.com\/eticaret\/urun\/kristal-mentol\/","name":"KR\u0130STAL MENTOL - Akerkimya","isPartOf":{"@id":"https:\/\/akerkimya.com\/eticaret\/#website"},"datePublished":"2025-01-04T14:16:20+00:00","dateModified":"2026-03-29T23:24:19+00:00","breadcrumb":{"@id":"https:\/\/akerkimya.com\/eticaret\/urun\/kristal-mentol\/#breadcrumb"},"inLanguage":"tr","potentialAction":[{"@type":"ReadAction","target":["https:\/\/akerkimya.com\/eticaret\/urun\/kristal-mentol\/"]}]},{"@type":"BreadcrumbList","@id":"https:\/\/akerkimya.com\/eticaret\/urun\/kristal-mentol\/#breadcrumb","itemListElement":[{"@type":"ListItem","position":1,"name":"Home","item":"https:\/\/akerkimya.com\/eticaret\/"},{"@type":"ListItem","position":2,"name":"Market","item":"https:\/\/akerkimya.com\/eticaret\/market\/"},{"@type":"ListItem","position":3,"name":"KR\u0130STAL MENTOL"}]},{"@type":"WebSite","@id":"https:\/\/akerkimya.com\/eticaret\/#website","url":"https:\/\/akerkimya.com\/eticaret\/","name":"Akerkimya","description":"","potentialAction":[{"@type":"SearchAction","target":{"@type":"EntryPoint","urlTemplate":"https:\/\/akerkimya.com\/eticaret\/?s={search_term_string}"},"query-input":"required name=search_term_string"}],"inLanguage":"tr"}]}},"_links":{"self":[{"href":"https:\/\/akerkimya.com\/eticaret\/wp-json\/wp\/v2\/product\/17598","targetHints":{"allow":["GET"]}}],"collection":[{"href":"https:\/\/akerkimya.com\/eticaret\/wp-json\/wp\/v2\/product"}],"about":[{"href":"https:\/\/akerkimya.com\/eticaret\/wp-json\/wp\/v2\/types\/product"}],"replies":[{"embeddable":true,"href":"https:\/\/akerkimya.com\/eticaret\/wp-json\/wp\/v2\/comments?post=17598"}],"version-history":[{"count":2,"href":"https:\/\/akerkimya.com\/eticaret\/wp-json\/wp\/v2\/product\/17598\/revisions"}],"predecessor-version":[{"id":17601,"href":"https:\/\/akerkimya.com\/eticaret\/wp-json\/wp\/v2\/product\/17598\/revisions\/17601"}],"wp:featuredmedia":[{"embeddable":true,"href":"https:\/\/akerkimya.com\/eticaret\/wp-json\/wp\/v2\/media\/17599"}],"wp:attachment":[{"href":"https:\/\/akerkimya.com\/eticaret\/wp-json\/wp\/v2\/media?parent=17598"}],"wp:term":[{"taxonomy":"product_cat","embeddable":true,"href":"https:\/\/akerkimya.com\/eticaret\/wp-json\/wp\/v2\/product_cat?post=17598"},{"taxonomy":"product_tag","embeddable":true,"href":"https:\/\/akerkimya.com\/eticaret\/wp-json\/wp\/v2\/product_tag?post=17598"}],"curies":[{"name":"wp","href":"https:\/\/api.w.org\/{rel}","templated":true}]}}