{"id":17630,"date":"2025-01-04T17:52:55","date_gmt":"2025-01-04T14:52:55","guid":{"rendered":"https:\/\/akerkimya.com\/eticaret\/?post_type=product&#038;p=17630"},"modified":"2026-03-30T02:24:19","modified_gmt":"2026-03-29T23:24:19","slug":"magnezyum-sulfat-anhidrat","status":"publish","type":"product","link":"https:\/\/akerkimya.com\/eticaret\/urun\/magnezyum-sulfat-anhidrat\/","title":{"rendered":"MAGNEZYUM S\u00dcLFAT (ANH\u0130DRAT)"},"content":{"rendered":"<h1>MAGNEZYUM S\u00dcLFAT (ANH\u0130DRAT) <\/h1>\n<p><strong>Magnezyum s\u00fclfat anhidrat MgSO4 molek\u00fcler form\u00fcl\u00fcne sahip, magnezyum mineralinin suda eriyebilen halidir.<\/strong><\/p>\n<p><strong>Bu tuz, genellikle \u201cepsom tuzu&#8221; olarak adland\u0131r\u0131lan, magnezyum, k\u00fck\u00fcrt ve oksijen i\u00e7eren bir inorganik bile\u015fiktir.<\/strong><\/p>\n<p><strong>Magnezyum s\u00fclfat, susuz ile m\u00fckemmel \u00f6zelliklere sahip, y\u00fcksek performansl\u0131 ve do\u011fal kayna\u011f\u0131 sayesinde \u00e7evre dostu bir \u00fcr\u00fcnd\u00fcr.<\/strong><\/p>\n<p><strong>Di\u011fer tuzlara g\u00f6re daha d\u00fc\u015f\u00fck bir korozyon seviyesine sahip olmas\u0131, magnezyum s\u00fclfat\u0131n en b\u00fcy\u00fck avantajlar\u0131ndan biridir.<\/strong><\/p>\n<p><strong>\u00a0<\/strong><\/p>\n<p><strong>\u00a0<\/strong><\/p>\n<p><strong>\u00a0<\/strong><\/p>\n<p><strong>MAGNEZYUM S\u00dcLFAT (ANH\u0130DRAT) \u00d6ZELL\u0130KLER\u0130<\/strong><\/p>\n<p><strong>Beyaz, kristal toz formundad\u0131r.<\/strong><\/p>\n<p><strong>Kokusu bulunmamaktad\u0131r. <\/strong><\/p>\n<p><strong>Tuzlu ac\u0131 bir tada sahiptir.<\/strong><\/p>\n<p><strong>Suda kolayca \u00e7\u00f6z\u00fcnen Susuz Magnezyum S\u00fclfat, \u00e7\u00f6z\u00fcnme esnas\u0131nda \u0131s\u0131 \u00fcretir. Ayr\u0131ca, suyla kendi a\u011f\u0131rl\u0131\u011f\u0131n\u0131n %100&#8217;\u00fcne kadar birle\u015febilir ve di\u011fer tuzlardan daha az a\u015f\u0131nd\u0131r\u0131c\u0131d\u0131r.<\/strong><\/p>\n<p><strong>\u00a0<\/strong><\/p>\n<p><strong>\u00a0<\/strong><\/p>\n<p><strong>TEKN\u0130K \u00d6ZELL\u0130KLER\u0130<\/strong><\/p>\n<p><strong>CAS NUMARASI: 7487 \u2013 88 \u2013 9<\/strong><\/p>\n<p><strong>MOLEK\u00dcLER FORM\u00dcL: MgSO4<\/strong><\/p>\n<p><strong>K\u0130MYASAL \u0130SM\u0130: Magnezyum s\u00fclfat (anhidrat),<\/strong><strong>\u00a0 <\/strong><strong>Epsom tuzu (ingiliz tuzu)<\/strong><\/p>\n<p><strong>MOLAR K\u00dcTLE: 120.37 GR \/ MOL<\/strong><\/p>\n<p><strong>YO\u011eUNLUK: 2.66 g\/cm\u00b3<\/strong><\/p>\n<p><strong>ER\u0130ME NOKTASI: 1124 \u00b0C <\/strong><\/p>\n<p><strong>pH\u00a0 ARALI\u011eI: \u00a05.5-6.5<\/strong><\/p>\n<p><strong>KULLANIM ALANLARI <\/strong><\/p>\n<p><strong>T\u0131bbi alanda, magnezyum eksikli\u011finin telafi edilmesinde, \u015fiddetli ast\u0131m krizlerinin engellenmesinde ve sistolik kan bas\u0131nc\u0131n\u0131n indirilmesinde etkilidir.<\/strong><\/p>\n<p><strong>Yeni do\u011fum yapm\u0131\u015f kad\u0131nlarda preeklampsi hastal\u0131\u011f\u0131n\u0131n tedavisinde kullan\u0131ld\u0131\u011f\u0131 gibi, hamile kad\u0131nlara erken do\u011fumu \u00f6nlemek i\u00e7in g\u0131da takviyesi olarak verilmektedir.<\/strong><\/p>\n<p><strong>Baryum, zehirlenmelerin tedavisinde yayg\u0131n olarak kullan\u0131lan bir bile\u015fiktir. Ayn\u0131 zamanda, \u00e7\u0131ban ve apselerin kurutulmas\u0131 i\u00e7in topikal kremlerin imalat\u0131nda da kullan\u0131lm\u0131\u015ft\u0131r.<\/strong><\/p>\n<p><strong>Sporcularda meydana gelen kas a\u011fr\u0131lar\u0131n\u0131n azalt\u0131lmas\u0131 i\u00e7in kullan\u0131lan ila\u00e7lar\u0131n bir bile\u015fenidir.<\/strong><\/p>\n<p><strong>Magnezyum s\u00fclfat, bitkilerin klorofil sentezi i\u00e7in kritik bir element olan magnezyumun topraktan sa\u011flanmas\u0131nda kullan\u0131l\u0131r, bu da patates, domates, biber ve g\u00fcl gibi bitkilerin verimli bir \u015fekilde yeti\u015ftirilmesini sa\u011flar.<\/strong><\/p>\n<p><strong>Tekstil end\u00fcstrisinde, end\u00fcstriyel tuz, kuma\u015flar\u0131n i\u015flenmesi ve rafinasyonunda boya artt\u0131r\u0131c\u0131s\u0131 olarak, pamu\u011fu i\u015flemek i\u00e7in apre sekt\u00f6r\u00fcnde (Kuma\u015f ve derinin g\u00f6rece\u011fi i\u015flemlere haz\u0131rlanmas\u0131 s\u00fcrecinde temizlenmesi, parlat\u0131lmas\u0131 ve d\u00fczeltilmesi gibi s\u00fcre\u00e7ler) kullan\u0131l\u0131r.<\/strong><\/p>\n<p><strong>Magnezyum s\u00fclfat, a\u011f\u0131r hizmet deterjanlar\u0131n\u0131n form\u00fclasyonunda kullan\u0131ld\u0131\u011f\u0131nda, lifler i\u00e7in dost\u00e7a bir etki sunar ve at\u0131k suya kar\u015f\u0131 n\u00f6tr bir tutum sergiler. Bunun yan\u0131 s\u0131ra, s\u0131v\u0131 sabunlar, deterjanlar ve durulama maddelerinde viskoziteyi d\u00fczenlemek i\u00e7in de tercih edilir.<\/strong><\/p>\n<p><strong>Su i\u00e7indeki tuzluluk seviyesi, y\u00fczd\u00fcrme sular\u0131n\u0131n yo\u011funlu\u011funu art\u0131rmak amac\u0131yla banyoda kullan\u0131lan bir bile\u015fendir.<\/strong><\/p>\n<p><strong>Kau\u00e7uk ve plastik sekt\u00f6r\u00fcnde p\u0131ht\u0131la\u015ft\u0131r\u0131c\u0131 ajan oparak kullan\u0131l\u0131r.<\/strong><\/p>\n<p><strong>K\u00fck\u00fcrt giderimi i\u00e7in baca gazlar\u0131ndaki kullan\u0131lan kimyasallar aras\u0131nda s\u0131k\u00e7a rastlanan bir maddedir.<\/strong><\/p>\n<p><strong>Bira \u00fcretiminde kullan\u0131lan magnezyum s\u00fclfat, demleme tuzu olarak bilinirken, tofu yap\u0131m\u0131nda da p\u0131ht\u0131la\u015fma katk\u0131 maddesi olarak kullan\u0131labilir.<\/strong><\/p>\n<p><strong>Ka\u011f\u0131t hamuru \u00fcretiminde, magnezyum s\u00fclfat susuz ve epsom tuzu, stabilizat\u00f6r olarak rol alarak ka\u011f\u0131d\u0131n esmerle\u015fmesini engeller. Bu iki bile\u015fen, alkali a\u011fartma s\u00fcreci olarak bilinen sonraki i\u015flemde de etkinliklerini g\u00f6stermi\u015ftir.<\/strong><\/p>\n<p><strong>Magnezyum s\u00fclfat susuz, organik \u00e7\u00f6z\u00fcc\u00fclerin kurutulmas\u0131 i\u00e7in kimyasal laboratuvarlarda tercih edilen bir kurutucu maddedir.<\/strong><\/p>\n<p><strong>\u00a0<\/strong><\/p>\n<p><strong>AMBALAJ<\/strong><\/p>\n<p><strong>1-5-25 kilo torbalarda<\/strong><\/p>\n<p><strong>\u00a0<\/strong><\/p>\n<p><strong>DEPOLAMA<\/strong><\/p>\n<p><strong>Serin ve kuru yerde muhafaza edilmelidir. \u00dcr\u00fcn kullan\u0131ld\u0131ktan sonra torba a\u011fz\u0131 a\u00e7\u0131k b\u0131rak\u0131lmamal\u0131d\u0131r.<\/strong><\/p>\n","protected":false},"excerpt":{"rendered":"<p>MAGNEZYUM S\u00dcLFAT (ANH\u0130DRAT) Magnezyum s\u00fclfat anhidrat MgSO4 molek\u00fcler form\u00fcl\u00fcne sahip, magnezyum mineralinin suda eriyebilen halidir. Bu tuz, genellikle \u201cepsom tuzu&#8221;<\/p>\n","protected":false},"featured_media":17631,"comment_status":"open","ping_status":"closed","template":"","meta":{"_joinchat":[]},"product_cat":[74,79,80,81],"product_tag":[],"class_list":{"0":"post-17630","1":"product","2":"type-product","3":"status-publish","4":"has-post-thumbnail","6":"product_cat-deterjan-ve-kozmetik-kimyasallari","7":"product_cat-tarim-kimyasallari","8":"product_cat-veteriner-ve-ilac-kimyasallari","9":"product_cat-yem-katki-kimyasallari","11":"first","12":"instock","13":"shipping-taxable","14":"purchasable","15":"product-type-variable"},"yoast_head":"<!-- This site is optimized with the Yoast SEO Premium plugin v20.2.1 (Yoast SEO v20.2.1) - https:\/\/yoast.com\/wordpress\/plugins\/seo\/ -->\n<title>MAGNEZYUM S\u00dcLFAT (ANH\u0130DRAT) - Akerkimya<\/title>\n<meta name=\"robots\" content=\"index, follow, max-snippet:-1, max-image-preview:large, max-video-preview:-1\" \/>\n<link rel=\"canonical\" href=\"https:\/\/akerkimya.com\/eticaret\/urun\/magnezyum-sulfat-anhidrat\/\" \/>\n<meta property=\"og:locale\" content=\"tr_TR\" \/>\n<meta property=\"og:type\" content=\"article\" \/>\n<meta property=\"og:title\" content=\"MAGNEZYUM S\u00dcLFAT (ANH\u0130DRAT)\" \/>\n<meta property=\"og:description\" content=\"MAGNEZYUM S\u00dcLFAT (ANH\u0130DRAT) Magnezyum s\u00fclfat anhidrat MgSO4 molek\u00fcler form\u00fcl\u00fcne sahip, magnezyum mineralinin suda eriyebilen halidir. Bu tuz, genellikle \u201cepsom tuzu&#8221;\" \/>\n<meta property=\"og:url\" content=\"https:\/\/akerkimya.com\/eticaret\/urun\/magnezyum-sulfat-anhidrat\/\" \/>\n<meta property=\"og:site_name\" content=\"Akerkimya\" \/>\n<meta property=\"article:modified_time\" content=\"2026-03-29T23:24:19+00:00\" \/>\n<meta property=\"og:image\" content=\"https:\/\/akerkimya.com\/eticaret\/wp-content\/uploads\/2025\/01\/MAGNEZYUM-SULFAT-ANHIDRAT-GUNCEL.png\" \/>\n\t<meta property=\"og:image:width\" content=\"1000\" \/>\n\t<meta property=\"og:image:height\" content=\"1000\" \/>\n\t<meta property=\"og:image:type\" content=\"image\/png\" \/>\n<meta name=\"twitter:card\" content=\"summary_large_image\" \/>\n<meta name=\"twitter:label1\" content=\"Tahmini okuma s\u00fcresi\" \/>\n\t<meta name=\"twitter:data1\" content=\"3 dakika\" \/>\n<script type=\"application\/ld+json\" class=\"yoast-schema-graph\">{\"@context\":\"https:\/\/schema.org\",\"@graph\":[{\"@type\":\"WebPage\",\"@id\":\"https:\/\/akerkimya.com\/eticaret\/urun\/magnezyum-sulfat-anhidrat\/\",\"url\":\"https:\/\/akerkimya.com\/eticaret\/urun\/magnezyum-sulfat-anhidrat\/\",\"name\":\"MAGNEZYUM S\u00dcLFAT (ANH\u0130DRAT) - Akerkimya\",\"isPartOf\":{\"@id\":\"https:\/\/akerkimya.com\/eticaret\/#website\"},\"datePublished\":\"2025-01-04T14:52:55+00:00\",\"dateModified\":\"2026-03-29T23:24:19+00:00\",\"breadcrumb\":{\"@id\":\"https:\/\/akerkimya.com\/eticaret\/urun\/magnezyum-sulfat-anhidrat\/#breadcrumb\"},\"inLanguage\":\"tr\",\"potentialAction\":[{\"@type\":\"ReadAction\",\"target\":[\"https:\/\/akerkimya.com\/eticaret\/urun\/magnezyum-sulfat-anhidrat\/\"]}]},{\"@type\":\"BreadcrumbList\",\"@id\":\"https:\/\/akerkimya.com\/eticaret\/urun\/magnezyum-sulfat-anhidrat\/#breadcrumb\",\"itemListElement\":[{\"@type\":\"ListItem\",\"position\":1,\"name\":\"Home\",\"item\":\"https:\/\/akerkimya.com\/eticaret\/\"},{\"@type\":\"ListItem\",\"position\":2,\"name\":\"Market\",\"item\":\"https:\/\/akerkimya.com\/eticaret\/market\/\"},{\"@type\":\"ListItem\",\"position\":3,\"name\":\"MAGNEZYUM S\u00dcLFAT (ANH\u0130DRAT)\"}]},{\"@type\":\"WebSite\",\"@id\":\"https:\/\/akerkimya.com\/eticaret\/#website\",\"url\":\"https:\/\/akerkimya.com\/eticaret\/\",\"name\":\"Akerkimya\",\"description\":\"\",\"potentialAction\":[{\"@type\":\"SearchAction\",\"target\":{\"@type\":\"EntryPoint\",\"urlTemplate\":\"https:\/\/akerkimya.com\/eticaret\/?s={search_term_string}\"},\"query-input\":\"required name=search_term_string\"}],\"inLanguage\":\"tr\"}]}<\/script>\n<!-- \/ Yoast SEO Premium plugin. -->","yoast_head_json":{"title":"MAGNEZYUM S\u00dcLFAT (ANH\u0130DRAT) - Akerkimya","robots":{"index":"index","follow":"follow","max-snippet":"max-snippet:-1","max-image-preview":"max-image-preview:large","max-video-preview":"max-video-preview:-1"},"canonical":"https:\/\/akerkimya.com\/eticaret\/urun\/magnezyum-sulfat-anhidrat\/","og_locale":"tr_TR","og_type":"article","og_title":"MAGNEZYUM S\u00dcLFAT (ANH\u0130DRAT)","og_description":"MAGNEZYUM S\u00dcLFAT (ANH\u0130DRAT) Magnezyum s\u00fclfat anhidrat MgSO4 molek\u00fcler form\u00fcl\u00fcne sahip, magnezyum mineralinin suda eriyebilen halidir. Bu tuz, genellikle \u201cepsom tuzu&#8221;","og_url":"https:\/\/akerkimya.com\/eticaret\/urun\/magnezyum-sulfat-anhidrat\/","og_site_name":"Akerkimya","article_modified_time":"2026-03-29T23:24:19+00:00","og_image":[{"width":1000,"height":1000,"url":"https:\/\/akerkimya.com\/eticaret\/wp-content\/uploads\/2025\/01\/MAGNEZYUM-SULFAT-ANHIDRAT-GUNCEL.png","type":"image\/png"}],"twitter_card":"summary_large_image","twitter_misc":{"Tahmini okuma s\u00fcresi":"3 dakika"},"schema":{"@context":"https:\/\/schema.org","@graph":[{"@type":"WebPage","@id":"https:\/\/akerkimya.com\/eticaret\/urun\/magnezyum-sulfat-anhidrat\/","url":"https:\/\/akerkimya.com\/eticaret\/urun\/magnezyum-sulfat-anhidrat\/","name":"MAGNEZYUM S\u00dcLFAT (ANH\u0130DRAT) - Akerkimya","isPartOf":{"@id":"https:\/\/akerkimya.com\/eticaret\/#website"},"datePublished":"2025-01-04T14:52:55+00:00","dateModified":"2026-03-29T23:24:19+00:00","breadcrumb":{"@id":"https:\/\/akerkimya.com\/eticaret\/urun\/magnezyum-sulfat-anhidrat\/#breadcrumb"},"inLanguage":"tr","potentialAction":[{"@type":"ReadAction","target":["https:\/\/akerkimya.com\/eticaret\/urun\/magnezyum-sulfat-anhidrat\/"]}]},{"@type":"BreadcrumbList","@id":"https:\/\/akerkimya.com\/eticaret\/urun\/magnezyum-sulfat-anhidrat\/#breadcrumb","itemListElement":[{"@type":"ListItem","position":1,"name":"Home","item":"https:\/\/akerkimya.com\/eticaret\/"},{"@type":"ListItem","position":2,"name":"Market","item":"https:\/\/akerkimya.com\/eticaret\/market\/"},{"@type":"ListItem","position":3,"name":"MAGNEZYUM S\u00dcLFAT (ANH\u0130DRAT)"}]},{"@type":"WebSite","@id":"https:\/\/akerkimya.com\/eticaret\/#website","url":"https:\/\/akerkimya.com\/eticaret\/","name":"Akerkimya","description":"","potentialAction":[{"@type":"SearchAction","target":{"@type":"EntryPoint","urlTemplate":"https:\/\/akerkimya.com\/eticaret\/?s={search_term_string}"},"query-input":"required name=search_term_string"}],"inLanguage":"tr"}]}},"_links":{"self":[{"href":"https:\/\/akerkimya.com\/eticaret\/wp-json\/wp\/v2\/product\/17630","targetHints":{"allow":["GET"]}}],"collection":[{"href":"https:\/\/akerkimya.com\/eticaret\/wp-json\/wp\/v2\/product"}],"about":[{"href":"https:\/\/akerkimya.com\/eticaret\/wp-json\/wp\/v2\/types\/product"}],"replies":[{"embeddable":true,"href":"https:\/\/akerkimya.com\/eticaret\/wp-json\/wp\/v2\/comments?post=17630"}],"version-history":[{"count":2,"href":"https:\/\/akerkimya.com\/eticaret\/wp-json\/wp\/v2\/product\/17630\/revisions"}],"predecessor-version":[{"id":19143,"href":"https:\/\/akerkimya.com\/eticaret\/wp-json\/wp\/v2\/product\/17630\/revisions\/19143"}],"wp:featuredmedia":[{"embeddable":true,"href":"https:\/\/akerkimya.com\/eticaret\/wp-json\/wp\/v2\/media\/17631"}],"wp:attachment":[{"href":"https:\/\/akerkimya.com\/eticaret\/wp-json\/wp\/v2\/media?parent=17630"}],"wp:term":[{"taxonomy":"product_cat","embeddable":true,"href":"https:\/\/akerkimya.com\/eticaret\/wp-json\/wp\/v2\/product_cat?post=17630"},{"taxonomy":"product_tag","embeddable":true,"href":"https:\/\/akerkimya.com\/eticaret\/wp-json\/wp\/v2\/product_tag?post=17630"}],"curies":[{"name":"wp","href":"https:\/\/api.w.org\/{rel}","templated":true}]}}