{"id":17636,"date":"2025-01-04T18:01:12","date_gmt":"2025-01-04T15:01:12","guid":{"rendered":"https:\/\/akerkimya.com\/eticaret\/?post_type=product&#038;p=17636"},"modified":"2026-05-05T15:42:38","modified_gmt":"2026-05-05T12:42:38","slug":"maltodekstrin","status":"publish","type":"product","link":"https:\/\/akerkimya.com\/eticaret\/urun\/maltodekstrin\/","title":{"rendered":"MALTODEKSTR\u0130N"},"content":{"rendered":"<h1>MALTODEKSTR\u0130N<\/h1>\n<p><strong>Maltodekstrin, C6nH(10n2)O(5n1) form\u00fcl\u00fcne sahip g\u0131da bile\u015feni olarak kullan\u0131lan bir polisakkarittir. K\u0131smi hidroliz ile bitkisel ni\u015fastadan \u00fcretilir ve genellikle beyaz higroskopik p\u00fcsk\u00fcrt\u00fclerek kurutulmu\u015f toz olarak bulunur. Glikoz kadar h\u0131zl\u0131 emilir ve polimerizasyon derecesine ba\u011fl\u0131 olarak tatl\u0131 ya da tats\u0131z olabilir.<\/strong><\/p>\n<p><strong>\u00a0<\/strong><\/p>\n<p><strong>MALTODEKSTR\u0130N \u00d6ZELL\u0130KLER\u0130<\/strong><\/p>\n<p><strong>Beyaz ya da sar\u0131 toz formdad\u0131r.<\/strong><\/p>\n<p><strong>Kendi ba\u015f\u0131na su tutmamas\u0131na ra\u011fmen \u00e7\u00f6zeltisi \u00e7ok y\u00fcksek viskozite g\u00f6stermektedir.<\/strong><\/p>\n<p><strong>Bu karbonhidrat \u00e7ok iyi enerji verme kabiliyetine sahiptir. <\/strong><\/p>\n<p><strong>\u00a0<\/strong><\/p>\n<p><strong>TEKN\u0130K \u00d6ZELL\u0130KLER\u0130<\/strong><\/p>\n<p><strong>CAS NUMARASI: 9050-36-6<\/strong><\/p>\n<p><strong>MOLEK\u00dcLER FORM\u00dcL: C6nH(10n2)O(5n1)<\/strong><\/p>\n<p><strong>K\u0130MYASAL ADI: Maltodextrin, Dekstroz E\u015fde\u011feri, M\u0131s\u0131r Ni\u015fastas\u0131, Bu\u011fday Ni\u015fastas\u0131, Patates Ni\u015fastas\u0131<\/strong><\/p>\n<p><strong>PH: 4.5 &#8211; 5.5<\/strong><\/p>\n<p><strong>NEM: %4.8<\/strong><\/p>\n<p><strong>ALEVLENME NOKTASI: 420 \u00b0C<\/strong><\/p>\n<p><strong>ER\u0130ME NOKTASI: 240 \u00b0C<\/strong><\/p>\n<p><strong>KAYNAMA NOKTASI: 527,1 \u00b0C<\/strong><\/p>\n<p><strong>\u00c7\u00d6Z\u00dcN\u00dcRL\u00dcK: 600 g\/lt<\/strong><\/p>\n<p><strong>\u00d6ZG\u00dcL A\u011eIRLIK: 0,45 g\/lt<\/strong><\/p>\n<p><strong>MOLEK\u00dcL A\u011eIRLI\u011eI: De\u011fi\u015fken <\/strong><\/p>\n<p><strong>\u00a0<\/strong><\/p>\n<p><strong>KULLANIM ALANLARI<\/strong><\/p>\n<p><strong>Yayg\u0131n olarak alkols\u00fcz i\u00e7ecek ve \u015fekerlemelerin imalat\u0131nda katk\u0131 maddesi olarak kullan\u0131l\u0131r.<\/strong><\/p>\n<p><strong>Sporcular taraf\u0131ndan toz formunda ya da enerji verici i\u00e7eceklerde besin deste\u011fi olarak da kullan\u0131l\u0131r.<\/strong><\/p>\n<p><strong>F\u0131st\u0131k ezmesi imalat\u0131nda, ya\u011f i\u00e7eri\u011fini d\u00fc\u015f\u00fcrmek ve dokuyu korumak i\u00e7in kullan\u0131l\u0131r.<\/strong><\/p>\n<p><strong>Kozmetik sekt\u00f6r\u00fcnde cilt bak\u0131m \u00fcr\u00fcnlerinde emici olarak kullan\u0131l\u0131r. Bunun yan\u0131nda film yap\u0131c\u0131 ve em\u00fclsiyon stabilizat\u00f6r\u00fc olarak i\u015flem g\u00f6r\u00fcr.<\/strong><\/p>\n<p><strong>Stevia ekstralar\u0131n\u0131n hacmini artt\u0131rmak i\u00e7in bu madde kullan\u0131l\u0131r.<\/strong><\/p>\n<p><strong>\u00c7ama\u015f\u0131r makinelerinde ve bula\u015f\u0131k makinelerinde kullan\u0131lan toz esans \u00fcretiminde Aerosil ile birlikte kullan\u0131l\u0131r.<\/strong><\/p>\n<p><strong>G\u00f6\u011f\u00fcs t\u0131kan\u0131kl\u0131\u011f\u0131 giderici ila\u00e7lar\u0131n imalat\u0131nda kullan\u0131l\u0131r.<\/strong><\/p>\n<p><strong>\u015ease ve kaps\u00fcl form\u00fclasyonlar\u0131nda 17 ile 23 e\u015fde\u011fer dekstroz kar\u015f\u0131l\u0131\u011f\u0131 olacak \u015fekilde dolgu maddesi olarak kullan\u0131l\u0131r.<\/strong><\/p>\n<p><strong>Baz\u0131 probiyotiklerin \u00fcretiminde eksipiyan olarak y\u00fcksek \u00e7\u00f6z\u00fcn\u00fcrl\u00fc\u011fe, h\u0131zl\u0131 da\u011f\u0131lma kabiliyetine, uygun raf \u00f6mr\u00fcne ve \u00e7\u00f6z\u00fcnd\u00fckten sonra \u015feffaf bir \u00e7\u00f6zelti olu\u015fturmas\u0131ndan dolay\u0131 kullan\u0131lmaktad\u0131r. Yard\u0131mc\u0131 madde olarak maltodekstrin tabletler, \u015fi\u015feler ve form\u00fcllerde hacim art\u0131r\u0131c\u0131 madde olarak kullan\u0131l\u0131r.<\/strong><\/p>\n<p><strong>Di\u015f macunu \u00fcretiminde kullan\u0131lan hammaddelerle birlikte dolgu maddesi olarak kullan\u0131l\u0131r.<\/strong><\/p>\n<p><strong>Kahve ve kahve beyazlat\u0131c\u0131lar\u0131, ekmek ve et \u00fcr\u00fcnlerinde nem tutucu olarak kullan\u0131l\u0131r.<\/strong><\/p>\n<p><strong>\u0130la\u00e7 \u00fcretiminde, tablet form\u00fcllerinde ve nemli gran\u00fclasyon \u00fcr\u00fcnlerinde, aglomerasyon \u00f6zelli\u011fi sa\u011flayarak ba\u011flay\u0131c\u0131 etkisi g\u00f6steren kimyasal maltodekstrindir.<\/strong><\/p>\n<p><strong>Baz\u0131 zay\u0131f etkilere sahip g\u0131da \u00fcr\u00fcnlerini daha etkili hale getirmek i\u00e7in g\u0131da katk\u0131 maddesi olarak kullan\u0131l\u0131r.<\/strong><\/p>\n<p><strong>Tarlalarda ve seralarda bah\u00e7ecilik ama\u00e7l\u0131 bir insektisit olarak kullan\u0131l\u0131r.<\/strong><\/p>\n<p><strong>Bebek ve s\u00fct \u00fcr\u00fcnleri imalat\u0131nda stabilizat\u00f6r, yap\u0131 olu\u015fturucu ajan ve aroma ta\u015f\u0131y\u0131c\u0131s\u0131 olarak kullan\u0131l\u0131r.<\/strong><\/p>\n<p><strong>\u00a0<\/strong><\/p>\n<p><strong>AMBALAJ<\/strong><\/p>\n<p><strong>1-5-25 kg torbalar halindedir.<\/strong><\/p>\n<p><strong>\u00a0<\/strong><\/p>\n<p><strong>DEPOLAMA<\/strong><\/p>\n<p><strong>Serin ve kuru bir alanda muhafaza ediniz.<\/strong><\/p>\n","protected":false},"excerpt":{"rendered":"<p>MALTODEKSTR\u0130N Maltodekstrin, C6nH(10n2)O(5n1) form\u00fcl\u00fcne sahip g\u0131da bile\u015feni olarak kullan\u0131lan bir polisakkarittir. K\u0131smi hidroliz ile bitkisel ni\u015fastadan \u00fcretilir ve genellikle beyaz<\/p>\n","protected":false},"featured_media":17637,"comment_status":"open","ping_status":"closed","template":"","meta":{"_joinchat":[]},"product_cat":[74,76,79,80],"product_tag":[],"class_list":{"0":"post-17636","1":"product","2":"type-product","3":"status-publish","4":"has-post-thumbnail","6":"product_cat-deterjan-ve-kozmetik-kimyasallari","7":"product_cat-gida-ve-katki-kimyasallari","8":"product_cat-tarim-kimyasallari","9":"product_cat-veteriner-ve-ilac-kimyasallari","11":"first","12":"instock","13":"shipping-taxable","14":"purchasable","15":"product-type-variable"},"yoast_head":"<!-- This site is optimized with the Yoast SEO Premium plugin v20.2.1 (Yoast SEO v20.2.1) - https:\/\/yoast.com\/wordpress\/plugins\/seo\/ -->\n<title>MALTODEKSTR\u0130N - Akerkimya<\/title>\n<meta name=\"robots\" content=\"index, follow, max-snippet:-1, max-image-preview:large, max-video-preview:-1\" \/>\n<link rel=\"canonical\" href=\"https:\/\/akerkimya.com\/eticaret\/urun\/maltodekstrin\/\" \/>\n<meta property=\"og:locale\" content=\"tr_TR\" \/>\n<meta property=\"og:type\" content=\"article\" \/>\n<meta property=\"og:title\" content=\"MALTODEKSTR\u0130N\" \/>\n<meta property=\"og:description\" content=\"MALTODEKSTR\u0130N Maltodekstrin, C6nH(10n2)O(5n1) form\u00fcl\u00fcne sahip g\u0131da bile\u015feni olarak kullan\u0131lan bir polisakkarittir. K\u0131smi hidroliz ile bitkisel ni\u015fastadan \u00fcretilir ve genellikle beyaz\" \/>\n<meta property=\"og:url\" content=\"https:\/\/akerkimya.com\/eticaret\/urun\/maltodekstrin\/\" \/>\n<meta property=\"og:site_name\" content=\"Akerkimya\" \/>\n<meta property=\"article:modified_time\" content=\"2026-05-05T12:42:38+00:00\" \/>\n<meta property=\"og:image\" content=\"https:\/\/akerkimya.com\/eticaret\/wp-content\/uploads\/2025\/01\/MALTODEKSTRIN-GUNCEL.jpeg\" \/>\n\t<meta property=\"og:image:width\" content=\"1000\" \/>\n\t<meta property=\"og:image:height\" content=\"1000\" \/>\n\t<meta property=\"og:image:type\" content=\"image\/jpeg\" \/>\n<meta name=\"twitter:card\" content=\"summary_large_image\" \/>\n<meta name=\"twitter:label1\" content=\"Tahmini okuma s\u00fcresi\" \/>\n\t<meta name=\"twitter:data1\" content=\"3 dakika\" \/>\n<script type=\"application\/ld+json\" class=\"yoast-schema-graph\">{\"@context\":\"https:\/\/schema.org\",\"@graph\":[{\"@type\":\"WebPage\",\"@id\":\"https:\/\/akerkimya.com\/eticaret\/urun\/maltodekstrin\/\",\"url\":\"https:\/\/akerkimya.com\/eticaret\/urun\/maltodekstrin\/\",\"name\":\"MALTODEKSTR\u0130N - Akerkimya\",\"isPartOf\":{\"@id\":\"https:\/\/akerkimya.com\/eticaret\/#website\"},\"datePublished\":\"2025-01-04T15:01:12+00:00\",\"dateModified\":\"2026-05-05T12:42:38+00:00\",\"breadcrumb\":{\"@id\":\"https:\/\/akerkimya.com\/eticaret\/urun\/maltodekstrin\/#breadcrumb\"},\"inLanguage\":\"tr\",\"potentialAction\":[{\"@type\":\"ReadAction\",\"target\":[\"https:\/\/akerkimya.com\/eticaret\/urun\/maltodekstrin\/\"]}]},{\"@type\":\"BreadcrumbList\",\"@id\":\"https:\/\/akerkimya.com\/eticaret\/urun\/maltodekstrin\/#breadcrumb\",\"itemListElement\":[{\"@type\":\"ListItem\",\"position\":1,\"name\":\"Home\",\"item\":\"https:\/\/akerkimya.com\/eticaret\/\"},{\"@type\":\"ListItem\",\"position\":2,\"name\":\"Market\",\"item\":\"https:\/\/akerkimya.com\/eticaret\/market\/\"},{\"@type\":\"ListItem\",\"position\":3,\"name\":\"MALTODEKSTR\u0130N\"}]},{\"@type\":\"WebSite\",\"@id\":\"https:\/\/akerkimya.com\/eticaret\/#website\",\"url\":\"https:\/\/akerkimya.com\/eticaret\/\",\"name\":\"Akerkimya\",\"description\":\"\",\"potentialAction\":[{\"@type\":\"SearchAction\",\"target\":{\"@type\":\"EntryPoint\",\"urlTemplate\":\"https:\/\/akerkimya.com\/eticaret\/?s={search_term_string}\"},\"query-input\":\"required name=search_term_string\"}],\"inLanguage\":\"tr\"}]}<\/script>\n<!-- \/ Yoast SEO Premium plugin. -->","yoast_head_json":{"title":"MALTODEKSTR\u0130N - Akerkimya","robots":{"index":"index","follow":"follow","max-snippet":"max-snippet:-1","max-image-preview":"max-image-preview:large","max-video-preview":"max-video-preview:-1"},"canonical":"https:\/\/akerkimya.com\/eticaret\/urun\/maltodekstrin\/","og_locale":"tr_TR","og_type":"article","og_title":"MALTODEKSTR\u0130N","og_description":"MALTODEKSTR\u0130N Maltodekstrin, C6nH(10n2)O(5n1) form\u00fcl\u00fcne sahip g\u0131da bile\u015feni olarak kullan\u0131lan bir polisakkarittir. K\u0131smi hidroliz ile bitkisel ni\u015fastadan \u00fcretilir ve genellikle beyaz","og_url":"https:\/\/akerkimya.com\/eticaret\/urun\/maltodekstrin\/","og_site_name":"Akerkimya","article_modified_time":"2026-05-05T12:42:38+00:00","og_image":[{"width":1000,"height":1000,"url":"https:\/\/akerkimya.com\/eticaret\/wp-content\/uploads\/2025\/01\/MALTODEKSTRIN-GUNCEL.jpeg","type":"image\/jpeg"}],"twitter_card":"summary_large_image","twitter_misc":{"Tahmini okuma s\u00fcresi":"3 dakika"},"schema":{"@context":"https:\/\/schema.org","@graph":[{"@type":"WebPage","@id":"https:\/\/akerkimya.com\/eticaret\/urun\/maltodekstrin\/","url":"https:\/\/akerkimya.com\/eticaret\/urun\/maltodekstrin\/","name":"MALTODEKSTR\u0130N - Akerkimya","isPartOf":{"@id":"https:\/\/akerkimya.com\/eticaret\/#website"},"datePublished":"2025-01-04T15:01:12+00:00","dateModified":"2026-05-05T12:42:38+00:00","breadcrumb":{"@id":"https:\/\/akerkimya.com\/eticaret\/urun\/maltodekstrin\/#breadcrumb"},"inLanguage":"tr","potentialAction":[{"@type":"ReadAction","target":["https:\/\/akerkimya.com\/eticaret\/urun\/maltodekstrin\/"]}]},{"@type":"BreadcrumbList","@id":"https:\/\/akerkimya.com\/eticaret\/urun\/maltodekstrin\/#breadcrumb","itemListElement":[{"@type":"ListItem","position":1,"name":"Home","item":"https:\/\/akerkimya.com\/eticaret\/"},{"@type":"ListItem","position":2,"name":"Market","item":"https:\/\/akerkimya.com\/eticaret\/market\/"},{"@type":"ListItem","position":3,"name":"MALTODEKSTR\u0130N"}]},{"@type":"WebSite","@id":"https:\/\/akerkimya.com\/eticaret\/#website","url":"https:\/\/akerkimya.com\/eticaret\/","name":"Akerkimya","description":"","potentialAction":[{"@type":"SearchAction","target":{"@type":"EntryPoint","urlTemplate":"https:\/\/akerkimya.com\/eticaret\/?s={search_term_string}"},"query-input":"required name=search_term_string"}],"inLanguage":"tr"}]}},"_links":{"self":[{"href":"https:\/\/akerkimya.com\/eticaret\/wp-json\/wp\/v2\/product\/17636","targetHints":{"allow":["GET"]}}],"collection":[{"href":"https:\/\/akerkimya.com\/eticaret\/wp-json\/wp\/v2\/product"}],"about":[{"href":"https:\/\/akerkimya.com\/eticaret\/wp-json\/wp\/v2\/types\/product"}],"replies":[{"embeddable":true,"href":"https:\/\/akerkimya.com\/eticaret\/wp-json\/wp\/v2\/comments?post=17636"}],"version-history":[{"count":2,"href":"https:\/\/akerkimya.com\/eticaret\/wp-json\/wp\/v2\/product\/17636\/revisions"}],"predecessor-version":[{"id":18173,"href":"https:\/\/akerkimya.com\/eticaret\/wp-json\/wp\/v2\/product\/17636\/revisions\/18173"}],"wp:featuredmedia":[{"embeddable":true,"href":"https:\/\/akerkimya.com\/eticaret\/wp-json\/wp\/v2\/media\/17637"}],"wp:attachment":[{"href":"https:\/\/akerkimya.com\/eticaret\/wp-json\/wp\/v2\/media?parent=17636"}],"wp:term":[{"taxonomy":"product_cat","embeddable":true,"href":"https:\/\/akerkimya.com\/eticaret\/wp-json\/wp\/v2\/product_cat?post=17636"},{"taxonomy":"product_tag","embeddable":true,"href":"https:\/\/akerkimya.com\/eticaret\/wp-json\/wp\/v2\/product_tag?post=17636"}],"curies":[{"name":"wp","href":"https:\/\/api.w.org\/{rel}","templated":true}]}}