{"id":17642,"date":"2025-01-04T18:04:23","date_gmt":"2025-01-04T15:04:23","guid":{"rendered":"https:\/\/akerkimya.com\/eticaret\/?post_type=product&#038;p=17642"},"modified":"2026-05-08T16:54:50","modified_gmt":"2026-05-08T13:54:50","slug":"minoksidil","status":"publish","type":"product","link":"https:\/\/akerkimya.com\/eticaret\/urun\/minoksidil\/","title":{"rendered":"M\u0130NOKS\u0130D\u0130L"},"content":{"rendered":"<h1>M\u0130NOKS\u0130D\u0130L<\/h1>\n<p><strong>Minoksidil, C9H15N5O form\u00fcl\u00fcne sahip bir vazodilat\u00f6r ila\u00e7t\u0131r. Sa\u00e7 b\u00fcy\u00fcmesini sa\u011flamas\u0131 ve kelli\u011fi \u00f6nlemede kullan\u0131lan etken bir maddedir. <\/strong><\/p>\n<p><strong>\u00a0<\/strong><\/p>\n<p><strong>M\u0130NOKS\u0130D\u0130L \u00d6ZELL\u0130KLER\u0130<\/strong><\/p>\n<p><strong>K\u0131r\u0131k beyaz kristalimsi toz formdad\u0131r. <\/strong><\/p>\n<p><strong>Alkolde ve propilen glikolde \u00e7\u00f6z\u00fcn\u00fcr. Metanol de ve suda az \u00e7\u00f6z\u00fcn\u00fcr. Kloroform, aseton, etil asetat ve heksan i\u00e7inde \u00e7\u00f6z\u00fcnmez. <\/strong><\/p>\n<p><strong>\u00a0<\/strong><\/p>\n<p><strong>TEKN\u0130K \u00d6ZELL\u0130KLER\u0130<\/strong><\/p>\n<p><strong>CAS NUMARASI: 38304-91-5<\/strong><\/p>\n<p><strong>MOLEK\u00dcLER FORM\u00dcL\u00dc: C9H15N5O<\/strong><\/p>\n<p><strong>K\u0130MYASAL \u0130SM\u0130: Minokasidil, 1-piperidinil, Minoxidil<\/strong><\/p>\n<p><strong>MOLEK\u00dcLER A\u011eIRLIK: 209.248<\/strong><\/p>\n<p><strong>ER\u0130ME NOKTASI: 251.3 \u00b0C-263.3 \u00b0C<\/strong><\/p>\n<p><strong>ATE\u015eLEME NOKTASI: 0.05%<\/strong><\/p>\n<p><strong>PARLAMA NOKTASI: 166,5 \u00b0C<\/strong><\/p>\n<p><strong>KIRILMA \u0130NDEKS\u0130: 1.724<\/strong><\/p>\n<p><strong>HPLC \u00d6L\u00c7\u00dcM\u00dc \u0130LE TOPLAM ORGAN\u0130K K\u0130RL\u0130L\u0130K: 0.14%<\/strong><\/p>\n<p><strong>KURUTMA KAYBI: 0.13%<\/strong><\/p>\n<p><strong>\u00a0<\/strong><\/p>\n<p><strong>KULLANIM ALANLARI<\/strong><\/p>\n<p><strong>Esansiyel veya renal dola\u015f\u0131m i\u00e7in antihipertansif ila\u00e7 olarak kullan\u0131l\u0131r.<\/strong><\/p>\n<p><strong>Erkek tipi kellik tedavisinde ila\u00e7 olarak kullan\u0131lmaktad\u0131r.<\/strong><\/p>\n<p><strong>Alopesi, antineopastik ila\u00e7lar\u0131n \u00f6nemli bir advers reaksiyonudur ve minoksidil kemoterapinin neden oldu\u011fu akopesiyi hafifletebilir.<\/strong><\/p>\n<p><strong>Y\u00fcksek tansiyon tedavisi i\u00e7in damar geni\u015fletici maddedir.<\/strong><\/p>\n<p><strong>Ven\u00f6z y\u00f6nlendirmede kullan\u0131l\u0131r.<\/strong><\/p>\n<p><strong>Refleks ayar\u0131 ve pozitif frekans etkileri nedeniyle kalp debisi ve kalp h\u0131z\u0131n\u0131 artt\u0131rabilir ancak ortostatik hipotansiyona neden olmaz.<\/strong><\/p>\n<p><strong>\u00a0<\/strong><\/p>\n<p><strong>AMBALAJ<\/strong><\/p>\n<p><strong>50-250-500 gram ve 1 Kg torbalar halinde <\/strong><\/p>\n<p><strong>\u00a0<\/strong><\/p>\n<p><strong>DEPOLAMA<\/strong><\/p>\n<p><strong>Serin ve kuru bir alanda muhafaza ediniz.<\/strong><\/p>\n","protected":false},"excerpt":{"rendered":"<p>M\u0130NOKS\u0130D\u0130L Minoksidil, C9H15N5O form\u00fcl\u00fcne sahip bir vazodilat\u00f6r ila\u00e7t\u0131r. Sa\u00e7 b\u00fcy\u00fcmesini sa\u011flamas\u0131 ve kelli\u011fi \u00f6nlemede kullan\u0131lan etken bir maddedir. \u00a0 M\u0130NOKS\u0130D\u0130L<\/p>\n","protected":false},"featured_media":17643,"comment_status":"open","ping_status":"closed","template":"","meta":{"_joinchat":[]},"product_cat":[74,80],"product_tag":[],"class_list":{"0":"post-17642","1":"product","2":"type-product","3":"status-publish","4":"has-post-thumbnail","6":"product_cat-deterjan-ve-kozmetik-kimyasallari","7":"product_cat-veteriner-ve-ilac-kimyasallari","9":"first","10":"instock","11":"shipping-taxable","12":"purchasable","13":"product-type-variable"},"yoast_head":"<!-- This site is optimized with the Yoast SEO Premium plugin v20.2.1 (Yoast SEO v20.2.1) - https:\/\/yoast.com\/wordpress\/plugins\/seo\/ -->\n<title>M\u0130NOKS\u0130D\u0130L - Akerkimya<\/title>\n<meta name=\"robots\" content=\"index, follow, max-snippet:-1, max-image-preview:large, max-video-preview:-1\" \/>\n<link rel=\"canonical\" href=\"https:\/\/akerkimya.com\/eticaret\/urun\/minoksidil\/\" \/>\n<meta property=\"og:locale\" content=\"tr_TR\" \/>\n<meta property=\"og:type\" content=\"article\" \/>\n<meta property=\"og:title\" content=\"M\u0130NOKS\u0130D\u0130L\" \/>\n<meta property=\"og:description\" content=\"M\u0130NOKS\u0130D\u0130L Minoksidil, C9H15N5O form\u00fcl\u00fcne sahip bir vazodilat\u00f6r ila\u00e7t\u0131r. Sa\u00e7 b\u00fcy\u00fcmesini sa\u011flamas\u0131 ve kelli\u011fi \u00f6nlemede kullan\u0131lan etken bir maddedir. \u00a0 M\u0130NOKS\u0130D\u0130L\" \/>\n<meta property=\"og:url\" content=\"https:\/\/akerkimya.com\/eticaret\/urun\/minoksidil\/\" \/>\n<meta property=\"og:site_name\" content=\"Akerkimya\" \/>\n<meta property=\"article:modified_time\" content=\"2026-05-08T13:54:50+00:00\" \/>\n<meta property=\"og:image\" content=\"https:\/\/akerkimya.com\/eticaret\/wp-content\/uploads\/2025\/01\/MINOKSIDIL-GUNCEL.png\" \/>\n\t<meta property=\"og:image:width\" content=\"1000\" \/>\n\t<meta property=\"og:image:height\" content=\"1000\" \/>\n\t<meta property=\"og:image:type\" content=\"image\/png\" \/>\n<meta name=\"twitter:card\" content=\"summary_large_image\" \/>\n<meta name=\"twitter:label1\" content=\"Tahmini okuma s\u00fcresi\" \/>\n\t<meta name=\"twitter:data1\" content=\"1 dakika\" \/>\n<script type=\"application\/ld+json\" class=\"yoast-schema-graph\">{\"@context\":\"https:\/\/schema.org\",\"@graph\":[{\"@type\":\"WebPage\",\"@id\":\"https:\/\/akerkimya.com\/eticaret\/urun\/minoksidil\/\",\"url\":\"https:\/\/akerkimya.com\/eticaret\/urun\/minoksidil\/\",\"name\":\"M\u0130NOKS\u0130D\u0130L - Akerkimya\",\"isPartOf\":{\"@id\":\"https:\/\/akerkimya.com\/eticaret\/#website\"},\"datePublished\":\"2025-01-04T15:04:23+00:00\",\"dateModified\":\"2026-05-08T13:54:50+00:00\",\"breadcrumb\":{\"@id\":\"https:\/\/akerkimya.com\/eticaret\/urun\/minoksidil\/#breadcrumb\"},\"inLanguage\":\"tr\",\"potentialAction\":[{\"@type\":\"ReadAction\",\"target\":[\"https:\/\/akerkimya.com\/eticaret\/urun\/minoksidil\/\"]}]},{\"@type\":\"BreadcrumbList\",\"@id\":\"https:\/\/akerkimya.com\/eticaret\/urun\/minoksidil\/#breadcrumb\",\"itemListElement\":[{\"@type\":\"ListItem\",\"position\":1,\"name\":\"Home\",\"item\":\"https:\/\/akerkimya.com\/eticaret\/\"},{\"@type\":\"ListItem\",\"position\":2,\"name\":\"Market\",\"item\":\"https:\/\/akerkimya.com\/eticaret\/market\/\"},{\"@type\":\"ListItem\",\"position\":3,\"name\":\"M\u0130NOKS\u0130D\u0130L\"}]},{\"@type\":\"WebSite\",\"@id\":\"https:\/\/akerkimya.com\/eticaret\/#website\",\"url\":\"https:\/\/akerkimya.com\/eticaret\/\",\"name\":\"Akerkimya\",\"description\":\"\",\"potentialAction\":[{\"@type\":\"SearchAction\",\"target\":{\"@type\":\"EntryPoint\",\"urlTemplate\":\"https:\/\/akerkimya.com\/eticaret\/?s={search_term_string}\"},\"query-input\":\"required name=search_term_string\"}],\"inLanguage\":\"tr\"}]}<\/script>\n<!-- \/ Yoast SEO Premium plugin. -->","yoast_head_json":{"title":"M\u0130NOKS\u0130D\u0130L - Akerkimya","robots":{"index":"index","follow":"follow","max-snippet":"max-snippet:-1","max-image-preview":"max-image-preview:large","max-video-preview":"max-video-preview:-1"},"canonical":"https:\/\/akerkimya.com\/eticaret\/urun\/minoksidil\/","og_locale":"tr_TR","og_type":"article","og_title":"M\u0130NOKS\u0130D\u0130L","og_description":"M\u0130NOKS\u0130D\u0130L Minoksidil, C9H15N5O form\u00fcl\u00fcne sahip bir vazodilat\u00f6r ila\u00e7t\u0131r. Sa\u00e7 b\u00fcy\u00fcmesini sa\u011flamas\u0131 ve kelli\u011fi \u00f6nlemede kullan\u0131lan etken bir maddedir. \u00a0 M\u0130NOKS\u0130D\u0130L","og_url":"https:\/\/akerkimya.com\/eticaret\/urun\/minoksidil\/","og_site_name":"Akerkimya","article_modified_time":"2026-05-08T13:54:50+00:00","og_image":[{"width":1000,"height":1000,"url":"https:\/\/akerkimya.com\/eticaret\/wp-content\/uploads\/2025\/01\/MINOKSIDIL-GUNCEL.png","type":"image\/png"}],"twitter_card":"summary_large_image","twitter_misc":{"Tahmini okuma s\u00fcresi":"1 dakika"},"schema":{"@context":"https:\/\/schema.org","@graph":[{"@type":"WebPage","@id":"https:\/\/akerkimya.com\/eticaret\/urun\/minoksidil\/","url":"https:\/\/akerkimya.com\/eticaret\/urun\/minoksidil\/","name":"M\u0130NOKS\u0130D\u0130L - Akerkimya","isPartOf":{"@id":"https:\/\/akerkimya.com\/eticaret\/#website"},"datePublished":"2025-01-04T15:04:23+00:00","dateModified":"2026-05-08T13:54:50+00:00","breadcrumb":{"@id":"https:\/\/akerkimya.com\/eticaret\/urun\/minoksidil\/#breadcrumb"},"inLanguage":"tr","potentialAction":[{"@type":"ReadAction","target":["https:\/\/akerkimya.com\/eticaret\/urun\/minoksidil\/"]}]},{"@type":"BreadcrumbList","@id":"https:\/\/akerkimya.com\/eticaret\/urun\/minoksidil\/#breadcrumb","itemListElement":[{"@type":"ListItem","position":1,"name":"Home","item":"https:\/\/akerkimya.com\/eticaret\/"},{"@type":"ListItem","position":2,"name":"Market","item":"https:\/\/akerkimya.com\/eticaret\/market\/"},{"@type":"ListItem","position":3,"name":"M\u0130NOKS\u0130D\u0130L"}]},{"@type":"WebSite","@id":"https:\/\/akerkimya.com\/eticaret\/#website","url":"https:\/\/akerkimya.com\/eticaret\/","name":"Akerkimya","description":"","potentialAction":[{"@type":"SearchAction","target":{"@type":"EntryPoint","urlTemplate":"https:\/\/akerkimya.com\/eticaret\/?s={search_term_string}"},"query-input":"required name=search_term_string"}],"inLanguage":"tr"}]}},"_links":{"self":[{"href":"https:\/\/akerkimya.com\/eticaret\/wp-json\/wp\/v2\/product\/17642","targetHints":{"allow":["GET"]}}],"collection":[{"href":"https:\/\/akerkimya.com\/eticaret\/wp-json\/wp\/v2\/product"}],"about":[{"href":"https:\/\/akerkimya.com\/eticaret\/wp-json\/wp\/v2\/types\/product"}],"replies":[{"embeddable":true,"href":"https:\/\/akerkimya.com\/eticaret\/wp-json\/wp\/v2\/comments?post=17642"}],"version-history":[{"count":2,"href":"https:\/\/akerkimya.com\/eticaret\/wp-json\/wp\/v2\/product\/17642\/revisions"}],"predecessor-version":[{"id":18172,"href":"https:\/\/akerkimya.com\/eticaret\/wp-json\/wp\/v2\/product\/17642\/revisions\/18172"}],"wp:featuredmedia":[{"embeddable":true,"href":"https:\/\/akerkimya.com\/eticaret\/wp-json\/wp\/v2\/media\/17643"}],"wp:attachment":[{"href":"https:\/\/akerkimya.com\/eticaret\/wp-json\/wp\/v2\/media?parent=17642"}],"wp:term":[{"taxonomy":"product_cat","embeddable":true,"href":"https:\/\/akerkimya.com\/eticaret\/wp-json\/wp\/v2\/product_cat?post=17642"},{"taxonomy":"product_tag","embeddable":true,"href":"https:\/\/akerkimya.com\/eticaret\/wp-json\/wp\/v2\/product_tag?post=17642"}],"curies":[{"name":"wp","href":"https:\/\/api.w.org\/{rel}","templated":true}]}}