{"id":17649,"date":"2025-01-04T18:08:06","date_gmt":"2025-01-04T15:08:06","guid":{"rendered":"https:\/\/akerkimya.com\/eticaret\/?post_type=product&#038;p=17649"},"modified":"2026-05-07T15:58:09","modified_gmt":"2026-05-07T12:58:09","slug":"nikotinamid-niacinamid","status":"publish","type":"product","link":"https:\/\/akerkimya.com\/eticaret\/urun\/nikotinamid-niacinamid\/","title":{"rendered":"N\u0130KOT\u0130NAM\u0130D (N\u0130AC\u0130NAM\u0130D)"},"content":{"rendered":"<h1>N\u0130KOT\u0130NAM\u0130D (N\u0130AC\u0130NAM\u0130D)<\/h1>\n<p><strong>Nikotinamid olarak da bilinen niasinamid, niasin (B3 vitamini) amid bile\u015fi\u011fidir. Nikotinamid, hayvansal \u00fcr\u00fcnlerde, tam tah\u0131llarda ve baklagillerde do\u011fal olarak bulunan B kompleksli vitamindir. Diyetteki ana vitamin kayna\u011f\u0131 nikotinamid, nikotinik asit ve triptofan \u015feklindedir.<\/strong><\/p>\n<p><strong>\u00a0<\/strong><\/p>\n<p><strong>N\u0130KOT\u0130NAM\u0130D \u00d6ZELL\u0130KLER\u0130<\/strong><\/p>\n<p><strong>Beyaz renkte kristalimsi formdad\u0131r. Kokusuzdur. <\/strong><\/p>\n<p><strong>Suda ve alkolde serbest\u00e7e \u00e7\u00f6z\u00fcn\u00fcr.<\/strong><\/p>\n<p><strong>Hafif higroskopiktir.<\/strong><\/p>\n<p><strong>Kararl\u0131 bir vitamindir.<\/strong><\/p>\n<p><strong>Yand\u0131\u011f\u0131nda nitrojen oksitleri i\u00e7eren zararl\u0131 gazlar olu\u015fturur. <\/strong><\/p>\n<p><strong>\u00a0<\/strong><\/p>\n<p><strong>TEKN\u0130K \u00d6ZELL\u0130KLER\u0130<\/strong><\/p>\n<p><strong>CAS NUMARASI: 98-92-0<\/strong><\/p>\n<p><strong>MOLEK\u00dcLER FORM\u00dcL: C6H6N2O<\/strong><\/p>\n<p><strong>K\u0130MYASAL \u0130SM\u0130: Nicotinamide, Niasinamid, B3 vitamin, Piridin-3-karboksamid<\/strong><\/p>\n<p><strong>ER\u0130ME NOKTASI: 129.5-130.0<\/strong><\/p>\n<p><strong>MOLEK\u00dcL A\u011eIRLI\u011eI: 122,12<\/strong><\/p>\n<p><strong>YO\u011eUNLUK: 1,47 g\/cm\u00b3<\/strong><\/p>\n<p><strong>\u00a0<\/strong><\/p>\n<p><strong>KULLANIM ALANLARI<\/strong><\/p>\n<p><strong>Kozmetik sekt\u00f6r\u00fcnde, cildi beyazlatmak, k\u0131r\u0131\u015f\u0131kl\u0131klar\u0131 \u00f6nlemek, siyah nokta ve cilt lekelerini azaltmak amac\u0131yla krem ve serumlarda kullan\u0131l\u0131r.<\/strong><\/p>\n<p><strong>T\u0131p sekt\u00f6r\u00fcnde, kroner kalp hastal\u0131\u011f\u0131, romatilmal kalp hastal\u0131\u011f\u0131 ile etkilenen aritmelerin tedavisinde kullan\u0131l\u0131r.<\/strong><\/p>\n<p><strong>Niasin eksikli\u011fi bozuklu\u011fu olan pellagray\u0131 \u00f6nlemek i\u00e7in bir besin maddesi olarak gereklidir.<\/strong><\/p>\n<p><strong>G\u0131dalarda ve ila\u00e7larda besin takviyesi olarak kullan\u0131l\u0131r.<\/strong><\/p>\n<p><strong>Nikotinamide, radyosensitize edici ajan ve bir t\u00fcr kemonsensitize edici ajand\u0131r.<\/strong><\/p>\n<p><strong>Temizlik \u00fcr\u00fcnleri ve boyalar\u0131n\u0131n bir bile\u015feni olarak kullan\u0131l\u0131r.<\/strong><\/p>\n<p><strong>M\u0131s\u0131r unu, irmik, pirin\u00e7 ve makarna \u00fcr\u00fcnlerini zenginle\u015ftirmek i\u00e7in g\u0131da katk\u0131 maddesi olarak kullan\u0131l\u0131r.<\/strong><\/p>\n<p><strong>\u00a0<\/strong><\/p>\n<p><strong>AMBALAJ<\/strong><\/p>\n<p><strong>1-5-25 kg torbalar halinde<\/strong><\/p>\n<p><strong>\u00a0<\/strong><\/p>\n<p><strong>DEPOLAMA <\/strong><\/p>\n<p><strong>Serin ve kuru bir alanda muhafaza ediniz. <\/strong><\/p>\n<p><strong>\u00a0<\/strong><\/p>\n","protected":false},"excerpt":{"rendered":"<p>N\u0130KOT\u0130NAM\u0130D (N\u0130AC\u0130NAM\u0130D) Nikotinamid olarak da bilinen niasinamid, niasin (B3 vitamini) amid bile\u015fi\u011fidir. Nikotinamid, hayvansal \u00fcr\u00fcnlerde, tam tah\u0131llarda ve baklagillerde do\u011fal<\/p>\n","protected":false},"featured_media":17650,"comment_status":"open","ping_status":"closed","template":"","meta":{"_joinchat":[]},"product_cat":[74,76,80],"product_tag":[],"class_list":{"0":"post-17649","1":"product","2":"type-product","3":"status-publish","4":"has-post-thumbnail","6":"product_cat-deterjan-ve-kozmetik-kimyasallari","7":"product_cat-gida-ve-katki-kimyasallari","8":"product_cat-veteriner-ve-ilac-kimyasallari","10":"first","11":"instock","12":"shipping-taxable","13":"purchasable","14":"product-type-variable"},"yoast_head":"<!-- This site is optimized with the Yoast SEO Premium plugin v20.2.1 (Yoast SEO v20.2.1) - https:\/\/yoast.com\/wordpress\/plugins\/seo\/ -->\n<title>N\u0130KOT\u0130NAM\u0130D (N\u0130AC\u0130NAM\u0130D) - Akerkimya<\/title>\n<meta name=\"robots\" content=\"index, follow, max-snippet:-1, max-image-preview:large, max-video-preview:-1\" \/>\n<link rel=\"canonical\" href=\"https:\/\/akerkimya.com\/eticaret\/urun\/nikotinamid-niacinamid\/\" \/>\n<meta property=\"og:locale\" content=\"tr_TR\" \/>\n<meta property=\"og:type\" content=\"article\" \/>\n<meta property=\"og:title\" content=\"N\u0130KOT\u0130NAM\u0130D (N\u0130AC\u0130NAM\u0130D)\" \/>\n<meta property=\"og:description\" content=\"N\u0130KOT\u0130NAM\u0130D (N\u0130AC\u0130NAM\u0130D) Nikotinamid olarak da bilinen niasinamid, niasin (B3 vitamini) amid bile\u015fi\u011fidir. Nikotinamid, hayvansal \u00fcr\u00fcnlerde, tam tah\u0131llarda ve baklagillerde do\u011fal\" \/>\n<meta property=\"og:url\" content=\"https:\/\/akerkimya.com\/eticaret\/urun\/nikotinamid-niacinamid\/\" \/>\n<meta property=\"og:site_name\" content=\"Akerkimya\" \/>\n<meta property=\"article:modified_time\" content=\"2026-05-07T12:58:09+00:00\" \/>\n<meta property=\"og:image\" content=\"https:\/\/akerkimya.com\/eticaret\/wp-content\/uploads\/2025\/01\/NIKOTINAMIDE-GUNCEL.jpeg\" \/>\n\t<meta property=\"og:image:width\" content=\"1000\" \/>\n\t<meta property=\"og:image:height\" content=\"1000\" \/>\n\t<meta property=\"og:image:type\" content=\"image\/jpeg\" \/>\n<meta name=\"twitter:card\" content=\"summary_large_image\" \/>\n<meta name=\"twitter:label1\" content=\"Tahmini okuma s\u00fcresi\" \/>\n\t<meta name=\"twitter:data1\" content=\"1 dakika\" \/>\n<script type=\"application\/ld+json\" class=\"yoast-schema-graph\">{\"@context\":\"https:\/\/schema.org\",\"@graph\":[{\"@type\":\"WebPage\",\"@id\":\"https:\/\/akerkimya.com\/eticaret\/urun\/nikotinamid-niacinamid\/\",\"url\":\"https:\/\/akerkimya.com\/eticaret\/urun\/nikotinamid-niacinamid\/\",\"name\":\"N\u0130KOT\u0130NAM\u0130D (N\u0130AC\u0130NAM\u0130D) - Akerkimya\",\"isPartOf\":{\"@id\":\"https:\/\/akerkimya.com\/eticaret\/#website\"},\"datePublished\":\"2025-01-04T15:08:06+00:00\",\"dateModified\":\"2026-05-07T12:58:09+00:00\",\"breadcrumb\":{\"@id\":\"https:\/\/akerkimya.com\/eticaret\/urun\/nikotinamid-niacinamid\/#breadcrumb\"},\"inLanguage\":\"tr\",\"potentialAction\":[{\"@type\":\"ReadAction\",\"target\":[\"https:\/\/akerkimya.com\/eticaret\/urun\/nikotinamid-niacinamid\/\"]}]},{\"@type\":\"BreadcrumbList\",\"@id\":\"https:\/\/akerkimya.com\/eticaret\/urun\/nikotinamid-niacinamid\/#breadcrumb\",\"itemListElement\":[{\"@type\":\"ListItem\",\"position\":1,\"name\":\"Home\",\"item\":\"https:\/\/akerkimya.com\/eticaret\/\"},{\"@type\":\"ListItem\",\"position\":2,\"name\":\"Market\",\"item\":\"https:\/\/akerkimya.com\/eticaret\/market\/\"},{\"@type\":\"ListItem\",\"position\":3,\"name\":\"N\u0130KOT\u0130NAM\u0130D (N\u0130AC\u0130NAM\u0130D)\"}]},{\"@type\":\"WebSite\",\"@id\":\"https:\/\/akerkimya.com\/eticaret\/#website\",\"url\":\"https:\/\/akerkimya.com\/eticaret\/\",\"name\":\"Akerkimya\",\"description\":\"\",\"potentialAction\":[{\"@type\":\"SearchAction\",\"target\":{\"@type\":\"EntryPoint\",\"urlTemplate\":\"https:\/\/akerkimya.com\/eticaret\/?s={search_term_string}\"},\"query-input\":\"required name=search_term_string\"}],\"inLanguage\":\"tr\"}]}<\/script>\n<!-- \/ Yoast SEO Premium plugin. -->","yoast_head_json":{"title":"N\u0130KOT\u0130NAM\u0130D (N\u0130AC\u0130NAM\u0130D) - Akerkimya","robots":{"index":"index","follow":"follow","max-snippet":"max-snippet:-1","max-image-preview":"max-image-preview:large","max-video-preview":"max-video-preview:-1"},"canonical":"https:\/\/akerkimya.com\/eticaret\/urun\/nikotinamid-niacinamid\/","og_locale":"tr_TR","og_type":"article","og_title":"N\u0130KOT\u0130NAM\u0130D (N\u0130AC\u0130NAM\u0130D)","og_description":"N\u0130KOT\u0130NAM\u0130D (N\u0130AC\u0130NAM\u0130D) Nikotinamid olarak da bilinen niasinamid, niasin (B3 vitamini) amid bile\u015fi\u011fidir. Nikotinamid, hayvansal \u00fcr\u00fcnlerde, tam tah\u0131llarda ve baklagillerde do\u011fal","og_url":"https:\/\/akerkimya.com\/eticaret\/urun\/nikotinamid-niacinamid\/","og_site_name":"Akerkimya","article_modified_time":"2026-05-07T12:58:09+00:00","og_image":[{"width":1000,"height":1000,"url":"https:\/\/akerkimya.com\/eticaret\/wp-content\/uploads\/2025\/01\/NIKOTINAMIDE-GUNCEL.jpeg","type":"image\/jpeg"}],"twitter_card":"summary_large_image","twitter_misc":{"Tahmini okuma s\u00fcresi":"1 dakika"},"schema":{"@context":"https:\/\/schema.org","@graph":[{"@type":"WebPage","@id":"https:\/\/akerkimya.com\/eticaret\/urun\/nikotinamid-niacinamid\/","url":"https:\/\/akerkimya.com\/eticaret\/urun\/nikotinamid-niacinamid\/","name":"N\u0130KOT\u0130NAM\u0130D (N\u0130AC\u0130NAM\u0130D) - Akerkimya","isPartOf":{"@id":"https:\/\/akerkimya.com\/eticaret\/#website"},"datePublished":"2025-01-04T15:08:06+00:00","dateModified":"2026-05-07T12:58:09+00:00","breadcrumb":{"@id":"https:\/\/akerkimya.com\/eticaret\/urun\/nikotinamid-niacinamid\/#breadcrumb"},"inLanguage":"tr","potentialAction":[{"@type":"ReadAction","target":["https:\/\/akerkimya.com\/eticaret\/urun\/nikotinamid-niacinamid\/"]}]},{"@type":"BreadcrumbList","@id":"https:\/\/akerkimya.com\/eticaret\/urun\/nikotinamid-niacinamid\/#breadcrumb","itemListElement":[{"@type":"ListItem","position":1,"name":"Home","item":"https:\/\/akerkimya.com\/eticaret\/"},{"@type":"ListItem","position":2,"name":"Market","item":"https:\/\/akerkimya.com\/eticaret\/market\/"},{"@type":"ListItem","position":3,"name":"N\u0130KOT\u0130NAM\u0130D (N\u0130AC\u0130NAM\u0130D)"}]},{"@type":"WebSite","@id":"https:\/\/akerkimya.com\/eticaret\/#website","url":"https:\/\/akerkimya.com\/eticaret\/","name":"Akerkimya","description":"","potentialAction":[{"@type":"SearchAction","target":{"@type":"EntryPoint","urlTemplate":"https:\/\/akerkimya.com\/eticaret\/?s={search_term_string}"},"query-input":"required name=search_term_string"}],"inLanguage":"tr"}]}},"_links":{"self":[{"href":"https:\/\/akerkimya.com\/eticaret\/wp-json\/wp\/v2\/product\/17649","targetHints":{"allow":["GET"]}}],"collection":[{"href":"https:\/\/akerkimya.com\/eticaret\/wp-json\/wp\/v2\/product"}],"about":[{"href":"https:\/\/akerkimya.com\/eticaret\/wp-json\/wp\/v2\/types\/product"}],"replies":[{"embeddable":true,"href":"https:\/\/akerkimya.com\/eticaret\/wp-json\/wp\/v2\/comments?post=17649"}],"version-history":[{"count":2,"href":"https:\/\/akerkimya.com\/eticaret\/wp-json\/wp\/v2\/product\/17649\/revisions"}],"predecessor-version":[{"id":21143,"href":"https:\/\/akerkimya.com\/eticaret\/wp-json\/wp\/v2\/product\/17649\/revisions\/21143"}],"wp:featuredmedia":[{"embeddable":true,"href":"https:\/\/akerkimya.com\/eticaret\/wp-json\/wp\/v2\/media\/17650"}],"wp:attachment":[{"href":"https:\/\/akerkimya.com\/eticaret\/wp-json\/wp\/v2\/media?parent=17649"}],"wp:term":[{"taxonomy":"product_cat","embeddable":true,"href":"https:\/\/akerkimya.com\/eticaret\/wp-json\/wp\/v2\/product_cat?post=17649"},{"taxonomy":"product_tag","embeddable":true,"href":"https:\/\/akerkimya.com\/eticaret\/wp-json\/wp\/v2\/product_tag?post=17649"}],"curies":[{"name":"wp","href":"https:\/\/api.w.org\/{rel}","templated":true}]}}