{"id":17667,"date":"2025-01-04T18:20:58","date_gmt":"2025-01-04T15:20:58","guid":{"rendered":"https:\/\/akerkimya.com\/eticaret\/?post_type=product&#038;p=17667"},"modified":"2026-03-30T02:24:21","modified_gmt":"2026-03-29T23:24:21","slug":"payet-kostik-sodyum-hidroksit","status":"publish","type":"product","link":"https:\/\/akerkimya.com\/eticaret\/urun\/payet-kostik-sodyum-hidroksit\/","title":{"rendered":"PAYET KOST\u0130K (SODYUM H\u0130DROKS\u0130T)"},"content":{"rendered":"<h1>PAYET KOST\u0130K (SODYUM H\u0130DROKS\u0130T)<\/h1>\n<p><strong>Saf sodyum hidroksit, bozulma olmaks\u0131z\u0131n 318 \u00b0 C\u2019de eriyen renksiz, kristalin bir kat\u0131d\u0131r. Suda y\u00fcksek \u00f6l\u00e7\u00fcde \u00e7\u00f6z\u00fcn\u00fcr, etanol ve metanolde daha d\u00fc\u015f\u00fck bir \u00e7\u00f6z\u00fcn\u00fcrl\u00fckle bulunur ancak eter ve di\u011fer polar olmayan \u00e7\u00f6z\u00fcc\u00fcler i\u00e7inde \u00e7\u00f6z\u00fcnmez.<\/strong><\/p>\n<p><strong>\u00a0<\/strong><\/p>\n<p><strong>PAYET KOST\u0130K TEKN\u0130K \u00d6ZELL\u0130KLER\u0130<\/strong><\/p>\n<p><strong>G\u00d6R\u00dcN\u00dcM\u00dc: Beyaz renkte pul pul<\/strong><\/p>\n<p><strong>K\u0130MYASAL ADI: Sodyum Hidroksit<\/strong><\/p>\n<p><strong>K\u0130MYASAL FORM\u00dcL: NaOH<\/strong><\/p>\n<p><strong>\u00a0<\/strong><\/p>\n<p><strong>PAYET KOST\u0130K KULLANIM ALANLARI<\/strong><\/p>\n<ul>\n<li><strong>Asit kontrol\u00fcnde, k\u00f6t\u00fc kokuyu ar\u0131tmada, borular\u0131 temizlemede, ph dengelemede,<\/strong><\/li>\n<li><strong>Yap\u0131\u015ft\u0131r\u0131c\u0131 olarak, \u0131s\u0131 ile yap\u0131lan matbaa bask\u0131lar\u0131nda, gazete ka\u011f\u0131d\u0131nda,<\/strong><\/li>\n<li><strong>Sodyum Aluminat, Sodyum Siyan\u00fcr, Silikat, PoliKarbonat, Titan Oksit, Zeolit \u00fcretiminde<\/strong><\/li>\n<li><strong>En son \u00fcr\u00fcnde artiklari uzakla\u015ft\u0131rmada, beyazlatmada,<\/strong><\/li>\n<li><strong>STTP, Sodyum Hipo Klorur, Sabun, F\u0131r\u0131n ve Boru Temizleyici madde yap\u0131m\u0131nda,<\/strong><\/li>\n<li><strong>Sodyum Fenolate [ aspirin ve antiseptik] yap\u0131m\u0131nda,<\/strong><\/li>\n<li><strong>Yemeklik ya\u011f\u0131 ar\u0131tmada, meyve ve sebze kabu\u011fu soymada, dondurmada,<\/strong><\/li>\n<li><strong>Ya\u011f temizlemede, su ar\u0131tmada, ekipman temizlemede,<\/strong><\/li>\n<li><strong>Ni\u015fasta, Kostik, Su, Silikat ile\u00a0 birlikte etiket yap\u0131\u015ft\u0131r\u0131c\u0131 imalat\u0131nda,<\/strong><\/li>\n<li><strong>Ni\u015fasta, Kostik, Su, Boraks ile birlikte oluklu mukavva tutkal imalat\u0131nda,<\/strong><\/li>\n<li><strong>Rafine \u00fcr\u00fcnlerde asit kal\u0131nt\u0131lar\u0131n\u0131 uzakla\u015ft\u0131rmada, fenollerin \u00e7\u0131kart\u0131lmas\u0131nda, sondaj \u00e7amurunda ,pH dengelemede, sondajda kalsiyum ve bakterisitleri uzakla\u015ft\u0131rmada,<\/strong><\/li>\n<li><strong>Filtre Temizleyici (filtre havuzlar\u0131nda) ve madenlerdeki asit \u00fcnitesini temizlemede kullan\u0131l\u0131r.<\/strong><\/li>\n<\/ul>\n<p><strong>AMBALAJ<\/strong><\/p>\n<p><strong>1-5-25 kg torbalar halinde<\/strong><\/p>\n<p><strong>DEPOLAMA <\/strong><\/p>\n<p><strong>Serin ve yerde muhafaza ediniz.<\/strong><\/p>\n","protected":false},"excerpt":{"rendered":"<p>PAYET KOST\u0130K (SODYUM H\u0130DROKS\u0130T) Saf sodyum hidroksit, bozulma olmaks\u0131z\u0131n 318 \u00b0 C\u2019de eriyen renksiz, kristalin bir kat\u0131d\u0131r. Suda y\u00fcksek \u00f6l\u00e7\u00fcde<\/p>\n","protected":false},"featured_media":17668,"comment_status":"open","ping_status":"closed","template":"","meta":{"_joinchat":[]},"product_cat":[74],"product_tag":[],"class_list":{"0":"post-17667","1":"product","2":"type-product","3":"status-publish","4":"has-post-thumbnail","6":"product_cat-deterjan-ve-kozmetik-kimyasallari","8":"first","9":"instock","10":"shipping-taxable","11":"purchasable","12":"product-type-variable"},"yoast_head":"<!-- This site is optimized with the Yoast SEO Premium plugin v20.2.1 (Yoast SEO v20.2.1) - https:\/\/yoast.com\/wordpress\/plugins\/seo\/ -->\n<title>PAYET KOST\u0130K (SODYUM H\u0130DROKS\u0130T) - Akerkimya<\/title>\n<meta name=\"robots\" content=\"index, follow, max-snippet:-1, max-image-preview:large, max-video-preview:-1\" \/>\n<link rel=\"canonical\" href=\"https:\/\/akerkimya.com\/eticaret\/urun\/payet-kostik-sodyum-hidroksit\/\" \/>\n<meta property=\"og:locale\" content=\"tr_TR\" \/>\n<meta property=\"og:type\" content=\"article\" \/>\n<meta property=\"og:title\" content=\"PAYET KOST\u0130K (SODYUM H\u0130DROKS\u0130T)\" \/>\n<meta property=\"og:description\" content=\"PAYET KOST\u0130K (SODYUM H\u0130DROKS\u0130T) Saf sodyum hidroksit, bozulma olmaks\u0131z\u0131n 318 \u00b0 C\u2019de eriyen renksiz, kristalin bir kat\u0131d\u0131r. Suda y\u00fcksek \u00f6l\u00e7\u00fcde\" \/>\n<meta property=\"og:url\" content=\"https:\/\/akerkimya.com\/eticaret\/urun\/payet-kostik-sodyum-hidroksit\/\" \/>\n<meta property=\"og:site_name\" content=\"Akerkimya\" \/>\n<meta property=\"article:modified_time\" content=\"2026-03-29T23:24:21+00:00\" \/>\n<meta property=\"og:image\" content=\"https:\/\/akerkimya.com\/eticaret\/wp-content\/uploads\/2025\/01\/PAYET-KOSTIK-SODYUM-HIDROKSIT-GUNCEL-.png\" \/>\n\t<meta property=\"og:image:width\" content=\"1000\" \/>\n\t<meta property=\"og:image:height\" content=\"1000\" \/>\n\t<meta property=\"og:image:type\" content=\"image\/png\" \/>\n<meta name=\"twitter:card\" content=\"summary_large_image\" \/>\n<meta name=\"twitter:label1\" content=\"Tahmini okuma s\u00fcresi\" \/>\n\t<meta name=\"twitter:data1\" content=\"1 dakika\" \/>\n<script type=\"application\/ld+json\" class=\"yoast-schema-graph\">{\"@context\":\"https:\/\/schema.org\",\"@graph\":[{\"@type\":\"WebPage\",\"@id\":\"https:\/\/akerkimya.com\/eticaret\/urun\/payet-kostik-sodyum-hidroksit\/\",\"url\":\"https:\/\/akerkimya.com\/eticaret\/urun\/payet-kostik-sodyum-hidroksit\/\",\"name\":\"PAYET KOST\u0130K (SODYUM H\u0130DROKS\u0130T) - Akerkimya\",\"isPartOf\":{\"@id\":\"https:\/\/akerkimya.com\/eticaret\/#website\"},\"datePublished\":\"2025-01-04T15:20:58+00:00\",\"dateModified\":\"2026-03-29T23:24:21+00:00\",\"breadcrumb\":{\"@id\":\"https:\/\/akerkimya.com\/eticaret\/urun\/payet-kostik-sodyum-hidroksit\/#breadcrumb\"},\"inLanguage\":\"tr\",\"potentialAction\":[{\"@type\":\"ReadAction\",\"target\":[\"https:\/\/akerkimya.com\/eticaret\/urun\/payet-kostik-sodyum-hidroksit\/\"]}]},{\"@type\":\"BreadcrumbList\",\"@id\":\"https:\/\/akerkimya.com\/eticaret\/urun\/payet-kostik-sodyum-hidroksit\/#breadcrumb\",\"itemListElement\":[{\"@type\":\"ListItem\",\"position\":1,\"name\":\"Home\",\"item\":\"https:\/\/akerkimya.com\/eticaret\/\"},{\"@type\":\"ListItem\",\"position\":2,\"name\":\"Market\",\"item\":\"https:\/\/akerkimya.com\/eticaret\/market\/\"},{\"@type\":\"ListItem\",\"position\":3,\"name\":\"PAYET KOST\u0130K (SODYUM H\u0130DROKS\u0130T)\"}]},{\"@type\":\"WebSite\",\"@id\":\"https:\/\/akerkimya.com\/eticaret\/#website\",\"url\":\"https:\/\/akerkimya.com\/eticaret\/\",\"name\":\"Akerkimya\",\"description\":\"\",\"potentialAction\":[{\"@type\":\"SearchAction\",\"target\":{\"@type\":\"EntryPoint\",\"urlTemplate\":\"https:\/\/akerkimya.com\/eticaret\/?s={search_term_string}\"},\"query-input\":\"required name=search_term_string\"}],\"inLanguage\":\"tr\"}]}<\/script>\n<!-- \/ Yoast SEO Premium plugin. -->","yoast_head_json":{"title":"PAYET KOST\u0130K (SODYUM H\u0130DROKS\u0130T) - Akerkimya","robots":{"index":"index","follow":"follow","max-snippet":"max-snippet:-1","max-image-preview":"max-image-preview:large","max-video-preview":"max-video-preview:-1"},"canonical":"https:\/\/akerkimya.com\/eticaret\/urun\/payet-kostik-sodyum-hidroksit\/","og_locale":"tr_TR","og_type":"article","og_title":"PAYET KOST\u0130K (SODYUM H\u0130DROKS\u0130T)","og_description":"PAYET KOST\u0130K (SODYUM H\u0130DROKS\u0130T) Saf sodyum hidroksit, bozulma olmaks\u0131z\u0131n 318 \u00b0 C\u2019de eriyen renksiz, kristalin bir kat\u0131d\u0131r. Suda y\u00fcksek \u00f6l\u00e7\u00fcde","og_url":"https:\/\/akerkimya.com\/eticaret\/urun\/payet-kostik-sodyum-hidroksit\/","og_site_name":"Akerkimya","article_modified_time":"2026-03-29T23:24:21+00:00","og_image":[{"width":1000,"height":1000,"url":"https:\/\/akerkimya.com\/eticaret\/wp-content\/uploads\/2025\/01\/PAYET-KOSTIK-SODYUM-HIDROKSIT-GUNCEL-.png","type":"image\/png"}],"twitter_card":"summary_large_image","twitter_misc":{"Tahmini okuma s\u00fcresi":"1 dakika"},"schema":{"@context":"https:\/\/schema.org","@graph":[{"@type":"WebPage","@id":"https:\/\/akerkimya.com\/eticaret\/urun\/payet-kostik-sodyum-hidroksit\/","url":"https:\/\/akerkimya.com\/eticaret\/urun\/payet-kostik-sodyum-hidroksit\/","name":"PAYET KOST\u0130K (SODYUM H\u0130DROKS\u0130T) - Akerkimya","isPartOf":{"@id":"https:\/\/akerkimya.com\/eticaret\/#website"},"datePublished":"2025-01-04T15:20:58+00:00","dateModified":"2026-03-29T23:24:21+00:00","breadcrumb":{"@id":"https:\/\/akerkimya.com\/eticaret\/urun\/payet-kostik-sodyum-hidroksit\/#breadcrumb"},"inLanguage":"tr","potentialAction":[{"@type":"ReadAction","target":["https:\/\/akerkimya.com\/eticaret\/urun\/payet-kostik-sodyum-hidroksit\/"]}]},{"@type":"BreadcrumbList","@id":"https:\/\/akerkimya.com\/eticaret\/urun\/payet-kostik-sodyum-hidroksit\/#breadcrumb","itemListElement":[{"@type":"ListItem","position":1,"name":"Home","item":"https:\/\/akerkimya.com\/eticaret\/"},{"@type":"ListItem","position":2,"name":"Market","item":"https:\/\/akerkimya.com\/eticaret\/market\/"},{"@type":"ListItem","position":3,"name":"PAYET KOST\u0130K (SODYUM H\u0130DROKS\u0130T)"}]},{"@type":"WebSite","@id":"https:\/\/akerkimya.com\/eticaret\/#website","url":"https:\/\/akerkimya.com\/eticaret\/","name":"Akerkimya","description":"","potentialAction":[{"@type":"SearchAction","target":{"@type":"EntryPoint","urlTemplate":"https:\/\/akerkimya.com\/eticaret\/?s={search_term_string}"},"query-input":"required name=search_term_string"}],"inLanguage":"tr"}]}},"_links":{"self":[{"href":"https:\/\/akerkimya.com\/eticaret\/wp-json\/wp\/v2\/product\/17667","targetHints":{"allow":["GET"]}}],"collection":[{"href":"https:\/\/akerkimya.com\/eticaret\/wp-json\/wp\/v2\/product"}],"about":[{"href":"https:\/\/akerkimya.com\/eticaret\/wp-json\/wp\/v2\/types\/product"}],"replies":[{"embeddable":true,"href":"https:\/\/akerkimya.com\/eticaret\/wp-json\/wp\/v2\/comments?post=17667"}],"version-history":[{"count":2,"href":"https:\/\/akerkimya.com\/eticaret\/wp-json\/wp\/v2\/product\/17667\/revisions"}],"predecessor-version":[{"id":18262,"href":"https:\/\/akerkimya.com\/eticaret\/wp-json\/wp\/v2\/product\/17667\/revisions\/18262"}],"wp:featuredmedia":[{"embeddable":true,"href":"https:\/\/akerkimya.com\/eticaret\/wp-json\/wp\/v2\/media\/17668"}],"wp:attachment":[{"href":"https:\/\/akerkimya.com\/eticaret\/wp-json\/wp\/v2\/media?parent=17667"}],"wp:term":[{"taxonomy":"product_cat","embeddable":true,"href":"https:\/\/akerkimya.com\/eticaret\/wp-json\/wp\/v2\/product_cat?post=17667"},{"taxonomy":"product_tag","embeddable":true,"href":"https:\/\/akerkimya.com\/eticaret\/wp-json\/wp\/v2\/product_tag?post=17667"}],"curies":[{"name":"wp","href":"https:\/\/api.w.org\/{rel}","templated":true}]}}