{"id":17690,"date":"2025-01-04T23:34:02","date_gmt":"2025-01-04T20:34:02","guid":{"rendered":"https:\/\/akerkimya.com\/eticaret\/?post_type=product&#038;p=17690"},"modified":"2026-05-08T15:26:35","modified_gmt":"2026-05-08T12:26:35","slug":"polisorbat-80","status":"publish","type":"product","link":"https:\/\/akerkimya.com\/eticaret\/urun\/polisorbat-80\/","title":{"rendered":"POL\u0130SORBAT 80"},"content":{"rendered":"<h1>POL\u0130SORBAT 80<\/h1>\n<p><strong>Polisorbat 80, C64H124O26 form\u00fcl\u00fcne sahip sentetik bir bile\u015fiktir. Sorbitol ve etilen oksitin esterle\u015ftirme reaksiyonu ile elde edilmektedir. \u00dcretiminde kullan\u0131lan ba\u015fka asit ise oleik asittir. Polieter s\u0131n\u0131f\u0131nda yer al\u0131r. Etilen oksitin polimeridir.<\/strong><\/p>\n<p><strong>\u00a0<\/strong><\/p>\n<p><strong>F\u0130Z\u0130KSEL \u00d6ZELL\u0130KLER<\/strong><\/p>\n<p><strong>Alt\u0131n renkli viskoz bir s\u0131v\u0131 formdad\u0131r.<\/strong><\/p>\n<p><strong>Noniyonik olmayan y\u00fczey aktif maddedir.<\/strong><\/p>\n<p><strong>Eksipiyan \u00f6zelli\u011fine sahiptir.<\/strong><\/p>\n<p><strong>Su ve alkollerde i\u00e7erisinde \u00e7\u00f6z\u00fcn\u00fcrl\u00fc\u011fe sahiptir. Ya\u011f i\u00e7erisinde \u00e7\u00f6z\u00fcnmez.<\/strong><\/p>\n<p><strong>HLB de\u011feri 15\u2019tir.<\/strong><\/p>\n<p><strong>\u0130yonik olmayan y\u00fczey aktif bir maddedir.<\/strong><\/p>\n<p><strong>\u00a0<\/strong><\/p>\n<p><strong>TEKN\u0130K \u00d6ZELL\u0130KLER\u0130<\/strong><\/p>\n<p><strong>CAS NUMARASI: 9005-65-6<\/strong><\/p>\n<p><strong>K\u0130MYASAL FORM\u00dcL\u00dc: C64H124O26<\/strong><\/p>\n<p><strong>K\u0130MYASAL \u0130S\u0130MLER\u0130: Polisorbat 80, Tween 80, E433, Polysorbate 80, PS 80, Alkest TW 80<\/strong><\/p>\n<p><strong>MOLAK\u00dcLER A\u011eIRLI\u011eI: 1310 g\/mol<\/strong><\/p>\n<p><strong>KAYNAMA NOKTASI: &gt;100\u00b0C<\/strong><\/p>\n<p><strong>ALEVLENME NOKTASI: 113\u00b0C<\/strong><\/p>\n<p><strong>YO\u011eUNLUK: 1.102 g\/ml<\/strong><\/p>\n<p><strong>Ph: 6-8 (%5 sulu \u00e7\u00f6zelti)<\/strong><\/p>\n<p><strong>\u00a0<\/strong><\/p>\n<p><strong>KULLANIM ALANLARI<\/strong><\/p>\n<p><strong>Polisorbat 80, baz\u0131 \u015faraplar\u0131n fermantasyon i\u015fleminde k\u00f6p\u00fck giderici olarak kullan\u0131l\u0131r.<\/strong><\/p>\n<p><strong>Esans \u00fcretiminde kal\u0131c\u0131l\u0131\u011f\u0131 ve \u00e7\u00f6z\u00fcn\u00fcrl\u00fc\u011f\u00fc artt\u0131rmak i\u00e7in kullan\u0131l\u0131r. <\/strong><\/p>\n<p><strong>Dondurmay\u0131 daha p\u00fcr\u00fczs\u00fcz ve daha kolay i\u015flenmesi sa\u011flamak ve erimeye kar\u015f\u0131 direncini artt\u0131rmak i\u00e7in kullan\u0131l\u0131r.<\/strong><\/p>\n<p><strong>Vitamin takviyelerinde, ya\u011fda \u00e7\u00f6z\u00fcnen vitaminler ve vitamin mineral prepatlar\u0131nda \u00e7\u00f6z\u00fcc\u00fc ve da\u011f\u0131t\u0131c\u0131 ajan olarak kullan\u0131l\u0131r.<\/strong><\/p>\n<p><strong>G\u0131da sekt\u00f6r\u00fcnde; yiyecekleri toplu halde toplamak ve soslar\u0131 p\u00fcr\u00fczs\u00fcz tutmak i\u00e7in kullan\u0131l\u0131r. Tur\u015fularda tatlar\u0131n\u0131 ve renklerini da\u011f\u0131tmak i\u00e7in \u00e7\u00f6z\u00fcnd\u00fcr\u00fcc\u00fc olarak kullan\u0131l\u0131r. Su bazl\u0131 s\u0131v\u0131lar\u0131n ve ya\u011f bazl\u0131 bile\u015fenlerin kolayca birbirine kar\u0131\u015fmas\u0131n\u0131 sa\u011flar. <\/strong><\/p>\n<p><strong>\u0130la\u00e7 sekt\u00f6r\u00fcnde; \u00e7e\u015fitli a\u015f\u0131larda em\u00fclgat\u00f6r ve stabiliz\u00f6r olarak kullan\u0131l\u0131r, g\u00f6z damlas\u0131nda kayganla\u015ft\u0131r\u0131c\u0131 olarak kullan\u0131l\u0131r ve jel kaps\u00fcllerin k\u0131vam\u0131 iyile\u015ftirmek ve haplar\u0131n midede da\u011f\u0131lmas\u0131n\u0131 sa\u011flamak i\u00e7in ve ate\u015f d\u00fc\u015f\u00fcr\u00fcc\u00fc ila\u00e7lar\u0131n imalat\u0131nda etken madde olarak em\u00fclsifiye ama\u00e7l\u0131 kullan\u0131l\u0131r.<\/strong><\/p>\n<p><strong>Eczac\u0131l\u0131k sekt\u00f6r\u00fcnde; \u00e7e\u015fitli farmas\u00f6tik farm\u00fclasyonlar\u0131nda em\u00fclsiyonla\u015ft\u0131r\u0131c\u0131, \u00e7\u00f6z\u00fcnd\u00fcr\u00fcc\u00fc ajan ve s\u00fcspansiyon stabiliz\u00f6r\u00fc olarak kullan\u0131l\u0131r.<\/strong><\/p>\n<p><strong>\u00d6storejen d\u00fczenleyici \u00f6zelli\u011fe sahiptir.<\/strong><\/p>\n<p><strong>Kozmetik sekt\u00f6r\u00fcnde; u\u00e7ucu ve bitkisel ya\u011flar\u0131n suda homojen da\u011f\u0131l\u0131m\u0131n\u0131 sa\u011flayan \u00e7\u00f6z\u00fcc\u00fc olarak kullan\u0131l\u0131r.<\/strong><\/p>\n<p><strong>Polisorbat 80, susuz ovalama ve temizleme ya\u011flar\u0131n durulanmas\u0131n\u0131 iyile\u015ftirir.<\/strong><\/p>\n<p><strong>Sabun \u00fcretiminde s\u00fcrfaktan \u00f6zelliklerinde faydalan\u0131r.<\/strong><\/p>\n<p><strong>Sa\u00e7 derilerinin onar\u0131lmas\u0131 i\u00e7in em\u00fclgat\u00f6r olarak kullan\u0131l\u0131r.<\/strong><\/p>\n<p><strong>Baz\u0131 pestisitlerin imalat\u0131nda em\u00fclgat\u00f6r olarak kullan\u0131l\u0131r.<\/strong><\/p>\n<p><strong>\u00a0<\/strong><\/p>\n<p><strong>AMBALAJ<\/strong><\/p>\n<p><strong>1-5-30 kg bidonlarda ve 220 kg bidonlar halinde <\/strong><\/p>\n<p><strong>\u00a0<\/strong><\/p>\n<p><strong>DEPOLAMA<\/strong><\/p>\n<p><strong>Serin ve kuru bir alanda muhafaza ediniz.<\/strong><\/p>\n","protected":false},"excerpt":{"rendered":"<p>POL\u0130SORBAT 80 Polisorbat 80, C64H124O26 form\u00fcl\u00fcne sahip sentetik bir bile\u015fiktir. Sorbitol ve etilen oksitin esterle\u015ftirme reaksiyonu ile elde edilmektedir. \u00dcretiminde<\/p>\n","protected":false},"featured_media":17691,"comment_status":"open","ping_status":"closed","template":"","meta":{"_joinchat":[]},"product_cat":[74,76,80],"product_tag":[],"class_list":{"0":"post-17690","1":"product","2":"type-product","3":"status-publish","4":"has-post-thumbnail","6":"product_cat-deterjan-ve-kozmetik-kimyasallari","7":"product_cat-gida-ve-katki-kimyasallari","8":"product_cat-veteriner-ve-ilac-kimyasallari","10":"first","11":"instock","12":"shipping-taxable","13":"purchasable","14":"product-type-variable"},"yoast_head":"<!-- This site is optimized with the Yoast SEO Premium plugin v20.2.1 (Yoast SEO v20.2.1) - https:\/\/yoast.com\/wordpress\/plugins\/seo\/ -->\n<title>POL\u0130SORBAT 80 - Akerkimya<\/title>\n<meta name=\"robots\" content=\"index, follow, max-snippet:-1, max-image-preview:large, max-video-preview:-1\" \/>\n<link rel=\"canonical\" href=\"https:\/\/akerkimya.com\/eticaret\/urun\/polisorbat-80\/\" \/>\n<meta property=\"og:locale\" content=\"tr_TR\" \/>\n<meta property=\"og:type\" content=\"article\" \/>\n<meta property=\"og:title\" content=\"POL\u0130SORBAT 80\" \/>\n<meta property=\"og:description\" content=\"POL\u0130SORBAT 80 Polisorbat 80, C64H124O26 form\u00fcl\u00fcne sahip sentetik bir bile\u015fiktir. Sorbitol ve etilen oksitin esterle\u015ftirme reaksiyonu ile elde edilmektedir. \u00dcretiminde\" \/>\n<meta property=\"og:url\" content=\"https:\/\/akerkimya.com\/eticaret\/urun\/polisorbat-80\/\" \/>\n<meta property=\"og:site_name\" content=\"Akerkimya\" \/>\n<meta property=\"article:modified_time\" content=\"2026-05-08T12:26:35+00:00\" \/>\n<meta property=\"og:image\" content=\"https:\/\/akerkimya.com\/eticaret\/wp-content\/uploads\/2025\/01\/POLISORBAT-80-GUNCEL.jpeg\" \/>\n\t<meta property=\"og:image:width\" content=\"1000\" \/>\n\t<meta property=\"og:image:height\" content=\"1000\" \/>\n\t<meta property=\"og:image:type\" content=\"image\/jpeg\" \/>\n<meta name=\"twitter:card\" content=\"summary_large_image\" \/>\n<meta name=\"twitter:label1\" content=\"Tahmini okuma s\u00fcresi\" \/>\n\t<meta name=\"twitter:data1\" content=\"2 dakika\" \/>\n<script type=\"application\/ld+json\" class=\"yoast-schema-graph\">{\"@context\":\"https:\/\/schema.org\",\"@graph\":[{\"@type\":\"WebPage\",\"@id\":\"https:\/\/akerkimya.com\/eticaret\/urun\/polisorbat-80\/\",\"url\":\"https:\/\/akerkimya.com\/eticaret\/urun\/polisorbat-80\/\",\"name\":\"POL\u0130SORBAT 80 - Akerkimya\",\"isPartOf\":{\"@id\":\"https:\/\/akerkimya.com\/eticaret\/#website\"},\"datePublished\":\"2025-01-04T20:34:02+00:00\",\"dateModified\":\"2026-05-08T12:26:35+00:00\",\"breadcrumb\":{\"@id\":\"https:\/\/akerkimya.com\/eticaret\/urun\/polisorbat-80\/#breadcrumb\"},\"inLanguage\":\"tr\",\"potentialAction\":[{\"@type\":\"ReadAction\",\"target\":[\"https:\/\/akerkimya.com\/eticaret\/urun\/polisorbat-80\/\"]}]},{\"@type\":\"BreadcrumbList\",\"@id\":\"https:\/\/akerkimya.com\/eticaret\/urun\/polisorbat-80\/#breadcrumb\",\"itemListElement\":[{\"@type\":\"ListItem\",\"position\":1,\"name\":\"Home\",\"item\":\"https:\/\/akerkimya.com\/eticaret\/\"},{\"@type\":\"ListItem\",\"position\":2,\"name\":\"Market\",\"item\":\"https:\/\/akerkimya.com\/eticaret\/market\/\"},{\"@type\":\"ListItem\",\"position\":3,\"name\":\"POL\u0130SORBAT 80\"}]},{\"@type\":\"WebSite\",\"@id\":\"https:\/\/akerkimya.com\/eticaret\/#website\",\"url\":\"https:\/\/akerkimya.com\/eticaret\/\",\"name\":\"Akerkimya\",\"description\":\"\",\"potentialAction\":[{\"@type\":\"SearchAction\",\"target\":{\"@type\":\"EntryPoint\",\"urlTemplate\":\"https:\/\/akerkimya.com\/eticaret\/?s={search_term_string}\"},\"query-input\":\"required name=search_term_string\"}],\"inLanguage\":\"tr\"}]}<\/script>\n<!-- \/ Yoast SEO Premium plugin. -->","yoast_head_json":{"title":"POL\u0130SORBAT 80 - Akerkimya","robots":{"index":"index","follow":"follow","max-snippet":"max-snippet:-1","max-image-preview":"max-image-preview:large","max-video-preview":"max-video-preview:-1"},"canonical":"https:\/\/akerkimya.com\/eticaret\/urun\/polisorbat-80\/","og_locale":"tr_TR","og_type":"article","og_title":"POL\u0130SORBAT 80","og_description":"POL\u0130SORBAT 80 Polisorbat 80, C64H124O26 form\u00fcl\u00fcne sahip sentetik bir bile\u015fiktir. Sorbitol ve etilen oksitin esterle\u015ftirme reaksiyonu ile elde edilmektedir. \u00dcretiminde","og_url":"https:\/\/akerkimya.com\/eticaret\/urun\/polisorbat-80\/","og_site_name":"Akerkimya","article_modified_time":"2026-05-08T12:26:35+00:00","og_image":[{"width":1000,"height":1000,"url":"https:\/\/akerkimya.com\/eticaret\/wp-content\/uploads\/2025\/01\/POLISORBAT-80-GUNCEL.jpeg","type":"image\/jpeg"}],"twitter_card":"summary_large_image","twitter_misc":{"Tahmini okuma s\u00fcresi":"2 dakika"},"schema":{"@context":"https:\/\/schema.org","@graph":[{"@type":"WebPage","@id":"https:\/\/akerkimya.com\/eticaret\/urun\/polisorbat-80\/","url":"https:\/\/akerkimya.com\/eticaret\/urun\/polisorbat-80\/","name":"POL\u0130SORBAT 80 - Akerkimya","isPartOf":{"@id":"https:\/\/akerkimya.com\/eticaret\/#website"},"datePublished":"2025-01-04T20:34:02+00:00","dateModified":"2026-05-08T12:26:35+00:00","breadcrumb":{"@id":"https:\/\/akerkimya.com\/eticaret\/urun\/polisorbat-80\/#breadcrumb"},"inLanguage":"tr","potentialAction":[{"@type":"ReadAction","target":["https:\/\/akerkimya.com\/eticaret\/urun\/polisorbat-80\/"]}]},{"@type":"BreadcrumbList","@id":"https:\/\/akerkimya.com\/eticaret\/urun\/polisorbat-80\/#breadcrumb","itemListElement":[{"@type":"ListItem","position":1,"name":"Home","item":"https:\/\/akerkimya.com\/eticaret\/"},{"@type":"ListItem","position":2,"name":"Market","item":"https:\/\/akerkimya.com\/eticaret\/market\/"},{"@type":"ListItem","position":3,"name":"POL\u0130SORBAT 80"}]},{"@type":"WebSite","@id":"https:\/\/akerkimya.com\/eticaret\/#website","url":"https:\/\/akerkimya.com\/eticaret\/","name":"Akerkimya","description":"","potentialAction":[{"@type":"SearchAction","target":{"@type":"EntryPoint","urlTemplate":"https:\/\/akerkimya.com\/eticaret\/?s={search_term_string}"},"query-input":"required name=search_term_string"}],"inLanguage":"tr"}]}},"_links":{"self":[{"href":"https:\/\/akerkimya.com\/eticaret\/wp-json\/wp\/v2\/product\/17690","targetHints":{"allow":["GET"]}}],"collection":[{"href":"https:\/\/akerkimya.com\/eticaret\/wp-json\/wp\/v2\/product"}],"about":[{"href":"https:\/\/akerkimya.com\/eticaret\/wp-json\/wp\/v2\/types\/product"}],"replies":[{"embeddable":true,"href":"https:\/\/akerkimya.com\/eticaret\/wp-json\/wp\/v2\/comments?post=17690"}],"version-history":[{"count":1,"href":"https:\/\/akerkimya.com\/eticaret\/wp-json\/wp\/v2\/product\/17690\/revisions"}],"predecessor-version":[{"id":17696,"href":"https:\/\/akerkimya.com\/eticaret\/wp-json\/wp\/v2\/product\/17690\/revisions\/17696"}],"wp:featuredmedia":[{"embeddable":true,"href":"https:\/\/akerkimya.com\/eticaret\/wp-json\/wp\/v2\/media\/17691"}],"wp:attachment":[{"href":"https:\/\/akerkimya.com\/eticaret\/wp-json\/wp\/v2\/media?parent=17690"}],"wp:term":[{"taxonomy":"product_cat","embeddable":true,"href":"https:\/\/akerkimya.com\/eticaret\/wp-json\/wp\/v2\/product_cat?post=17690"},{"taxonomy":"product_tag","embeddable":true,"href":"https:\/\/akerkimya.com\/eticaret\/wp-json\/wp\/v2\/product_tag?post=17690"}],"curies":[{"name":"wp","href":"https:\/\/api.w.org\/{rel}","templated":true}]}}