{"id":17705,"date":"2025-01-04T23:45:12","date_gmt":"2025-01-04T20:45:12","guid":{"rendered":"https:\/\/akerkimya.com\/eticaret\/?post_type=product&#038;p=17705"},"modified":"2026-03-30T02:24:22","modified_gmt":"2026-03-29T23:24:22","slug":"portakal-ekstrakti","status":"publish","type":"product","link":"https:\/\/akerkimya.com\/eticaret\/urun\/portakal-ekstrakti\/","title":{"rendered":"PORTAKAL EKSTRAKTI"},"content":{"rendered":"<h1>PORTAKAL EKSTRAKTI<\/h1>\n<p><strong>Portakal ekstrakt\u0131, bitkinin kabuk k\u0131s\u0131mlar\u0131ndan elde edilmektedir. <\/strong><\/p>\n<p><strong>\u00a0<\/strong><\/p>\n<p><strong>PORTAKAL EKSTRAKTI \u00d6ZELL\u0130KLER\u0130<\/strong><\/p>\n<p><strong>A\u00e7\u0131k sar\u0131 renginde s\u0131v\u0131 formdad\u0131r.<\/strong><\/p>\n<p><strong>Karakteristik bir kokusu vard\u0131r.<\/strong><\/p>\n<p><strong>\u00a0<\/strong><\/p>\n<p><strong>TEKN\u0130K \u00d6ZELL\u0130KLER\u0130 <\/strong><\/p>\n<p><strong>CAS NO: 8028-48-6<\/strong><\/p>\n<p><strong>EC NO: 307-891-8 \/ 232-433-8<\/strong><\/p>\n<p><strong>K\u0130MYASAL ADI: Portakal Ekstrakt\u0131, Orange Extract, Tatl\u0131 Portakal Ya\u011f\u0131<\/strong><\/p>\n<p><strong>PH: 4,0-6,0<\/strong><\/p>\n<p><strong>\u00d6ZG\u00dcL A\u011eIRLIK: 0,9- 1.03 g\/cm\u00b3<\/strong><\/p>\n<p><strong>\u00a0<\/strong><\/p>\n<p><strong>KULLANIM ALANLARI<\/strong><\/p>\n<p><strong>G\u0131da sekt\u00f6r\u00fcnde; \u015fekerlemelerde, hamur i\u015flerinde, bisk\u00fcvilerde, i\u00e7eceklerde, biralarda vb. kullan\u0131l\u0131r.<\/strong><\/p>\n<p><strong>Kozmetik sekt\u00f6r\u00fcnde, sa\u00e7 derisini beslemek, nemlendirmek, sa\u00e7 tellerini g\u00fc\u00e7lendirmek i\u00e7in kullan\u0131l\u0131r.<\/strong><\/p>\n<p><strong>Kas gev\u015fetici \u00f6zelli\u011fi nedeniyle ila\u00e7 ve kremlerde kullan\u0131l\u0131r.<\/strong><\/p>\n<p><strong>Sindirim sistemini d\u00fczenlemek, v\u00fccudu toksinlerden ay\u0131rmak i\u00e7in ila\u00e7larda kullan\u0131l\u0131r.<\/strong><\/p>\n<p><strong>Do\u011fal bir antidepresand\u0131r.<\/strong><\/p>\n<p><strong>Cilt bak\u0131m\u0131nda, kollajen \u00fcretimini artt\u0131rmak i\u00e7in ve cildi beslemek i\u00e7in kullan\u0131l\u0131r.<\/strong><\/p>\n<p><strong>Akne tedavisinde kullan\u0131l\u0131r.<\/strong><\/p>\n<p><strong>G\u0131da takviyesi olarak kullan\u0131m\u0131 mevcuttur.<\/strong><\/p>\n<p><strong>Ba\u011f\u0131\u015f\u0131kl\u0131\u011f\u0131 geli\u015ftirmekte yard\u0131mc\u0131 olur.<\/strong><\/p>\n<p><strong>Portakal ekstrakt\u0131, ast\u0131m ve zat\u00fcrre i\u00e7in bitkisel bir ila\u00e7t\u0131r.<\/strong><\/p>\n<p><strong>Y\u00fcz maskeleri ve peeling gibi temizleme \u00fcr\u00fcnlerinde kullan\u0131l\u0131r.<\/strong><\/p>\n<p><strong>\u00a0<\/strong><\/p>\n<p><strong>AMBALAJ<\/strong><\/p>\n<p><strong>1-2-5-20 kg bidonlar halindedir.<\/strong><\/p>\n<p><strong>\u00a0<\/strong><\/p>\n<p><strong>DEPOLAMA <\/strong><\/p>\n<p><strong>Serin ve kuru bir alanda muhafaza ediniz.<\/strong><\/p>\n","protected":false},"excerpt":{"rendered":"<p>PORTAKAL EKSTRAKTI Portakal ekstrakt\u0131, bitkinin kabuk k\u0131s\u0131mlar\u0131ndan elde edilmektedir. \u00a0 PORTAKAL EKSTRAKTI \u00d6ZELL\u0130KLER\u0130 A\u00e7\u0131k sar\u0131 renginde s\u0131v\u0131 formdad\u0131r. Karakteristik bir<\/p>\n","protected":false},"featured_media":17706,"comment_status":"open","ping_status":"closed","template":"","meta":{"_joinchat":[]},"product_cat":[74,76],"product_tag":[],"class_list":{"0":"post-17705","1":"product","2":"type-product","3":"status-publish","4":"has-post-thumbnail","6":"product_cat-deterjan-ve-kozmetik-kimyasallari","7":"product_cat-gida-ve-katki-kimyasallari","9":"first","10":"instock","11":"shipping-taxable","12":"purchasable","13":"product-type-variable"},"yoast_head":"<!-- This site is optimized with the Yoast SEO Premium plugin v20.2.1 (Yoast SEO v20.2.1) - https:\/\/yoast.com\/wordpress\/plugins\/seo\/ -->\n<title>PORTAKAL EKSTRAKTI - Akerkimya<\/title>\n<meta name=\"robots\" content=\"index, follow, max-snippet:-1, max-image-preview:large, max-video-preview:-1\" \/>\n<link rel=\"canonical\" href=\"https:\/\/akerkimya.com\/eticaret\/urun\/portakal-ekstrakti\/\" \/>\n<meta property=\"og:locale\" content=\"tr_TR\" \/>\n<meta property=\"og:type\" content=\"article\" \/>\n<meta property=\"og:title\" content=\"PORTAKAL EKSTRAKTI\" \/>\n<meta property=\"og:description\" content=\"PORTAKAL EKSTRAKTI Portakal ekstrakt\u0131, bitkinin kabuk k\u0131s\u0131mlar\u0131ndan elde edilmektedir. \u00a0 PORTAKAL EKSTRAKTI \u00d6ZELL\u0130KLER\u0130 A\u00e7\u0131k sar\u0131 renginde s\u0131v\u0131 formdad\u0131r. Karakteristik bir\" \/>\n<meta property=\"og:url\" content=\"https:\/\/akerkimya.com\/eticaret\/urun\/portakal-ekstrakti\/\" \/>\n<meta property=\"og:site_name\" content=\"Akerkimya\" \/>\n<meta property=\"article:modified_time\" content=\"2026-03-29T23:24:22+00:00\" \/>\n<meta property=\"og:image\" content=\"https:\/\/akerkimya.com\/eticaret\/wp-content\/uploads\/2025\/01\/PORTAKAL-EKSTRAKT-GUNCEL-1.png\" \/>\n\t<meta property=\"og:image:width\" content=\"1000\" \/>\n\t<meta property=\"og:image:height\" content=\"1000\" \/>\n\t<meta property=\"og:image:type\" content=\"image\/png\" \/>\n<meta name=\"twitter:card\" content=\"summary_large_image\" \/>\n<meta name=\"twitter:label1\" content=\"Tahmini okuma s\u00fcresi\" \/>\n\t<meta name=\"twitter:data1\" content=\"1 dakika\" \/>\n<script type=\"application\/ld+json\" class=\"yoast-schema-graph\">{\"@context\":\"https:\/\/schema.org\",\"@graph\":[{\"@type\":\"WebPage\",\"@id\":\"https:\/\/akerkimya.com\/eticaret\/urun\/portakal-ekstrakti\/\",\"url\":\"https:\/\/akerkimya.com\/eticaret\/urun\/portakal-ekstrakti\/\",\"name\":\"PORTAKAL EKSTRAKTI - Akerkimya\",\"isPartOf\":{\"@id\":\"https:\/\/akerkimya.com\/eticaret\/#website\"},\"datePublished\":\"2025-01-04T20:45:12+00:00\",\"dateModified\":\"2026-03-29T23:24:22+00:00\",\"breadcrumb\":{\"@id\":\"https:\/\/akerkimya.com\/eticaret\/urun\/portakal-ekstrakti\/#breadcrumb\"},\"inLanguage\":\"tr\",\"potentialAction\":[{\"@type\":\"ReadAction\",\"target\":[\"https:\/\/akerkimya.com\/eticaret\/urun\/portakal-ekstrakti\/\"]}]},{\"@type\":\"BreadcrumbList\",\"@id\":\"https:\/\/akerkimya.com\/eticaret\/urun\/portakal-ekstrakti\/#breadcrumb\",\"itemListElement\":[{\"@type\":\"ListItem\",\"position\":1,\"name\":\"Home\",\"item\":\"https:\/\/akerkimya.com\/eticaret\/\"},{\"@type\":\"ListItem\",\"position\":2,\"name\":\"Market\",\"item\":\"https:\/\/akerkimya.com\/eticaret\/market\/\"},{\"@type\":\"ListItem\",\"position\":3,\"name\":\"PORTAKAL EKSTRAKTI\"}]},{\"@type\":\"WebSite\",\"@id\":\"https:\/\/akerkimya.com\/eticaret\/#website\",\"url\":\"https:\/\/akerkimya.com\/eticaret\/\",\"name\":\"Akerkimya\",\"description\":\"\",\"potentialAction\":[{\"@type\":\"SearchAction\",\"target\":{\"@type\":\"EntryPoint\",\"urlTemplate\":\"https:\/\/akerkimya.com\/eticaret\/?s={search_term_string}\"},\"query-input\":\"required name=search_term_string\"}],\"inLanguage\":\"tr\"}]}<\/script>\n<!-- \/ Yoast SEO Premium plugin. -->","yoast_head_json":{"title":"PORTAKAL EKSTRAKTI - Akerkimya","robots":{"index":"index","follow":"follow","max-snippet":"max-snippet:-1","max-image-preview":"max-image-preview:large","max-video-preview":"max-video-preview:-1"},"canonical":"https:\/\/akerkimya.com\/eticaret\/urun\/portakal-ekstrakti\/","og_locale":"tr_TR","og_type":"article","og_title":"PORTAKAL EKSTRAKTI","og_description":"PORTAKAL EKSTRAKTI Portakal ekstrakt\u0131, bitkinin kabuk k\u0131s\u0131mlar\u0131ndan elde edilmektedir. \u00a0 PORTAKAL EKSTRAKTI \u00d6ZELL\u0130KLER\u0130 A\u00e7\u0131k sar\u0131 renginde s\u0131v\u0131 formdad\u0131r. Karakteristik bir","og_url":"https:\/\/akerkimya.com\/eticaret\/urun\/portakal-ekstrakti\/","og_site_name":"Akerkimya","article_modified_time":"2026-03-29T23:24:22+00:00","og_image":[{"width":1000,"height":1000,"url":"https:\/\/akerkimya.com\/eticaret\/wp-content\/uploads\/2025\/01\/PORTAKAL-EKSTRAKT-GUNCEL-1.png","type":"image\/png"}],"twitter_card":"summary_large_image","twitter_misc":{"Tahmini okuma s\u00fcresi":"1 dakika"},"schema":{"@context":"https:\/\/schema.org","@graph":[{"@type":"WebPage","@id":"https:\/\/akerkimya.com\/eticaret\/urun\/portakal-ekstrakti\/","url":"https:\/\/akerkimya.com\/eticaret\/urun\/portakal-ekstrakti\/","name":"PORTAKAL EKSTRAKTI - Akerkimya","isPartOf":{"@id":"https:\/\/akerkimya.com\/eticaret\/#website"},"datePublished":"2025-01-04T20:45:12+00:00","dateModified":"2026-03-29T23:24:22+00:00","breadcrumb":{"@id":"https:\/\/akerkimya.com\/eticaret\/urun\/portakal-ekstrakti\/#breadcrumb"},"inLanguage":"tr","potentialAction":[{"@type":"ReadAction","target":["https:\/\/akerkimya.com\/eticaret\/urun\/portakal-ekstrakti\/"]}]},{"@type":"BreadcrumbList","@id":"https:\/\/akerkimya.com\/eticaret\/urun\/portakal-ekstrakti\/#breadcrumb","itemListElement":[{"@type":"ListItem","position":1,"name":"Home","item":"https:\/\/akerkimya.com\/eticaret\/"},{"@type":"ListItem","position":2,"name":"Market","item":"https:\/\/akerkimya.com\/eticaret\/market\/"},{"@type":"ListItem","position":3,"name":"PORTAKAL EKSTRAKTI"}]},{"@type":"WebSite","@id":"https:\/\/akerkimya.com\/eticaret\/#website","url":"https:\/\/akerkimya.com\/eticaret\/","name":"Akerkimya","description":"","potentialAction":[{"@type":"SearchAction","target":{"@type":"EntryPoint","urlTemplate":"https:\/\/akerkimya.com\/eticaret\/?s={search_term_string}"},"query-input":"required name=search_term_string"}],"inLanguage":"tr"}]}},"_links":{"self":[{"href":"https:\/\/akerkimya.com\/eticaret\/wp-json\/wp\/v2\/product\/17705","targetHints":{"allow":["GET"]}}],"collection":[{"href":"https:\/\/akerkimya.com\/eticaret\/wp-json\/wp\/v2\/product"}],"about":[{"href":"https:\/\/akerkimya.com\/eticaret\/wp-json\/wp\/v2\/types\/product"}],"replies":[{"embeddable":true,"href":"https:\/\/akerkimya.com\/eticaret\/wp-json\/wp\/v2\/comments?post=17705"}],"version-history":[{"count":1,"href":"https:\/\/akerkimya.com\/eticaret\/wp-json\/wp\/v2\/product\/17705\/revisions"}],"predecessor-version":[{"id":17711,"href":"https:\/\/akerkimya.com\/eticaret\/wp-json\/wp\/v2\/product\/17705\/revisions\/17711"}],"wp:featuredmedia":[{"embeddable":true,"href":"https:\/\/akerkimya.com\/eticaret\/wp-json\/wp\/v2\/media\/17706"}],"wp:attachment":[{"href":"https:\/\/akerkimya.com\/eticaret\/wp-json\/wp\/v2\/media?parent=17705"}],"wp:term":[{"taxonomy":"product_cat","embeddable":true,"href":"https:\/\/akerkimya.com\/eticaret\/wp-json\/wp\/v2\/product_cat?post=17705"},{"taxonomy":"product_tag","embeddable":true,"href":"https:\/\/akerkimya.com\/eticaret\/wp-json\/wp\/v2\/product_tag?post=17705"}],"curies":[{"name":"wp","href":"https:\/\/api.w.org\/{rel}","templated":true}]}}