{"id":17712,"date":"2025-01-04T23:49:28","date_gmt":"2025-01-04T20:49:28","guid":{"rendered":"https:\/\/akerkimya.com\/eticaret\/?post_type=product&#038;p=17712"},"modified":"2026-03-30T02:24:22","modified_gmt":"2026-03-29T23:24:22","slug":"potasyum-klorat","status":"publish","type":"product","link":"https:\/\/akerkimya.com\/eticaret\/urun\/potasyum-klorat\/","title":{"rendered":"POTASYUM KLORAT"},"content":{"rendered":"<h1>POTASYUM KLORAT<\/h1>\n<p><strong>Potasyum klorat, KClO3 form\u00fcl\u00fcne sahip inorganik bir bile\u015fiktir. Baiyao tozu, yabanc\u0131 tuz olarak da bilinir. Potasyum klor\u00fcr ve sodyum klorattan elde edilir. <\/strong><\/p>\n<p><strong>\u00a0<\/strong><\/p>\n<p><strong>POTASYUM KLORAT \u00d6ZELL\u0130KLER\u0130<\/strong><\/p>\n<p><strong>Beyaz renkte kristal toz formundad\u0131r.<\/strong><\/p>\n<p><strong>Aseton, s\u0131v\u0131 amonyak ve gliserol i\u00e7inde \u00e7\u00f6z\u00fcn\u00fcr.<\/strong><\/p>\n<p><strong>Oda s\u0131cakl\u0131\u011f\u0131nda stabildir, ancak 400 \u00b0C\u2019nin \u00fczerinde ayr\u0131\u015f\u0131r ve oksijen a\u00e7\u0131\u011fa \u00e7\u0131kar\u0131r. <\/strong><\/p>\n<p><strong>G\u00fc\u00e7l\u00fc oksitleyici bir maddedir. Asidik \u00e7\u00f6zeltilerde kuvvetli oksitleyici etkiye sahiptir. <\/strong><\/p>\n<p><strong>Karbon, fosfor, organik madde veya yan\u0131c\u0131 maddelerle kar\u0131\u015ft\u0131r\u0131ld\u0131\u011f\u0131nda yanma ve patlama e\u011filimi g\u00f6sterir.<\/strong><\/p>\n<p><strong>\u00a0<\/strong><\/p>\n<p><strong>TEKN\u0130K \u00d6ZELL\u0130KLER\u0130<\/strong><\/p>\n<p><strong>CAS NUMARASI:3811-03<\/strong><\/p>\n<p><strong>EC NUMARASI: 223-289-7\u00dc<\/strong><\/p>\n<p><strong>MOLEK\u00dcLER FORM\u00dcL: KClO3<\/strong><\/p>\n<p><strong>K\u0130MYASAL \u0130SM\u0130: Potasyum Klorat,<\/strong><\/p>\n<p><strong>MOLAR K\u00dcTLE: 122.5495 g\/mol<\/strong><\/p>\n<p><strong>YO\u011eUNLUK: 2.34 g\/cm\u00b3<\/strong><\/p>\n<p><strong>ER\u0130ME NOKTASI: 356 \u00b0C<\/strong><\/p>\n<p><strong>KAYNAMA NOKTASI: 400 \u00b0C<\/strong><\/p>\n<p><strong>SUDA \u00c7\u00d6Z\u00dcN\u00dcRL\u00dcK: 7.19 g\/100 ml (20\u00b0C)- 8.61 g\/100 ml (25\u00b0C)- 57 g\/100 ml (100\u00b0 C)<\/strong><\/p>\n<p><strong>KIRILMA \u0130NDEKS\u0130: 1,40835<\/strong><\/p>\n<p><strong>\u00a0<\/strong><\/p>\n<p><strong>KULLANIM ALANLARI<\/strong><\/p>\n<p><strong>Patlay\u0131c\u0131larda, hava fi\u015feklerde, \u00fcst d\u00fczey emniyetli kibritlerde, roket ve f\u00fcze iticilerinde kullan\u0131l\u0131r.<\/strong><\/p>\n<p><strong>T\u0131p alan\u0131nda, ate\u015f d\u00fc\u015f\u00fcr\u00fcc\u00fc, idrar s\u00f6kt\u00fcr\u00fcc\u00fc ila\u00e7lar\u0131n yap\u0131m\u0131nda kullan\u0131l\u0131r.<\/strong><\/p>\n<p><strong>Fla\u015f tozunda y\u00fckseltgeyici madde olarak kullan\u0131l\u0131r. <\/strong><\/p>\n<p><strong>Alkaloidler ve fenoller i\u00e7in reaktif olarak kullan\u0131l\u0131r.<\/strong><\/p>\n<p><strong>U\u00e7ak sanayinde oksijen kayna\u011f\u0131 olarak kullan\u0131lmaktad\u0131r.<\/strong><\/p>\n<p><strong>B\u00f6cek ilac\u0131 olarak kullan\u0131lmaktad\u0131r. Ticari ismi fegabittir.<\/strong><\/p>\n<p><strong>Dezenfektan yap\u0131m\u0131nda kullan\u0131l\u0131r.<\/strong><\/p>\n<p><strong>Veteriner t\u0131bb\u0131nda, oksitleyici ajan, antiseptik ve b\u00fcz\u00fcc\u00fc olarak kullan\u0131l\u0131r.<\/strong><\/p>\n<p><strong>\u00a0<\/strong><\/p>\n<p><strong>AMBALAJ<\/strong><\/p>\n<p><strong>1-5-25 kg torbalar halinde<\/strong><\/p>\n<p><strong>\u00a0<\/strong><\/p>\n<p><strong>DEPOLAMA <\/strong><\/p>\n<p><strong>Serin ve kuru bir alanda muhafaza ediniz.<\/strong><\/p>\n","protected":false},"excerpt":{"rendered":"<p>POTASYUM KLORAT Potasyum klorat, KClO3 form\u00fcl\u00fcne sahip inorganik bir bile\u015fiktir. Baiyao tozu, yabanc\u0131 tuz olarak da bilinir. Potasyum klor\u00fcr ve<\/p>\n","protected":false},"featured_media":17713,"comment_status":"open","ping_status":"closed","template":"","meta":{"_joinchat":[]},"product_cat":[74,80],"product_tag":[],"class_list":{"0":"post-17712","1":"product","2":"type-product","3":"status-publish","4":"has-post-thumbnail","6":"product_cat-deterjan-ve-kozmetik-kimyasallari","7":"product_cat-veteriner-ve-ilac-kimyasallari","9":"first","10":"instock","11":"shipping-taxable","12":"purchasable","13":"product-type-variable"},"yoast_head":"<!-- This site is optimized with the Yoast SEO Premium plugin v20.2.1 (Yoast SEO v20.2.1) - https:\/\/yoast.com\/wordpress\/plugins\/seo\/ -->\n<title>POTASYUM KLORAT - Akerkimya<\/title>\n<meta name=\"robots\" content=\"index, follow, max-snippet:-1, max-image-preview:large, max-video-preview:-1\" \/>\n<link rel=\"canonical\" href=\"https:\/\/akerkimya.com\/eticaret\/urun\/potasyum-klorat\/\" \/>\n<meta property=\"og:locale\" content=\"tr_TR\" \/>\n<meta property=\"og:type\" content=\"article\" \/>\n<meta property=\"og:title\" content=\"POTASYUM KLORAT\" \/>\n<meta property=\"og:description\" content=\"POTASYUM KLORAT Potasyum klorat, KClO3 form\u00fcl\u00fcne sahip inorganik bir bile\u015fiktir. Baiyao tozu, yabanc\u0131 tuz olarak da bilinir. Potasyum klor\u00fcr ve\" \/>\n<meta property=\"og:url\" content=\"https:\/\/akerkimya.com\/eticaret\/urun\/potasyum-klorat\/\" \/>\n<meta property=\"og:site_name\" content=\"Akerkimya\" \/>\n<meta property=\"article:modified_time\" content=\"2026-03-29T23:24:22+00:00\" \/>\n<meta property=\"og:image\" content=\"https:\/\/akerkimya.com\/eticaret\/wp-content\/uploads\/2025\/01\/POTASYUM-KLORAT-GUNCEL.jpeg\" \/>\n\t<meta property=\"og:image:width\" content=\"1000\" \/>\n\t<meta property=\"og:image:height\" content=\"1000\" \/>\n\t<meta property=\"og:image:type\" content=\"image\/jpeg\" \/>\n<meta name=\"twitter:card\" content=\"summary_large_image\" \/>\n<meta name=\"twitter:label1\" content=\"Tahmini okuma s\u00fcresi\" \/>\n\t<meta name=\"twitter:data1\" content=\"1 dakika\" \/>\n<script type=\"application\/ld+json\" class=\"yoast-schema-graph\">{\"@context\":\"https:\/\/schema.org\",\"@graph\":[{\"@type\":\"WebPage\",\"@id\":\"https:\/\/akerkimya.com\/eticaret\/urun\/potasyum-klorat\/\",\"url\":\"https:\/\/akerkimya.com\/eticaret\/urun\/potasyum-klorat\/\",\"name\":\"POTASYUM KLORAT - Akerkimya\",\"isPartOf\":{\"@id\":\"https:\/\/akerkimya.com\/eticaret\/#website\"},\"datePublished\":\"2025-01-04T20:49:28+00:00\",\"dateModified\":\"2026-03-29T23:24:22+00:00\",\"breadcrumb\":{\"@id\":\"https:\/\/akerkimya.com\/eticaret\/urun\/potasyum-klorat\/#breadcrumb\"},\"inLanguage\":\"tr\",\"potentialAction\":[{\"@type\":\"ReadAction\",\"target\":[\"https:\/\/akerkimya.com\/eticaret\/urun\/potasyum-klorat\/\"]}]},{\"@type\":\"BreadcrumbList\",\"@id\":\"https:\/\/akerkimya.com\/eticaret\/urun\/potasyum-klorat\/#breadcrumb\",\"itemListElement\":[{\"@type\":\"ListItem\",\"position\":1,\"name\":\"Home\",\"item\":\"https:\/\/akerkimya.com\/eticaret\/\"},{\"@type\":\"ListItem\",\"position\":2,\"name\":\"Market\",\"item\":\"https:\/\/akerkimya.com\/eticaret\/market\/\"},{\"@type\":\"ListItem\",\"position\":3,\"name\":\"POTASYUM KLORAT\"}]},{\"@type\":\"WebSite\",\"@id\":\"https:\/\/akerkimya.com\/eticaret\/#website\",\"url\":\"https:\/\/akerkimya.com\/eticaret\/\",\"name\":\"Akerkimya\",\"description\":\"\",\"potentialAction\":[{\"@type\":\"SearchAction\",\"target\":{\"@type\":\"EntryPoint\",\"urlTemplate\":\"https:\/\/akerkimya.com\/eticaret\/?s={search_term_string}\"},\"query-input\":\"required name=search_term_string\"}],\"inLanguage\":\"tr\"}]}<\/script>\n<!-- \/ Yoast SEO Premium plugin. -->","yoast_head_json":{"title":"POTASYUM KLORAT - Akerkimya","robots":{"index":"index","follow":"follow","max-snippet":"max-snippet:-1","max-image-preview":"max-image-preview:large","max-video-preview":"max-video-preview:-1"},"canonical":"https:\/\/akerkimya.com\/eticaret\/urun\/potasyum-klorat\/","og_locale":"tr_TR","og_type":"article","og_title":"POTASYUM KLORAT","og_description":"POTASYUM KLORAT Potasyum klorat, KClO3 form\u00fcl\u00fcne sahip inorganik bir bile\u015fiktir. Baiyao tozu, yabanc\u0131 tuz olarak da bilinir. Potasyum klor\u00fcr ve","og_url":"https:\/\/akerkimya.com\/eticaret\/urun\/potasyum-klorat\/","og_site_name":"Akerkimya","article_modified_time":"2026-03-29T23:24:22+00:00","og_image":[{"width":1000,"height":1000,"url":"https:\/\/akerkimya.com\/eticaret\/wp-content\/uploads\/2025\/01\/POTASYUM-KLORAT-GUNCEL.jpeg","type":"image\/jpeg"}],"twitter_card":"summary_large_image","twitter_misc":{"Tahmini okuma s\u00fcresi":"1 dakika"},"schema":{"@context":"https:\/\/schema.org","@graph":[{"@type":"WebPage","@id":"https:\/\/akerkimya.com\/eticaret\/urun\/potasyum-klorat\/","url":"https:\/\/akerkimya.com\/eticaret\/urun\/potasyum-klorat\/","name":"POTASYUM KLORAT - Akerkimya","isPartOf":{"@id":"https:\/\/akerkimya.com\/eticaret\/#website"},"datePublished":"2025-01-04T20:49:28+00:00","dateModified":"2026-03-29T23:24:22+00:00","breadcrumb":{"@id":"https:\/\/akerkimya.com\/eticaret\/urun\/potasyum-klorat\/#breadcrumb"},"inLanguage":"tr","potentialAction":[{"@type":"ReadAction","target":["https:\/\/akerkimya.com\/eticaret\/urun\/potasyum-klorat\/"]}]},{"@type":"BreadcrumbList","@id":"https:\/\/akerkimya.com\/eticaret\/urun\/potasyum-klorat\/#breadcrumb","itemListElement":[{"@type":"ListItem","position":1,"name":"Home","item":"https:\/\/akerkimya.com\/eticaret\/"},{"@type":"ListItem","position":2,"name":"Market","item":"https:\/\/akerkimya.com\/eticaret\/market\/"},{"@type":"ListItem","position":3,"name":"POTASYUM KLORAT"}]},{"@type":"WebSite","@id":"https:\/\/akerkimya.com\/eticaret\/#website","url":"https:\/\/akerkimya.com\/eticaret\/","name":"Akerkimya","description":"","potentialAction":[{"@type":"SearchAction","target":{"@type":"EntryPoint","urlTemplate":"https:\/\/akerkimya.com\/eticaret\/?s={search_term_string}"},"query-input":"required name=search_term_string"}],"inLanguage":"tr"}]}},"_links":{"self":[{"href":"https:\/\/akerkimya.com\/eticaret\/wp-json\/wp\/v2\/product\/17712","targetHints":{"allow":["GET"]}}],"collection":[{"href":"https:\/\/akerkimya.com\/eticaret\/wp-json\/wp\/v2\/product"}],"about":[{"href":"https:\/\/akerkimya.com\/eticaret\/wp-json\/wp\/v2\/types\/product"}],"replies":[{"embeddable":true,"href":"https:\/\/akerkimya.com\/eticaret\/wp-json\/wp\/v2\/comments?post=17712"}],"version-history":[{"count":1,"href":"https:\/\/akerkimya.com\/eticaret\/wp-json\/wp\/v2\/product\/17712\/revisions"}],"predecessor-version":[{"id":17717,"href":"https:\/\/akerkimya.com\/eticaret\/wp-json\/wp\/v2\/product\/17712\/revisions\/17717"}],"wp:featuredmedia":[{"embeddable":true,"href":"https:\/\/akerkimya.com\/eticaret\/wp-json\/wp\/v2\/media\/17713"}],"wp:attachment":[{"href":"https:\/\/akerkimya.com\/eticaret\/wp-json\/wp\/v2\/media?parent=17712"}],"wp:term":[{"taxonomy":"product_cat","embeddable":true,"href":"https:\/\/akerkimya.com\/eticaret\/wp-json\/wp\/v2\/product_cat?post=17712"},{"taxonomy":"product_tag","embeddable":true,"href":"https:\/\/akerkimya.com\/eticaret\/wp-json\/wp\/v2\/product_tag?post=17712"}],"curies":[{"name":"wp","href":"https:\/\/api.w.org\/{rel}","templated":true}]}}