{"id":17724,"date":"2025-01-04T23:55:16","date_gmt":"2025-01-04T20:55:16","guid":{"rendered":"https:\/\/akerkimya.com\/eticaret\/?post_type=product&#038;p=17724"},"modified":"2026-03-30T02:24:22","modified_gmt":"2026-03-29T23:24:22","slug":"potasyum-sorbat","status":"publish","type":"product","link":"https:\/\/akerkimya.com\/eticaret\/urun\/potasyum-sorbat\/","title":{"rendered":"POTASYUM SORBAT"},"content":{"rendered":"<h1>POTASYUM SORBAT<\/h1>\n<p><strong>Potasyum sorbat, C6H7KO2 form\u00fcl\u00fcne sahip g\u0131da da kullan\u0131lmaya izin verilen tek organik asittir. G\u0131da katk\u0131 maddeleri aras\u0131nda E202 ad\u0131 ile yer al\u0131r. Potasyum sorbat end\u00fcstriyel olarak sorbik asidin potasyum hidroksit ile n\u00f6tralizasyonu ile elde edilir. <\/strong><\/p>\n<p><strong>\u00a0<\/strong><\/p>\n<p><strong>POTASYUM SORBAT \u00d6ZELL\u0130KLER\u0130<\/strong><\/p>\n<p><strong>Beyaz kristaller formunda, belirli bir tad\u0131 ve kokusu yoktur.<\/strong><\/p>\n<p><strong>Kararl\u0131 bir maddedir.<\/strong><\/p>\n<p><strong>Potasyum sorbat, suda \u00e7\u00f6z\u00fcnd\u00fc\u011f\u00fcnde geriye sorbik asit salar.<\/strong><\/p>\n<p><strong>Di\u011fer g\u0131da koruyucular\u0131na g\u00f6re en d\u00fc\u015f\u00fck alerjenik \u00f6zelliklere sahiptir.<\/strong><\/p>\n<p><strong>Alkolde az \u00e7\u00f6z\u00fcn\u00fcr.<\/strong><\/p>\n<p><strong>Potasyum sorbat koruyuculu\u011fu benzoattan on kat daha etkilidir.<\/strong><\/p>\n<p><strong>\u00a0<\/strong><\/p>\n<p><strong>TEKN\u0130K \u00d6ZELL\u0130KLER\u0130<\/strong><\/p>\n<p><strong>CAS NUMARASI: 24634-61-5<\/strong><\/p>\n<p><strong>MOLEK\u00dcLER FORM\u00dcL: C6H7KO2<\/strong><\/p>\n<p><strong>K\u0130MYASAL \u0130SM\u0130: Potasyum Sorbat, Sorbistat Potassium, 2,4- Hexadienoic Acid <\/strong><\/p>\n<p><strong>MOLAR K\u00dcTLE: 150,22 g\/mol<\/strong><\/p>\n<p><strong>YO\u011eUNLUK: 1.363 g\/cm\u00b3<\/strong><\/p>\n<p><strong>ER\u0130ME NOKTASI: 270 \u00b0C<\/strong><\/p>\n<p><strong>KAYNAMA NOKTASI: 233 \u00b0C<\/strong><\/p>\n<p><strong>SUDA \u00c7\u00d6Z\u00dcN\u00dcRL\u00dcK: 58.5 g\/100 Ml (100 \u00b0C)<\/strong><\/p>\n<p><strong>\u00a0<\/strong><\/p>\n<p><strong>KULLANIM ALANLARI<\/strong><\/p>\n<p><strong>G\u0131da \u00fcr\u00fcnlerinde k\u00fcf, maya ve bakterileri \u00f6nlemek i\u00e7in kullan\u0131l\u0131r.<\/strong><\/p>\n<p><strong>G\u0131dalarda fungistatik ajan olarak da kullan\u0131l\u0131r. <\/strong><\/p>\n<p><strong>Kulak damlalar\u0131n\u0131n imalat\u0131nda koruyucu madde olarak potasyum sorbat kullan\u0131l\u0131r.<\/strong><\/p>\n<p><strong>Meyve \u00fcr\u00fcnleri ve kurutulmu\u015f meyveler de d\u00e2hil olmak \u00fczere, patojenlerin potansiyel bir \u015fekilde b\u00fcy\u00fcmesini \u00f6nlemek i\u00e7in potasyum sorbat i\u00e7erirler.<\/strong><\/p>\n<p><strong>Peynir, yo\u011furt, s\u00fct \u00fcr\u00fcnleri, margarinler, ek\u015fi krema ve mayonez i\u00e7erisinde kullan\u0131l\u0131r.<\/strong><\/p>\n<p><strong>Kaplamada parlakl\u0131k d\u00fczeltmek i\u00e7in plastikle\u015ftiricilerin ve ya\u011flay\u0131c\u0131lar\u0131n \u00fcretiminde ara madde olarak kullan\u0131l\u0131r.<\/strong><\/p>\n<p><strong>\u0130\u00e7ecekler, asitlendirilmi\u015f veya fermente edilmi\u015f, salatalar, sebzeler, zeytinler, t\u00fcts\u00fclenmi\u015f veya tuzlanm\u0131\u015f bal\u0131klar, soslar, \u015furuplar ve j\u00f6leler de sorbat i\u00e7erir.<\/strong><\/p>\n<p><strong>Islak mendil i\u00e7erisinde koruyucu bile\u015fim olu\u015fturmaya yard\u0131mc\u0131 olur.<\/strong><\/p>\n<p><strong>Kozmetik sekt\u00f6r\u00fcnde cilt bak\u0131m \u00fcr\u00fcnlerinin bozulmas\u0131n\u0131 engellemek i\u00e7in kullan\u0131l\u0131r.<\/strong><\/p>\n<p><strong>\u015earapta artan \u015fekerin ikincil fermantasyonunu \u00f6nlemek i\u00e7in kullan\u0131l\u0131r.<\/strong><\/p>\n<p><strong>V\u00fccut, cilt ve sa\u00e7 i\u00e7in protein kayna\u011f\u0131 olarak \u00fcretilen kozmetik \u00fcr\u00fcnlerinde kullan\u0131l\u0131r.<\/strong><\/p>\n<p><strong>Nemli kedi ve k\u00f6pek mamalar\u0131nda ve di\u011fer hayvan yemlerinde koruyucu olarak kullan\u0131l\u0131r.<\/strong><\/p>\n<p><strong>Kau\u00e7uk end\u00fcstrisinde \u00f6\u011f\u00fctme karakteristiklerini d\u00fczeltmek i\u00e7in kullan\u0131l\u0131r.<\/strong><\/p>\n<p><strong>Meyve suyundan olu\u015fan sert \u015fekerlerin \u00fcretiminde koruyucu olarak kullan\u0131l\u0131r.<\/strong><\/p>\n<p><strong>Dezenfektan jeli ve ultrason jeli \u00fcretiminde bakteri olu\u015fmas\u0131n\u0131 \u00f6nlemek ve jelin daha uzun s\u00fcre saf \u00f6mr\u00fc olmas\u0131n\u0131 sa\u011flamak i\u00e7in koruyucu olarak kullan\u0131l\u0131r.<\/strong><\/p>\n<p><strong>\u00a0<\/strong><\/p>\n<p><strong>AMBALAJ<\/strong><\/p>\n<p><strong>1-5-25 kg torbalar halinde<\/strong><\/p>\n<p><strong>\u00a0<\/strong><\/p>\n<p><strong>DEPOLAMA <\/strong><\/p>\n<p><strong>Serin ve kuru bir alanda depolanmal\u0131d\u0131r.<\/strong><\/p>\n","protected":false},"excerpt":{"rendered":"<p>POTASYUM SORBAT Potasyum sorbat, C6H7KO2 form\u00fcl\u00fcne sahip g\u0131da da kullan\u0131lmaya izin verilen tek organik asittir. G\u0131da katk\u0131 maddeleri aras\u0131nda E202<\/p>\n","protected":false},"featured_media":17725,"comment_status":"open","ping_status":"closed","template":"","meta":{"_joinchat":[]},"product_cat":[74,76,80,81],"product_tag":[],"class_list":{"0":"post-17724","1":"product","2":"type-product","3":"status-publish","4":"has-post-thumbnail","6":"product_cat-deterjan-ve-kozmetik-kimyasallari","7":"product_cat-gida-ve-katki-kimyasallari","8":"product_cat-veteriner-ve-ilac-kimyasallari","9":"product_cat-yem-katki-kimyasallari","11":"first","12":"instock","13":"shipping-taxable","14":"purchasable","15":"product-type-variable"},"yoast_head":"<!-- This site is optimized with the Yoast SEO Premium plugin v20.2.1 (Yoast SEO v20.2.1) - https:\/\/yoast.com\/wordpress\/plugins\/seo\/ -->\n<title>POTASYUM SORBAT - Akerkimya<\/title>\n<meta name=\"robots\" content=\"index, follow, max-snippet:-1, max-image-preview:large, max-video-preview:-1\" \/>\n<link rel=\"canonical\" href=\"https:\/\/akerkimya.com\/eticaret\/urun\/potasyum-sorbat\/\" \/>\n<meta property=\"og:locale\" content=\"tr_TR\" \/>\n<meta property=\"og:type\" content=\"article\" \/>\n<meta property=\"og:title\" content=\"POTASYUM SORBAT\" \/>\n<meta property=\"og:description\" content=\"POTASYUM SORBAT Potasyum sorbat, C6H7KO2 form\u00fcl\u00fcne sahip g\u0131da da kullan\u0131lmaya izin verilen tek organik asittir. G\u0131da katk\u0131 maddeleri aras\u0131nda E202\" \/>\n<meta property=\"og:url\" content=\"https:\/\/akerkimya.com\/eticaret\/urun\/potasyum-sorbat\/\" \/>\n<meta property=\"og:site_name\" content=\"Akerkimya\" \/>\n<meta property=\"article:modified_time\" content=\"2026-03-29T23:24:22+00:00\" \/>\n<meta property=\"og:image\" content=\"https:\/\/akerkimya.com\/eticaret\/wp-content\/uploads\/2025\/01\/POTASYUM-SORBAT-GUNCEL.png\" \/>\n\t<meta property=\"og:image:width\" content=\"1000\" \/>\n\t<meta property=\"og:image:height\" content=\"1000\" \/>\n\t<meta property=\"og:image:type\" content=\"image\/png\" \/>\n<meta name=\"twitter:card\" content=\"summary_large_image\" \/>\n<meta name=\"twitter:label1\" content=\"Tahmini okuma s\u00fcresi\" \/>\n\t<meta name=\"twitter:data1\" content=\"2 dakika\" \/>\n<script type=\"application\/ld+json\" class=\"yoast-schema-graph\">{\"@context\":\"https:\/\/schema.org\",\"@graph\":[{\"@type\":\"WebPage\",\"@id\":\"https:\/\/akerkimya.com\/eticaret\/urun\/potasyum-sorbat\/\",\"url\":\"https:\/\/akerkimya.com\/eticaret\/urun\/potasyum-sorbat\/\",\"name\":\"POTASYUM SORBAT - Akerkimya\",\"isPartOf\":{\"@id\":\"https:\/\/akerkimya.com\/eticaret\/#website\"},\"datePublished\":\"2025-01-04T20:55:16+00:00\",\"dateModified\":\"2026-03-29T23:24:22+00:00\",\"breadcrumb\":{\"@id\":\"https:\/\/akerkimya.com\/eticaret\/urun\/potasyum-sorbat\/#breadcrumb\"},\"inLanguage\":\"tr\",\"potentialAction\":[{\"@type\":\"ReadAction\",\"target\":[\"https:\/\/akerkimya.com\/eticaret\/urun\/potasyum-sorbat\/\"]}]},{\"@type\":\"BreadcrumbList\",\"@id\":\"https:\/\/akerkimya.com\/eticaret\/urun\/potasyum-sorbat\/#breadcrumb\",\"itemListElement\":[{\"@type\":\"ListItem\",\"position\":1,\"name\":\"Home\",\"item\":\"https:\/\/akerkimya.com\/eticaret\/\"},{\"@type\":\"ListItem\",\"position\":2,\"name\":\"Market\",\"item\":\"https:\/\/akerkimya.com\/eticaret\/market\/\"},{\"@type\":\"ListItem\",\"position\":3,\"name\":\"POTASYUM SORBAT\"}]},{\"@type\":\"WebSite\",\"@id\":\"https:\/\/akerkimya.com\/eticaret\/#website\",\"url\":\"https:\/\/akerkimya.com\/eticaret\/\",\"name\":\"Akerkimya\",\"description\":\"\",\"potentialAction\":[{\"@type\":\"SearchAction\",\"target\":{\"@type\":\"EntryPoint\",\"urlTemplate\":\"https:\/\/akerkimya.com\/eticaret\/?s={search_term_string}\"},\"query-input\":\"required name=search_term_string\"}],\"inLanguage\":\"tr\"}]}<\/script>\n<!-- \/ Yoast SEO Premium plugin. -->","yoast_head_json":{"title":"POTASYUM SORBAT - Akerkimya","robots":{"index":"index","follow":"follow","max-snippet":"max-snippet:-1","max-image-preview":"max-image-preview:large","max-video-preview":"max-video-preview:-1"},"canonical":"https:\/\/akerkimya.com\/eticaret\/urun\/potasyum-sorbat\/","og_locale":"tr_TR","og_type":"article","og_title":"POTASYUM SORBAT","og_description":"POTASYUM SORBAT Potasyum sorbat, C6H7KO2 form\u00fcl\u00fcne sahip g\u0131da da kullan\u0131lmaya izin verilen tek organik asittir. G\u0131da katk\u0131 maddeleri aras\u0131nda E202","og_url":"https:\/\/akerkimya.com\/eticaret\/urun\/potasyum-sorbat\/","og_site_name":"Akerkimya","article_modified_time":"2026-03-29T23:24:22+00:00","og_image":[{"width":1000,"height":1000,"url":"https:\/\/akerkimya.com\/eticaret\/wp-content\/uploads\/2025\/01\/POTASYUM-SORBAT-GUNCEL.png","type":"image\/png"}],"twitter_card":"summary_large_image","twitter_misc":{"Tahmini okuma s\u00fcresi":"2 dakika"},"schema":{"@context":"https:\/\/schema.org","@graph":[{"@type":"WebPage","@id":"https:\/\/akerkimya.com\/eticaret\/urun\/potasyum-sorbat\/","url":"https:\/\/akerkimya.com\/eticaret\/urun\/potasyum-sorbat\/","name":"POTASYUM SORBAT - Akerkimya","isPartOf":{"@id":"https:\/\/akerkimya.com\/eticaret\/#website"},"datePublished":"2025-01-04T20:55:16+00:00","dateModified":"2026-03-29T23:24:22+00:00","breadcrumb":{"@id":"https:\/\/akerkimya.com\/eticaret\/urun\/potasyum-sorbat\/#breadcrumb"},"inLanguage":"tr","potentialAction":[{"@type":"ReadAction","target":["https:\/\/akerkimya.com\/eticaret\/urun\/potasyum-sorbat\/"]}]},{"@type":"BreadcrumbList","@id":"https:\/\/akerkimya.com\/eticaret\/urun\/potasyum-sorbat\/#breadcrumb","itemListElement":[{"@type":"ListItem","position":1,"name":"Home","item":"https:\/\/akerkimya.com\/eticaret\/"},{"@type":"ListItem","position":2,"name":"Market","item":"https:\/\/akerkimya.com\/eticaret\/market\/"},{"@type":"ListItem","position":3,"name":"POTASYUM SORBAT"}]},{"@type":"WebSite","@id":"https:\/\/akerkimya.com\/eticaret\/#website","url":"https:\/\/akerkimya.com\/eticaret\/","name":"Akerkimya","description":"","potentialAction":[{"@type":"SearchAction","target":{"@type":"EntryPoint","urlTemplate":"https:\/\/akerkimya.com\/eticaret\/?s={search_term_string}"},"query-input":"required name=search_term_string"}],"inLanguage":"tr"}]}},"_links":{"self":[{"href":"https:\/\/akerkimya.com\/eticaret\/wp-json\/wp\/v2\/product\/17724","targetHints":{"allow":["GET"]}}],"collection":[{"href":"https:\/\/akerkimya.com\/eticaret\/wp-json\/wp\/v2\/product"}],"about":[{"href":"https:\/\/akerkimya.com\/eticaret\/wp-json\/wp\/v2\/types\/product"}],"replies":[{"embeddable":true,"href":"https:\/\/akerkimya.com\/eticaret\/wp-json\/wp\/v2\/comments?post=17724"}],"version-history":[{"count":2,"href":"https:\/\/akerkimya.com\/eticaret\/wp-json\/wp\/v2\/product\/17724\/revisions"}],"predecessor-version":[{"id":18636,"href":"https:\/\/akerkimya.com\/eticaret\/wp-json\/wp\/v2\/product\/17724\/revisions\/18636"}],"wp:featuredmedia":[{"embeddable":true,"href":"https:\/\/akerkimya.com\/eticaret\/wp-json\/wp\/v2\/media\/17725"}],"wp:attachment":[{"href":"https:\/\/akerkimya.com\/eticaret\/wp-json\/wp\/v2\/media?parent=17724"}],"wp:term":[{"taxonomy":"product_cat","embeddable":true,"href":"https:\/\/akerkimya.com\/eticaret\/wp-json\/wp\/v2\/product_cat?post=17724"},{"taxonomy":"product_tag","embeddable":true,"href":"https:\/\/akerkimya.com\/eticaret\/wp-json\/wp\/v2\/product_tag?post=17724"}],"curies":[{"name":"wp","href":"https:\/\/api.w.org\/{rel}","templated":true}]}}