{"id":17730,"date":"2025-01-05T00:02:20","date_gmt":"2025-01-04T21:02:20","guid":{"rendered":"https:\/\/akerkimya.com\/eticaret\/?post_type=product&#038;p=17730"},"modified":"2026-03-30T02:24:22","modified_gmt":"2026-03-29T23:24:22","slug":"povidon-iyot","status":"publish","type":"product","link":"https:\/\/akerkimya.com\/eticaret\/urun\/povidon-iyot\/","title":{"rendered":"POV\u0130DON \u0130YOT"},"content":{"rendered":"<h1>POV\u0130DON \u0130YOT<\/h1>\n<p><strong>Povidon iyodunun kimyasal ad\u0131 &#8220;polivinilpirolidon-iyodin&#8221; veya k\u0131saca &#8220;PVP-iyodin&#8221; olarak da bilinir. Bu bile\u015fik, iyodun ve polivinilpirolidon ad\u0131 verilen bir polimerin birle\u015fiminden olu\u015fur. <\/strong><\/p>\n<p><strong>Povidon iyot C6H9I2NO molek\u00fcler form\u00fcl\u00fcne sahip olan bir polimerdir.Bu polimer, polivinilpirolidon molek\u00fcllerinin bir zincir \u015feklinde birbirine ba\u011flanmas\u0131yla iyotun stabilize edilmi\u015f bir formunu olu\u015fturur. Bu stabilize edilmi\u015f yap\u0131, iyodun serbest formunun aksine daha az reaktif ve cilt \u00fczerinde daha g\u00fcvenli bir \u015fekilde kullan\u0131lmas\u0131n\u0131 sa\u011flar.<\/strong><\/p>\n<p><strong>\u00a0<\/strong><\/p>\n<p><strong>POV\u0130DON \u0130YOT \u00d6ZELL\u0130KLER\u0130<\/strong><\/p>\n<p><strong>Koku olarak kendine has bir kokusu vard\u0131r.<\/strong><\/p>\n<p><strong>K\u0131rm\u0131z\u0131-kahverengi kristal toz formundad\u0131r.<\/strong><\/p>\n<p><strong>\u00a0<\/strong><\/p>\n<p><strong>TEKN\u0130K \u00d6ZELL\u0130KLER\u0130<\/strong><\/p>\n<p><strong>CAS NUMARASI: <\/strong><strong>25655-41-8<\/strong><\/p>\n<p><strong>EC NUMARASI: <\/strong><strong>607-771-8<\/strong><\/p>\n<p><strong>MOLEK\u00dcLER FORM\u00dcL: <\/strong><strong>C6H9I2NO<\/strong><\/p>\n<p><strong>\u00a0<\/strong><strong>K\u0130MYASAL \u0130SM\u0130: <\/strong><strong>1-ethenylpyrrolidin, Povidon \u0130yot<\/strong><\/p>\n<p><strong>MOLAR K\u00dcTLE: <\/strong><strong>364.95 g\/mol<\/strong><\/p>\n<p><strong>ER\u0130ME NOKTASI: <\/strong><strong>300<\/strong><strong>\u2103<\/strong><\/p>\n<p><strong>KAYNAMA NOKTASI: <\/strong><strong>760 mmHg&#8217;de 217.6<\/strong><strong>\u2103<\/strong><\/p>\n<p><strong>PARLAMA NOKTASI: 93.9<\/strong><strong>\u2103<\/strong><\/p>\n<p><strong>SUDA \u00c7\u00d6Z\u00dcN\u00dcRL\u00dcK: \u00c7\u00f6z\u00fcn\u00fcr<\/strong><\/p>\n<p><strong>\u00a0<\/strong><\/p>\n<p><strong>KULLANIM ALANLARI<\/strong><\/p>\n<p><strong>T\u0131bbi uygulamalarda bir \u00e7ok kullan\u0131m alan\u0131na sahiptir. <\/strong><\/p>\n<p><strong>Jinekolojik alanda povidon iyot jel olarak kullan\u0131l\u0131r. Bu uygulamada jinekolojik tropikal yar\u0131 hareketli kolliadal bir ajand\u0131r. <\/strong><\/p>\n<p><strong>V\u00fccutta meydana gelen yaralar\u0131n mikrop kapmas\u0131n\u0131 \u00f6nlemek ve dezenfekte etmek amac\u0131yla kullan\u0131l\u0131r.<\/strong><\/p>\n<p><strong>Cilt temizleyici \u00fcr\u00fcnlerin imalat\u0131nda s\u0131k\u00e7a kullan\u0131l\u0131r.<\/strong><\/p>\n<p><strong>Cerrahi alanlarda, cerrahi ekipmanlar\u0131n ve cerrahlar\u0131n ellerinin dezenfekte edilmesinde kullan\u0131l\u0131r.<\/strong><\/p>\n<p><strong>Kesikler, yaralar ve yan\u0131klar gibi cilt lezyonlar\u0131n\u0131n temizlenmesi ve enfeksiyon riskinin azalt\u0131lmas\u0131 i\u00e7in kullan\u0131l\u0131r.<\/strong><\/p>\n<p><strong>Di\u015f hekimli\u011fi uygulamalar\u0131nda a\u011f\u0131z i\u00e7i yaralar\u0131n ve di\u015f eti sorunlar\u0131n\u0131n tedavisinde kullan\u0131l\u0131r.<\/strong><\/p>\n<p><strong>Hijyen \u00fcr\u00fcnlerinde, dezenfektanlarda ve antiseptik sol\u00fcsyonlarda kullan\u0131l\u0131r.<\/strong><\/p>\n<p><strong>Hayvan sa\u011fl\u0131\u011f\u0131 alan\u0131nda enfeksiyonlar\u0131 \u00f6nlemek ve tedavi etmek i\u00e7in kullan\u0131l\u0131r.<\/strong><\/p>\n<p><strong>\u00a0<\/strong><\/p>\n<p><strong>AMBALAJ<\/strong><\/p>\n<p><strong>1-5-25 kg torbalar halinde<\/strong><\/p>\n<p><strong>\u00a0<\/strong><\/p>\n<p><strong>DEPOLAMA <\/strong><\/p>\n<p><strong>Serin ve kuru yerde muhafaza edilmelidir. \u00dcr\u00fcn kullan\u0131ld\u0131ktan sonra torba a\u011fz\u0131 a\u00e7\u0131k b\u0131rak\u0131lmamal\u0131d\u0131r.<\/strong><\/p>\n","protected":false},"excerpt":{"rendered":"<p>POV\u0130DON \u0130YOT Povidon iyodunun kimyasal ad\u0131 &#8220;polivinilpirolidon-iyodin&#8221; veya k\u0131saca &#8220;PVP-iyodin&#8221; olarak da bilinir. Bu bile\u015fik, iyodun ve polivinilpirolidon ad\u0131 verilen<\/p>\n","protected":false},"featured_media":17731,"comment_status":"open","ping_status":"closed","template":"","meta":{"_joinchat":[]},"product_cat":[74,80],"product_tag":[],"class_list":{"0":"post-17730","1":"product","2":"type-product","3":"status-publish","4":"has-post-thumbnail","6":"product_cat-deterjan-ve-kozmetik-kimyasallari","7":"product_cat-veteriner-ve-ilac-kimyasallari","9":"first","10":"instock","11":"shipping-taxable","12":"purchasable","13":"product-type-variable"},"yoast_head":"<!-- This site is optimized with the Yoast SEO Premium plugin v20.2.1 (Yoast SEO v20.2.1) - https:\/\/yoast.com\/wordpress\/plugins\/seo\/ -->\n<title>POV\u0130DON \u0130YOT - Akerkimya<\/title>\n<meta name=\"robots\" content=\"index, follow, max-snippet:-1, max-image-preview:large, max-video-preview:-1\" \/>\n<link rel=\"canonical\" href=\"https:\/\/akerkimya.com\/eticaret\/urun\/povidon-iyot\/\" \/>\n<meta property=\"og:locale\" content=\"tr_TR\" \/>\n<meta property=\"og:type\" content=\"article\" \/>\n<meta property=\"og:title\" content=\"POV\u0130DON \u0130YOT\" \/>\n<meta property=\"og:description\" content=\"POV\u0130DON \u0130YOT Povidon iyodunun kimyasal ad\u0131 &#8220;polivinilpirolidon-iyodin&#8221; veya k\u0131saca &#8220;PVP-iyodin&#8221; olarak da bilinir. Bu bile\u015fik, iyodun ve polivinilpirolidon ad\u0131 verilen\" \/>\n<meta property=\"og:url\" content=\"https:\/\/akerkimya.com\/eticaret\/urun\/povidon-iyot\/\" \/>\n<meta property=\"og:site_name\" content=\"Akerkimya\" \/>\n<meta property=\"article:modified_time\" content=\"2026-03-29T23:24:22+00:00\" \/>\n<meta property=\"og:image\" content=\"https:\/\/akerkimya.com\/eticaret\/wp-content\/uploads\/2025\/01\/POVIDON-IYOT-GUNCEL.png\" \/>\n\t<meta property=\"og:image:width\" content=\"1000\" \/>\n\t<meta property=\"og:image:height\" content=\"1000\" \/>\n\t<meta property=\"og:image:type\" content=\"image\/png\" \/>\n<meta name=\"twitter:card\" content=\"summary_large_image\" \/>\n<meta name=\"twitter:label1\" content=\"Tahmini okuma s\u00fcresi\" \/>\n\t<meta name=\"twitter:data1\" content=\"2 dakika\" \/>\n<script type=\"application\/ld+json\" class=\"yoast-schema-graph\">{\"@context\":\"https:\/\/schema.org\",\"@graph\":[{\"@type\":\"WebPage\",\"@id\":\"https:\/\/akerkimya.com\/eticaret\/urun\/povidon-iyot\/\",\"url\":\"https:\/\/akerkimya.com\/eticaret\/urun\/povidon-iyot\/\",\"name\":\"POV\u0130DON \u0130YOT - Akerkimya\",\"isPartOf\":{\"@id\":\"https:\/\/akerkimya.com\/eticaret\/#website\"},\"datePublished\":\"2025-01-04T21:02:20+00:00\",\"dateModified\":\"2026-03-29T23:24:22+00:00\",\"breadcrumb\":{\"@id\":\"https:\/\/akerkimya.com\/eticaret\/urun\/povidon-iyot\/#breadcrumb\"},\"inLanguage\":\"tr\",\"potentialAction\":[{\"@type\":\"ReadAction\",\"target\":[\"https:\/\/akerkimya.com\/eticaret\/urun\/povidon-iyot\/\"]}]},{\"@type\":\"BreadcrumbList\",\"@id\":\"https:\/\/akerkimya.com\/eticaret\/urun\/povidon-iyot\/#breadcrumb\",\"itemListElement\":[{\"@type\":\"ListItem\",\"position\":1,\"name\":\"Home\",\"item\":\"https:\/\/akerkimya.com\/eticaret\/\"},{\"@type\":\"ListItem\",\"position\":2,\"name\":\"Market\",\"item\":\"https:\/\/akerkimya.com\/eticaret\/market\/\"},{\"@type\":\"ListItem\",\"position\":3,\"name\":\"POV\u0130DON \u0130YOT\"}]},{\"@type\":\"WebSite\",\"@id\":\"https:\/\/akerkimya.com\/eticaret\/#website\",\"url\":\"https:\/\/akerkimya.com\/eticaret\/\",\"name\":\"Akerkimya\",\"description\":\"\",\"potentialAction\":[{\"@type\":\"SearchAction\",\"target\":{\"@type\":\"EntryPoint\",\"urlTemplate\":\"https:\/\/akerkimya.com\/eticaret\/?s={search_term_string}\"},\"query-input\":\"required name=search_term_string\"}],\"inLanguage\":\"tr\"}]}<\/script>\n<!-- \/ Yoast SEO Premium plugin. -->","yoast_head_json":{"title":"POV\u0130DON \u0130YOT - Akerkimya","robots":{"index":"index","follow":"follow","max-snippet":"max-snippet:-1","max-image-preview":"max-image-preview:large","max-video-preview":"max-video-preview:-1"},"canonical":"https:\/\/akerkimya.com\/eticaret\/urun\/povidon-iyot\/","og_locale":"tr_TR","og_type":"article","og_title":"POV\u0130DON \u0130YOT","og_description":"POV\u0130DON \u0130YOT Povidon iyodunun kimyasal ad\u0131 &#8220;polivinilpirolidon-iyodin&#8221; veya k\u0131saca &#8220;PVP-iyodin&#8221; olarak da bilinir. Bu bile\u015fik, iyodun ve polivinilpirolidon ad\u0131 verilen","og_url":"https:\/\/akerkimya.com\/eticaret\/urun\/povidon-iyot\/","og_site_name":"Akerkimya","article_modified_time":"2026-03-29T23:24:22+00:00","og_image":[{"width":1000,"height":1000,"url":"https:\/\/akerkimya.com\/eticaret\/wp-content\/uploads\/2025\/01\/POVIDON-IYOT-GUNCEL.png","type":"image\/png"}],"twitter_card":"summary_large_image","twitter_misc":{"Tahmini okuma s\u00fcresi":"2 dakika"},"schema":{"@context":"https:\/\/schema.org","@graph":[{"@type":"WebPage","@id":"https:\/\/akerkimya.com\/eticaret\/urun\/povidon-iyot\/","url":"https:\/\/akerkimya.com\/eticaret\/urun\/povidon-iyot\/","name":"POV\u0130DON \u0130YOT - Akerkimya","isPartOf":{"@id":"https:\/\/akerkimya.com\/eticaret\/#website"},"datePublished":"2025-01-04T21:02:20+00:00","dateModified":"2026-03-29T23:24:22+00:00","breadcrumb":{"@id":"https:\/\/akerkimya.com\/eticaret\/urun\/povidon-iyot\/#breadcrumb"},"inLanguage":"tr","potentialAction":[{"@type":"ReadAction","target":["https:\/\/akerkimya.com\/eticaret\/urun\/povidon-iyot\/"]}]},{"@type":"BreadcrumbList","@id":"https:\/\/akerkimya.com\/eticaret\/urun\/povidon-iyot\/#breadcrumb","itemListElement":[{"@type":"ListItem","position":1,"name":"Home","item":"https:\/\/akerkimya.com\/eticaret\/"},{"@type":"ListItem","position":2,"name":"Market","item":"https:\/\/akerkimya.com\/eticaret\/market\/"},{"@type":"ListItem","position":3,"name":"POV\u0130DON \u0130YOT"}]},{"@type":"WebSite","@id":"https:\/\/akerkimya.com\/eticaret\/#website","url":"https:\/\/akerkimya.com\/eticaret\/","name":"Akerkimya","description":"","potentialAction":[{"@type":"SearchAction","target":{"@type":"EntryPoint","urlTemplate":"https:\/\/akerkimya.com\/eticaret\/?s={search_term_string}"},"query-input":"required name=search_term_string"}],"inLanguage":"tr"}]}},"_links":{"self":[{"href":"https:\/\/akerkimya.com\/eticaret\/wp-json\/wp\/v2\/product\/17730","targetHints":{"allow":["GET"]}}],"collection":[{"href":"https:\/\/akerkimya.com\/eticaret\/wp-json\/wp\/v2\/product"}],"about":[{"href":"https:\/\/akerkimya.com\/eticaret\/wp-json\/wp\/v2\/types\/product"}],"replies":[{"embeddable":true,"href":"https:\/\/akerkimya.com\/eticaret\/wp-json\/wp\/v2\/comments?post=17730"}],"version-history":[{"count":1,"href":"https:\/\/akerkimya.com\/eticaret\/wp-json\/wp\/v2\/product\/17730\/revisions"}],"predecessor-version":[{"id":17735,"href":"https:\/\/akerkimya.com\/eticaret\/wp-json\/wp\/v2\/product\/17730\/revisions\/17735"}],"wp:featuredmedia":[{"embeddable":true,"href":"https:\/\/akerkimya.com\/eticaret\/wp-json\/wp\/v2\/media\/17731"}],"wp:attachment":[{"href":"https:\/\/akerkimya.com\/eticaret\/wp-json\/wp\/v2\/media?parent=17730"}],"wp:term":[{"taxonomy":"product_cat","embeddable":true,"href":"https:\/\/akerkimya.com\/eticaret\/wp-json\/wp\/v2\/product_cat?post=17730"},{"taxonomy":"product_tag","embeddable":true,"href":"https:\/\/akerkimya.com\/eticaret\/wp-json\/wp\/v2\/product_tag?post=17730"}],"curies":[{"name":"wp","href":"https:\/\/api.w.org\/{rel}","templated":true}]}}