{"id":17736,"date":"2025-01-05T00:07:02","date_gmt":"2025-01-04T21:07:02","guid":{"rendered":"https:\/\/akerkimya.com\/eticaret\/?post_type=product&#038;p=17736"},"modified":"2026-03-30T02:24:22","modified_gmt":"2026-03-29T23:24:22","slug":"pvp-k-30","status":"publish","type":"product","link":"https:\/\/akerkimya.com\/eticaret\/urun\/pvp-k-30\/","title":{"rendered":"PVP K-30"},"content":{"rendered":"<h1>PVP K-30<\/h1>\n<p><strong>PVP K-30, C6H9NO form\u00fcl\u00fcne sahip beyaz kat\u0131 toz veya kristal yap\u0131da olan suda \u00e7\u00f6z\u00fcn\u00fcr bir polimerdir. Polivinilprolidin (PVP), monomerN- vinil prolidonun bile\u015fi\u011fidir. 4 \u00e7e\u015fit PVP bulunmaktad\u0131r. Bunlar PVP den sonra gelen K say\u0131s\u0131 kimyasal\u0131n molek\u00fcl a\u011f\u0131rl\u0131\u011f\u0131n\u0131 belirtmektedir. PVP K-15, PVP K-30, PVP K-60, PVP K-90 \u015feklinde belirtilir.<\/strong><\/p>\n<p><strong>\u00a0<\/strong><\/p>\n<p><strong>PVP K-30 \u00d6ZELL\u0130KLER\u0130<\/strong><\/p>\n<p><strong>Beyaz renkli toz veya kristal formdad\u0131r.<\/strong><\/p>\n<p><strong>Higroskopik \u00f6zellikte bir hammaddedir.<\/strong><\/p>\n<p><strong>Kararl\u0131 bir kimyasald\u0131r.<\/strong><\/p>\n<p><strong>Bir\u00e7ok kimyasalla uyumluluk sa\u011flar.<\/strong><\/p>\n<p><strong>\u00c7\u00f6zeltide m\u00fckemmel \u0131slatma \u00f6zelliklerine sahiptir ve kolayca film olu\u015fturmas\u0131ndan dolay\u0131 kaplama veya kaplamalara katk\u0131 maddesi olarak kullan\u0131l\u0131r. <\/strong><\/p>\n<p><strong>\u00a0<\/strong><\/p>\n<p><strong>TEKN\u0130K \u00d6ZELL\u0130KLER\u0130<\/strong><\/p>\n<p><strong>CAS NUMARASI: 9003-39-8<\/strong><\/p>\n<p><strong>MOLEK\u00dcLER FORM\u00dcL: (C6H9NO)n<\/strong><\/p>\n<p><strong>K\u0130MYASAL ADI: PVP, Poviidon, PolivinilProlidon PVP K-30, Polymer<\/strong><\/p>\n<p><strong>MOLAR K\u00dcTLE: 2.500-2.500.000 g\/mol<\/strong><\/p>\n<p><strong>YO\u011eUNLUK: 1,2 g\/cm<\/strong><strong>\u00b3<\/strong><\/p>\n<p><strong>ER\u0130ME NOKTASI: 150-180 <\/strong><strong>\u00b0C (302-356 <\/strong><strong>\u00b0F; 423-453 K)<\/strong><\/p>\n<p><strong>KAYNAMA NOKTASI: 90-93 <\/strong><strong>\u00b0C<\/strong><\/p>\n<p><strong>\u00c7\u00d6Z\u00dcN\u00dcRL\u00dcK: Su ve Metil alkol i\u00e7erisinde \u00e7ok iyi \u00e7\u00f6z\u00fcn\u00fcr.<\/strong><\/p>\n<p><strong>\u00a0<\/strong><\/p>\n<p><strong>SPEF\u0130KASYON DE\u011eERLER\u0130<\/strong><\/p>\n<p><strong>PH DE\u011eER\u0130: 3,3<\/strong><\/p>\n<p><strong>K-DE\u011eER\u0130: 30,7<\/strong><\/p>\n<p><strong>SU (%): 3,7<\/strong><\/p>\n<p><strong>YANMADAK\u0130 KALINTI (%): 0,07<\/strong><\/p>\n<p><strong>KUR\u015eUN (ppm): 10<\/strong><\/p>\n<p><strong>ALDEH\u0130TLER (%): 0,06<\/strong><\/p>\n<p><strong>H\u0130DRAM\u0130NLER (ppm): 1<\/strong><\/p>\n<p><strong>\u00a0<\/strong><\/p>\n<p><strong>KULLANIM ALANLARI<\/strong><\/p>\n<p><strong>PVP, polaritesi sayesinde polar molek\u00fcllere son derece iyi ba\u011flan\u0131r. Bu nedenle foto\u011fraf kalitesinde m\u00fcrekkep p\u00fcsk\u00fcrtmeli k\u00e2\u011f\u0131tlar ve asetatlar i\u00e7in kaplamalarda ve ayr\u0131ca m\u00fcrekkep p\u00fcsk\u00fcrtmeli yaz\u0131c\u0131lar i\u00e7in kullan\u0131l\u0131r.<\/strong><\/p>\n<p><strong>Yap\u0131\u015ft\u0131r\u0131c\u0131 sekt\u00f6r\u00fcnde bas\u0131nca duyarl\u0131 yap\u0131\u015ft\u0131r\u0131c\u0131lar\u0131n imalat\u0131nda z\u0131mpara ta\u015f\u0131 ba\u011flay\u0131c\u0131s\u0131 olarak, y\u00fcksek s\u0131cakl\u0131kla haz\u0131rlanan seramik t\u00fcr\u00fc \u00fcr\u00fcnlerin \u00fcretiminde viskozite de\u011fi\u015ftirici madde olarak kullan\u0131l\u0131r.<\/strong><\/p>\n<p><strong>Bitki koruma, tohum i\u015fleme ve kaplama gibi tar\u0131msal uygulamalarda ba\u011flay\u0131c\u0131 ve kompleks olu\u015fturucu olarak kullan\u0131l\u0131r.<\/strong><\/p>\n<p><strong>Di\u015f beyazlatma jellerinde koyula\u015ft\u0131r\u0131c\u0131 madde olarak kullan\u0131l\u0131r.<\/strong><\/p>\n<p><strong>Diyaliz ve su ar\u0131tma filtrelerinde kullan\u0131l\u0131r. <\/strong><\/p>\n<p><strong>\u00c7\u00f6zelti polimerizasyonu i\u00e7in bir em\u00fclgat\u00f6r ve par\u00e7alay\u0131c\u0131 olarak kullan\u0131lmaktad\u0131r.<\/strong><\/p>\n<p><strong>Tutkal \u00e7ubu\u011fu ve s\u0131cakta eriyen yap\u0131\u015ft\u0131r\u0131c\u0131lar\u0131n \u00fcretiminde kullan\u0131l\u0131r.<\/strong><\/p>\n<p><strong>Piller, seramikler, fiberglas, m\u00fcrekkepler ve m\u00fcrekkep p\u00fcsk\u00fcrtmeli k\u00e2\u011f\u0131tlar i\u00e7in \u00f6zel bir katk\u0131 maddesi olarak ve kimyasal-mekanik d\u00fczleme i\u015fleminde kullan\u0131l\u0131r.<\/strong><\/p>\n<p><strong>Katot \u0131\u015f\u0131n t\u00fcpleri (CRT) i\u00e7in fotorezistlerde \u00e7\u00f6z\u00fcn\u00fcrl\u00fc\u011f\u00fc artt\u0131rmak i\u00e7in kullan\u0131l\u0131r.<\/strong><\/p>\n<p><strong>Sulu metal s\u00f6nd\u00fcrme i\u015fleminde kullan\u0131l\u0131r.<\/strong><\/p>\n<p><strong>\u015euruplar, yumu\u015fak jelatin kaps\u00fcller ila\u00e7lar\u0131n \u00e7\u00f6z\u00fcn\u00fcrl\u00fc\u011f\u00fcn\u00fc ar\u0131tmaya yard\u0131mc\u0131 olarak ve yeniden kristalle\u015fmenin bir inhibit\u00f6r\u00fc olarak kullan\u0131l\u0131r.<\/strong><\/p>\n<p><strong>Nano par\u00e7ac\u0131k sentezinde bir y\u00fczey aktif madde, indirgeyici ajan, \u015fekil kontrol ajan\u0131 ve da\u011f\u0131t\u0131c\u0131 olarak kullan\u0131l\u0131r.<\/strong><\/p>\n<p><strong>T\u00fcm inorganik g\u00fcne\u015f pillerinde stabilize edici ajan olarak kullan\u0131l\u0131r.<\/strong><\/p>\n<p><strong>PVP ayr\u0131ca \u015fampuan ve di\u015f macunlar\u0131 gibi ki\u015fisel bak\u0131m \u00fcr\u00fcnlerinde ve boyalarda dispersiyon maddesi olarak kullan\u0131l\u0131r.<\/strong><\/p>\n<p><strong>Posta pullar\u0131 ve zarflar gibi nemlendirilmesi gereken yap\u0131\u015ft\u0131r\u0131c\u0131larda kullan\u0131l\u0131r.<\/strong><\/p>\n<p><strong>G\u0131da katk\u0131 maddesi olarak stabilizat\u00f6r g\u00f6revinde kullan\u0131l\u0131r. <\/strong><\/p>\n<p><strong>\u015earap end\u00fcstrisinde, beyaz \u015faraplar ve biralar i\u00e7in inceltme maddesi olarak kullan\u0131l\u0131r.<\/strong><\/p>\n<p><strong>Kontakt lens sol\u00fcsyonlar\u0131nda kullan\u0131m\u0131 mevcuttur.<\/strong><\/p>\n<p><strong>PVP, mikroskopide sulu bir montaj ortam\u0131 yapmak i\u00e7in kullan\u0131l\u0131r.<\/strong><\/p>\n<p><strong>Molek\u00fcler biyolojide, PVP Denhardt tamponunun bir bile\u015fen olarak kullan\u0131l\u0131r. <\/strong><\/p>\n<p><strong>\u00a0<\/strong><\/p>\n<p><strong>AMBALAJ<\/strong><\/p>\n<p><strong>1-2-5-25 kg torbalar halinde <\/strong><\/p>\n<p><strong>\u00a0<\/strong><\/p>\n<p><strong>DEPOLAMA <\/strong><\/p>\n<p><strong>Serin ve kuru bir ortamda ambalaj tamamen kapal\u0131\u00a0 hava almayacak \u015fekilde muhafaza edilmelidir. <\/strong><\/p>\n","protected":false},"excerpt":{"rendered":"<p>PVP K-30 PVP K-30, C6H9NO form\u00fcl\u00fcne sahip beyaz kat\u0131 toz veya kristal yap\u0131da olan suda \u00e7\u00f6z\u00fcn\u00fcr bir polimerdir. Polivinilprolidin (PVP),<\/p>\n","protected":false},"featured_media":17737,"comment_status":"open","ping_status":"closed","template":"","meta":{"_joinchat":[]},"product_cat":[74,76,79,80],"product_tag":[],"class_list":{"0":"post-17736","1":"product","2":"type-product","3":"status-publish","4":"has-post-thumbnail","6":"product_cat-deterjan-ve-kozmetik-kimyasallari","7":"product_cat-gida-ve-katki-kimyasallari","8":"product_cat-tarim-kimyasallari","9":"product_cat-veteriner-ve-ilac-kimyasallari","11":"first","12":"instock","13":"shipping-taxable","14":"purchasable","15":"product-type-variable"},"yoast_head":"<!-- This site is optimized with the Yoast SEO Premium plugin v20.2.1 (Yoast SEO v20.2.1) - https:\/\/yoast.com\/wordpress\/plugins\/seo\/ -->\n<title>PVP K-30 - Akerkimya<\/title>\n<meta name=\"robots\" content=\"index, follow, max-snippet:-1, max-image-preview:large, max-video-preview:-1\" \/>\n<link rel=\"canonical\" href=\"https:\/\/akerkimya.com\/eticaret\/urun\/pvp-k-30\/\" \/>\n<meta property=\"og:locale\" content=\"tr_TR\" \/>\n<meta property=\"og:type\" content=\"article\" \/>\n<meta property=\"og:title\" content=\"PVP K-30\" \/>\n<meta property=\"og:description\" content=\"PVP K-30 PVP K-30, C6H9NO form\u00fcl\u00fcne sahip beyaz kat\u0131 toz veya kristal yap\u0131da olan suda \u00e7\u00f6z\u00fcn\u00fcr bir polimerdir. Polivinilprolidin (PVP),\" \/>\n<meta property=\"og:url\" content=\"https:\/\/akerkimya.com\/eticaret\/urun\/pvp-k-30\/\" \/>\n<meta property=\"og:site_name\" content=\"Akerkimya\" \/>\n<meta property=\"article:modified_time\" content=\"2026-03-29T23:24:22+00:00\" \/>\n<meta property=\"og:image\" content=\"https:\/\/akerkimya.com\/eticaret\/wp-content\/uploads\/2025\/01\/PVP-K-30-GUNCEL-.png\" \/>\n\t<meta property=\"og:image:width\" content=\"1000\" \/>\n\t<meta property=\"og:image:height\" content=\"1000\" \/>\n\t<meta property=\"og:image:type\" content=\"image\/png\" \/>\n<meta name=\"twitter:card\" content=\"summary_large_image\" \/>\n<meta name=\"twitter:label1\" content=\"Tahmini okuma s\u00fcresi\" \/>\n\t<meta name=\"twitter:data1\" content=\"3 dakika\" \/>\n<script type=\"application\/ld+json\" class=\"yoast-schema-graph\">{\"@context\":\"https:\/\/schema.org\",\"@graph\":[{\"@type\":\"WebPage\",\"@id\":\"https:\/\/akerkimya.com\/eticaret\/urun\/pvp-k-30\/\",\"url\":\"https:\/\/akerkimya.com\/eticaret\/urun\/pvp-k-30\/\",\"name\":\"PVP K-30 - Akerkimya\",\"isPartOf\":{\"@id\":\"https:\/\/akerkimya.com\/eticaret\/#website\"},\"datePublished\":\"2025-01-04T21:07:02+00:00\",\"dateModified\":\"2026-03-29T23:24:22+00:00\",\"breadcrumb\":{\"@id\":\"https:\/\/akerkimya.com\/eticaret\/urun\/pvp-k-30\/#breadcrumb\"},\"inLanguage\":\"tr\",\"potentialAction\":[{\"@type\":\"ReadAction\",\"target\":[\"https:\/\/akerkimya.com\/eticaret\/urun\/pvp-k-30\/\"]}]},{\"@type\":\"BreadcrumbList\",\"@id\":\"https:\/\/akerkimya.com\/eticaret\/urun\/pvp-k-30\/#breadcrumb\",\"itemListElement\":[{\"@type\":\"ListItem\",\"position\":1,\"name\":\"Home\",\"item\":\"https:\/\/akerkimya.com\/eticaret\/\"},{\"@type\":\"ListItem\",\"position\":2,\"name\":\"Market\",\"item\":\"https:\/\/akerkimya.com\/eticaret\/market\/\"},{\"@type\":\"ListItem\",\"position\":3,\"name\":\"PVP K-30\"}]},{\"@type\":\"WebSite\",\"@id\":\"https:\/\/akerkimya.com\/eticaret\/#website\",\"url\":\"https:\/\/akerkimya.com\/eticaret\/\",\"name\":\"Akerkimya\",\"description\":\"\",\"potentialAction\":[{\"@type\":\"SearchAction\",\"target\":{\"@type\":\"EntryPoint\",\"urlTemplate\":\"https:\/\/akerkimya.com\/eticaret\/?s={search_term_string}\"},\"query-input\":\"required name=search_term_string\"}],\"inLanguage\":\"tr\"}]}<\/script>\n<!-- \/ Yoast SEO Premium plugin. -->","yoast_head_json":{"title":"PVP K-30 - Akerkimya","robots":{"index":"index","follow":"follow","max-snippet":"max-snippet:-1","max-image-preview":"max-image-preview:large","max-video-preview":"max-video-preview:-1"},"canonical":"https:\/\/akerkimya.com\/eticaret\/urun\/pvp-k-30\/","og_locale":"tr_TR","og_type":"article","og_title":"PVP K-30","og_description":"PVP K-30 PVP K-30, C6H9NO form\u00fcl\u00fcne sahip beyaz kat\u0131 toz veya kristal yap\u0131da olan suda \u00e7\u00f6z\u00fcn\u00fcr bir polimerdir. Polivinilprolidin (PVP),","og_url":"https:\/\/akerkimya.com\/eticaret\/urun\/pvp-k-30\/","og_site_name":"Akerkimya","article_modified_time":"2026-03-29T23:24:22+00:00","og_image":[{"width":1000,"height":1000,"url":"https:\/\/akerkimya.com\/eticaret\/wp-content\/uploads\/2025\/01\/PVP-K-30-GUNCEL-.png","type":"image\/png"}],"twitter_card":"summary_large_image","twitter_misc":{"Tahmini okuma s\u00fcresi":"3 dakika"},"schema":{"@context":"https:\/\/schema.org","@graph":[{"@type":"WebPage","@id":"https:\/\/akerkimya.com\/eticaret\/urun\/pvp-k-30\/","url":"https:\/\/akerkimya.com\/eticaret\/urun\/pvp-k-30\/","name":"PVP K-30 - Akerkimya","isPartOf":{"@id":"https:\/\/akerkimya.com\/eticaret\/#website"},"datePublished":"2025-01-04T21:07:02+00:00","dateModified":"2026-03-29T23:24:22+00:00","breadcrumb":{"@id":"https:\/\/akerkimya.com\/eticaret\/urun\/pvp-k-30\/#breadcrumb"},"inLanguage":"tr","potentialAction":[{"@type":"ReadAction","target":["https:\/\/akerkimya.com\/eticaret\/urun\/pvp-k-30\/"]}]},{"@type":"BreadcrumbList","@id":"https:\/\/akerkimya.com\/eticaret\/urun\/pvp-k-30\/#breadcrumb","itemListElement":[{"@type":"ListItem","position":1,"name":"Home","item":"https:\/\/akerkimya.com\/eticaret\/"},{"@type":"ListItem","position":2,"name":"Market","item":"https:\/\/akerkimya.com\/eticaret\/market\/"},{"@type":"ListItem","position":3,"name":"PVP K-30"}]},{"@type":"WebSite","@id":"https:\/\/akerkimya.com\/eticaret\/#website","url":"https:\/\/akerkimya.com\/eticaret\/","name":"Akerkimya","description":"","potentialAction":[{"@type":"SearchAction","target":{"@type":"EntryPoint","urlTemplate":"https:\/\/akerkimya.com\/eticaret\/?s={search_term_string}"},"query-input":"required name=search_term_string"}],"inLanguage":"tr"}]}},"_links":{"self":[{"href":"https:\/\/akerkimya.com\/eticaret\/wp-json\/wp\/v2\/product\/17736","targetHints":{"allow":["GET"]}}],"collection":[{"href":"https:\/\/akerkimya.com\/eticaret\/wp-json\/wp\/v2\/product"}],"about":[{"href":"https:\/\/akerkimya.com\/eticaret\/wp-json\/wp\/v2\/types\/product"}],"replies":[{"embeddable":true,"href":"https:\/\/akerkimya.com\/eticaret\/wp-json\/wp\/v2\/comments?post=17736"}],"version-history":[{"count":1,"href":"https:\/\/akerkimya.com\/eticaret\/wp-json\/wp\/v2\/product\/17736\/revisions"}],"predecessor-version":[{"id":17742,"href":"https:\/\/akerkimya.com\/eticaret\/wp-json\/wp\/v2\/product\/17736\/revisions\/17742"}],"wp:featuredmedia":[{"embeddable":true,"href":"https:\/\/akerkimya.com\/eticaret\/wp-json\/wp\/v2\/media\/17737"}],"wp:attachment":[{"href":"https:\/\/akerkimya.com\/eticaret\/wp-json\/wp\/v2\/media?parent=17736"}],"wp:term":[{"taxonomy":"product_cat","embeddable":true,"href":"https:\/\/akerkimya.com\/eticaret\/wp-json\/wp\/v2\/product_cat?post=17736"},{"taxonomy":"product_tag","embeddable":true,"href":"https:\/\/akerkimya.com\/eticaret\/wp-json\/wp\/v2\/product_tag?post=17736"}],"curies":[{"name":"wp","href":"https:\/\/api.w.org\/{rel}","templated":true}]}}