{"id":17744,"date":"2025-01-05T00:10:11","date_gmt":"2025-01-04T21:10:11","guid":{"rendered":"https:\/\/akerkimya.com\/eticaret\/?post_type=product&#038;p=17744"},"modified":"2026-03-30T02:24:22","modified_gmt":"2026-03-29T23:24:22","slug":"sarimsak-yagi-garlic-oil","status":"publish","type":"product","link":"https:\/\/akerkimya.com\/eticaret\/urun\/sarimsak-yagi-garlic-oil\/","title":{"rendered":"SARIMSAK YA\u011eI (GARL\u0130C O\u0130L)"},"content":{"rendered":"<h1>SARIMSAK YA\u011eI (GARL\u0130C O\u0130L)<\/h1>\n<p><strong>Sar\u0131msak ya\u011f\u0131, Alliaceae ailesinden olan sar\u0131msa\u011f\u0131n so\u011fan\u0131ndan buhar distilasyonu ile elde edilir. <\/strong><\/p>\n<p><strong>\u00a0<\/strong><\/p>\n<p><strong>SARIMSAK YA\u011eI \u00d6ZELL\u0130KLER\u0130<\/strong><\/p>\n<p><strong>A\u00e7\u0131k sar\u0131, \u015feffaf renginde k\u0131vaml\u0131 s\u0131v\u0131 formdad\u0131r. <\/strong><\/p>\n<p><strong>Sar\u0131msak kokusu vard\u0131r.<\/strong><\/p>\n<p><strong>Gliserin, propilen glikol i\u00e7inde \u00e7\u00f6z\u00fcnmez.<\/strong><\/p>\n<p><strong>Nispeten kararl\u0131 bir kimyasald\u0131r.<\/strong><\/p>\n<p><strong>Kuvvetli olmayan asit ortam\u0131nda 120 \u00b0C\u2019nin \u00fczerindeki y\u00fcksek s\u0131cakl\u0131klara dayanabilir ve kolay par\u00e7alanmaz. <\/strong><\/p>\n<p><strong>Uzun s\u00fcre ultraviyole \u0131\u015f\u0131nlar\u0131na maruz kal\u0131rsa, ayr\u0131\u015fmaya neden olabilir. <\/strong><\/p>\n<p><strong>\u00a0<\/strong><\/p>\n<p><strong>TEKN\u0130K \u00d6ZELL\u0130KLER\u0130<\/strong><\/p>\n<p><strong>CAS NUMARASI: 8000-78-0<\/strong><\/p>\n<p><strong>EINECS: 232-371-1<\/strong><\/p>\n<p><strong>K\u0130MYASAL \u0130SM\u0130: Sar\u0131msak ya\u011f\u0131, Garlic oil, Allium Sativum,<\/strong><\/p>\n<p><strong>PARLAMA NOKTASI: 115 \u00b0C<\/strong><\/p>\n<p><strong>YO\u011eUNLU\u011eU: 1.040 gr\/cm\u00b3<\/strong><\/p>\n<p><strong>\u00d6ZG\u00dcL A\u011eIRLIK (25\u00b0C): 0.9-1.05 gr\/cm\u00b3<\/strong><\/p>\n<p><strong>KIRILMA \u0130NDEKS\u0130 (25\u00b0C): 1.46546-147037<\/strong><\/p>\n<p><strong>\u00c7\u00d6Z\u00dcN\u00dcRL\u00dcK: Suda \u00e7\u00f6z\u00fcnmez.<\/strong><\/p>\n<p><strong>\u00a0<\/strong><\/p>\n<p><strong>KULLANIM ALANLARI<\/strong><\/p>\n<p><strong>Baharatl\u0131 \u00e7e\u015fnilerin haz\u0131rlanmas\u0131nda kullan\u0131l\u0131r. <\/strong><\/p>\n<p><strong>Sa\u00e7 d\u00f6k\u00fclmesini ve kepeklenmeyi \u00f6nlemek i\u00e7in kullan\u0131l\u0131r.<\/strong><\/p>\n<p><strong>Sivilce ve akne olu\u015fumunu engellemek i\u00e7in kullan\u0131l\u0131r.<\/strong><\/p>\n<p><strong>Antifungal, mantar \u00f6nleyici etkisiyle ayaklarda ya da cildin farkl\u0131 b\u00f6lgelerinde olu\u015fan mantarlarn iyile\u015fmesi i\u00e7in kullan\u0131l\u0131r.<\/strong><\/p>\n<p><strong>Y\u00fcksek tansiyonun dengelenmesinde kullan\u0131l\u0131rken ayn\u0131 zamanda kalp ve damar hastal\u0131klar\u0131na yakalanma riskini azalt\u0131r.<\/strong><\/p>\n<p><strong>Kaslardan kaynaklanan a\u011fr\u0131lar\u0131n azalmas\u0131na yard\u0131mc\u0131 olur.<\/strong><\/p>\n<p><strong>Antibakteriyel etkileri sayesinde di\u015f ve di\u015f etlerinde olu\u015fan a\u011fr\u0131lar\u0131 i\u00e7in kullan\u0131l\u0131r.<\/strong><\/p>\n<p><strong>\u00a0<\/strong><\/p>\n<p><strong>AMBALAJ<\/strong><\/p>\n<p><strong>1-5-25 kg bidonlar halinde <\/strong><\/p>\n<p><strong>\u00a0<\/strong><\/p>\n<p><strong>DEPOLAMA <\/strong><\/p>\n<p><strong>Serin ve kuru bir alanda muhafaza ediniz.<\/strong><\/p>\n","protected":false},"excerpt":{"rendered":"<p>SARIMSAK YA\u011eI (GARL\u0130C O\u0130L) Sar\u0131msak ya\u011f\u0131, Alliaceae ailesinden olan sar\u0131msa\u011f\u0131n so\u011fan\u0131ndan buhar distilasyonu ile elde edilir. \u00a0 SARIMSAK YA\u011eI \u00d6ZELL\u0130KLER\u0130<\/p>\n","protected":false},"featured_media":17745,"comment_status":"open","ping_status":"closed","template":"","meta":{"_joinchat":[]},"product_cat":[74,76,80],"product_tag":[],"class_list":{"0":"post-17744","1":"product","2":"type-product","3":"status-publish","4":"has-post-thumbnail","6":"product_cat-deterjan-ve-kozmetik-kimyasallari","7":"product_cat-gida-ve-katki-kimyasallari","8":"product_cat-veteriner-ve-ilac-kimyasallari","10":"first","11":"instock","12":"shipping-taxable","13":"purchasable","14":"product-type-variable"},"yoast_head":"<!-- This site is optimized with the Yoast SEO Premium plugin v20.2.1 (Yoast SEO v20.2.1) - https:\/\/yoast.com\/wordpress\/plugins\/seo\/ -->\n<title>SARIMSAK YA\u011eI (GARL\u0130C O\u0130L) - Akerkimya<\/title>\n<meta name=\"robots\" content=\"index, follow, max-snippet:-1, max-image-preview:large, max-video-preview:-1\" \/>\n<link rel=\"canonical\" href=\"https:\/\/akerkimya.com\/eticaret\/urun\/sarimsak-yagi-garlic-oil\/\" \/>\n<meta property=\"og:locale\" content=\"tr_TR\" \/>\n<meta property=\"og:type\" content=\"article\" \/>\n<meta property=\"og:title\" content=\"SARIMSAK YA\u011eI (GARL\u0130C O\u0130L)\" \/>\n<meta property=\"og:description\" content=\"SARIMSAK YA\u011eI (GARL\u0130C O\u0130L) Sar\u0131msak ya\u011f\u0131, Alliaceae ailesinden olan sar\u0131msa\u011f\u0131n so\u011fan\u0131ndan buhar distilasyonu ile elde edilir. \u00a0 SARIMSAK YA\u011eI \u00d6ZELL\u0130KLER\u0130\" \/>\n<meta property=\"og:url\" content=\"https:\/\/akerkimya.com\/eticaret\/urun\/sarimsak-yagi-garlic-oil\/\" \/>\n<meta property=\"og:site_name\" content=\"Akerkimya\" \/>\n<meta property=\"article:modified_time\" content=\"2026-03-29T23:24:22+00:00\" \/>\n<meta property=\"og:image\" content=\"https:\/\/akerkimya.com\/eticaret\/wp-content\/uploads\/2025\/01\/SARIMSAK-YAGI-GARLIC-OIL-GUNCEL.jpeg\" \/>\n\t<meta property=\"og:image:width\" content=\"1000\" \/>\n\t<meta property=\"og:image:height\" content=\"1000\" \/>\n\t<meta property=\"og:image:type\" content=\"image\/jpeg\" \/>\n<meta name=\"twitter:card\" content=\"summary_large_image\" \/>\n<meta name=\"twitter:label1\" content=\"Tahmini okuma s\u00fcresi\" \/>\n\t<meta name=\"twitter:data1\" content=\"1 dakika\" \/>\n<script type=\"application\/ld+json\" class=\"yoast-schema-graph\">{\"@context\":\"https:\/\/schema.org\",\"@graph\":[{\"@type\":\"WebPage\",\"@id\":\"https:\/\/akerkimya.com\/eticaret\/urun\/sarimsak-yagi-garlic-oil\/\",\"url\":\"https:\/\/akerkimya.com\/eticaret\/urun\/sarimsak-yagi-garlic-oil\/\",\"name\":\"SARIMSAK YA\u011eI (GARL\u0130C O\u0130L) - Akerkimya\",\"isPartOf\":{\"@id\":\"https:\/\/akerkimya.com\/eticaret\/#website\"},\"datePublished\":\"2025-01-04T21:10:11+00:00\",\"dateModified\":\"2026-03-29T23:24:22+00:00\",\"breadcrumb\":{\"@id\":\"https:\/\/akerkimya.com\/eticaret\/urun\/sarimsak-yagi-garlic-oil\/#breadcrumb\"},\"inLanguage\":\"tr\",\"potentialAction\":[{\"@type\":\"ReadAction\",\"target\":[\"https:\/\/akerkimya.com\/eticaret\/urun\/sarimsak-yagi-garlic-oil\/\"]}]},{\"@type\":\"BreadcrumbList\",\"@id\":\"https:\/\/akerkimya.com\/eticaret\/urun\/sarimsak-yagi-garlic-oil\/#breadcrumb\",\"itemListElement\":[{\"@type\":\"ListItem\",\"position\":1,\"name\":\"Home\",\"item\":\"https:\/\/akerkimya.com\/eticaret\/\"},{\"@type\":\"ListItem\",\"position\":2,\"name\":\"Market\",\"item\":\"https:\/\/akerkimya.com\/eticaret\/market\/\"},{\"@type\":\"ListItem\",\"position\":3,\"name\":\"SARIMSAK YA\u011eI (GARL\u0130C O\u0130L)\"}]},{\"@type\":\"WebSite\",\"@id\":\"https:\/\/akerkimya.com\/eticaret\/#website\",\"url\":\"https:\/\/akerkimya.com\/eticaret\/\",\"name\":\"Akerkimya\",\"description\":\"\",\"potentialAction\":[{\"@type\":\"SearchAction\",\"target\":{\"@type\":\"EntryPoint\",\"urlTemplate\":\"https:\/\/akerkimya.com\/eticaret\/?s={search_term_string}\"},\"query-input\":\"required name=search_term_string\"}],\"inLanguage\":\"tr\"}]}<\/script>\n<!-- \/ Yoast SEO Premium plugin. -->","yoast_head_json":{"title":"SARIMSAK YA\u011eI (GARL\u0130C O\u0130L) - Akerkimya","robots":{"index":"index","follow":"follow","max-snippet":"max-snippet:-1","max-image-preview":"max-image-preview:large","max-video-preview":"max-video-preview:-1"},"canonical":"https:\/\/akerkimya.com\/eticaret\/urun\/sarimsak-yagi-garlic-oil\/","og_locale":"tr_TR","og_type":"article","og_title":"SARIMSAK YA\u011eI (GARL\u0130C O\u0130L)","og_description":"SARIMSAK YA\u011eI (GARL\u0130C O\u0130L) Sar\u0131msak ya\u011f\u0131, Alliaceae ailesinden olan sar\u0131msa\u011f\u0131n so\u011fan\u0131ndan buhar distilasyonu ile elde edilir. \u00a0 SARIMSAK YA\u011eI \u00d6ZELL\u0130KLER\u0130","og_url":"https:\/\/akerkimya.com\/eticaret\/urun\/sarimsak-yagi-garlic-oil\/","og_site_name":"Akerkimya","article_modified_time":"2026-03-29T23:24:22+00:00","og_image":[{"width":1000,"height":1000,"url":"https:\/\/akerkimya.com\/eticaret\/wp-content\/uploads\/2025\/01\/SARIMSAK-YAGI-GARLIC-OIL-GUNCEL.jpeg","type":"image\/jpeg"}],"twitter_card":"summary_large_image","twitter_misc":{"Tahmini okuma s\u00fcresi":"1 dakika"},"schema":{"@context":"https:\/\/schema.org","@graph":[{"@type":"WebPage","@id":"https:\/\/akerkimya.com\/eticaret\/urun\/sarimsak-yagi-garlic-oil\/","url":"https:\/\/akerkimya.com\/eticaret\/urun\/sarimsak-yagi-garlic-oil\/","name":"SARIMSAK YA\u011eI (GARL\u0130C O\u0130L) - Akerkimya","isPartOf":{"@id":"https:\/\/akerkimya.com\/eticaret\/#website"},"datePublished":"2025-01-04T21:10:11+00:00","dateModified":"2026-03-29T23:24:22+00:00","breadcrumb":{"@id":"https:\/\/akerkimya.com\/eticaret\/urun\/sarimsak-yagi-garlic-oil\/#breadcrumb"},"inLanguage":"tr","potentialAction":[{"@type":"ReadAction","target":["https:\/\/akerkimya.com\/eticaret\/urun\/sarimsak-yagi-garlic-oil\/"]}]},{"@type":"BreadcrumbList","@id":"https:\/\/akerkimya.com\/eticaret\/urun\/sarimsak-yagi-garlic-oil\/#breadcrumb","itemListElement":[{"@type":"ListItem","position":1,"name":"Home","item":"https:\/\/akerkimya.com\/eticaret\/"},{"@type":"ListItem","position":2,"name":"Market","item":"https:\/\/akerkimya.com\/eticaret\/market\/"},{"@type":"ListItem","position":3,"name":"SARIMSAK YA\u011eI (GARL\u0130C O\u0130L)"}]},{"@type":"WebSite","@id":"https:\/\/akerkimya.com\/eticaret\/#website","url":"https:\/\/akerkimya.com\/eticaret\/","name":"Akerkimya","description":"","potentialAction":[{"@type":"SearchAction","target":{"@type":"EntryPoint","urlTemplate":"https:\/\/akerkimya.com\/eticaret\/?s={search_term_string}"},"query-input":"required name=search_term_string"}],"inLanguage":"tr"}]}},"_links":{"self":[{"href":"https:\/\/akerkimya.com\/eticaret\/wp-json\/wp\/v2\/product\/17744","targetHints":{"allow":["GET"]}}],"collection":[{"href":"https:\/\/akerkimya.com\/eticaret\/wp-json\/wp\/v2\/product"}],"about":[{"href":"https:\/\/akerkimya.com\/eticaret\/wp-json\/wp\/v2\/types\/product"}],"replies":[{"embeddable":true,"href":"https:\/\/akerkimya.com\/eticaret\/wp-json\/wp\/v2\/comments?post=17744"}],"version-history":[{"count":1,"href":"https:\/\/akerkimya.com\/eticaret\/wp-json\/wp\/v2\/product\/17744\/revisions"}],"predecessor-version":[{"id":17749,"href":"https:\/\/akerkimya.com\/eticaret\/wp-json\/wp\/v2\/product\/17744\/revisions\/17749"}],"wp:featuredmedia":[{"embeddable":true,"href":"https:\/\/akerkimya.com\/eticaret\/wp-json\/wp\/v2\/media\/17745"}],"wp:attachment":[{"href":"https:\/\/akerkimya.com\/eticaret\/wp-json\/wp\/v2\/media?parent=17744"}],"wp:term":[{"taxonomy":"product_cat","embeddable":true,"href":"https:\/\/akerkimya.com\/eticaret\/wp-json\/wp\/v2\/product_cat?post=17744"},{"taxonomy":"product_tag","embeddable":true,"href":"https:\/\/akerkimya.com\/eticaret\/wp-json\/wp\/v2\/product_tag?post=17744"}],"curies":[{"name":"wp","href":"https:\/\/api.w.org\/{rel}","templated":true}]}}