{"id":17750,"date":"2025-01-05T00:13:03","date_gmt":"2025-01-04T21:13:03","guid":{"rendered":"https:\/\/akerkimya.com\/eticaret\/?post_type=product&#038;p=17750"},"modified":"2026-03-30T02:24:22","modified_gmt":"2026-03-29T23:24:22","slug":"setil-stearil-alkol","status":"publish","type":"product","link":"https:\/\/akerkimya.com\/eticaret\/urun\/setil-stearil-alkol\/","title":{"rendered":"SET\u0130L STEAR\u0130L ALKOL"},"content":{"rendered":"<h1>SET\u0130L STEAR\u0130L ALKOL<\/h1>\n<p><strong>Setil stearil alkol, CHECH2nOH form\u00fcl\u00fcne sahip pul \u015feklinde beyaz, kat\u0131 bir maddedir. Sebze veya sentetik kaynaklardan gelen setil ve satearil alkollerin kar\u0131\u015f\u0131m\u0131d\u0131r. Ya\u011fl\u0131 bir alkol olarak s\u0131n\u0131fland\u0131r\u0131l\u0131r.<\/strong><\/p>\n<p><strong>\u00a0<\/strong><\/p>\n<p><strong>SET\u0130L STEAR\u0130L ALKOL \u00d6ZELL\u0130KLER\u0130<\/strong><\/p>\n<p><strong>Beyaz renkte kat\u0131 formdad\u0131r.<\/strong><\/p>\n<p><strong>Karakteristik bir kokusu vard\u0131r.<\/strong><\/p>\n<p><strong>Tahri\u015f edici aktiviteye sahip de\u011fildir.<\/strong><\/p>\n<p><strong>\u00a0<\/strong><\/p>\n<p><strong>TEKN\u0130K \u00d6ZELL\u0130KLER<\/strong><\/p>\n<p><strong>CAS NUMARASI: 8038-54-8<\/strong><\/p>\n<p><strong>K\u0130MYASAL FORM\u00dcL: CH1(CH2)Noh<\/strong><\/p>\n<p><strong>K\u0130MYASAL \u0130SM\u0130: Setil staril alkol, Cetyl Stearyl Alcohol 30\/70 \u2013 50\/50, Keto Stearil Alkol<\/strong><\/p>\n<p><strong>ER\u0130ME NOKTASI: 50 \u00b0C<\/strong><\/p>\n<p><strong>KAYNAMA NOKTASI: 249 \u00b0C<\/strong><\/p>\n<p><strong>AS\u0130T (%): 0,2<\/strong><\/p>\n<p><strong>\u0130YOT (%): 0,1-0,3<\/strong><\/p>\n<p><strong>\u00c7\u00d6Z\u00dcN\u00dcRL\u00dcK: Suda \u00e7\u00f6z\u00fcnmez. Alkol, eter ve ya\u011fda \u00e7\u00f6z\u00fcn\u00fcr.<\/strong><\/p>\n<p><strong>\u00a0<\/strong><\/p>\n<p><strong>KULLANIM ALANLARI<\/strong><\/p>\n<p><strong>Kremlerde ve merhemlerde sertle\u015ftirici olarak kullan\u0131l\u0131r.<\/strong><\/p>\n<p><strong>Nem tutma filmi olu\u015fturur ve dezenfekte edici etkiye sahiptir.<\/strong><\/p>\n<p><strong>Setil stearil alkol, hidrofilik emils\u00fcyonla\u015ft\u0131r\u0131c\u0131 maddeler ile birlikte geni\u015f bir ph aral\u0131\u011f\u0131nda stabil kalabilen ya\u011f\/su tip em\u00fclsiyonlar\u0131n haz\u0131rlanmas\u0131nda kullan\u0131l\u0131r.<\/strong><\/p>\n<p><strong>Sa\u00e7 kremlerinin yap\u0131s\u0131n\u0131 iyile\u015ftirmek i\u00e7in kullan\u0131l\u0131r.<\/strong><\/p>\n<p><strong>Parafin ile haz\u0131rlanan pomatlar\u0131n yumu\u015fat\u0131c\u0131s\u0131 etkisini artt\u0131rmak i\u00e7in kullan\u0131l\u0131r.<\/strong><\/p>\n<p><strong>Setil stearil alkol bir em\u00fclsiyon stabilizat\u00f6r\u00fc g\u00f6revi g\u00f6r\u00fcr; opakla\u015ft\u0131r\u0131c\u0131, y\u00fczey aktif madde, k\u00f6p\u00fck g\u00fc\u00e7lendirici ve viskozite artt\u0131r\u0131c\u0131 madde olarak kullan\u0131l\u0131r.<\/strong><\/p>\n<p><strong>Deodorant gibi \u00fcr\u00fcnlerde terlemeyi \u00f6nleyici kat\u0131 yap\u0131larda kullan\u0131l\u0131r.<\/strong><\/p>\n<p><strong>V\u00fccut parlat\u0131c\u0131lar\u0131nda, losyonlarda veya ya\u011f kar\u0131\u015f\u0131mlar\u0131 gibi susuz form\u00fclasyonlar d\u00e2hil olmak \u00fczere ki\u015fisel bak\u0131m \u00fcr\u00fcnlerinde de \u00e7ok etkili viskozite geli\u015ftirici ve yumu\u015fat\u0131c\u0131 \u00f6zelli\u011fi kullan\u0131l\u0131r.<\/strong><\/p>\n<p><strong>Ruj \u00fcretiminde k\u0131vam artt\u0131r\u0131c\u0131 ajan olarak kullan\u0131l\u0131r.<\/strong><\/p>\n<p><strong>Re\u00e7inelerde, tekstil, t\u0131p, kimya ve tar\u0131m gibi bir\u00e7ok alanda kullan\u0131m\u0131 mevcuttur.<\/strong><\/p>\n<p><strong>\u00a0<\/strong><\/p>\n<p><strong>AMBALAJ<\/strong><\/p>\n<p><strong>1-5-25 kg torbalar halinde<\/strong><\/p>\n<p><strong>\u00a0<\/strong><\/p>\n<p><strong>DEPOLAMA <\/strong><\/p>\n<p><strong>Serin ve kuru bir alanda muhafaza ediniz.<\/strong><\/p>\n","protected":false},"excerpt":{"rendered":"<p>SET\u0130L STEAR\u0130L ALKOL Setil stearil alkol, CHECH2nOH form\u00fcl\u00fcne sahip pul \u015feklinde beyaz, kat\u0131 bir maddedir. Sebze veya sentetik kaynaklardan gelen<\/p>\n","protected":false},"featured_media":17763,"comment_status":"open","ping_status":"closed","template":"","meta":{"_joinchat":[]},"product_cat":[74,79],"product_tag":[],"class_list":{"0":"post-17750","1":"product","2":"type-product","3":"status-publish","4":"has-post-thumbnail","6":"product_cat-deterjan-ve-kozmetik-kimyasallari","7":"product_cat-tarim-kimyasallari","9":"first","10":"instock","11":"shipping-taxable","12":"purchasable","13":"product-type-variable"},"yoast_head":"<!-- This site is optimized with the Yoast SEO Premium plugin v20.2.1 (Yoast SEO v20.2.1) - https:\/\/yoast.com\/wordpress\/plugins\/seo\/ -->\n<title>SET\u0130L STEAR\u0130L ALKOL - Akerkimya<\/title>\n<meta name=\"robots\" content=\"index, follow, max-snippet:-1, max-image-preview:large, max-video-preview:-1\" \/>\n<link rel=\"canonical\" href=\"https:\/\/akerkimya.com\/eticaret\/urun\/setil-stearil-alkol\/\" \/>\n<meta property=\"og:locale\" content=\"tr_TR\" \/>\n<meta property=\"og:type\" content=\"article\" \/>\n<meta property=\"og:title\" content=\"SET\u0130L STEAR\u0130L ALKOL\" \/>\n<meta property=\"og:description\" content=\"SET\u0130L STEAR\u0130L ALKOL Setil stearil alkol, CHECH2nOH form\u00fcl\u00fcne sahip pul \u015feklinde beyaz, kat\u0131 bir maddedir. Sebze veya sentetik kaynaklardan gelen\" \/>\n<meta property=\"og:url\" content=\"https:\/\/akerkimya.com\/eticaret\/urun\/setil-stearil-alkol\/\" \/>\n<meta property=\"og:site_name\" content=\"Akerkimya\" \/>\n<meta property=\"article:modified_time\" content=\"2026-03-29T23:24:22+00:00\" \/>\n<meta property=\"og:image\" content=\"https:\/\/akerkimya.com\/eticaret\/wp-content\/uploads\/2025\/01\/SETIL-STEARIL-ALKOL-GUNCEL-.png\" \/>\n\t<meta property=\"og:image:width\" content=\"1000\" \/>\n\t<meta property=\"og:image:height\" content=\"1000\" \/>\n\t<meta property=\"og:image:type\" content=\"image\/png\" \/>\n<meta name=\"twitter:card\" content=\"summary_large_image\" \/>\n<meta name=\"twitter:label1\" content=\"Tahmini okuma s\u00fcresi\" \/>\n\t<meta name=\"twitter:data1\" content=\"2 dakika\" \/>\n<script type=\"application\/ld+json\" class=\"yoast-schema-graph\">{\"@context\":\"https:\/\/schema.org\",\"@graph\":[{\"@type\":\"WebPage\",\"@id\":\"https:\/\/akerkimya.com\/eticaret\/urun\/setil-stearil-alkol\/\",\"url\":\"https:\/\/akerkimya.com\/eticaret\/urun\/setil-stearil-alkol\/\",\"name\":\"SET\u0130L STEAR\u0130L ALKOL - Akerkimya\",\"isPartOf\":{\"@id\":\"https:\/\/akerkimya.com\/eticaret\/#website\"},\"datePublished\":\"2025-01-04T21:13:03+00:00\",\"dateModified\":\"2026-03-29T23:24:22+00:00\",\"breadcrumb\":{\"@id\":\"https:\/\/akerkimya.com\/eticaret\/urun\/setil-stearil-alkol\/#breadcrumb\"},\"inLanguage\":\"tr\",\"potentialAction\":[{\"@type\":\"ReadAction\",\"target\":[\"https:\/\/akerkimya.com\/eticaret\/urun\/setil-stearil-alkol\/\"]}]},{\"@type\":\"BreadcrumbList\",\"@id\":\"https:\/\/akerkimya.com\/eticaret\/urun\/setil-stearil-alkol\/#breadcrumb\",\"itemListElement\":[{\"@type\":\"ListItem\",\"position\":1,\"name\":\"Home\",\"item\":\"https:\/\/akerkimya.com\/eticaret\/\"},{\"@type\":\"ListItem\",\"position\":2,\"name\":\"Market\",\"item\":\"https:\/\/akerkimya.com\/eticaret\/market\/\"},{\"@type\":\"ListItem\",\"position\":3,\"name\":\"SET\u0130L STEAR\u0130L ALKOL\"}]},{\"@type\":\"WebSite\",\"@id\":\"https:\/\/akerkimya.com\/eticaret\/#website\",\"url\":\"https:\/\/akerkimya.com\/eticaret\/\",\"name\":\"Akerkimya\",\"description\":\"\",\"potentialAction\":[{\"@type\":\"SearchAction\",\"target\":{\"@type\":\"EntryPoint\",\"urlTemplate\":\"https:\/\/akerkimya.com\/eticaret\/?s={search_term_string}\"},\"query-input\":\"required name=search_term_string\"}],\"inLanguage\":\"tr\"}]}<\/script>\n<!-- \/ Yoast SEO Premium plugin. -->","yoast_head_json":{"title":"SET\u0130L STEAR\u0130L ALKOL - Akerkimya","robots":{"index":"index","follow":"follow","max-snippet":"max-snippet:-1","max-image-preview":"max-image-preview:large","max-video-preview":"max-video-preview:-1"},"canonical":"https:\/\/akerkimya.com\/eticaret\/urun\/setil-stearil-alkol\/","og_locale":"tr_TR","og_type":"article","og_title":"SET\u0130L STEAR\u0130L ALKOL","og_description":"SET\u0130L STEAR\u0130L ALKOL Setil stearil alkol, CHECH2nOH form\u00fcl\u00fcne sahip pul \u015feklinde beyaz, kat\u0131 bir maddedir. Sebze veya sentetik kaynaklardan gelen","og_url":"https:\/\/akerkimya.com\/eticaret\/urun\/setil-stearil-alkol\/","og_site_name":"Akerkimya","article_modified_time":"2026-03-29T23:24:22+00:00","og_image":[{"width":1000,"height":1000,"url":"https:\/\/akerkimya.com\/eticaret\/wp-content\/uploads\/2025\/01\/SETIL-STEARIL-ALKOL-GUNCEL-.png","type":"image\/png"}],"twitter_card":"summary_large_image","twitter_misc":{"Tahmini okuma s\u00fcresi":"2 dakika"},"schema":{"@context":"https:\/\/schema.org","@graph":[{"@type":"WebPage","@id":"https:\/\/akerkimya.com\/eticaret\/urun\/setil-stearil-alkol\/","url":"https:\/\/akerkimya.com\/eticaret\/urun\/setil-stearil-alkol\/","name":"SET\u0130L STEAR\u0130L ALKOL - Akerkimya","isPartOf":{"@id":"https:\/\/akerkimya.com\/eticaret\/#website"},"datePublished":"2025-01-04T21:13:03+00:00","dateModified":"2026-03-29T23:24:22+00:00","breadcrumb":{"@id":"https:\/\/akerkimya.com\/eticaret\/urun\/setil-stearil-alkol\/#breadcrumb"},"inLanguage":"tr","potentialAction":[{"@type":"ReadAction","target":["https:\/\/akerkimya.com\/eticaret\/urun\/setil-stearil-alkol\/"]}]},{"@type":"BreadcrumbList","@id":"https:\/\/akerkimya.com\/eticaret\/urun\/setil-stearil-alkol\/#breadcrumb","itemListElement":[{"@type":"ListItem","position":1,"name":"Home","item":"https:\/\/akerkimya.com\/eticaret\/"},{"@type":"ListItem","position":2,"name":"Market","item":"https:\/\/akerkimya.com\/eticaret\/market\/"},{"@type":"ListItem","position":3,"name":"SET\u0130L STEAR\u0130L ALKOL"}]},{"@type":"WebSite","@id":"https:\/\/akerkimya.com\/eticaret\/#website","url":"https:\/\/akerkimya.com\/eticaret\/","name":"Akerkimya","description":"","potentialAction":[{"@type":"SearchAction","target":{"@type":"EntryPoint","urlTemplate":"https:\/\/akerkimya.com\/eticaret\/?s={search_term_string}"},"query-input":"required name=search_term_string"}],"inLanguage":"tr"}]}},"_links":{"self":[{"href":"https:\/\/akerkimya.com\/eticaret\/wp-json\/wp\/v2\/product\/17750","targetHints":{"allow":["GET"]}}],"collection":[{"href":"https:\/\/akerkimya.com\/eticaret\/wp-json\/wp\/v2\/product"}],"about":[{"href":"https:\/\/akerkimya.com\/eticaret\/wp-json\/wp\/v2\/types\/product"}],"replies":[{"embeddable":true,"href":"https:\/\/akerkimya.com\/eticaret\/wp-json\/wp\/v2\/comments?post=17750"}],"version-history":[{"count":1,"href":"https:\/\/akerkimya.com\/eticaret\/wp-json\/wp\/v2\/product\/17750\/revisions"}],"predecessor-version":[{"id":17755,"href":"https:\/\/akerkimya.com\/eticaret\/wp-json\/wp\/v2\/product\/17750\/revisions\/17755"}],"wp:featuredmedia":[{"embeddable":true,"href":"https:\/\/akerkimya.com\/eticaret\/wp-json\/wp\/v2\/media\/17763"}],"wp:attachment":[{"href":"https:\/\/akerkimya.com\/eticaret\/wp-json\/wp\/v2\/media?parent=17750"}],"wp:term":[{"taxonomy":"product_cat","embeddable":true,"href":"https:\/\/akerkimya.com\/eticaret\/wp-json\/wp\/v2\/product_cat?post=17750"},{"taxonomy":"product_tag","embeddable":true,"href":"https:\/\/akerkimya.com\/eticaret\/wp-json\/wp\/v2\/product_tag?post=17750"}],"curies":[{"name":"wp","href":"https:\/\/api.w.org\/{rel}","templated":true}]}}