{"id":17756,"date":"2025-01-05T00:17:10","date_gmt":"2025-01-04T21:17:10","guid":{"rendered":"https:\/\/akerkimya.com\/eticaret\/?post_type=product&#038;p=17756"},"modified":"2026-03-30T02:24:22","modified_gmt":"2026-03-29T23:24:22","slug":"shea-butter-karite-yagi","status":"publish","type":"product","link":"https:\/\/akerkimya.com\/eticaret\/urun\/shea-butter-karite-yagi\/","title":{"rendered":"SHEA BUTTER (KAR\u0130TE YA\u011eI)"},"content":{"rendered":"<h1>SHEA BUTTER (KAR\u0130TE YA\u011eI)<\/h1>\n<p><strong>Shea butter, C16H20NO4 form\u00fcl\u00fcne sahip Afika\u2019da yeti\u015fen karite a\u011fac\u0131n\u0131n cevizlerinden elde edilen bir ya\u011fd\u0131r. <\/strong><\/p>\n<p><strong>\u00a0<\/strong><\/p>\n<p><strong>SHEA BUTTER \u00d6ZELL\u0130KLER\u0130<\/strong><\/p>\n<p><strong>Fildi\u015fi renginde, kat\u0131 formdad\u0131r.<\/strong><\/p>\n<p><strong>Saf Hindistan cevizi kokusundad\u0131r.<\/strong><\/p>\n<p><strong>\u00a0<\/strong><\/p>\n<p><strong>TEKN\u0130K \u00d6ZELL\u0130KLER\u0130<\/strong><\/p>\n<p><strong>CAS NUMARASI: 194043-92-0<\/strong><\/p>\n<p><strong>EC NUMARASI: 606-306-6<\/strong><\/p>\n<p><strong>K\u0130MYASAL ADI: Shea Butter, Butyrospermum Park\u0131\u0131<\/strong><\/p>\n<p><strong>MOLEK\u00dcLER FORM\u00dcL: C16H20NO4<\/strong><\/p>\n<p><strong>MOLEK\u00dcLER A\u011eIRLIK: 0<\/strong><\/p>\n<p><strong>SAFLIK: %95<\/strong><\/p>\n<p><strong>\u00a0<\/strong><\/p>\n<p><strong>KULLANIM ALANLARI<\/strong><\/p>\n<p><strong>En g\u00fc\u00e7l\u00fc do\u011fal nemlendiricilerden biri olan shea butter kozmetik sekt\u00f6r\u00fcnde, bak\u0131m kremleri, dudak balm\u0131nda kullan\u0131l\u0131r.<\/strong><\/p>\n<p><strong>\u00c7ikolatalar i\u00e7inde kakao ya\u011f\u0131 yerine kullan\u0131l\u0131r.<\/strong><\/p>\n<p><strong>Cildin nem ve su dengesini korumaya yard\u0131mc\u0131 olmak i\u00e7in v\u00fccut losyonlar\u0131nda kullan\u0131l\u0131r.<\/strong><\/p>\n<p><strong>SPF de\u011feri 3 ile 6 olup g\u00fcne\u015fin zararl\u0131 ultraviyole \u0131\u015f\u0131nlar\u0131na kar\u015f\u0131 do\u011fal koruyucu olarak g\u00fcne\u015f kremlerinde kullan\u0131l\u0131r.<\/strong><\/p>\n<p><strong>Sa\u00e7lar\u0131n k\u0131r\u0131lmas\u0131n\u0131 engellemek i\u00e7in sa\u00e7 bak\u0131m kremlerinde kullan\u0131l\u0131r.<\/strong><\/p>\n<p><strong>\u0130la\u00e7 sekt\u00f6r\u00fcnde, egzama problemlerini \u00f6nlemek, nas\u0131rlar\u0131 ge\u00e7irmek, eklem a\u011fr\u0131lar\u0131n\u0131 azaltmak, burun t\u0131kan\u0131kl\u0131\u011f\u0131n\u0131 gidermek ve iltihap, tahri\u015f ve k\u0131zar\u0131kl\u0131\u011f\u0131 yat\u0131\u015ft\u0131rmak i\u00e7in kullan\u0131l\u0131r.<\/strong><\/p>\n<p><strong>G\u0131da end\u00fcstrisinde, tat ve aroma vermek i\u00e7in kullan\u0131l\u0131r.<\/strong><\/p>\n<p><strong>\u00a0<\/strong><\/p>\n<p><strong>AMBALAJ<\/strong><\/p>\n<p><strong>1-5-25 kg torbalar halindedir.<\/strong><\/p>\n<p><strong>\u00a0<\/strong><\/p>\n<p><strong>DEPOLAMA <\/strong><\/p>\n<p><strong>Serin ve kuru bir alanda muhafaza ediniz.<\/strong><\/p>\n","protected":false},"excerpt":{"rendered":"<p>SHEA BUTTER (KAR\u0130TE YA\u011eI) Shea butter, C16H20NO4 form\u00fcl\u00fcne sahip Afika\u2019da yeti\u015fen karite a\u011fac\u0131n\u0131n cevizlerinden elde edilen bir ya\u011fd\u0131r. \u00a0 SHEA<\/p>\n","protected":false},"featured_media":17757,"comment_status":"open","ping_status":"closed","template":"","meta":{"_joinchat":[]},"product_cat":[74,76,80],"product_tag":[],"class_list":{"0":"post-17756","1":"product","2":"type-product","3":"status-publish","4":"has-post-thumbnail","6":"product_cat-deterjan-ve-kozmetik-kimyasallari","7":"product_cat-gida-ve-katki-kimyasallari","8":"product_cat-veteriner-ve-ilac-kimyasallari","10":"first","11":"instock","12":"shipping-taxable","13":"purchasable","14":"product-type-variable"},"yoast_head":"<!-- This site is optimized with the Yoast SEO Premium plugin v20.2.1 (Yoast SEO v20.2.1) - https:\/\/yoast.com\/wordpress\/plugins\/seo\/ -->\n<title>SHEA BUTTER (KAR\u0130TE YA\u011eI) - Akerkimya<\/title>\n<meta name=\"robots\" content=\"index, follow, max-snippet:-1, max-image-preview:large, max-video-preview:-1\" \/>\n<link rel=\"canonical\" href=\"https:\/\/akerkimya.com\/eticaret\/urun\/shea-butter-karite-yagi\/\" \/>\n<meta property=\"og:locale\" content=\"tr_TR\" \/>\n<meta property=\"og:type\" content=\"article\" \/>\n<meta property=\"og:title\" content=\"SHEA BUTTER (KAR\u0130TE YA\u011eI)\" \/>\n<meta property=\"og:description\" content=\"SHEA BUTTER (KAR\u0130TE YA\u011eI) Shea butter, C16H20NO4 form\u00fcl\u00fcne sahip Afika\u2019da yeti\u015fen karite a\u011fac\u0131n\u0131n cevizlerinden elde edilen bir ya\u011fd\u0131r. \u00a0 SHEA\" \/>\n<meta property=\"og:url\" content=\"https:\/\/akerkimya.com\/eticaret\/urun\/shea-butter-karite-yagi\/\" \/>\n<meta property=\"og:site_name\" content=\"Akerkimya\" \/>\n<meta property=\"article:modified_time\" content=\"2026-03-29T23:24:22+00:00\" \/>\n<meta property=\"og:image\" content=\"https:\/\/akerkimya.com\/eticaret\/wp-content\/uploads\/2025\/01\/SHEA-BUTTER-KARITE-YAGI-GUNCEL.png\" \/>\n\t<meta property=\"og:image:width\" content=\"1000\" \/>\n\t<meta property=\"og:image:height\" content=\"1000\" \/>\n\t<meta property=\"og:image:type\" content=\"image\/png\" \/>\n<meta name=\"twitter:card\" content=\"summary_large_image\" \/>\n<meta name=\"twitter:label1\" content=\"Tahmini okuma s\u00fcresi\" \/>\n\t<meta name=\"twitter:data1\" content=\"1 dakika\" \/>\n<script type=\"application\/ld+json\" class=\"yoast-schema-graph\">{\"@context\":\"https:\/\/schema.org\",\"@graph\":[{\"@type\":\"WebPage\",\"@id\":\"https:\/\/akerkimya.com\/eticaret\/urun\/shea-butter-karite-yagi\/\",\"url\":\"https:\/\/akerkimya.com\/eticaret\/urun\/shea-butter-karite-yagi\/\",\"name\":\"SHEA BUTTER (KAR\u0130TE YA\u011eI) - Akerkimya\",\"isPartOf\":{\"@id\":\"https:\/\/akerkimya.com\/eticaret\/#website\"},\"datePublished\":\"2025-01-04T21:17:10+00:00\",\"dateModified\":\"2026-03-29T23:24:22+00:00\",\"breadcrumb\":{\"@id\":\"https:\/\/akerkimya.com\/eticaret\/urun\/shea-butter-karite-yagi\/#breadcrumb\"},\"inLanguage\":\"tr\",\"potentialAction\":[{\"@type\":\"ReadAction\",\"target\":[\"https:\/\/akerkimya.com\/eticaret\/urun\/shea-butter-karite-yagi\/\"]}]},{\"@type\":\"BreadcrumbList\",\"@id\":\"https:\/\/akerkimya.com\/eticaret\/urun\/shea-butter-karite-yagi\/#breadcrumb\",\"itemListElement\":[{\"@type\":\"ListItem\",\"position\":1,\"name\":\"Home\",\"item\":\"https:\/\/akerkimya.com\/eticaret\/\"},{\"@type\":\"ListItem\",\"position\":2,\"name\":\"Market\",\"item\":\"https:\/\/akerkimya.com\/eticaret\/market\/\"},{\"@type\":\"ListItem\",\"position\":3,\"name\":\"SHEA BUTTER (KAR\u0130TE YA\u011eI)\"}]},{\"@type\":\"WebSite\",\"@id\":\"https:\/\/akerkimya.com\/eticaret\/#website\",\"url\":\"https:\/\/akerkimya.com\/eticaret\/\",\"name\":\"Akerkimya\",\"description\":\"\",\"potentialAction\":[{\"@type\":\"SearchAction\",\"target\":{\"@type\":\"EntryPoint\",\"urlTemplate\":\"https:\/\/akerkimya.com\/eticaret\/?s={search_term_string}\"},\"query-input\":\"required name=search_term_string\"}],\"inLanguage\":\"tr\"}]}<\/script>\n<!-- \/ Yoast SEO Premium plugin. -->","yoast_head_json":{"title":"SHEA BUTTER (KAR\u0130TE YA\u011eI) - Akerkimya","robots":{"index":"index","follow":"follow","max-snippet":"max-snippet:-1","max-image-preview":"max-image-preview:large","max-video-preview":"max-video-preview:-1"},"canonical":"https:\/\/akerkimya.com\/eticaret\/urun\/shea-butter-karite-yagi\/","og_locale":"tr_TR","og_type":"article","og_title":"SHEA BUTTER (KAR\u0130TE YA\u011eI)","og_description":"SHEA BUTTER (KAR\u0130TE YA\u011eI) Shea butter, C16H20NO4 form\u00fcl\u00fcne sahip Afika\u2019da yeti\u015fen karite a\u011fac\u0131n\u0131n cevizlerinden elde edilen bir ya\u011fd\u0131r. \u00a0 SHEA","og_url":"https:\/\/akerkimya.com\/eticaret\/urun\/shea-butter-karite-yagi\/","og_site_name":"Akerkimya","article_modified_time":"2026-03-29T23:24:22+00:00","og_image":[{"width":1000,"height":1000,"url":"https:\/\/akerkimya.com\/eticaret\/wp-content\/uploads\/2025\/01\/SHEA-BUTTER-KARITE-YAGI-GUNCEL.png","type":"image\/png"}],"twitter_card":"summary_large_image","twitter_misc":{"Tahmini okuma s\u00fcresi":"1 dakika"},"schema":{"@context":"https:\/\/schema.org","@graph":[{"@type":"WebPage","@id":"https:\/\/akerkimya.com\/eticaret\/urun\/shea-butter-karite-yagi\/","url":"https:\/\/akerkimya.com\/eticaret\/urun\/shea-butter-karite-yagi\/","name":"SHEA BUTTER (KAR\u0130TE YA\u011eI) - Akerkimya","isPartOf":{"@id":"https:\/\/akerkimya.com\/eticaret\/#website"},"datePublished":"2025-01-04T21:17:10+00:00","dateModified":"2026-03-29T23:24:22+00:00","breadcrumb":{"@id":"https:\/\/akerkimya.com\/eticaret\/urun\/shea-butter-karite-yagi\/#breadcrumb"},"inLanguage":"tr","potentialAction":[{"@type":"ReadAction","target":["https:\/\/akerkimya.com\/eticaret\/urun\/shea-butter-karite-yagi\/"]}]},{"@type":"BreadcrumbList","@id":"https:\/\/akerkimya.com\/eticaret\/urun\/shea-butter-karite-yagi\/#breadcrumb","itemListElement":[{"@type":"ListItem","position":1,"name":"Home","item":"https:\/\/akerkimya.com\/eticaret\/"},{"@type":"ListItem","position":2,"name":"Market","item":"https:\/\/akerkimya.com\/eticaret\/market\/"},{"@type":"ListItem","position":3,"name":"SHEA BUTTER (KAR\u0130TE YA\u011eI)"}]},{"@type":"WebSite","@id":"https:\/\/akerkimya.com\/eticaret\/#website","url":"https:\/\/akerkimya.com\/eticaret\/","name":"Akerkimya","description":"","potentialAction":[{"@type":"SearchAction","target":{"@type":"EntryPoint","urlTemplate":"https:\/\/akerkimya.com\/eticaret\/?s={search_term_string}"},"query-input":"required name=search_term_string"}],"inLanguage":"tr"}]}},"_links":{"self":[{"href":"https:\/\/akerkimya.com\/eticaret\/wp-json\/wp\/v2\/product\/17756","targetHints":{"allow":["GET"]}}],"collection":[{"href":"https:\/\/akerkimya.com\/eticaret\/wp-json\/wp\/v2\/product"}],"about":[{"href":"https:\/\/akerkimya.com\/eticaret\/wp-json\/wp\/v2\/types\/product"}],"replies":[{"embeddable":true,"href":"https:\/\/akerkimya.com\/eticaret\/wp-json\/wp\/v2\/comments?post=17756"}],"version-history":[{"count":1,"href":"https:\/\/akerkimya.com\/eticaret\/wp-json\/wp\/v2\/product\/17756\/revisions"}],"predecessor-version":[{"id":17761,"href":"https:\/\/akerkimya.com\/eticaret\/wp-json\/wp\/v2\/product\/17756\/revisions\/17761"}],"wp:featuredmedia":[{"embeddable":true,"href":"https:\/\/akerkimya.com\/eticaret\/wp-json\/wp\/v2\/media\/17757"}],"wp:attachment":[{"href":"https:\/\/akerkimya.com\/eticaret\/wp-json\/wp\/v2\/media?parent=17756"}],"wp:term":[{"taxonomy":"product_cat","embeddable":true,"href":"https:\/\/akerkimya.com\/eticaret\/wp-json\/wp\/v2\/product_cat?post=17756"},{"taxonomy":"product_tag","embeddable":true,"href":"https:\/\/akerkimya.com\/eticaret\/wp-json\/wp\/v2\/product_tag?post=17756"}],"curies":[{"name":"wp","href":"https:\/\/api.w.org\/{rel}","templated":true}]}}