{"id":17777,"date":"2025-01-05T01:25:03","date_gmt":"2025-01-04T22:25:03","guid":{"rendered":"https:\/\/akerkimya.com\/eticaret\/?post_type=product&#038;p=17777"},"modified":"2026-03-30T02:24:23","modified_gmt":"2026-03-29T23:24:23","slug":"sodyum-asit-pirofosfat-sapp-28","status":"publish","type":"product","link":"https:\/\/akerkimya.com\/eticaret\/urun\/sodyum-asit-pirofosfat-sapp-28\/","title":{"rendered":"SODYUM AS\u0130T P\u0130ROFOSFAT (SAPP 28)"},"content":{"rendered":"<h1>SODYUM AS\u0130T P\u0130ROFOSFAT (SAPP 28)<\/h1>\n<p><strong>Sodyum asit pirofosfat, Na2H2P2O7 form\u00fcl\u00fcne sahip sodyum katyonlar\u0131 ve pirofosfat anyonundan meydana gelen kat\u0131 inorganik bir bile\u015fiktir. Sudan kristalize edildi\u011finde bir hekzahidrat olu\u015fturur. Fakat oda ko\u015fullar\u0131n\u0131n \u00fczerine \u00e7\u0131k\u0131ld\u0131\u011f\u0131nda dehidrate olu\u015fur. <\/strong><\/p>\n<p><strong>\u00a0<\/strong><\/p>\n<p><strong>SODYUM AS\u0130T P\u0130ROFOSFAT \u00d6ZELL\u0130KLER\u0130 <\/strong><\/p>\n<p><strong>Beyaz renkte toz veya kristal formdad\u0131r. Kokusuzdur.<\/strong><\/p>\n<p><strong>Kararl\u0131l\u0131k olarak yapay ve stabildir.<\/strong><\/p>\n<p><strong>\u00a0<\/strong><\/p>\n<p><strong>TEKN\u0130K \u00d6ZELL\u0130KLER\u0130<\/strong><\/p>\n<p><strong>CAS NUMARASI: 68915-31-1<\/strong><\/p>\n<p><strong>EC NUMARASI: 231-835-0<\/strong><\/p>\n<p><strong>K\u0130MYASAL FORM\u00dcL\u00dc: Na2H2P2O7<\/strong><\/p>\n<p><strong>K\u0130MYASAL \u0130SM\u0130: Sodyum asit pirofosfat, SAP, Disodyum pirofsfat <\/strong><\/p>\n<p><strong>20 \u00b0C\u2019de, PH DE\u011eER\u0130(10 g\/l): 4,0-4,7<\/strong><\/p>\n<p><strong>MOLEK\u00dcL A\u011eIRLI\u011eI: 221,936 g\/mol<\/strong><\/p>\n<p><strong>ER\u0130ME NOKTASI: 220 \u00b0C<\/strong><\/p>\n<p><strong>20 \u00b0C\u2019 de YO\u011eUNLUK: 1,1 g\/cm\u00b3<\/strong><\/p>\n<p><strong>\u00c7\u00d6Z\u00dcN\u00dcRL\u00dcK: Su i\u00e7erisinde \u00e7\u00f6z\u00fcn\u00fcr.<\/strong><\/p>\n<p><strong>\u00a0<\/strong><\/p>\n<p><strong>KULLANIM ALANLARI<\/strong><\/p>\n<p><strong>G\u0131da end\u00fcstrisinde bir\u00e7ok uygulama ile tamponlama ve \u015felatlama maddesi olarak hizmet kullan\u0131l\u0131r.<\/strong><\/p>\n<p><strong>F\u0131r\u0131n tozlar\u0131nda bulunan ve \u00e7ok\u00e7a tercih edilen mayalama maddesidir.<\/strong><\/p>\n<p><strong>B\u00f6brek ta\u015flar\u0131n\u0131n \u00f6nlenmesi i\u00e7in kullan\u0131lan ila\u00e7lar\u0131n \u00fcretiminde kullan\u0131l\u0131r.<\/strong><\/p>\n<p><strong>Pi\u015fmi\u015f et \u00fcr\u00fcnlerinin imalat\u0131nda su tutucu ajan olarak kullan\u0131l\u0131r.<\/strong><\/p>\n<p><strong>Di\u015f macunlar\u0131nda tartar kontrol ajan\u0131 olarak, a\u011f\u0131z salg\u0131s\u0131nda magnezyum ve kalsiyum gibi elementlerin uzakla\u015ft\u0131r\u0131lmas\u0131na hizmet etmekte ve bu elementlerin di\u015flerde birikmesini \u00f6nlemek amac\u0131yla kullan\u0131l\u0131r.<\/strong><\/p>\n<p><strong>Deterjan \u00fcretiminde, giysiler \u00fczerinde olu\u015fabilecek elementlerin birikmesini \u00f6nlemek amac\u0131yla kullan\u0131lmaktad\u0131r.<\/strong><\/p>\n<p><strong>Deniz \u00fcr\u00fcnlerinin konservelenmesinde rengini korumak ve tahliyeyi azaltmak i\u00e7in kullan\u0131l\u0131r.<\/strong><\/p>\n<p><strong>Deri i\u015fleme s\u0131ras\u0131nda pas lekelerini temizlemek i\u00e7in kullan\u0131l\u0131r.<\/strong><\/p>\n<p><strong>Kabartma tozu \u00fcretiminde s\u0131k olarak g\u0131da E450 koduyla etiketlenir.<\/strong><\/p>\n<p><strong>Patates \u00fcr\u00fcnlerinin i\u015flenmesinde sekestrasyon maddesi olarak kullan\u0131l\u0131r.<\/strong><\/p>\n<p><strong>Cilt tedavisi i\u00e7in kullan\u0131lan ila\u00e7lar\u0131n form\u00fclasyonunda kullan\u0131l\u0131r.<\/strong><\/p>\n<p><strong>\u00a0<\/strong><\/p>\n<p><strong>AMBALAJ<\/strong><\/p>\n<p><strong>1-5-25 kg torbalar halinde<\/strong><\/p>\n<p><strong>\u00a0<\/strong><\/p>\n<p><strong>DEPOLAMA <\/strong><\/p>\n<p><strong>Serin ve kuru bir alanda torba hava almayacak bir \u015fekilde muhafaza ediniz. <\/strong><\/p>\n","protected":false},"excerpt":{"rendered":"<p>SODYUM AS\u0130T P\u0130ROFOSFAT (SAPP 28) Sodyum asit pirofosfat, Na2H2P2O7 form\u00fcl\u00fcne sahip sodyum katyonlar\u0131 ve pirofosfat anyonundan meydana gelen kat\u0131 inorganik<\/p>\n","protected":false},"featured_media":17778,"comment_status":"open","ping_status":"closed","template":"","meta":{"_joinchat":[]},"product_cat":[73,74,76,80],"product_tag":[],"class_list":{"0":"post-17777","1":"product","2":"type-product","3":"status-publish","4":"has-post-thumbnail","6":"product_cat-deri-ve-tekstil-kimyasallari","7":"product_cat-deterjan-ve-kozmetik-kimyasallari","8":"product_cat-gida-ve-katki-kimyasallari","9":"product_cat-veteriner-ve-ilac-kimyasallari","11":"first","12":"instock","13":"shipping-taxable","14":"purchasable","15":"product-type-variable"},"yoast_head":"<!-- This site is optimized with the Yoast SEO Premium plugin v20.2.1 (Yoast SEO v20.2.1) - https:\/\/yoast.com\/wordpress\/plugins\/seo\/ -->\n<title>SODYUM AS\u0130T P\u0130ROFOSFAT (SAPP 28) - Akerkimya<\/title>\n<meta name=\"robots\" content=\"index, follow, max-snippet:-1, max-image-preview:large, max-video-preview:-1\" \/>\n<link rel=\"canonical\" href=\"https:\/\/akerkimya.com\/eticaret\/urun\/sodyum-asit-pirofosfat-sapp-28\/\" \/>\n<meta property=\"og:locale\" content=\"tr_TR\" \/>\n<meta property=\"og:type\" content=\"article\" \/>\n<meta property=\"og:title\" content=\"SODYUM AS\u0130T P\u0130ROFOSFAT (SAPP 28)\" \/>\n<meta property=\"og:description\" content=\"SODYUM AS\u0130T P\u0130ROFOSFAT (SAPP 28) Sodyum asit pirofosfat, Na2H2P2O7 form\u00fcl\u00fcne sahip sodyum katyonlar\u0131 ve pirofosfat anyonundan meydana gelen kat\u0131 inorganik\" \/>\n<meta property=\"og:url\" content=\"https:\/\/akerkimya.com\/eticaret\/urun\/sodyum-asit-pirofosfat-sapp-28\/\" \/>\n<meta property=\"og:site_name\" content=\"Akerkimya\" \/>\n<meta property=\"article:modified_time\" content=\"2026-03-29T23:24:23+00:00\" \/>\n<meta property=\"og:image\" content=\"https:\/\/akerkimya.com\/eticaret\/wp-content\/uploads\/2025\/01\/Sodyum-Asit-Pirofosfat-SAPP-28-GUNCEL.png\" \/>\n\t<meta property=\"og:image:width\" content=\"1000\" \/>\n\t<meta property=\"og:image:height\" content=\"1000\" \/>\n\t<meta property=\"og:image:type\" content=\"image\/png\" \/>\n<meta name=\"twitter:card\" content=\"summary_large_image\" \/>\n<meta name=\"twitter:label1\" content=\"Tahmini okuma s\u00fcresi\" \/>\n\t<meta name=\"twitter:data1\" content=\"2 dakika\" \/>\n<script type=\"application\/ld+json\" class=\"yoast-schema-graph\">{\"@context\":\"https:\/\/schema.org\",\"@graph\":[{\"@type\":\"WebPage\",\"@id\":\"https:\/\/akerkimya.com\/eticaret\/urun\/sodyum-asit-pirofosfat-sapp-28\/\",\"url\":\"https:\/\/akerkimya.com\/eticaret\/urun\/sodyum-asit-pirofosfat-sapp-28\/\",\"name\":\"SODYUM AS\u0130T P\u0130ROFOSFAT (SAPP 28) - Akerkimya\",\"isPartOf\":{\"@id\":\"https:\/\/akerkimya.com\/eticaret\/#website\"},\"datePublished\":\"2025-01-04T22:25:03+00:00\",\"dateModified\":\"2026-03-29T23:24:23+00:00\",\"breadcrumb\":{\"@id\":\"https:\/\/akerkimya.com\/eticaret\/urun\/sodyum-asit-pirofosfat-sapp-28\/#breadcrumb\"},\"inLanguage\":\"tr\",\"potentialAction\":[{\"@type\":\"ReadAction\",\"target\":[\"https:\/\/akerkimya.com\/eticaret\/urun\/sodyum-asit-pirofosfat-sapp-28\/\"]}]},{\"@type\":\"BreadcrumbList\",\"@id\":\"https:\/\/akerkimya.com\/eticaret\/urun\/sodyum-asit-pirofosfat-sapp-28\/#breadcrumb\",\"itemListElement\":[{\"@type\":\"ListItem\",\"position\":1,\"name\":\"Home\",\"item\":\"https:\/\/akerkimya.com\/eticaret\/\"},{\"@type\":\"ListItem\",\"position\":2,\"name\":\"Market\",\"item\":\"https:\/\/akerkimya.com\/eticaret\/market\/\"},{\"@type\":\"ListItem\",\"position\":3,\"name\":\"SODYUM AS\u0130T P\u0130ROFOSFAT (SAPP 28)\"}]},{\"@type\":\"WebSite\",\"@id\":\"https:\/\/akerkimya.com\/eticaret\/#website\",\"url\":\"https:\/\/akerkimya.com\/eticaret\/\",\"name\":\"Akerkimya\",\"description\":\"\",\"potentialAction\":[{\"@type\":\"SearchAction\",\"target\":{\"@type\":\"EntryPoint\",\"urlTemplate\":\"https:\/\/akerkimya.com\/eticaret\/?s={search_term_string}\"},\"query-input\":\"required name=search_term_string\"}],\"inLanguage\":\"tr\"}]}<\/script>\n<!-- \/ Yoast SEO Premium plugin. -->","yoast_head_json":{"title":"SODYUM AS\u0130T P\u0130ROFOSFAT (SAPP 28) - Akerkimya","robots":{"index":"index","follow":"follow","max-snippet":"max-snippet:-1","max-image-preview":"max-image-preview:large","max-video-preview":"max-video-preview:-1"},"canonical":"https:\/\/akerkimya.com\/eticaret\/urun\/sodyum-asit-pirofosfat-sapp-28\/","og_locale":"tr_TR","og_type":"article","og_title":"SODYUM AS\u0130T P\u0130ROFOSFAT (SAPP 28)","og_description":"SODYUM AS\u0130T P\u0130ROFOSFAT (SAPP 28) Sodyum asit pirofosfat, Na2H2P2O7 form\u00fcl\u00fcne sahip sodyum katyonlar\u0131 ve pirofosfat anyonundan meydana gelen kat\u0131 inorganik","og_url":"https:\/\/akerkimya.com\/eticaret\/urun\/sodyum-asit-pirofosfat-sapp-28\/","og_site_name":"Akerkimya","article_modified_time":"2026-03-29T23:24:23+00:00","og_image":[{"width":1000,"height":1000,"url":"https:\/\/akerkimya.com\/eticaret\/wp-content\/uploads\/2025\/01\/Sodyum-Asit-Pirofosfat-SAPP-28-GUNCEL.png","type":"image\/png"}],"twitter_card":"summary_large_image","twitter_misc":{"Tahmini okuma s\u00fcresi":"2 dakika"},"schema":{"@context":"https:\/\/schema.org","@graph":[{"@type":"WebPage","@id":"https:\/\/akerkimya.com\/eticaret\/urun\/sodyum-asit-pirofosfat-sapp-28\/","url":"https:\/\/akerkimya.com\/eticaret\/urun\/sodyum-asit-pirofosfat-sapp-28\/","name":"SODYUM AS\u0130T P\u0130ROFOSFAT (SAPP 28) - Akerkimya","isPartOf":{"@id":"https:\/\/akerkimya.com\/eticaret\/#website"},"datePublished":"2025-01-04T22:25:03+00:00","dateModified":"2026-03-29T23:24:23+00:00","breadcrumb":{"@id":"https:\/\/akerkimya.com\/eticaret\/urun\/sodyum-asit-pirofosfat-sapp-28\/#breadcrumb"},"inLanguage":"tr","potentialAction":[{"@type":"ReadAction","target":["https:\/\/akerkimya.com\/eticaret\/urun\/sodyum-asit-pirofosfat-sapp-28\/"]}]},{"@type":"BreadcrumbList","@id":"https:\/\/akerkimya.com\/eticaret\/urun\/sodyum-asit-pirofosfat-sapp-28\/#breadcrumb","itemListElement":[{"@type":"ListItem","position":1,"name":"Home","item":"https:\/\/akerkimya.com\/eticaret\/"},{"@type":"ListItem","position":2,"name":"Market","item":"https:\/\/akerkimya.com\/eticaret\/market\/"},{"@type":"ListItem","position":3,"name":"SODYUM AS\u0130T P\u0130ROFOSFAT (SAPP 28)"}]},{"@type":"WebSite","@id":"https:\/\/akerkimya.com\/eticaret\/#website","url":"https:\/\/akerkimya.com\/eticaret\/","name":"Akerkimya","description":"","potentialAction":[{"@type":"SearchAction","target":{"@type":"EntryPoint","urlTemplate":"https:\/\/akerkimya.com\/eticaret\/?s={search_term_string}"},"query-input":"required name=search_term_string"}],"inLanguage":"tr"}]}},"_links":{"self":[{"href":"https:\/\/akerkimya.com\/eticaret\/wp-json\/wp\/v2\/product\/17777","targetHints":{"allow":["GET"]}}],"collection":[{"href":"https:\/\/akerkimya.com\/eticaret\/wp-json\/wp\/v2\/product"}],"about":[{"href":"https:\/\/akerkimya.com\/eticaret\/wp-json\/wp\/v2\/types\/product"}],"replies":[{"embeddable":true,"href":"https:\/\/akerkimya.com\/eticaret\/wp-json\/wp\/v2\/comments?post=17777"}],"version-history":[{"count":1,"href":"https:\/\/akerkimya.com\/eticaret\/wp-json\/wp\/v2\/product\/17777\/revisions"}],"predecessor-version":[{"id":17782,"href":"https:\/\/akerkimya.com\/eticaret\/wp-json\/wp\/v2\/product\/17777\/revisions\/17782"}],"wp:featuredmedia":[{"embeddable":true,"href":"https:\/\/akerkimya.com\/eticaret\/wp-json\/wp\/v2\/media\/17778"}],"wp:attachment":[{"href":"https:\/\/akerkimya.com\/eticaret\/wp-json\/wp\/v2\/media?parent=17777"}],"wp:term":[{"taxonomy":"product_cat","embeddable":true,"href":"https:\/\/akerkimya.com\/eticaret\/wp-json\/wp\/v2\/product_cat?post=17777"},{"taxonomy":"product_tag","embeddable":true,"href":"https:\/\/akerkimya.com\/eticaret\/wp-json\/wp\/v2\/product_tag?post=17777"}],"curies":[{"name":"wp","href":"https:\/\/api.w.org\/{rel}","templated":true}]}}