{"id":17783,"date":"2025-01-05T01:29:14","date_gmt":"2025-01-04T22:29:14","guid":{"rendered":"https:\/\/akerkimya.com\/eticaret\/?post_type=product&#038;p=17783"},"modified":"2026-03-30T02:24:23","modified_gmt":"2026-03-29T23:24:23","slug":"sodyum-benzoat","status":"publish","type":"product","link":"https:\/\/akerkimya.com\/eticaret\/urun\/sodyum-benzoat\/","title":{"rendered":"SODYUM BENZOAT"},"content":{"rendered":"<h1>SODYUM BENZOAT<\/h1>\n<p><strong>Sodyum benzoat, C7H5NaO2 form\u00fcll\u00fc benzo asitin bir tuz t\u00fcrevidir. Benzoik asitin sodyum bikarbonat, sodyum karbonat veya sodyum hidroksit ile n\u00f6tralizasyonu sonucunda elde edilen g\u0131da katk\u0131 kimyasal\u0131d\u0131r. Sodyum Benzoat i\u00e7in \u00f6zellikle ham karanfil, kuru erik, elma, sar\u0131msak ve tar\u00e7\u0131n gibi g\u0131dalar benzoik asitin tabi olarak bulundu\u011fu kaynaklara \u00f6rnek verilebilir. E211 kodu ile g\u0131da katk\u0131 kimyasallar\u0131 literat\u00fcr\u00fcnde yer al\u0131r.<\/strong><\/p>\n<p><strong>\u00a0<\/strong><\/p>\n<p><strong>SODYUM BENZOAT \u00d6ZELL\u0130KLER\u0130<\/strong><\/p>\n<p><strong>Fiziksel olarak gran\u00fcl veya toz yap\u0131da beyaz renkli bir hammaddedir.<\/strong><\/p>\n<p><strong>Sodyum Benzoat, bakteriostik ve fungitatik bir yap\u0131ya sahiptir. Yani bakterilerin ve mantarlar\u0131n \u00e7o\u011falmas\u0131n\u0131 engelleyici \u00f6zelli\u011fi vard\u0131r.<\/strong><\/p>\n<p><strong>Yan\u0131c\u0131 bir maddedir.<\/strong><\/p>\n<p><strong>\u00dclkemizde %0,1\u2019 den daha fazla kullan\u0131ma izin verilmemektedir.<\/strong><\/p>\n<p><strong>\u00a0<\/strong><\/p>\n<p><strong>TEKN\u0130K \u00d6ZELL\u0130KLER\u0130<\/strong><\/p>\n<p><strong>K\u0130MYASAL ADI: E211, Benzoate Of Soda <\/strong><\/p>\n<p><strong>D\u0130\u011eER \u0130S\u0130MLER\u0130: Sodyum Tuzu, Benzoza\u00fcr, Sobanate, Antimol<\/strong><\/p>\n<p><strong>CAS NUMARASI: 532-32-1<\/strong><\/p>\n<p><strong>MOLEK\u00dcL FORM\u00dcL\u00dc: C7H5NaO2<\/strong><\/p>\n<p><strong>ER\u0130ME NOKTASI: 410-430 \u00b0C<\/strong><\/p>\n<p><strong>KAYNAMA NOKTASI: 249,3 \u00b0C<\/strong><\/p>\n<p><strong>YO\u011eUNLUK: 1,5 g\/cm\u00b3<\/strong><\/p>\n<p><strong>PH: 8.0 (%1\u2019lik sulu \u00e7\u00f6zeltisi)<\/strong><\/p>\n<p><strong>MOLAR K\u00dcTLE: 144,11 g\/mol<\/strong><\/p>\n<p><strong>\u00c7\u00d6Z\u00dcN\u00dcRL\u00dcK: So\u011fuk ve s\u0131cak suda iyi \u00e7\u00f6z\u00fcnmekte, Metanolde \u00e7ok az \u00e7\u00f6\u00fcn\u00fcr.<\/strong><\/p>\n<p><strong>\u00a0<\/strong><\/p>\n<p><strong>KULLANIM ALANI<\/strong><\/p>\n<p><strong>Margarin, sal\u00e7a, ak\u00e7aa\u011fa\u00e7 \u015furubu, tur\u015fu, konserve, re\u00e7el ve j\u00f6lelerde kullan\u0131l\u0131r.<\/strong><\/p>\n<p><strong>Hem g\u0131da hem de me\u015frubat \u00fcr\u00fcnlerinde kullan\u0131lan en yayg\u0131n koruyucu kimyasald\u0131r. Sodyum Benzoat, g\u0131dalar\u0131n h\u00fccrelerine girerek burada pH seviyesini dengeler ve g\u0131da asidini artt\u0131rarak \u00e7al\u0131\u015f\u0131r.<\/strong><\/p>\n<p><strong>Hemen hemen her me\u015frubat i\u00e7ecekleri, baz\u0131 \u015farap so\u011futucular\u0131 ve meyve sular\u0131nda kullan\u0131l\u0131r.<\/strong><\/p>\n<p><strong>Boyalar\u0131n \u00fcretiminde ara madde olarak kullan\u0131l\u0131r.<\/strong><\/p>\n<p><strong>Antiseptik bir ila\u00e7 oldu\u011fundan pas ve k\u00fcf \u00f6nleyici olarak kullan\u0131l\u0131r.<\/strong><\/p>\n<p><strong>Netlik ve mukavemeti artt\u0131rmaktad\u0131r. Bu \u00f6zelli\u011finden dolay\u0131 propilen \u00fcretimine d\u00e2hil edilmi\u015f bir kimyasald\u0131r. <\/strong><\/p>\n<p><strong>T\u00fct\u00fcn ve ila\u00e7 preparatlar\u0131nda kullan\u0131lmaktad\u0131r.<\/strong><\/p>\n<p><strong>Motorlar\u0131n so\u011futma suyu sistemlerinde korozyon \u00f6nleyici etken madde olarak kullan\u0131lmaktad\u0131r.<\/strong><\/p>\n<p><strong>Al\u00fcminyum y\u00fczeylerde korozyon olu\u015fumunu inhibe etmek amac\u0131yla kullan\u0131lan inhibit\u00f6rlerin imalat\u0131nda Sodyum Metasilikat ve Sodyum Benzoat kullan\u0131l\u0131r.<\/strong><\/p>\n<p><strong>Silikon kau\u00e7uk mastik \u00fcr\u00fcnlerinin imalat\u0131nda formik asit, likit parafin, metil alkol, ve baz\u0131 di\u011fer maddelerle birlikte kullan\u0131larak temizleme form\u00fcl\u00fc elde edilmektedir.<\/strong><\/p>\n<p><strong>Amonya\u011f\u0131n kanda birikmesini \u00f6nlemek i\u00e7in sodyum benzoat i\u00e7erikli ila\u00e7lar\u0131n \u00fcretiminde kullan\u0131l\u0131r.<\/strong><\/p>\n<p><strong>Sirke i\u00e7eren g\u0131dalar\u0131n imalat\u0131nda kullan\u0131l\u0131r.<\/strong><\/p>\n<p><strong>S\u0131v\u0131 sabun renklendiricilerinde kullan\u0131l\u0131r.<\/strong><\/p>\n<p><strong>Antifriz \u00fcretiminde kullan\u0131l\u0131r.<\/strong><\/p>\n<p><strong>Kozmetik alanda aktif madde girdisi olarak kullan\u0131l\u0131r.<\/strong><\/p>\n<p><strong>Haz\u0131r yemekler, sucuk, salam, boya i\u00e7eren i\u00e7ecekler, cips, haz\u0131r k\u00f6fte har\u00e7lar\u0131, haz\u0131r soslar, meyve sular\u0131, \u015fekerlemeler de raf \u00f6mr\u00fcn\u00fc uzatabilmek amac\u0131yla katk\u0131 madde olarak kullan\u0131l\u0131r.<\/strong><\/p>\n<p><strong>Ph de\u011feri 2,5-4,0 aras\u0131 meyve sular\u0131, karbonatl\u0131 i\u00e7ecekler, %15\u2019 den az alkol i\u00e7eren alkoll\u00fc i\u00e7ecekler, d\u00fc\u015f\u00fck \u015fekerli re\u00e7el, j\u00f6le, marmelat, \u00e7ikolata hari\u00e7 di\u011fer \u015fekerlemeler, baharatlar, s\u0131v\u0131, \u00e7orbalar ve et sular\u0131, margarinler, tuzlanm\u0131\u015f, kurutulmu\u015f bal\u0131k, salatal\u0131k tur\u015fusu, salamura lahanalar gibi asit g\u0131dalarda 150-5.000 mg\/kf d\u00fczeyinde kullan\u0131lmaktad\u0131r. Sodyum Benzoat ph de\u011feri 5,0\u2019 in \u00fcst\u00fcne \u00e7\u0131kt\u0131\u011f\u0131 zaman ise aktivitesini kaybeder.<\/strong><\/p>\n<p><strong>Fermentasyon kar\u015f\u0131t\u0131 katk\u0131lar ve ila\u00e7lar i\u00e7in tabletleme ya\u011fc\u0131s\u0131nda kullan\u0131l\u0131r. <\/strong><\/p>\n<p><strong>\u00a0<\/strong><\/p>\n<p><strong>AVANTAJLARI<\/strong><\/p>\n<p><strong>D\u00fc\u015f\u00fck maliyetli <\/strong><\/p>\n<p><strong>Lezzet \u00fczerinde bir etkisi yoktur<\/strong><\/p>\n<p><strong>\u00a0<\/strong><\/p>\n<p><strong>AMBALAJ<\/strong><\/p>\n<p><strong>1-5-25 kg torbalar halinde<\/strong><\/p>\n<p><strong>\u00a0<\/strong><\/p>\n<p><strong>DEPOLAMA<\/strong><\/p>\n<p><strong>Do\u011frudan g\u00fcne\u015f g\u00f6rmeyen ve nem bulunmayan ortamda depolanmal\u0131d\u0131r.<\/strong><\/p>\n<p><strong>Kullan\u0131ld\u0131ktan sonra torba a\u011fz\u0131 a\u00e7\u0131k b\u0131rak\u0131lmamal\u0131d\u0131r.<\/strong><\/p>\n<p><strong>D\u0130KKAT <\/strong><\/p>\n<p><strong>G\u00f6z tahri\u015fine neden olabilir.<\/strong><\/p>\n<p><strong>Cildinize temas etmesi sonucunda tahri\u015f olu\u015ftuysa bol su ile ilgili noktan\u0131n y\u0131kanmas\u0131 gerekir. Bu durumda tahri\u015f giderilemez ise doktora ba\u015fvurulmal\u0131d\u0131r.<\/strong><\/p>\n","protected":false},"excerpt":{"rendered":"<p>SODYUM BENZOAT Sodyum benzoat, C7H5NaO2 form\u00fcll\u00fc benzo asitin bir tuz t\u00fcrevidir. Benzoik asitin sodyum bikarbonat, sodyum karbonat veya sodyum hidroksit<\/p>\n","protected":false},"featured_media":17784,"comment_status":"open","ping_status":"closed","template":"","meta":{"_joinchat":[]},"product_cat":[74,76,80],"product_tag":[],"class_list":{"0":"post-17783","1":"product","2":"type-product","3":"status-publish","4":"has-post-thumbnail","6":"product_cat-deterjan-ve-kozmetik-kimyasallari","7":"product_cat-gida-ve-katki-kimyasallari","8":"product_cat-veteriner-ve-ilac-kimyasallari","10":"first","11":"instock","12":"shipping-taxable","13":"purchasable","14":"product-type-variable"},"yoast_head":"<!-- This site is optimized with the Yoast SEO Premium plugin v20.2.1 (Yoast SEO v20.2.1) - https:\/\/yoast.com\/wordpress\/plugins\/seo\/ -->\n<title>SODYUM BENZOAT - Akerkimya<\/title>\n<meta name=\"robots\" content=\"index, follow, max-snippet:-1, max-image-preview:large, max-video-preview:-1\" \/>\n<link rel=\"canonical\" href=\"https:\/\/akerkimya.com\/eticaret\/urun\/sodyum-benzoat\/\" \/>\n<meta property=\"og:locale\" content=\"tr_TR\" \/>\n<meta property=\"og:type\" content=\"article\" \/>\n<meta property=\"og:title\" content=\"SODYUM BENZOAT\" \/>\n<meta property=\"og:description\" content=\"SODYUM BENZOAT Sodyum benzoat, C7H5NaO2 form\u00fcll\u00fc benzo asitin bir tuz t\u00fcrevidir. Benzoik asitin sodyum bikarbonat, sodyum karbonat veya sodyum hidroksit\" \/>\n<meta property=\"og:url\" content=\"https:\/\/akerkimya.com\/eticaret\/urun\/sodyum-benzoat\/\" \/>\n<meta property=\"og:site_name\" content=\"Akerkimya\" \/>\n<meta property=\"article:modified_time\" content=\"2026-03-29T23:24:23+00:00\" \/>\n<meta property=\"og:image\" content=\"https:\/\/akerkimya.com\/eticaret\/wp-content\/uploads\/2025\/01\/SODYUM-BENZOAT-GUNCEL.png\" \/>\n\t<meta property=\"og:image:width\" content=\"1000\" \/>\n\t<meta property=\"og:image:height\" content=\"1000\" \/>\n\t<meta property=\"og:image:type\" content=\"image\/png\" \/>\n<meta name=\"twitter:card\" content=\"summary_large_image\" \/>\n<meta name=\"twitter:label1\" content=\"Tahmini okuma s\u00fcresi\" \/>\n\t<meta name=\"twitter:data1\" content=\"3 dakika\" \/>\n<script type=\"application\/ld+json\" class=\"yoast-schema-graph\">{\"@context\":\"https:\/\/schema.org\",\"@graph\":[{\"@type\":\"WebPage\",\"@id\":\"https:\/\/akerkimya.com\/eticaret\/urun\/sodyum-benzoat\/\",\"url\":\"https:\/\/akerkimya.com\/eticaret\/urun\/sodyum-benzoat\/\",\"name\":\"SODYUM BENZOAT - Akerkimya\",\"isPartOf\":{\"@id\":\"https:\/\/akerkimya.com\/eticaret\/#website\"},\"datePublished\":\"2025-01-04T22:29:14+00:00\",\"dateModified\":\"2026-03-29T23:24:23+00:00\",\"breadcrumb\":{\"@id\":\"https:\/\/akerkimya.com\/eticaret\/urun\/sodyum-benzoat\/#breadcrumb\"},\"inLanguage\":\"tr\",\"potentialAction\":[{\"@type\":\"ReadAction\",\"target\":[\"https:\/\/akerkimya.com\/eticaret\/urun\/sodyum-benzoat\/\"]}]},{\"@type\":\"BreadcrumbList\",\"@id\":\"https:\/\/akerkimya.com\/eticaret\/urun\/sodyum-benzoat\/#breadcrumb\",\"itemListElement\":[{\"@type\":\"ListItem\",\"position\":1,\"name\":\"Home\",\"item\":\"https:\/\/akerkimya.com\/eticaret\/\"},{\"@type\":\"ListItem\",\"position\":2,\"name\":\"Market\",\"item\":\"https:\/\/akerkimya.com\/eticaret\/market\/\"},{\"@type\":\"ListItem\",\"position\":3,\"name\":\"SODYUM BENZOAT\"}]},{\"@type\":\"WebSite\",\"@id\":\"https:\/\/akerkimya.com\/eticaret\/#website\",\"url\":\"https:\/\/akerkimya.com\/eticaret\/\",\"name\":\"Akerkimya\",\"description\":\"\",\"potentialAction\":[{\"@type\":\"SearchAction\",\"target\":{\"@type\":\"EntryPoint\",\"urlTemplate\":\"https:\/\/akerkimya.com\/eticaret\/?s={search_term_string}\"},\"query-input\":\"required name=search_term_string\"}],\"inLanguage\":\"tr\"}]}<\/script>\n<!-- \/ Yoast SEO Premium plugin. -->","yoast_head_json":{"title":"SODYUM BENZOAT - Akerkimya","robots":{"index":"index","follow":"follow","max-snippet":"max-snippet:-1","max-image-preview":"max-image-preview:large","max-video-preview":"max-video-preview:-1"},"canonical":"https:\/\/akerkimya.com\/eticaret\/urun\/sodyum-benzoat\/","og_locale":"tr_TR","og_type":"article","og_title":"SODYUM BENZOAT","og_description":"SODYUM BENZOAT Sodyum benzoat, C7H5NaO2 form\u00fcll\u00fc benzo asitin bir tuz t\u00fcrevidir. Benzoik asitin sodyum bikarbonat, sodyum karbonat veya sodyum hidroksit","og_url":"https:\/\/akerkimya.com\/eticaret\/urun\/sodyum-benzoat\/","og_site_name":"Akerkimya","article_modified_time":"2026-03-29T23:24:23+00:00","og_image":[{"width":1000,"height":1000,"url":"https:\/\/akerkimya.com\/eticaret\/wp-content\/uploads\/2025\/01\/SODYUM-BENZOAT-GUNCEL.png","type":"image\/png"}],"twitter_card":"summary_large_image","twitter_misc":{"Tahmini okuma s\u00fcresi":"3 dakika"},"schema":{"@context":"https:\/\/schema.org","@graph":[{"@type":"WebPage","@id":"https:\/\/akerkimya.com\/eticaret\/urun\/sodyum-benzoat\/","url":"https:\/\/akerkimya.com\/eticaret\/urun\/sodyum-benzoat\/","name":"SODYUM BENZOAT - Akerkimya","isPartOf":{"@id":"https:\/\/akerkimya.com\/eticaret\/#website"},"datePublished":"2025-01-04T22:29:14+00:00","dateModified":"2026-03-29T23:24:23+00:00","breadcrumb":{"@id":"https:\/\/akerkimya.com\/eticaret\/urun\/sodyum-benzoat\/#breadcrumb"},"inLanguage":"tr","potentialAction":[{"@type":"ReadAction","target":["https:\/\/akerkimya.com\/eticaret\/urun\/sodyum-benzoat\/"]}]},{"@type":"BreadcrumbList","@id":"https:\/\/akerkimya.com\/eticaret\/urun\/sodyum-benzoat\/#breadcrumb","itemListElement":[{"@type":"ListItem","position":1,"name":"Home","item":"https:\/\/akerkimya.com\/eticaret\/"},{"@type":"ListItem","position":2,"name":"Market","item":"https:\/\/akerkimya.com\/eticaret\/market\/"},{"@type":"ListItem","position":3,"name":"SODYUM BENZOAT"}]},{"@type":"WebSite","@id":"https:\/\/akerkimya.com\/eticaret\/#website","url":"https:\/\/akerkimya.com\/eticaret\/","name":"Akerkimya","description":"","potentialAction":[{"@type":"SearchAction","target":{"@type":"EntryPoint","urlTemplate":"https:\/\/akerkimya.com\/eticaret\/?s={search_term_string}"},"query-input":"required name=search_term_string"}],"inLanguage":"tr"}]}},"_links":{"self":[{"href":"https:\/\/akerkimya.com\/eticaret\/wp-json\/wp\/v2\/product\/17783","targetHints":{"allow":["GET"]}}],"collection":[{"href":"https:\/\/akerkimya.com\/eticaret\/wp-json\/wp\/v2\/product"}],"about":[{"href":"https:\/\/akerkimya.com\/eticaret\/wp-json\/wp\/v2\/types\/product"}],"replies":[{"embeddable":true,"href":"https:\/\/akerkimya.com\/eticaret\/wp-json\/wp\/v2\/comments?post=17783"}],"version-history":[{"count":2,"href":"https:\/\/akerkimya.com\/eticaret\/wp-json\/wp\/v2\/product\/17783\/revisions"}],"predecessor-version":[{"id":19545,"href":"https:\/\/akerkimya.com\/eticaret\/wp-json\/wp\/v2\/product\/17783\/revisions\/19545"}],"wp:featuredmedia":[{"embeddable":true,"href":"https:\/\/akerkimya.com\/eticaret\/wp-json\/wp\/v2\/media\/17784"}],"wp:attachment":[{"href":"https:\/\/akerkimya.com\/eticaret\/wp-json\/wp\/v2\/media?parent=17783"}],"wp:term":[{"taxonomy":"product_cat","embeddable":true,"href":"https:\/\/akerkimya.com\/eticaret\/wp-json\/wp\/v2\/product_cat?post=17783"},{"taxonomy":"product_tag","embeddable":true,"href":"https:\/\/akerkimya.com\/eticaret\/wp-json\/wp\/v2\/product_tag?post=17783"}],"curies":[{"name":"wp","href":"https:\/\/api.w.org\/{rel}","templated":true}]}}