{"id":17789,"date":"2025-01-05T01:36:44","date_gmt":"2025-01-04T22:36:44","guid":{"rendered":"https:\/\/akerkimya.com\/eticaret\/?post_type=product&#038;p=17789"},"modified":"2026-03-30T02:24:23","modified_gmt":"2026-03-29T23:24:23","slug":"sodyum-bikarbonat-agir-soda","status":"publish","type":"product","link":"https:\/\/akerkimya.com\/eticaret\/urun\/sodyum-bikarbonat-agir-soda\/","title":{"rendered":"SODYUM B\u0130KARBONAT"},"content":{"rendered":"<h1>SODYUM B\u0130KARBONAT <\/h1>\n<p><strong>Sodyum bikarbonat veya soda kimyasal form\u00fcl NaHCO<sub>3<\/sub>\u00a0olan bir kimyasal bile\u015fiktir. Sodyum tuzlar\u0131ndan birisidir. Antiasit \u00f6zelli\u011fi vard\u0131r. Suda \u00e7\u00f6z\u00fcn\u00fcr beyaz bir kristal yap\u0131da olup hafif alkali tad\u0131 vard\u0131r. Sal\u0131n sol\u00fcsyonunda kullan\u0131l\u0131r. Sodyum bikarbonat y\u00fcksek yo\u011funlukta karbondioksit ile su tepkimesi sonucu elde edilir. Sodyum bikarbonat bu y\u00f6ntemde kat\u0131 olarak \u00e7\u00f6kelir. Na2CO3 + CO2 + H2O \u2013&gt; 2 NaHCO3.Di\u011fer adlar\u0131 Sodyum Hidrojen Peroksit,Yemek Sodas\u0131,Karbonat,Cep Sodas\u0131<\/strong><strong>.<\/strong><\/p>\n<p><strong>\u00a0<\/strong><\/p>\n<p><strong>TEKN\u0130K \u00d6ZELL\u0130KLER<\/strong><\/p>\n<p><strong>CAS NO:144-55-8<\/strong><\/p>\n<p><strong>FORM\u00dcL: NaHCO<sub>3<\/sub><\/strong><\/p>\n<p><strong>G\u00d6R\u00dcN\u00dcM: Beyaz Kristal<\/strong><\/p>\n<p><strong>YO\u011eUNLUK:2,20 g\/cm<\/strong><\/p>\n<p><strong>Suda \u00c7\u00f6z\u00fcn\u00fcr Etanolde \u00e7\u00f6z\u00fcnmez.<\/strong><\/p>\n<p><strong>\u00a0<\/strong><\/p>\n<p><strong>KULLANIM ALANLARI<\/strong><\/p>\n<p><strong>Sodyum bikarbonat mutfaklar\u0131m\u0131zda hamur kabartma tozu ve mayalamada kullan\u0131l\u0131r.Bakliyatlar\u0131 yumu\u015fatmak i\u00e7in kullan\u0131l\u0131r.<\/strong><\/p>\n<p><strong>Temizlik maddesi olarak, di\u015f beyazlat\u0131c\u0131 ve plak olu\u015fumunu \u00f6nlemede kullan\u0131l\u0131r, el ve ayak temizli\u011finde temizleyici ve do\u011fal deodorant olarak su ile kar\u0131\u015ft\u0131r\u0131larak kullan\u0131l\u0131r.<\/strong><\/p>\n<p><strong>Dezenfektan \u00f6zelli\u011finden dolay\u0131 temizlikte kullan\u0131l\u0131r.<\/strong><\/p>\n<p><strong>Havuzlarda Ph seviyesini, kapl\u0131calarda alkaliteyi y\u00fckseltmede kullan\u0131l\u0131r.<\/strong><\/p>\n<p><strong>Hamam b\u00f6ceklerinin ila\u00e7lanmas\u0131nda etkilidir.B\u00f6cek \u0131s\u0131r\u0131klar\u0131nda sulu \u00e7\u00f6zelti yap\u0131larak ka\u015f\u0131nt\u0131y\u0131 \u00f6nler. Bunlar\u0131n yan\u0131nda mantar b\u00fcy\u00fcmesini kontrol amac\u0131 ile de kullan\u0131labilir.<\/strong><\/p>\n<p><strong>Gres ya\u011f\u0131 ve elektrik yang\u0131nlar\u0131n\u0131 s\u00f6nd\u00fcrmede kullan\u0131l\u0131r.<\/strong><\/p>\n<p><strong>Havai fi\u015fek \u00fcretiminde kullan\u0131l\u0131r.<\/strong><\/p>\n<p><strong>Labaratuvar asitlerinin n\u00f6tralize edilmesinde kullan\u0131l\u0131r.<\/strong><\/p>\n<p><strong>Sa\u011fl\u0131k alan\u0131nda asitlik giderici \u00f6zelli\u011finden dolay\u0131 haz\u0131ms\u0131zl\u0131k ve mide ek\u015fimesinde su ile kar\u0131\u015ft\u0131r\u0131larak kullan\u0131l\u0131r.<\/strong><\/p>\n<p><strong>A\u011f\u0131z kokusunu gidermede kullan\u0131l\u0131r.<\/strong><\/p>\n<p><strong>\u0130drar yolu enfeksiyonlar\u0131nda ve b\u00f6brek enfeksiyonlar\u0131nda iyile\u015ftirici etkiye sahiptir.<\/strong><\/p>\n<p><strong>Eklem problemlerinde ve gut tedavisinde kullan\u0131l\u0131r.<\/strong><\/p>\n<p><strong>Lokal anestezilerde enjeksiyon a\u011fr\u0131lar\u0131n\u0131 ve yan\u0131k a\u011fr\u0131lar\u0131n\u0131 azaltmada kullan\u0131l\u0131r.<\/strong><\/p>\n<p><strong>\u0130yi bir pas engelleyici malzemedir. Al\u00fcminyum panellerin temizli\u011finde kullan\u0131l\u0131r.<\/strong><\/p>\n<p><strong>Antibakteriyal \u00f6zelli\u011finden dolay\u0131 ciltteki inflamasyonu azaltmak i\u00e7in kullan\u0131l\u0131r, sivilce olu\u015fumunu engeller.<\/strong><\/p>\n<p><strong>Sa\u00e7 bak\u0131m\u0131nda ve kozmetikte kullan\u0131l\u0131r.<\/strong><\/p>\n<p><strong>Lavabo kokusu, ayakkab\u0131 kokusu, dolap kokusu ve sebze ha\u015flama esnas\u0131nda \u00e7\u0131kan k\u00f6t\u00fc kokular\u0131 \u00f6nlemede bazik \u00f6zelli\u011finden dolay\u0131 kullan\u0131l\u0131r. Sebzelerin gaz yap\u0131c\u0131 \u00f6zelli\u011fini azalt\u0131r.<\/strong><\/p>\n<p><strong>Demlik, termos, tepsi ve tenceredeki kal\u0131nt\u0131lar\u0131n temizli\u011finde s\u0131cak suya ilave edilerek kullan\u0131l\u0131r.<\/strong><\/p>\n<p><strong>\u00a0<\/strong><\/p>\n<p><strong>AMBALAJ<\/strong><\/p>\n<p><strong>1-5-25 kg torbalar halinde<\/strong><\/p>\n<p><strong>\u00a0<\/strong><\/p>\n<p><strong>DEPOLAMA<\/strong><\/p>\n<p><strong>Do\u011frudan g\u00fcne\u015f g\u00f6rmeyen ve nem bulunmayan ortamda depolanmal\u0131d\u0131r.<\/strong><\/p>\n<p><strong>Kullan\u0131ld\u0131ktan sonra torba a\u011fz\u0131 a\u00e7\u0131k b\u0131rak\u0131lmamal\u0131d\u0131r.<\/strong><\/p>\n","protected":false},"excerpt":{"rendered":"<p>SODYUM B\u0130KARBONAT Sodyum bikarbonat veya soda kimyasal form\u00fcl NaHCO3\u00a0olan bir kimyasal bile\u015fiktir. Sodyum tuzlar\u0131ndan birisidir. Antiasit \u00f6zelli\u011fi vard\u0131r. Suda \u00e7\u00f6z\u00fcn\u00fcr<\/p>\n","protected":false},"featured_media":17790,"comment_status":"open","ping_status":"closed","template":"","meta":{"_joinchat":[]},"product_cat":[74,76,80],"product_tag":[],"class_list":{"0":"post-17789","1":"product","2":"type-product","3":"status-publish","4":"has-post-thumbnail","6":"product_cat-deterjan-ve-kozmetik-kimyasallari","7":"product_cat-gida-ve-katki-kimyasallari","8":"product_cat-veteriner-ve-ilac-kimyasallari","10":"first","11":"instock","12":"shipping-taxable","13":"purchasable","14":"product-type-variable"},"yoast_head":"<!-- This site is optimized with the Yoast SEO Premium plugin v20.2.1 (Yoast SEO v20.2.1) - https:\/\/yoast.com\/wordpress\/plugins\/seo\/ -->\n<title>SODYUM B\u0130KARBONAT - Akerkimya<\/title>\n<meta name=\"robots\" content=\"index, follow, max-snippet:-1, max-image-preview:large, max-video-preview:-1\" \/>\n<link rel=\"canonical\" href=\"https:\/\/akerkimya.com\/eticaret\/urun\/sodyum-bikarbonat-agir-soda\/\" \/>\n<meta property=\"og:locale\" content=\"tr_TR\" \/>\n<meta property=\"og:type\" content=\"article\" \/>\n<meta property=\"og:title\" content=\"SODYUM B\u0130KARBONAT\" \/>\n<meta property=\"og:description\" content=\"SODYUM B\u0130KARBONAT Sodyum bikarbonat veya soda kimyasal form\u00fcl NaHCO3\u00a0olan bir kimyasal bile\u015fiktir. Sodyum tuzlar\u0131ndan birisidir. Antiasit \u00f6zelli\u011fi vard\u0131r. Suda \u00e7\u00f6z\u00fcn\u00fcr\" \/>\n<meta property=\"og:url\" content=\"https:\/\/akerkimya.com\/eticaret\/urun\/sodyum-bikarbonat-agir-soda\/\" \/>\n<meta property=\"og:site_name\" content=\"Akerkimya\" \/>\n<meta property=\"article:modified_time\" content=\"2026-03-29T23:24:23+00:00\" \/>\n<meta property=\"og:image\" content=\"https:\/\/akerkimya.com\/eticaret\/wp-content\/uploads\/2025\/01\/SODYUM-BIKARBONAT-GUNEL.png\" \/>\n\t<meta property=\"og:image:width\" content=\"1000\" \/>\n\t<meta property=\"og:image:height\" content=\"1000\" \/>\n\t<meta property=\"og:image:type\" content=\"image\/png\" \/>\n<meta name=\"twitter:card\" content=\"summary_large_image\" \/>\n<meta name=\"twitter:label1\" content=\"Tahmini okuma s\u00fcresi\" \/>\n\t<meta name=\"twitter:data1\" content=\"2 dakika\" \/>\n<script type=\"application\/ld+json\" class=\"yoast-schema-graph\">{\"@context\":\"https:\/\/schema.org\",\"@graph\":[{\"@type\":\"WebPage\",\"@id\":\"https:\/\/akerkimya.com\/eticaret\/urun\/sodyum-bikarbonat-agir-soda\/\",\"url\":\"https:\/\/akerkimya.com\/eticaret\/urun\/sodyum-bikarbonat-agir-soda\/\",\"name\":\"SODYUM B\u0130KARBONAT - Akerkimya\",\"isPartOf\":{\"@id\":\"https:\/\/akerkimya.com\/eticaret\/#website\"},\"datePublished\":\"2025-01-04T22:36:44+00:00\",\"dateModified\":\"2026-03-29T23:24:23+00:00\",\"breadcrumb\":{\"@id\":\"https:\/\/akerkimya.com\/eticaret\/urun\/sodyum-bikarbonat-agir-soda\/#breadcrumb\"},\"inLanguage\":\"tr\",\"potentialAction\":[{\"@type\":\"ReadAction\",\"target\":[\"https:\/\/akerkimya.com\/eticaret\/urun\/sodyum-bikarbonat-agir-soda\/\"]}]},{\"@type\":\"BreadcrumbList\",\"@id\":\"https:\/\/akerkimya.com\/eticaret\/urun\/sodyum-bikarbonat-agir-soda\/#breadcrumb\",\"itemListElement\":[{\"@type\":\"ListItem\",\"position\":1,\"name\":\"Home\",\"item\":\"https:\/\/akerkimya.com\/eticaret\/\"},{\"@type\":\"ListItem\",\"position\":2,\"name\":\"Market\",\"item\":\"https:\/\/akerkimya.com\/eticaret\/market\/\"},{\"@type\":\"ListItem\",\"position\":3,\"name\":\"SODYUM B\u0130KARBONAT\"}]},{\"@type\":\"WebSite\",\"@id\":\"https:\/\/akerkimya.com\/eticaret\/#website\",\"url\":\"https:\/\/akerkimya.com\/eticaret\/\",\"name\":\"Akerkimya\",\"description\":\"\",\"potentialAction\":[{\"@type\":\"SearchAction\",\"target\":{\"@type\":\"EntryPoint\",\"urlTemplate\":\"https:\/\/akerkimya.com\/eticaret\/?s={search_term_string}\"},\"query-input\":\"required name=search_term_string\"}],\"inLanguage\":\"tr\"}]}<\/script>\n<!-- \/ Yoast SEO Premium plugin. -->","yoast_head_json":{"title":"SODYUM B\u0130KARBONAT - Akerkimya","robots":{"index":"index","follow":"follow","max-snippet":"max-snippet:-1","max-image-preview":"max-image-preview:large","max-video-preview":"max-video-preview:-1"},"canonical":"https:\/\/akerkimya.com\/eticaret\/urun\/sodyum-bikarbonat-agir-soda\/","og_locale":"tr_TR","og_type":"article","og_title":"SODYUM B\u0130KARBONAT","og_description":"SODYUM B\u0130KARBONAT Sodyum bikarbonat veya soda kimyasal form\u00fcl NaHCO3\u00a0olan bir kimyasal bile\u015fiktir. Sodyum tuzlar\u0131ndan birisidir. Antiasit \u00f6zelli\u011fi vard\u0131r. Suda \u00e7\u00f6z\u00fcn\u00fcr","og_url":"https:\/\/akerkimya.com\/eticaret\/urun\/sodyum-bikarbonat-agir-soda\/","og_site_name":"Akerkimya","article_modified_time":"2026-03-29T23:24:23+00:00","og_image":[{"width":1000,"height":1000,"url":"https:\/\/akerkimya.com\/eticaret\/wp-content\/uploads\/2025\/01\/SODYUM-BIKARBONAT-GUNEL.png","type":"image\/png"}],"twitter_card":"summary_large_image","twitter_misc":{"Tahmini okuma s\u00fcresi":"2 dakika"},"schema":{"@context":"https:\/\/schema.org","@graph":[{"@type":"WebPage","@id":"https:\/\/akerkimya.com\/eticaret\/urun\/sodyum-bikarbonat-agir-soda\/","url":"https:\/\/akerkimya.com\/eticaret\/urun\/sodyum-bikarbonat-agir-soda\/","name":"SODYUM B\u0130KARBONAT - Akerkimya","isPartOf":{"@id":"https:\/\/akerkimya.com\/eticaret\/#website"},"datePublished":"2025-01-04T22:36:44+00:00","dateModified":"2026-03-29T23:24:23+00:00","breadcrumb":{"@id":"https:\/\/akerkimya.com\/eticaret\/urun\/sodyum-bikarbonat-agir-soda\/#breadcrumb"},"inLanguage":"tr","potentialAction":[{"@type":"ReadAction","target":["https:\/\/akerkimya.com\/eticaret\/urun\/sodyum-bikarbonat-agir-soda\/"]}]},{"@type":"BreadcrumbList","@id":"https:\/\/akerkimya.com\/eticaret\/urun\/sodyum-bikarbonat-agir-soda\/#breadcrumb","itemListElement":[{"@type":"ListItem","position":1,"name":"Home","item":"https:\/\/akerkimya.com\/eticaret\/"},{"@type":"ListItem","position":2,"name":"Market","item":"https:\/\/akerkimya.com\/eticaret\/market\/"},{"@type":"ListItem","position":3,"name":"SODYUM B\u0130KARBONAT"}]},{"@type":"WebSite","@id":"https:\/\/akerkimya.com\/eticaret\/#website","url":"https:\/\/akerkimya.com\/eticaret\/","name":"Akerkimya","description":"","potentialAction":[{"@type":"SearchAction","target":{"@type":"EntryPoint","urlTemplate":"https:\/\/akerkimya.com\/eticaret\/?s={search_term_string}"},"query-input":"required name=search_term_string"}],"inLanguage":"tr"}]}},"_links":{"self":[{"href":"https:\/\/akerkimya.com\/eticaret\/wp-json\/wp\/v2\/product\/17789","targetHints":{"allow":["GET"]}}],"collection":[{"href":"https:\/\/akerkimya.com\/eticaret\/wp-json\/wp\/v2\/product"}],"about":[{"href":"https:\/\/akerkimya.com\/eticaret\/wp-json\/wp\/v2\/types\/product"}],"replies":[{"embeddable":true,"href":"https:\/\/akerkimya.com\/eticaret\/wp-json\/wp\/v2\/comments?post=17789"}],"version-history":[{"count":3,"href":"https:\/\/akerkimya.com\/eticaret\/wp-json\/wp\/v2\/product\/17789\/revisions"}],"predecessor-version":[{"id":18199,"href":"https:\/\/akerkimya.com\/eticaret\/wp-json\/wp\/v2\/product\/17789\/revisions\/18199"}],"wp:featuredmedia":[{"embeddable":true,"href":"https:\/\/akerkimya.com\/eticaret\/wp-json\/wp\/v2\/media\/17790"}],"wp:attachment":[{"href":"https:\/\/akerkimya.com\/eticaret\/wp-json\/wp\/v2\/media?parent=17789"}],"wp:term":[{"taxonomy":"product_cat","embeddable":true,"href":"https:\/\/akerkimya.com\/eticaret\/wp-json\/wp\/v2\/product_cat?post=17789"},{"taxonomy":"product_tag","embeddable":true,"href":"https:\/\/akerkimya.com\/eticaret\/wp-json\/wp\/v2\/product_tag?post=17789"}],"curies":[{"name":"wp","href":"https:\/\/api.w.org\/{rel}","templated":true}]}}